{"id":101284,"date":"2024-09-06T09:45:17","date_gmt":"2024-09-06T09:45:17","guid":{"rendered":"https:\/\/aaknives.eu\/tagastamispoliitika\/"},"modified":"2025-09-26T07:38:30","modified_gmt":"2025-09-26T07:38:30","slug":"tagastamispoliitika","status":"publish","type":"page","link":"https:\/\/aaknives.eu\/et\/tagastamispoliitika\/","title":{"rendered":"Tagastamispoliitika"},"content":{"rendered":"\t\t<div data-elementor-type=\"wp-page\" data-elementor-id=\"101284\" class=\"elementor elementor-101284 elementor-68142\" data-elementor-post-type=\"page\">\n\t\t\t\t\t\t<section class=\"elementor-section elementor-top-section elementor-element elementor-element-fe71221 elementor-section-boxed elementor-section-height-default elementor-section-height-default\" data-id=\"fe71221\" data-element_type=\"section\" data-e-type=\"section\">\n\t\t\t\t\t\t<div class=\"elementor-container elementor-column-gap-default\">\n\t\t\t\t\t<div class=\"elementor-column elementor-col-100 elementor-top-column elementor-element elementor-element-a7e3d87\" data-id=\"a7e3d87\" data-element_type=\"column\" data-e-type=\"column\">\n\t\t\t<div class=\"elementor-widget-wrap elementor-element-populated\">\n\t\t\t\t\t\t<div class=\"elementor-element elementor-element-1f74b81 elementor-widget elementor-widget-text-editor\" data-id=\"1f74b81\" data-element_type=\"widget\" data-e-type=\"widget\" data-widget_type=\"text-editor.default\">\n\t\t\t\t<div class=\"elementor-widget-container\">\n\t\t\t\t\t\t\t\t\t<p><strong> <\/strong><strong>T\u00e4name, et ostsite meie veebipoest! <\/strong><\/p><p>Kui Te mingil p\u00f5hjusel oma ostuga t\u00e4ielikult rahul ei ole, palun tutvuge meie tagastamis- ja tagastamispoliitikaga. <br>Need tingimused kehtivad k\u00f5igi selle veebipoe kaudu ostetud toodete suhtes. <\/p><p>K\u00e4esolevad tagastamis- ja tagasimaksetingimused kehtivad j\u00e4rgmise ettev\u00f5tte suhtes<br>SIA \u201eGONE FISHING\u201c, aadress: Sergeja Eizen\u0161teina iela 57 &#8211; 88, Riia, LV-1079. K\u00e4esolevates tingimustes nimetatakse seda ettev\u00f5tet \u201eEttev\u00f5te\u201c, \u201eMeie\u201c, \u201aMeie\u2018, \u201eMeie\u201c).  <\/p><p><strong>Teie \u00f5igus tellimus t\u00fchistada <\/strong><\/p><ul><li>Teil on \u00f5igus tellimus 14 p\u00e4eva jooksul p\u00f5hjendust esitamata t\u00fchistada. <\/li><li>Tellimuse t\u00fchistamise t\u00e4htaeg on 14 p\u00e4eva alates kauba k\u00e4ttesaamise kuup\u00e4evast. <\/li><li>Taganemis\u00f5iguse kasutamiseks peate meile oma otsusest selges\u00f5naliselt teatama. Otsusest saate meile teatada e-posti teel: <a href=\"mailto:info@aaknives.eu\">info@aaknives.eu<\/a> v\u00f5i helistades numbrile: <a href=\"tel:+371%202%20440%2061%2060\">+371 24406160<\/a>. <\/li><\/ul><p>Tagastame teile raha hiljemalt 14 p\u00e4eva jooksul alates tagastatud kauba k\u00e4ttesaamisest. Kasutame sama makseviisi, mida te oma tellimuse eest kasutasite, ja teilt ei v\u00f5eta selle tagasimakse eest lisatasu.  <\/p><p><strong>Saadetise tingimused <\/strong><\/p><p> <\/p><p>Kauba tagastamiseks veenduge, et: <\/p><ul><li>Viimase 14 p\u00e4eva jooksul ostetud kaubad <\/li><li>Kaubad on kasutamata ja kahjustamata.<\/li><\/ul><p>Meil on \u00f5igus keelduda oma \u00e4ran\u00e4gemisel tagastamast kaupu, mis ei vasta eespool nimetatud tingimustele. <\/p><p><strong>Kauba tagastamine <\/strong><\/p><p>Teie kannate kauba tagastamisega seotud kulud. Kauba tuleb saata v\u00f5i toimetada j\u00e4rgmisele aadressile: Riia, \u0160mer\u013ca iela 3, (Kinostudijas hoone), 2. korrus, ruum 278.  <\/p><ul><li>Me ei vastuta kauba eest, mis on transpordi k\u00e4igus kahjustatud v\u00f5i kadunud.<\/li><li>Me ei saa tagasimakset teha enne, kui oleme kauba tegelikult k\u00e4tte saanud v\u00f5i saanud t\u00f5endi tagastamise kohta. <\/li><\/ul><p><strong> V\u00f5tke meiega \u00fchendust <\/strong><\/p><p>Kui teil on k\u00fcsimusi meie tagastamis- ja tagasimaksepoliitika kohta, v\u00f5tke meiega \u00fchendust: <\/p><p>E-post: <a href=\"mailto:info@aaknives.eu\">info@aaknives.eu<\/a><br>Telefon: <a href=\"tel:+371%202%20440%2061%2060\">+371 2 440 61 60<\/a><\/p>\t\t\t\t\t\t\t\t<\/div>\n\t\t\t\t<\/div>\n\t\t\t\t\t<\/div>\n\t\t<\/div>\n\t\t\t\t\t<\/div>\n\t\t<\/section>\n\t\t\t\t<\/div>\n\t\t","protected":false},"excerpt":{"rendered":"<p>T\u00e4name, et ostsite meie veebipoest! Kui Te mingil p\u00f5hjusel oma ostuga t\u00e4ielikult rahul ei ole, palun tutvuge meie tagastamis- ja tagastamispoliitikaga. Need tingimused kehtivad k\u00f5igi selle veebipoe kaudu ostetud toodete suhtes. K\u00e4esolevad tagastamis- ja tagasimaksetingimused kehtivad j\u00e4rgmise ettev\u00f5tte suhtesSIA \u201eGONE FISHING\u201c, aadress: Sergeja Eizen\u0161teina iela 57 &#8211; 88, Riia, LV-1079. K\u00e4esolevates tingimustes nimetatakse seda ettev\u00f5tet \u201eEttev\u00f5te\u201c, \u201eMeie\u201c, \u201aMeie\u2018, \u201eMeie\u201c). Teie \u00f5igus tellimus t\u00fchistada Teil on \u00f5igus tellimus 14 p\u00e4eva jooksul p\u00f5hjendust esitamata t\u00fchistada. Tellimuse t\u00fchistamise t\u00e4htaeg on 14 p\u00e4eva alates kauba k\u00e4ttesaamise kuup\u00e4evast. Taganemis\u00f5iguse kasutamiseks peate meile oma otsusest selges\u00f5naliselt teatama. Otsusest saate meile teatada e-posti teel: info@aaknives.eu v\u00f5i helistades&hellip;<\/p>\n","protected":false},"author":1,"featured_media":0,"parent":0,"menu_order":0,"comment_status":"closed","ping_status":"closed","template":"","meta":{"_themeisle_gutenberg_block_has_review":false,"footnotes":""},"class_list":["post-101284","page","type-page","status-publish","hentry"],"yoast_head":"<!-- This site is optimized with the Yoast SEO plugin v27.3 - https:\/\/yoast.com\/product\/yoast-seo-wordpress\/ -->\n<title>Tagastamispoliitika - AAKnives<\/title>\n<meta name=\"robots\" content=\"index, follow, max-snippet:-1, max-image-preview:large, max-video-preview:-1\" \/>\n<link rel=\"canonical\" href=\"https:\/\/aaknives.eu\/et\/tagastamispoliitika\/\" \/>\n<meta property=\"og:locale\" content=\"et_EE\" \/>\n<meta property=\"og:type\" content=\"article\" \/>\n<meta property=\"og:title\" content=\"Tagastamispoliitika - AAKnives\" \/>\n<meta property=\"og:description\" content=\"T\u00e4name, et ostsite meie veebipoest! Kui Te mingil p\u00f5hjusel oma ostuga t\u00e4ielikult rahul ei ole, palun tutvuge meie tagastamis- ja tagastamispoliitikaga. Need tingimused kehtivad k\u00f5igi selle veebipoe kaudu ostetud toodete suhtes. K\u00e4esolevad tagastamis- ja tagasimaksetingimused kehtivad j\u00e4rgmise ettev\u00f5tte suhtesSIA \u201eGONE FISHING\u201c, aadress: Sergeja Eizen\u0161teina iela 57 &#8211; 88, Riia, LV-1079. K\u00e4esolevates tingimustes nimetatakse seda ettev\u00f5tet \u201eEttev\u00f5te\u201c, \u201eMeie\u201c, \u201aMeie\u2018, \u201eMeie\u201c). Teie \u00f5igus tellimus t\u00fchistada Teil on \u00f5igus tellimus 14 p\u00e4eva jooksul p\u00f5hjendust esitamata t\u00fchistada. Tellimuse t\u00fchistamise t\u00e4htaeg on 14 p\u00e4eva alates kauba k\u00e4ttesaamise kuup\u00e4evast. Taganemis\u00f5iguse kasutamiseks peate meile oma otsusest selges\u00f5naliselt teatama. Otsusest saate meile teatada e-posti teel: info@aaknives.eu v\u00f5i helistades&hellip;\" \/>\n<meta property=\"og:url\" content=\"https:\/\/aaknives.eu\/et\/tagastamispoliitika\/\" \/>\n<meta property=\"og:site_name\" content=\"AAKnives\" \/>\n<meta property=\"article:publisher\" content=\"https:\/\/www.facebook.com\/aaknives.eu\/\" \/>\n<meta property=\"article:modified_time\" content=\"2025-09-26T07:38:30+00:00\" \/>\n<meta name=\"twitter:card\" content=\"summary_large_image\" \/>\n<meta name=\"twitter:label1\" content=\"Est. reading time\" \/>\n\t<meta name=\"twitter:data1\" content=\"1 minut\" \/>\n<script type=\"application\/ld+json\" class=\"yoast-schema-graph\">{\"@context\":\"https:\\\/\\\/schema.org\",\"@graph\":[{\"@type\":\"WebPage\",\"@id\":\"https:\\\/\\\/aaknives.eu\\\/et\\\/tagastamispoliitika\\\/\",\"url\":\"https:\\\/\\\/aaknives.eu\\\/et\\\/tagastamispoliitika\\\/\",\"name\":\"Tagastamispoliitika - AAKnives\",\"isPartOf\":{\"@id\":\"https:\\\/\\\/aaknives.eu\\\/et\\\/#website\"},\"datePublished\":\"2024-09-06T09:45:17+00:00\",\"dateModified\":\"2025-09-26T07:38:30+00:00\",\"breadcrumb\":{\"@id\":\"https:\\\/\\\/aaknives.eu\\\/et\\\/tagastamispoliitika\\\/#breadcrumb\"},\"inLanguage\":\"et\",\"potentialAction\":[{\"@type\":\"ReadAction\",\"target\":[\"https:\\\/\\\/aaknives.eu\\\/et\\\/tagastamispoliitika\\\/\"]}]},{\"@type\":\"BreadcrumbList\",\"@id\":\"https:\\\/\\\/aaknives.eu\\\/et\\\/tagastamispoliitika\\\/#breadcrumb\",\"itemListElement\":[{\"@type\":\"ListItem\",\"position\":1,\"name\":\"Home\",\"item\":\"https:\\\/\\\/aaknives.eu\\\/et\\\/kodu\\\/\"},{\"@type\":\"ListItem\",\"position\":2,\"name\":\"Tagastamispoliitika\"}]},{\"@type\":\"WebSite\",\"@id\":\"https:\\\/\\\/aaknives.eu\\\/et\\\/#website\",\"url\":\"https:\\\/\\\/aaknives.eu\\\/et\\\/\",\"name\":\"AAKnives\",\"description\":\"Handmade knives\",\"publisher\":{\"@id\":\"https:\\\/\\\/aaknives.eu\\\/et\\\/#organization\"},\"potentialAction\":[{\"@type\":\"SearchAction\",\"target\":{\"@type\":\"EntryPoint\",\"urlTemplate\":\"https:\\\/\\\/aaknives.eu\\\/et\\\/?s={search_term_string}\"},\"query-input\":{\"@type\":\"PropertyValueSpecification\",\"valueRequired\":true,\"valueName\":\"search_term_string\"}}],\"inLanguage\":\"et\"},{\"@type\":\"Organization\",\"@id\":\"https:\\\/\\\/aaknives.eu\\\/et\\\/#organization\",\"name\":\"AAKnives\",\"url\":\"https:\\\/\\\/aaknives.eu\\\/et\\\/\",\"logo\":{\"@type\":\"ImageObject\",\"inLanguage\":\"et\",\"@id\":\"https:\\\/\\\/aaknives.eu\\\/et\\\/#\\\/schema\\\/logo\\\/image\\\/\",\"url\":\"https:\\\/\\\/aaknives.eu\\\/wp-content\\\/uploads\\\/2021\\\/10\\\/AAknives_Logo_Green.png\",\"contentUrl\":\"https:\\\/\\\/aaknives.eu\\\/wp-content\\\/uploads\\\/2021\\\/10\\\/AAknives_Logo_Green.png\",\"width\":1768,\"height\":1768,\"caption\":\"AAKnives\"},\"image\":{\"@id\":\"https:\\\/\\\/aaknives.eu\\\/et\\\/#\\\/schema\\\/logo\\\/image\\\/\"},\"sameAs\":[\"https:\\\/\\\/www.facebook.com\\\/aaknives.eu\\\/\",\"https:\\\/\\\/www.instagram.com\\\/aaknives\\\/\",\"https:\\\/\\\/www.pinterest.com\\\/aa_knives\\\/\",\"https:\\\/\\\/www.youtube.com\\\/channel\\\/UCHOQFjrOkgT6s4FIw9LDKyw\\\/featured\"]}]}<\/script>\n<!-- \/ Yoast SEO plugin. -->","yoast_head_json":{"title":"Tagastamispoliitika - AAKnives","robots":{"index":"index","follow":"follow","max-snippet":"max-snippet:-1","max-image-preview":"max-image-preview:large","max-video-preview":"max-video-preview:-1"},"canonical":"https:\/\/aaknives.eu\/et\/tagastamispoliitika\/","og_locale":"et_EE","og_type":"article","og_title":"Tagastamispoliitika - AAKnives","og_description":"T\u00e4name, et ostsite meie veebipoest! Kui Te mingil p\u00f5hjusel oma ostuga t\u00e4ielikult rahul ei ole, palun tutvuge meie tagastamis- ja tagastamispoliitikaga. Need tingimused kehtivad k\u00f5igi selle veebipoe kaudu ostetud toodete suhtes. K\u00e4esolevad tagastamis- ja tagasimaksetingimused kehtivad j\u00e4rgmise ettev\u00f5tte suhtesSIA \u201eGONE FISHING\u201c, aadress: Sergeja Eizen\u0161teina iela 57 &#8211; 88, Riia, LV-1079. K\u00e4esolevates tingimustes nimetatakse seda ettev\u00f5tet \u201eEttev\u00f5te\u201c, \u201eMeie\u201c, \u201aMeie\u2018, \u201eMeie\u201c). Teie \u00f5igus tellimus t\u00fchistada Teil on \u00f5igus tellimus 14 p\u00e4eva jooksul p\u00f5hjendust esitamata t\u00fchistada. Tellimuse t\u00fchistamise t\u00e4htaeg on 14 p\u00e4eva alates kauba k\u00e4ttesaamise kuup\u00e4evast. Taganemis\u00f5iguse kasutamiseks peate meile oma otsusest selges\u00f5naliselt teatama. Otsusest saate meile teatada e-posti teel: info@aaknives.eu v\u00f5i helistades&hellip;","og_url":"https:\/\/aaknives.eu\/et\/tagastamispoliitika\/","og_site_name":"AAKnives","article_publisher":"https:\/\/www.facebook.com\/aaknives.eu\/","article_modified_time":"2025-09-26T07:38:30+00:00","twitter_card":"summary_large_image","twitter_misc":{"Est. reading time":"1 minut"},"schema":{"@context":"https:\/\/schema.org","@graph":[{"@type":"WebPage","@id":"https:\/\/aaknives.eu\/et\/tagastamispoliitika\/","url":"https:\/\/aaknives.eu\/et\/tagastamispoliitika\/","name":"Tagastamispoliitika - AAKnives","isPartOf":{"@id":"https:\/\/aaknives.eu\/et\/#website"},"datePublished":"2024-09-06T09:45:17+00:00","dateModified":"2025-09-26T07:38:30+00:00","breadcrumb":{"@id":"https:\/\/aaknives.eu\/et\/tagastamispoliitika\/#breadcrumb"},"inLanguage":"et","potentialAction":[{"@type":"ReadAction","target":["https:\/\/aaknives.eu\/et\/tagastamispoliitika\/"]}]},{"@type":"BreadcrumbList","@id":"https:\/\/aaknives.eu\/et\/tagastamispoliitika\/#breadcrumb","itemListElement":[{"@type":"ListItem","position":1,"name":"Home","item":"https:\/\/aaknives.eu\/et\/kodu\/"},{"@type":"ListItem","position":2,"name":"Tagastamispoliitika"}]},{"@type":"WebSite","@id":"https:\/\/aaknives.eu\/et\/#website","url":"https:\/\/aaknives.eu\/et\/","name":"AAKnives","description":"Handmade knives","publisher":{"@id":"https:\/\/aaknives.eu\/et\/#organization"},"potentialAction":[{"@type":"SearchAction","target":{"@type":"EntryPoint","urlTemplate":"https:\/\/aaknives.eu\/et\/?s={search_term_string}"},"query-input":{"@type":"PropertyValueSpecification","valueRequired":true,"valueName":"search_term_string"}}],"inLanguage":"et"},{"@type":"Organization","@id":"https:\/\/aaknives.eu\/et\/#organization","name":"AAKnives","url":"https:\/\/aaknives.eu\/et\/","logo":{"@type":"ImageObject","inLanguage":"et","@id":"https:\/\/aaknives.eu\/et\/#\/schema\/logo\/image\/","url":"https:\/\/aaknives.eu\/wp-content\/uploads\/2021\/10\/AAknives_Logo_Green.png","contentUrl":"https:\/\/aaknives.eu\/wp-content\/uploads\/2021\/10\/AAknives_Logo_Green.png","width":1768,"height":1768,"caption":"AAKnives"},"image":{"@id":"https:\/\/aaknives.eu\/et\/#\/schema\/logo\/image\/"},"sameAs":["https:\/\/www.facebook.com\/aaknives.eu\/","https:\/\/www.instagram.com\/aaknives\/","https:\/\/www.pinterest.com\/aa_knives\/","https:\/\/www.youtube.com\/channel\/UCHOQFjrOkgT6s4FIw9LDKyw\/featured"]}]}},"_links":{"self":[{"href":"https:\/\/aaknives.eu\/et\/wp-json\/wp\/v2\/pages\/101284","targetHints":{"allow":["GET"]}}],"collection":[{"href":"https:\/\/aaknives.eu\/et\/wp-json\/wp\/v2\/pages"}],"about":[{"href":"https:\/\/aaknives.eu\/et\/wp-json\/wp\/v2\/types\/page"}],"author":[{"embeddable":true,"href":"https:\/\/aaknives.eu\/et\/wp-json\/wp\/v2\/users\/1"}],"replies":[{"embeddable":true,"href":"https:\/\/aaknives.eu\/et\/wp-json\/wp\/v2\/comments?post=101284"}],"version-history":[{"count":1,"href":"https:\/\/aaknives.eu\/et\/wp-json\/wp\/v2\/pages\/101284\/revisions"}],"predecessor-version":[{"id":101285,"href":"https:\/\/aaknives.eu\/et\/wp-json\/wp\/v2\/pages\/101284\/revisions\/101285"}],"wp:attachment":[{"href":"https:\/\/aaknives.eu\/et\/wp-json\/wp\/v2\/media?parent=101284"}],"curies":[{"name":"wp","href":"https:\/\/api.w.org\/{rel}","templated":true}]}}