{"id":45205,"date":"2021-10-04T21:05:37","date_gmt":"2021-10-04T21:05:37","guid":{"rendered":"https:\/\/aaknives.eu\/tingimused\/"},"modified":"2025-09-25T15:09:13","modified_gmt":"2025-09-25T15:09:13","slug":"tingimused","status":"publish","type":"page","link":"https:\/\/aaknives.eu\/et\/tingimused\/","title":{"rendered":"Tingimused"},"content":{"rendered":"\t\t<div data-elementor-type=\"wp-page\" data-elementor-id=\"45205\" class=\"elementor elementor-45205 elementor-14\" data-elementor-post-type=\"page\">\n\t\t\t\t\t\t<section class=\"elementor-section elementor-top-section elementor-element elementor-element-10861ee elementor-section-boxed elementor-section-height-default elementor-section-height-default\" data-id=\"10861ee\" data-element_type=\"section\" data-e-type=\"section\">\n\t\t\t\t\t\t<div class=\"elementor-container elementor-column-gap-default\">\n\t\t\t\t\t<div class=\"elementor-column elementor-col-100 elementor-top-column elementor-element elementor-element-e920c78\" data-id=\"e920c78\" data-element_type=\"column\" data-e-type=\"column\">\n\t\t\t<div class=\"elementor-widget-wrap elementor-element-populated\">\n\t\t\t\t\t\t<div class=\"elementor-element elementor-element-39d0a98 elementor-widget elementor-widget-text-editor\" data-id=\"39d0a98\" data-element_type=\"widget\" data-e-type=\"widget\" data-widget_type=\"text-editor.default\">\n\t\t\t\t<div class=\"elementor-widget-container\">\n\t\t\t\t\t\t\t\t\t<p><strong>\u00dcldtingimused<\/strong><br>Need tingimused on m\u00f5lemale poolele siduvad, mis reguleerivad ostja ja m\u00fc\u00fcja \u00f5igusi ja kohustusi, kauba ostu- ja maksetingimusi, kauba kohaletoimetamist ja tagastamist, poolte kohustusi ning muid ostu, teenuste osutamise ja teenuste osutamisega seotud s\u00e4tteid. m\u00fc\u00fck tehtud SIA &#8220;Gone Fishing&#8221; (edaspidi &#8211; M\u00fc\u00fcja) poolt.<\/p><p>Ostja n\u00f5ustub k\u00e4esolevate tingimustega, kinnitades seda e-poes tellimuse vormistamisel v\u00f5i helistades infobroneerimistelefonile.<br>M\u00fc\u00fcjal on \u00f5igus tingimusi muuta, arvestades seadusest tulenevaid n\u00f5udeid. Ostjat teavitatakse sellest veebipoe kaudu v\u00f5i e-posti teel.<\/p><ol><li><strong>Ostmine\/M\u00fc\u00fck<\/strong><ul><li>Ostu-m\u00fc\u00fcgileping s\u00f5lmitakse, kui klient:<\/li><li>Kinnitab ostu e-poes v\u00f5i teenust taotledes infotelefoni kaudu (millest teavitatakse Klienti e-posti teel);<\/li><li>Kinnitage oma tellimus telefoni teel, n\u00e4idates \u00e4ra tarneaadressi, ees- ja perekonnanime ning allkirjastage k\u00e4ttesaamise hetkel kulleri dokument (saateleht terminalis elektrooniliselt allkirjastades v\u00f5i muul viisil \u2013 olenevalt kulleri n\u00f5udmistest);<\/li><li>Saadab k\u00f5ik vajalikud dokumendid M\u00fc\u00fcja poolt antud liisinguvormi t\u00e4itmiseks.<\/li><\/ul><\/li><li><strong>Ostja \u00f5igused ja kohustused:<\/strong><ul><li>Ostja peab kauba eest tasuma vastavalt maksetingimustele.<\/li><li>Ostja kohustub t\u00e4itma k\u00e4esolevaid tingimusi, mis on kirjeldatud veebipoes ja Euroopa Liidu \u00f5igusaktides.<\/li><li>Kui ostja ei t\u00e4ida oma kohustusi, on M\u00fc\u00fcjal \u00f5igus viivitamata ja ilma eelneva hoiatuseta piirata v\u00f5i l\u00f5petada koost\u00f6\u00f6d Ostjaga.<\/li><\/ul><\/li><li><strong>M\u00fc\u00fcja \u00f5igused ja kohustused:<\/strong><ul><li>M\u00fc\u00fcjal on \u00f5igus t\u00fchistada Ostja tellimus, kui M\u00fc\u00fcjal ei \u00f5nnestu Ostjaga 3 (kolme) t\u00f6\u00f6p\u00e4eva jooksul Ostja poolt n\u00e4idatud kontaktidel \u00fchendust v\u00f5tta.<\/li><li>M\u00fc\u00fcja kohustub austama Ostja \u00f5igust andmete privaatsusele, mis on seotud Euroopa Liidu \u00f5igusaktide ja SIA &#8220;Gone Fishing&#8221; &#8220;privaatsuspoliitika&#8221; s\u00e4tetega.<\/li><\/ul><\/li><li><strong>Kui M\u00fc\u00fcjal ei ole v\u00f5imalik Ostja tellimust t\u00e4ita<\/strong> (toode tarnida \u00f5igeaegselt ja\/v\u00f5i tarnida toode, mille Ostja on tellinud), siis on Ostjal \u00f5igus antud tellimus tagastada\/keelduda ning M\u00fc\u00fcja peab ostjale raha tagastama 3 (kolme) t\u00f6\u00f6p\u00e4eva jooksul, kui Ostja on M\u00fc\u00fcjaga juba arveldanud. Erandiks on juhul, kui Ostja ja M\u00fc\u00fcja on omavahel kokku leppinud erineva tarneaja v\u00f5i toote vahetamise teise vastu. <\/li><li><strong>Toote tagastamine:<\/strong><ul><li>Kliendil on \u00f5igus toode tagastada 14 (neljateistk\u00fcmne) p\u00e4eva jooksul, arvestades allj\u00e4rgnevaid tingimusi:<\/li><li>M\u00fc\u00fcja teavitamine sellest otsusest, esitades M\u00fc\u00fcjale kirjaliku esildise;<\/li><li>Toote toimetades SIA &#8220;Gone Fishing&#8221; kontorisse &#8211; Biks\u0113res t\u00e4nav 2, ruum 19, Riia;<\/li><li>Tarnides originaalpakendis, samas seisukorras nagu see osteti.<\/li><\/ul><\/li><li><strong>M\u00fc\u00fcja kohustuste hulka kuuluvad,<\/strong> tagastama Ostjale kauba summa 100% ulatuses, kandes selle 30 (kolmek\u00fcmne) p\u00e4eva jooksul Ostja poolt m\u00e4rgitud pangakontole (kauba tagastamise avalduses), millest arvatakse maha kohaletoimetamise kulud. kaubast, kui see on olemas. M\u00fc\u00fcjal on \u00f5igus keelduda kauba tagastamisest, kui kaup on kahjustatud ja\/v\u00f5i v\u00e4\u00e4rkasutatud. <\/li><\/ol>\t\t\t\t\t\t\t\t<\/div>\n\t\t\t\t<\/div>\n\t\t\t\t\t<\/div>\n\t\t<\/div>\n\t\t\t\t\t<\/div>\n\t\t<\/section>\n\t\t\t\t<\/div>\n\t\t","protected":false},"excerpt":{"rendered":"<p>\u00dcldtingimusedNeed tingimused on m\u00f5lemale poolele siduvad, mis reguleerivad ostja ja m\u00fc\u00fcja \u00f5igusi ja kohustusi, kauba ostu- ja maksetingimusi, kauba kohaletoimetamist ja tagastamist, poolte kohustusi ning muid ostu, teenuste osutamise ja teenuste osutamisega seotud s\u00e4tteid. m\u00fc\u00fck tehtud SIA &#8220;Gone Fishing&#8221; (edaspidi &#8211; M\u00fc\u00fcja) poolt. Ostja n\u00f5ustub k\u00e4esolevate tingimustega, kinnitades seda e-poes tellimuse vormistamisel v\u00f5i helistades infobroneerimistelefonile.M\u00fc\u00fcjal on \u00f5igus tingimusi muuta, arvestades seadusest tulenevaid n\u00f5udeid. Ostjat teavitatakse sellest veebipoe kaudu v\u00f5i e-posti teel. Ostmine\/M\u00fc\u00fck Ostu-m\u00fc\u00fcgileping s\u00f5lmitakse, kui klient: Kinnitab ostu e-poes v\u00f5i teenust taotledes infotelefoni kaudu (millest teavitatakse Klienti e-posti teel); Kinnitage oma tellimus telefoni teel, n\u00e4idates \u00e4ra tarneaadressi, ees- ja perekonnanime&hellip;<\/p>\n","protected":false},"author":1,"featured_media":0,"parent":0,"menu_order":0,"comment_status":"closed","ping_status":"closed","template":"","meta":{"_themeisle_gutenberg_block_has_review":false,"footnotes":""},"class_list":["post-45205","page","type-page","status-publish","hentry"],"yoast_head":"<!-- This site is optimized with the Yoast SEO plugin v27.5 - https:\/\/yoast.com\/product\/yoast-seo-wordpress\/ -->\n<title>Tingimused - AAKnives<\/title>\n<meta name=\"robots\" content=\"index, follow, max-snippet:-1, max-image-preview:large, max-video-preview:-1\" \/>\n<link rel=\"canonical\" href=\"https:\/\/aaknives.eu\/et\/tingimused\/\" \/>\n<meta property=\"og:locale\" content=\"et_EE\" \/>\n<meta property=\"og:type\" content=\"article\" \/>\n<meta property=\"og:title\" content=\"Tingimused - AAKnives\" \/>\n<meta property=\"og:description\" content=\"\u00dcldtingimusedNeed tingimused on m\u00f5lemale poolele siduvad, mis reguleerivad ostja ja m\u00fc\u00fcja \u00f5igusi ja kohustusi, kauba ostu- ja maksetingimusi, kauba kohaletoimetamist ja tagastamist, poolte kohustusi ning muid ostu, teenuste osutamise ja teenuste osutamisega seotud s\u00e4tteid. m\u00fc\u00fck tehtud SIA &#8220;Gone Fishing&#8221; (edaspidi &#8211; M\u00fc\u00fcja) poolt. Ostja n\u00f5ustub k\u00e4esolevate tingimustega, kinnitades seda e-poes tellimuse vormistamisel v\u00f5i helistades infobroneerimistelefonile.M\u00fc\u00fcjal on \u00f5igus tingimusi muuta, arvestades seadusest tulenevaid n\u00f5udeid. Ostjat teavitatakse sellest veebipoe kaudu v\u00f5i e-posti teel. Ostmine\/M\u00fc\u00fck Ostu-m\u00fc\u00fcgileping s\u00f5lmitakse, kui klient: Kinnitab ostu e-poes v\u00f5i teenust taotledes infotelefoni kaudu (millest teavitatakse Klienti e-posti teel); Kinnitage oma tellimus telefoni teel, n\u00e4idates \u00e4ra tarneaadressi, ees- ja perekonnanime&hellip;\" \/>\n<meta property=\"og:url\" content=\"https:\/\/aaknives.eu\/et\/tingimused\/\" \/>\n<meta property=\"og:site_name\" content=\"AAKnives\" \/>\n<meta property=\"article:publisher\" content=\"https:\/\/www.facebook.com\/aaknives.eu\/\" \/>\n<meta property=\"article:modified_time\" content=\"2025-09-25T15:09:13+00:00\" \/>\n<meta name=\"twitter:card\" content=\"summary_large_image\" \/>\n<meta name=\"twitter:label1\" content=\"Est. reading time\" \/>\n\t<meta name=\"twitter:data1\" content=\"2 minutit\" \/>\n<script type=\"application\/ld+json\" class=\"yoast-schema-graph\">{\"@context\":\"https:\\\/\\\/schema.org\",\"@graph\":[{\"@type\":\"WebPage\",\"@id\":\"https:\\\/\\\/aaknives.eu\\\/et\\\/tingimused\\\/\",\"url\":\"https:\\\/\\\/aaknives.eu\\\/et\\\/tingimused\\\/\",\"name\":\"Tingimused - AAKnives\",\"isPartOf\":{\"@id\":\"https:\\\/\\\/aaknives.eu\\\/et\\\/#website\"},\"datePublished\":\"2021-10-04T21:05:37+00:00\",\"dateModified\":\"2025-09-25T15:09:13+00:00\",\"breadcrumb\":{\"@id\":\"https:\\\/\\\/aaknives.eu\\\/et\\\/tingimused\\\/#breadcrumb\"},\"inLanguage\":\"et\",\"potentialAction\":[{\"@type\":\"ReadAction\",\"target\":[\"https:\\\/\\\/aaknives.eu\\\/et\\\/tingimused\\\/\"]}]},{\"@type\":\"BreadcrumbList\",\"@id\":\"https:\\\/\\\/aaknives.eu\\\/et\\\/tingimused\\\/#breadcrumb\",\"itemListElement\":[{\"@type\":\"ListItem\",\"position\":1,\"name\":\"Home\",\"item\":\"https:\\\/\\\/aaknives.eu\\\/et\\\/kodu\\\/\"},{\"@type\":\"ListItem\",\"position\":2,\"name\":\"Tingimused\"}]},{\"@type\":\"WebSite\",\"@id\":\"https:\\\/\\\/aaknives.eu\\\/et\\\/#website\",\"url\":\"https:\\\/\\\/aaknives.eu\\\/et\\\/\",\"name\":\"AAKnives\",\"description\":\"Handmade knives\",\"publisher\":{\"@id\":\"https:\\\/\\\/aaknives.eu\\\/et\\\/#organization\"},\"potentialAction\":[{\"@type\":\"SearchAction\",\"target\":{\"@type\":\"EntryPoint\",\"urlTemplate\":\"https:\\\/\\\/aaknives.eu\\\/et\\\/?s={search_term_string}\"},\"query-input\":{\"@type\":\"PropertyValueSpecification\",\"valueRequired\":true,\"valueName\":\"search_term_string\"}}],\"inLanguage\":\"et\"},{\"@type\":\"Organization\",\"@id\":\"https:\\\/\\\/aaknives.eu\\\/et\\\/#organization\",\"name\":\"AAKnives\",\"url\":\"https:\\\/\\\/aaknives.eu\\\/et\\\/\",\"logo\":{\"@type\":\"ImageObject\",\"inLanguage\":\"et\",\"@id\":\"https:\\\/\\\/aaknives.eu\\\/et\\\/#\\\/schema\\\/logo\\\/image\\\/\",\"url\":\"https:\\\/\\\/aaknives.eu\\\/wp-content\\\/uploads\\\/2021\\\/10\\\/AAknives_Logo_Green.png\",\"contentUrl\":\"https:\\\/\\\/aaknives.eu\\\/wp-content\\\/uploads\\\/2021\\\/10\\\/AAknives_Logo_Green.png\",\"width\":1768,\"height\":1768,\"caption\":\"AAKnives\"},\"image\":{\"@id\":\"https:\\\/\\\/aaknives.eu\\\/et\\\/#\\\/schema\\\/logo\\\/image\\\/\"},\"sameAs\":[\"https:\\\/\\\/www.facebook.com\\\/aaknives.eu\\\/\",\"https:\\\/\\\/www.instagram.com\\\/aaknives\\\/\",\"https:\\\/\\\/www.pinterest.com\\\/aa_knives\\\/\",\"https:\\\/\\\/www.youtube.com\\\/channel\\\/UCHOQFjrOkgT6s4FIw9LDKyw\\\/featured\"]}]}<\/script>\n<!-- \/ Yoast SEO plugin. -->","yoast_head_json":{"title":"Tingimused - AAKnives","robots":{"index":"index","follow":"follow","max-snippet":"max-snippet:-1","max-image-preview":"max-image-preview:large","max-video-preview":"max-video-preview:-1"},"canonical":"https:\/\/aaknives.eu\/et\/tingimused\/","og_locale":"et_EE","og_type":"article","og_title":"Tingimused - AAKnives","og_description":"\u00dcldtingimusedNeed tingimused on m\u00f5lemale poolele siduvad, mis reguleerivad ostja ja m\u00fc\u00fcja \u00f5igusi ja kohustusi, kauba ostu- ja maksetingimusi, kauba kohaletoimetamist ja tagastamist, poolte kohustusi ning muid ostu, teenuste osutamise ja teenuste osutamisega seotud s\u00e4tteid. m\u00fc\u00fck tehtud SIA &#8220;Gone Fishing&#8221; (edaspidi &#8211; M\u00fc\u00fcja) poolt. Ostja n\u00f5ustub k\u00e4esolevate tingimustega, kinnitades seda e-poes tellimuse vormistamisel v\u00f5i helistades infobroneerimistelefonile.M\u00fc\u00fcjal on \u00f5igus tingimusi muuta, arvestades seadusest tulenevaid n\u00f5udeid. Ostjat teavitatakse sellest veebipoe kaudu v\u00f5i e-posti teel. Ostmine\/M\u00fc\u00fck Ostu-m\u00fc\u00fcgileping s\u00f5lmitakse, kui klient: Kinnitab ostu e-poes v\u00f5i teenust taotledes infotelefoni kaudu (millest teavitatakse Klienti e-posti teel); Kinnitage oma tellimus telefoni teel, n\u00e4idates \u00e4ra tarneaadressi, ees- ja perekonnanime&hellip;","og_url":"https:\/\/aaknives.eu\/et\/tingimused\/","og_site_name":"AAKnives","article_publisher":"https:\/\/www.facebook.com\/aaknives.eu\/","article_modified_time":"2025-09-25T15:09:13+00:00","twitter_card":"summary_large_image","twitter_misc":{"Est. reading time":"2 minutit"},"schema":{"@context":"https:\/\/schema.org","@graph":[{"@type":"WebPage","@id":"https:\/\/aaknives.eu\/et\/tingimused\/","url":"https:\/\/aaknives.eu\/et\/tingimused\/","name":"Tingimused - AAKnives","isPartOf":{"@id":"https:\/\/aaknives.eu\/et\/#website"},"datePublished":"2021-10-04T21:05:37+00:00","dateModified":"2025-09-25T15:09:13+00:00","breadcrumb":{"@id":"https:\/\/aaknives.eu\/et\/tingimused\/#breadcrumb"},"inLanguage":"et","potentialAction":[{"@type":"ReadAction","target":["https:\/\/aaknives.eu\/et\/tingimused\/"]}]},{"@type":"BreadcrumbList","@id":"https:\/\/aaknives.eu\/et\/tingimused\/#breadcrumb","itemListElement":[{"@type":"ListItem","position":1,"name":"Home","item":"https:\/\/aaknives.eu\/et\/kodu\/"},{"@type":"ListItem","position":2,"name":"Tingimused"}]},{"@type":"WebSite","@id":"https:\/\/aaknives.eu\/et\/#website","url":"https:\/\/aaknives.eu\/et\/","name":"AAKnives","description":"Handmade knives","publisher":{"@id":"https:\/\/aaknives.eu\/et\/#organization"},"potentialAction":[{"@type":"SearchAction","target":{"@type":"EntryPoint","urlTemplate":"https:\/\/aaknives.eu\/et\/?s={search_term_string}"},"query-input":{"@type":"PropertyValueSpecification","valueRequired":true,"valueName":"search_term_string"}}],"inLanguage":"et"},{"@type":"Organization","@id":"https:\/\/aaknives.eu\/et\/#organization","name":"AAKnives","url":"https:\/\/aaknives.eu\/et\/","logo":{"@type":"ImageObject","inLanguage":"et","@id":"https:\/\/aaknives.eu\/et\/#\/schema\/logo\/image\/","url":"https:\/\/aaknives.eu\/wp-content\/uploads\/2021\/10\/AAknives_Logo_Green.png","contentUrl":"https:\/\/aaknives.eu\/wp-content\/uploads\/2021\/10\/AAknives_Logo_Green.png","width":1768,"height":1768,"caption":"AAKnives"},"image":{"@id":"https:\/\/aaknives.eu\/et\/#\/schema\/logo\/image\/"},"sameAs":["https:\/\/www.facebook.com\/aaknives.eu\/","https:\/\/www.instagram.com\/aaknives\/","https:\/\/www.pinterest.com\/aa_knives\/","https:\/\/www.youtube.com\/channel\/UCHOQFjrOkgT6s4FIw9LDKyw\/featured"]}]}},"_links":{"self":[{"href":"https:\/\/aaknives.eu\/et\/wp-json\/wp\/v2\/pages\/45205","targetHints":{"allow":["GET"]}}],"collection":[{"href":"https:\/\/aaknives.eu\/et\/wp-json\/wp\/v2\/pages"}],"about":[{"href":"https:\/\/aaknives.eu\/et\/wp-json\/wp\/v2\/types\/page"}],"author":[{"embeddable":true,"href":"https:\/\/aaknives.eu\/et\/wp-json\/wp\/v2\/users\/1"}],"replies":[{"embeddable":true,"href":"https:\/\/aaknives.eu\/et\/wp-json\/wp\/v2\/comments?post=45205"}],"version-history":[{"count":3,"href":"https:\/\/aaknives.eu\/et\/wp-json\/wp\/v2\/pages\/45205\/revisions"}],"predecessor-version":[{"id":101283,"href":"https:\/\/aaknives.eu\/et\/wp-json\/wp\/v2\/pages\/45205\/revisions\/101283"}],"wp:attachment":[{"href":"https:\/\/aaknives.eu\/et\/wp-json\/wp\/v2\/media?parent=45205"}],"curies":[{"name":"wp","href":"https:\/\/api.w.org\/{rel}","templated":true}]}}