{"id":45239,"date":"2018-08-22T08:50:17","date_gmt":"2018-08-22T08:50:17","guid":{"rendered":"https:\/\/aaknives.eu\/privaatsuspoliitika\/"},"modified":"2024-01-17T17:21:15","modified_gmt":"2024-01-17T17:21:15","slug":"privaatsuspoliitika","status":"publish","type":"page","link":"https:\/\/aaknives.eu\/et\/privaatsuspoliitika\/","title":{"rendered":"Privaatsuspoliitika"},"content":{"rendered":"\t\t<div data-elementor-type=\"wp-page\" data-elementor-id=\"45239\" class=\"elementor elementor-45239 elementor-3392\" data-elementor-post-type=\"page\">\n\t\t\t\t\t\t<section class=\"elementor-section elementor-top-section elementor-element elementor-element-a773519 elementor-section-boxed elementor-section-height-default elementor-section-height-default\" data-id=\"a773519\" data-element_type=\"section\" data-e-type=\"section\">\n\t\t\t\t\t\t<div class=\"elementor-container elementor-column-gap-default\">\n\t\t\t\t\t<div class=\"elementor-column elementor-col-100 elementor-top-column elementor-element elementor-element-b720120\" data-id=\"b720120\" data-element_type=\"column\" data-e-type=\"column\">\n\t\t\t<div class=\"elementor-widget-wrap elementor-element-populated\">\n\t\t\t\t\t\t<div class=\"elementor-element elementor-element-1b07d01 elementor-widget elementor-widget-text-editor\" data-id=\"1b07d01\" data-element_type=\"widget\" data-e-type=\"widget\" data-widget_type=\"text-editor.default\">\n\t\t\t\t<div class=\"elementor-widget-container\">\n\t\t\t\t\t\t\t\t\t<p><strong>Andmet\u00f6\u00f6tluse ulatus<\/strong><\/p>\n<p>Sia &#8220;Gone Fishing&#8221; kohustub koguma ja s\u00e4ilitama ainult selliseid isikuandmeid, mis on vajalikud Sia &#8220;Gone Fishing&#8221; \u00e4ritegevuseks. Samuti kohustub Sia &#8220;Gone Fishing&#8221; tegema k\u00f5ik m\u00f5istlikud j\u00f5upingutused t\u00f6\u00f6deldavate isikuandmete \u00f5igsuse ja t\u00e4ielikkuse tagamiseks, juhendades kliente v\u00f5imalikult t\u00e4pselt, kuidas oma andmeid \u00f5igesti ja t\u00e4ielikult sisestada.<\/p>\n<p>Gone Fishing LLC t\u00f6\u00f6tleb isikuandmeid nende konfidentsiaalsuse tagamiseks ning kasutab volitamata juurdep\u00e4\u00e4su v\u00e4ltimiseks k\u00f5iki asjakohaseid vahendeid ja t\u00f6\u00f6riistu. Sia &#8220;Gone Fishing&#8221; kogub ja t\u00f6\u00f6tleb isikuandmeid ainult Sia &#8220;Gone Fishing&#8221; kohustuste t\u00e4itmise eesm\u00e4rgil vastavalt normatiivaktide n\u00f5uetele.<\/p>\n<p>Isikuandmeid ei edastata \u00fchelegi kolmandale isikule, v\u00e4lja arvatud juhul, kui andmesubjekt on sellega n\u00f5ustunud, see on vajalik Gone Fishing Sia ja andmesubjekti vaheliste lepinguliste kohustuste t\u00e4itmiseks v\u00f5i on muul viisil lubatud v\u00f5i n\u00f5utav vastavalt kehtivate seaduste ja m\u00e4\u00e4rustega.<\/p>\n<p><strong>Andmete turvalisus ja kasutamine<\/strong><\/p>\n<p>Kui klient on otsustanud Veebilehel registreeruda, palutakse kliendil esitada andmed oma nime, aadressi, e-posti aadressi ja muude andmete kohta. O\u00dc-l &#8220;Gone Fishing&#8221; on \u00f5igus kasutada antud teavet Veebilehe isikup\u00e4rastamiseks ja t\u00f6\u00f6 parandamiseks. See v\u00f5ib olla n\u00e4iteks, kuid mitte ainult, sooduspakkumiste kujul, mis koostatakse vastavalt kliendi varasematele ostudele ja edastatakse kliendile veebis v\u00f5i e-posti teel vastava kliendi n\u00f5usolekul v\u00f5i vastavalt normatiivaktide n\u00f5uetele. .<\/p>\n<p>LLC &#8220;Gone Fishing&#8221; t\u00f6\u00f6tleb isikuandmeid nende konfidentsiaalsuse tagamiseks ning rakendab sisemisi protseduure ja kontrollimeetmeid, et v\u00e4ltida isikuandmete volitamata kasutamist, juurdep\u00e4\u00e4su, avaldamist, kopeerimist, muutmist v\u00f5i h\u00e4vitamist, samuti kasutab k\u00f5iki m\u00f5istlikke vahendeid, et tagada isikuandmete volitamata kasutamine, juurdep\u00e4\u00e4s, avalikustamine, kopeerimine, muutmine v\u00f5i h\u00e4vitamine. isikuandmete turvalisuse, terviklikkuse ja privaatsuse kaitse.<\/p>\n<p>LLC &#8220;Gone Fishing&#8221; t\u00f6\u00f6tleb Isikuandmeid ainult heas usus ja koosk\u00f5las seadusega ning ei kasuta Isikuandmeid eesm\u00e4rkidel, mis ei vasta eesm\u00e4rkidele, milleks &#8220;Gone Fishing&#8221; LLC isikuandmed sai.<\/p>\n<p>Kliendi kogutud isikuandmeid t\u00f6\u00f6tleb Sia &#8220;Gone Fishing&#8221; eesm\u00e4rgiga: tellimusi t\u00e4ita; aidata Sia &#8220;Gone Fishingil&#8221; parandada Veebilehte ja kliendi jaoks teabe k\u00e4ttesaadavust Internetis; anda kliendile teavet Sia &#8220;Gone Fishing&#8221; toodete ja teenuste kohta; tellimuse vormistamise, klienditoe, maksete sooritamise ja teenuste osutamise eesm\u00e4rgil; ja muul viisil vastavalt kehtivatele seadustele ja m\u00e4\u00e4rustele.<\/p>\n<p><strong>Kaupade ja teenuste tellimine Internetist<\/strong><\/p>\n<p>Kui klient soovib tellimust vormistada veebis olles, peab Gone Fishing Sia teadma kliendi nime, perekonnanime, e-posti aadressi, telefoninumbrit, postiaadressi ja makse sooritamisega seotud andmeid (n\u00e4iteks krediitkaardi numbrit ja aegumiskuup\u00e4eva). ). See v\u00f5imaldab Sia &#8220;Gone Fishingil&#8221; tagada kliendi tellimuse t\u00e4ieliku t\u00e4itmise ja teavitada tellimuse t\u00e4itmise seisust.<\/p>\n<p><strong>K\u00fcpsised<\/strong><\/p>\n<p>Sia &#8220;Gone Fishing&#8221; on \u00f5igustatud koguma k\u00fcpsiste abil andmeid veebisaidi kasutaja kohta, et parandada kasutajatele k\u00e4ttesaadavaid teenuseid. K\u00fcpsised on failid, mille veebisaidid paigutavad kasutajate arvutitesse kasutaja \u00e4ratundmiseks ja veebisaidi kasutamise h\u00f5lbustamiseks. Interneti-brausereid saab konfigureerida nii, et need hoiatavad klienti k\u00fcpsiste kasutamise eest ja v\u00f5imaldavad kliendil valida, kas need n\u00f5ustuvad. K\u00fcpsiste mitteaktsepteerimine ei keela kliendil saiti kasutada, kuid see v\u00f5ib piirata kliendi v\u00f5imet saiti kasutada.<\/p>\n<p><strong>Kolmandad osapooled<\/strong><\/p>\n<p>O\u00dc &#8220;Gone Fishing&#8221; ei edasta Isikuandmeid kolmandatele isikutele, v\u00e4lja arvatud ulatuses, mis on vajalik \u00e4ritegevuse m\u00f5istlikuks elluviimiseks, tagades, et asjaomased kolmandad isikud s\u00e4ilitavad Isikuandmete konfidentsiaalsuse ja tagavad asjakohase kaitse. Gone Fishing O\u00dc edastab Isikuandmeid Gone Fishing Ltd.-i tarnijatele, allt\u00f6\u00f6v\u00f5tjatele, strateegilistele partneritele ja teistele, kes aitavad Gone Fishing Ltd-d ja tema kliente \u00e4ritegevuses vastava koost\u00f6\u00f6 elluviimiseks. Kuid sellistel juhtudel n\u00f5uab Sia &#8220;Gone Fishing&#8221; andmete saajatelt kohustust kasutada saadud teavet ainult nendel eesm\u00e4rkidel, milleks andmed edastati, ning koosk\u00f5las kehtivate seaduste ja m\u00e4\u00e4ruste n\u00f5uetega.<\/p>\n<p>&#8220;Gone Fishing&#8221; Sia kohustub mitte edastama Isikuandmeid organisatsioonile v\u00f5i muule isikule, kes asub riigis, kus isikuandmete kaitse piisav tase ei ole tagatud, v\u00e4lja arvatud j\u00e4rgmistel juhtudel:<\/p>\n<p>Klient on andnud n\u00f5usoleku;<\/p>\n<ul>\n<li>\u00dclekanne on vajalik kliendiga lepingu s\u00f5lmimiseks v\u00f5i kliendiga lepingu t\u00e4itmiseks;<\/li>\n<li>\u00dcleandmine on vajalik kliendi huvides s\u00f5lmitud lepingu s\u00f5lmimiseks v\u00f5i t\u00e4itmiseks;<\/li>\n<li>\u00dclekandmine on lubatud koosk\u00f5las kehtivate seaduste ja m\u00e4\u00e4ruste n\u00f5uetega.<\/li>\n<\/ul>\n<p><strong> Juurdep\u00e4\u00e4s isikuandmetele<\/strong><\/p>\n<p>Sia &#8220;Gone Fishing&#8221; teavitab andmesubjekti p\u00f5hjendatud kirjaliku taotluse alusel:<\/p>\n<ul>\n<li>Sia &#8220;Gone Fishing&#8221; poolt temaga seoses t\u00f6\u00f6deldavad isikuandmed; andmete v\u00e4ljav\u00f5tmise allikas (kui normatiivaktid lubavad selle avaldamist);<\/li>\n<li>kuup\u00e4ev, millal Isikuandmetes viimati muudatusi tehti;<\/li>\n<li>Isikuandmete t\u00f6\u00f6tlemise eesm\u00e4rgid; andmete saajad v\u00f5i andmesaajate kategooriad;<\/li>\n<li>ja kas teavet t\u00f6\u00f6deldakse automaatselt.<\/li>\n<\/ul>\n<p>Sia &#8220;Gone Fishing&#8221; astub vajalikke samme, et parandada v\u00f5i kustutada Isikuandmetes vahetult v\u00f5i olemasolevaid teenuseid kasutades teatavaks tehtud ebat\u00e4psused. Sia &#8220;Gone Fishing&#8221; teavitab kliendi Isikuandmete saajaid sellistest muudatustest m\u00f5istlikes piirides. Sia &#8220;Gone Fishing&#8221;-l on aga \u00f5igus piirata juurdep\u00e4\u00e4su, v\u00f5imalusi andmete parandamiseks v\u00f5i kustutamiseks vastavalt kehtivate seaduste ja m\u00e4\u00e4ruste n\u00f5uetele.<\/p>\n<p><strong>Isikuandmete muutmine v\u00f5i kustutamine<\/strong><\/p>\n<p>Andmesubjektil on vajadusel igal ajal \u00f5igus muuta, t\u00e4iendada v\u00f5i kustutada tema kohta oma kasutajakontol salvestatud Isikuandmeid.<\/p>\n<p>Juhul, kui kasutaja soovib: loobuda edasistest teadete saamisest, kustutada teenusest t\u00e4ielikult oma Isikuandmed, kui teil on k\u00fcsimusi Teie Isikuandmete kasutamise kohta, v\u00f5tke palun \u00fchendust Sia &#8220;Gone Fishing&#8221; e-posti teel: info@aaknives. eu v\u00f5i helistades telefonil +371 24406160<\/p>\n<p><strong>Privaatsuspoliitika kohandused ja muudatused<\/strong><\/p>\n<p>Gone Fishing Ltd-l on \u00f5igus k\u00e4esolevat privaatsuspoliitikat aeg-ajalt oma \u00e4ran\u00e4gemise j\u00e4rgi muuta.<\/p>\n\t\t\t\t\t\t\t\t<\/div>\n\t\t\t\t<\/div>\n\t\t\t\t\t<\/div>\n\t\t<\/div>\n\t\t\t\t\t<\/div>\n\t\t<\/section>\n\t\t\t\t<\/div>\n\t\t","protected":false},"excerpt":{"rendered":"<p>Andmet\u00f6\u00f6tluse ulatus Sia &#8220;Gone Fishing&#8221; kohustub koguma ja s\u00e4ilitama ainult selliseid isikuandmeid, mis on vajalikud Sia &#8220;Gone Fishing&#8221; \u00e4ritegevuseks. Samuti kohustub Sia &#8220;Gone Fishing&#8221; tegema k\u00f5ik m\u00f5istlikud j\u00f5upingutused t\u00f6\u00f6deldavate isikuandmete \u00f5igsuse ja t\u00e4ielikkuse tagamiseks, juhendades kliente v\u00f5imalikult t\u00e4pselt, kuidas oma andmeid \u00f5igesti ja t\u00e4ielikult sisestada. Gone Fishing LLC t\u00f6\u00f6tleb isikuandmeid nende konfidentsiaalsuse tagamiseks ning kasutab volitamata juurdep\u00e4\u00e4su v\u00e4ltimiseks k\u00f5iki asjakohaseid vahendeid ja t\u00f6\u00f6riistu. Sia &#8220;Gone Fishing&#8221; kogub ja t\u00f6\u00f6tleb isikuandmeid ainult Sia &#8220;Gone Fishing&#8221; kohustuste t\u00e4itmise eesm\u00e4rgil vastavalt normatiivaktide n\u00f5uetele. Isikuandmeid ei edastata \u00fchelegi kolmandale isikule, v\u00e4lja arvatud juhul, kui andmesubjekt on sellega n\u00f5ustunud, see on vajalik Gone Fishing Sia&hellip;<\/p>\n","protected":false},"author":1,"featured_media":0,"parent":0,"menu_order":0,"comment_status":"closed","ping_status":"closed","template":"","meta":{"_themeisle_gutenberg_block_has_review":false,"footnotes":""},"class_list":["post-45239","page","type-page","status-publish","hentry"],"yoast_head":"<!-- This site is optimized with the Yoast SEO plugin v27.5 - https:\/\/yoast.com\/product\/yoast-seo-wordpress\/ -->\n<title>Privaatsuspoliitika - AAKnives<\/title>\n<meta name=\"description\" content=\"Andmet\u00f6\u00f6tluse ulatus Sia &quot;Gone Fishing&quot; kohustub koguma ja s\u00e4ilitama ainult selliseid isikuandmeid, mis on vajalikud Sia &quot;Gone Fishing&quot; \u00e4ritegevuseks. Samuti kohustub Sia &quot;Gone Fishing&quot; tegema k\u00f5ik m\u00f5istlikud j\u00f5upingutused t\u00f6\u00f6deldavate isikuandmete \u00f5igsuse ja t\u00e4ielikkuse tagamiseks, juhendades kliente v\u00f5imalikult t\u00e4pselt, kuidas oma andmeid \u00f5igesti ja t\u00e4ielikult sisestada.\" \/>\n<meta name=\"robots\" content=\"index, follow, max-snippet:-1, max-image-preview:large, max-video-preview:-1\" \/>\n<link rel=\"canonical\" href=\"https:\/\/aaknives.eu\/et\/privaatsuspoliitika\/\" \/>\n<meta property=\"og:locale\" content=\"et_EE\" \/>\n<meta property=\"og:type\" content=\"article\" \/>\n<meta property=\"og:title\" content=\"Privaatsuspoliitika - AAKnives\" \/>\n<meta property=\"og:description\" content=\"Andmet\u00f6\u00f6tluse ulatus Sia &quot;Gone Fishing&quot; kohustub koguma ja s\u00e4ilitama ainult selliseid isikuandmeid, mis on vajalikud Sia &quot;Gone Fishing&quot; \u00e4ritegevuseks. Samuti kohustub Sia &quot;Gone Fishing&quot; tegema k\u00f5ik m\u00f5istlikud j\u00f5upingutused t\u00f6\u00f6deldavate isikuandmete \u00f5igsuse ja t\u00e4ielikkuse tagamiseks, juhendades kliente v\u00f5imalikult t\u00e4pselt, kuidas oma andmeid \u00f5igesti ja t\u00e4ielikult sisestada.\" \/>\n<meta property=\"og:url\" content=\"https:\/\/aaknives.eu\/et\/privaatsuspoliitika\/\" \/>\n<meta property=\"og:site_name\" content=\"AAKnives\" \/>\n<meta property=\"article:publisher\" content=\"https:\/\/www.facebook.com\/aaknives.eu\/\" \/>\n<meta property=\"article:modified_time\" content=\"2024-01-17T17:21:15+00:00\" \/>\n<meta name=\"twitter:card\" content=\"summary_large_image\" \/>\n<meta name=\"twitter:label1\" content=\"Est. reading time\" \/>\n\t<meta name=\"twitter:data1\" content=\"4 minutit\" \/>\n<script type=\"application\/ld+json\" class=\"yoast-schema-graph\">{\"@context\":\"https:\\\/\\\/schema.org\",\"@graph\":[{\"@type\":\"WebPage\",\"@id\":\"https:\\\/\\\/aaknives.eu\\\/et\\\/privaatsuspoliitika\\\/\",\"url\":\"https:\\\/\\\/aaknives.eu\\\/et\\\/privaatsuspoliitika\\\/\",\"name\":\"Privaatsuspoliitika - AAKnives\",\"isPartOf\":{\"@id\":\"https:\\\/\\\/aaknives.eu\\\/et\\\/#website\"},\"datePublished\":\"2018-08-22T08:50:17+00:00\",\"dateModified\":\"2024-01-17T17:21:15+00:00\",\"description\":\"Andmet\u00f6\u00f6tluse ulatus Sia \\\"Gone Fishing\\\" kohustub koguma ja s\u00e4ilitama ainult selliseid isikuandmeid, mis on vajalikud Sia \\\"Gone Fishing\\\" \u00e4ritegevuseks. Samuti kohustub Sia \\\"Gone Fishing\\\" tegema k\u00f5ik m\u00f5istlikud j\u00f5upingutused t\u00f6\u00f6deldavate isikuandmete \u00f5igsuse ja t\u00e4ielikkuse tagamiseks, juhendades kliente v\u00f5imalikult t\u00e4pselt, kuidas oma andmeid \u00f5igesti ja t\u00e4ielikult sisestada.\",\"breadcrumb\":{\"@id\":\"https:\\\/\\\/aaknives.eu\\\/et\\\/privaatsuspoliitika\\\/#breadcrumb\"},\"inLanguage\":\"et\",\"potentialAction\":[{\"@type\":\"ReadAction\",\"target\":[\"https:\\\/\\\/aaknives.eu\\\/et\\\/privaatsuspoliitika\\\/\"]}]},{\"@type\":\"BreadcrumbList\",\"@id\":\"https:\\\/\\\/aaknives.eu\\\/et\\\/privaatsuspoliitika\\\/#breadcrumb\",\"itemListElement\":[{\"@type\":\"ListItem\",\"position\":1,\"name\":\"Home\",\"item\":\"https:\\\/\\\/aaknives.eu\\\/et\\\/kodu\\\/\"},{\"@type\":\"ListItem\",\"position\":2,\"name\":\"Privaatsuspoliitika\"}]},{\"@type\":\"WebSite\",\"@id\":\"https:\\\/\\\/aaknives.eu\\\/et\\\/#website\",\"url\":\"https:\\\/\\\/aaknives.eu\\\/et\\\/\",\"name\":\"AAKnives\",\"description\":\"Handmade knives\",\"publisher\":{\"@id\":\"https:\\\/\\\/aaknives.eu\\\/et\\\/#organization\"},\"potentialAction\":[{\"@type\":\"SearchAction\",\"target\":{\"@type\":\"EntryPoint\",\"urlTemplate\":\"https:\\\/\\\/aaknives.eu\\\/et\\\/?s={search_term_string}\"},\"query-input\":{\"@type\":\"PropertyValueSpecification\",\"valueRequired\":true,\"valueName\":\"search_term_string\"}}],\"inLanguage\":\"et\"},{\"@type\":\"Organization\",\"@id\":\"https:\\\/\\\/aaknives.eu\\\/et\\\/#organization\",\"name\":\"AAKnives\",\"url\":\"https:\\\/\\\/aaknives.eu\\\/et\\\/\",\"logo\":{\"@type\":\"ImageObject\",\"inLanguage\":\"et\",\"@id\":\"https:\\\/\\\/aaknives.eu\\\/et\\\/#\\\/schema\\\/logo\\\/image\\\/\",\"url\":\"https:\\\/\\\/aaknives.eu\\\/wp-content\\\/uploads\\\/2021\\\/10\\\/AAknives_Logo_Green.png\",\"contentUrl\":\"https:\\\/\\\/aaknives.eu\\\/wp-content\\\/uploads\\\/2021\\\/10\\\/AAknives_Logo_Green.png\",\"width\":1768,\"height\":1768,\"caption\":\"AAKnives\"},\"image\":{\"@id\":\"https:\\\/\\\/aaknives.eu\\\/et\\\/#\\\/schema\\\/logo\\\/image\\\/\"},\"sameAs\":[\"https:\\\/\\\/www.facebook.com\\\/aaknives.eu\\\/\",\"https:\\\/\\\/www.instagram.com\\\/aaknives\\\/\",\"https:\\\/\\\/www.pinterest.com\\\/aa_knives\\\/\",\"https:\\\/\\\/www.youtube.com\\\/channel\\\/UCHOQFjrOkgT6s4FIw9LDKyw\\\/featured\"]}]}<\/script>\n<!-- \/ Yoast SEO plugin. -->","yoast_head_json":{"title":"Privaatsuspoliitika - AAKnives","description":"Andmet\u00f6\u00f6tluse ulatus Sia \"Gone Fishing\" kohustub koguma ja s\u00e4ilitama ainult selliseid isikuandmeid, mis on vajalikud Sia \"Gone Fishing\" \u00e4ritegevuseks. Samuti kohustub Sia \"Gone Fishing\" tegema k\u00f5ik m\u00f5istlikud j\u00f5upingutused t\u00f6\u00f6deldavate isikuandmete \u00f5igsuse ja t\u00e4ielikkuse tagamiseks, juhendades kliente v\u00f5imalikult t\u00e4pselt, kuidas oma andmeid \u00f5igesti ja t\u00e4ielikult sisestada.","robots":{"index":"index","follow":"follow","max-snippet":"max-snippet:-1","max-image-preview":"max-image-preview:large","max-video-preview":"max-video-preview:-1"},"canonical":"https:\/\/aaknives.eu\/et\/privaatsuspoliitika\/","og_locale":"et_EE","og_type":"article","og_title":"Privaatsuspoliitika - AAKnives","og_description":"Andmet\u00f6\u00f6tluse ulatus Sia \"Gone Fishing\" kohustub koguma ja s\u00e4ilitama ainult selliseid isikuandmeid, mis on vajalikud Sia \"Gone Fishing\" \u00e4ritegevuseks. Samuti kohustub Sia \"Gone Fishing\" tegema k\u00f5ik m\u00f5istlikud j\u00f5upingutused t\u00f6\u00f6deldavate isikuandmete \u00f5igsuse ja t\u00e4ielikkuse tagamiseks, juhendades kliente v\u00f5imalikult t\u00e4pselt, kuidas oma andmeid \u00f5igesti ja t\u00e4ielikult sisestada.","og_url":"https:\/\/aaknives.eu\/et\/privaatsuspoliitika\/","og_site_name":"AAKnives","article_publisher":"https:\/\/www.facebook.com\/aaknives.eu\/","article_modified_time":"2024-01-17T17:21:15+00:00","twitter_card":"summary_large_image","twitter_misc":{"Est. reading time":"4 minutit"},"schema":{"@context":"https:\/\/schema.org","@graph":[{"@type":"WebPage","@id":"https:\/\/aaknives.eu\/et\/privaatsuspoliitika\/","url":"https:\/\/aaknives.eu\/et\/privaatsuspoliitika\/","name":"Privaatsuspoliitika - AAKnives","isPartOf":{"@id":"https:\/\/aaknives.eu\/et\/#website"},"datePublished":"2018-08-22T08:50:17+00:00","dateModified":"2024-01-17T17:21:15+00:00","description":"Andmet\u00f6\u00f6tluse ulatus Sia \"Gone Fishing\" kohustub koguma ja s\u00e4ilitama ainult selliseid isikuandmeid, mis on vajalikud Sia \"Gone Fishing\" \u00e4ritegevuseks. Samuti kohustub Sia \"Gone Fishing\" tegema k\u00f5ik m\u00f5istlikud j\u00f5upingutused t\u00f6\u00f6deldavate isikuandmete \u00f5igsuse ja t\u00e4ielikkuse tagamiseks, juhendades kliente v\u00f5imalikult t\u00e4pselt, kuidas oma andmeid \u00f5igesti ja t\u00e4ielikult sisestada.","breadcrumb":{"@id":"https:\/\/aaknives.eu\/et\/privaatsuspoliitika\/#breadcrumb"},"inLanguage":"et","potentialAction":[{"@type":"ReadAction","target":["https:\/\/aaknives.eu\/et\/privaatsuspoliitika\/"]}]},{"@type":"BreadcrumbList","@id":"https:\/\/aaknives.eu\/et\/privaatsuspoliitika\/#breadcrumb","itemListElement":[{"@type":"ListItem","position":1,"name":"Home","item":"https:\/\/aaknives.eu\/et\/kodu\/"},{"@type":"ListItem","position":2,"name":"Privaatsuspoliitika"}]},{"@type":"WebSite","@id":"https:\/\/aaknives.eu\/et\/#website","url":"https:\/\/aaknives.eu\/et\/","name":"AAKnives","description":"Handmade knives","publisher":{"@id":"https:\/\/aaknives.eu\/et\/#organization"},"potentialAction":[{"@type":"SearchAction","target":{"@type":"EntryPoint","urlTemplate":"https:\/\/aaknives.eu\/et\/?s={search_term_string}"},"query-input":{"@type":"PropertyValueSpecification","valueRequired":true,"valueName":"search_term_string"}}],"inLanguage":"et"},{"@type":"Organization","@id":"https:\/\/aaknives.eu\/et\/#organization","name":"AAKnives","url":"https:\/\/aaknives.eu\/et\/","logo":{"@type":"ImageObject","inLanguage":"et","@id":"https:\/\/aaknives.eu\/et\/#\/schema\/logo\/image\/","url":"https:\/\/aaknives.eu\/wp-content\/uploads\/2021\/10\/AAknives_Logo_Green.png","contentUrl":"https:\/\/aaknives.eu\/wp-content\/uploads\/2021\/10\/AAknives_Logo_Green.png","width":1768,"height":1768,"caption":"AAKnives"},"image":{"@id":"https:\/\/aaknives.eu\/et\/#\/schema\/logo\/image\/"},"sameAs":["https:\/\/www.facebook.com\/aaknives.eu\/","https:\/\/www.instagram.com\/aaknives\/","https:\/\/www.pinterest.com\/aa_knives\/","https:\/\/www.youtube.com\/channel\/UCHOQFjrOkgT6s4FIw9LDKyw\/featured"]}]}},"_links":{"self":[{"href":"https:\/\/aaknives.eu\/et\/wp-json\/wp\/v2\/pages\/45239","targetHints":{"allow":["GET"]}}],"collection":[{"href":"https:\/\/aaknives.eu\/et\/wp-json\/wp\/v2\/pages"}],"about":[{"href":"https:\/\/aaknives.eu\/et\/wp-json\/wp\/v2\/types\/page"}],"author":[{"embeddable":true,"href":"https:\/\/aaknives.eu\/et\/wp-json\/wp\/v2\/users\/1"}],"replies":[{"embeddable":true,"href":"https:\/\/aaknives.eu\/et\/wp-json\/wp\/v2\/comments?post=45239"}],"version-history":[{"count":1,"href":"https:\/\/aaknives.eu\/et\/wp-json\/wp\/v2\/pages\/45239\/revisions"}],"predecessor-version":[{"id":45240,"href":"https:\/\/aaknives.eu\/et\/wp-json\/wp\/v2\/pages\/45239\/revisions\/45240"}],"wp:attachment":[{"href":"https:\/\/aaknives.eu\/et\/wp-json\/wp\/v2\/media?parent=45239"}],"curies":[{"name":"wp","href":"https:\/\/api.w.org\/{rel}","templated":true}]}}