{"id":100303,"date":"2025-07-03T15:52:38","date_gmt":"2025-07-03T15:52:38","guid":{"rendered":"https:\/\/aaknives.eu\/?post_type=product&#038;p=100303"},"modified":"2025-11-24T19:16:49","modified_gmt":"2025-11-24T19:16:49","slug":"vana-lati-relv-ja-tooriist-three-edged-knife","status":"publish","type":"product","link":"https:\/\/aaknives.eu\/et\/product\/vana-lati-relv-ja-tooriist-three-edged-knife\/","title":{"rendered":"Vana-L\u00e4ti relv ja t\u00f6\u00f6riist &#8211; &#8221;THREE-EDGED KNIFE&#8221;"},"content":{"rendered":"<p>Noa spetsifikatsioonid: &#8221;KOLMEREALINE NUGA&#8221;<br \/>\nTeras: kvaliteetne k\u00e4sitsi sepistatud U10 teras<br \/>\nK\u00f5vadus: 61-62 HRC<br \/>\nTera pikkus (mm): 300 \/ 11,81 tolli<br \/>\nTera paksus (mm): 5 \/ 0,19 tolli<br \/>\nTera laius (mm): 48 \/ 1,88 tolli<br \/>\nK\u00e4epide: Aafrika wenge puit<br \/>\nKogupikkus (mm): 445 \/ 17,51 tolli<br \/>\nNoa t\u00fc\u00fcp: k\u00f6\u00f6ginoa<br \/>\nPakend: nuga, nahktupp<br \/>\nS\u00f5na &#8216;KOLMEREALINE NUGA&#8217; viitab kolme v\u00f5itluspinnaga relvale<br \/>\nSelle relva iseloomulik kuju on omistatud otse latgalitele. Samal ajal oli ka \u00abskramasax\u00bb &#8211; relv &#8211; laialt levinud Eesti ja Soome territooriumil.<br \/>\nTera enda kuju v\u00f5ib nimetada meditsiiniliselt anatoomiliseks, kuna see loodi tera liikumise ja selle v\u00f5ime s\u00fcgavaimate l\u00f5ikete ja luul\u00f5ikuste tekitamiseks s\u00fcgava m\u00f5istmisega. M\u00f5\u00f5ga pikkus v\u00e4\u00e4rib erilist t\u00e4helepanu \u2013 trejasmens on s\u00fcgavalt isikup\u00e4rastatud relv, sest lahingus maksimaalse kasulikkuse saavutamiseks peab see vastama kandja k\u00e4sivarre pikkusele, \u201emuutudes seel\u00e4bi k\u00e4e pikenduseks\u201c. Seega \u2013 see on anatoomiliselt suurep\u00e4rane relv m\u00f5lemale poolele.<br \/>\nSeda t\u00fc\u00fcpi ja kujuga l\u00e4hiv\u00f5itluse m\u00f5\u00f5gad on pikka aega olnud muistsete l\u00e4tlaste \u2013 latgalite \u2013 omanduses, mida t\u00f5endab arheoloogiline materjal kesk- (8. sajand) ja hilise rauaaja (13. sajand) ajaloolisest L\u00e4ti territooriumilt.<br \/>\nV\u00f5itlus \u201ekolme teraga noaga\u201c on kunst. V\u00f5itluskunst, mis p\u00f5hineb pikaajalistel loodusvaatlustel, loodusseaduste s\u00fcgaval m\u00f5istmisel ning liikumise t\u00e4psusel ja tunnetusel.    Kunst, mida on p\u00f5lvest p\u00f5lve edasi antud.<br \/>\n\u201eKOLMEREMALINE NUGA\u201c vastab k\u00f5igile traditsioonilise relva tunnustele \u2013 sellel on praktikas testitud ja sajandite jooksul tugevdatud kinnitusviis, spetsiaalselt disainitud tera ja rahvaluule kiitus.<\/p>\n","protected":false},"excerpt":{"rendered":"<p>Noa spetsifikatsioonid: &#8221;KOLMEREALINE NUGA&#8221; Teras: kvaliteetne k\u00e4sitsi sepistatud U10 teras K\u00f5vadus: 61-62 HRC Tera pikkus (mm): 300 \/ 11,81 tolli Tera paksus (mm): 5 \/ 0,19 tolli Tera laius (mm): 48 \/ 1,88 tolli K\u00e4epide: Aafrika wenge puit Kogupikkus (mm): 445 \/ 17,51 tolli Noa t\u00fc\u00fcp: k\u00f6\u00f6ginoa Pakend: nuga, nahktupp S\u00f5na &#8216;KOLMEREALINE NUGA&#8217; viitab kolme v\u00f5itluspinnaga relvale Selle relva iseloomulik kuju on omistatud otse latgalitele. Samal ajal oli ka \u00abskramasax\u00bb &#8211; relv &#8211; laialt levinud Eesti ja Soome territooriumil. Tera enda kuju v\u00f5ib nimetada meditsiiniliselt anatoomiliseks, kuna see loodi tera liikumise ja selle v\u00f5ime s\u00fcgavaimate l\u00f5ikete ja luul\u00f5ikuste tekitamiseks s\u00fcgava&hellip;<\/p>\n","protected":false},"featured_media":103214,"template":"","meta":{"_themeisle_gutenberg_block_has_review":false},"product_brand":[],"product_cat":[354,352,346],"product_tag":[],"class_list":{"0":"post-100303","1":"product","2":"type-product","3":"status-publish","4":"has-post-thumbnail","6":"product_cat-kirved","7":"product_cat-lati-jounoad","8":"product_cat-matkanoad","10":"first","11":"outofstock","12":"shipping-taxable","13":"purchasable","14":"product-type-simple"},"yoast_head":"<!-- This site is optimized with the Yoast SEO plugin v27.3 - https:\/\/yoast.com\/product\/yoast-seo-wordpress\/ -->\n<title>Vana-L\u00e4ti relv ja t\u00f6\u00f6riist - &#039;&#039;THREE-EDGED KNIFE&#039;&#039; - AAKnives<\/title>\n<meta name=\"description\" content=\"S\u00f5na &#039;THREE-EDGED KNIFE&#039; t\u00e4histab kolme lahingupinnaga relva. Selle relva iseloomulik kuju on omistatud otse latgalitele.\" \/>\n<meta name=\"robots\" content=\"index, follow, max-snippet:-1, max-image-preview:large, max-video-preview:-1\" \/>\n<link rel=\"canonical\" href=\"https:\/\/aaknives.eu\/et\/product\/vana-lati-relv-ja-tooriist-three-edged-knife\/\" \/>\n<meta property=\"og:locale\" content=\"et_EE\" \/>\n<meta property=\"og:type\" content=\"article\" \/>\n<meta property=\"og:title\" content=\"Vana-L\u00e4ti relv ja t\u00f6\u00f6riist - &#039;&#039;THREE-EDGED KNIFE&#039;&#039; - AAKnives\" \/>\n<meta property=\"og:description\" content=\"S\u00f5na &#039;THREE-EDGED KNIFE&#039; t\u00e4histab kolme lahingupinnaga relva. Selle relva iseloomulik kuju on omistatud otse latgalitele.\" \/>\n<meta property=\"og:url\" content=\"https:\/\/aaknives.eu\/et\/product\/vana-lati-relv-ja-tooriist-three-edged-knife\/\" \/>\n<meta property=\"og:site_name\" content=\"AAKnives\" \/>\n<meta property=\"article:publisher\" content=\"https:\/\/www.facebook.com\/aaknives.eu\/\" \/>\n<meta property=\"article:modified_time\" content=\"2025-11-24T19:16:49+00:00\" \/>\n<meta property=\"og:image\" content=\"https:\/\/aaknives.eu\/wp-content\/uploads\/2025\/07\/aaknives-hand-forged-damascus-steel-blade-knife-handmade-custom-made-knife-handcrafted-knives-autinetools-northmen-1-14.jpg\" \/>\n\t<meta property=\"og:image:width\" content=\"1020\" \/>\n\t<meta property=\"og:image:height\" content=\"880\" \/>\n\t<meta property=\"og:image:type\" content=\"image\/jpeg\" \/>\n<meta name=\"twitter:card\" content=\"summary_large_image\" \/>\n<meta name=\"twitter:label1\" content=\"Est. reading time\" \/>\n\t<meta name=\"twitter:data1\" content=\"1 minut\" \/>\n<script type=\"application\/ld+json\" class=\"yoast-schema-graph\">{\"@context\":\"https:\\\/\\\/schema.org\",\"@graph\":[{\"@type\":\"WebPage\",\"@id\":\"https:\\\/\\\/aaknives.eu\\\/et\\\/product\\\/vana-lati-relv-ja-tooriist-three-edged-knife\\\/\",\"url\":\"https:\\\/\\\/aaknives.eu\\\/et\\\/product\\\/vana-lati-relv-ja-tooriist-three-edged-knife\\\/\",\"name\":\"Vana-L\u00e4ti relv ja t\u00f6\u00f6riist - ''THREE-EDGED KNIFE'' - AAKnives\",\"isPartOf\":{\"@id\":\"https:\\\/\\\/aaknives.eu\\\/et\\\/#website\"},\"primaryImageOfPage\":{\"@id\":\"https:\\\/\\\/aaknives.eu\\\/et\\\/product\\\/vana-lati-relv-ja-tooriist-three-edged-knife\\\/#primaryimage\"},\"image\":{\"@id\":\"https:\\\/\\\/aaknives.eu\\\/et\\\/product\\\/vana-lati-relv-ja-tooriist-three-edged-knife\\\/#primaryimage\"},\"thumbnailUrl\":\"https:\\\/\\\/aaknives.eu\\\/wp-content\\\/uploads\\\/2025\\\/07\\\/aaknives-hand-forged-damascus-steel-blade-knife-handmade-custom-made-knife-handcrafted-knives-autinetools-northmen-1-14.jpg\",\"datePublished\":\"2025-07-03T15:52:38+00:00\",\"dateModified\":\"2025-11-24T19:16:49+00:00\",\"description\":\"S\u00f5na 'THREE-EDGED KNIFE' t\u00e4histab kolme lahingupinnaga relva. Selle relva iseloomulik kuju on omistatud otse latgalitele.\",\"breadcrumb\":{\"@id\":\"https:\\\/\\\/aaknives.eu\\\/et\\\/product\\\/vana-lati-relv-ja-tooriist-three-edged-knife\\\/#breadcrumb\"},\"inLanguage\":\"et\",\"potentialAction\":[{\"@type\":\"ReadAction\",\"target\":[\"https:\\\/\\\/aaknives.eu\\\/et\\\/product\\\/vana-lati-relv-ja-tooriist-three-edged-knife\\\/\"]}]},{\"@type\":\"ImageObject\",\"inLanguage\":\"et\",\"@id\":\"https:\\\/\\\/aaknives.eu\\\/et\\\/product\\\/vana-lati-relv-ja-tooriist-three-edged-knife\\\/#primaryimage\",\"url\":\"https:\\\/\\\/aaknives.eu\\\/wp-content\\\/uploads\\\/2025\\\/07\\\/aaknives-hand-forged-damascus-steel-blade-knife-handmade-custom-made-knife-handcrafted-knives-autinetools-northmen-1-14.jpg\",\"contentUrl\":\"https:\\\/\\\/aaknives.eu\\\/wp-content\\\/uploads\\\/2025\\\/07\\\/aaknives-hand-forged-damascus-steel-blade-knife-handmade-custom-made-knife-handcrafted-knives-autinetools-northmen-1-14.jpg\",\"width\":1020,\"height\":880},{\"@type\":\"BreadcrumbList\",\"@id\":\"https:\\\/\\\/aaknives.eu\\\/et\\\/product\\\/vana-lati-relv-ja-tooriist-three-edged-knife\\\/#breadcrumb\",\"itemListElement\":[{\"@type\":\"ListItem\",\"position\":1,\"name\":\"Home\",\"item\":\"https:\\\/\\\/aaknives.eu\\\/et\\\/kodu\\\/\"},{\"@type\":\"ListItem\",\"position\":2,\"name\":\"Kauplus\",\"item\":\"https:\\\/\\\/aaknives.eu\\\/et\\\/kauplus\\\/\"},{\"@type\":\"ListItem\",\"position\":3,\"name\":\"Vana-L\u00e4ti relv ja t\u00f6\u00f6riist &#8211; &#8221;THREE-EDGED KNIFE&#8221;\"}]},{\"@type\":\"WebSite\",\"@id\":\"https:\\\/\\\/aaknives.eu\\\/et\\\/#website\",\"url\":\"https:\\\/\\\/aaknives.eu\\\/et\\\/\",\"name\":\"AAKnives\",\"description\":\"Handmade knives\",\"publisher\":{\"@id\":\"https:\\\/\\\/aaknives.eu\\\/et\\\/#organization\"},\"potentialAction\":[{\"@type\":\"SearchAction\",\"target\":{\"@type\":\"EntryPoint\",\"urlTemplate\":\"https:\\\/\\\/aaknives.eu\\\/et\\\/?s={search_term_string}\"},\"query-input\":{\"@type\":\"PropertyValueSpecification\",\"valueRequired\":true,\"valueName\":\"search_term_string\"}}],\"inLanguage\":\"et\"},{\"@type\":\"Organization\",\"@id\":\"https:\\\/\\\/aaknives.eu\\\/et\\\/#organization\",\"name\":\"AAKnives\",\"url\":\"https:\\\/\\\/aaknives.eu\\\/et\\\/\",\"logo\":{\"@type\":\"ImageObject\",\"inLanguage\":\"et\",\"@id\":\"https:\\\/\\\/aaknives.eu\\\/et\\\/#\\\/schema\\\/logo\\\/image\\\/\",\"url\":\"https:\\\/\\\/aaknives.eu\\\/wp-content\\\/uploads\\\/2021\\\/10\\\/AAknives_Logo_Green.png\",\"contentUrl\":\"https:\\\/\\\/aaknives.eu\\\/wp-content\\\/uploads\\\/2021\\\/10\\\/AAknives_Logo_Green.png\",\"width\":1768,\"height\":1768,\"caption\":\"AAKnives\"},\"image\":{\"@id\":\"https:\\\/\\\/aaknives.eu\\\/et\\\/#\\\/schema\\\/logo\\\/image\\\/\"},\"sameAs\":[\"https:\\\/\\\/www.facebook.com\\\/aaknives.eu\\\/\",\"https:\\\/\\\/www.instagram.com\\\/aaknives\\\/\",\"https:\\\/\\\/www.pinterest.com\\\/aa_knives\\\/\",\"https:\\\/\\\/www.youtube.com\\\/channel\\\/UCHOQFjrOkgT6s4FIw9LDKyw\\\/featured\"]}]}<\/script>\n<!-- \/ Yoast SEO plugin. -->","yoast_head_json":{"title":"Vana-L\u00e4ti relv ja t\u00f6\u00f6riist - ''THREE-EDGED KNIFE'' - AAKnives","description":"S\u00f5na 'THREE-EDGED KNIFE' t\u00e4histab kolme lahingupinnaga relva. Selle relva iseloomulik kuju on omistatud otse latgalitele.","robots":{"index":"index","follow":"follow","max-snippet":"max-snippet:-1","max-image-preview":"max-image-preview:large","max-video-preview":"max-video-preview:-1"},"canonical":"https:\/\/aaknives.eu\/et\/product\/vana-lati-relv-ja-tooriist-three-edged-knife\/","og_locale":"et_EE","og_type":"article","og_title":"Vana-L\u00e4ti relv ja t\u00f6\u00f6riist - ''THREE-EDGED KNIFE'' - AAKnives","og_description":"S\u00f5na 'THREE-EDGED KNIFE' t\u00e4histab kolme lahingupinnaga relva. Selle relva iseloomulik kuju on omistatud otse latgalitele.","og_url":"https:\/\/aaknives.eu\/et\/product\/vana-lati-relv-ja-tooriist-three-edged-knife\/","og_site_name":"AAKnives","article_publisher":"https:\/\/www.facebook.com\/aaknives.eu\/","article_modified_time":"2025-11-24T19:16:49+00:00","og_image":[{"width":1020,"height":880,"url":"https:\/\/aaknives.eu\/wp-content\/uploads\/2025\/07\/aaknives-hand-forged-damascus-steel-blade-knife-handmade-custom-made-knife-handcrafted-knives-autinetools-northmen-1-14.jpg","type":"image\/jpeg"}],"twitter_card":"summary_large_image","twitter_misc":{"Est. reading time":"1 minut"},"schema":{"@context":"https:\/\/schema.org","@graph":[{"@type":"WebPage","@id":"https:\/\/aaknives.eu\/et\/product\/vana-lati-relv-ja-tooriist-three-edged-knife\/","url":"https:\/\/aaknives.eu\/et\/product\/vana-lati-relv-ja-tooriist-three-edged-knife\/","name":"Vana-L\u00e4ti relv ja t\u00f6\u00f6riist - ''THREE-EDGED KNIFE'' - AAKnives","isPartOf":{"@id":"https:\/\/aaknives.eu\/et\/#website"},"primaryImageOfPage":{"@id":"https:\/\/aaknives.eu\/et\/product\/vana-lati-relv-ja-tooriist-three-edged-knife\/#primaryimage"},"image":{"@id":"https:\/\/aaknives.eu\/et\/product\/vana-lati-relv-ja-tooriist-three-edged-knife\/#primaryimage"},"thumbnailUrl":"https:\/\/aaknives.eu\/wp-content\/uploads\/2025\/07\/aaknives-hand-forged-damascus-steel-blade-knife-handmade-custom-made-knife-handcrafted-knives-autinetools-northmen-1-14.jpg","datePublished":"2025-07-03T15:52:38+00:00","dateModified":"2025-11-24T19:16:49+00:00","description":"S\u00f5na 'THREE-EDGED KNIFE' t\u00e4histab kolme lahingupinnaga relva. Selle relva iseloomulik kuju on omistatud otse latgalitele.","breadcrumb":{"@id":"https:\/\/aaknives.eu\/et\/product\/vana-lati-relv-ja-tooriist-three-edged-knife\/#breadcrumb"},"inLanguage":"et","potentialAction":[{"@type":"ReadAction","target":["https:\/\/aaknives.eu\/et\/product\/vana-lati-relv-ja-tooriist-three-edged-knife\/"]}]},{"@type":"ImageObject","inLanguage":"et","@id":"https:\/\/aaknives.eu\/et\/product\/vana-lati-relv-ja-tooriist-three-edged-knife\/#primaryimage","url":"https:\/\/aaknives.eu\/wp-content\/uploads\/2025\/07\/aaknives-hand-forged-damascus-steel-blade-knife-handmade-custom-made-knife-handcrafted-knives-autinetools-northmen-1-14.jpg","contentUrl":"https:\/\/aaknives.eu\/wp-content\/uploads\/2025\/07\/aaknives-hand-forged-damascus-steel-blade-knife-handmade-custom-made-knife-handcrafted-knives-autinetools-northmen-1-14.jpg","width":1020,"height":880},{"@type":"BreadcrumbList","@id":"https:\/\/aaknives.eu\/et\/product\/vana-lati-relv-ja-tooriist-three-edged-knife\/#breadcrumb","itemListElement":[{"@type":"ListItem","position":1,"name":"Home","item":"https:\/\/aaknives.eu\/et\/kodu\/"},{"@type":"ListItem","position":2,"name":"Kauplus","item":"https:\/\/aaknives.eu\/et\/kauplus\/"},{"@type":"ListItem","position":3,"name":"Vana-L\u00e4ti relv ja t\u00f6\u00f6riist &#8211; &#8221;THREE-EDGED KNIFE&#8221;"}]},{"@type":"WebSite","@id":"https:\/\/aaknives.eu\/et\/#website","url":"https:\/\/aaknives.eu\/et\/","name":"AAKnives","description":"Handmade knives","publisher":{"@id":"https:\/\/aaknives.eu\/et\/#organization"},"potentialAction":[{"@type":"SearchAction","target":{"@type":"EntryPoint","urlTemplate":"https:\/\/aaknives.eu\/et\/?s={search_term_string}"},"query-input":{"@type":"PropertyValueSpecification","valueRequired":true,"valueName":"search_term_string"}}],"inLanguage":"et"},{"@type":"Organization","@id":"https:\/\/aaknives.eu\/et\/#organization","name":"AAKnives","url":"https:\/\/aaknives.eu\/et\/","logo":{"@type":"ImageObject","inLanguage":"et","@id":"https:\/\/aaknives.eu\/et\/#\/schema\/logo\/image\/","url":"https:\/\/aaknives.eu\/wp-content\/uploads\/2021\/10\/AAknives_Logo_Green.png","contentUrl":"https:\/\/aaknives.eu\/wp-content\/uploads\/2021\/10\/AAknives_Logo_Green.png","width":1768,"height":1768,"caption":"AAKnives"},"image":{"@id":"https:\/\/aaknives.eu\/et\/#\/schema\/logo\/image\/"},"sameAs":["https:\/\/www.facebook.com\/aaknives.eu\/","https:\/\/www.instagram.com\/aaknives\/","https:\/\/www.pinterest.com\/aa_knives\/","https:\/\/www.youtube.com\/channel\/UCHOQFjrOkgT6s4FIw9LDKyw\/featured"]}]}},"_links":{"self":[{"href":"https:\/\/aaknives.eu\/et\/wp-json\/wp\/v2\/product\/100303","targetHints":{"allow":["GET"]}}],"collection":[{"href":"https:\/\/aaknives.eu\/et\/wp-json\/wp\/v2\/product"}],"about":[{"href":"https:\/\/aaknives.eu\/et\/wp-json\/wp\/v2\/types\/product"}],"wp:featuredmedia":[{"embeddable":true,"href":"https:\/\/aaknives.eu\/et\/wp-json\/wp\/v2\/media\/103214"}],"wp:attachment":[{"href":"https:\/\/aaknives.eu\/et\/wp-json\/wp\/v2\/media?parent=100303"}],"wp:term":[{"taxonomy":"product_brand","embeddable":true,"href":"https:\/\/aaknives.eu\/et\/wp-json\/wp\/v2\/product_brand?post=100303"},{"taxonomy":"product_cat","embeddable":true,"href":"https:\/\/aaknives.eu\/et\/wp-json\/wp\/v2\/product_cat?post=100303"},{"taxonomy":"product_tag","embeddable":true,"href":"https:\/\/aaknives.eu\/et\/wp-json\/wp\/v2\/product_tag?post=100303"}],"curies":[{"name":"wp","href":"https:\/\/api.w.org\/{rel}","templated":true}]}}