{"id":100742,"date":"2025-07-03T18:37:49","date_gmt":"2025-07-03T18:37:49","guid":{"rendered":"https:\/\/aaknives.eu\/?post_type=product&#038;p=100742"},"modified":"2025-07-07T15:56:26","modified_gmt":"2025-07-07T15:56:26","slug":"nuga-boar-teras-vg10-jaapani-sepistatud-roostevaba-teras","status":"publish","type":"product","link":"https:\/\/aaknives.eu\/et\/product\/nuga-boar-teras-vg10-jaapani-sepistatud-roostevaba-teras\/","title":{"rendered":"Nuga &#8221;BOAR&#8221; teras VG10 Jaapani sepistatud roostevaba teras"},"content":{"rendered":"<p>Noa spetsifikatsioonid: &#8221;BOAR&#8221;<br \/>\nTeras: teras VG10 Jaapani sepistatud roostevaba teras<br \/>\nK\u00f5vadus: HRC 60 &#8211; 61<br \/>\nTera pikkus (mm): 110 \/ 4,33 tolli<br \/>\nTera paksus (mm): 3 \/ 0,11 tolli<br \/>\nTera laius (mm): 33 \/ 1,29 tolli<br \/>\nK\u00e4epide: stabiliseeritud karjala kask<br \/>\nKogupikkus (mm): 232 \/ 9,13 tolli<br \/>\nNoa t\u00fc\u00fcp: jahi-, matka-<br \/>\nPakend: nuga, nahktupp<\/p>\n<p>VG10 on \u00fcks populaarsemaid kvaliteetseid Jaapani roostevabasid teraseid, eriti populaarne k\u00f6\u00f6gi- ja taskunugades. Siin on t\u00e4ielik \u00fclevaade selle omadustest ja v\u00f5rdlus teiste terastega:<br \/>\n&#8211; Arendatud Jaapanis ettev\u00f5tte *Takefu Special Steel* poolt.<br \/>\n&#8211; Nimi \u201eVG\u201d t\u00e4histab \u201eV-Gold\u201d \u2013 see on kvaliteetsete teraste kuldstandard.<br \/>\n&#8211; Algselt kirurgiliste skalpellide jaoks loodud teras saavutas hiljem populaarsuse k\u00f6\u00f6gi- ja igap\u00e4evaseks kasutamiseks m\u00f5eldud nugades.<br \/>\nPeamised eelised:<br \/>\nK\u00f5vadus: HRC 60\u201361 \u2013 s\u00e4ilitab teravuse kauem kui paljud teised roostevabad terased.<br \/>\nTeravus: T\u00e4nu vanaadiumi ja koobalti sisaldusele moodustab VG10 k\u00f5vasid karbiide, mis tagavad pikaajalise teravuse.<br \/>\nKorrosioonikindlus: Sisaldab ~15,5% kroomi \u2013 suurep\u00e4rane kaitse rooste eest isegi niiskes v\u00f5i happelises keskkonnas.<br \/>\nTeritamise lihtsus: Vaatamata suurele k\u00f5vadusele on VG10 **suhteliselt lihtne teritada*, eriti terituskividega.<br \/>\nSitkus: Tasakaalustatud \u2013 mitte liiga rabe, kuid mitte nii vastupidav kui m\u00f5ned t\u00f6\u00f6riistaterased (nt D2).<br \/>\nVG10 paistab silma tasakaalustatud j\u00f5udluse poolest \u2013 see pole igas kategoorias parim, kuid \u00fcldiselt v\u00e4ga usaldusv\u00e4\u00e4rne ja praktiline teras.<br \/>\n&#8211; Kui soovite nuga, mis p\u00fcsib kaua terav, ei vaja sagedast teritamist ega karda niiskust \u2013 VG10 on suurep\u00e4rane valik.<br \/>\n&#8211; Eriti sobiv k\u00f6\u00f6ginugade, EDC taskunugade, kalap\u00fc\u00fcgi ja v\u00e4litegevuste jaoks.<\/p>\n","protected":false},"excerpt":{"rendered":"<p>VG10 Jaapani sepistatud roostevaba teras, k\u00f5vadus HRC 60\u201361<br \/>\nSuurep\u00e4rased l\u00f5ikeomadused, roostekindel ja mitte raskesti teritatav<\/p>\n","protected":false},"featured_media":100749,"template":"","meta":{"_themeisle_gutenberg_block_has_review":false},"product_brand":[],"product_cat":[345,346],"product_tag":[],"class_list":{"0":"post-100742","1":"product","2":"type-product","3":"status-publish","4":"has-post-thumbnail","6":"product_cat-jahinoad","7":"product_cat-matkanoad","9":"first","10":"instock","11":"shipping-taxable","12":"purchasable","13":"product-type-simple"},"yoast_head":"<!-- This site is optimized with the Yoast SEO plugin v27.3 - https:\/\/yoast.com\/product\/yoast-seo-wordpress\/ -->\n<title>Nuga &#039;&#039;BOAR&#039;&#039; teras VG10 Jaapani sepistatud roostevaba teras - AAKnives<\/title>\n<meta name=\"description\" content=\"VG10 on \u00fcks populaarsemaid kvaliteetseid Jaapani roostevabasid teraseid, eriti populaarne k\u00f6\u00f6gi- ja taskunugade puhul.\" \/>\n<meta name=\"robots\" content=\"index, follow, max-snippet:-1, max-image-preview:large, max-video-preview:-1\" \/>\n<link rel=\"canonical\" href=\"https:\/\/aaknives.eu\/et\/product\/nuga-boar-teras-vg10-jaapani-sepistatud-roostevaba-teras\/\" \/>\n<meta property=\"og:locale\" content=\"et_EE\" \/>\n<meta property=\"og:type\" content=\"article\" \/>\n<meta property=\"og:title\" content=\"Nuga &#039;&#039;BOAR&#039;&#039; teras VG10 Jaapani sepistatud roostevaba teras - AAKnives\" \/>\n<meta property=\"og:description\" content=\"VG10 on \u00fcks populaarsemaid kvaliteetseid Jaapani roostevabasid teraseid, eriti populaarne k\u00f6\u00f6gi- ja taskunugade puhul.\" \/>\n<meta property=\"og:url\" content=\"https:\/\/aaknives.eu\/et\/product\/nuga-boar-teras-vg10-jaapani-sepistatud-roostevaba-teras\/\" \/>\n<meta property=\"og:site_name\" content=\"AAKnives\" \/>\n<meta property=\"article:publisher\" content=\"https:\/\/www.facebook.com\/aaknives.eu\/\" \/>\n<meta property=\"article:modified_time\" content=\"2025-07-07T15:56:26+00:00\" \/>\n<meta property=\"og:image\" content=\"https:\/\/aaknives.eu\/wp-content\/uploads\/2025\/07\/aaknives-hand-forged-damascus-steel-blade-knife-handmade-custom-made-knife-handcrafted-knives-autinetools-northmen-38.2.jpg\" \/>\n\t<meta property=\"og:image:width\" content=\"1020\" \/>\n\t<meta property=\"og:image:height\" content=\"880\" \/>\n\t<meta property=\"og:image:type\" content=\"image\/jpeg\" \/>\n<meta name=\"twitter:card\" content=\"summary_large_image\" \/>\n<meta name=\"twitter:label1\" content=\"Est. reading time\" \/>\n\t<meta name=\"twitter:data1\" content=\"1 minut\" \/>\n<script type=\"application\/ld+json\" class=\"yoast-schema-graph\">{\"@context\":\"https:\\\/\\\/schema.org\",\"@graph\":[{\"@type\":\"WebPage\",\"@id\":\"https:\\\/\\\/aaknives.eu\\\/et\\\/product\\\/nuga-boar-teras-vg10-jaapani-sepistatud-roostevaba-teras\\\/\",\"url\":\"https:\\\/\\\/aaknives.eu\\\/et\\\/product\\\/nuga-boar-teras-vg10-jaapani-sepistatud-roostevaba-teras\\\/\",\"name\":\"Nuga ''BOAR'' teras VG10 Jaapani sepistatud roostevaba teras - AAKnives\",\"isPartOf\":{\"@id\":\"https:\\\/\\\/aaknives.eu\\\/et\\\/#website\"},\"primaryImageOfPage\":{\"@id\":\"https:\\\/\\\/aaknives.eu\\\/et\\\/product\\\/nuga-boar-teras-vg10-jaapani-sepistatud-roostevaba-teras\\\/#primaryimage\"},\"image\":{\"@id\":\"https:\\\/\\\/aaknives.eu\\\/et\\\/product\\\/nuga-boar-teras-vg10-jaapani-sepistatud-roostevaba-teras\\\/#primaryimage\"},\"thumbnailUrl\":\"https:\\\/\\\/aaknives.eu\\\/wp-content\\\/uploads\\\/2025\\\/07\\\/aaknives-hand-forged-damascus-steel-blade-knife-handmade-custom-made-knife-handcrafted-knives-autinetools-northmen-38.2.jpg\",\"datePublished\":\"2025-07-03T18:37:49+00:00\",\"dateModified\":\"2025-07-07T15:56:26+00:00\",\"description\":\"VG10 on \u00fcks populaarsemaid kvaliteetseid Jaapani roostevabasid teraseid, eriti populaarne k\u00f6\u00f6gi- ja taskunugade puhul.\",\"breadcrumb\":{\"@id\":\"https:\\\/\\\/aaknives.eu\\\/et\\\/product\\\/nuga-boar-teras-vg10-jaapani-sepistatud-roostevaba-teras\\\/#breadcrumb\"},\"inLanguage\":\"et\",\"potentialAction\":[{\"@type\":\"ReadAction\",\"target\":[\"https:\\\/\\\/aaknives.eu\\\/et\\\/product\\\/nuga-boar-teras-vg10-jaapani-sepistatud-roostevaba-teras\\\/\"]}]},{\"@type\":\"ImageObject\",\"inLanguage\":\"et\",\"@id\":\"https:\\\/\\\/aaknives.eu\\\/et\\\/product\\\/nuga-boar-teras-vg10-jaapani-sepistatud-roostevaba-teras\\\/#primaryimage\",\"url\":\"https:\\\/\\\/aaknives.eu\\\/wp-content\\\/uploads\\\/2025\\\/07\\\/aaknives-hand-forged-damascus-steel-blade-knife-handmade-custom-made-knife-handcrafted-knives-autinetools-northmen-38.2.jpg\",\"contentUrl\":\"https:\\\/\\\/aaknives.eu\\\/wp-content\\\/uploads\\\/2025\\\/07\\\/aaknives-hand-forged-damascus-steel-blade-knife-handmade-custom-made-knife-handcrafted-knives-autinetools-northmen-38.2.jpg\",\"width\":1020,\"height\":880},{\"@type\":\"BreadcrumbList\",\"@id\":\"https:\\\/\\\/aaknives.eu\\\/et\\\/product\\\/nuga-boar-teras-vg10-jaapani-sepistatud-roostevaba-teras\\\/#breadcrumb\",\"itemListElement\":[{\"@type\":\"ListItem\",\"position\":1,\"name\":\"Home\",\"item\":\"https:\\\/\\\/aaknives.eu\\\/et\\\/kodu\\\/\"},{\"@type\":\"ListItem\",\"position\":2,\"name\":\"Kauplus\",\"item\":\"https:\\\/\\\/aaknives.eu\\\/et\\\/kauplus\\\/\"},{\"@type\":\"ListItem\",\"position\":3,\"name\":\"Nuga &#8221;BOAR&#8221; teras VG10 Jaapani sepistatud roostevaba teras\"}]},{\"@type\":\"WebSite\",\"@id\":\"https:\\\/\\\/aaknives.eu\\\/et\\\/#website\",\"url\":\"https:\\\/\\\/aaknives.eu\\\/et\\\/\",\"name\":\"AAKnives\",\"description\":\"Handmade knives\",\"publisher\":{\"@id\":\"https:\\\/\\\/aaknives.eu\\\/et\\\/#organization\"},\"potentialAction\":[{\"@type\":\"SearchAction\",\"target\":{\"@type\":\"EntryPoint\",\"urlTemplate\":\"https:\\\/\\\/aaknives.eu\\\/et\\\/?s={search_term_string}\"},\"query-input\":{\"@type\":\"PropertyValueSpecification\",\"valueRequired\":true,\"valueName\":\"search_term_string\"}}],\"inLanguage\":\"et\"},{\"@type\":\"Organization\",\"@id\":\"https:\\\/\\\/aaknives.eu\\\/et\\\/#organization\",\"name\":\"AAKnives\",\"url\":\"https:\\\/\\\/aaknives.eu\\\/et\\\/\",\"logo\":{\"@type\":\"ImageObject\",\"inLanguage\":\"et\",\"@id\":\"https:\\\/\\\/aaknives.eu\\\/et\\\/#\\\/schema\\\/logo\\\/image\\\/\",\"url\":\"https:\\\/\\\/aaknives.eu\\\/wp-content\\\/uploads\\\/2021\\\/10\\\/AAknives_Logo_Green.png\",\"contentUrl\":\"https:\\\/\\\/aaknives.eu\\\/wp-content\\\/uploads\\\/2021\\\/10\\\/AAknives_Logo_Green.png\",\"width\":1768,\"height\":1768,\"caption\":\"AAKnives\"},\"image\":{\"@id\":\"https:\\\/\\\/aaknives.eu\\\/et\\\/#\\\/schema\\\/logo\\\/image\\\/\"},\"sameAs\":[\"https:\\\/\\\/www.facebook.com\\\/aaknives.eu\\\/\",\"https:\\\/\\\/www.instagram.com\\\/aaknives\\\/\",\"https:\\\/\\\/www.pinterest.com\\\/aa_knives\\\/\",\"https:\\\/\\\/www.youtube.com\\\/channel\\\/UCHOQFjrOkgT6s4FIw9LDKyw\\\/featured\"]}]}<\/script>\n<!-- \/ Yoast SEO plugin. -->","yoast_head_json":{"title":"Nuga ''BOAR'' teras VG10 Jaapani sepistatud roostevaba teras - AAKnives","description":"VG10 on \u00fcks populaarsemaid kvaliteetseid Jaapani roostevabasid teraseid, eriti populaarne k\u00f6\u00f6gi- ja taskunugade puhul.","robots":{"index":"index","follow":"follow","max-snippet":"max-snippet:-1","max-image-preview":"max-image-preview:large","max-video-preview":"max-video-preview:-1"},"canonical":"https:\/\/aaknives.eu\/et\/product\/nuga-boar-teras-vg10-jaapani-sepistatud-roostevaba-teras\/","og_locale":"et_EE","og_type":"article","og_title":"Nuga ''BOAR'' teras VG10 Jaapani sepistatud roostevaba teras - AAKnives","og_description":"VG10 on \u00fcks populaarsemaid kvaliteetseid Jaapani roostevabasid teraseid, eriti populaarne k\u00f6\u00f6gi- ja taskunugade puhul.","og_url":"https:\/\/aaknives.eu\/et\/product\/nuga-boar-teras-vg10-jaapani-sepistatud-roostevaba-teras\/","og_site_name":"AAKnives","article_publisher":"https:\/\/www.facebook.com\/aaknives.eu\/","article_modified_time":"2025-07-07T15:56:26+00:00","og_image":[{"width":1020,"height":880,"url":"https:\/\/aaknives.eu\/wp-content\/uploads\/2025\/07\/aaknives-hand-forged-damascus-steel-blade-knife-handmade-custom-made-knife-handcrafted-knives-autinetools-northmen-38.2.jpg","type":"image\/jpeg"}],"twitter_card":"summary_large_image","twitter_misc":{"Est. reading time":"1 minut"},"schema":{"@context":"https:\/\/schema.org","@graph":[{"@type":"WebPage","@id":"https:\/\/aaknives.eu\/et\/product\/nuga-boar-teras-vg10-jaapani-sepistatud-roostevaba-teras\/","url":"https:\/\/aaknives.eu\/et\/product\/nuga-boar-teras-vg10-jaapani-sepistatud-roostevaba-teras\/","name":"Nuga ''BOAR'' teras VG10 Jaapani sepistatud roostevaba teras - AAKnives","isPartOf":{"@id":"https:\/\/aaknives.eu\/et\/#website"},"primaryImageOfPage":{"@id":"https:\/\/aaknives.eu\/et\/product\/nuga-boar-teras-vg10-jaapani-sepistatud-roostevaba-teras\/#primaryimage"},"image":{"@id":"https:\/\/aaknives.eu\/et\/product\/nuga-boar-teras-vg10-jaapani-sepistatud-roostevaba-teras\/#primaryimage"},"thumbnailUrl":"https:\/\/aaknives.eu\/wp-content\/uploads\/2025\/07\/aaknives-hand-forged-damascus-steel-blade-knife-handmade-custom-made-knife-handcrafted-knives-autinetools-northmen-38.2.jpg","datePublished":"2025-07-03T18:37:49+00:00","dateModified":"2025-07-07T15:56:26+00:00","description":"VG10 on \u00fcks populaarsemaid kvaliteetseid Jaapani roostevabasid teraseid, eriti populaarne k\u00f6\u00f6gi- ja taskunugade puhul.","breadcrumb":{"@id":"https:\/\/aaknives.eu\/et\/product\/nuga-boar-teras-vg10-jaapani-sepistatud-roostevaba-teras\/#breadcrumb"},"inLanguage":"et","potentialAction":[{"@type":"ReadAction","target":["https:\/\/aaknives.eu\/et\/product\/nuga-boar-teras-vg10-jaapani-sepistatud-roostevaba-teras\/"]}]},{"@type":"ImageObject","inLanguage":"et","@id":"https:\/\/aaknives.eu\/et\/product\/nuga-boar-teras-vg10-jaapani-sepistatud-roostevaba-teras\/#primaryimage","url":"https:\/\/aaknives.eu\/wp-content\/uploads\/2025\/07\/aaknives-hand-forged-damascus-steel-blade-knife-handmade-custom-made-knife-handcrafted-knives-autinetools-northmen-38.2.jpg","contentUrl":"https:\/\/aaknives.eu\/wp-content\/uploads\/2025\/07\/aaknives-hand-forged-damascus-steel-blade-knife-handmade-custom-made-knife-handcrafted-knives-autinetools-northmen-38.2.jpg","width":1020,"height":880},{"@type":"BreadcrumbList","@id":"https:\/\/aaknives.eu\/et\/product\/nuga-boar-teras-vg10-jaapani-sepistatud-roostevaba-teras\/#breadcrumb","itemListElement":[{"@type":"ListItem","position":1,"name":"Home","item":"https:\/\/aaknives.eu\/et\/kodu\/"},{"@type":"ListItem","position":2,"name":"Kauplus","item":"https:\/\/aaknives.eu\/et\/kauplus\/"},{"@type":"ListItem","position":3,"name":"Nuga &#8221;BOAR&#8221; teras VG10 Jaapani sepistatud roostevaba teras"}]},{"@type":"WebSite","@id":"https:\/\/aaknives.eu\/et\/#website","url":"https:\/\/aaknives.eu\/et\/","name":"AAKnives","description":"Handmade knives","publisher":{"@id":"https:\/\/aaknives.eu\/et\/#organization"},"potentialAction":[{"@type":"SearchAction","target":{"@type":"EntryPoint","urlTemplate":"https:\/\/aaknives.eu\/et\/?s={search_term_string}"},"query-input":{"@type":"PropertyValueSpecification","valueRequired":true,"valueName":"search_term_string"}}],"inLanguage":"et"},{"@type":"Organization","@id":"https:\/\/aaknives.eu\/et\/#organization","name":"AAKnives","url":"https:\/\/aaknives.eu\/et\/","logo":{"@type":"ImageObject","inLanguage":"et","@id":"https:\/\/aaknives.eu\/et\/#\/schema\/logo\/image\/","url":"https:\/\/aaknives.eu\/wp-content\/uploads\/2021\/10\/AAknives_Logo_Green.png","contentUrl":"https:\/\/aaknives.eu\/wp-content\/uploads\/2021\/10\/AAknives_Logo_Green.png","width":1768,"height":1768,"caption":"AAKnives"},"image":{"@id":"https:\/\/aaknives.eu\/et\/#\/schema\/logo\/image\/"},"sameAs":["https:\/\/www.facebook.com\/aaknives.eu\/","https:\/\/www.instagram.com\/aaknives\/","https:\/\/www.pinterest.com\/aa_knives\/","https:\/\/www.youtube.com\/channel\/UCHOQFjrOkgT6s4FIw9LDKyw\/featured"]}]}},"_links":{"self":[{"href":"https:\/\/aaknives.eu\/et\/wp-json\/wp\/v2\/product\/100742","targetHints":{"allow":["GET"]}}],"collection":[{"href":"https:\/\/aaknives.eu\/et\/wp-json\/wp\/v2\/product"}],"about":[{"href":"https:\/\/aaknives.eu\/et\/wp-json\/wp\/v2\/types\/product"}],"wp:featuredmedia":[{"embeddable":true,"href":"https:\/\/aaknives.eu\/et\/wp-json\/wp\/v2\/media\/100749"}],"wp:attachment":[{"href":"https:\/\/aaknives.eu\/et\/wp-json\/wp\/v2\/media?parent=100742"}],"wp:term":[{"taxonomy":"product_brand","embeddable":true,"href":"https:\/\/aaknives.eu\/et\/wp-json\/wp\/v2\/product_brand?post=100742"},{"taxonomy":"product_cat","embeddable":true,"href":"https:\/\/aaknives.eu\/et\/wp-json\/wp\/v2\/product_cat?post=100742"},{"taxonomy":"product_tag","embeddable":true,"href":"https:\/\/aaknives.eu\/et\/wp-json\/wp\/v2\/product_tag?post=100742"}],"curies":[{"name":"wp","href":"https:\/\/api.w.org\/{rel}","templated":true}]}}