{"id":108044,"date":"2026-03-02T18:12:15","date_gmt":"2026-03-02T18:12:15","guid":{"rendered":"https:\/\/aaknives.eu\/?post_type=product&#038;p=108044"},"modified":"2026-03-02T18:17:08","modified_gmt":"2026-03-02T18:17:08","slug":"ken-onion-editioni-teritaja-mk-2","status":"publish","type":"product","link":"https:\/\/aaknives.eu\/et\/product\/ken-onion-editioni-teritaja-mk-2\/","title":{"rendered":"Ken Onion Editioni teritaja mk.2"},"content":{"rendered":"<p>Kogege t\u00e4psust ja kiirust Ken Onion Editioni noa- ja t\u00f6\u00f6riistateritajaga Mk.2\u2122, mis on loodud nii teravnoahuvilistele kui ka noakogujatele. Spetsiaalselt disainitud painduvad abrasiivlindid ja elektrooniline kiiruse reguleerimine tagavad professionaalsel tasemel teritustulemused kiiresti ja \u00fchtlaselt. See teritaja tagab t\u00e4psuse, uskumatult teravad servad ja kiired tulemused t\u00e4nu oma esmaklassilisele abrasiivlindide valikule ja nahkkattega teritusjuhikutele. Teritage taskunoasid, aiateritajaid, k\u00f6\u00f6ginoasid, k\u00e4\u00e4re ja laia valikut muru- ja aiat\u00f6\u00f6riistu, nagu kirved, niidukiterad ja oksak\u00e4\u00e4rid. Koost\u00f6\u00f6s noameistri Ken Onioniga v\u00e4lja t\u00f6\u00f6tatud teritaja toob professionaalide poolt kasutatava t\u00f5estatud tehnoloogia otse teie koju v\u00f5i poodi.<\/p>\n","protected":false},"excerpt":{"rendered":"<p>Kogege t\u00e4psust ja kiirust Ken Onion Editioni noa- ja t\u00f6\u00f6riistateritajaga Mk.2\u2122, mis on loodud nii teravnoahuvilistele kui ka noakogujatele. Spetsiaalselt disainitud painduvad abrasiivlindid ja elektrooniline kiiruse reguleerimine tagavad professionaalsel tasemel teritustulemused kiiresti ja \u00fchtlaselt. See teritaja tagab t\u00e4psuse, uskumatult teravad servad ja kiired tulemused t\u00e4nu oma esmaklassilisele abrasiivlindide valikule ja nahkkattega teritusjuhikutele. Teritage taskunoasid, aiateritajaid, k\u00f6\u00f6ginoasid, k\u00e4\u00e4re ja laia valikut muru- ja aiat\u00f6\u00f6riistu, nagu kirved, niidukiterad ja oksak\u00e4\u00e4rid. Koost\u00f6\u00f6s noameistri Ken Onioniga v\u00e4lja t\u00f6\u00f6tatud teritaja toob professionaalide poolt kasutatava t\u00f5estatud tehnoloogia otse teie koju v\u00f5i poodi.<\/p>\n","protected":false},"featured_media":108050,"template":"","meta":{"_themeisle_gutenberg_block_has_review":false},"product_brand":[],"product_cat":[351],"product_tag":[],"class_list":{"0":"post-108044","1":"product","2":"type-product","3":"status-publish","4":"has-post-thumbnail","6":"product_cat-nugade-teritamine-noateritajad","8":"first","9":"instock","10":"shipping-taxable","11":"purchasable","12":"product-type-simple"},"yoast_head":"<!-- This site is optimized with the Yoast SEO plugin v27.3 - https:\/\/yoast.com\/product\/yoast-seo-wordpress\/ -->\n<title>Ken Onion Editioni teritaja mk.2 - AAKnives<\/title>\n<meta name=\"description\" content=\"Kogege t\u00e4psust ja kiirust Ken Onion Editioni noa- ja t\u00f6\u00f6riistateritajaga Mk.2\u2122, mis on loodud nii teravnoahuvilistele kui ka noakogujatele.\" \/>\n<meta name=\"robots\" content=\"index, follow, max-snippet:-1, max-image-preview:large, max-video-preview:-1\" \/>\n<link rel=\"canonical\" href=\"https:\/\/aaknives.eu\/et\/product\/ken-onion-editioni-teritaja-mk-2\/\" \/>\n<meta property=\"og:locale\" content=\"et_EE\" \/>\n<meta property=\"og:type\" content=\"article\" \/>\n<meta property=\"og:title\" content=\"Ken Onion Editioni teritaja mk.2 - AAKnives\" \/>\n<meta property=\"og:description\" content=\"Kogege t\u00e4psust ja kiirust Ken Onion Editioni noa- ja t\u00f6\u00f6riistateritajaga Mk.2\u2122, mis on loodud nii teravnoahuvilistele kui ka noakogujatele.\" \/>\n<meta property=\"og:url\" content=\"https:\/\/aaknives.eu\/et\/product\/ken-onion-editioni-teritaja-mk-2\/\" \/>\n<meta property=\"og:site_name\" content=\"AAKnives\" \/>\n<meta property=\"article:publisher\" content=\"https:\/\/www.facebook.com\/aaknives.eu\/\" \/>\n<meta property=\"article:modified_time\" content=\"2026-03-02T18:17:08+00:00\" \/>\n<meta property=\"og:image\" content=\"https:\/\/aaknives.eu\/wp-content\/uploads\/2026\/03\/aaknives-hand-forged-damascus-steel-blade-knife-handmade-custom-made-knife-handcrafted-knives-autinetools-northmen-1.jpg\" \/>\n\t<meta property=\"og:image:width\" content=\"600\" \/>\n\t<meta property=\"og:image:height\" content=\"599\" \/>\n\t<meta property=\"og:image:type\" content=\"image\/jpeg\" \/>\n<meta name=\"twitter:card\" content=\"summary_large_image\" \/>\n<script type=\"application\/ld+json\" class=\"yoast-schema-graph\">{\"@context\":\"https:\\\/\\\/schema.org\",\"@graph\":[{\"@type\":\"WebPage\",\"@id\":\"https:\\\/\\\/aaknives.eu\\\/et\\\/product\\\/ken-onion-editioni-teritaja-mk-2\\\/\",\"url\":\"https:\\\/\\\/aaknives.eu\\\/et\\\/product\\\/ken-onion-editioni-teritaja-mk-2\\\/\",\"name\":\"Ken Onion Editioni teritaja mk.2 - AAKnives\",\"isPartOf\":{\"@id\":\"https:\\\/\\\/aaknives.eu\\\/et\\\/#website\"},\"primaryImageOfPage\":{\"@id\":\"https:\\\/\\\/aaknives.eu\\\/et\\\/product\\\/ken-onion-editioni-teritaja-mk-2\\\/#primaryimage\"},\"image\":{\"@id\":\"https:\\\/\\\/aaknives.eu\\\/et\\\/product\\\/ken-onion-editioni-teritaja-mk-2\\\/#primaryimage\"},\"thumbnailUrl\":\"https:\\\/\\\/aaknives.eu\\\/wp-content\\\/uploads\\\/2026\\\/03\\\/aaknives-hand-forged-damascus-steel-blade-knife-handmade-custom-made-knife-handcrafted-knives-autinetools-northmen-1.jpg\",\"datePublished\":\"2026-03-02T18:12:15+00:00\",\"dateModified\":\"2026-03-02T18:17:08+00:00\",\"description\":\"Kogege t\u00e4psust ja kiirust Ken Onion Editioni noa- ja t\u00f6\u00f6riistateritajaga Mk.2\u2122, mis on loodud nii teravnoahuvilistele kui ka noakogujatele.\",\"breadcrumb\":{\"@id\":\"https:\\\/\\\/aaknives.eu\\\/et\\\/product\\\/ken-onion-editioni-teritaja-mk-2\\\/#breadcrumb\"},\"inLanguage\":\"et\",\"potentialAction\":[{\"@type\":\"ReadAction\",\"target\":[\"https:\\\/\\\/aaknives.eu\\\/et\\\/product\\\/ken-onion-editioni-teritaja-mk-2\\\/\"]}]},{\"@type\":\"ImageObject\",\"inLanguage\":\"et\",\"@id\":\"https:\\\/\\\/aaknives.eu\\\/et\\\/product\\\/ken-onion-editioni-teritaja-mk-2\\\/#primaryimage\",\"url\":\"https:\\\/\\\/aaknives.eu\\\/wp-content\\\/uploads\\\/2026\\\/03\\\/aaknives-hand-forged-damascus-steel-blade-knife-handmade-custom-made-knife-handcrafted-knives-autinetools-northmen-1.jpg\",\"contentUrl\":\"https:\\\/\\\/aaknives.eu\\\/wp-content\\\/uploads\\\/2026\\\/03\\\/aaknives-hand-forged-damascus-steel-blade-knife-handmade-custom-made-knife-handcrafted-knives-autinetools-northmen-1.jpg\",\"width\":600,\"height\":599},{\"@type\":\"BreadcrumbList\",\"@id\":\"https:\\\/\\\/aaknives.eu\\\/et\\\/product\\\/ken-onion-editioni-teritaja-mk-2\\\/#breadcrumb\",\"itemListElement\":[{\"@type\":\"ListItem\",\"position\":1,\"name\":\"Home\",\"item\":\"https:\\\/\\\/aaknives.eu\\\/et\\\/kodu\\\/\"},{\"@type\":\"ListItem\",\"position\":2,\"name\":\"Kauplus\",\"item\":\"https:\\\/\\\/aaknives.eu\\\/et\\\/kauplus\\\/\"},{\"@type\":\"ListItem\",\"position\":3,\"name\":\"Ken Onion Editioni teritaja mk.2\"}]},{\"@type\":\"WebSite\",\"@id\":\"https:\\\/\\\/aaknives.eu\\\/et\\\/#website\",\"url\":\"https:\\\/\\\/aaknives.eu\\\/et\\\/\",\"name\":\"AAKnives\",\"description\":\"Handmade knives\",\"publisher\":{\"@id\":\"https:\\\/\\\/aaknives.eu\\\/et\\\/#organization\"},\"potentialAction\":[{\"@type\":\"SearchAction\",\"target\":{\"@type\":\"EntryPoint\",\"urlTemplate\":\"https:\\\/\\\/aaknives.eu\\\/et\\\/?s={search_term_string}\"},\"query-input\":{\"@type\":\"PropertyValueSpecification\",\"valueRequired\":true,\"valueName\":\"search_term_string\"}}],\"inLanguage\":\"et\"},{\"@type\":\"Organization\",\"@id\":\"https:\\\/\\\/aaknives.eu\\\/et\\\/#organization\",\"name\":\"AAKnives\",\"url\":\"https:\\\/\\\/aaknives.eu\\\/et\\\/\",\"logo\":{\"@type\":\"ImageObject\",\"inLanguage\":\"et\",\"@id\":\"https:\\\/\\\/aaknives.eu\\\/et\\\/#\\\/schema\\\/logo\\\/image\\\/\",\"url\":\"https:\\\/\\\/aaknives.eu\\\/wp-content\\\/uploads\\\/2021\\\/10\\\/AAknives_Logo_Green.png\",\"contentUrl\":\"https:\\\/\\\/aaknives.eu\\\/wp-content\\\/uploads\\\/2021\\\/10\\\/AAknives_Logo_Green.png\",\"width\":1768,\"height\":1768,\"caption\":\"AAKnives\"},\"image\":{\"@id\":\"https:\\\/\\\/aaknives.eu\\\/et\\\/#\\\/schema\\\/logo\\\/image\\\/\"},\"sameAs\":[\"https:\\\/\\\/www.facebook.com\\\/aaknives.eu\\\/\",\"https:\\\/\\\/www.instagram.com\\\/aaknives\\\/\",\"https:\\\/\\\/www.pinterest.com\\\/aa_knives\\\/\",\"https:\\\/\\\/www.youtube.com\\\/channel\\\/UCHOQFjrOkgT6s4FIw9LDKyw\\\/featured\"]}]}<\/script>\n<!-- \/ Yoast SEO plugin. -->","yoast_head_json":{"title":"Ken Onion Editioni teritaja mk.2 - AAKnives","description":"Kogege t\u00e4psust ja kiirust Ken Onion Editioni noa- ja t\u00f6\u00f6riistateritajaga Mk.2\u2122, mis on loodud nii teravnoahuvilistele kui ka noakogujatele.","robots":{"index":"index","follow":"follow","max-snippet":"max-snippet:-1","max-image-preview":"max-image-preview:large","max-video-preview":"max-video-preview:-1"},"canonical":"https:\/\/aaknives.eu\/et\/product\/ken-onion-editioni-teritaja-mk-2\/","og_locale":"et_EE","og_type":"article","og_title":"Ken Onion Editioni teritaja mk.2 - AAKnives","og_description":"Kogege t\u00e4psust ja kiirust Ken Onion Editioni noa- ja t\u00f6\u00f6riistateritajaga Mk.2\u2122, mis on loodud nii teravnoahuvilistele kui ka noakogujatele.","og_url":"https:\/\/aaknives.eu\/et\/product\/ken-onion-editioni-teritaja-mk-2\/","og_site_name":"AAKnives","article_publisher":"https:\/\/www.facebook.com\/aaknives.eu\/","article_modified_time":"2026-03-02T18:17:08+00:00","og_image":[{"width":600,"height":599,"url":"https:\/\/aaknives.eu\/wp-content\/uploads\/2026\/03\/aaknives-hand-forged-damascus-steel-blade-knife-handmade-custom-made-knife-handcrafted-knives-autinetools-northmen-1.jpg","type":"image\/jpeg"}],"twitter_card":"summary_large_image","schema":{"@context":"https:\/\/schema.org","@graph":[{"@type":"WebPage","@id":"https:\/\/aaknives.eu\/et\/product\/ken-onion-editioni-teritaja-mk-2\/","url":"https:\/\/aaknives.eu\/et\/product\/ken-onion-editioni-teritaja-mk-2\/","name":"Ken Onion Editioni teritaja mk.2 - AAKnives","isPartOf":{"@id":"https:\/\/aaknives.eu\/et\/#website"},"primaryImageOfPage":{"@id":"https:\/\/aaknives.eu\/et\/product\/ken-onion-editioni-teritaja-mk-2\/#primaryimage"},"image":{"@id":"https:\/\/aaknives.eu\/et\/product\/ken-onion-editioni-teritaja-mk-2\/#primaryimage"},"thumbnailUrl":"https:\/\/aaknives.eu\/wp-content\/uploads\/2026\/03\/aaknives-hand-forged-damascus-steel-blade-knife-handmade-custom-made-knife-handcrafted-knives-autinetools-northmen-1.jpg","datePublished":"2026-03-02T18:12:15+00:00","dateModified":"2026-03-02T18:17:08+00:00","description":"Kogege t\u00e4psust ja kiirust Ken Onion Editioni noa- ja t\u00f6\u00f6riistateritajaga Mk.2\u2122, mis on loodud nii teravnoahuvilistele kui ka noakogujatele.","breadcrumb":{"@id":"https:\/\/aaknives.eu\/et\/product\/ken-onion-editioni-teritaja-mk-2\/#breadcrumb"},"inLanguage":"et","potentialAction":[{"@type":"ReadAction","target":["https:\/\/aaknives.eu\/et\/product\/ken-onion-editioni-teritaja-mk-2\/"]}]},{"@type":"ImageObject","inLanguage":"et","@id":"https:\/\/aaknives.eu\/et\/product\/ken-onion-editioni-teritaja-mk-2\/#primaryimage","url":"https:\/\/aaknives.eu\/wp-content\/uploads\/2026\/03\/aaknives-hand-forged-damascus-steel-blade-knife-handmade-custom-made-knife-handcrafted-knives-autinetools-northmen-1.jpg","contentUrl":"https:\/\/aaknives.eu\/wp-content\/uploads\/2026\/03\/aaknives-hand-forged-damascus-steel-blade-knife-handmade-custom-made-knife-handcrafted-knives-autinetools-northmen-1.jpg","width":600,"height":599},{"@type":"BreadcrumbList","@id":"https:\/\/aaknives.eu\/et\/product\/ken-onion-editioni-teritaja-mk-2\/#breadcrumb","itemListElement":[{"@type":"ListItem","position":1,"name":"Home","item":"https:\/\/aaknives.eu\/et\/kodu\/"},{"@type":"ListItem","position":2,"name":"Kauplus","item":"https:\/\/aaknives.eu\/et\/kauplus\/"},{"@type":"ListItem","position":3,"name":"Ken Onion Editioni teritaja mk.2"}]},{"@type":"WebSite","@id":"https:\/\/aaknives.eu\/et\/#website","url":"https:\/\/aaknives.eu\/et\/","name":"AAKnives","description":"Handmade knives","publisher":{"@id":"https:\/\/aaknives.eu\/et\/#organization"},"potentialAction":[{"@type":"SearchAction","target":{"@type":"EntryPoint","urlTemplate":"https:\/\/aaknives.eu\/et\/?s={search_term_string}"},"query-input":{"@type":"PropertyValueSpecification","valueRequired":true,"valueName":"search_term_string"}}],"inLanguage":"et"},{"@type":"Organization","@id":"https:\/\/aaknives.eu\/et\/#organization","name":"AAKnives","url":"https:\/\/aaknives.eu\/et\/","logo":{"@type":"ImageObject","inLanguage":"et","@id":"https:\/\/aaknives.eu\/et\/#\/schema\/logo\/image\/","url":"https:\/\/aaknives.eu\/wp-content\/uploads\/2021\/10\/AAknives_Logo_Green.png","contentUrl":"https:\/\/aaknives.eu\/wp-content\/uploads\/2021\/10\/AAknives_Logo_Green.png","width":1768,"height":1768,"caption":"AAKnives"},"image":{"@id":"https:\/\/aaknives.eu\/et\/#\/schema\/logo\/image\/"},"sameAs":["https:\/\/www.facebook.com\/aaknives.eu\/","https:\/\/www.instagram.com\/aaknives\/","https:\/\/www.pinterest.com\/aa_knives\/","https:\/\/www.youtube.com\/channel\/UCHOQFjrOkgT6s4FIw9LDKyw\/featured"]}]}},"_links":{"self":[{"href":"https:\/\/aaknives.eu\/et\/wp-json\/wp\/v2\/product\/108044","targetHints":{"allow":["GET"]}}],"collection":[{"href":"https:\/\/aaknives.eu\/et\/wp-json\/wp\/v2\/product"}],"about":[{"href":"https:\/\/aaknives.eu\/et\/wp-json\/wp\/v2\/types\/product"}],"wp:featuredmedia":[{"embeddable":true,"href":"https:\/\/aaknives.eu\/et\/wp-json\/wp\/v2\/media\/108050"}],"wp:attachment":[{"href":"https:\/\/aaknives.eu\/et\/wp-json\/wp\/v2\/media?parent=108044"}],"wp:term":[{"taxonomy":"product_brand","embeddable":true,"href":"https:\/\/aaknives.eu\/et\/wp-json\/wp\/v2\/product_brand?post=108044"},{"taxonomy":"product_cat","embeddable":true,"href":"https:\/\/aaknives.eu\/et\/wp-json\/wp\/v2\/product_cat?post=108044"},{"taxonomy":"product_tag","embeddable":true,"href":"https:\/\/aaknives.eu\/et\/wp-json\/wp\/v2\/product_tag?post=108044"}],"curies":[{"name":"wp","href":"https:\/\/api.w.org\/{rel}","templated":true}]}}