{"id":108093,"date":"2026-03-02T18:23:37","date_gmt":"2026-03-02T18:23:37","guid":{"rendered":"https:\/\/aaknives.eu\/?post_type=product&#038;p=108093"},"modified":"2026-03-02T18:26:06","modified_gmt":"2026-03-02T18:26:06","slug":"knivslipare-med-utdragbar-kniv","status":"publish","type":"product","link":"https:\/\/aaknives.eu\/et\/product\/knivslipare-med-utdragbar-kniv\/","title":{"rendered":"Knivslipare med utdragbar kniv"},"content":{"rendered":"<p>K\u00f6kssliparen med utdragbar kniv ger otroligt vassa resultat p\u00e5 alla k\u00f6ksknivar i tv\u00e5 enkla steg. F\u00f6r dig som vill slipa k\u00f6ksknivar snabbt, enkelt och effektivt \u00e4r detta r\u00e4tt s\u00e4tt att slipa dem.<\/p>\n<p>Diamantskivorna slipar snabbt och skonsamt eggen till 20\u00b0, medan de keramiska skivorna slipar tillbaka eggen till originalniv\u00e5.<br \/>\nDet \u00e4r \u00e4nnu enklare att slipa om, anv\u00e4nd bara den keramiska slipen och g\u00e5 tillbaka till sk\u00e4rbr\u00e4dan.<\/p>\n<p>Den extra diamantplattan \u00e5terst\u00e4ller en vass egg p\u00e5 din sax. Det ergonomiska gummigreppet och basen ger en s\u00e4ker och bekv\u00e4m slipupplevelse. Fr\u00e5n att reparera en gammal favorit till att slipa en vass egg p\u00e5 din dagliga kockkniv, \u00e4r denna slipare redo f\u00f6r uppgiften. Den kompakta designen f\u00e5r enkelt plats i din k\u00f6ksl\u00e5da eller i ditt grillkit, s\u00e5 det finns ingen anledning att tolerera en sl\u00f6 kniv n\u00e5gonsin igen.<\/p>\n<p>Slipa p\u00e5 320-korns diamant, slipa p\u00e5 keramik<br \/>\nKompakt, ergonomisk design<br \/>\nInkluderar saxslipare<\/p>\n","protected":false},"excerpt":{"rendered":"<p>K\u00f6kssliparen med utdragbar kniv ger otroligt vassa resultat p\u00e5 alla k\u00f6ksknivar i tv\u00e5 enkla steg. F\u00f6r dig som vill slipa k\u00f6ksknivar snabbt, enkelt och effektivt \u00e4r detta r\u00e4tt s\u00e4tt att slipa dem. Diamantskivorna slipar snabbt och skonsamt eggen till 20\u00b0, medan de keramiska skivorna slipar tillbaka eggen till originalniv\u00e5. Det \u00e4r \u00e4nnu enklare att slipa om, anv\u00e4nd bara den keramiska slipen och g\u00e5 tillbaka till sk\u00e4rbr\u00e4dan. Den extra diamantplattan \u00e5terst\u00e4ller en vass egg p\u00e5 din sax. Det ergonomiska gummigreppet och basen ger en s\u00e4ker och bekv\u00e4m slipupplevelse. Fr\u00e5n att reparera en gammal favorit till att slipa en vass egg p\u00e5&hellip;<\/p>\n","protected":false},"featured_media":108100,"template":"","meta":{"_themeisle_gutenberg_block_has_review":false},"product_brand":[],"product_cat":[351],"product_tag":[],"class_list":{"0":"post-108093","1":"product","2":"type-product","3":"status-publish","4":"has-post-thumbnail","6":"product_cat-nugade-teritamine-noateritajad","8":"first","9":"instock","10":"shipping-taxable","11":"purchasable","12":"product-type-simple"},"yoast_head":"<!-- This site is optimized with the Yoast SEO plugin v27.3 - https:\/\/yoast.com\/product\/yoast-seo-wordpress\/ -->\n<title>Knivslipare med utdragbar kniv - AAKnives<\/title>\n<meta name=\"description\" content=\"K\u00f6kssliparen med utdragbar kniv ger otroligt vassa resultat p\u00e5 alla k\u00f6ksknivar i tv\u00e5 enkla steg.\" \/>\n<meta name=\"robots\" content=\"index, follow, max-snippet:-1, max-image-preview:large, max-video-preview:-1\" \/>\n<link rel=\"canonical\" href=\"https:\/\/aaknives.eu\/et\/product\/knivslipare-med-utdragbar-kniv\/\" \/>\n<meta property=\"og:locale\" content=\"et_EE\" \/>\n<meta property=\"og:type\" content=\"article\" \/>\n<meta property=\"og:title\" content=\"Knivslipare med utdragbar kniv - AAKnives\" \/>\n<meta property=\"og:description\" content=\"K\u00f6kssliparen med utdragbar kniv ger otroligt vassa resultat p\u00e5 alla k\u00f6ksknivar i tv\u00e5 enkla steg.\" \/>\n<meta property=\"og:url\" content=\"https:\/\/aaknives.eu\/et\/product\/knivslipare-med-utdragbar-kniv\/\" \/>\n<meta property=\"og:site_name\" content=\"AAKnives\" \/>\n<meta property=\"article:publisher\" content=\"https:\/\/www.facebook.com\/aaknives.eu\/\" \/>\n<meta property=\"article:modified_time\" content=\"2026-03-02T18:26:06+00:00\" \/>\n<meta property=\"og:image\" content=\"https:\/\/aaknives.eu\/wp-content\/uploads\/2026\/03\/aaknives-hand-forged-damascus-steel-blade-knife-handmade-custom-made-knife-handcrafted-knives-autinetools-northmen-7.jpg\" \/>\n\t<meta property=\"og:image:width\" content=\"600\" \/>\n\t<meta property=\"og:image:height\" content=\"600\" \/>\n\t<meta property=\"og:image:type\" content=\"image\/jpeg\" \/>\n<meta name=\"twitter:card\" content=\"summary_large_image\" \/>\n<meta name=\"twitter:label1\" content=\"Est. reading time\" \/>\n\t<meta name=\"twitter:data1\" content=\"1 minut\" \/>\n<script type=\"application\/ld+json\" class=\"yoast-schema-graph\">{\"@context\":\"https:\\\/\\\/schema.org\",\"@graph\":[{\"@type\":\"WebPage\",\"@id\":\"https:\\\/\\\/aaknives.eu\\\/et\\\/product\\\/knivslipare-med-utdragbar-kniv\\\/\",\"url\":\"https:\\\/\\\/aaknives.eu\\\/et\\\/product\\\/knivslipare-med-utdragbar-kniv\\\/\",\"name\":\"Knivslipare med utdragbar kniv - AAKnives\",\"isPartOf\":{\"@id\":\"https:\\\/\\\/aaknives.eu\\\/et\\\/#website\"},\"primaryImageOfPage\":{\"@id\":\"https:\\\/\\\/aaknives.eu\\\/et\\\/product\\\/knivslipare-med-utdragbar-kniv\\\/#primaryimage\"},\"image\":{\"@id\":\"https:\\\/\\\/aaknives.eu\\\/et\\\/product\\\/knivslipare-med-utdragbar-kniv\\\/#primaryimage\"},\"thumbnailUrl\":\"https:\\\/\\\/aaknives.eu\\\/wp-content\\\/uploads\\\/2026\\\/03\\\/aaknives-hand-forged-damascus-steel-blade-knife-handmade-custom-made-knife-handcrafted-knives-autinetools-northmen-7.jpg\",\"datePublished\":\"2026-03-02T18:23:37+00:00\",\"dateModified\":\"2026-03-02T18:26:06+00:00\",\"description\":\"K\u00f6kssliparen med utdragbar kniv ger otroligt vassa resultat p\u00e5 alla k\u00f6ksknivar i tv\u00e5 enkla steg.\",\"breadcrumb\":{\"@id\":\"https:\\\/\\\/aaknives.eu\\\/et\\\/product\\\/knivslipare-med-utdragbar-kniv\\\/#breadcrumb\"},\"inLanguage\":\"et\",\"potentialAction\":[{\"@type\":\"ReadAction\",\"target\":[\"https:\\\/\\\/aaknives.eu\\\/et\\\/product\\\/knivslipare-med-utdragbar-kniv\\\/\"]}]},{\"@type\":\"ImageObject\",\"inLanguage\":\"et\",\"@id\":\"https:\\\/\\\/aaknives.eu\\\/et\\\/product\\\/knivslipare-med-utdragbar-kniv\\\/#primaryimage\",\"url\":\"https:\\\/\\\/aaknives.eu\\\/wp-content\\\/uploads\\\/2026\\\/03\\\/aaknives-hand-forged-damascus-steel-blade-knife-handmade-custom-made-knife-handcrafted-knives-autinetools-northmen-7.jpg\",\"contentUrl\":\"https:\\\/\\\/aaknives.eu\\\/wp-content\\\/uploads\\\/2026\\\/03\\\/aaknives-hand-forged-damascus-steel-blade-knife-handmade-custom-made-knife-handcrafted-knives-autinetools-northmen-7.jpg\",\"width\":600,\"height\":600},{\"@type\":\"BreadcrumbList\",\"@id\":\"https:\\\/\\\/aaknives.eu\\\/et\\\/product\\\/knivslipare-med-utdragbar-kniv\\\/#breadcrumb\",\"itemListElement\":[{\"@type\":\"ListItem\",\"position\":1,\"name\":\"Home\",\"item\":\"https:\\\/\\\/aaknives.eu\\\/et\\\/kodu\\\/\"},{\"@type\":\"ListItem\",\"position\":2,\"name\":\"Kauplus\",\"item\":\"https:\\\/\\\/aaknives.eu\\\/et\\\/kauplus\\\/\"},{\"@type\":\"ListItem\",\"position\":3,\"name\":\"Knivslipare med utdragbar kniv\"}]},{\"@type\":\"WebSite\",\"@id\":\"https:\\\/\\\/aaknives.eu\\\/et\\\/#website\",\"url\":\"https:\\\/\\\/aaknives.eu\\\/et\\\/\",\"name\":\"AAKnives\",\"description\":\"Handmade knives\",\"publisher\":{\"@id\":\"https:\\\/\\\/aaknives.eu\\\/et\\\/#organization\"},\"potentialAction\":[{\"@type\":\"SearchAction\",\"target\":{\"@type\":\"EntryPoint\",\"urlTemplate\":\"https:\\\/\\\/aaknives.eu\\\/et\\\/?s={search_term_string}\"},\"query-input\":{\"@type\":\"PropertyValueSpecification\",\"valueRequired\":true,\"valueName\":\"search_term_string\"}}],\"inLanguage\":\"et\"},{\"@type\":\"Organization\",\"@id\":\"https:\\\/\\\/aaknives.eu\\\/et\\\/#organization\",\"name\":\"AAKnives\",\"url\":\"https:\\\/\\\/aaknives.eu\\\/et\\\/\",\"logo\":{\"@type\":\"ImageObject\",\"inLanguage\":\"et\",\"@id\":\"https:\\\/\\\/aaknives.eu\\\/et\\\/#\\\/schema\\\/logo\\\/image\\\/\",\"url\":\"https:\\\/\\\/aaknives.eu\\\/wp-content\\\/uploads\\\/2021\\\/10\\\/AAknives_Logo_Green.png\",\"contentUrl\":\"https:\\\/\\\/aaknives.eu\\\/wp-content\\\/uploads\\\/2021\\\/10\\\/AAknives_Logo_Green.png\",\"width\":1768,\"height\":1768,\"caption\":\"AAKnives\"},\"image\":{\"@id\":\"https:\\\/\\\/aaknives.eu\\\/et\\\/#\\\/schema\\\/logo\\\/image\\\/\"},\"sameAs\":[\"https:\\\/\\\/www.facebook.com\\\/aaknives.eu\\\/\",\"https:\\\/\\\/www.instagram.com\\\/aaknives\\\/\",\"https:\\\/\\\/www.pinterest.com\\\/aa_knives\\\/\",\"https:\\\/\\\/www.youtube.com\\\/channel\\\/UCHOQFjrOkgT6s4FIw9LDKyw\\\/featured\"]}]}<\/script>\n<!-- \/ Yoast SEO plugin. -->","yoast_head_json":{"title":"Knivslipare med utdragbar kniv - AAKnives","description":"K\u00f6kssliparen med utdragbar kniv ger otroligt vassa resultat p\u00e5 alla k\u00f6ksknivar i tv\u00e5 enkla steg.","robots":{"index":"index","follow":"follow","max-snippet":"max-snippet:-1","max-image-preview":"max-image-preview:large","max-video-preview":"max-video-preview:-1"},"canonical":"https:\/\/aaknives.eu\/et\/product\/knivslipare-med-utdragbar-kniv\/","og_locale":"et_EE","og_type":"article","og_title":"Knivslipare med utdragbar kniv - AAKnives","og_description":"K\u00f6kssliparen med utdragbar kniv ger otroligt vassa resultat p\u00e5 alla k\u00f6ksknivar i tv\u00e5 enkla steg.","og_url":"https:\/\/aaknives.eu\/et\/product\/knivslipare-med-utdragbar-kniv\/","og_site_name":"AAKnives","article_publisher":"https:\/\/www.facebook.com\/aaknives.eu\/","article_modified_time":"2026-03-02T18:26:06+00:00","og_image":[{"width":600,"height":600,"url":"https:\/\/aaknives.eu\/wp-content\/uploads\/2026\/03\/aaknives-hand-forged-damascus-steel-blade-knife-handmade-custom-made-knife-handcrafted-knives-autinetools-northmen-7.jpg","type":"image\/jpeg"}],"twitter_card":"summary_large_image","twitter_misc":{"Est. reading time":"1 minut"},"schema":{"@context":"https:\/\/schema.org","@graph":[{"@type":"WebPage","@id":"https:\/\/aaknives.eu\/et\/product\/knivslipare-med-utdragbar-kniv\/","url":"https:\/\/aaknives.eu\/et\/product\/knivslipare-med-utdragbar-kniv\/","name":"Knivslipare med utdragbar kniv - AAKnives","isPartOf":{"@id":"https:\/\/aaknives.eu\/et\/#website"},"primaryImageOfPage":{"@id":"https:\/\/aaknives.eu\/et\/product\/knivslipare-med-utdragbar-kniv\/#primaryimage"},"image":{"@id":"https:\/\/aaknives.eu\/et\/product\/knivslipare-med-utdragbar-kniv\/#primaryimage"},"thumbnailUrl":"https:\/\/aaknives.eu\/wp-content\/uploads\/2026\/03\/aaknives-hand-forged-damascus-steel-blade-knife-handmade-custom-made-knife-handcrafted-knives-autinetools-northmen-7.jpg","datePublished":"2026-03-02T18:23:37+00:00","dateModified":"2026-03-02T18:26:06+00:00","description":"K\u00f6kssliparen med utdragbar kniv ger otroligt vassa resultat p\u00e5 alla k\u00f6ksknivar i tv\u00e5 enkla steg.","breadcrumb":{"@id":"https:\/\/aaknives.eu\/et\/product\/knivslipare-med-utdragbar-kniv\/#breadcrumb"},"inLanguage":"et","potentialAction":[{"@type":"ReadAction","target":["https:\/\/aaknives.eu\/et\/product\/knivslipare-med-utdragbar-kniv\/"]}]},{"@type":"ImageObject","inLanguage":"et","@id":"https:\/\/aaknives.eu\/et\/product\/knivslipare-med-utdragbar-kniv\/#primaryimage","url":"https:\/\/aaknives.eu\/wp-content\/uploads\/2026\/03\/aaknives-hand-forged-damascus-steel-blade-knife-handmade-custom-made-knife-handcrafted-knives-autinetools-northmen-7.jpg","contentUrl":"https:\/\/aaknives.eu\/wp-content\/uploads\/2026\/03\/aaknives-hand-forged-damascus-steel-blade-knife-handmade-custom-made-knife-handcrafted-knives-autinetools-northmen-7.jpg","width":600,"height":600},{"@type":"BreadcrumbList","@id":"https:\/\/aaknives.eu\/et\/product\/knivslipare-med-utdragbar-kniv\/#breadcrumb","itemListElement":[{"@type":"ListItem","position":1,"name":"Home","item":"https:\/\/aaknives.eu\/et\/kodu\/"},{"@type":"ListItem","position":2,"name":"Kauplus","item":"https:\/\/aaknives.eu\/et\/kauplus\/"},{"@type":"ListItem","position":3,"name":"Knivslipare med utdragbar kniv"}]},{"@type":"WebSite","@id":"https:\/\/aaknives.eu\/et\/#website","url":"https:\/\/aaknives.eu\/et\/","name":"AAKnives","description":"Handmade knives","publisher":{"@id":"https:\/\/aaknives.eu\/et\/#organization"},"potentialAction":[{"@type":"SearchAction","target":{"@type":"EntryPoint","urlTemplate":"https:\/\/aaknives.eu\/et\/?s={search_term_string}"},"query-input":{"@type":"PropertyValueSpecification","valueRequired":true,"valueName":"search_term_string"}}],"inLanguage":"et"},{"@type":"Organization","@id":"https:\/\/aaknives.eu\/et\/#organization","name":"AAKnives","url":"https:\/\/aaknives.eu\/et\/","logo":{"@type":"ImageObject","inLanguage":"et","@id":"https:\/\/aaknives.eu\/et\/#\/schema\/logo\/image\/","url":"https:\/\/aaknives.eu\/wp-content\/uploads\/2021\/10\/AAknives_Logo_Green.png","contentUrl":"https:\/\/aaknives.eu\/wp-content\/uploads\/2021\/10\/AAknives_Logo_Green.png","width":1768,"height":1768,"caption":"AAKnives"},"image":{"@id":"https:\/\/aaknives.eu\/et\/#\/schema\/logo\/image\/"},"sameAs":["https:\/\/www.facebook.com\/aaknives.eu\/","https:\/\/www.instagram.com\/aaknives\/","https:\/\/www.pinterest.com\/aa_knives\/","https:\/\/www.youtube.com\/channel\/UCHOQFjrOkgT6s4FIw9LDKyw\/featured"]}]}},"_links":{"self":[{"href":"https:\/\/aaknives.eu\/et\/wp-json\/wp\/v2\/product\/108093","targetHints":{"allow":["GET"]}}],"collection":[{"href":"https:\/\/aaknives.eu\/et\/wp-json\/wp\/v2\/product"}],"about":[{"href":"https:\/\/aaknives.eu\/et\/wp-json\/wp\/v2\/types\/product"}],"wp:featuredmedia":[{"embeddable":true,"href":"https:\/\/aaknives.eu\/et\/wp-json\/wp\/v2\/media\/108100"}],"wp:attachment":[{"href":"https:\/\/aaknives.eu\/et\/wp-json\/wp\/v2\/media?parent=108093"}],"wp:term":[{"taxonomy":"product_brand","embeddable":true,"href":"https:\/\/aaknives.eu\/et\/wp-json\/wp\/v2\/product_brand?post=108093"},{"taxonomy":"product_cat","embeddable":true,"href":"https:\/\/aaknives.eu\/et\/wp-json\/wp\/v2\/product_cat?post=108093"},{"taxonomy":"product_tag","embeddable":true,"href":"https:\/\/aaknives.eu\/et\/wp-json\/wp\/v2\/product_tag?post=108093"}],"curies":[{"name":"wp","href":"https:\/\/api.w.org\/{rel}","templated":true}]}}