{"id":108121,"date":"2026-03-02T18:31:49","date_gmt":"2026-03-02T18:31:49","guid":{"rendered":"https:\/\/aaknives.eu\/?post_type=product&#038;p=108121"},"modified":"2026-03-02T18:35:59","modified_gmt":"2026-03-02T18:35:59","slug":"kooginoa-teritaja","status":"publish","type":"product","link":"https:\/\/aaknives.eu\/et\/product\/kooginoa-teritaja\/","title":{"rendered":"K\u00f6\u00f6ginoa teritaja"},"content":{"rendered":"<p>Teie k\u00f6\u00f6ginoa kaaslane mugavaks ja ohutuks teritamiseks. T\u00e4nu kompaktsele suurusele on seda lihtne hoiustada v\u00f5i kokku pakkida, tagades, et see on alati k\u00e4eulatuses. \u00c4rge leppige n\u00fcride teradega toiduvalmistamisel. See mugav ja h\u00f5lpsasti kasutatav hooldusvahend tagab teravuse iga eelarve piires, teritades k\u00f6\u00f6ginoad vaevata vaid kahe lihtsa sammuga. Teritab igat t\u00fc\u00fcpi k\u00f6\u00f6ginoasid, sealhulgas kokanoad, viilutusnoad, koorimisnoad ja isegi sakilised leivanugad. Olenemata sellest, kas see on teie k\u00f6\u00f6gisahtlis, matkavarustuses v\u00f5i grillikomplektis, on see alati valmis, kui seda vajate, tagades teie kulinaarsete loomingute s\u00e4ra.<\/p>\n","protected":false},"excerpt":{"rendered":"<p>Teie k\u00f6\u00f6ginoa kaaslane mugavaks ja ohutuks teritamiseks. T\u00e4nu kompaktsele suurusele on seda lihtne hoiustada v\u00f5i kokku pakkida, tagades, et see on alati k\u00e4eulatuses. \u00c4rge leppige n\u00fcride teradega toiduvalmistamisel. See mugav ja h\u00f5lpsasti kasutatav hooldusvahend tagab teravuse iga eelarve piires, teritades k\u00f6\u00f6ginoad vaevata vaid kahe lihtsa sammuga. Teritab igat t\u00fc\u00fcpi k\u00f6\u00f6ginoasid, sealhulgas kokanoad, viilutusnoad, koorimisnoad ja isegi sakilised leivanugad. Olenemata sellest, kas see on teie k\u00f6\u00f6gisahtlis, matkavarustuses v\u00f5i grillikomplektis, on see alati valmis, kui seda vajate, tagades teie kulinaarsete loomingute s\u00e4ra.<\/p>\n","protected":false},"featured_media":108128,"template":"","meta":{"_themeisle_gutenberg_block_has_review":false},"product_brand":[],"product_cat":[351],"product_tag":[],"class_list":{"0":"post-108121","1":"product","2":"type-product","3":"status-publish","4":"has-post-thumbnail","6":"product_cat-nugade-teritamine-noateritajad","8":"first","9":"instock","10":"shipping-taxable","11":"purchasable","12":"product-type-simple"},"yoast_head":"<!-- This site is optimized with the Yoast SEO plugin v27.3 - https:\/\/yoast.com\/product\/yoast-seo-wordpress\/ -->\n<title>K\u00f6\u00f6ginoa teritaja - AAKnives<\/title>\n<meta name=\"description\" content=\"Teie k\u00f6\u00f6ginoa kaaslane mugavaks ja ohutuks teritamiseks. T\u00e4nu kompaktsele suurusele on seda lihtne hoiustada v\u00f5i kokku pakkida, tagades, et see on alati k\u00e4eulatuses.\" \/>\n<meta name=\"robots\" content=\"index, follow, max-snippet:-1, max-image-preview:large, max-video-preview:-1\" \/>\n<link rel=\"canonical\" href=\"https:\/\/aaknives.eu\/et\/product\/kooginoa-teritaja\/\" \/>\n<meta property=\"og:locale\" content=\"et_EE\" \/>\n<meta property=\"og:type\" content=\"article\" \/>\n<meta property=\"og:title\" content=\"K\u00f6\u00f6ginoa teritaja - AAKnives\" \/>\n<meta property=\"og:description\" content=\"Teie k\u00f6\u00f6ginoa kaaslane mugavaks ja ohutuks teritamiseks. T\u00e4nu kompaktsele suurusele on seda lihtne hoiustada v\u00f5i kokku pakkida, tagades, et see on alati k\u00e4eulatuses.\" \/>\n<meta property=\"og:url\" content=\"https:\/\/aaknives.eu\/et\/product\/kooginoa-teritaja\/\" \/>\n<meta property=\"og:site_name\" content=\"AAKnives\" \/>\n<meta property=\"article:publisher\" content=\"https:\/\/www.facebook.com\/aaknives.eu\/\" \/>\n<meta property=\"article:modified_time\" content=\"2026-03-02T18:35:59+00:00\" \/>\n<meta property=\"og:image\" content=\"https:\/\/aaknives.eu\/wp-content\/uploads\/2026\/03\/aaknives-hand-forged-damascus-steel-blade-knife-handmade-custom-made-knife-handcrafted-knives-autinetools-northmen-10.jpg\" \/>\n\t<meta property=\"og:image:width\" content=\"600\" \/>\n\t<meta property=\"og:image:height\" content=\"599\" \/>\n\t<meta property=\"og:image:type\" content=\"image\/jpeg\" \/>\n<meta name=\"twitter:card\" content=\"summary_large_image\" \/>\n<script type=\"application\/ld+json\" class=\"yoast-schema-graph\">{\"@context\":\"https:\\\/\\\/schema.org\",\"@graph\":[{\"@type\":\"WebPage\",\"@id\":\"https:\\\/\\\/aaknives.eu\\\/et\\\/product\\\/kooginoa-teritaja\\\/\",\"url\":\"https:\\\/\\\/aaknives.eu\\\/et\\\/product\\\/kooginoa-teritaja\\\/\",\"name\":\"K\u00f6\u00f6ginoa teritaja - AAKnives\",\"isPartOf\":{\"@id\":\"https:\\\/\\\/aaknives.eu\\\/et\\\/#website\"},\"primaryImageOfPage\":{\"@id\":\"https:\\\/\\\/aaknives.eu\\\/et\\\/product\\\/kooginoa-teritaja\\\/#primaryimage\"},\"image\":{\"@id\":\"https:\\\/\\\/aaknives.eu\\\/et\\\/product\\\/kooginoa-teritaja\\\/#primaryimage\"},\"thumbnailUrl\":\"https:\\\/\\\/aaknives.eu\\\/wp-content\\\/uploads\\\/2026\\\/03\\\/aaknives-hand-forged-damascus-steel-blade-knife-handmade-custom-made-knife-handcrafted-knives-autinetools-northmen-10.jpg\",\"datePublished\":\"2026-03-02T18:31:49+00:00\",\"dateModified\":\"2026-03-02T18:35:59+00:00\",\"description\":\"Teie k\u00f6\u00f6ginoa kaaslane mugavaks ja ohutuks teritamiseks. T\u00e4nu kompaktsele suurusele on seda lihtne hoiustada v\u00f5i kokku pakkida, tagades, et see on alati k\u00e4eulatuses.\",\"breadcrumb\":{\"@id\":\"https:\\\/\\\/aaknives.eu\\\/et\\\/product\\\/kooginoa-teritaja\\\/#breadcrumb\"},\"inLanguage\":\"et\",\"potentialAction\":[{\"@type\":\"ReadAction\",\"target\":[\"https:\\\/\\\/aaknives.eu\\\/et\\\/product\\\/kooginoa-teritaja\\\/\"]}]},{\"@type\":\"ImageObject\",\"inLanguage\":\"et\",\"@id\":\"https:\\\/\\\/aaknives.eu\\\/et\\\/product\\\/kooginoa-teritaja\\\/#primaryimage\",\"url\":\"https:\\\/\\\/aaknives.eu\\\/wp-content\\\/uploads\\\/2026\\\/03\\\/aaknives-hand-forged-damascus-steel-blade-knife-handmade-custom-made-knife-handcrafted-knives-autinetools-northmen-10.jpg\",\"contentUrl\":\"https:\\\/\\\/aaknives.eu\\\/wp-content\\\/uploads\\\/2026\\\/03\\\/aaknives-hand-forged-damascus-steel-blade-knife-handmade-custom-made-knife-handcrafted-knives-autinetools-northmen-10.jpg\",\"width\":600,\"height\":599},{\"@type\":\"BreadcrumbList\",\"@id\":\"https:\\\/\\\/aaknives.eu\\\/et\\\/product\\\/kooginoa-teritaja\\\/#breadcrumb\",\"itemListElement\":[{\"@type\":\"ListItem\",\"position\":1,\"name\":\"Home\",\"item\":\"https:\\\/\\\/aaknives.eu\\\/et\\\/kodu\\\/\"},{\"@type\":\"ListItem\",\"position\":2,\"name\":\"Kauplus\",\"item\":\"https:\\\/\\\/aaknives.eu\\\/et\\\/kauplus\\\/\"},{\"@type\":\"ListItem\",\"position\":3,\"name\":\"K\u00f6\u00f6ginoa teritaja\"}]},{\"@type\":\"WebSite\",\"@id\":\"https:\\\/\\\/aaknives.eu\\\/et\\\/#website\",\"url\":\"https:\\\/\\\/aaknives.eu\\\/et\\\/\",\"name\":\"AAKnives\",\"description\":\"Handmade knives\",\"publisher\":{\"@id\":\"https:\\\/\\\/aaknives.eu\\\/et\\\/#organization\"},\"potentialAction\":[{\"@type\":\"SearchAction\",\"target\":{\"@type\":\"EntryPoint\",\"urlTemplate\":\"https:\\\/\\\/aaknives.eu\\\/et\\\/?s={search_term_string}\"},\"query-input\":{\"@type\":\"PropertyValueSpecification\",\"valueRequired\":true,\"valueName\":\"search_term_string\"}}],\"inLanguage\":\"et\"},{\"@type\":\"Organization\",\"@id\":\"https:\\\/\\\/aaknives.eu\\\/et\\\/#organization\",\"name\":\"AAKnives\",\"url\":\"https:\\\/\\\/aaknives.eu\\\/et\\\/\",\"logo\":{\"@type\":\"ImageObject\",\"inLanguage\":\"et\",\"@id\":\"https:\\\/\\\/aaknives.eu\\\/et\\\/#\\\/schema\\\/logo\\\/image\\\/\",\"url\":\"https:\\\/\\\/aaknives.eu\\\/wp-content\\\/uploads\\\/2021\\\/10\\\/AAknives_Logo_Green.png\",\"contentUrl\":\"https:\\\/\\\/aaknives.eu\\\/wp-content\\\/uploads\\\/2021\\\/10\\\/AAknives_Logo_Green.png\",\"width\":1768,\"height\":1768,\"caption\":\"AAKnives\"},\"image\":{\"@id\":\"https:\\\/\\\/aaknives.eu\\\/et\\\/#\\\/schema\\\/logo\\\/image\\\/\"},\"sameAs\":[\"https:\\\/\\\/www.facebook.com\\\/aaknives.eu\\\/\",\"https:\\\/\\\/www.instagram.com\\\/aaknives\\\/\",\"https:\\\/\\\/www.pinterest.com\\\/aa_knives\\\/\",\"https:\\\/\\\/www.youtube.com\\\/channel\\\/UCHOQFjrOkgT6s4FIw9LDKyw\\\/featured\"]}]}<\/script>\n<!-- \/ Yoast SEO plugin. -->","yoast_head_json":{"title":"K\u00f6\u00f6ginoa teritaja - AAKnives","description":"Teie k\u00f6\u00f6ginoa kaaslane mugavaks ja ohutuks teritamiseks. T\u00e4nu kompaktsele suurusele on seda lihtne hoiustada v\u00f5i kokku pakkida, tagades, et see on alati k\u00e4eulatuses.","robots":{"index":"index","follow":"follow","max-snippet":"max-snippet:-1","max-image-preview":"max-image-preview:large","max-video-preview":"max-video-preview:-1"},"canonical":"https:\/\/aaknives.eu\/et\/product\/kooginoa-teritaja\/","og_locale":"et_EE","og_type":"article","og_title":"K\u00f6\u00f6ginoa teritaja - AAKnives","og_description":"Teie k\u00f6\u00f6ginoa kaaslane mugavaks ja ohutuks teritamiseks. T\u00e4nu kompaktsele suurusele on seda lihtne hoiustada v\u00f5i kokku pakkida, tagades, et see on alati k\u00e4eulatuses.","og_url":"https:\/\/aaknives.eu\/et\/product\/kooginoa-teritaja\/","og_site_name":"AAKnives","article_publisher":"https:\/\/www.facebook.com\/aaknives.eu\/","article_modified_time":"2026-03-02T18:35:59+00:00","og_image":[{"width":600,"height":599,"url":"https:\/\/aaknives.eu\/wp-content\/uploads\/2026\/03\/aaknives-hand-forged-damascus-steel-blade-knife-handmade-custom-made-knife-handcrafted-knives-autinetools-northmen-10.jpg","type":"image\/jpeg"}],"twitter_card":"summary_large_image","schema":{"@context":"https:\/\/schema.org","@graph":[{"@type":"WebPage","@id":"https:\/\/aaknives.eu\/et\/product\/kooginoa-teritaja\/","url":"https:\/\/aaknives.eu\/et\/product\/kooginoa-teritaja\/","name":"K\u00f6\u00f6ginoa teritaja - AAKnives","isPartOf":{"@id":"https:\/\/aaknives.eu\/et\/#website"},"primaryImageOfPage":{"@id":"https:\/\/aaknives.eu\/et\/product\/kooginoa-teritaja\/#primaryimage"},"image":{"@id":"https:\/\/aaknives.eu\/et\/product\/kooginoa-teritaja\/#primaryimage"},"thumbnailUrl":"https:\/\/aaknives.eu\/wp-content\/uploads\/2026\/03\/aaknives-hand-forged-damascus-steel-blade-knife-handmade-custom-made-knife-handcrafted-knives-autinetools-northmen-10.jpg","datePublished":"2026-03-02T18:31:49+00:00","dateModified":"2026-03-02T18:35:59+00:00","description":"Teie k\u00f6\u00f6ginoa kaaslane mugavaks ja ohutuks teritamiseks. T\u00e4nu kompaktsele suurusele on seda lihtne hoiustada v\u00f5i kokku pakkida, tagades, et see on alati k\u00e4eulatuses.","breadcrumb":{"@id":"https:\/\/aaknives.eu\/et\/product\/kooginoa-teritaja\/#breadcrumb"},"inLanguage":"et","potentialAction":[{"@type":"ReadAction","target":["https:\/\/aaknives.eu\/et\/product\/kooginoa-teritaja\/"]}]},{"@type":"ImageObject","inLanguage":"et","@id":"https:\/\/aaknives.eu\/et\/product\/kooginoa-teritaja\/#primaryimage","url":"https:\/\/aaknives.eu\/wp-content\/uploads\/2026\/03\/aaknives-hand-forged-damascus-steel-blade-knife-handmade-custom-made-knife-handcrafted-knives-autinetools-northmen-10.jpg","contentUrl":"https:\/\/aaknives.eu\/wp-content\/uploads\/2026\/03\/aaknives-hand-forged-damascus-steel-blade-knife-handmade-custom-made-knife-handcrafted-knives-autinetools-northmen-10.jpg","width":600,"height":599},{"@type":"BreadcrumbList","@id":"https:\/\/aaknives.eu\/et\/product\/kooginoa-teritaja\/#breadcrumb","itemListElement":[{"@type":"ListItem","position":1,"name":"Home","item":"https:\/\/aaknives.eu\/et\/kodu\/"},{"@type":"ListItem","position":2,"name":"Kauplus","item":"https:\/\/aaknives.eu\/et\/kauplus\/"},{"@type":"ListItem","position":3,"name":"K\u00f6\u00f6ginoa teritaja"}]},{"@type":"WebSite","@id":"https:\/\/aaknives.eu\/et\/#website","url":"https:\/\/aaknives.eu\/et\/","name":"AAKnives","description":"Handmade knives","publisher":{"@id":"https:\/\/aaknives.eu\/et\/#organization"},"potentialAction":[{"@type":"SearchAction","target":{"@type":"EntryPoint","urlTemplate":"https:\/\/aaknives.eu\/et\/?s={search_term_string}"},"query-input":{"@type":"PropertyValueSpecification","valueRequired":true,"valueName":"search_term_string"}}],"inLanguage":"et"},{"@type":"Organization","@id":"https:\/\/aaknives.eu\/et\/#organization","name":"AAKnives","url":"https:\/\/aaknives.eu\/et\/","logo":{"@type":"ImageObject","inLanguage":"et","@id":"https:\/\/aaknives.eu\/et\/#\/schema\/logo\/image\/","url":"https:\/\/aaknives.eu\/wp-content\/uploads\/2021\/10\/AAknives_Logo_Green.png","contentUrl":"https:\/\/aaknives.eu\/wp-content\/uploads\/2021\/10\/AAknives_Logo_Green.png","width":1768,"height":1768,"caption":"AAKnives"},"image":{"@id":"https:\/\/aaknives.eu\/et\/#\/schema\/logo\/image\/"},"sameAs":["https:\/\/www.facebook.com\/aaknives.eu\/","https:\/\/www.instagram.com\/aaknives\/","https:\/\/www.pinterest.com\/aa_knives\/","https:\/\/www.youtube.com\/channel\/UCHOQFjrOkgT6s4FIw9LDKyw\/featured"]}]}},"_links":{"self":[{"href":"https:\/\/aaknives.eu\/et\/wp-json\/wp\/v2\/product\/108121","targetHints":{"allow":["GET"]}}],"collection":[{"href":"https:\/\/aaknives.eu\/et\/wp-json\/wp\/v2\/product"}],"about":[{"href":"https:\/\/aaknives.eu\/et\/wp-json\/wp\/v2\/types\/product"}],"wp:featuredmedia":[{"embeddable":true,"href":"https:\/\/aaknives.eu\/et\/wp-json\/wp\/v2\/media\/108128"}],"wp:attachment":[{"href":"https:\/\/aaknives.eu\/et\/wp-json\/wp\/v2\/media?parent=108121"}],"wp:term":[{"taxonomy":"product_brand","embeddable":true,"href":"https:\/\/aaknives.eu\/et\/wp-json\/wp\/v2\/product_brand?post=108121"},{"taxonomy":"product_cat","embeddable":true,"href":"https:\/\/aaknives.eu\/et\/wp-json\/wp\/v2\/product_cat?post=108121"},{"taxonomy":"product_tag","embeddable":true,"href":"https:\/\/aaknives.eu\/et\/wp-json\/wp\/v2\/product_tag?post=108121"}],"curies":[{"name":"wp","href":"https:\/\/api.w.org\/{rel}","templated":true}]}}