{"id":109321,"date":"2026-04-29T16:10:07","date_gmt":"2026-04-29T16:10:07","guid":{"rendered":"https:\/\/aaknives.eu\/?post_type=product&#038;p=109321"},"modified":"2026-04-29T16:13:42","modified_gmt":"2026-04-29T16:13:42","slug":"kasitsi-valmistatud-taskunuga-kasitsi-sepistatud-roostevabast-terasest-tera-4","status":"publish","type":"product","link":"https:\/\/aaknives.eu\/et\/product\/kasitsi-valmistatud-taskunuga-kasitsi-sepistatud-roostevabast-terasest-tera-4\/","title":{"rendered":"K\u00e4sitsi valmistatud taskunuga, k\u00e4sitsi sepistatud roostevabast terasest tera"},"content":{"rendered":"<p>Teras: sepistatud roostevabast terasest N695,<br \/>\nK\u00f5vadus: 59 HRC<br \/>\nTera pikkus (mm): 90 \/ 3,54 tolli<br \/>\nTera paksus (mm): 2 \/ 0,07 tolli<br \/>\nTera laius (mm): 30 \/ 1,18 tolli<br \/>\nK\u00e4epide: stabiliseeritud Karjala kask<br \/>\nKogupikkus (mm): 215 \/ 8,46 tolli<br \/>\nNugade t\u00fc\u00fcp: jahindus, v\u00e4ljas<br \/>\nPakend: nuga, nahast \u00fcmbris<\/p>\n<p>&nbsp;<\/p>\n<p>Teras N695 &#8211; roostevaba teras K\u00e4sitsi sepistatud teras.<br \/>\nK\u00e4sitsi sepistatud terasest noad N695 on k\u00f5ige levinumad jahimeeste, kalameeste ja vaba\u00f5huhuviliste seas.<\/p>\n<p>Terasest N695 valmistatud nugade eelised:<\/p>\n<p>Universaalne<br \/>\nRoostevaba<br \/>\nHead l\u00f5ikamisomadused<br \/>\nEi vaja palju hooldust<br \/>\nMadal hind<\/p>\n<p>Tera k\u00f5vadus 59 HRC.<br \/>\nK\u00e4sitsi sepistatud<\/p>\n","protected":false},"excerpt":{"rendered":"<p>Teras: sepistatud roostevabast terasest N695, K\u00f5vadus: 59 HRC Tera pikkus (mm): 90 \/ 3,54 tolli Tera paksus (mm): 2 \/ 0,07 tolli Tera laius (mm): 30 \/ 1,18 tolli K\u00e4epide: stabiliseeritud Karjala kask Kogupikkus (mm): 215 \/ 8,46 tolli Nugade t\u00fc\u00fcp: jahindus, v\u00e4ljas Pakend: nuga, nahast \u00fcmbris &nbsp; Teras N695 &#8211; roostevaba teras K\u00e4sitsi sepistatud teras. K\u00e4sitsi sepistatud terasest noad N695 on k\u00f5ige levinumad jahimeeste, kalameeste ja vaba\u00f5huhuviliste seas. Terasest N695 valmistatud nugade eelised: Universaalne Roostevaba Head l\u00f5ikamisomadused Ei vaja palju hooldust Madal hind Tera k\u00f5vadus 59 HRC. K\u00e4sitsi sepistatud<\/p>\n","protected":false},"featured_media":109328,"template":"","meta":{"_themeisle_gutenberg_block_has_review":false},"product_brand":[],"product_cat":[345,350],"product_tag":[],"class_list":{"0":"post-109321","1":"product","2":"type-product","3":"status-publish","4":"has-post-thumbnail","6":"product_cat-jahinoad","7":"product_cat-kokkupandavad-noad","9":"first","10":"instock","11":"shipping-taxable","12":"purchasable","13":"product-type-simple"},"yoast_head":"<!-- This site is optimized with the Yoast SEO plugin v27.5 - https:\/\/yoast.com\/product\/yoast-seo-wordpress\/ -->\n<title>K\u00e4sitsi valmistatud taskunuga, k\u00e4sitsi sepistatud roostevabast terasest tera - AAKnives<\/title>\n<meta name=\"description\" content=\"Teras N695 - roostevaba teras K\u00e4sitsi sepistatud teras.K\u00e4sitsi sepistatud terasest noad N695 on k\u00f5ige levinumad jahimeeste, kalameeste ja vaba\u00f5hu harrastajate seas.\" \/>\n<meta name=\"robots\" content=\"index, follow, max-snippet:-1, max-image-preview:large, max-video-preview:-1\" \/>\n<link rel=\"canonical\" href=\"https:\/\/aaknives.eu\/et\/product\/kasitsi-valmistatud-taskunuga-kasitsi-sepistatud-roostevabast-terasest-tera-4\/\" \/>\n<meta property=\"og:locale\" content=\"et_EE\" \/>\n<meta property=\"og:type\" content=\"article\" \/>\n<meta property=\"og:title\" content=\"K\u00e4sitsi valmistatud taskunuga, k\u00e4sitsi sepistatud roostevabast terasest tera - AAKnives\" \/>\n<meta property=\"og:description\" content=\"Teras N695 - roostevaba teras K\u00e4sitsi sepistatud teras.K\u00e4sitsi sepistatud terasest noad N695 on k\u00f5ige levinumad jahimeeste, kalameeste ja vaba\u00f5hu harrastajate seas.\" \/>\n<meta property=\"og:url\" content=\"https:\/\/aaknives.eu\/et\/product\/kasitsi-valmistatud-taskunuga-kasitsi-sepistatud-roostevabast-terasest-tera-4\/\" \/>\n<meta property=\"og:site_name\" content=\"AAKnives\" \/>\n<meta property=\"article:publisher\" content=\"https:\/\/www.facebook.com\/aaknives.eu\/\" \/>\n<meta property=\"article:modified_time\" content=\"2026-04-29T16:13:42+00:00\" \/>\n<meta property=\"og:image\" content=\"https:\/\/aaknives.eu\/wp-content\/uploads\/2026\/04\/aaknives-hand-forged-damascus-steel-blade-knife-handmade-custom-made-knife-handcrafted-knives-autinetools-northmen-84.jpg\" \/>\n\t<meta property=\"og:image:width\" content=\"1020\" \/>\n\t<meta property=\"og:image:height\" content=\"880\" \/>\n\t<meta property=\"og:image:type\" content=\"image\/jpeg\" \/>\n<meta name=\"twitter:card\" content=\"summary_large_image\" \/>\n<script type=\"application\/ld+json\" class=\"yoast-schema-graph\">{\"@context\":\"https:\\\/\\\/schema.org\",\"@graph\":[{\"@type\":\"WebPage\",\"@id\":\"https:\\\/\\\/aaknives.eu\\\/et\\\/product\\\/kasitsi-valmistatud-taskunuga-kasitsi-sepistatud-roostevabast-terasest-tera-4\\\/\",\"url\":\"https:\\\/\\\/aaknives.eu\\\/et\\\/product\\\/kasitsi-valmistatud-taskunuga-kasitsi-sepistatud-roostevabast-terasest-tera-4\\\/\",\"name\":\"K\u00e4sitsi valmistatud taskunuga, k\u00e4sitsi sepistatud roostevabast terasest tera - AAKnives\",\"isPartOf\":{\"@id\":\"https:\\\/\\\/aaknives.eu\\\/et\\\/#website\"},\"primaryImageOfPage\":{\"@id\":\"https:\\\/\\\/aaknives.eu\\\/et\\\/product\\\/kasitsi-valmistatud-taskunuga-kasitsi-sepistatud-roostevabast-terasest-tera-4\\\/#primaryimage\"},\"image\":{\"@id\":\"https:\\\/\\\/aaknives.eu\\\/et\\\/product\\\/kasitsi-valmistatud-taskunuga-kasitsi-sepistatud-roostevabast-terasest-tera-4\\\/#primaryimage\"},\"thumbnailUrl\":\"https:\\\/\\\/aaknives.eu\\\/wp-content\\\/uploads\\\/2026\\\/04\\\/aaknives-hand-forged-damascus-steel-blade-knife-handmade-custom-made-knife-handcrafted-knives-autinetools-northmen-84.jpg\",\"datePublished\":\"2026-04-29T16:10:07+00:00\",\"dateModified\":\"2026-04-29T16:13:42+00:00\",\"description\":\"Teras N695 - roostevaba teras K\u00e4sitsi sepistatud teras.K\u00e4sitsi sepistatud terasest noad N695 on k\u00f5ige levinumad jahimeeste, kalameeste ja vaba\u00f5hu harrastajate seas.\",\"breadcrumb\":{\"@id\":\"https:\\\/\\\/aaknives.eu\\\/et\\\/product\\\/kasitsi-valmistatud-taskunuga-kasitsi-sepistatud-roostevabast-terasest-tera-4\\\/#breadcrumb\"},\"inLanguage\":\"et\",\"potentialAction\":[{\"@type\":\"ReadAction\",\"target\":[\"https:\\\/\\\/aaknives.eu\\\/et\\\/product\\\/kasitsi-valmistatud-taskunuga-kasitsi-sepistatud-roostevabast-terasest-tera-4\\\/\"]}]},{\"@type\":\"ImageObject\",\"inLanguage\":\"et\",\"@id\":\"https:\\\/\\\/aaknives.eu\\\/et\\\/product\\\/kasitsi-valmistatud-taskunuga-kasitsi-sepistatud-roostevabast-terasest-tera-4\\\/#primaryimage\",\"url\":\"https:\\\/\\\/aaknives.eu\\\/wp-content\\\/uploads\\\/2026\\\/04\\\/aaknives-hand-forged-damascus-steel-blade-knife-handmade-custom-made-knife-handcrafted-knives-autinetools-northmen-84.jpg\",\"contentUrl\":\"https:\\\/\\\/aaknives.eu\\\/wp-content\\\/uploads\\\/2026\\\/04\\\/aaknives-hand-forged-damascus-steel-blade-knife-handmade-custom-made-knife-handcrafted-knives-autinetools-northmen-84.jpg\",\"width\":1020,\"height\":880},{\"@type\":\"BreadcrumbList\",\"@id\":\"https:\\\/\\\/aaknives.eu\\\/et\\\/product\\\/kasitsi-valmistatud-taskunuga-kasitsi-sepistatud-roostevabast-terasest-tera-4\\\/#breadcrumb\",\"itemListElement\":[{\"@type\":\"ListItem\",\"position\":1,\"name\":\"Home\",\"item\":\"https:\\\/\\\/aaknives.eu\\\/et\\\/kodu\\\/\"},{\"@type\":\"ListItem\",\"position\":2,\"name\":\"Kauplus\",\"item\":\"https:\\\/\\\/aaknives.eu\\\/et\\\/kauplus\\\/\"},{\"@type\":\"ListItem\",\"position\":3,\"name\":\"K\u00e4sitsi valmistatud taskunuga, k\u00e4sitsi sepistatud roostevabast terasest tera\"}]},{\"@type\":\"WebSite\",\"@id\":\"https:\\\/\\\/aaknives.eu\\\/et\\\/#website\",\"url\":\"https:\\\/\\\/aaknives.eu\\\/et\\\/\",\"name\":\"AAKnives\",\"description\":\"Handmade knives\",\"publisher\":{\"@id\":\"https:\\\/\\\/aaknives.eu\\\/et\\\/#organization\"},\"potentialAction\":[{\"@type\":\"SearchAction\",\"target\":{\"@type\":\"EntryPoint\",\"urlTemplate\":\"https:\\\/\\\/aaknives.eu\\\/et\\\/?s={search_term_string}\"},\"query-input\":{\"@type\":\"PropertyValueSpecification\",\"valueRequired\":true,\"valueName\":\"search_term_string\"}}],\"inLanguage\":\"et\"},{\"@type\":\"Organization\",\"@id\":\"https:\\\/\\\/aaknives.eu\\\/et\\\/#organization\",\"name\":\"AAKnives\",\"url\":\"https:\\\/\\\/aaknives.eu\\\/et\\\/\",\"logo\":{\"@type\":\"ImageObject\",\"inLanguage\":\"et\",\"@id\":\"https:\\\/\\\/aaknives.eu\\\/et\\\/#\\\/schema\\\/logo\\\/image\\\/\",\"url\":\"https:\\\/\\\/aaknives.eu\\\/wp-content\\\/uploads\\\/2021\\\/10\\\/AAknives_Logo_Green.png\",\"contentUrl\":\"https:\\\/\\\/aaknives.eu\\\/wp-content\\\/uploads\\\/2021\\\/10\\\/AAknives_Logo_Green.png\",\"width\":1768,\"height\":1768,\"caption\":\"AAKnives\"},\"image\":{\"@id\":\"https:\\\/\\\/aaknives.eu\\\/et\\\/#\\\/schema\\\/logo\\\/image\\\/\"},\"sameAs\":[\"https:\\\/\\\/www.facebook.com\\\/aaknives.eu\\\/\",\"https:\\\/\\\/www.instagram.com\\\/aaknives\\\/\",\"https:\\\/\\\/www.pinterest.com\\\/aa_knives\\\/\",\"https:\\\/\\\/www.youtube.com\\\/channel\\\/UCHOQFjrOkgT6s4FIw9LDKyw\\\/featured\"]}]}<\/script>\n<!-- \/ Yoast SEO plugin. -->","yoast_head_json":{"title":"K\u00e4sitsi valmistatud taskunuga, k\u00e4sitsi sepistatud roostevabast terasest tera - AAKnives","description":"Teras N695 - roostevaba teras K\u00e4sitsi sepistatud teras.K\u00e4sitsi sepistatud terasest noad N695 on k\u00f5ige levinumad jahimeeste, kalameeste ja vaba\u00f5hu harrastajate seas.","robots":{"index":"index","follow":"follow","max-snippet":"max-snippet:-1","max-image-preview":"max-image-preview:large","max-video-preview":"max-video-preview:-1"},"canonical":"https:\/\/aaknives.eu\/et\/product\/kasitsi-valmistatud-taskunuga-kasitsi-sepistatud-roostevabast-terasest-tera-4\/","og_locale":"et_EE","og_type":"article","og_title":"K\u00e4sitsi valmistatud taskunuga, k\u00e4sitsi sepistatud roostevabast terasest tera - AAKnives","og_description":"Teras N695 - roostevaba teras K\u00e4sitsi sepistatud teras.K\u00e4sitsi sepistatud terasest noad N695 on k\u00f5ige levinumad jahimeeste, kalameeste ja vaba\u00f5hu harrastajate seas.","og_url":"https:\/\/aaknives.eu\/et\/product\/kasitsi-valmistatud-taskunuga-kasitsi-sepistatud-roostevabast-terasest-tera-4\/","og_site_name":"AAKnives","article_publisher":"https:\/\/www.facebook.com\/aaknives.eu\/","article_modified_time":"2026-04-29T16:13:42+00:00","og_image":[{"width":1020,"height":880,"url":"https:\/\/aaknives.eu\/wp-content\/uploads\/2026\/04\/aaknives-hand-forged-damascus-steel-blade-knife-handmade-custom-made-knife-handcrafted-knives-autinetools-northmen-84.jpg","type":"image\/jpeg"}],"twitter_card":"summary_large_image","schema":{"@context":"https:\/\/schema.org","@graph":[{"@type":"WebPage","@id":"https:\/\/aaknives.eu\/et\/product\/kasitsi-valmistatud-taskunuga-kasitsi-sepistatud-roostevabast-terasest-tera-4\/","url":"https:\/\/aaknives.eu\/et\/product\/kasitsi-valmistatud-taskunuga-kasitsi-sepistatud-roostevabast-terasest-tera-4\/","name":"K\u00e4sitsi valmistatud taskunuga, k\u00e4sitsi sepistatud roostevabast terasest tera - AAKnives","isPartOf":{"@id":"https:\/\/aaknives.eu\/et\/#website"},"primaryImageOfPage":{"@id":"https:\/\/aaknives.eu\/et\/product\/kasitsi-valmistatud-taskunuga-kasitsi-sepistatud-roostevabast-terasest-tera-4\/#primaryimage"},"image":{"@id":"https:\/\/aaknives.eu\/et\/product\/kasitsi-valmistatud-taskunuga-kasitsi-sepistatud-roostevabast-terasest-tera-4\/#primaryimage"},"thumbnailUrl":"https:\/\/aaknives.eu\/wp-content\/uploads\/2026\/04\/aaknives-hand-forged-damascus-steel-blade-knife-handmade-custom-made-knife-handcrafted-knives-autinetools-northmen-84.jpg","datePublished":"2026-04-29T16:10:07+00:00","dateModified":"2026-04-29T16:13:42+00:00","description":"Teras N695 - roostevaba teras K\u00e4sitsi sepistatud teras.K\u00e4sitsi sepistatud terasest noad N695 on k\u00f5ige levinumad jahimeeste, kalameeste ja vaba\u00f5hu harrastajate seas.","breadcrumb":{"@id":"https:\/\/aaknives.eu\/et\/product\/kasitsi-valmistatud-taskunuga-kasitsi-sepistatud-roostevabast-terasest-tera-4\/#breadcrumb"},"inLanguage":"et","potentialAction":[{"@type":"ReadAction","target":["https:\/\/aaknives.eu\/et\/product\/kasitsi-valmistatud-taskunuga-kasitsi-sepistatud-roostevabast-terasest-tera-4\/"]}]},{"@type":"ImageObject","inLanguage":"et","@id":"https:\/\/aaknives.eu\/et\/product\/kasitsi-valmistatud-taskunuga-kasitsi-sepistatud-roostevabast-terasest-tera-4\/#primaryimage","url":"https:\/\/aaknives.eu\/wp-content\/uploads\/2026\/04\/aaknives-hand-forged-damascus-steel-blade-knife-handmade-custom-made-knife-handcrafted-knives-autinetools-northmen-84.jpg","contentUrl":"https:\/\/aaknives.eu\/wp-content\/uploads\/2026\/04\/aaknives-hand-forged-damascus-steel-blade-knife-handmade-custom-made-knife-handcrafted-knives-autinetools-northmen-84.jpg","width":1020,"height":880},{"@type":"BreadcrumbList","@id":"https:\/\/aaknives.eu\/et\/product\/kasitsi-valmistatud-taskunuga-kasitsi-sepistatud-roostevabast-terasest-tera-4\/#breadcrumb","itemListElement":[{"@type":"ListItem","position":1,"name":"Home","item":"https:\/\/aaknives.eu\/et\/kodu\/"},{"@type":"ListItem","position":2,"name":"Kauplus","item":"https:\/\/aaknives.eu\/et\/kauplus\/"},{"@type":"ListItem","position":3,"name":"K\u00e4sitsi valmistatud taskunuga, k\u00e4sitsi sepistatud roostevabast terasest tera"}]},{"@type":"WebSite","@id":"https:\/\/aaknives.eu\/et\/#website","url":"https:\/\/aaknives.eu\/et\/","name":"AAKnives","description":"Handmade knives","publisher":{"@id":"https:\/\/aaknives.eu\/et\/#organization"},"potentialAction":[{"@type":"SearchAction","target":{"@type":"EntryPoint","urlTemplate":"https:\/\/aaknives.eu\/et\/?s={search_term_string}"},"query-input":{"@type":"PropertyValueSpecification","valueRequired":true,"valueName":"search_term_string"}}],"inLanguage":"et"},{"@type":"Organization","@id":"https:\/\/aaknives.eu\/et\/#organization","name":"AAKnives","url":"https:\/\/aaknives.eu\/et\/","logo":{"@type":"ImageObject","inLanguage":"et","@id":"https:\/\/aaknives.eu\/et\/#\/schema\/logo\/image\/","url":"https:\/\/aaknives.eu\/wp-content\/uploads\/2021\/10\/AAknives_Logo_Green.png","contentUrl":"https:\/\/aaknives.eu\/wp-content\/uploads\/2021\/10\/AAknives_Logo_Green.png","width":1768,"height":1768,"caption":"AAKnives"},"image":{"@id":"https:\/\/aaknives.eu\/et\/#\/schema\/logo\/image\/"},"sameAs":["https:\/\/www.facebook.com\/aaknives.eu\/","https:\/\/www.instagram.com\/aaknives\/","https:\/\/www.pinterest.com\/aa_knives\/","https:\/\/www.youtube.com\/channel\/UCHOQFjrOkgT6s4FIw9LDKyw\/featured"]}]}},"_links":{"self":[{"href":"https:\/\/aaknives.eu\/et\/wp-json\/wp\/v2\/product\/109321","targetHints":{"allow":["GET"]}}],"collection":[{"href":"https:\/\/aaknives.eu\/et\/wp-json\/wp\/v2\/product"}],"about":[{"href":"https:\/\/aaknives.eu\/et\/wp-json\/wp\/v2\/types\/product"}],"wp:featuredmedia":[{"embeddable":true,"href":"https:\/\/aaknives.eu\/et\/wp-json\/wp\/v2\/media\/109328"}],"wp:attachment":[{"href":"https:\/\/aaknives.eu\/et\/wp-json\/wp\/v2\/media?parent=109321"}],"wp:term":[{"taxonomy":"product_brand","embeddable":true,"href":"https:\/\/aaknives.eu\/et\/wp-json\/wp\/v2\/product_brand?post=109321"},{"taxonomy":"product_cat","embeddable":true,"href":"https:\/\/aaknives.eu\/et\/wp-json\/wp\/v2\/product_cat?post=109321"},{"taxonomy":"product_tag","embeddable":true,"href":"https:\/\/aaknives.eu\/et\/wp-json\/wp\/v2\/product_tag?post=109321"}],"curies":[{"name":"wp","href":"https:\/\/api.w.org\/{rel}","templated":true}]}}