{"id":39738,"date":"2024-01-04T14:30:00","date_gmt":"2024-01-04T14:30:00","guid":{"rendered":"https:\/\/aaknives.eu\/product\/kit-seade-nugade-teritamiseks-mudel-10digitaalne-kallutusmooturkivide-komplekt-lux-diameeter\/"},"modified":"2024-01-04T14:30:00","modified_gmt":"2024-01-04T14:30:00","slug":"kit-seade-nugade-teritamiseks-mudel-10digitaalne-kallutusmooturkivide-komplekt-lux-diameeter","status":"publish","type":"product","link":"https:\/\/aaknives.eu\/et\/product\/kit-seade-nugade-teritamiseks-mudel-10digitaalne-kallutusmooturkivide-komplekt-lux-diameeter\/","title":{"rendered":"KIT-seade nugade teritamiseks &#8220;Mudel 10&#8243;+Digitaalne kallutusm\u00f5\u00f5tur+Kivide komplekt &#8220;lux&#8221; diameeter"},"content":{"rendered":"<p>Selles seadmes on arvestatud kodukasutajate ja teritusseadmete professionaalide soovidega. Esiteks selle suurus. See on kompaktne seade, mille kaal on 3230 grammi. See t\u00e4hendab, et see on stabiilne. Alus on valmistatud terasest ja sellel on kummist jalad. Seade on v\u00e4rvitud k\u00f5rgekvaliteedilise pulberv\u00e4rviga. See on maailma esimene seade, millel on magnetiline s\u00f5lme lukk.<br \/>\nP\u00f6\u00f6rlemismehhanism on ehitatud kaherealise kuullaagri peale. Sellel on integreeritud telg. Laager ei vaja hooldust.<br \/>\nS\u00f5lme toimimist on raske lihtsate s\u00f5nadega kirjeldada.<br \/>\nMeil \u00f5nnestus selles seadmes rakendada ka 10-osaline noa raam. Raami kahe kruvi lahti keerates saab operaator noa teritamise ajal nuga ja selle serva seisukorda kontrollida, ilma seda klambritest v\u00e4lja v\u00f5tmata.<\/p>\n<p>Elektrooniline goniomeeter on kaasas!<\/p>\n<p>Meie seadmetes on rakendatud esimene teritaja sisseehitatud parkimiskonks. Esimene t\u00e4ielikult freesitud noaklambrite masstootmine.<\/p>\n<p>Originaaldisaini teraklambrid on valmistatud sulamist 7075 , kuumt\u00f6\u00f6deldud .<br \/>\n8 mm l\u00e4bim\u00f5\u00f5duga horisontaalne juhtvarras on valmistatud legeeritud roostevabast terasest, selle k\u00f5vadus on 58-60 HRC, pinna karedus 0,4 Ra.<\/p>\n<p>Seade on m\u00f5eldud eri kujuga ja suurusega k\u00f6\u00f6gi-, jahi- ja kokkupandavate nugade teritamiseks. T\u00e4nu noa t\u00e4psele ja stabiilsele fikseerimisele seadme klambrites ning v\u00f5imalusele nuga \u00fcmber p\u00f6\u00f6rata ilma seda klambritest eemaldamata, on teritamine kiire ja lihtne ning ei n\u00f5ua operaatori erilisi oskusi. Teritusnurka muudetakse, t\u00f5stes v\u00f5i langetades hingekomplekti piki vertikaalset hammasratast.<\/p>\n<p>Komplektis 5 teemantkivi &#8220;lux&#8221; tera :<\/p>\n<p>240, 600, 1200, 2000, 3000.<\/p>\n<p>M\u00f5\u00f5tmed: 16 x 2 x 0,8 cm<\/p>\n<p>Lihvimiskivid on standardsed, t\u00f6\u00f6tavad koos terituss\u00fcsteemidega nagu: Hapstone, Apex, TSPROF.<\/p>\n<p>Terat\u00fc\u00fcp: s\u00fcnteetiline teemant.<\/p>\n<p>Kimp: galvaaniline.<\/p>\n<p>Alusp\u00f5hi on teras, kere on plastist.<\/p>\n<p>Kazak terituss\u00fcsteeme saate osta meie veebisaidilt.<\/p>\n<p>Kivid t\u00f6\u00f6tavad koos \u00f5li, vee v\u00f5i ilma jahutusvedelikuta.<\/p>\n","protected":false},"excerpt":{"rendered":"<p>Nugade teritusseade &#8221; Kazak PRO&#8221;<\/p>\n","protected":false},"featured_media":39616,"template":"","meta":{"_themeisle_gutenberg_block_has_review":false},"product_brand":[],"product_cat":[351],"product_tag":[],"class_list":{"0":"post-39738","1":"product","2":"type-product","3":"status-publish","4":"has-post-thumbnail","6":"product_cat-nugade-teritamine-noateritajad","8":"first","9":"instock","10":"shipping-taxable","11":"purchasable","12":"product-type-simple"},"yoast_head":"<!-- This site is optimized with the Yoast SEO plugin v27.3 - https:\/\/yoast.com\/product\/yoast-seo-wordpress\/ -->\n<title>KIT-seade nugade teritamiseks &quot;Mudel 10&quot;+Digitaalne kallutusm\u00f5\u00f5tur+Kivide komplekt &quot;lux&quot; diameeter - AAKnives<\/title>\n<meta name=\"description\" content=\"Seade nugade teritamiseks &quot;Model 10&quot;+Digitaalne kalden\u00f5ude m\u00f5\u00f5tja+Kivide komplekt &quot;lux&quot; diameeter\" \/>\n<meta name=\"robots\" content=\"index, follow, max-snippet:-1, max-image-preview:large, max-video-preview:-1\" \/>\n<link rel=\"canonical\" href=\"https:\/\/aaknives.eu\/et\/product\/kit-seade-nugade-teritamiseks-mudel-10digitaalne-kallutusmooturkivide-komplekt-lux-diameeter\/\" \/>\n<meta property=\"og:locale\" content=\"et_EE\" \/>\n<meta property=\"og:type\" content=\"article\" \/>\n<meta property=\"og:title\" content=\"KIT-seade nugade teritamiseks &quot;Mudel 10&quot;+Digitaalne kallutusm\u00f5\u00f5tur+Kivide komplekt &quot;lux&quot; diameeter - AAKnives\" \/>\n<meta property=\"og:description\" content=\"Seade nugade teritamiseks &quot;Model 10&quot;+Digitaalne kalden\u00f5ude m\u00f5\u00f5tja+Kivide komplekt &quot;lux&quot; diameeter\" \/>\n<meta property=\"og:url\" content=\"https:\/\/aaknives.eu\/et\/product\/kit-seade-nugade-teritamiseks-mudel-10digitaalne-kallutusmooturkivide-komplekt-lux-diameeter\/\" \/>\n<meta property=\"og:site_name\" content=\"AAKnives\" \/>\n<meta property=\"article:publisher\" content=\"https:\/\/www.facebook.com\/aaknives.eu\/\" \/>\n<meta property=\"og:image\" content=\"https:\/\/aaknives.eu\/wp-content\/uploads\/2024\/01\/aaknives-hand-forged-dabascus-steel-blade-knife-handmade-custom-made-knife-handcrafted-knives-autinetools-northmen-1-10.jpg\" \/>\n\t<meta property=\"og:image:width\" content=\"1280\" \/>\n\t<meta property=\"og:image:height\" content=\"1280\" \/>\n\t<meta property=\"og:image:type\" content=\"image\/jpeg\" \/>\n<meta name=\"twitter:card\" content=\"summary_large_image\" \/>\n<meta name=\"twitter:label1\" content=\"Est. reading time\" \/>\n\t<meta name=\"twitter:data1\" content=\"1 minut\" \/>\n<script type=\"application\/ld+json\" class=\"yoast-schema-graph\">{\"@context\":\"https:\\\/\\\/schema.org\",\"@graph\":[{\"@type\":\"WebPage\",\"@id\":\"https:\\\/\\\/aaknives.eu\\\/et\\\/product\\\/kit-seade-nugade-teritamiseks-mudel-10digitaalne-kallutusmooturkivide-komplekt-lux-diameeter\\\/\",\"url\":\"https:\\\/\\\/aaknives.eu\\\/et\\\/product\\\/kit-seade-nugade-teritamiseks-mudel-10digitaalne-kallutusmooturkivide-komplekt-lux-diameeter\\\/\",\"name\":\"KIT-seade nugade teritamiseks \\\"Mudel 10\\\"+Digitaalne kallutusm\u00f5\u00f5tur+Kivide komplekt \\\"lux\\\" diameeter - AAKnives\",\"isPartOf\":{\"@id\":\"https:\\\/\\\/aaknives.eu\\\/et\\\/#website\"},\"primaryImageOfPage\":{\"@id\":\"https:\\\/\\\/aaknives.eu\\\/et\\\/product\\\/kit-seade-nugade-teritamiseks-mudel-10digitaalne-kallutusmooturkivide-komplekt-lux-diameeter\\\/#primaryimage\"},\"image\":{\"@id\":\"https:\\\/\\\/aaknives.eu\\\/et\\\/product\\\/kit-seade-nugade-teritamiseks-mudel-10digitaalne-kallutusmooturkivide-komplekt-lux-diameeter\\\/#primaryimage\"},\"thumbnailUrl\":\"https:\\\/\\\/aaknives.eu\\\/wp-content\\\/uploads\\\/2024\\\/01\\\/aaknives-hand-forged-dabascus-steel-blade-knife-handmade-custom-made-knife-handcrafted-knives-autinetools-northmen-1-10.jpg\",\"datePublished\":\"2024-01-04T14:30:00+00:00\",\"description\":\"Seade nugade teritamiseks \\\"Model 10\\\"+Digitaalne kalden\u00f5ude m\u00f5\u00f5tja+Kivide komplekt \\\"lux\\\" diameeter\",\"breadcrumb\":{\"@id\":\"https:\\\/\\\/aaknives.eu\\\/et\\\/product\\\/kit-seade-nugade-teritamiseks-mudel-10digitaalne-kallutusmooturkivide-komplekt-lux-diameeter\\\/#breadcrumb\"},\"inLanguage\":\"et\",\"potentialAction\":[{\"@type\":\"ReadAction\",\"target\":[\"https:\\\/\\\/aaknives.eu\\\/et\\\/product\\\/kit-seade-nugade-teritamiseks-mudel-10digitaalne-kallutusmooturkivide-komplekt-lux-diameeter\\\/\"]}]},{\"@type\":\"ImageObject\",\"inLanguage\":\"et\",\"@id\":\"https:\\\/\\\/aaknives.eu\\\/et\\\/product\\\/kit-seade-nugade-teritamiseks-mudel-10digitaalne-kallutusmooturkivide-komplekt-lux-diameeter\\\/#primaryimage\",\"url\":\"https:\\\/\\\/aaknives.eu\\\/wp-content\\\/uploads\\\/2024\\\/01\\\/aaknives-hand-forged-dabascus-steel-blade-knife-handmade-custom-made-knife-handcrafted-knives-autinetools-northmen-1-10.jpg\",\"contentUrl\":\"https:\\\/\\\/aaknives.eu\\\/wp-content\\\/uploads\\\/2024\\\/01\\\/aaknives-hand-forged-dabascus-steel-blade-knife-handmade-custom-made-knife-handcrafted-knives-autinetools-northmen-1-10.jpg\",\"width\":1280,\"height\":1280,\"caption\":\"aaknives k\u00e4sitsi sepistatud dabascuse teras nuga k\u00e4sitsi valmistatud custom made nuga k\u00e4sit\u00f6\u00f6noad autinetools northmen 1 10\"},{\"@type\":\"BreadcrumbList\",\"@id\":\"https:\\\/\\\/aaknives.eu\\\/et\\\/product\\\/kit-seade-nugade-teritamiseks-mudel-10digitaalne-kallutusmooturkivide-komplekt-lux-diameeter\\\/#breadcrumb\",\"itemListElement\":[{\"@type\":\"ListItem\",\"position\":1,\"name\":\"Home\",\"item\":\"https:\\\/\\\/aaknives.eu\\\/et\\\/kodu\\\/\"},{\"@type\":\"ListItem\",\"position\":2,\"name\":\"Kauplus\",\"item\":\"https:\\\/\\\/aaknives.eu\\\/et\\\/kauplus\\\/\"},{\"@type\":\"ListItem\",\"position\":3,\"name\":\"KIT-seade nugade teritamiseks &#8220;Mudel 10&#8243;+Digitaalne kallutusm\u00f5\u00f5tur+Kivide komplekt &#8220;lux&#8221; diameeter\"}]},{\"@type\":\"WebSite\",\"@id\":\"https:\\\/\\\/aaknives.eu\\\/et\\\/#website\",\"url\":\"https:\\\/\\\/aaknives.eu\\\/et\\\/\",\"name\":\"AAKnives\",\"description\":\"Handmade knives\",\"publisher\":{\"@id\":\"https:\\\/\\\/aaknives.eu\\\/et\\\/#organization\"},\"potentialAction\":[{\"@type\":\"SearchAction\",\"target\":{\"@type\":\"EntryPoint\",\"urlTemplate\":\"https:\\\/\\\/aaknives.eu\\\/et\\\/?s={search_term_string}\"},\"query-input\":{\"@type\":\"PropertyValueSpecification\",\"valueRequired\":true,\"valueName\":\"search_term_string\"}}],\"inLanguage\":\"et\"},{\"@type\":\"Organization\",\"@id\":\"https:\\\/\\\/aaknives.eu\\\/et\\\/#organization\",\"name\":\"AAKnives\",\"url\":\"https:\\\/\\\/aaknives.eu\\\/et\\\/\",\"logo\":{\"@type\":\"ImageObject\",\"inLanguage\":\"et\",\"@id\":\"https:\\\/\\\/aaknives.eu\\\/et\\\/#\\\/schema\\\/logo\\\/image\\\/\",\"url\":\"https:\\\/\\\/aaknives.eu\\\/wp-content\\\/uploads\\\/2021\\\/10\\\/AAknives_Logo_Green.png\",\"contentUrl\":\"https:\\\/\\\/aaknives.eu\\\/wp-content\\\/uploads\\\/2021\\\/10\\\/AAknives_Logo_Green.png\",\"width\":1768,\"height\":1768,\"caption\":\"AAKnives\"},\"image\":{\"@id\":\"https:\\\/\\\/aaknives.eu\\\/et\\\/#\\\/schema\\\/logo\\\/image\\\/\"},\"sameAs\":[\"https:\\\/\\\/www.facebook.com\\\/aaknives.eu\\\/\",\"https:\\\/\\\/www.instagram.com\\\/aaknives\\\/\",\"https:\\\/\\\/www.pinterest.com\\\/aa_knives\\\/\",\"https:\\\/\\\/www.youtube.com\\\/channel\\\/UCHOQFjrOkgT6s4FIw9LDKyw\\\/featured\"]}]}<\/script>\n<!-- \/ Yoast SEO plugin. -->","yoast_head_json":{"title":"KIT-seade nugade teritamiseks \"Mudel 10\"+Digitaalne kallutusm\u00f5\u00f5tur+Kivide komplekt \"lux\" diameeter - AAKnives","description":"Seade nugade teritamiseks \"Model 10\"+Digitaalne kalden\u00f5ude m\u00f5\u00f5tja+Kivide komplekt \"lux\" diameeter","robots":{"index":"index","follow":"follow","max-snippet":"max-snippet:-1","max-image-preview":"max-image-preview:large","max-video-preview":"max-video-preview:-1"},"canonical":"https:\/\/aaknives.eu\/et\/product\/kit-seade-nugade-teritamiseks-mudel-10digitaalne-kallutusmooturkivide-komplekt-lux-diameeter\/","og_locale":"et_EE","og_type":"article","og_title":"KIT-seade nugade teritamiseks \"Mudel 10\"+Digitaalne kallutusm\u00f5\u00f5tur+Kivide komplekt \"lux\" diameeter - AAKnives","og_description":"Seade nugade teritamiseks \"Model 10\"+Digitaalne kalden\u00f5ude m\u00f5\u00f5tja+Kivide komplekt \"lux\" diameeter","og_url":"https:\/\/aaknives.eu\/et\/product\/kit-seade-nugade-teritamiseks-mudel-10digitaalne-kallutusmooturkivide-komplekt-lux-diameeter\/","og_site_name":"AAKnives","article_publisher":"https:\/\/www.facebook.com\/aaknives.eu\/","og_image":[{"width":1280,"height":1280,"url":"https:\/\/aaknives.eu\/wp-content\/uploads\/2024\/01\/aaknives-hand-forged-dabascus-steel-blade-knife-handmade-custom-made-knife-handcrafted-knives-autinetools-northmen-1-10.jpg","type":"image\/jpeg"}],"twitter_card":"summary_large_image","twitter_misc":{"Est. reading time":"1 minut"},"schema":{"@context":"https:\/\/schema.org","@graph":[{"@type":"WebPage","@id":"https:\/\/aaknives.eu\/et\/product\/kit-seade-nugade-teritamiseks-mudel-10digitaalne-kallutusmooturkivide-komplekt-lux-diameeter\/","url":"https:\/\/aaknives.eu\/et\/product\/kit-seade-nugade-teritamiseks-mudel-10digitaalne-kallutusmooturkivide-komplekt-lux-diameeter\/","name":"KIT-seade nugade teritamiseks \"Mudel 10\"+Digitaalne kallutusm\u00f5\u00f5tur+Kivide komplekt \"lux\" diameeter - AAKnives","isPartOf":{"@id":"https:\/\/aaknives.eu\/et\/#website"},"primaryImageOfPage":{"@id":"https:\/\/aaknives.eu\/et\/product\/kit-seade-nugade-teritamiseks-mudel-10digitaalne-kallutusmooturkivide-komplekt-lux-diameeter\/#primaryimage"},"image":{"@id":"https:\/\/aaknives.eu\/et\/product\/kit-seade-nugade-teritamiseks-mudel-10digitaalne-kallutusmooturkivide-komplekt-lux-diameeter\/#primaryimage"},"thumbnailUrl":"https:\/\/aaknives.eu\/wp-content\/uploads\/2024\/01\/aaknives-hand-forged-dabascus-steel-blade-knife-handmade-custom-made-knife-handcrafted-knives-autinetools-northmen-1-10.jpg","datePublished":"2024-01-04T14:30:00+00:00","description":"Seade nugade teritamiseks \"Model 10\"+Digitaalne kalden\u00f5ude m\u00f5\u00f5tja+Kivide komplekt \"lux\" diameeter","breadcrumb":{"@id":"https:\/\/aaknives.eu\/et\/product\/kit-seade-nugade-teritamiseks-mudel-10digitaalne-kallutusmooturkivide-komplekt-lux-diameeter\/#breadcrumb"},"inLanguage":"et","potentialAction":[{"@type":"ReadAction","target":["https:\/\/aaknives.eu\/et\/product\/kit-seade-nugade-teritamiseks-mudel-10digitaalne-kallutusmooturkivide-komplekt-lux-diameeter\/"]}]},{"@type":"ImageObject","inLanguage":"et","@id":"https:\/\/aaknives.eu\/et\/product\/kit-seade-nugade-teritamiseks-mudel-10digitaalne-kallutusmooturkivide-komplekt-lux-diameeter\/#primaryimage","url":"https:\/\/aaknives.eu\/wp-content\/uploads\/2024\/01\/aaknives-hand-forged-dabascus-steel-blade-knife-handmade-custom-made-knife-handcrafted-knives-autinetools-northmen-1-10.jpg","contentUrl":"https:\/\/aaknives.eu\/wp-content\/uploads\/2024\/01\/aaknives-hand-forged-dabascus-steel-blade-knife-handmade-custom-made-knife-handcrafted-knives-autinetools-northmen-1-10.jpg","width":1280,"height":1280,"caption":"aaknives k\u00e4sitsi sepistatud dabascuse teras nuga k\u00e4sitsi valmistatud custom made nuga k\u00e4sit\u00f6\u00f6noad autinetools northmen 1 10"},{"@type":"BreadcrumbList","@id":"https:\/\/aaknives.eu\/et\/product\/kit-seade-nugade-teritamiseks-mudel-10digitaalne-kallutusmooturkivide-komplekt-lux-diameeter\/#breadcrumb","itemListElement":[{"@type":"ListItem","position":1,"name":"Home","item":"https:\/\/aaknives.eu\/et\/kodu\/"},{"@type":"ListItem","position":2,"name":"Kauplus","item":"https:\/\/aaknives.eu\/et\/kauplus\/"},{"@type":"ListItem","position":3,"name":"KIT-seade nugade teritamiseks &#8220;Mudel 10&#8243;+Digitaalne kallutusm\u00f5\u00f5tur+Kivide komplekt &#8220;lux&#8221; diameeter"}]},{"@type":"WebSite","@id":"https:\/\/aaknives.eu\/et\/#website","url":"https:\/\/aaknives.eu\/et\/","name":"AAKnives","description":"Handmade knives","publisher":{"@id":"https:\/\/aaknives.eu\/et\/#organization"},"potentialAction":[{"@type":"SearchAction","target":{"@type":"EntryPoint","urlTemplate":"https:\/\/aaknives.eu\/et\/?s={search_term_string}"},"query-input":{"@type":"PropertyValueSpecification","valueRequired":true,"valueName":"search_term_string"}}],"inLanguage":"et"},{"@type":"Organization","@id":"https:\/\/aaknives.eu\/et\/#organization","name":"AAKnives","url":"https:\/\/aaknives.eu\/et\/","logo":{"@type":"ImageObject","inLanguage":"et","@id":"https:\/\/aaknives.eu\/et\/#\/schema\/logo\/image\/","url":"https:\/\/aaknives.eu\/wp-content\/uploads\/2021\/10\/AAknives_Logo_Green.png","contentUrl":"https:\/\/aaknives.eu\/wp-content\/uploads\/2021\/10\/AAknives_Logo_Green.png","width":1768,"height":1768,"caption":"AAKnives"},"image":{"@id":"https:\/\/aaknives.eu\/et\/#\/schema\/logo\/image\/"},"sameAs":["https:\/\/www.facebook.com\/aaknives.eu\/","https:\/\/www.instagram.com\/aaknives\/","https:\/\/www.pinterest.com\/aa_knives\/","https:\/\/www.youtube.com\/channel\/UCHOQFjrOkgT6s4FIw9LDKyw\/featured"]}]}},"_links":{"self":[{"href":"https:\/\/aaknives.eu\/et\/wp-json\/wp\/v2\/product\/39738","targetHints":{"allow":["GET"]}}],"collection":[{"href":"https:\/\/aaknives.eu\/et\/wp-json\/wp\/v2\/product"}],"about":[{"href":"https:\/\/aaknives.eu\/et\/wp-json\/wp\/v2\/types\/product"}],"wp:featuredmedia":[{"embeddable":true,"href":"https:\/\/aaknives.eu\/et\/wp-json\/wp\/v2\/media\/39616"}],"wp:attachment":[{"href":"https:\/\/aaknives.eu\/et\/wp-json\/wp\/v2\/media?parent=39738"}],"wp:term":[{"taxonomy":"product_brand","embeddable":true,"href":"https:\/\/aaknives.eu\/et\/wp-json\/wp\/v2\/product_brand?post=39738"},{"taxonomy":"product_cat","embeddable":true,"href":"https:\/\/aaknives.eu\/et\/wp-json\/wp\/v2\/product_cat?post=39738"},{"taxonomy":"product_tag","embeddable":true,"href":"https:\/\/aaknives.eu\/et\/wp-json\/wp\/v2\/product_tag?post=39738"}],"curies":[{"name":"wp","href":"https:\/\/api.w.org\/{rel}","templated":true}]}}