{"id":39739,"date":"2023-12-19T17:41:06","date_gmt":"2023-12-19T17:41:06","guid":{"rendered":"https:\/\/aaknives.eu\/product\/e2-elektriline-kooginugade-teritaja\/"},"modified":"2023-12-19T17:41:06","modified_gmt":"2023-12-19T17:41:06","slug":"e2-elektriline-kooginugade-teritaja","status":"publish","type":"product","link":"https:\/\/aaknives.eu\/et\/product\/e2-elektriline-kooginugade-teritaja\/","title":{"rendered":"E2 ELEKTRILINE K\u00d6\u00d6GINUGADE TERITAJA"},"content":{"rendered":"<p>Work Sharp elektriline k\u00f6\u00f6ginugade teritaja on kompaktne elektriline k\u00f6\u00f6ginugade teritaja, mis teritab iga teie k\u00f6\u00f6ginuga. Nurgajuhikud tagavad \u00fchtlase ja korratava servanurga, samal ajal kui paindlikud abrasiivsed kettad teritavad l\u00f5iketera \u00f5rnalt. Keraamilised rattad lihvivad l\u00f5iketera tagasi tehase teravuse tasemele ja neid saab kasutada iga p\u00e4ev, et hoida oma noad teravana ja kasutusvalmis. Kompaktne disain on h\u00f5lpsasti hoiustatav k\u00f6\u00f6gisahtlisse, et vabastada v\u00e4\u00e4rtuslikku t\u00f6\u00f6pinda.<\/p>\n<p>K\u00f6\u00f6gi elektriline noateritaja on meie k\u00f5ige taskukohasem ja t\u00f5husam elektriline noateritaja neile, kes soovivad kiiret, lihtsat ja ohutut viisi k\u00f5ikide k\u00f6\u00f6ginugade teritamiseks. See on nugade suhtes \u00f5rn ja teritab v\u00e4hem kui minutiga. Kitchen Electric nugade teritaja kasutab paindlikke abrasiivseid kettaid, mis tagavad \u00f5rnema teravuse ja teravama serva. Sisseehitatud 20\u00b0 nurgajooned tagavad t\u00e4iusliku ja \u00fchtlase serva, et tagada veatu l\u00f5ikamine tipust kannani.<\/p>\n<p>Integreeritud lihvimispesa kasutab keraamilisi rattasid, et lihvida serva tagasi tehase teravuse tasemele ja muudab uuesti lihvimise veelgi lihtsamaks, kasutage lihtsalt keraamilist lihvi ja minge tagasi l\u00f5ikelaua juurde.<\/p>\n<p>Kompaktne disain paigutab toitejuhtme alusele ja v\u00f5tab v\u00e4he ruumi t\u00f6\u00f6laual v\u00f5i mahub h\u00f5lpsasti teie noasahtlisse. See teritab ka teie k\u00e4\u00e4rid ja k\u00e4\u00e4rid, nii et see on ideaalne lahendus igale majapidamisele, kes teeb s\u00fc\u00fca.<\/p>\n","protected":false},"excerpt":{"rendered":"<p>Work Sharp elektriline k\u00f6\u00f6ginugade teritaja on kompaktne elektriline k\u00f6\u00f6ginugade teritaja, mis teritab iga teie k\u00f6\u00f6ginuga. Nurgajuhikud tagavad \u00fchtlase ja korratava servanurga, samal ajal kui paindlikud abrasiivsed kettad teritavad l\u00f5iketera \u00f5rnalt. Keraamilised rattad lihvivad l\u00f5iketera tagasi tehase teravuse tasemele ja neid saab kasutada iga p\u00e4ev, et hoida oma noad teravana ja kasutusvalmis. Kompaktne disain on h\u00f5lpsasti hoiustatav k\u00f6\u00f6gisahtlisse, et vabastada v\u00e4\u00e4rtuslikku t\u00f6\u00f6pinda. K\u00f6\u00f6gi elektriline noateritaja on meie k\u00f5ige taskukohasem ja t\u00f5husam elektriline noateritaja neile, kes soovivad kiiret, lihtsat ja ohutut viisi k\u00f5ikide k\u00f6\u00f6ginugade teritamiseks. See on nugade suhtes \u00f5rn ja teritab v\u00e4hem kui minutiga. Kitchen Electric nugade teritaja kasutab paindlikke abrasiivseid&hellip;<\/p>\n","protected":false},"featured_media":39740,"template":"","meta":{"_themeisle_gutenberg_block_has_review":false},"product_brand":[],"product_cat":[351],"product_tag":[],"class_list":{"0":"post-39739","1":"product","2":"type-product","3":"status-publish","4":"has-post-thumbnail","6":"product_cat-nugade-teritamine-noateritajad","8":"first","9":"outofstock","10":"shipping-taxable","11":"purchasable","12":"product-type-simple"},"yoast_head":"<!-- This site is optimized with the Yoast SEO plugin v27.3 - https:\/\/yoast.com\/product\/yoast-seo-wordpress\/ -->\n<title>E2 ELEKTRILINE K\u00d6\u00d6GINUGADE TERITAJA - AAKnives<\/title>\n<meta name=\"description\" content=\"E2 ELEKTRILINE K\u00d6\u00d6GINUGADE TERITAJA\" \/>\n<meta name=\"robots\" content=\"index, follow, max-snippet:-1, max-image-preview:large, max-video-preview:-1\" \/>\n<link rel=\"canonical\" href=\"https:\/\/aaknives.eu\/et\/product\/e2-elektriline-kooginugade-teritaja\/\" \/>\n<meta property=\"og:locale\" content=\"et_EE\" \/>\n<meta property=\"og:type\" content=\"article\" \/>\n<meta property=\"og:title\" content=\"E2 ELEKTRILINE K\u00d6\u00d6GINUGADE TERITAJA - AAKnives\" \/>\n<meta property=\"og:description\" content=\"E2 ELEKTRILINE K\u00d6\u00d6GINUGADE TERITAJA\" \/>\n<meta property=\"og:url\" content=\"https:\/\/aaknives.eu\/et\/product\/e2-elektriline-kooginugade-teritaja\/\" \/>\n<meta property=\"og:site_name\" content=\"AAKnives\" \/>\n<meta property=\"article:publisher\" content=\"https:\/\/www.facebook.com\/aaknives.eu\/\" \/>\n<meta property=\"og:image\" content=\"https:\/\/aaknives.eu\/wp-content\/uploads\/2023\/12\/e2-1.jpg\" \/>\n\t<meta property=\"og:image:width\" content=\"965\" \/>\n\t<meta property=\"og:image:height\" content=\"967\" \/>\n\t<meta property=\"og:image:type\" content=\"image\/jpeg\" \/>\n<meta name=\"twitter:card\" content=\"summary_large_image\" \/>\n<meta name=\"twitter:label1\" content=\"Est. reading time\" \/>\n\t<meta name=\"twitter:data1\" content=\"1 minut\" \/>\n<script type=\"application\/ld+json\" class=\"yoast-schema-graph\">{\"@context\":\"https:\\\/\\\/schema.org\",\"@graph\":[{\"@type\":\"WebPage\",\"@id\":\"https:\\\/\\\/aaknives.eu\\\/et\\\/product\\\/e2-elektriline-kooginugade-teritaja\\\/\",\"url\":\"https:\\\/\\\/aaknives.eu\\\/et\\\/product\\\/e2-elektriline-kooginugade-teritaja\\\/\",\"name\":\"E2 ELEKTRILINE K\u00d6\u00d6GINUGADE TERITAJA - AAKnives\",\"isPartOf\":{\"@id\":\"https:\\\/\\\/aaknives.eu\\\/et\\\/#website\"},\"primaryImageOfPage\":{\"@id\":\"https:\\\/\\\/aaknives.eu\\\/et\\\/product\\\/e2-elektriline-kooginugade-teritaja\\\/#primaryimage\"},\"image\":{\"@id\":\"https:\\\/\\\/aaknives.eu\\\/et\\\/product\\\/e2-elektriline-kooginugade-teritaja\\\/#primaryimage\"},\"thumbnailUrl\":\"https:\\\/\\\/aaknives.eu\\\/wp-content\\\/uploads\\\/2023\\\/12\\\/e2-1.jpg\",\"datePublished\":\"2023-12-19T17:41:06+00:00\",\"description\":\"E2 ELEKTRILINE K\u00d6\u00d6GINUGADE TERITAJA\",\"breadcrumb\":{\"@id\":\"https:\\\/\\\/aaknives.eu\\\/et\\\/product\\\/e2-elektriline-kooginugade-teritaja\\\/#breadcrumb\"},\"inLanguage\":\"et\",\"potentialAction\":[{\"@type\":\"ReadAction\",\"target\":[\"https:\\\/\\\/aaknives.eu\\\/et\\\/product\\\/e2-elektriline-kooginugade-teritaja\\\/\"]}]},{\"@type\":\"ImageObject\",\"inLanguage\":\"et\",\"@id\":\"https:\\\/\\\/aaknives.eu\\\/et\\\/product\\\/e2-elektriline-kooginugade-teritaja\\\/#primaryimage\",\"url\":\"https:\\\/\\\/aaknives.eu\\\/wp-content\\\/uploads\\\/2023\\\/12\\\/e2-1.jpg\",\"contentUrl\":\"https:\\\/\\\/aaknives.eu\\\/wp-content\\\/uploads\\\/2023\\\/12\\\/e2-1.jpg\",\"width\":965,\"height\":967,\"caption\":\"e2 1\"},{\"@type\":\"BreadcrumbList\",\"@id\":\"https:\\\/\\\/aaknives.eu\\\/et\\\/product\\\/e2-elektriline-kooginugade-teritaja\\\/#breadcrumb\",\"itemListElement\":[{\"@type\":\"ListItem\",\"position\":1,\"name\":\"Home\",\"item\":\"https:\\\/\\\/aaknives.eu\\\/et\\\/kodu\\\/\"},{\"@type\":\"ListItem\",\"position\":2,\"name\":\"Kauplus\",\"item\":\"https:\\\/\\\/aaknives.eu\\\/et\\\/kauplus\\\/\"},{\"@type\":\"ListItem\",\"position\":3,\"name\":\"E2 ELEKTRILINE K\u00d6\u00d6GINUGADE TERITAJA\"}]},{\"@type\":\"WebSite\",\"@id\":\"https:\\\/\\\/aaknives.eu\\\/et\\\/#website\",\"url\":\"https:\\\/\\\/aaknives.eu\\\/et\\\/\",\"name\":\"AAKnives\",\"description\":\"Handmade knives\",\"publisher\":{\"@id\":\"https:\\\/\\\/aaknives.eu\\\/et\\\/#organization\"},\"potentialAction\":[{\"@type\":\"SearchAction\",\"target\":{\"@type\":\"EntryPoint\",\"urlTemplate\":\"https:\\\/\\\/aaknives.eu\\\/et\\\/?s={search_term_string}\"},\"query-input\":{\"@type\":\"PropertyValueSpecification\",\"valueRequired\":true,\"valueName\":\"search_term_string\"}}],\"inLanguage\":\"et\"},{\"@type\":\"Organization\",\"@id\":\"https:\\\/\\\/aaknives.eu\\\/et\\\/#organization\",\"name\":\"AAKnives\",\"url\":\"https:\\\/\\\/aaknives.eu\\\/et\\\/\",\"logo\":{\"@type\":\"ImageObject\",\"inLanguage\":\"et\",\"@id\":\"https:\\\/\\\/aaknives.eu\\\/et\\\/#\\\/schema\\\/logo\\\/image\\\/\",\"url\":\"https:\\\/\\\/aaknives.eu\\\/wp-content\\\/uploads\\\/2021\\\/10\\\/AAknives_Logo_Green.png\",\"contentUrl\":\"https:\\\/\\\/aaknives.eu\\\/wp-content\\\/uploads\\\/2021\\\/10\\\/AAknives_Logo_Green.png\",\"width\":1768,\"height\":1768,\"caption\":\"AAKnives\"},\"image\":{\"@id\":\"https:\\\/\\\/aaknives.eu\\\/et\\\/#\\\/schema\\\/logo\\\/image\\\/\"},\"sameAs\":[\"https:\\\/\\\/www.facebook.com\\\/aaknives.eu\\\/\",\"https:\\\/\\\/www.instagram.com\\\/aaknives\\\/\",\"https:\\\/\\\/www.pinterest.com\\\/aa_knives\\\/\",\"https:\\\/\\\/www.youtube.com\\\/channel\\\/UCHOQFjrOkgT6s4FIw9LDKyw\\\/featured\"]}]}<\/script>\n<!-- \/ Yoast SEO plugin. -->","yoast_head_json":{"title":"E2 ELEKTRILINE K\u00d6\u00d6GINUGADE TERITAJA - AAKnives","description":"E2 ELEKTRILINE K\u00d6\u00d6GINUGADE TERITAJA","robots":{"index":"index","follow":"follow","max-snippet":"max-snippet:-1","max-image-preview":"max-image-preview:large","max-video-preview":"max-video-preview:-1"},"canonical":"https:\/\/aaknives.eu\/et\/product\/e2-elektriline-kooginugade-teritaja\/","og_locale":"et_EE","og_type":"article","og_title":"E2 ELEKTRILINE K\u00d6\u00d6GINUGADE TERITAJA - AAKnives","og_description":"E2 ELEKTRILINE K\u00d6\u00d6GINUGADE TERITAJA","og_url":"https:\/\/aaknives.eu\/et\/product\/e2-elektriline-kooginugade-teritaja\/","og_site_name":"AAKnives","article_publisher":"https:\/\/www.facebook.com\/aaknives.eu\/","og_image":[{"width":965,"height":967,"url":"https:\/\/aaknives.eu\/wp-content\/uploads\/2023\/12\/e2-1.jpg","type":"image\/jpeg"}],"twitter_card":"summary_large_image","twitter_misc":{"Est. reading time":"1 minut"},"schema":{"@context":"https:\/\/schema.org","@graph":[{"@type":"WebPage","@id":"https:\/\/aaknives.eu\/et\/product\/e2-elektriline-kooginugade-teritaja\/","url":"https:\/\/aaknives.eu\/et\/product\/e2-elektriline-kooginugade-teritaja\/","name":"E2 ELEKTRILINE K\u00d6\u00d6GINUGADE TERITAJA - AAKnives","isPartOf":{"@id":"https:\/\/aaknives.eu\/et\/#website"},"primaryImageOfPage":{"@id":"https:\/\/aaknives.eu\/et\/product\/e2-elektriline-kooginugade-teritaja\/#primaryimage"},"image":{"@id":"https:\/\/aaknives.eu\/et\/product\/e2-elektriline-kooginugade-teritaja\/#primaryimage"},"thumbnailUrl":"https:\/\/aaknives.eu\/wp-content\/uploads\/2023\/12\/e2-1.jpg","datePublished":"2023-12-19T17:41:06+00:00","description":"E2 ELEKTRILINE K\u00d6\u00d6GINUGADE TERITAJA","breadcrumb":{"@id":"https:\/\/aaknives.eu\/et\/product\/e2-elektriline-kooginugade-teritaja\/#breadcrumb"},"inLanguage":"et","potentialAction":[{"@type":"ReadAction","target":["https:\/\/aaknives.eu\/et\/product\/e2-elektriline-kooginugade-teritaja\/"]}]},{"@type":"ImageObject","inLanguage":"et","@id":"https:\/\/aaknives.eu\/et\/product\/e2-elektriline-kooginugade-teritaja\/#primaryimage","url":"https:\/\/aaknives.eu\/wp-content\/uploads\/2023\/12\/e2-1.jpg","contentUrl":"https:\/\/aaknives.eu\/wp-content\/uploads\/2023\/12\/e2-1.jpg","width":965,"height":967,"caption":"e2 1"},{"@type":"BreadcrumbList","@id":"https:\/\/aaknives.eu\/et\/product\/e2-elektriline-kooginugade-teritaja\/#breadcrumb","itemListElement":[{"@type":"ListItem","position":1,"name":"Home","item":"https:\/\/aaknives.eu\/et\/kodu\/"},{"@type":"ListItem","position":2,"name":"Kauplus","item":"https:\/\/aaknives.eu\/et\/kauplus\/"},{"@type":"ListItem","position":3,"name":"E2 ELEKTRILINE K\u00d6\u00d6GINUGADE TERITAJA"}]},{"@type":"WebSite","@id":"https:\/\/aaknives.eu\/et\/#website","url":"https:\/\/aaknives.eu\/et\/","name":"AAKnives","description":"Handmade knives","publisher":{"@id":"https:\/\/aaknives.eu\/et\/#organization"},"potentialAction":[{"@type":"SearchAction","target":{"@type":"EntryPoint","urlTemplate":"https:\/\/aaknives.eu\/et\/?s={search_term_string}"},"query-input":{"@type":"PropertyValueSpecification","valueRequired":true,"valueName":"search_term_string"}}],"inLanguage":"et"},{"@type":"Organization","@id":"https:\/\/aaknives.eu\/et\/#organization","name":"AAKnives","url":"https:\/\/aaknives.eu\/et\/","logo":{"@type":"ImageObject","inLanguage":"et","@id":"https:\/\/aaknives.eu\/et\/#\/schema\/logo\/image\/","url":"https:\/\/aaknives.eu\/wp-content\/uploads\/2021\/10\/AAknives_Logo_Green.png","contentUrl":"https:\/\/aaknives.eu\/wp-content\/uploads\/2021\/10\/AAknives_Logo_Green.png","width":1768,"height":1768,"caption":"AAKnives"},"image":{"@id":"https:\/\/aaknives.eu\/et\/#\/schema\/logo\/image\/"},"sameAs":["https:\/\/www.facebook.com\/aaknives.eu\/","https:\/\/www.instagram.com\/aaknives\/","https:\/\/www.pinterest.com\/aa_knives\/","https:\/\/www.youtube.com\/channel\/UCHOQFjrOkgT6s4FIw9LDKyw\/featured"]}]}},"_links":{"self":[{"href":"https:\/\/aaknives.eu\/et\/wp-json\/wp\/v2\/product\/39739","targetHints":{"allow":["GET"]}}],"collection":[{"href":"https:\/\/aaknives.eu\/et\/wp-json\/wp\/v2\/product"}],"about":[{"href":"https:\/\/aaknives.eu\/et\/wp-json\/wp\/v2\/types\/product"}],"wp:featuredmedia":[{"embeddable":true,"href":"https:\/\/aaknives.eu\/et\/wp-json\/wp\/v2\/media\/39740"}],"wp:attachment":[{"href":"https:\/\/aaknives.eu\/et\/wp-json\/wp\/v2\/media?parent=39739"}],"wp:term":[{"taxonomy":"product_brand","embeddable":true,"href":"https:\/\/aaknives.eu\/et\/wp-json\/wp\/v2\/product_brand?post=39739"},{"taxonomy":"product_cat","embeddable":true,"href":"https:\/\/aaknives.eu\/et\/wp-json\/wp\/v2\/product_cat?post=39739"},{"taxonomy":"product_tag","embeddable":true,"href":"https:\/\/aaknives.eu\/et\/wp-json\/wp\/v2\/product_tag?post=39739"}],"curies":[{"name":"wp","href":"https:\/\/api.w.org\/{rel}","templated":true}]}}