{"id":39917,"date":"2023-08-16T16:55:21","date_gmt":"2023-08-16T16:55:21","guid":{"rendered":"https:\/\/aaknives.eu\/product\/tera-dracon-kasitsi-sepistatud-d2-terasest\/"},"modified":"2024-04-17T16:08:45","modified_gmt":"2024-04-17T16:08:45","slug":"tera-dracon-kasitsi-sepistatud-d2-terasest","status":"publish","type":"product","link":"https:\/\/aaknives.eu\/et\/product\/tera-dracon-kasitsi-sepistatud-d2-terasest\/","title":{"rendered":"Tera &#8220;DRAAKON&#8221; &#8211; k\u00e4sitsi sepistatud D2 terasest"},"content":{"rendered":"<p>Tera tehnilised andmed \u2013 DRAAKON<br \/>\nTeras: k\u00e4sitsi sepistatud D2<br \/>\nK\u00f5vadus: 60-61 HRC<br \/>\nTera pikkus: 118 mm\/ 4,64 tolli<br \/>\nTera paksus: 3 mm\/ 0,11 tolli<br \/>\nTera laius: 26 mm\/ 1,02 tolli<br \/>\nKogupikkus: 208 mm\/ 8,18 tolli<\/p>\n<p>D2 teras on \u00fcks parimaid ja kuulsamaid teraterasid maailmas.<\/p>\n<p>D2 terasest noad toodavad tuntud USA ja Jaapani ettev\u00f5tted.<\/p>\n<p>Sellest terasest valmistatud noad hoiavad oma l\u00f5iketera suurep\u00e4raselt ja on v\u00e4ga korrosioonikindlad.<\/p>\n<p>P\u00e4rast kuumt\u00f6\u00f6tlemist on D2-terasest tera k\u00f5vadus vahemikus 60-61 HRC.<\/p>\n","protected":false},"excerpt":{"rendered":"<p>Tera tehnilised andmed \u2013 DRAAKON Teras: k\u00e4sitsi sepistatud D2 K\u00f5vadus: 60-61 HRC Tera pikkus: 118 mm\/ 4,64 tolli Tera paksus: 3 mm\/ 0,11 tolli Tera laius: 26 mm\/ 1,02 tolli Kogupikkus: 208 mm\/ 8,18 tolli D2 teras on \u00fcks parimaid ja kuulsamaid teraterasid maailmas. D2 terasest noad toodavad tuntud USA ja Jaapani ettev\u00f5tted. Sellest terasest valmistatud noad hoiavad oma l\u00f5iketera suurep\u00e4raselt ja on v\u00e4ga korrosioonikindlad. P\u00e4rast kuumt\u00f6\u00f6tlemist on D2-terasest tera k\u00f5vadus vahemikus 60-61 HRC.<\/p>\n","protected":false},"featured_media":39918,"template":"","meta":{"_themeisle_gutenberg_block_has_review":false},"product_brand":[],"product_cat":[344],"product_tag":[],"class_list":{"0":"post-39917","1":"product","2":"type-product","3":"status-publish","4":"has-post-thumbnail","6":"product_cat-terad","8":"first","9":"instock","10":"shipping-taxable","11":"purchasable","12":"product-type-simple"},"yoast_head":"<!-- This site is optimized with the Yoast SEO plugin v27.5 - https:\/\/yoast.com\/product\/yoast-seo-wordpress\/ -->\n<title>Tera &quot;DRAAKON&quot; - k\u00e4sitsi sepistatud D2 terasest - AAKnives<\/title>\n<meta name=\"description\" content=\"Tera &quot;DRAAKON&quot; - k\u00e4sitsi sepistatud D2 terasest\" \/>\n<meta name=\"robots\" content=\"index, follow, max-snippet:-1, max-image-preview:large, max-video-preview:-1\" \/>\n<link rel=\"canonical\" href=\"https:\/\/aaknives.eu\/et\/product\/tera-dracon-kasitsi-sepistatud-d2-terasest\/\" \/>\n<meta property=\"og:locale\" content=\"et_EE\" \/>\n<meta property=\"og:type\" content=\"article\" \/>\n<meta property=\"og:title\" content=\"Tera &quot;DRAAKON&quot; - k\u00e4sitsi sepistatud D2 terasest - AAKnives\" \/>\n<meta property=\"og:description\" content=\"Tera &quot;DRAAKON&quot; - k\u00e4sitsi sepistatud D2 terasest\" \/>\n<meta property=\"og:url\" content=\"https:\/\/aaknives.eu\/et\/product\/tera-dracon-kasitsi-sepistatud-d2-terasest\/\" \/>\n<meta property=\"og:site_name\" content=\"AAKnives\" \/>\n<meta property=\"article:publisher\" content=\"https:\/\/www.facebook.com\/aaknives.eu\/\" \/>\n<meta property=\"article:modified_time\" content=\"2024-04-17T16:08:45+00:00\" \/>\n<meta property=\"og:image\" content=\"https:\/\/aaknives.eu\/wp-content\/uploads\/2023\/08\/aaknives-hand-forged-dabascus-steel-blade-knife-handmade-custom-made-knife-handcrafted-knives-autinetools-northmen-1-31.jpg\" \/>\n\t<meta property=\"og:image:width\" content=\"1020\" \/>\n\t<meta property=\"og:image:height\" content=\"880\" \/>\n\t<meta property=\"og:image:type\" content=\"image\/jpeg\" \/>\n<meta name=\"twitter:card\" content=\"summary_large_image\" \/>\n<script type=\"application\/ld+json\" class=\"yoast-schema-graph\">{\"@context\":\"https:\\\/\\\/schema.org\",\"@graph\":[{\"@type\":\"WebPage\",\"@id\":\"https:\\\/\\\/aaknives.eu\\\/et\\\/product\\\/tera-dracon-kasitsi-sepistatud-d2-terasest\\\/\",\"url\":\"https:\\\/\\\/aaknives.eu\\\/et\\\/product\\\/tera-dracon-kasitsi-sepistatud-d2-terasest\\\/\",\"name\":\"Tera \\\"DRAAKON\\\" - k\u00e4sitsi sepistatud D2 terasest - AAKnives\",\"isPartOf\":{\"@id\":\"https:\\\/\\\/aaknives.eu\\\/et\\\/#website\"},\"primaryImageOfPage\":{\"@id\":\"https:\\\/\\\/aaknives.eu\\\/et\\\/product\\\/tera-dracon-kasitsi-sepistatud-d2-terasest\\\/#primaryimage\"},\"image\":{\"@id\":\"https:\\\/\\\/aaknives.eu\\\/et\\\/product\\\/tera-dracon-kasitsi-sepistatud-d2-terasest\\\/#primaryimage\"},\"thumbnailUrl\":\"https:\\\/\\\/aaknives.eu\\\/wp-content\\\/uploads\\\/2023\\\/08\\\/aaknives-hand-forged-dabascus-steel-blade-knife-handmade-custom-made-knife-handcrafted-knives-autinetools-northmen-1-31.jpg\",\"datePublished\":\"2023-08-16T16:55:21+00:00\",\"dateModified\":\"2024-04-17T16:08:45+00:00\",\"description\":\"Tera \\\"DRAAKON\\\" - k\u00e4sitsi sepistatud D2 terasest\",\"breadcrumb\":{\"@id\":\"https:\\\/\\\/aaknives.eu\\\/et\\\/product\\\/tera-dracon-kasitsi-sepistatud-d2-terasest\\\/#breadcrumb\"},\"inLanguage\":\"et\",\"potentialAction\":[{\"@type\":\"ReadAction\",\"target\":[\"https:\\\/\\\/aaknives.eu\\\/et\\\/product\\\/tera-dracon-kasitsi-sepistatud-d2-terasest\\\/\"]}]},{\"@type\":\"ImageObject\",\"inLanguage\":\"et\",\"@id\":\"https:\\\/\\\/aaknives.eu\\\/et\\\/product\\\/tera-dracon-kasitsi-sepistatud-d2-terasest\\\/#primaryimage\",\"url\":\"https:\\\/\\\/aaknives.eu\\\/wp-content\\\/uploads\\\/2023\\\/08\\\/aaknives-hand-forged-dabascus-steel-blade-knife-handmade-custom-made-knife-handcrafted-knives-autinetools-northmen-1-31.jpg\",\"contentUrl\":\"https:\\\/\\\/aaknives.eu\\\/wp-content\\\/uploads\\\/2023\\\/08\\\/aaknives-hand-forged-dabascus-steel-blade-knife-handmade-custom-made-knife-handcrafted-knives-autinetools-northmen-1-31.jpg\",\"width\":1020,\"height\":880,\"caption\":\"aaknives k\u00e4sitsi sepistatud dabascuse teras nuga k\u00e4sitsi valmistatud custom made nuga k\u00e4sit\u00f6\u00f6noad autinetools northmen 1 31\"},{\"@type\":\"BreadcrumbList\",\"@id\":\"https:\\\/\\\/aaknives.eu\\\/et\\\/product\\\/tera-dracon-kasitsi-sepistatud-d2-terasest\\\/#breadcrumb\",\"itemListElement\":[{\"@type\":\"ListItem\",\"position\":1,\"name\":\"Home\",\"item\":\"https:\\\/\\\/aaknives.eu\\\/et\\\/kodu\\\/\"},{\"@type\":\"ListItem\",\"position\":2,\"name\":\"Kauplus\",\"item\":\"https:\\\/\\\/aaknives.eu\\\/et\\\/kauplus\\\/\"},{\"@type\":\"ListItem\",\"position\":3,\"name\":\"Tera &#8220;DRAAKON&#8221; &#8211; k\u00e4sitsi sepistatud D2 terasest\"}]},{\"@type\":\"WebSite\",\"@id\":\"https:\\\/\\\/aaknives.eu\\\/et\\\/#website\",\"url\":\"https:\\\/\\\/aaknives.eu\\\/et\\\/\",\"name\":\"AAKnives\",\"description\":\"Handmade knives\",\"publisher\":{\"@id\":\"https:\\\/\\\/aaknives.eu\\\/et\\\/#organization\"},\"potentialAction\":[{\"@type\":\"SearchAction\",\"target\":{\"@type\":\"EntryPoint\",\"urlTemplate\":\"https:\\\/\\\/aaknives.eu\\\/et\\\/?s={search_term_string}\"},\"query-input\":{\"@type\":\"PropertyValueSpecification\",\"valueRequired\":true,\"valueName\":\"search_term_string\"}}],\"inLanguage\":\"et\"},{\"@type\":\"Organization\",\"@id\":\"https:\\\/\\\/aaknives.eu\\\/et\\\/#organization\",\"name\":\"AAKnives\",\"url\":\"https:\\\/\\\/aaknives.eu\\\/et\\\/\",\"logo\":{\"@type\":\"ImageObject\",\"inLanguage\":\"et\",\"@id\":\"https:\\\/\\\/aaknives.eu\\\/et\\\/#\\\/schema\\\/logo\\\/image\\\/\",\"url\":\"https:\\\/\\\/aaknives.eu\\\/wp-content\\\/uploads\\\/2021\\\/10\\\/AAknives_Logo_Green.png\",\"contentUrl\":\"https:\\\/\\\/aaknives.eu\\\/wp-content\\\/uploads\\\/2021\\\/10\\\/AAknives_Logo_Green.png\",\"width\":1768,\"height\":1768,\"caption\":\"AAKnives\"},\"image\":{\"@id\":\"https:\\\/\\\/aaknives.eu\\\/et\\\/#\\\/schema\\\/logo\\\/image\\\/\"},\"sameAs\":[\"https:\\\/\\\/www.facebook.com\\\/aaknives.eu\\\/\",\"https:\\\/\\\/www.instagram.com\\\/aaknives\\\/\",\"https:\\\/\\\/www.pinterest.com\\\/aa_knives\\\/\",\"https:\\\/\\\/www.youtube.com\\\/channel\\\/UCHOQFjrOkgT6s4FIw9LDKyw\\\/featured\"]}]}<\/script>\n<!-- \/ Yoast SEO plugin. -->","yoast_head_json":{"title":"Tera \"DRAAKON\" - k\u00e4sitsi sepistatud D2 terasest - AAKnives","description":"Tera \"DRAAKON\" - k\u00e4sitsi sepistatud D2 terasest","robots":{"index":"index","follow":"follow","max-snippet":"max-snippet:-1","max-image-preview":"max-image-preview:large","max-video-preview":"max-video-preview:-1"},"canonical":"https:\/\/aaknives.eu\/et\/product\/tera-dracon-kasitsi-sepistatud-d2-terasest\/","og_locale":"et_EE","og_type":"article","og_title":"Tera \"DRAAKON\" - k\u00e4sitsi sepistatud D2 terasest - AAKnives","og_description":"Tera \"DRAAKON\" - k\u00e4sitsi sepistatud D2 terasest","og_url":"https:\/\/aaknives.eu\/et\/product\/tera-dracon-kasitsi-sepistatud-d2-terasest\/","og_site_name":"AAKnives","article_publisher":"https:\/\/www.facebook.com\/aaknives.eu\/","article_modified_time":"2024-04-17T16:08:45+00:00","og_image":[{"width":1020,"height":880,"url":"https:\/\/aaknives.eu\/wp-content\/uploads\/2023\/08\/aaknives-hand-forged-dabascus-steel-blade-knife-handmade-custom-made-knife-handcrafted-knives-autinetools-northmen-1-31.jpg","type":"image\/jpeg"}],"twitter_card":"summary_large_image","schema":{"@context":"https:\/\/schema.org","@graph":[{"@type":"WebPage","@id":"https:\/\/aaknives.eu\/et\/product\/tera-dracon-kasitsi-sepistatud-d2-terasest\/","url":"https:\/\/aaknives.eu\/et\/product\/tera-dracon-kasitsi-sepistatud-d2-terasest\/","name":"Tera \"DRAAKON\" - k\u00e4sitsi sepistatud D2 terasest - AAKnives","isPartOf":{"@id":"https:\/\/aaknives.eu\/et\/#website"},"primaryImageOfPage":{"@id":"https:\/\/aaknives.eu\/et\/product\/tera-dracon-kasitsi-sepistatud-d2-terasest\/#primaryimage"},"image":{"@id":"https:\/\/aaknives.eu\/et\/product\/tera-dracon-kasitsi-sepistatud-d2-terasest\/#primaryimage"},"thumbnailUrl":"https:\/\/aaknives.eu\/wp-content\/uploads\/2023\/08\/aaknives-hand-forged-dabascus-steel-blade-knife-handmade-custom-made-knife-handcrafted-knives-autinetools-northmen-1-31.jpg","datePublished":"2023-08-16T16:55:21+00:00","dateModified":"2024-04-17T16:08:45+00:00","description":"Tera \"DRAAKON\" - k\u00e4sitsi sepistatud D2 terasest","breadcrumb":{"@id":"https:\/\/aaknives.eu\/et\/product\/tera-dracon-kasitsi-sepistatud-d2-terasest\/#breadcrumb"},"inLanguage":"et","potentialAction":[{"@type":"ReadAction","target":["https:\/\/aaknives.eu\/et\/product\/tera-dracon-kasitsi-sepistatud-d2-terasest\/"]}]},{"@type":"ImageObject","inLanguage":"et","@id":"https:\/\/aaknives.eu\/et\/product\/tera-dracon-kasitsi-sepistatud-d2-terasest\/#primaryimage","url":"https:\/\/aaknives.eu\/wp-content\/uploads\/2023\/08\/aaknives-hand-forged-dabascus-steel-blade-knife-handmade-custom-made-knife-handcrafted-knives-autinetools-northmen-1-31.jpg","contentUrl":"https:\/\/aaknives.eu\/wp-content\/uploads\/2023\/08\/aaknives-hand-forged-dabascus-steel-blade-knife-handmade-custom-made-knife-handcrafted-knives-autinetools-northmen-1-31.jpg","width":1020,"height":880,"caption":"aaknives k\u00e4sitsi sepistatud dabascuse teras nuga k\u00e4sitsi valmistatud custom made nuga k\u00e4sit\u00f6\u00f6noad autinetools northmen 1 31"},{"@type":"BreadcrumbList","@id":"https:\/\/aaknives.eu\/et\/product\/tera-dracon-kasitsi-sepistatud-d2-terasest\/#breadcrumb","itemListElement":[{"@type":"ListItem","position":1,"name":"Home","item":"https:\/\/aaknives.eu\/et\/kodu\/"},{"@type":"ListItem","position":2,"name":"Kauplus","item":"https:\/\/aaknives.eu\/et\/kauplus\/"},{"@type":"ListItem","position":3,"name":"Tera &#8220;DRAAKON&#8221; &#8211; k\u00e4sitsi sepistatud D2 terasest"}]},{"@type":"WebSite","@id":"https:\/\/aaknives.eu\/et\/#website","url":"https:\/\/aaknives.eu\/et\/","name":"AAKnives","description":"Handmade knives","publisher":{"@id":"https:\/\/aaknives.eu\/et\/#organization"},"potentialAction":[{"@type":"SearchAction","target":{"@type":"EntryPoint","urlTemplate":"https:\/\/aaknives.eu\/et\/?s={search_term_string}"},"query-input":{"@type":"PropertyValueSpecification","valueRequired":true,"valueName":"search_term_string"}}],"inLanguage":"et"},{"@type":"Organization","@id":"https:\/\/aaknives.eu\/et\/#organization","name":"AAKnives","url":"https:\/\/aaknives.eu\/et\/","logo":{"@type":"ImageObject","inLanguage":"et","@id":"https:\/\/aaknives.eu\/et\/#\/schema\/logo\/image\/","url":"https:\/\/aaknives.eu\/wp-content\/uploads\/2021\/10\/AAknives_Logo_Green.png","contentUrl":"https:\/\/aaknives.eu\/wp-content\/uploads\/2021\/10\/AAknives_Logo_Green.png","width":1768,"height":1768,"caption":"AAKnives"},"image":{"@id":"https:\/\/aaknives.eu\/et\/#\/schema\/logo\/image\/"},"sameAs":["https:\/\/www.facebook.com\/aaknives.eu\/","https:\/\/www.instagram.com\/aaknives\/","https:\/\/www.pinterest.com\/aa_knives\/","https:\/\/www.youtube.com\/channel\/UCHOQFjrOkgT6s4FIw9LDKyw\/featured"]}]}},"_links":{"self":[{"href":"https:\/\/aaknives.eu\/et\/wp-json\/wp\/v2\/product\/39917","targetHints":{"allow":["GET"]}}],"collection":[{"href":"https:\/\/aaknives.eu\/et\/wp-json\/wp\/v2\/product"}],"about":[{"href":"https:\/\/aaknives.eu\/et\/wp-json\/wp\/v2\/types\/product"}],"wp:featuredmedia":[{"embeddable":true,"href":"https:\/\/aaknives.eu\/et\/wp-json\/wp\/v2\/media\/39918"}],"wp:attachment":[{"href":"https:\/\/aaknives.eu\/et\/wp-json\/wp\/v2\/media?parent=39917"}],"wp:term":[{"taxonomy":"product_brand","embeddable":true,"href":"https:\/\/aaknives.eu\/et\/wp-json\/wp\/v2\/product_brand?post=39917"},{"taxonomy":"product_cat","embeddable":true,"href":"https:\/\/aaknives.eu\/et\/wp-json\/wp\/v2\/product_cat?post=39917"},{"taxonomy":"product_tag","embeddable":true,"href":"https:\/\/aaknives.eu\/et\/wp-json\/wp\/v2\/product_tag?post=39917"}],"curies":[{"name":"wp","href":"https:\/\/api.w.org\/{rel}","templated":true}]}}