{"id":39945,"date":"2023-08-16T15:09:02","date_gmt":"2023-08-16T15:09:02","guid":{"rendered":"https:\/\/aaknives.eu\/product\/tera-uzbek-pchak-kasitsi-sepistatud-bulat-wootz-teras\/"},"modified":"2024-06-03T09:36:10","modified_gmt":"2024-06-03T09:36:10","slug":"tera-uzbek-pchak-kasitsi-sepistatud-bulat-wootz-teras","status":"publish","type":"product","link":"https:\/\/aaknives.eu\/et\/product\/tera-uzbek-pchak-kasitsi-sepistatud-bulat-wootz-teras\/","title":{"rendered":"Tera &#8220;UZBEK- PCHAK&#8221; &#8211; k\u00e4sitsi sepistatud Bulat &#8211; Wootz teras"},"content":{"rendered":"<p>Tera spetsifikatsioonid &#8211; UZBEK- PCHAK<br \/>\nTeras: k\u00e4sitsi sepistatud Bulat &#8211; Wootz teras<br \/>\nK\u00f5vadus: 61-63 HRC<br \/>\nTera pikkus: 165 mm\/ 6,49 tolli<br \/>\nTera paksus: 3 mm\/ 0,12 tolli<br \/>\nTera laius: 34 mm\/ 1,33 tolli<br \/>\nKogupikkus: 254 mm\/ 10,00 tolli<\/p>\n<p>Bulat &#8211; Wootz Steel<br \/>\nValatud s\u00fcsinikusisaldusega k\u00e4sitsi sepistatud teras<br \/>\nerilise tera konstruktsiooniga, suure k\u00f5vadusega, suurema vastupidavuse ja elastsusega.<br \/>\nIgal Bulat-terasest teral on eriline individuaalne muster.<br \/>\n&#8221;AA noad&#8221; toodab noad, mis on valmistatud legeeritud sulatatud Bulat terasest, mis p\u00f5hineb K340 ja k110 metallidel.<\/p>\n<p>Bulat terasest nugade eelised:<\/p>\n<p>Suur k\u00f5vadus<br \/>\nSuurem vastupidavus<br \/>\nElastsus<br \/>\nPikaajaline teravus<br \/>\nTera k\u00f5vadus 62-64 HRC.<br \/>\nK\u00e4sitsi valmistatud<\/p>\n","protected":false},"excerpt":{"rendered":"<p>Tera spetsifikatsioonid &#8211; UZBEK- PCHAK Teras: k\u00e4sitsi sepistatud Bulat &#8211; Wootz teras K\u00f5vadus: 61-63 HRC Tera pikkus: 165 mm\/ 6,49 tolli Tera paksus: 3 mm\/ 0,12 tolli Tera laius: 34 mm\/ 1,33 tolli Kogupikkus: 254 mm\/ 10,00 tolli Bulat &#8211; Wootz Steel Valatud s\u00fcsinikusisaldusega k\u00e4sitsi sepistatud teras erilise tera konstruktsiooniga, suure k\u00f5vadusega, suurema vastupidavuse ja elastsusega. Igal Bulat-terasest teral on eriline individuaalne muster. &#8221;AA noad&#8221; toodab noad, mis on valmistatud legeeritud sulatatud Bulat terasest, mis p\u00f5hineb K340 ja k110 metallidel. Bulat terasest nugade eelised: Suur k\u00f5vadus Suurem vastupidavus Elastsus Pikaajaline teravus Tera k\u00f5vadus 62-64 HRC. K\u00e4sitsi valmistatud<\/p>\n","protected":false},"featured_media":39946,"template":"","meta":{"_themeisle_gutenberg_block_has_review":false},"product_brand":[],"product_cat":[344],"product_tag":[],"class_list":{"0":"post-39945","1":"product","2":"type-product","3":"status-publish","4":"has-post-thumbnail","6":"product_cat-terad","8":"first","9":"instock","10":"shipping-taxable","11":"purchasable","12":"product-type-simple"},"yoast_head":"<!-- This site is optimized with the Yoast SEO plugin v27.3 - https:\/\/yoast.com\/product\/yoast-seo-wordpress\/ -->\n<title>Tera &quot;UZBEK- PCHAK&quot; - k\u00e4sitsi sepistatud Bulat - Wootz teras - AAKnives<\/title>\n<meta name=\"description\" content=\"Tera &quot;UZBEK- PCHAK&quot; - k\u00e4sitsi sepistatud Bulat - Wootz teras\" \/>\n<meta name=\"robots\" content=\"index, follow, max-snippet:-1, max-image-preview:large, max-video-preview:-1\" \/>\n<link rel=\"canonical\" href=\"https:\/\/aaknives.eu\/et\/product\/tera-uzbek-pchak-kasitsi-sepistatud-bulat-wootz-teras\/\" \/>\n<meta property=\"og:locale\" content=\"et_EE\" \/>\n<meta property=\"og:type\" content=\"article\" \/>\n<meta property=\"og:title\" content=\"Tera &quot;UZBEK- PCHAK&quot; - k\u00e4sitsi sepistatud Bulat - Wootz teras - AAKnives\" \/>\n<meta property=\"og:description\" content=\"Tera &quot;UZBEK- PCHAK&quot; - k\u00e4sitsi sepistatud Bulat - Wootz teras\" \/>\n<meta property=\"og:url\" content=\"https:\/\/aaknives.eu\/et\/product\/tera-uzbek-pchak-kasitsi-sepistatud-bulat-wootz-teras\/\" \/>\n<meta property=\"og:site_name\" content=\"AAKnives\" \/>\n<meta property=\"article:publisher\" content=\"https:\/\/www.facebook.com\/aaknives.eu\/\" \/>\n<meta property=\"article:modified_time\" content=\"2024-06-03T09:36:10+00:00\" \/>\n<meta property=\"og:image\" content=\"https:\/\/aaknives.eu\/wp-content\/uploads\/2023\/08\/aaknives-hand-forged-dabascus-steel-blade-knife-handmade-custom-made-knife-handcrafted-knives-autinetools-northmen-1-33.jpg\" \/>\n\t<meta property=\"og:image:width\" content=\"1020\" \/>\n\t<meta property=\"og:image:height\" content=\"880\" \/>\n\t<meta property=\"og:image:type\" content=\"image\/jpeg\" \/>\n<meta name=\"twitter:card\" content=\"summary_large_image\" \/>\n<script type=\"application\/ld+json\" class=\"yoast-schema-graph\">{\"@context\":\"https:\\\/\\\/schema.org\",\"@graph\":[{\"@type\":\"WebPage\",\"@id\":\"https:\\\/\\\/aaknives.eu\\\/et\\\/product\\\/tera-uzbek-pchak-kasitsi-sepistatud-bulat-wootz-teras\\\/\",\"url\":\"https:\\\/\\\/aaknives.eu\\\/et\\\/product\\\/tera-uzbek-pchak-kasitsi-sepistatud-bulat-wootz-teras\\\/\",\"name\":\"Tera \\\"UZBEK- PCHAK\\\" - k\u00e4sitsi sepistatud Bulat - Wootz teras - AAKnives\",\"isPartOf\":{\"@id\":\"https:\\\/\\\/aaknives.eu\\\/et\\\/#website\"},\"primaryImageOfPage\":{\"@id\":\"https:\\\/\\\/aaknives.eu\\\/et\\\/product\\\/tera-uzbek-pchak-kasitsi-sepistatud-bulat-wootz-teras\\\/#primaryimage\"},\"image\":{\"@id\":\"https:\\\/\\\/aaknives.eu\\\/et\\\/product\\\/tera-uzbek-pchak-kasitsi-sepistatud-bulat-wootz-teras\\\/#primaryimage\"},\"thumbnailUrl\":\"https:\\\/\\\/aaknives.eu\\\/wp-content\\\/uploads\\\/2023\\\/08\\\/aaknives-hand-forged-dabascus-steel-blade-knife-handmade-custom-made-knife-handcrafted-knives-autinetools-northmen-1-33.jpg\",\"datePublished\":\"2023-08-16T15:09:02+00:00\",\"dateModified\":\"2024-06-03T09:36:10+00:00\",\"description\":\"Tera \\\"UZBEK- PCHAK\\\" - k\u00e4sitsi sepistatud Bulat - Wootz teras\",\"breadcrumb\":{\"@id\":\"https:\\\/\\\/aaknives.eu\\\/et\\\/product\\\/tera-uzbek-pchak-kasitsi-sepistatud-bulat-wootz-teras\\\/#breadcrumb\"},\"inLanguage\":\"et\",\"potentialAction\":[{\"@type\":\"ReadAction\",\"target\":[\"https:\\\/\\\/aaknives.eu\\\/et\\\/product\\\/tera-uzbek-pchak-kasitsi-sepistatud-bulat-wootz-teras\\\/\"]}]},{\"@type\":\"ImageObject\",\"inLanguage\":\"et\",\"@id\":\"https:\\\/\\\/aaknives.eu\\\/et\\\/product\\\/tera-uzbek-pchak-kasitsi-sepistatud-bulat-wootz-teras\\\/#primaryimage\",\"url\":\"https:\\\/\\\/aaknives.eu\\\/wp-content\\\/uploads\\\/2023\\\/08\\\/aaknives-hand-forged-dabascus-steel-blade-knife-handmade-custom-made-knife-handcrafted-knives-autinetools-northmen-1-33.jpg\",\"contentUrl\":\"https:\\\/\\\/aaknives.eu\\\/wp-content\\\/uploads\\\/2023\\\/08\\\/aaknives-hand-forged-dabascus-steel-blade-knife-handmade-custom-made-knife-handcrafted-knives-autinetools-northmen-1-33.jpg\",\"width\":1020,\"height\":880,\"caption\":\"aaknives hand forged dabascus steel blade knife handmade custom made knife handcrafted knives autinetools northmen 1 33\"},{\"@type\":\"BreadcrumbList\",\"@id\":\"https:\\\/\\\/aaknives.eu\\\/et\\\/product\\\/tera-uzbek-pchak-kasitsi-sepistatud-bulat-wootz-teras\\\/#breadcrumb\",\"itemListElement\":[{\"@type\":\"ListItem\",\"position\":1,\"name\":\"Home\",\"item\":\"https:\\\/\\\/aaknives.eu\\\/et\\\/kodu\\\/\"},{\"@type\":\"ListItem\",\"position\":2,\"name\":\"Kauplus\",\"item\":\"https:\\\/\\\/aaknives.eu\\\/et\\\/kauplus\\\/\"},{\"@type\":\"ListItem\",\"position\":3,\"name\":\"Tera &#8220;UZBEK- PCHAK&#8221; &#8211; k\u00e4sitsi sepistatud Bulat &#8211; Wootz teras\"}]},{\"@type\":\"WebSite\",\"@id\":\"https:\\\/\\\/aaknives.eu\\\/et\\\/#website\",\"url\":\"https:\\\/\\\/aaknives.eu\\\/et\\\/\",\"name\":\"AAKnives\",\"description\":\"Handmade knives\",\"publisher\":{\"@id\":\"https:\\\/\\\/aaknives.eu\\\/et\\\/#organization\"},\"potentialAction\":[{\"@type\":\"SearchAction\",\"target\":{\"@type\":\"EntryPoint\",\"urlTemplate\":\"https:\\\/\\\/aaknives.eu\\\/et\\\/?s={search_term_string}\"},\"query-input\":{\"@type\":\"PropertyValueSpecification\",\"valueRequired\":true,\"valueName\":\"search_term_string\"}}],\"inLanguage\":\"et\"},{\"@type\":\"Organization\",\"@id\":\"https:\\\/\\\/aaknives.eu\\\/et\\\/#organization\",\"name\":\"AAKnives\",\"url\":\"https:\\\/\\\/aaknives.eu\\\/et\\\/\",\"logo\":{\"@type\":\"ImageObject\",\"inLanguage\":\"et\",\"@id\":\"https:\\\/\\\/aaknives.eu\\\/et\\\/#\\\/schema\\\/logo\\\/image\\\/\",\"url\":\"https:\\\/\\\/aaknives.eu\\\/wp-content\\\/uploads\\\/2021\\\/10\\\/AAknives_Logo_Green.png\",\"contentUrl\":\"https:\\\/\\\/aaknives.eu\\\/wp-content\\\/uploads\\\/2021\\\/10\\\/AAknives_Logo_Green.png\",\"width\":1768,\"height\":1768,\"caption\":\"AAKnives\"},\"image\":{\"@id\":\"https:\\\/\\\/aaknives.eu\\\/et\\\/#\\\/schema\\\/logo\\\/image\\\/\"},\"sameAs\":[\"https:\\\/\\\/www.facebook.com\\\/aaknives.eu\\\/\",\"https:\\\/\\\/www.instagram.com\\\/aaknives\\\/\",\"https:\\\/\\\/www.pinterest.com\\\/aa_knives\\\/\",\"https:\\\/\\\/www.youtube.com\\\/channel\\\/UCHOQFjrOkgT6s4FIw9LDKyw\\\/featured\"]}]}<\/script>\n<!-- \/ Yoast SEO plugin. -->","yoast_head_json":{"title":"Tera \"UZBEK- PCHAK\" - k\u00e4sitsi sepistatud Bulat - Wootz teras - AAKnives","description":"Tera \"UZBEK- PCHAK\" - k\u00e4sitsi sepistatud Bulat - Wootz teras","robots":{"index":"index","follow":"follow","max-snippet":"max-snippet:-1","max-image-preview":"max-image-preview:large","max-video-preview":"max-video-preview:-1"},"canonical":"https:\/\/aaknives.eu\/et\/product\/tera-uzbek-pchak-kasitsi-sepistatud-bulat-wootz-teras\/","og_locale":"et_EE","og_type":"article","og_title":"Tera \"UZBEK- PCHAK\" - k\u00e4sitsi sepistatud Bulat - Wootz teras - AAKnives","og_description":"Tera \"UZBEK- PCHAK\" - k\u00e4sitsi sepistatud Bulat - Wootz teras","og_url":"https:\/\/aaknives.eu\/et\/product\/tera-uzbek-pchak-kasitsi-sepistatud-bulat-wootz-teras\/","og_site_name":"AAKnives","article_publisher":"https:\/\/www.facebook.com\/aaknives.eu\/","article_modified_time":"2024-06-03T09:36:10+00:00","og_image":[{"width":1020,"height":880,"url":"https:\/\/aaknives.eu\/wp-content\/uploads\/2023\/08\/aaknives-hand-forged-dabascus-steel-blade-knife-handmade-custom-made-knife-handcrafted-knives-autinetools-northmen-1-33.jpg","type":"image\/jpeg"}],"twitter_card":"summary_large_image","schema":{"@context":"https:\/\/schema.org","@graph":[{"@type":"WebPage","@id":"https:\/\/aaknives.eu\/et\/product\/tera-uzbek-pchak-kasitsi-sepistatud-bulat-wootz-teras\/","url":"https:\/\/aaknives.eu\/et\/product\/tera-uzbek-pchak-kasitsi-sepistatud-bulat-wootz-teras\/","name":"Tera \"UZBEK- PCHAK\" - k\u00e4sitsi sepistatud Bulat - Wootz teras - AAKnives","isPartOf":{"@id":"https:\/\/aaknives.eu\/et\/#website"},"primaryImageOfPage":{"@id":"https:\/\/aaknives.eu\/et\/product\/tera-uzbek-pchak-kasitsi-sepistatud-bulat-wootz-teras\/#primaryimage"},"image":{"@id":"https:\/\/aaknives.eu\/et\/product\/tera-uzbek-pchak-kasitsi-sepistatud-bulat-wootz-teras\/#primaryimage"},"thumbnailUrl":"https:\/\/aaknives.eu\/wp-content\/uploads\/2023\/08\/aaknives-hand-forged-dabascus-steel-blade-knife-handmade-custom-made-knife-handcrafted-knives-autinetools-northmen-1-33.jpg","datePublished":"2023-08-16T15:09:02+00:00","dateModified":"2024-06-03T09:36:10+00:00","description":"Tera \"UZBEK- PCHAK\" - k\u00e4sitsi sepistatud Bulat - Wootz teras","breadcrumb":{"@id":"https:\/\/aaknives.eu\/et\/product\/tera-uzbek-pchak-kasitsi-sepistatud-bulat-wootz-teras\/#breadcrumb"},"inLanguage":"et","potentialAction":[{"@type":"ReadAction","target":["https:\/\/aaknives.eu\/et\/product\/tera-uzbek-pchak-kasitsi-sepistatud-bulat-wootz-teras\/"]}]},{"@type":"ImageObject","inLanguage":"et","@id":"https:\/\/aaknives.eu\/et\/product\/tera-uzbek-pchak-kasitsi-sepistatud-bulat-wootz-teras\/#primaryimage","url":"https:\/\/aaknives.eu\/wp-content\/uploads\/2023\/08\/aaknives-hand-forged-dabascus-steel-blade-knife-handmade-custom-made-knife-handcrafted-knives-autinetools-northmen-1-33.jpg","contentUrl":"https:\/\/aaknives.eu\/wp-content\/uploads\/2023\/08\/aaknives-hand-forged-dabascus-steel-blade-knife-handmade-custom-made-knife-handcrafted-knives-autinetools-northmen-1-33.jpg","width":1020,"height":880,"caption":"aaknives hand forged dabascus steel blade knife handmade custom made knife handcrafted knives autinetools northmen 1 33"},{"@type":"BreadcrumbList","@id":"https:\/\/aaknives.eu\/et\/product\/tera-uzbek-pchak-kasitsi-sepistatud-bulat-wootz-teras\/#breadcrumb","itemListElement":[{"@type":"ListItem","position":1,"name":"Home","item":"https:\/\/aaknives.eu\/et\/kodu\/"},{"@type":"ListItem","position":2,"name":"Kauplus","item":"https:\/\/aaknives.eu\/et\/kauplus\/"},{"@type":"ListItem","position":3,"name":"Tera &#8220;UZBEK- PCHAK&#8221; &#8211; k\u00e4sitsi sepistatud Bulat &#8211; Wootz teras"}]},{"@type":"WebSite","@id":"https:\/\/aaknives.eu\/et\/#website","url":"https:\/\/aaknives.eu\/et\/","name":"AAKnives","description":"Handmade knives","publisher":{"@id":"https:\/\/aaknives.eu\/et\/#organization"},"potentialAction":[{"@type":"SearchAction","target":{"@type":"EntryPoint","urlTemplate":"https:\/\/aaknives.eu\/et\/?s={search_term_string}"},"query-input":{"@type":"PropertyValueSpecification","valueRequired":true,"valueName":"search_term_string"}}],"inLanguage":"et"},{"@type":"Organization","@id":"https:\/\/aaknives.eu\/et\/#organization","name":"AAKnives","url":"https:\/\/aaknives.eu\/et\/","logo":{"@type":"ImageObject","inLanguage":"et","@id":"https:\/\/aaknives.eu\/et\/#\/schema\/logo\/image\/","url":"https:\/\/aaknives.eu\/wp-content\/uploads\/2021\/10\/AAknives_Logo_Green.png","contentUrl":"https:\/\/aaknives.eu\/wp-content\/uploads\/2021\/10\/AAknives_Logo_Green.png","width":1768,"height":1768,"caption":"AAKnives"},"image":{"@id":"https:\/\/aaknives.eu\/et\/#\/schema\/logo\/image\/"},"sameAs":["https:\/\/www.facebook.com\/aaknives.eu\/","https:\/\/www.instagram.com\/aaknives\/","https:\/\/www.pinterest.com\/aa_knives\/","https:\/\/www.youtube.com\/channel\/UCHOQFjrOkgT6s4FIw9LDKyw\/featured"]}]}},"_links":{"self":[{"href":"https:\/\/aaknives.eu\/et\/wp-json\/wp\/v2\/product\/39945","targetHints":{"allow":["GET"]}}],"collection":[{"href":"https:\/\/aaknives.eu\/et\/wp-json\/wp\/v2\/product"}],"about":[{"href":"https:\/\/aaknives.eu\/et\/wp-json\/wp\/v2\/types\/product"}],"wp:featuredmedia":[{"embeddable":true,"href":"https:\/\/aaknives.eu\/et\/wp-json\/wp\/v2\/media\/39946"}],"wp:attachment":[{"href":"https:\/\/aaknives.eu\/et\/wp-json\/wp\/v2\/media?parent=39945"}],"wp:term":[{"taxonomy":"product_brand","embeddable":true,"href":"https:\/\/aaknives.eu\/et\/wp-json\/wp\/v2\/product_brand?post=39945"},{"taxonomy":"product_cat","embeddable":true,"href":"https:\/\/aaknives.eu\/et\/wp-json\/wp\/v2\/product_cat?post=39945"},{"taxonomy":"product_tag","embeddable":true,"href":"https:\/\/aaknives.eu\/et\/wp-json\/wp\/v2\/product_tag?post=39945"}],"curies":[{"name":"wp","href":"https:\/\/api.w.org\/{rel}","templated":true}]}}