{"id":39965,"date":"2023-08-15T17:20:53","date_gmt":"2023-08-15T17:20:53","guid":{"rendered":"https:\/\/aaknives.eu\/product\/damaskus-teras-poseidon-mini-sepistatud-damaskus-teras-450-600-kihti\/"},"modified":"2023-08-15T17:20:53","modified_gmt":"2023-08-15T17:20:53","slug":"damaskus-teras-poseidon-mini-sepistatud-damaskus-teras-450-600-kihti","status":"publish","type":"product","link":"https:\/\/aaknives.eu\/et\/product\/damaskus-teras-poseidon-mini-sepistatud-damaskus-teras-450-600-kihti\/","title":{"rendered":"Damaskus teras &#8220;POSEIDON MINI&#8221; &#8211; sepistatud Damaskus teras, 450 &#8211; 600 kihti."},"content":{"rendered":"<p>Tera spetsifikatsioonid &#8211; POSEIDON MINI<br \/>\nTeras: (HVG, U10, ShH15), 450-600 kihti.<br \/>\nK\u00f5vadus: 60-62 HRC<br \/>\nTera pikkus: 112 mm\/ 4,40 tolli<br \/>\nTera paksus: 3 mm\/ 0,07 tolli<br \/>\nTera laius: 31 mm\/ 1,22 tolli<br \/>\nKogupikkus: 204 mm\/ 8,03 tolli<\/p>\n<p>&nbsp;<\/p>\n<p>K\u00e4sitsi sepistatud Damaskuse terasest tera, mis on loodud erineva k\u00f5vaduse ja viskoossusega teraste paketist, mis on kokku pandud plaadiks kindlas j\u00e4rjekorras. Seej\u00e4rel sepistatakse plaat korduvalt uuesti, t\u00e4nu millele tekivad kihid ja ainulaadne muster.<br \/>\nKeeruline tehnoloogiline protsess toimub k\u00e4sitsi. Sellisel viisil saadud terasele on iseloomulikud suurenenud tugevus, suur k\u00f5vadus, suurep\u00e4rased l\u00f5ikamisomadused ja ilu.<br \/>\nDamaskuse tera \u00fcle 450 kihi.<br \/>\nPakett Damaskuse teras ShH15 + HVG + U10 A, termiline v\u00e4ljendus 860 \u00b0 C<\/p>\n<p>Damaskuse tera eelised:<br \/>\nSuurenenud tugevus<br \/>\nSuur k\u00f5vadus<br \/>\nSuurep\u00e4rased l\u00f5ikamisomadused<br \/>\nIlus disain<br \/>\nPikaajaline teravus<\/p>\n<p>Tera k\u00f5vadus 60-62 HRC.<br \/>\nKohandatud nuga, k\u00e4sitsi valmistatud nuga, k\u00e4sitsi sepistatud nuga, k\u00e4sitsi sepistatud tera<\/p>\n","protected":false},"excerpt":{"rendered":"<p>Tera spetsifikatsioonid &#8211; POSEIDON MINI Teras: (HVG, U10, ShH15), 450-600 kihti. K\u00f5vadus: 60-62 HRC Tera pikkus: 112 mm\/ 4,40 tolli Tera paksus: 3 mm\/ 0,07 tolli Tera laius: 31 mm\/ 1,22 tolli Kogupikkus: 204 mm\/ 8,03 tolli &nbsp; K\u00e4sitsi sepistatud Damaskuse terasest tera, mis on loodud erineva k\u00f5vaduse ja viskoossusega teraste paketist, mis on kokku pandud plaadiks kindlas j\u00e4rjekorras. Seej\u00e4rel sepistatakse plaat korduvalt uuesti, t\u00e4nu millele tekivad kihid ja ainulaadne muster. Keeruline tehnoloogiline protsess toimub k\u00e4sitsi. Sellisel viisil saadud terasele on iseloomulikud suurenenud tugevus, suur k\u00f5vadus, suurep\u00e4rased l\u00f5ikamisomadused ja ilu. Damaskuse tera \u00fcle 450 kihi. Pakett Damaskuse teras ShH15 +&hellip;<\/p>\n","protected":false},"featured_media":39966,"template":"","meta":{"_themeisle_gutenberg_block_has_review":false},"product_brand":[],"product_cat":[344],"product_tag":[],"class_list":{"0":"post-39965","1":"product","2":"type-product","3":"status-publish","4":"has-post-thumbnail","6":"product_cat-terad","8":"first","9":"instock","10":"shipping-taxable","11":"purchasable","12":"product-type-simple"},"yoast_head":"<!-- This site is optimized with the Yoast SEO plugin v27.3 - https:\/\/yoast.com\/product\/yoast-seo-wordpress\/ -->\n<title>Damaskus teras &quot;POSEIDON MINI&quot; - sepistatud Damaskus teras, 450 - 600 kihti. - AAKnives<\/title>\n<meta name=\"description\" content=\"Damaskus teras &quot;POSEIDON MINI&quot; - sepistatud Damaskus teras, 450 - 600 kihti.\" \/>\n<meta name=\"robots\" content=\"index, follow, max-snippet:-1, max-image-preview:large, max-video-preview:-1\" \/>\n<link rel=\"canonical\" href=\"https:\/\/aaknives.eu\/et\/product\/damaskus-teras-poseidon-mini-sepistatud-damaskus-teras-450-600-kihti\/\" \/>\n<meta property=\"og:locale\" content=\"et_EE\" \/>\n<meta property=\"og:type\" content=\"article\" \/>\n<meta property=\"og:title\" content=\"Damaskus teras &quot;POSEIDON MINI&quot; - sepistatud Damaskus teras, 450 - 600 kihti. - AAKnives\" \/>\n<meta property=\"og:description\" content=\"Damaskus teras &quot;POSEIDON MINI&quot; - sepistatud Damaskus teras, 450 - 600 kihti.\" \/>\n<meta property=\"og:url\" content=\"https:\/\/aaknives.eu\/et\/product\/damaskus-teras-poseidon-mini-sepistatud-damaskus-teras-450-600-kihti\/\" \/>\n<meta property=\"og:site_name\" content=\"AAKnives\" \/>\n<meta property=\"article:publisher\" content=\"https:\/\/www.facebook.com\/aaknives.eu\/\" \/>\n<meta property=\"og:image\" content=\"https:\/\/aaknives.eu\/wp-content\/uploads\/2023\/08\/aaknives-hand-forged-dabascus-steel-blade-knife-handmade-custom-made-knife-handcrafted-knives-autinetools-northmen-1-35.jpg\" \/>\n\t<meta property=\"og:image:width\" content=\"1020\" \/>\n\t<meta property=\"og:image:height\" content=\"880\" \/>\n\t<meta property=\"og:image:type\" content=\"image\/jpeg\" \/>\n<meta name=\"twitter:card\" content=\"summary_large_image\" \/>\n<meta name=\"twitter:label1\" content=\"Est. reading time\" \/>\n\t<meta name=\"twitter:data1\" content=\"1 minut\" \/>\n<script type=\"application\/ld+json\" class=\"yoast-schema-graph\">{\"@context\":\"https:\\\/\\\/schema.org\",\"@graph\":[{\"@type\":\"WebPage\",\"@id\":\"https:\\\/\\\/aaknives.eu\\\/et\\\/product\\\/damaskus-teras-poseidon-mini-sepistatud-damaskus-teras-450-600-kihti\\\/\",\"url\":\"https:\\\/\\\/aaknives.eu\\\/et\\\/product\\\/damaskus-teras-poseidon-mini-sepistatud-damaskus-teras-450-600-kihti\\\/\",\"name\":\"Damaskus teras \\\"POSEIDON MINI\\\" - sepistatud Damaskus teras, 450 - 600 kihti. - AAKnives\",\"isPartOf\":{\"@id\":\"https:\\\/\\\/aaknives.eu\\\/et\\\/#website\"},\"primaryImageOfPage\":{\"@id\":\"https:\\\/\\\/aaknives.eu\\\/et\\\/product\\\/damaskus-teras-poseidon-mini-sepistatud-damaskus-teras-450-600-kihti\\\/#primaryimage\"},\"image\":{\"@id\":\"https:\\\/\\\/aaknives.eu\\\/et\\\/product\\\/damaskus-teras-poseidon-mini-sepistatud-damaskus-teras-450-600-kihti\\\/#primaryimage\"},\"thumbnailUrl\":\"https:\\\/\\\/aaknives.eu\\\/wp-content\\\/uploads\\\/2023\\\/08\\\/aaknives-hand-forged-dabascus-steel-blade-knife-handmade-custom-made-knife-handcrafted-knives-autinetools-northmen-1-35.jpg\",\"datePublished\":\"2023-08-15T17:20:53+00:00\",\"description\":\"Damaskus teras \\\"POSEIDON MINI\\\" - sepistatud Damaskus teras, 450 - 600 kihti.\",\"breadcrumb\":{\"@id\":\"https:\\\/\\\/aaknives.eu\\\/et\\\/product\\\/damaskus-teras-poseidon-mini-sepistatud-damaskus-teras-450-600-kihti\\\/#breadcrumb\"},\"inLanguage\":\"et\",\"potentialAction\":[{\"@type\":\"ReadAction\",\"target\":[\"https:\\\/\\\/aaknives.eu\\\/et\\\/product\\\/damaskus-teras-poseidon-mini-sepistatud-damaskus-teras-450-600-kihti\\\/\"]}]},{\"@type\":\"ImageObject\",\"inLanguage\":\"et\",\"@id\":\"https:\\\/\\\/aaknives.eu\\\/et\\\/product\\\/damaskus-teras-poseidon-mini-sepistatud-damaskus-teras-450-600-kihti\\\/#primaryimage\",\"url\":\"https:\\\/\\\/aaknives.eu\\\/wp-content\\\/uploads\\\/2023\\\/08\\\/aaknives-hand-forged-dabascus-steel-blade-knife-handmade-custom-made-knife-handcrafted-knives-autinetools-northmen-1-35.jpg\",\"contentUrl\":\"https:\\\/\\\/aaknives.eu\\\/wp-content\\\/uploads\\\/2023\\\/08\\\/aaknives-hand-forged-dabascus-steel-blade-knife-handmade-custom-made-knife-handcrafted-knives-autinetools-northmen-1-35.jpg\",\"width\":1020,\"height\":880,\"caption\":\"aaknives hand forged dabascus steel blade knife handmade custom made knife handcrafted knives autinetools northmen 1 35\"},{\"@type\":\"BreadcrumbList\",\"@id\":\"https:\\\/\\\/aaknives.eu\\\/et\\\/product\\\/damaskus-teras-poseidon-mini-sepistatud-damaskus-teras-450-600-kihti\\\/#breadcrumb\",\"itemListElement\":[{\"@type\":\"ListItem\",\"position\":1,\"name\":\"Home\",\"item\":\"https:\\\/\\\/aaknives.eu\\\/et\\\/kodu\\\/\"},{\"@type\":\"ListItem\",\"position\":2,\"name\":\"Kauplus\",\"item\":\"https:\\\/\\\/aaknives.eu\\\/et\\\/kauplus\\\/\"},{\"@type\":\"ListItem\",\"position\":3,\"name\":\"Damaskus teras &#8220;POSEIDON MINI&#8221; &#8211; sepistatud Damaskus teras, 450 &#8211; 600 kihti.\"}]},{\"@type\":\"WebSite\",\"@id\":\"https:\\\/\\\/aaknives.eu\\\/et\\\/#website\",\"url\":\"https:\\\/\\\/aaknives.eu\\\/et\\\/\",\"name\":\"AAKnives\",\"description\":\"Handmade knives\",\"publisher\":{\"@id\":\"https:\\\/\\\/aaknives.eu\\\/et\\\/#organization\"},\"potentialAction\":[{\"@type\":\"SearchAction\",\"target\":{\"@type\":\"EntryPoint\",\"urlTemplate\":\"https:\\\/\\\/aaknives.eu\\\/et\\\/?s={search_term_string}\"},\"query-input\":{\"@type\":\"PropertyValueSpecification\",\"valueRequired\":true,\"valueName\":\"search_term_string\"}}],\"inLanguage\":\"et\"},{\"@type\":\"Organization\",\"@id\":\"https:\\\/\\\/aaknives.eu\\\/et\\\/#organization\",\"name\":\"AAKnives\",\"url\":\"https:\\\/\\\/aaknives.eu\\\/et\\\/\",\"logo\":{\"@type\":\"ImageObject\",\"inLanguage\":\"et\",\"@id\":\"https:\\\/\\\/aaknives.eu\\\/et\\\/#\\\/schema\\\/logo\\\/image\\\/\",\"url\":\"https:\\\/\\\/aaknives.eu\\\/wp-content\\\/uploads\\\/2021\\\/10\\\/AAknives_Logo_Green.png\",\"contentUrl\":\"https:\\\/\\\/aaknives.eu\\\/wp-content\\\/uploads\\\/2021\\\/10\\\/AAknives_Logo_Green.png\",\"width\":1768,\"height\":1768,\"caption\":\"AAKnives\"},\"image\":{\"@id\":\"https:\\\/\\\/aaknives.eu\\\/et\\\/#\\\/schema\\\/logo\\\/image\\\/\"},\"sameAs\":[\"https:\\\/\\\/www.facebook.com\\\/aaknives.eu\\\/\",\"https:\\\/\\\/www.instagram.com\\\/aaknives\\\/\",\"https:\\\/\\\/www.pinterest.com\\\/aa_knives\\\/\",\"https:\\\/\\\/www.youtube.com\\\/channel\\\/UCHOQFjrOkgT6s4FIw9LDKyw\\\/featured\"]}]}<\/script>\n<!-- \/ Yoast SEO plugin. -->","yoast_head_json":{"title":"Damaskus teras \"POSEIDON MINI\" - sepistatud Damaskus teras, 450 - 600 kihti. - AAKnives","description":"Damaskus teras \"POSEIDON MINI\" - sepistatud Damaskus teras, 450 - 600 kihti.","robots":{"index":"index","follow":"follow","max-snippet":"max-snippet:-1","max-image-preview":"max-image-preview:large","max-video-preview":"max-video-preview:-1"},"canonical":"https:\/\/aaknives.eu\/et\/product\/damaskus-teras-poseidon-mini-sepistatud-damaskus-teras-450-600-kihti\/","og_locale":"et_EE","og_type":"article","og_title":"Damaskus teras \"POSEIDON MINI\" - sepistatud Damaskus teras, 450 - 600 kihti. - AAKnives","og_description":"Damaskus teras \"POSEIDON MINI\" - sepistatud Damaskus teras, 450 - 600 kihti.","og_url":"https:\/\/aaknives.eu\/et\/product\/damaskus-teras-poseidon-mini-sepistatud-damaskus-teras-450-600-kihti\/","og_site_name":"AAKnives","article_publisher":"https:\/\/www.facebook.com\/aaknives.eu\/","og_image":[{"width":1020,"height":880,"url":"https:\/\/aaknives.eu\/wp-content\/uploads\/2023\/08\/aaknives-hand-forged-dabascus-steel-blade-knife-handmade-custom-made-knife-handcrafted-knives-autinetools-northmen-1-35.jpg","type":"image\/jpeg"}],"twitter_card":"summary_large_image","twitter_misc":{"Est. reading time":"1 minut"},"schema":{"@context":"https:\/\/schema.org","@graph":[{"@type":"WebPage","@id":"https:\/\/aaknives.eu\/et\/product\/damaskus-teras-poseidon-mini-sepistatud-damaskus-teras-450-600-kihti\/","url":"https:\/\/aaknives.eu\/et\/product\/damaskus-teras-poseidon-mini-sepistatud-damaskus-teras-450-600-kihti\/","name":"Damaskus teras \"POSEIDON MINI\" - sepistatud Damaskus teras, 450 - 600 kihti. - AAKnives","isPartOf":{"@id":"https:\/\/aaknives.eu\/et\/#website"},"primaryImageOfPage":{"@id":"https:\/\/aaknives.eu\/et\/product\/damaskus-teras-poseidon-mini-sepistatud-damaskus-teras-450-600-kihti\/#primaryimage"},"image":{"@id":"https:\/\/aaknives.eu\/et\/product\/damaskus-teras-poseidon-mini-sepistatud-damaskus-teras-450-600-kihti\/#primaryimage"},"thumbnailUrl":"https:\/\/aaknives.eu\/wp-content\/uploads\/2023\/08\/aaknives-hand-forged-dabascus-steel-blade-knife-handmade-custom-made-knife-handcrafted-knives-autinetools-northmen-1-35.jpg","datePublished":"2023-08-15T17:20:53+00:00","description":"Damaskus teras \"POSEIDON MINI\" - sepistatud Damaskus teras, 450 - 600 kihti.","breadcrumb":{"@id":"https:\/\/aaknives.eu\/et\/product\/damaskus-teras-poseidon-mini-sepistatud-damaskus-teras-450-600-kihti\/#breadcrumb"},"inLanguage":"et","potentialAction":[{"@type":"ReadAction","target":["https:\/\/aaknives.eu\/et\/product\/damaskus-teras-poseidon-mini-sepistatud-damaskus-teras-450-600-kihti\/"]}]},{"@type":"ImageObject","inLanguage":"et","@id":"https:\/\/aaknives.eu\/et\/product\/damaskus-teras-poseidon-mini-sepistatud-damaskus-teras-450-600-kihti\/#primaryimage","url":"https:\/\/aaknives.eu\/wp-content\/uploads\/2023\/08\/aaknives-hand-forged-dabascus-steel-blade-knife-handmade-custom-made-knife-handcrafted-knives-autinetools-northmen-1-35.jpg","contentUrl":"https:\/\/aaknives.eu\/wp-content\/uploads\/2023\/08\/aaknives-hand-forged-dabascus-steel-blade-knife-handmade-custom-made-knife-handcrafted-knives-autinetools-northmen-1-35.jpg","width":1020,"height":880,"caption":"aaknives hand forged dabascus steel blade knife handmade custom made knife handcrafted knives autinetools northmen 1 35"},{"@type":"BreadcrumbList","@id":"https:\/\/aaknives.eu\/et\/product\/damaskus-teras-poseidon-mini-sepistatud-damaskus-teras-450-600-kihti\/#breadcrumb","itemListElement":[{"@type":"ListItem","position":1,"name":"Home","item":"https:\/\/aaknives.eu\/et\/kodu\/"},{"@type":"ListItem","position":2,"name":"Kauplus","item":"https:\/\/aaknives.eu\/et\/kauplus\/"},{"@type":"ListItem","position":3,"name":"Damaskus teras &#8220;POSEIDON MINI&#8221; &#8211; sepistatud Damaskus teras, 450 &#8211; 600 kihti."}]},{"@type":"WebSite","@id":"https:\/\/aaknives.eu\/et\/#website","url":"https:\/\/aaknives.eu\/et\/","name":"AAKnives","description":"Handmade knives","publisher":{"@id":"https:\/\/aaknives.eu\/et\/#organization"},"potentialAction":[{"@type":"SearchAction","target":{"@type":"EntryPoint","urlTemplate":"https:\/\/aaknives.eu\/et\/?s={search_term_string}"},"query-input":{"@type":"PropertyValueSpecification","valueRequired":true,"valueName":"search_term_string"}}],"inLanguage":"et"},{"@type":"Organization","@id":"https:\/\/aaknives.eu\/et\/#organization","name":"AAKnives","url":"https:\/\/aaknives.eu\/et\/","logo":{"@type":"ImageObject","inLanguage":"et","@id":"https:\/\/aaknives.eu\/et\/#\/schema\/logo\/image\/","url":"https:\/\/aaknives.eu\/wp-content\/uploads\/2021\/10\/AAknives_Logo_Green.png","contentUrl":"https:\/\/aaknives.eu\/wp-content\/uploads\/2021\/10\/AAknives_Logo_Green.png","width":1768,"height":1768,"caption":"AAKnives"},"image":{"@id":"https:\/\/aaknives.eu\/et\/#\/schema\/logo\/image\/"},"sameAs":["https:\/\/www.facebook.com\/aaknives.eu\/","https:\/\/www.instagram.com\/aaknives\/","https:\/\/www.pinterest.com\/aa_knives\/","https:\/\/www.youtube.com\/channel\/UCHOQFjrOkgT6s4FIw9LDKyw\/featured"]}]}},"_links":{"self":[{"href":"https:\/\/aaknives.eu\/et\/wp-json\/wp\/v2\/product\/39965","targetHints":{"allow":["GET"]}}],"collection":[{"href":"https:\/\/aaknives.eu\/et\/wp-json\/wp\/v2\/product"}],"about":[{"href":"https:\/\/aaknives.eu\/et\/wp-json\/wp\/v2\/types\/product"}],"wp:featuredmedia":[{"embeddable":true,"href":"https:\/\/aaknives.eu\/et\/wp-json\/wp\/v2\/media\/39966"}],"wp:attachment":[{"href":"https:\/\/aaknives.eu\/et\/wp-json\/wp\/v2\/media?parent=39965"}],"wp:term":[{"taxonomy":"product_brand","embeddable":true,"href":"https:\/\/aaknives.eu\/et\/wp-json\/wp\/v2\/product_brand?post=39965"},{"taxonomy":"product_cat","embeddable":true,"href":"https:\/\/aaknives.eu\/et\/wp-json\/wp\/v2\/product_cat?post=39965"},{"taxonomy":"product_tag","embeddable":true,"href":"https:\/\/aaknives.eu\/et\/wp-json\/wp\/v2\/product_tag?post=39965"}],"curies":[{"name":"wp","href":"https:\/\/api.w.org\/{rel}","templated":true}]}}