{"id":39975,"date":"2023-08-15T16:41:33","date_gmt":"2023-08-15T16:41:33","guid":{"rendered":"https:\/\/aaknives.eu\/product\/damaskuse-teras-yakut-sepistatud-damaskuse-teras-450-600-kihti\/"},"modified":"2023-08-15T16:41:33","modified_gmt":"2023-08-15T16:41:33","slug":"damaskuse-teras-yakut-sepistatud-damaskuse-teras-450-600-kihti","status":"publish","type":"product","link":"https:\/\/aaknives.eu\/et\/product\/damaskuse-teras-yakut-sepistatud-damaskuse-teras-450-600-kihti\/","title":{"rendered":"Damaskuse teras &#8220;YAKUT&#8221; &#8211; sepistatud Damaskuse teras, 450 &#8211; 600 kihti."},"content":{"rendered":"<p>Tera spetsifikatsioonid &#8211; YAKUT<br \/>\nTeras: (HVG, U10, ShH15), 450-600 kihti.<br \/>\nK\u00f5vadus: 60-62 HRC<br \/>\nTera pikkus: 160 mm\/ 6,29 tolli<br \/>\nTera paksus: 4 mm\/ 0,15 tolli<br \/>\nTera laius: 30 mm\/ 1,18 tolli<br \/>\nKogupikkus: 250 mm\/ 9,84 tolli<\/p>\n<p>&nbsp;<\/p>\n<p>K\u00e4sitsi sepistatud Damaskuse terasest tera, mis on loodud erineva k\u00f5vaduse ja viskoossusega teraste paketist, mis on kokku pandud plaadiks kindlas j\u00e4rjekorras. Seej\u00e4rel sepistatakse plaat korduvalt uuesti, t\u00e4nu millele tekivad kihid ja ainulaadne muster.<br \/>\nKeeruline tehnoloogiline protsess toimub k\u00e4sitsi. Sellisel viisil saadud terasele on iseloomulikud suurenenud tugevus, suur k\u00f5vadus, suurep\u00e4rased l\u00f5ikamisomadused ja ilu.<br \/>\nDamaskuse tera \u00fcle 450 kihi.<br \/>\nPakett Damaskuse teras ShH15 + HVG + U10 A, termiline v\u00e4ljendus 860 \u00b0 C<\/p>\n<p>Damaskuse tera eelised:<br \/>\nSuurenenud tugevus<br \/>\nSuur k\u00f5vadus<br \/>\nSuurep\u00e4rased l\u00f5ikamisomadused<br \/>\nIlus disain<br \/>\nPikaajaline teravus<\/p>\n<p>Tera k\u00f5vadus 60-62 HRC.<br \/>\nKohandatud nuga, k\u00e4sitsi valmistatud nuga, k\u00e4sitsi sepistatud nuga, k\u00e4sitsi sepistatud tera<\/p>\n","protected":false},"excerpt":{"rendered":"<p>Tera spetsifikatsioonid &#8211; YAKUT Teras: (HVG, U10, ShH15), 450-600 kihti. K\u00f5vadus: 60-62 HRC Tera pikkus: 160 mm\/ 6,29 tolli Tera paksus: 4 mm\/ 0,15 tolli Tera laius: 30 mm\/ 1,18 tolli Kogupikkus: 250 mm\/ 9,84 tolli &nbsp; K\u00e4sitsi sepistatud Damaskuse terasest tera, mis on loodud erineva k\u00f5vaduse ja viskoossusega teraste paketist, mis on kokku pandud plaadiks kindlas j\u00e4rjekorras. Seej\u00e4rel sepistatakse plaat korduvalt uuesti, t\u00e4nu millele tekivad kihid ja ainulaadne muster. Keeruline tehnoloogiline protsess toimub k\u00e4sitsi. Sellisel viisil saadud terasele on iseloomulikud suurenenud tugevus, suur k\u00f5vadus, suurep\u00e4rased l\u00f5ikamisomadused ja ilu. Damaskuse tera \u00fcle 450 kihi. Pakett Damaskuse teras ShH15 + HVG&hellip;<\/p>\n","protected":false},"featured_media":39976,"template":"","meta":{"_themeisle_gutenberg_block_has_review":false},"product_brand":[],"product_cat":[344],"product_tag":[],"class_list":{"0":"post-39975","1":"product","2":"type-product","3":"status-publish","4":"has-post-thumbnail","6":"product_cat-terad","8":"first","9":"instock","10":"shipping-taxable","11":"purchasable","12":"product-type-simple"},"yoast_head":"<!-- This site is optimized with the Yoast SEO plugin v27.3 - https:\/\/yoast.com\/product\/yoast-seo-wordpress\/ -->\n<title>Damaskuse teras &quot;YAKUT&quot; - sepistatud Damaskuse teras, 450 - 600 kihti. - AAKnives<\/title>\n<meta name=\"description\" content=\"Damaskuse teras &quot;YAKUT&quot; - sepistatud Damaskuse teras, 450 - 600 kihti.\" \/>\n<meta name=\"robots\" content=\"index, follow, max-snippet:-1, max-image-preview:large, max-video-preview:-1\" \/>\n<link rel=\"canonical\" href=\"https:\/\/aaknives.eu\/et\/product\/damaskuse-teras-yakut-sepistatud-damaskuse-teras-450-600-kihti\/\" \/>\n<meta property=\"og:locale\" content=\"et_EE\" \/>\n<meta property=\"og:type\" content=\"article\" \/>\n<meta property=\"og:title\" content=\"Damaskuse teras &quot;YAKUT&quot; - sepistatud Damaskuse teras, 450 - 600 kihti. - AAKnives\" \/>\n<meta property=\"og:description\" content=\"Damaskuse teras &quot;YAKUT&quot; - sepistatud Damaskuse teras, 450 - 600 kihti.\" \/>\n<meta property=\"og:url\" content=\"https:\/\/aaknives.eu\/et\/product\/damaskuse-teras-yakut-sepistatud-damaskuse-teras-450-600-kihti\/\" \/>\n<meta property=\"og:site_name\" content=\"AAKnives\" \/>\n<meta property=\"article:publisher\" content=\"https:\/\/www.facebook.com\/aaknives.eu\/\" \/>\n<meta property=\"og:image\" content=\"https:\/\/aaknives.eu\/wp-content\/uploads\/2023\/08\/aaknives-hand-forged-dabascus-steel-blade-knife-handmade-custom-made-knife-handcrafted-knives-autinetools-northmen-1-32.jpg\" \/>\n\t<meta property=\"og:image:width\" content=\"1020\" \/>\n\t<meta property=\"og:image:height\" content=\"880\" \/>\n\t<meta property=\"og:image:type\" content=\"image\/jpeg\" \/>\n<meta name=\"twitter:card\" content=\"summary_large_image\" \/>\n<meta name=\"twitter:label1\" content=\"Est. reading time\" \/>\n\t<meta name=\"twitter:data1\" content=\"1 minut\" \/>\n<script type=\"application\/ld+json\" class=\"yoast-schema-graph\">{\"@context\":\"https:\\\/\\\/schema.org\",\"@graph\":[{\"@type\":\"WebPage\",\"@id\":\"https:\\\/\\\/aaknives.eu\\\/et\\\/product\\\/damaskuse-teras-yakut-sepistatud-damaskuse-teras-450-600-kihti\\\/\",\"url\":\"https:\\\/\\\/aaknives.eu\\\/et\\\/product\\\/damaskuse-teras-yakut-sepistatud-damaskuse-teras-450-600-kihti\\\/\",\"name\":\"Damaskuse teras \\\"YAKUT\\\" - sepistatud Damaskuse teras, 450 - 600 kihti. - AAKnives\",\"isPartOf\":{\"@id\":\"https:\\\/\\\/aaknives.eu\\\/et\\\/#website\"},\"primaryImageOfPage\":{\"@id\":\"https:\\\/\\\/aaknives.eu\\\/et\\\/product\\\/damaskuse-teras-yakut-sepistatud-damaskuse-teras-450-600-kihti\\\/#primaryimage\"},\"image\":{\"@id\":\"https:\\\/\\\/aaknives.eu\\\/et\\\/product\\\/damaskuse-teras-yakut-sepistatud-damaskuse-teras-450-600-kihti\\\/#primaryimage\"},\"thumbnailUrl\":\"https:\\\/\\\/aaknives.eu\\\/wp-content\\\/uploads\\\/2023\\\/08\\\/aaknives-hand-forged-dabascus-steel-blade-knife-handmade-custom-made-knife-handcrafted-knives-autinetools-northmen-1-32.jpg\",\"datePublished\":\"2023-08-15T16:41:33+00:00\",\"description\":\"Damaskuse teras \\\"YAKUT\\\" - sepistatud Damaskuse teras, 450 - 600 kihti.\",\"breadcrumb\":{\"@id\":\"https:\\\/\\\/aaknives.eu\\\/et\\\/product\\\/damaskuse-teras-yakut-sepistatud-damaskuse-teras-450-600-kihti\\\/#breadcrumb\"},\"inLanguage\":\"et\",\"potentialAction\":[{\"@type\":\"ReadAction\",\"target\":[\"https:\\\/\\\/aaknives.eu\\\/et\\\/product\\\/damaskuse-teras-yakut-sepistatud-damaskuse-teras-450-600-kihti\\\/\"]}]},{\"@type\":\"ImageObject\",\"inLanguage\":\"et\",\"@id\":\"https:\\\/\\\/aaknives.eu\\\/et\\\/product\\\/damaskuse-teras-yakut-sepistatud-damaskuse-teras-450-600-kihti\\\/#primaryimage\",\"url\":\"https:\\\/\\\/aaknives.eu\\\/wp-content\\\/uploads\\\/2023\\\/08\\\/aaknives-hand-forged-dabascus-steel-blade-knife-handmade-custom-made-knife-handcrafted-knives-autinetools-northmen-1-32.jpg\",\"contentUrl\":\"https:\\\/\\\/aaknives.eu\\\/wp-content\\\/uploads\\\/2023\\\/08\\\/aaknives-hand-forged-dabascus-steel-blade-knife-handmade-custom-made-knife-handcrafted-knives-autinetools-northmen-1-32.jpg\",\"width\":1020,\"height\":880,\"caption\":\"aaknives hand forged dabascus steel blade knife handmade custom made knife handcrafted knives autinetools northmen 1 32\"},{\"@type\":\"BreadcrumbList\",\"@id\":\"https:\\\/\\\/aaknives.eu\\\/et\\\/product\\\/damaskuse-teras-yakut-sepistatud-damaskuse-teras-450-600-kihti\\\/#breadcrumb\",\"itemListElement\":[{\"@type\":\"ListItem\",\"position\":1,\"name\":\"Home\",\"item\":\"https:\\\/\\\/aaknives.eu\\\/et\\\/kodu\\\/\"},{\"@type\":\"ListItem\",\"position\":2,\"name\":\"Kauplus\",\"item\":\"https:\\\/\\\/aaknives.eu\\\/et\\\/kauplus\\\/\"},{\"@type\":\"ListItem\",\"position\":3,\"name\":\"Damaskuse teras &#8220;YAKUT&#8221; &#8211; sepistatud Damaskuse teras, 450 &#8211; 600 kihti.\"}]},{\"@type\":\"WebSite\",\"@id\":\"https:\\\/\\\/aaknives.eu\\\/et\\\/#website\",\"url\":\"https:\\\/\\\/aaknives.eu\\\/et\\\/\",\"name\":\"AAKnives\",\"description\":\"Handmade knives\",\"publisher\":{\"@id\":\"https:\\\/\\\/aaknives.eu\\\/et\\\/#organization\"},\"potentialAction\":[{\"@type\":\"SearchAction\",\"target\":{\"@type\":\"EntryPoint\",\"urlTemplate\":\"https:\\\/\\\/aaknives.eu\\\/et\\\/?s={search_term_string}\"},\"query-input\":{\"@type\":\"PropertyValueSpecification\",\"valueRequired\":true,\"valueName\":\"search_term_string\"}}],\"inLanguage\":\"et\"},{\"@type\":\"Organization\",\"@id\":\"https:\\\/\\\/aaknives.eu\\\/et\\\/#organization\",\"name\":\"AAKnives\",\"url\":\"https:\\\/\\\/aaknives.eu\\\/et\\\/\",\"logo\":{\"@type\":\"ImageObject\",\"inLanguage\":\"et\",\"@id\":\"https:\\\/\\\/aaknives.eu\\\/et\\\/#\\\/schema\\\/logo\\\/image\\\/\",\"url\":\"https:\\\/\\\/aaknives.eu\\\/wp-content\\\/uploads\\\/2021\\\/10\\\/AAknives_Logo_Green.png\",\"contentUrl\":\"https:\\\/\\\/aaknives.eu\\\/wp-content\\\/uploads\\\/2021\\\/10\\\/AAknives_Logo_Green.png\",\"width\":1768,\"height\":1768,\"caption\":\"AAKnives\"},\"image\":{\"@id\":\"https:\\\/\\\/aaknives.eu\\\/et\\\/#\\\/schema\\\/logo\\\/image\\\/\"},\"sameAs\":[\"https:\\\/\\\/www.facebook.com\\\/aaknives.eu\\\/\",\"https:\\\/\\\/www.instagram.com\\\/aaknives\\\/\",\"https:\\\/\\\/www.pinterest.com\\\/aa_knives\\\/\",\"https:\\\/\\\/www.youtube.com\\\/channel\\\/UCHOQFjrOkgT6s4FIw9LDKyw\\\/featured\"]}]}<\/script>\n<!-- \/ Yoast SEO plugin. -->","yoast_head_json":{"title":"Damaskuse teras \"YAKUT\" - sepistatud Damaskuse teras, 450 - 600 kihti. - AAKnives","description":"Damaskuse teras \"YAKUT\" - sepistatud Damaskuse teras, 450 - 600 kihti.","robots":{"index":"index","follow":"follow","max-snippet":"max-snippet:-1","max-image-preview":"max-image-preview:large","max-video-preview":"max-video-preview:-1"},"canonical":"https:\/\/aaknives.eu\/et\/product\/damaskuse-teras-yakut-sepistatud-damaskuse-teras-450-600-kihti\/","og_locale":"et_EE","og_type":"article","og_title":"Damaskuse teras \"YAKUT\" - sepistatud Damaskuse teras, 450 - 600 kihti. - AAKnives","og_description":"Damaskuse teras \"YAKUT\" - sepistatud Damaskuse teras, 450 - 600 kihti.","og_url":"https:\/\/aaknives.eu\/et\/product\/damaskuse-teras-yakut-sepistatud-damaskuse-teras-450-600-kihti\/","og_site_name":"AAKnives","article_publisher":"https:\/\/www.facebook.com\/aaknives.eu\/","og_image":[{"width":1020,"height":880,"url":"https:\/\/aaknives.eu\/wp-content\/uploads\/2023\/08\/aaknives-hand-forged-dabascus-steel-blade-knife-handmade-custom-made-knife-handcrafted-knives-autinetools-northmen-1-32.jpg","type":"image\/jpeg"}],"twitter_card":"summary_large_image","twitter_misc":{"Est. reading time":"1 minut"},"schema":{"@context":"https:\/\/schema.org","@graph":[{"@type":"WebPage","@id":"https:\/\/aaknives.eu\/et\/product\/damaskuse-teras-yakut-sepistatud-damaskuse-teras-450-600-kihti\/","url":"https:\/\/aaknives.eu\/et\/product\/damaskuse-teras-yakut-sepistatud-damaskuse-teras-450-600-kihti\/","name":"Damaskuse teras \"YAKUT\" - sepistatud Damaskuse teras, 450 - 600 kihti. - AAKnives","isPartOf":{"@id":"https:\/\/aaknives.eu\/et\/#website"},"primaryImageOfPage":{"@id":"https:\/\/aaknives.eu\/et\/product\/damaskuse-teras-yakut-sepistatud-damaskuse-teras-450-600-kihti\/#primaryimage"},"image":{"@id":"https:\/\/aaknives.eu\/et\/product\/damaskuse-teras-yakut-sepistatud-damaskuse-teras-450-600-kihti\/#primaryimage"},"thumbnailUrl":"https:\/\/aaknives.eu\/wp-content\/uploads\/2023\/08\/aaknives-hand-forged-dabascus-steel-blade-knife-handmade-custom-made-knife-handcrafted-knives-autinetools-northmen-1-32.jpg","datePublished":"2023-08-15T16:41:33+00:00","description":"Damaskuse teras \"YAKUT\" - sepistatud Damaskuse teras, 450 - 600 kihti.","breadcrumb":{"@id":"https:\/\/aaknives.eu\/et\/product\/damaskuse-teras-yakut-sepistatud-damaskuse-teras-450-600-kihti\/#breadcrumb"},"inLanguage":"et","potentialAction":[{"@type":"ReadAction","target":["https:\/\/aaknives.eu\/et\/product\/damaskuse-teras-yakut-sepistatud-damaskuse-teras-450-600-kihti\/"]}]},{"@type":"ImageObject","inLanguage":"et","@id":"https:\/\/aaknives.eu\/et\/product\/damaskuse-teras-yakut-sepistatud-damaskuse-teras-450-600-kihti\/#primaryimage","url":"https:\/\/aaknives.eu\/wp-content\/uploads\/2023\/08\/aaknives-hand-forged-dabascus-steel-blade-knife-handmade-custom-made-knife-handcrafted-knives-autinetools-northmen-1-32.jpg","contentUrl":"https:\/\/aaknives.eu\/wp-content\/uploads\/2023\/08\/aaknives-hand-forged-dabascus-steel-blade-knife-handmade-custom-made-knife-handcrafted-knives-autinetools-northmen-1-32.jpg","width":1020,"height":880,"caption":"aaknives hand forged dabascus steel blade knife handmade custom made knife handcrafted knives autinetools northmen 1 32"},{"@type":"BreadcrumbList","@id":"https:\/\/aaknives.eu\/et\/product\/damaskuse-teras-yakut-sepistatud-damaskuse-teras-450-600-kihti\/#breadcrumb","itemListElement":[{"@type":"ListItem","position":1,"name":"Home","item":"https:\/\/aaknives.eu\/et\/kodu\/"},{"@type":"ListItem","position":2,"name":"Kauplus","item":"https:\/\/aaknives.eu\/et\/kauplus\/"},{"@type":"ListItem","position":3,"name":"Damaskuse teras &#8220;YAKUT&#8221; &#8211; sepistatud Damaskuse teras, 450 &#8211; 600 kihti."}]},{"@type":"WebSite","@id":"https:\/\/aaknives.eu\/et\/#website","url":"https:\/\/aaknives.eu\/et\/","name":"AAKnives","description":"Handmade knives","publisher":{"@id":"https:\/\/aaknives.eu\/et\/#organization"},"potentialAction":[{"@type":"SearchAction","target":{"@type":"EntryPoint","urlTemplate":"https:\/\/aaknives.eu\/et\/?s={search_term_string}"},"query-input":{"@type":"PropertyValueSpecification","valueRequired":true,"valueName":"search_term_string"}}],"inLanguage":"et"},{"@type":"Organization","@id":"https:\/\/aaknives.eu\/et\/#organization","name":"AAKnives","url":"https:\/\/aaknives.eu\/et\/","logo":{"@type":"ImageObject","inLanguage":"et","@id":"https:\/\/aaknives.eu\/et\/#\/schema\/logo\/image\/","url":"https:\/\/aaknives.eu\/wp-content\/uploads\/2021\/10\/AAknives_Logo_Green.png","contentUrl":"https:\/\/aaknives.eu\/wp-content\/uploads\/2021\/10\/AAknives_Logo_Green.png","width":1768,"height":1768,"caption":"AAKnives"},"image":{"@id":"https:\/\/aaknives.eu\/et\/#\/schema\/logo\/image\/"},"sameAs":["https:\/\/www.facebook.com\/aaknives.eu\/","https:\/\/www.instagram.com\/aaknives\/","https:\/\/www.pinterest.com\/aa_knives\/","https:\/\/www.youtube.com\/channel\/UCHOQFjrOkgT6s4FIw9LDKyw\/featured"]}]}},"_links":{"self":[{"href":"https:\/\/aaknives.eu\/et\/wp-json\/wp\/v2\/product\/39975","targetHints":{"allow":["GET"]}}],"collection":[{"href":"https:\/\/aaknives.eu\/et\/wp-json\/wp\/v2\/product"}],"about":[{"href":"https:\/\/aaknives.eu\/et\/wp-json\/wp\/v2\/types\/product"}],"wp:featuredmedia":[{"embeddable":true,"href":"https:\/\/aaknives.eu\/et\/wp-json\/wp\/v2\/media\/39976"}],"wp:attachment":[{"href":"https:\/\/aaknives.eu\/et\/wp-json\/wp\/v2\/media?parent=39975"}],"wp:term":[{"taxonomy":"product_brand","embeddable":true,"href":"https:\/\/aaknives.eu\/et\/wp-json\/wp\/v2\/product_brand?post=39975"},{"taxonomy":"product_cat","embeddable":true,"href":"https:\/\/aaknives.eu\/et\/wp-json\/wp\/v2\/product_cat?post=39975"},{"taxonomy":"product_tag","embeddable":true,"href":"https:\/\/aaknives.eu\/et\/wp-json\/wp\/v2\/product_tag?post=39975"}],"curies":[{"name":"wp","href":"https:\/\/api.w.org\/{rel}","templated":true}]}}