{"id":39977,"date":"2023-08-15T16:33:17","date_gmt":"2023-08-15T16:33:17","guid":{"rendered":"https:\/\/aaknives.eu\/product\/boride-t2-soovitatav-kivikomplekt\/"},"modified":"2023-08-15T16:33:17","modified_gmt":"2023-08-15T16:33:17","slug":"boride-t2-soovitatav-kivikomplekt","status":"publish","type":"product","link":"https:\/\/aaknives.eu\/et\/product\/boride-t2-soovitatav-kivikomplekt\/","title":{"rendered":"Boride T2 soovitatav kivikomplekt"},"content":{"rendered":"<p>Boriidi T2-seeria lihvkivid on suurep\u00e4rased alumiiniumoksiidkivid, mis on valmistatud v\u00e4ga tugeva sidemega. T\u00e4nu spetsiaalsele impregneerimisele l\u00f5ikab keskmise k\u00f5vadusega T2-seeria kiiresti ja loob siidiselt mati pinna. Komplekti kuulub 5 kivi terasuurusega: 150; 220; 400; 800; 1200, millest piisab teritamise k\u00f5igi etappide jaoks, alates koorimisest kuni l\u00f5pphoolduseni. Ja sujuv tera v\u00e4hendamine kivilt kivile tagab t\u00f5husa teritamise minimaalse ajakuluga&#8230;<\/p>\n<p>T2-seeria on spetsiaalsed kivid k\u00f5rglegeeritud t\u00f6\u00f6riistateraste ja k\u00f5rgekvaliteediliste teraste jaoks. T\u00e4nu k\u00f5rgele tootlikkusele ja suhteliselt v\u00e4ikesele kulumisele on see Boride&#8217;i kivide seeria tunnustatud kui parim roostevabast terasest nugade teritamiseks.<\/p>\n<p>T\u00f6\u00f6tada saab nii &#8220;kuivalt&#8221; kui ka tavalise veega (v\u00f5i v\u00e4ikese seebiga). Teritamisel \/ viimistlemisel ei ole soovitatav kasutada j\u00f5udu ja survet!<\/p>\n<p>Ei vaja erilist hooldust. Puhastatakse jooksva vee all seebiga j\u00e4iga harjaga (v\u00f5ib olla ka hambahari). Joondage p\u00e4rast moodustumist r\u00e4nikarbiidile.<\/p>\n<p>M\u00e4rkus: boriidkividel v\u00f5ivad olla j\u00e4rgmised defektid: sae j\u00e4ljed t\u00f6\u00f6pinnal, t\u00fchised laastud nurkades ja servades (suurus mitte \u00fcle 1 mm).<\/p>\n","protected":false},"excerpt":{"rendered":"<p>Boriidi T2-seeria lihvkivid on suurep\u00e4rased alumiiniumoksiidkivid, mis on valmistatud v\u00e4ga tugeva sidemega. T\u00e4nu spetsiaalsele impregneerimisele l\u00f5ikab keskmise k\u00f5vadusega T2-seeria kiiresti ja loob siidiselt mati pinna. Komplekti kuulub 5 kivi terasuurusega: 150; 220; 400; 800; 1200, millest piisab teritamise k\u00f5igi etappide jaoks, alates koorimisest kuni l\u00f5pphoolduseni. Ja sujuv tera v\u00e4hendamine kivilt kivile tagab t\u00f5husa teritamise minimaalse ajakuluga&#8230; T2-seeria on spetsiaalsed kivid k\u00f5rglegeeritud t\u00f6\u00f6riistateraste ja k\u00f5rgekvaliteediliste teraste jaoks. T\u00e4nu k\u00f5rgele tootlikkusele ja suhteliselt v\u00e4ikesele kulumisele on see Boride&#8217;i kivide seeria tunnustatud kui parim roostevabast terasest nugade teritamiseks. T\u00f6\u00f6tada saab nii &#8220;kuivalt&#8221; kui ka tavalise veega (v\u00f5i v\u00e4ikese seebiga). Teritamisel \/ viimistlemisel ei&hellip;<\/p>\n","protected":false},"featured_media":39978,"template":"","meta":{"_themeisle_gutenberg_block_has_review":false},"product_brand":[],"product_cat":[351],"product_tag":[],"class_list":{"0":"post-39977","1":"product","2":"type-product","3":"status-publish","4":"has-post-thumbnail","6":"product_cat-nugade-teritamine-noateritajad","8":"first","9":"instock","10":"shipping-taxable","11":"purchasable","12":"product-type-simple"},"yoast_head":"<!-- This site is optimized with the Yoast SEO plugin v27.5 - https:\/\/yoast.com\/product\/yoast-seo-wordpress\/ -->\n<title>Boride T2 soovitatav kivikomplekt - AAKnives<\/title>\n<meta name=\"description\" content=\"Boride T2 soovitatav kivikomplekt\" \/>\n<meta name=\"robots\" content=\"index, follow, max-snippet:-1, max-image-preview:large, max-video-preview:-1\" \/>\n<link rel=\"canonical\" href=\"https:\/\/aaknives.eu\/et\/product\/boride-t2-soovitatav-kivikomplekt\/\" \/>\n<meta property=\"og:locale\" content=\"et_EE\" \/>\n<meta property=\"og:type\" content=\"article\" \/>\n<meta property=\"og:title\" content=\"Boride T2 soovitatav kivikomplekt - AAKnives\" \/>\n<meta property=\"og:description\" content=\"Boride T2 soovitatav kivikomplekt\" \/>\n<meta property=\"og:url\" content=\"https:\/\/aaknives.eu\/et\/product\/boride-t2-soovitatav-kivikomplekt\/\" \/>\n<meta property=\"og:site_name\" content=\"AAKnives\" \/>\n<meta property=\"article:publisher\" content=\"https:\/\/www.facebook.com\/aaknives.eu\/\" \/>\n<meta property=\"og:image\" content=\"https:\/\/aaknives.eu\/wp-content\/uploads\/2023\/08\/2-4.jpg\" \/>\n\t<meta property=\"og:image:width\" content=\"1020\" \/>\n\t<meta property=\"og:image:height\" content=\"880\" \/>\n\t<meta property=\"og:image:type\" content=\"image\/jpeg\" \/>\n<meta name=\"twitter:card\" content=\"summary_large_image\" \/>\n<meta name=\"twitter:label1\" content=\"Est. reading time\" \/>\n\t<meta name=\"twitter:data1\" content=\"1 minut\" \/>\n<script type=\"application\/ld+json\" class=\"yoast-schema-graph\">{\"@context\":\"https:\\\/\\\/schema.org\",\"@graph\":[{\"@type\":\"WebPage\",\"@id\":\"https:\\\/\\\/aaknives.eu\\\/et\\\/product\\\/boride-t2-soovitatav-kivikomplekt\\\/\",\"url\":\"https:\\\/\\\/aaknives.eu\\\/et\\\/product\\\/boride-t2-soovitatav-kivikomplekt\\\/\",\"name\":\"Boride T2 soovitatav kivikomplekt - AAKnives\",\"isPartOf\":{\"@id\":\"https:\\\/\\\/aaknives.eu\\\/et\\\/#website\"},\"primaryImageOfPage\":{\"@id\":\"https:\\\/\\\/aaknives.eu\\\/et\\\/product\\\/boride-t2-soovitatav-kivikomplekt\\\/#primaryimage\"},\"image\":{\"@id\":\"https:\\\/\\\/aaknives.eu\\\/et\\\/product\\\/boride-t2-soovitatav-kivikomplekt\\\/#primaryimage\"},\"thumbnailUrl\":\"https:\\\/\\\/aaknives.eu\\\/wp-content\\\/uploads\\\/2023\\\/08\\\/2-4.jpg\",\"datePublished\":\"2023-08-15T16:33:17+00:00\",\"description\":\"Boride T2 soovitatav kivikomplekt\",\"breadcrumb\":{\"@id\":\"https:\\\/\\\/aaknives.eu\\\/et\\\/product\\\/boride-t2-soovitatav-kivikomplekt\\\/#breadcrumb\"},\"inLanguage\":\"et\",\"potentialAction\":[{\"@type\":\"ReadAction\",\"target\":[\"https:\\\/\\\/aaknives.eu\\\/et\\\/product\\\/boride-t2-soovitatav-kivikomplekt\\\/\"]}]},{\"@type\":\"ImageObject\",\"inLanguage\":\"et\",\"@id\":\"https:\\\/\\\/aaknives.eu\\\/et\\\/product\\\/boride-t2-soovitatav-kivikomplekt\\\/#primaryimage\",\"url\":\"https:\\\/\\\/aaknives.eu\\\/wp-content\\\/uploads\\\/2023\\\/08\\\/2-4.jpg\",\"contentUrl\":\"https:\\\/\\\/aaknives.eu\\\/wp-content\\\/uploads\\\/2023\\\/08\\\/2-4.jpg\",\"width\":1020,\"height\":880,\"caption\":\"2 4\"},{\"@type\":\"BreadcrumbList\",\"@id\":\"https:\\\/\\\/aaknives.eu\\\/et\\\/product\\\/boride-t2-soovitatav-kivikomplekt\\\/#breadcrumb\",\"itemListElement\":[{\"@type\":\"ListItem\",\"position\":1,\"name\":\"Home\",\"item\":\"https:\\\/\\\/aaknives.eu\\\/et\\\/kodu\\\/\"},{\"@type\":\"ListItem\",\"position\":2,\"name\":\"Kauplus\",\"item\":\"https:\\\/\\\/aaknives.eu\\\/et\\\/kauplus\\\/\"},{\"@type\":\"ListItem\",\"position\":3,\"name\":\"Boride T2 soovitatav kivikomplekt\"}]},{\"@type\":\"WebSite\",\"@id\":\"https:\\\/\\\/aaknives.eu\\\/et\\\/#website\",\"url\":\"https:\\\/\\\/aaknives.eu\\\/et\\\/\",\"name\":\"AAKnives\",\"description\":\"Handmade knives\",\"publisher\":{\"@id\":\"https:\\\/\\\/aaknives.eu\\\/et\\\/#organization\"},\"potentialAction\":[{\"@type\":\"SearchAction\",\"target\":{\"@type\":\"EntryPoint\",\"urlTemplate\":\"https:\\\/\\\/aaknives.eu\\\/et\\\/?s={search_term_string}\"},\"query-input\":{\"@type\":\"PropertyValueSpecification\",\"valueRequired\":true,\"valueName\":\"search_term_string\"}}],\"inLanguage\":\"et\"},{\"@type\":\"Organization\",\"@id\":\"https:\\\/\\\/aaknives.eu\\\/et\\\/#organization\",\"name\":\"AAKnives\",\"url\":\"https:\\\/\\\/aaknives.eu\\\/et\\\/\",\"logo\":{\"@type\":\"ImageObject\",\"inLanguage\":\"et\",\"@id\":\"https:\\\/\\\/aaknives.eu\\\/et\\\/#\\\/schema\\\/logo\\\/image\\\/\",\"url\":\"https:\\\/\\\/aaknives.eu\\\/wp-content\\\/uploads\\\/2021\\\/10\\\/AAknives_Logo_Green.png\",\"contentUrl\":\"https:\\\/\\\/aaknives.eu\\\/wp-content\\\/uploads\\\/2021\\\/10\\\/AAknives_Logo_Green.png\",\"width\":1768,\"height\":1768,\"caption\":\"AAKnives\"},\"image\":{\"@id\":\"https:\\\/\\\/aaknives.eu\\\/et\\\/#\\\/schema\\\/logo\\\/image\\\/\"},\"sameAs\":[\"https:\\\/\\\/www.facebook.com\\\/aaknives.eu\\\/\",\"https:\\\/\\\/www.instagram.com\\\/aaknives\\\/\",\"https:\\\/\\\/www.pinterest.com\\\/aa_knives\\\/\",\"https:\\\/\\\/www.youtube.com\\\/channel\\\/UCHOQFjrOkgT6s4FIw9LDKyw\\\/featured\"]}]}<\/script>\n<!-- \/ Yoast SEO plugin. -->","yoast_head_json":{"title":"Boride T2 soovitatav kivikomplekt - AAKnives","description":"Boride T2 soovitatav kivikomplekt","robots":{"index":"index","follow":"follow","max-snippet":"max-snippet:-1","max-image-preview":"max-image-preview:large","max-video-preview":"max-video-preview:-1"},"canonical":"https:\/\/aaknives.eu\/et\/product\/boride-t2-soovitatav-kivikomplekt\/","og_locale":"et_EE","og_type":"article","og_title":"Boride T2 soovitatav kivikomplekt - AAKnives","og_description":"Boride T2 soovitatav kivikomplekt","og_url":"https:\/\/aaknives.eu\/et\/product\/boride-t2-soovitatav-kivikomplekt\/","og_site_name":"AAKnives","article_publisher":"https:\/\/www.facebook.com\/aaknives.eu\/","og_image":[{"width":1020,"height":880,"url":"https:\/\/aaknives.eu\/wp-content\/uploads\/2023\/08\/2-4.jpg","type":"image\/jpeg"}],"twitter_card":"summary_large_image","twitter_misc":{"Est. reading time":"1 minut"},"schema":{"@context":"https:\/\/schema.org","@graph":[{"@type":"WebPage","@id":"https:\/\/aaknives.eu\/et\/product\/boride-t2-soovitatav-kivikomplekt\/","url":"https:\/\/aaknives.eu\/et\/product\/boride-t2-soovitatav-kivikomplekt\/","name":"Boride T2 soovitatav kivikomplekt - AAKnives","isPartOf":{"@id":"https:\/\/aaknives.eu\/et\/#website"},"primaryImageOfPage":{"@id":"https:\/\/aaknives.eu\/et\/product\/boride-t2-soovitatav-kivikomplekt\/#primaryimage"},"image":{"@id":"https:\/\/aaknives.eu\/et\/product\/boride-t2-soovitatav-kivikomplekt\/#primaryimage"},"thumbnailUrl":"https:\/\/aaknives.eu\/wp-content\/uploads\/2023\/08\/2-4.jpg","datePublished":"2023-08-15T16:33:17+00:00","description":"Boride T2 soovitatav kivikomplekt","breadcrumb":{"@id":"https:\/\/aaknives.eu\/et\/product\/boride-t2-soovitatav-kivikomplekt\/#breadcrumb"},"inLanguage":"et","potentialAction":[{"@type":"ReadAction","target":["https:\/\/aaknives.eu\/et\/product\/boride-t2-soovitatav-kivikomplekt\/"]}]},{"@type":"ImageObject","inLanguage":"et","@id":"https:\/\/aaknives.eu\/et\/product\/boride-t2-soovitatav-kivikomplekt\/#primaryimage","url":"https:\/\/aaknives.eu\/wp-content\/uploads\/2023\/08\/2-4.jpg","contentUrl":"https:\/\/aaknives.eu\/wp-content\/uploads\/2023\/08\/2-4.jpg","width":1020,"height":880,"caption":"2 4"},{"@type":"BreadcrumbList","@id":"https:\/\/aaknives.eu\/et\/product\/boride-t2-soovitatav-kivikomplekt\/#breadcrumb","itemListElement":[{"@type":"ListItem","position":1,"name":"Home","item":"https:\/\/aaknives.eu\/et\/kodu\/"},{"@type":"ListItem","position":2,"name":"Kauplus","item":"https:\/\/aaknives.eu\/et\/kauplus\/"},{"@type":"ListItem","position":3,"name":"Boride T2 soovitatav kivikomplekt"}]},{"@type":"WebSite","@id":"https:\/\/aaknives.eu\/et\/#website","url":"https:\/\/aaknives.eu\/et\/","name":"AAKnives","description":"Handmade knives","publisher":{"@id":"https:\/\/aaknives.eu\/et\/#organization"},"potentialAction":[{"@type":"SearchAction","target":{"@type":"EntryPoint","urlTemplate":"https:\/\/aaknives.eu\/et\/?s={search_term_string}"},"query-input":{"@type":"PropertyValueSpecification","valueRequired":true,"valueName":"search_term_string"}}],"inLanguage":"et"},{"@type":"Organization","@id":"https:\/\/aaknives.eu\/et\/#organization","name":"AAKnives","url":"https:\/\/aaknives.eu\/et\/","logo":{"@type":"ImageObject","inLanguage":"et","@id":"https:\/\/aaknives.eu\/et\/#\/schema\/logo\/image\/","url":"https:\/\/aaknives.eu\/wp-content\/uploads\/2021\/10\/AAknives_Logo_Green.png","contentUrl":"https:\/\/aaknives.eu\/wp-content\/uploads\/2021\/10\/AAknives_Logo_Green.png","width":1768,"height":1768,"caption":"AAKnives"},"image":{"@id":"https:\/\/aaknives.eu\/et\/#\/schema\/logo\/image\/"},"sameAs":["https:\/\/www.facebook.com\/aaknives.eu\/","https:\/\/www.instagram.com\/aaknives\/","https:\/\/www.pinterest.com\/aa_knives\/","https:\/\/www.youtube.com\/channel\/UCHOQFjrOkgT6s4FIw9LDKyw\/featured"]}]}},"_links":{"self":[{"href":"https:\/\/aaknives.eu\/et\/wp-json\/wp\/v2\/product\/39977","targetHints":{"allow":["GET"]}}],"collection":[{"href":"https:\/\/aaknives.eu\/et\/wp-json\/wp\/v2\/product"}],"about":[{"href":"https:\/\/aaknives.eu\/et\/wp-json\/wp\/v2\/types\/product"}],"wp:featuredmedia":[{"embeddable":true,"href":"https:\/\/aaknives.eu\/et\/wp-json\/wp\/v2\/media\/39978"}],"wp:attachment":[{"href":"https:\/\/aaknives.eu\/et\/wp-json\/wp\/v2\/media?parent=39977"}],"wp:term":[{"taxonomy":"product_brand","embeddable":true,"href":"https:\/\/aaknives.eu\/et\/wp-json\/wp\/v2\/product_brand?post=39977"},{"taxonomy":"product_cat","embeddable":true,"href":"https:\/\/aaknives.eu\/et\/wp-json\/wp\/v2\/product_cat?post=39977"},{"taxonomy":"product_tag","embeddable":true,"href":"https:\/\/aaknives.eu\/et\/wp-json\/wp\/v2\/product_tag?post=39977"}],"curies":[{"name":"wp","href":"https:\/\/api.w.org\/{rel}","templated":true}]}}