{"id":39979,"date":"2023-08-15T16:23:52","date_gmt":"2023-08-15T16:23:52","guid":{"rendered":"https:\/\/aaknives.eu\/product\/hapstone-rs-noa-teritaja\/"},"modified":"2023-08-15T16:23:52","modified_gmt":"2023-08-15T16:23:52","slug":"hapstone-rs-noa-teritaja","status":"publish","type":"product","link":"https:\/\/aaknives.eu\/et\/product\/hapstone-rs-noa-teritaja\/","title":{"rendered":"Hapstone RS noa teritaja"},"content":{"rendered":"<p>Hapstone RS on uus nugade terituss\u00fcsteem Ukraina Hapstone&#8217;i meeskonnalt, mis \u00fcllatab teid oma t\u00f5hususe ja kasutusmugavusega. Kui soovite, et teie k\u00f6\u00f6gis, remondit\u00f6\u00f6kojas v\u00f5i lihtsalt oma hobi jaoks kasutatavad noad oleksid alati teravad, siis on Hapstone RS teie jaoks ideaalne valik.<br \/>\nKuna oleme investeerinud viis aastat oma kogemust parima terituss\u00fcsteemi kontseptsiooni ja disaini arendamisse, v\u00f5ime n\u00fc\u00fcd \u00f6elda, et Hapstone RS on oma ainulaadse disainiga parim noateritaja turul.<\/p>\n","protected":false},"excerpt":{"rendered":"<p>Hapstone RS on uus nugade terituss\u00fcsteem Ukraina Hapstone&#8217;i meeskonnalt, mis \u00fcllatab teid oma t\u00f5hususe ja kasutusmugavusega. Kui soovite, et teie k\u00f6\u00f6gis, remondit\u00f6\u00f6kojas v\u00f5i lihtsalt oma hobi jaoks kasutatavad noad oleksid alati teravad, siis on Hapstone RS teie jaoks ideaalne valik. Kuna oleme investeerinud viis aastat oma kogemust parima terituss\u00fcsteemi kontseptsiooni ja disaini arendamisse, v\u00f5ime n\u00fc\u00fcd \u00f6elda, et Hapstone RS on oma ainulaadse disainiga parim noateritaja turul.<\/p>\n","protected":false},"featured_media":39980,"template":"","meta":{"_themeisle_gutenberg_block_has_review":false},"product_brand":[],"product_cat":[351],"product_tag":[],"class_list":{"0":"post-39979","1":"product","2":"type-product","3":"status-publish","4":"has-post-thumbnail","6":"product_cat-nugade-teritamine-noateritajad","8":"first","9":"instock","10":"shipping-taxable","11":"purchasable","12":"product-type-simple"},"yoast_head":"<!-- This site is optimized with the Yoast SEO plugin v27.5 - https:\/\/yoast.com\/product\/yoast-seo-wordpress\/ -->\n<title>Hapstone RS noa teritaja - AAKnives<\/title>\n<meta name=\"description\" content=\"Hapstone RS noa teritaja\" \/>\n<meta name=\"robots\" content=\"index, follow, max-snippet:-1, max-image-preview:large, max-video-preview:-1\" \/>\n<link rel=\"canonical\" href=\"https:\/\/aaknives.eu\/et\/product\/hapstone-rs-noa-teritaja\/\" \/>\n<meta property=\"og:locale\" content=\"et_EE\" \/>\n<meta property=\"og:type\" content=\"article\" \/>\n<meta property=\"og:title\" content=\"Hapstone RS noa teritaja - AAKnives\" \/>\n<meta property=\"og:description\" content=\"Hapstone RS noa teritaja\" \/>\n<meta property=\"og:url\" content=\"https:\/\/aaknives.eu\/et\/product\/hapstone-rs-noa-teritaja\/\" \/>\n<meta property=\"og:site_name\" content=\"AAKnives\" \/>\n<meta property=\"article:publisher\" content=\"https:\/\/www.facebook.com\/aaknives.eu\/\" \/>\n<meta property=\"og:image\" content=\"https:\/\/aaknives.eu\/wp-content\/uploads\/2023\/08\/7-2.jpg\" \/>\n\t<meta property=\"og:image:width\" content=\"1020\" \/>\n\t<meta property=\"og:image:height\" content=\"880\" \/>\n\t<meta property=\"og:image:type\" content=\"image\/jpeg\" \/>\n<meta name=\"twitter:card\" content=\"summary_large_image\" \/>\n<script type=\"application\/ld+json\" class=\"yoast-schema-graph\">{\"@context\":\"https:\\\/\\\/schema.org\",\"@graph\":[{\"@type\":\"WebPage\",\"@id\":\"https:\\\/\\\/aaknives.eu\\\/et\\\/product\\\/hapstone-rs-noa-teritaja\\\/\",\"url\":\"https:\\\/\\\/aaknives.eu\\\/et\\\/product\\\/hapstone-rs-noa-teritaja\\\/\",\"name\":\"Hapstone RS noa teritaja - AAKnives\",\"isPartOf\":{\"@id\":\"https:\\\/\\\/aaknives.eu\\\/et\\\/#website\"},\"primaryImageOfPage\":{\"@id\":\"https:\\\/\\\/aaknives.eu\\\/et\\\/product\\\/hapstone-rs-noa-teritaja\\\/#primaryimage\"},\"image\":{\"@id\":\"https:\\\/\\\/aaknives.eu\\\/et\\\/product\\\/hapstone-rs-noa-teritaja\\\/#primaryimage\"},\"thumbnailUrl\":\"https:\\\/\\\/aaknives.eu\\\/wp-content\\\/uploads\\\/2023\\\/08\\\/7-2.jpg\",\"datePublished\":\"2023-08-15T16:23:52+00:00\",\"description\":\"Hapstone RS noa teritaja\",\"breadcrumb\":{\"@id\":\"https:\\\/\\\/aaknives.eu\\\/et\\\/product\\\/hapstone-rs-noa-teritaja\\\/#breadcrumb\"},\"inLanguage\":\"et\",\"potentialAction\":[{\"@type\":\"ReadAction\",\"target\":[\"https:\\\/\\\/aaknives.eu\\\/et\\\/product\\\/hapstone-rs-noa-teritaja\\\/\"]}]},{\"@type\":\"ImageObject\",\"inLanguage\":\"et\",\"@id\":\"https:\\\/\\\/aaknives.eu\\\/et\\\/product\\\/hapstone-rs-noa-teritaja\\\/#primaryimage\",\"url\":\"https:\\\/\\\/aaknives.eu\\\/wp-content\\\/uploads\\\/2023\\\/08\\\/7-2.jpg\",\"contentUrl\":\"https:\\\/\\\/aaknives.eu\\\/wp-content\\\/uploads\\\/2023\\\/08\\\/7-2.jpg\",\"width\":1020,\"height\":880,\"caption\":\"7 2\"},{\"@type\":\"BreadcrumbList\",\"@id\":\"https:\\\/\\\/aaknives.eu\\\/et\\\/product\\\/hapstone-rs-noa-teritaja\\\/#breadcrumb\",\"itemListElement\":[{\"@type\":\"ListItem\",\"position\":1,\"name\":\"Home\",\"item\":\"https:\\\/\\\/aaknives.eu\\\/et\\\/kodu\\\/\"},{\"@type\":\"ListItem\",\"position\":2,\"name\":\"Kauplus\",\"item\":\"https:\\\/\\\/aaknives.eu\\\/et\\\/kauplus\\\/\"},{\"@type\":\"ListItem\",\"position\":3,\"name\":\"Hapstone RS noa teritaja\"}]},{\"@type\":\"WebSite\",\"@id\":\"https:\\\/\\\/aaknives.eu\\\/et\\\/#website\",\"url\":\"https:\\\/\\\/aaknives.eu\\\/et\\\/\",\"name\":\"AAKnives\",\"description\":\"Handmade knives\",\"publisher\":{\"@id\":\"https:\\\/\\\/aaknives.eu\\\/et\\\/#organization\"},\"potentialAction\":[{\"@type\":\"SearchAction\",\"target\":{\"@type\":\"EntryPoint\",\"urlTemplate\":\"https:\\\/\\\/aaknives.eu\\\/et\\\/?s={search_term_string}\"},\"query-input\":{\"@type\":\"PropertyValueSpecification\",\"valueRequired\":true,\"valueName\":\"search_term_string\"}}],\"inLanguage\":\"et\"},{\"@type\":\"Organization\",\"@id\":\"https:\\\/\\\/aaknives.eu\\\/et\\\/#organization\",\"name\":\"AAKnives\",\"url\":\"https:\\\/\\\/aaknives.eu\\\/et\\\/\",\"logo\":{\"@type\":\"ImageObject\",\"inLanguage\":\"et\",\"@id\":\"https:\\\/\\\/aaknives.eu\\\/et\\\/#\\\/schema\\\/logo\\\/image\\\/\",\"url\":\"https:\\\/\\\/aaknives.eu\\\/wp-content\\\/uploads\\\/2021\\\/10\\\/AAknives_Logo_Green.png\",\"contentUrl\":\"https:\\\/\\\/aaknives.eu\\\/wp-content\\\/uploads\\\/2021\\\/10\\\/AAknives_Logo_Green.png\",\"width\":1768,\"height\":1768,\"caption\":\"AAKnives\"},\"image\":{\"@id\":\"https:\\\/\\\/aaknives.eu\\\/et\\\/#\\\/schema\\\/logo\\\/image\\\/\"},\"sameAs\":[\"https:\\\/\\\/www.facebook.com\\\/aaknives.eu\\\/\",\"https:\\\/\\\/www.instagram.com\\\/aaknives\\\/\",\"https:\\\/\\\/www.pinterest.com\\\/aa_knives\\\/\",\"https:\\\/\\\/www.youtube.com\\\/channel\\\/UCHOQFjrOkgT6s4FIw9LDKyw\\\/featured\"]}]}<\/script>\n<!-- \/ Yoast SEO plugin. -->","yoast_head_json":{"title":"Hapstone RS noa teritaja - AAKnives","description":"Hapstone RS noa teritaja","robots":{"index":"index","follow":"follow","max-snippet":"max-snippet:-1","max-image-preview":"max-image-preview:large","max-video-preview":"max-video-preview:-1"},"canonical":"https:\/\/aaknives.eu\/et\/product\/hapstone-rs-noa-teritaja\/","og_locale":"et_EE","og_type":"article","og_title":"Hapstone RS noa teritaja - AAKnives","og_description":"Hapstone RS noa teritaja","og_url":"https:\/\/aaknives.eu\/et\/product\/hapstone-rs-noa-teritaja\/","og_site_name":"AAKnives","article_publisher":"https:\/\/www.facebook.com\/aaknives.eu\/","og_image":[{"width":1020,"height":880,"url":"https:\/\/aaknives.eu\/wp-content\/uploads\/2023\/08\/7-2.jpg","type":"image\/jpeg"}],"twitter_card":"summary_large_image","schema":{"@context":"https:\/\/schema.org","@graph":[{"@type":"WebPage","@id":"https:\/\/aaknives.eu\/et\/product\/hapstone-rs-noa-teritaja\/","url":"https:\/\/aaknives.eu\/et\/product\/hapstone-rs-noa-teritaja\/","name":"Hapstone RS noa teritaja - AAKnives","isPartOf":{"@id":"https:\/\/aaknives.eu\/et\/#website"},"primaryImageOfPage":{"@id":"https:\/\/aaknives.eu\/et\/product\/hapstone-rs-noa-teritaja\/#primaryimage"},"image":{"@id":"https:\/\/aaknives.eu\/et\/product\/hapstone-rs-noa-teritaja\/#primaryimage"},"thumbnailUrl":"https:\/\/aaknives.eu\/wp-content\/uploads\/2023\/08\/7-2.jpg","datePublished":"2023-08-15T16:23:52+00:00","description":"Hapstone RS noa teritaja","breadcrumb":{"@id":"https:\/\/aaknives.eu\/et\/product\/hapstone-rs-noa-teritaja\/#breadcrumb"},"inLanguage":"et","potentialAction":[{"@type":"ReadAction","target":["https:\/\/aaknives.eu\/et\/product\/hapstone-rs-noa-teritaja\/"]}]},{"@type":"ImageObject","inLanguage":"et","@id":"https:\/\/aaknives.eu\/et\/product\/hapstone-rs-noa-teritaja\/#primaryimage","url":"https:\/\/aaknives.eu\/wp-content\/uploads\/2023\/08\/7-2.jpg","contentUrl":"https:\/\/aaknives.eu\/wp-content\/uploads\/2023\/08\/7-2.jpg","width":1020,"height":880,"caption":"7 2"},{"@type":"BreadcrumbList","@id":"https:\/\/aaknives.eu\/et\/product\/hapstone-rs-noa-teritaja\/#breadcrumb","itemListElement":[{"@type":"ListItem","position":1,"name":"Home","item":"https:\/\/aaknives.eu\/et\/kodu\/"},{"@type":"ListItem","position":2,"name":"Kauplus","item":"https:\/\/aaknives.eu\/et\/kauplus\/"},{"@type":"ListItem","position":3,"name":"Hapstone RS noa teritaja"}]},{"@type":"WebSite","@id":"https:\/\/aaknives.eu\/et\/#website","url":"https:\/\/aaknives.eu\/et\/","name":"AAKnives","description":"Handmade knives","publisher":{"@id":"https:\/\/aaknives.eu\/et\/#organization"},"potentialAction":[{"@type":"SearchAction","target":{"@type":"EntryPoint","urlTemplate":"https:\/\/aaknives.eu\/et\/?s={search_term_string}"},"query-input":{"@type":"PropertyValueSpecification","valueRequired":true,"valueName":"search_term_string"}}],"inLanguage":"et"},{"@type":"Organization","@id":"https:\/\/aaknives.eu\/et\/#organization","name":"AAKnives","url":"https:\/\/aaknives.eu\/et\/","logo":{"@type":"ImageObject","inLanguage":"et","@id":"https:\/\/aaknives.eu\/et\/#\/schema\/logo\/image\/","url":"https:\/\/aaknives.eu\/wp-content\/uploads\/2021\/10\/AAknives_Logo_Green.png","contentUrl":"https:\/\/aaknives.eu\/wp-content\/uploads\/2021\/10\/AAknives_Logo_Green.png","width":1768,"height":1768,"caption":"AAKnives"},"image":{"@id":"https:\/\/aaknives.eu\/et\/#\/schema\/logo\/image\/"},"sameAs":["https:\/\/www.facebook.com\/aaknives.eu\/","https:\/\/www.instagram.com\/aaknives\/","https:\/\/www.pinterest.com\/aa_knives\/","https:\/\/www.youtube.com\/channel\/UCHOQFjrOkgT6s4FIw9LDKyw\/featured"]}]}},"_links":{"self":[{"href":"https:\/\/aaknives.eu\/et\/wp-json\/wp\/v2\/product\/39979","targetHints":{"allow":["GET"]}}],"collection":[{"href":"https:\/\/aaknives.eu\/et\/wp-json\/wp\/v2\/product"}],"about":[{"href":"https:\/\/aaknives.eu\/et\/wp-json\/wp\/v2\/types\/product"}],"wp:featuredmedia":[{"embeddable":true,"href":"https:\/\/aaknives.eu\/et\/wp-json\/wp\/v2\/media\/39980"}],"wp:attachment":[{"href":"https:\/\/aaknives.eu\/et\/wp-json\/wp\/v2\/media?parent=39979"}],"wp:term":[{"taxonomy":"product_brand","embeddable":true,"href":"https:\/\/aaknives.eu\/et\/wp-json\/wp\/v2\/product_brand?post=39979"},{"taxonomy":"product_cat","embeddable":true,"href":"https:\/\/aaknives.eu\/et\/wp-json\/wp\/v2\/product_cat?post=39979"},{"taxonomy":"product_tag","embeddable":true,"href":"https:\/\/aaknives.eu\/et\/wp-json\/wp\/v2\/product_tag?post=39979"}],"curies":[{"name":"wp","href":"https:\/\/api.w.org\/{rel}","templated":true}]}}