{"id":40053,"date":"2023-06-08T15:02:02","date_gmt":"2023-06-08T15:02:02","guid":{"rendered":"https:\/\/aaknives.eu\/product\/valjaku-kooginuga-sepistatud-roostevabast-terasest-n695-korge-kvaliteediga-sepistatud-roostevabast-terasest\/"},"modified":"2025-02-25T12:59:38","modified_gmt":"2025-02-25T12:59:38","slug":"valjaku-kooginuga-sepistatud-roostevabast-terasest-n695-korge-kvaliteediga-sepistatud-roostevabast-terasest","status":"publish","type":"product","link":"https:\/\/aaknives.eu\/et\/product\/valjaku-kooginuga-sepistatud-roostevabast-terasest-n695-korge-kvaliteediga-sepistatud-roostevabast-terasest\/","title":{"rendered":"Nuga &#8220;TANTO&#8221; &#8211; sepistatud roostevaba teras N695 &#8211; kvaliteetne sepistatud roostevaba teras"},"content":{"rendered":"<p>Nugade tehnilised andmed: TANTO<br \/>\nTeras: Rootsi Bohler-Uddeholm N695 roostevaba noateras, v\u00e4ga k\u00f5va, mitte rabe ja v\u00e4ga terav<br \/>\nK\u00f5vadus: 59 HRC<br \/>\nTera pikkus (mm): 168 \/ 6,61 tolli<br \/>\nTera paksus (mm): 3,5 \/ 0,13 tolli<br \/>\nK\u00e4epide: must puit<br \/>\nKogupikkus (mm): 293 \/ 11,53 tolli<br \/>\nPakend: nuga, nahast \u00fcmbris<\/p>\n<p>Bohler-Uddeholm N695 noateras<\/p>\n<p>Bohler N695 on Bohler Uddeholmi grupi kroomitud roostevabast terasest. Sellel on suur k\u00f5vadus, hea kulumiskindlus ja hea korrosioonikindlus. N695 terasest nuga on mittekorrodeeruv, terav pikka aega ja ei vaja erilist hooldust.<\/p>\n<p>Valtsitud p\u00f5iktehnoloogiaga, et tagada plaatide ja lehtmaterjali maksimaalne stabiilsus ja \u00fchtlus.<\/p>\n<p>BOHLER N695 muud kasutusviisid:<\/p>\n<p>Rullelementide laagrid, klapipesad, kvaliteetsed noaterad, kirurgilised instrumendid ja puul\u00f5ikek\u00e4\u00e4rid.<\/p>\n<p>BOHLER N695 Koostis: C &#8211; 1.030 \/ MN &#8211; 0.44 \/ SI &#8211; 0.48 \/ P &#8211; 0.018 \/ S &#8211; 0.0010 \/ CR &#8211; 16.46 \/ MO &#8211; 0.43<\/p>\n<p>K\u00e4sitsi valmistatud.<\/p>\n","protected":false},"excerpt":{"rendered":"<p>N695 terasest nuga on mittekorrodeeruv, terav pikka aega ja ei vaja erilist hooldust.<\/p>\n","protected":false},"featured_media":96868,"template":"","meta":{"_themeisle_gutenberg_block_has_review":false},"product_brand":[],"product_cat":[346,341],"product_tag":[],"class_list":{"0":"post-40053","1":"product","2":"type-product","3":"status-publish","4":"has-post-thumbnail","6":"product_cat-matkanoad","7":"product_cat-premium-ja-eksklusiivsed-noad","9":"first","10":"instock","11":"shipping-taxable","12":"purchasable","13":"product-type-simple"},"yoast_head":"<!-- This site is optimized with the Yoast SEO plugin v27.3 - https:\/\/yoast.com\/product\/yoast-seo-wordpress\/ -->\n<title>Nuga &quot;TANTO&quot; - sepistatud roostevaba teras N695 - kvaliteetne sepistatud roostevaba teras - AAKnives<\/title>\n<meta name=\"description\" content=\"V\u00e4ljaku k\u00f6\u00f6ginuga - sepistatud roostevabast terasest N695 - k\u00f5rge kvaliteediga sepistatud roostevabast terasest\" \/>\n<meta name=\"robots\" content=\"index, follow, max-snippet:-1, max-image-preview:large, max-video-preview:-1\" \/>\n<link rel=\"canonical\" href=\"https:\/\/aaknives.eu\/et\/product\/valjaku-kooginuga-sepistatud-roostevabast-terasest-n695-korge-kvaliteediga-sepistatud-roostevabast-terasest\/\" \/>\n<meta property=\"og:locale\" content=\"et_EE\" \/>\n<meta property=\"og:type\" content=\"article\" \/>\n<meta property=\"og:title\" content=\"Nuga &quot;TANTO&quot; - sepistatud roostevaba teras N695 - kvaliteetne sepistatud roostevaba teras - AAKnives\" \/>\n<meta property=\"og:description\" content=\"V\u00e4ljaku k\u00f6\u00f6ginuga - sepistatud roostevabast terasest N695 - k\u00f5rge kvaliteediga sepistatud roostevabast terasest\" \/>\n<meta property=\"og:url\" content=\"https:\/\/aaknives.eu\/et\/product\/valjaku-kooginuga-sepistatud-roostevabast-terasest-n695-korge-kvaliteediga-sepistatud-roostevabast-terasest\/\" \/>\n<meta property=\"og:site_name\" content=\"AAKnives\" \/>\n<meta property=\"article:publisher\" content=\"https:\/\/www.facebook.com\/aaknives.eu\/\" \/>\n<meta property=\"article:modified_time\" content=\"2025-02-25T12:59:38+00:00\" \/>\n<meta property=\"og:image\" content=\"https:\/\/aaknives.eu\/wp-content\/uploads\/2023\/06\/aaknives-hand-forged-damascus-steel-blade-knife-handmade-custom-made-knife-handcrafted-knives-autinetools-northmen-8.2.jpg\" \/>\n\t<meta property=\"og:image:width\" content=\"1020\" \/>\n\t<meta property=\"og:image:height\" content=\"880\" \/>\n\t<meta property=\"og:image:type\" content=\"image\/jpeg\" \/>\n<meta name=\"twitter:card\" content=\"summary_large_image\" \/>\n<meta name=\"twitter:label1\" content=\"Est. reading time\" \/>\n\t<meta name=\"twitter:data1\" content=\"1 minut\" \/>\n<script type=\"application\/ld+json\" class=\"yoast-schema-graph\">{\"@context\":\"https:\\\/\\\/schema.org\",\"@graph\":[{\"@type\":\"WebPage\",\"@id\":\"https:\\\/\\\/aaknives.eu\\\/et\\\/product\\\/valjaku-kooginuga-sepistatud-roostevabast-terasest-n695-korge-kvaliteediga-sepistatud-roostevabast-terasest\\\/\",\"url\":\"https:\\\/\\\/aaknives.eu\\\/et\\\/product\\\/valjaku-kooginuga-sepistatud-roostevabast-terasest-n695-korge-kvaliteediga-sepistatud-roostevabast-terasest\\\/\",\"name\":\"Nuga \\\"TANTO\\\" - sepistatud roostevaba teras N695 - kvaliteetne sepistatud roostevaba teras - AAKnives\",\"isPartOf\":{\"@id\":\"https:\\\/\\\/aaknives.eu\\\/et\\\/#website\"},\"primaryImageOfPage\":{\"@id\":\"https:\\\/\\\/aaknives.eu\\\/et\\\/product\\\/valjaku-kooginuga-sepistatud-roostevabast-terasest-n695-korge-kvaliteediga-sepistatud-roostevabast-terasest\\\/#primaryimage\"},\"image\":{\"@id\":\"https:\\\/\\\/aaknives.eu\\\/et\\\/product\\\/valjaku-kooginuga-sepistatud-roostevabast-terasest-n695-korge-kvaliteediga-sepistatud-roostevabast-terasest\\\/#primaryimage\"},\"thumbnailUrl\":\"https:\\\/\\\/aaknives.eu\\\/wp-content\\\/uploads\\\/2023\\\/06\\\/aaknives-hand-forged-damascus-steel-blade-knife-handmade-custom-made-knife-handcrafted-knives-autinetools-northmen-8.2.jpg\",\"datePublished\":\"2023-06-08T15:02:02+00:00\",\"dateModified\":\"2025-02-25T12:59:38+00:00\",\"description\":\"V\u00e4ljaku k\u00f6\u00f6ginuga - sepistatud roostevabast terasest N695 - k\u00f5rge kvaliteediga sepistatud roostevabast terasest\",\"breadcrumb\":{\"@id\":\"https:\\\/\\\/aaknives.eu\\\/et\\\/product\\\/valjaku-kooginuga-sepistatud-roostevabast-terasest-n695-korge-kvaliteediga-sepistatud-roostevabast-terasest\\\/#breadcrumb\"},\"inLanguage\":\"et\",\"potentialAction\":[{\"@type\":\"ReadAction\",\"target\":[\"https:\\\/\\\/aaknives.eu\\\/et\\\/product\\\/valjaku-kooginuga-sepistatud-roostevabast-terasest-n695-korge-kvaliteediga-sepistatud-roostevabast-terasest\\\/\"]}]},{\"@type\":\"ImageObject\",\"inLanguage\":\"et\",\"@id\":\"https:\\\/\\\/aaknives.eu\\\/et\\\/product\\\/valjaku-kooginuga-sepistatud-roostevabast-terasest-n695-korge-kvaliteediga-sepistatud-roostevabast-terasest\\\/#primaryimage\",\"url\":\"https:\\\/\\\/aaknives.eu\\\/wp-content\\\/uploads\\\/2023\\\/06\\\/aaknives-hand-forged-damascus-steel-blade-knife-handmade-custom-made-knife-handcrafted-knives-autinetools-northmen-8.2.jpg\",\"contentUrl\":\"https:\\\/\\\/aaknives.eu\\\/wp-content\\\/uploads\\\/2023\\\/06\\\/aaknives-hand-forged-damascus-steel-blade-knife-handmade-custom-made-knife-handcrafted-knives-autinetools-northmen-8.2.jpg\",\"width\":1020,\"height\":880},{\"@type\":\"BreadcrumbList\",\"@id\":\"https:\\\/\\\/aaknives.eu\\\/et\\\/product\\\/valjaku-kooginuga-sepistatud-roostevabast-terasest-n695-korge-kvaliteediga-sepistatud-roostevabast-terasest\\\/#breadcrumb\",\"itemListElement\":[{\"@type\":\"ListItem\",\"position\":1,\"name\":\"Home\",\"item\":\"https:\\\/\\\/aaknives.eu\\\/et\\\/kodu\\\/\"},{\"@type\":\"ListItem\",\"position\":2,\"name\":\"Kauplus\",\"item\":\"https:\\\/\\\/aaknives.eu\\\/et\\\/kauplus\\\/\"},{\"@type\":\"ListItem\",\"position\":3,\"name\":\"Private: Nuga &#8220;TANTO&#8221; &#8211; sepistatud roostevaba teras N695 &#8211; kvaliteetne sepistatud roostevaba teras\"}]},{\"@type\":\"WebSite\",\"@id\":\"https:\\\/\\\/aaknives.eu\\\/et\\\/#website\",\"url\":\"https:\\\/\\\/aaknives.eu\\\/et\\\/\",\"name\":\"AAKnives\",\"description\":\"Handmade knives\",\"publisher\":{\"@id\":\"https:\\\/\\\/aaknives.eu\\\/et\\\/#organization\"},\"potentialAction\":[{\"@type\":\"SearchAction\",\"target\":{\"@type\":\"EntryPoint\",\"urlTemplate\":\"https:\\\/\\\/aaknives.eu\\\/et\\\/?s={search_term_string}\"},\"query-input\":{\"@type\":\"PropertyValueSpecification\",\"valueRequired\":true,\"valueName\":\"search_term_string\"}}],\"inLanguage\":\"et\"},{\"@type\":\"Organization\",\"@id\":\"https:\\\/\\\/aaknives.eu\\\/et\\\/#organization\",\"name\":\"AAKnives\",\"url\":\"https:\\\/\\\/aaknives.eu\\\/et\\\/\",\"logo\":{\"@type\":\"ImageObject\",\"inLanguage\":\"et\",\"@id\":\"https:\\\/\\\/aaknives.eu\\\/et\\\/#\\\/schema\\\/logo\\\/image\\\/\",\"url\":\"https:\\\/\\\/aaknives.eu\\\/wp-content\\\/uploads\\\/2021\\\/10\\\/AAknives_Logo_Green.png\",\"contentUrl\":\"https:\\\/\\\/aaknives.eu\\\/wp-content\\\/uploads\\\/2021\\\/10\\\/AAknives_Logo_Green.png\",\"width\":1768,\"height\":1768,\"caption\":\"AAKnives\"},\"image\":{\"@id\":\"https:\\\/\\\/aaknives.eu\\\/et\\\/#\\\/schema\\\/logo\\\/image\\\/\"},\"sameAs\":[\"https:\\\/\\\/www.facebook.com\\\/aaknives.eu\\\/\",\"https:\\\/\\\/www.instagram.com\\\/aaknives\\\/\",\"https:\\\/\\\/www.pinterest.com\\\/aa_knives\\\/\",\"https:\\\/\\\/www.youtube.com\\\/channel\\\/UCHOQFjrOkgT6s4FIw9LDKyw\\\/featured\"]}]}<\/script>\n<!-- \/ Yoast SEO plugin. -->","yoast_head_json":{"title":"Nuga \"TANTO\" - sepistatud roostevaba teras N695 - kvaliteetne sepistatud roostevaba teras - AAKnives","description":"V\u00e4ljaku k\u00f6\u00f6ginuga - sepistatud roostevabast terasest N695 - k\u00f5rge kvaliteediga sepistatud roostevabast terasest","robots":{"index":"index","follow":"follow","max-snippet":"max-snippet:-1","max-image-preview":"max-image-preview:large","max-video-preview":"max-video-preview:-1"},"canonical":"https:\/\/aaknives.eu\/et\/product\/valjaku-kooginuga-sepistatud-roostevabast-terasest-n695-korge-kvaliteediga-sepistatud-roostevabast-terasest\/","og_locale":"et_EE","og_type":"article","og_title":"Nuga \"TANTO\" - sepistatud roostevaba teras N695 - kvaliteetne sepistatud roostevaba teras - AAKnives","og_description":"V\u00e4ljaku k\u00f6\u00f6ginuga - sepistatud roostevabast terasest N695 - k\u00f5rge kvaliteediga sepistatud roostevabast terasest","og_url":"https:\/\/aaknives.eu\/et\/product\/valjaku-kooginuga-sepistatud-roostevabast-terasest-n695-korge-kvaliteediga-sepistatud-roostevabast-terasest\/","og_site_name":"AAKnives","article_publisher":"https:\/\/www.facebook.com\/aaknives.eu\/","article_modified_time":"2025-02-25T12:59:38+00:00","og_image":[{"width":1020,"height":880,"url":"https:\/\/aaknives.eu\/wp-content\/uploads\/2023\/06\/aaknives-hand-forged-damascus-steel-blade-knife-handmade-custom-made-knife-handcrafted-knives-autinetools-northmen-8.2.jpg","type":"image\/jpeg"}],"twitter_card":"summary_large_image","twitter_misc":{"Est. reading time":"1 minut"},"schema":{"@context":"https:\/\/schema.org","@graph":[{"@type":"WebPage","@id":"https:\/\/aaknives.eu\/et\/product\/valjaku-kooginuga-sepistatud-roostevabast-terasest-n695-korge-kvaliteediga-sepistatud-roostevabast-terasest\/","url":"https:\/\/aaknives.eu\/et\/product\/valjaku-kooginuga-sepistatud-roostevabast-terasest-n695-korge-kvaliteediga-sepistatud-roostevabast-terasest\/","name":"Nuga \"TANTO\" - sepistatud roostevaba teras N695 - kvaliteetne sepistatud roostevaba teras - AAKnives","isPartOf":{"@id":"https:\/\/aaknives.eu\/et\/#website"},"primaryImageOfPage":{"@id":"https:\/\/aaknives.eu\/et\/product\/valjaku-kooginuga-sepistatud-roostevabast-terasest-n695-korge-kvaliteediga-sepistatud-roostevabast-terasest\/#primaryimage"},"image":{"@id":"https:\/\/aaknives.eu\/et\/product\/valjaku-kooginuga-sepistatud-roostevabast-terasest-n695-korge-kvaliteediga-sepistatud-roostevabast-terasest\/#primaryimage"},"thumbnailUrl":"https:\/\/aaknives.eu\/wp-content\/uploads\/2023\/06\/aaknives-hand-forged-damascus-steel-blade-knife-handmade-custom-made-knife-handcrafted-knives-autinetools-northmen-8.2.jpg","datePublished":"2023-06-08T15:02:02+00:00","dateModified":"2025-02-25T12:59:38+00:00","description":"V\u00e4ljaku k\u00f6\u00f6ginuga - sepistatud roostevabast terasest N695 - k\u00f5rge kvaliteediga sepistatud roostevabast terasest","breadcrumb":{"@id":"https:\/\/aaknives.eu\/et\/product\/valjaku-kooginuga-sepistatud-roostevabast-terasest-n695-korge-kvaliteediga-sepistatud-roostevabast-terasest\/#breadcrumb"},"inLanguage":"et","potentialAction":[{"@type":"ReadAction","target":["https:\/\/aaknives.eu\/et\/product\/valjaku-kooginuga-sepistatud-roostevabast-terasest-n695-korge-kvaliteediga-sepistatud-roostevabast-terasest\/"]}]},{"@type":"ImageObject","inLanguage":"et","@id":"https:\/\/aaknives.eu\/et\/product\/valjaku-kooginuga-sepistatud-roostevabast-terasest-n695-korge-kvaliteediga-sepistatud-roostevabast-terasest\/#primaryimage","url":"https:\/\/aaknives.eu\/wp-content\/uploads\/2023\/06\/aaknives-hand-forged-damascus-steel-blade-knife-handmade-custom-made-knife-handcrafted-knives-autinetools-northmen-8.2.jpg","contentUrl":"https:\/\/aaknives.eu\/wp-content\/uploads\/2023\/06\/aaknives-hand-forged-damascus-steel-blade-knife-handmade-custom-made-knife-handcrafted-knives-autinetools-northmen-8.2.jpg","width":1020,"height":880},{"@type":"BreadcrumbList","@id":"https:\/\/aaknives.eu\/et\/product\/valjaku-kooginuga-sepistatud-roostevabast-terasest-n695-korge-kvaliteediga-sepistatud-roostevabast-terasest\/#breadcrumb","itemListElement":[{"@type":"ListItem","position":1,"name":"Home","item":"https:\/\/aaknives.eu\/et\/kodu\/"},{"@type":"ListItem","position":2,"name":"Kauplus","item":"https:\/\/aaknives.eu\/et\/kauplus\/"},{"@type":"ListItem","position":3,"name":"Private: Nuga &#8220;TANTO&#8221; &#8211; sepistatud roostevaba teras N695 &#8211; kvaliteetne sepistatud roostevaba teras"}]},{"@type":"WebSite","@id":"https:\/\/aaknives.eu\/et\/#website","url":"https:\/\/aaknives.eu\/et\/","name":"AAKnives","description":"Handmade knives","publisher":{"@id":"https:\/\/aaknives.eu\/et\/#organization"},"potentialAction":[{"@type":"SearchAction","target":{"@type":"EntryPoint","urlTemplate":"https:\/\/aaknives.eu\/et\/?s={search_term_string}"},"query-input":{"@type":"PropertyValueSpecification","valueRequired":true,"valueName":"search_term_string"}}],"inLanguage":"et"},{"@type":"Organization","@id":"https:\/\/aaknives.eu\/et\/#organization","name":"AAKnives","url":"https:\/\/aaknives.eu\/et\/","logo":{"@type":"ImageObject","inLanguage":"et","@id":"https:\/\/aaknives.eu\/et\/#\/schema\/logo\/image\/","url":"https:\/\/aaknives.eu\/wp-content\/uploads\/2021\/10\/AAknives_Logo_Green.png","contentUrl":"https:\/\/aaknives.eu\/wp-content\/uploads\/2021\/10\/AAknives_Logo_Green.png","width":1768,"height":1768,"caption":"AAKnives"},"image":{"@id":"https:\/\/aaknives.eu\/et\/#\/schema\/logo\/image\/"},"sameAs":["https:\/\/www.facebook.com\/aaknives.eu\/","https:\/\/www.instagram.com\/aaknives\/","https:\/\/www.pinterest.com\/aa_knives\/","https:\/\/www.youtube.com\/channel\/UCHOQFjrOkgT6s4FIw9LDKyw\/featured"]}]}},"_links":{"self":[{"href":"https:\/\/aaknives.eu\/et\/wp-json\/wp\/v2\/product\/40053","targetHints":{"allow":["GET"]}}],"collection":[{"href":"https:\/\/aaknives.eu\/et\/wp-json\/wp\/v2\/product"}],"about":[{"href":"https:\/\/aaknives.eu\/et\/wp-json\/wp\/v2\/types\/product"}],"wp:featuredmedia":[{"embeddable":true,"href":"https:\/\/aaknives.eu\/et\/wp-json\/wp\/v2\/media\/96868"}],"wp:attachment":[{"href":"https:\/\/aaknives.eu\/et\/wp-json\/wp\/v2\/media?parent=40053"}],"wp:term":[{"taxonomy":"product_brand","embeddable":true,"href":"https:\/\/aaknives.eu\/et\/wp-json\/wp\/v2\/product_brand?post=40053"},{"taxonomy":"product_cat","embeddable":true,"href":"https:\/\/aaknives.eu\/et\/wp-json\/wp\/v2\/product_cat?post=40053"},{"taxonomy":"product_tag","embeddable":true,"href":"https:\/\/aaknives.eu\/et\/wp-json\/wp\/v2\/product_tag?post=40053"}],"curies":[{"name":"wp","href":"https:\/\/api.w.org\/{rel}","templated":true}]}}