{"id":40115,"date":"2023-05-24T15:28:36","date_gmt":"2023-05-24T15:28:36","guid":{"rendered":"https:\/\/aaknives.eu\/product\/kukri-pisike-sepistatud-korgekvaliteediline-susinikteras\/"},"modified":"2025-05-12T19:36:32","modified_gmt":"2025-05-12T19:36:32","slug":"middle-size-kukri-sepistatud-korgekvaliteediline-susinikteras","status":"publish","type":"product","link":"https:\/\/aaknives.eu\/et\/product\/middle-size-kukri-sepistatud-korgekvaliteediline-susinikteras\/","title":{"rendered":"MIDDLE SIZE KUKRI &#8211; sepistatud k\u00f5rgekvaliteediline s\u00fcsinikteras"},"content":{"rendered":"<p>Kirve spetsifikatsioonid: &#8221;MIDDLE SIZE KUKRI&#8221;<br \/>\nTeras: sepistatud s\u00fcsinikterasest U10<br \/>\nK\u00f5vadus: 58-59 HRC<br \/>\nTera pikkus (mm): Pikkus: 215 \/ 8,46 tolli<br \/>\nTera paksus (mm): 5 \/ 1,19 tolli<br \/>\nTera laius (mm): 2,20 tolli<br \/>\nK\u00e4epide: Aafrika Wenge puit<br \/>\nKogupikkus (mm): 350 \/ 13,77 tolli<br \/>\nNugade t\u00fc\u00fcp: jahindus, v\u00e4ljas<br \/>\nPakend: nuga, nahast \u00fcmbris<\/p>\n","protected":false},"excerpt":{"rendered":"<p>Kirve spetsifikatsioonid: &#8221;MIDDLE SIZE KUKRI&#8221; Teras: sepistatud s\u00fcsinikterasest U10 K\u00f5vadus: 58-59 HRC Tera pikkus (mm): Pikkus: 215 \/ 8,46 tolli Tera paksus (mm): 5 \/ 1,19 tolli Tera laius (mm): 2,20 tolli K\u00e4epide: Aafrika Wenge puit Kogupikkus (mm): 350 \/ 13,77 tolli Nugade t\u00fc\u00fcp: jahindus, v\u00e4ljas Pakend: nuga, nahast \u00fcmbris<\/p>\n","protected":false},"featured_media":40116,"template":"","meta":{"_themeisle_gutenberg_block_has_review":false},"product_brand":[],"product_cat":[354,346,349],"product_tag":[],"class_list":{"0":"post-40115","1":"product","2":"type-product","3":"status-publish","4":"has-post-thumbnail","6":"product_cat-kirved","7":"product_cat-matkanoad","8":"product_cat-taismetallist-noad","10":"first","11":"instock","12":"shipping-taxable","13":"purchasable","14":"product-type-simple"},"yoast_head":"<!-- This site is optimized with the Yoast SEO plugin v27.3 - https:\/\/yoast.com\/product\/yoast-seo-wordpress\/ -->\n<title>MIDDLE SIZE KUKRI - sepistatud k\u00f5rgekvaliteediline s\u00fcsinikteras - AAKnives<\/title>\n<meta name=\"description\" content=\"MIDDLE SIZE KUKRI - sepistatud k\u00f5rgekvaliteediline s\u00fcsinikteras\" \/>\n<meta name=\"robots\" content=\"index, follow, max-snippet:-1, max-image-preview:large, max-video-preview:-1\" \/>\n<link rel=\"canonical\" href=\"https:\/\/aaknives.eu\/et\/product\/middle-size-kukri-sepistatud-korgekvaliteediline-susinikteras\/\" \/>\n<meta property=\"og:locale\" content=\"et_EE\" \/>\n<meta property=\"og:type\" content=\"article\" \/>\n<meta property=\"og:title\" content=\"MIDDLE SIZE KUKRI - sepistatud k\u00f5rgekvaliteediline s\u00fcsinikteras - AAKnives\" \/>\n<meta property=\"og:description\" content=\"MIDDLE SIZE KUKRI - sepistatud k\u00f5rgekvaliteediline s\u00fcsinikteras\" \/>\n<meta property=\"og:url\" content=\"https:\/\/aaknives.eu\/et\/product\/middle-size-kukri-sepistatud-korgekvaliteediline-susinikteras\/\" \/>\n<meta property=\"og:site_name\" content=\"AAKnives\" \/>\n<meta property=\"article:publisher\" content=\"https:\/\/www.facebook.com\/aaknives.eu\/\" \/>\n<meta property=\"article:modified_time\" content=\"2025-05-12T19:36:32+00:00\" \/>\n<meta property=\"og:image\" content=\"https:\/\/aaknives.eu\/wp-content\/uploads\/2023\/05\/aaknives-hand-forged-dabascus-steel-blade-knife-handmade-custom-made-knife-handcrafted-knives-autinetools-northmen-1-2.jpg\" \/>\n\t<meta property=\"og:image:width\" content=\"1020\" \/>\n\t<meta property=\"og:image:height\" content=\"880\" \/>\n\t<meta property=\"og:image:type\" content=\"image\/jpeg\" \/>\n<meta name=\"twitter:card\" content=\"summary_large_image\" \/>\n<script type=\"application\/ld+json\" class=\"yoast-schema-graph\">{\"@context\":\"https:\\\/\\\/schema.org\",\"@graph\":[{\"@type\":\"WebPage\",\"@id\":\"https:\\\/\\\/aaknives.eu\\\/et\\\/product\\\/middle-size-kukri-sepistatud-korgekvaliteediline-susinikteras\\\/\",\"url\":\"https:\\\/\\\/aaknives.eu\\\/et\\\/product\\\/middle-size-kukri-sepistatud-korgekvaliteediline-susinikteras\\\/\",\"name\":\"MIDDLE SIZE KUKRI - sepistatud k\u00f5rgekvaliteediline s\u00fcsinikteras - AAKnives\",\"isPartOf\":{\"@id\":\"https:\\\/\\\/aaknives.eu\\\/et\\\/#website\"},\"primaryImageOfPage\":{\"@id\":\"https:\\\/\\\/aaknives.eu\\\/et\\\/product\\\/middle-size-kukri-sepistatud-korgekvaliteediline-susinikteras\\\/#primaryimage\"},\"image\":{\"@id\":\"https:\\\/\\\/aaknives.eu\\\/et\\\/product\\\/middle-size-kukri-sepistatud-korgekvaliteediline-susinikteras\\\/#primaryimage\"},\"thumbnailUrl\":\"https:\\\/\\\/aaknives.eu\\\/wp-content\\\/uploads\\\/2023\\\/05\\\/aaknives-hand-forged-dabascus-steel-blade-knife-handmade-custom-made-knife-handcrafted-knives-autinetools-northmen-1-2.jpg\",\"datePublished\":\"2023-05-24T15:28:36+00:00\",\"dateModified\":\"2025-05-12T19:36:32+00:00\",\"description\":\"MIDDLE SIZE KUKRI - sepistatud k\u00f5rgekvaliteediline s\u00fcsinikteras\",\"breadcrumb\":{\"@id\":\"https:\\\/\\\/aaknives.eu\\\/et\\\/product\\\/middle-size-kukri-sepistatud-korgekvaliteediline-susinikteras\\\/#breadcrumb\"},\"inLanguage\":\"et\",\"potentialAction\":[{\"@type\":\"ReadAction\",\"target\":[\"https:\\\/\\\/aaknives.eu\\\/et\\\/product\\\/middle-size-kukri-sepistatud-korgekvaliteediline-susinikteras\\\/\"]}]},{\"@type\":\"ImageObject\",\"inLanguage\":\"et\",\"@id\":\"https:\\\/\\\/aaknives.eu\\\/et\\\/product\\\/middle-size-kukri-sepistatud-korgekvaliteediline-susinikteras\\\/#primaryimage\",\"url\":\"https:\\\/\\\/aaknives.eu\\\/wp-content\\\/uploads\\\/2023\\\/05\\\/aaknives-hand-forged-dabascus-steel-blade-knife-handmade-custom-made-knife-handcrafted-knives-autinetools-northmen-1-2.jpg\",\"contentUrl\":\"https:\\\/\\\/aaknives.eu\\\/wp-content\\\/uploads\\\/2023\\\/05\\\/aaknives-hand-forged-dabascus-steel-blade-knife-handmade-custom-made-knife-handcrafted-knives-autinetools-northmen-1-2.jpg\",\"width\":1020,\"height\":880,\"caption\":\"aaknives hand forged dabascus steel blade knife handmade custom made knife handcrafted knives autinetools northmen 1 2\"},{\"@type\":\"BreadcrumbList\",\"@id\":\"https:\\\/\\\/aaknives.eu\\\/et\\\/product\\\/middle-size-kukri-sepistatud-korgekvaliteediline-susinikteras\\\/#breadcrumb\",\"itemListElement\":[{\"@type\":\"ListItem\",\"position\":1,\"name\":\"Home\",\"item\":\"https:\\\/\\\/aaknives.eu\\\/et\\\/kodu\\\/\"},{\"@type\":\"ListItem\",\"position\":2,\"name\":\"Kauplus\",\"item\":\"https:\\\/\\\/aaknives.eu\\\/et\\\/kauplus\\\/\"},{\"@type\":\"ListItem\",\"position\":3,\"name\":\"MIDDLE SIZE KUKRI &#8211; sepistatud k\u00f5rgekvaliteediline s\u00fcsinikteras\"}]},{\"@type\":\"WebSite\",\"@id\":\"https:\\\/\\\/aaknives.eu\\\/et\\\/#website\",\"url\":\"https:\\\/\\\/aaknives.eu\\\/et\\\/\",\"name\":\"AAKnives\",\"description\":\"Handmade knives\",\"publisher\":{\"@id\":\"https:\\\/\\\/aaknives.eu\\\/et\\\/#organization\"},\"potentialAction\":[{\"@type\":\"SearchAction\",\"target\":{\"@type\":\"EntryPoint\",\"urlTemplate\":\"https:\\\/\\\/aaknives.eu\\\/et\\\/?s={search_term_string}\"},\"query-input\":{\"@type\":\"PropertyValueSpecification\",\"valueRequired\":true,\"valueName\":\"search_term_string\"}}],\"inLanguage\":\"et\"},{\"@type\":\"Organization\",\"@id\":\"https:\\\/\\\/aaknives.eu\\\/et\\\/#organization\",\"name\":\"AAKnives\",\"url\":\"https:\\\/\\\/aaknives.eu\\\/et\\\/\",\"logo\":{\"@type\":\"ImageObject\",\"inLanguage\":\"et\",\"@id\":\"https:\\\/\\\/aaknives.eu\\\/et\\\/#\\\/schema\\\/logo\\\/image\\\/\",\"url\":\"https:\\\/\\\/aaknives.eu\\\/wp-content\\\/uploads\\\/2021\\\/10\\\/AAknives_Logo_Green.png\",\"contentUrl\":\"https:\\\/\\\/aaknives.eu\\\/wp-content\\\/uploads\\\/2021\\\/10\\\/AAknives_Logo_Green.png\",\"width\":1768,\"height\":1768,\"caption\":\"AAKnives\"},\"image\":{\"@id\":\"https:\\\/\\\/aaknives.eu\\\/et\\\/#\\\/schema\\\/logo\\\/image\\\/\"},\"sameAs\":[\"https:\\\/\\\/www.facebook.com\\\/aaknives.eu\\\/\",\"https:\\\/\\\/www.instagram.com\\\/aaknives\\\/\",\"https:\\\/\\\/www.pinterest.com\\\/aa_knives\\\/\",\"https:\\\/\\\/www.youtube.com\\\/channel\\\/UCHOQFjrOkgT6s4FIw9LDKyw\\\/featured\"]}]}<\/script>\n<!-- \/ Yoast SEO plugin. -->","yoast_head_json":{"title":"MIDDLE SIZE KUKRI - sepistatud k\u00f5rgekvaliteediline s\u00fcsinikteras - AAKnives","description":"MIDDLE SIZE KUKRI - sepistatud k\u00f5rgekvaliteediline s\u00fcsinikteras","robots":{"index":"index","follow":"follow","max-snippet":"max-snippet:-1","max-image-preview":"max-image-preview:large","max-video-preview":"max-video-preview:-1"},"canonical":"https:\/\/aaknives.eu\/et\/product\/middle-size-kukri-sepistatud-korgekvaliteediline-susinikteras\/","og_locale":"et_EE","og_type":"article","og_title":"MIDDLE SIZE KUKRI - sepistatud k\u00f5rgekvaliteediline s\u00fcsinikteras - AAKnives","og_description":"MIDDLE SIZE KUKRI - sepistatud k\u00f5rgekvaliteediline s\u00fcsinikteras","og_url":"https:\/\/aaknives.eu\/et\/product\/middle-size-kukri-sepistatud-korgekvaliteediline-susinikteras\/","og_site_name":"AAKnives","article_publisher":"https:\/\/www.facebook.com\/aaknives.eu\/","article_modified_time":"2025-05-12T19:36:32+00:00","og_image":[{"width":1020,"height":880,"url":"https:\/\/aaknives.eu\/wp-content\/uploads\/2023\/05\/aaknives-hand-forged-dabascus-steel-blade-knife-handmade-custom-made-knife-handcrafted-knives-autinetools-northmen-1-2.jpg","type":"image\/jpeg"}],"twitter_card":"summary_large_image","schema":{"@context":"https:\/\/schema.org","@graph":[{"@type":"WebPage","@id":"https:\/\/aaknives.eu\/et\/product\/middle-size-kukri-sepistatud-korgekvaliteediline-susinikteras\/","url":"https:\/\/aaknives.eu\/et\/product\/middle-size-kukri-sepistatud-korgekvaliteediline-susinikteras\/","name":"MIDDLE SIZE KUKRI - sepistatud k\u00f5rgekvaliteediline s\u00fcsinikteras - AAKnives","isPartOf":{"@id":"https:\/\/aaknives.eu\/et\/#website"},"primaryImageOfPage":{"@id":"https:\/\/aaknives.eu\/et\/product\/middle-size-kukri-sepistatud-korgekvaliteediline-susinikteras\/#primaryimage"},"image":{"@id":"https:\/\/aaknives.eu\/et\/product\/middle-size-kukri-sepistatud-korgekvaliteediline-susinikteras\/#primaryimage"},"thumbnailUrl":"https:\/\/aaknives.eu\/wp-content\/uploads\/2023\/05\/aaknives-hand-forged-dabascus-steel-blade-knife-handmade-custom-made-knife-handcrafted-knives-autinetools-northmen-1-2.jpg","datePublished":"2023-05-24T15:28:36+00:00","dateModified":"2025-05-12T19:36:32+00:00","description":"MIDDLE SIZE KUKRI - sepistatud k\u00f5rgekvaliteediline s\u00fcsinikteras","breadcrumb":{"@id":"https:\/\/aaknives.eu\/et\/product\/middle-size-kukri-sepistatud-korgekvaliteediline-susinikteras\/#breadcrumb"},"inLanguage":"et","potentialAction":[{"@type":"ReadAction","target":["https:\/\/aaknives.eu\/et\/product\/middle-size-kukri-sepistatud-korgekvaliteediline-susinikteras\/"]}]},{"@type":"ImageObject","inLanguage":"et","@id":"https:\/\/aaknives.eu\/et\/product\/middle-size-kukri-sepistatud-korgekvaliteediline-susinikteras\/#primaryimage","url":"https:\/\/aaknives.eu\/wp-content\/uploads\/2023\/05\/aaknives-hand-forged-dabascus-steel-blade-knife-handmade-custom-made-knife-handcrafted-knives-autinetools-northmen-1-2.jpg","contentUrl":"https:\/\/aaknives.eu\/wp-content\/uploads\/2023\/05\/aaknives-hand-forged-dabascus-steel-blade-knife-handmade-custom-made-knife-handcrafted-knives-autinetools-northmen-1-2.jpg","width":1020,"height":880,"caption":"aaknives hand forged dabascus steel blade knife handmade custom made knife handcrafted knives autinetools northmen 1 2"},{"@type":"BreadcrumbList","@id":"https:\/\/aaknives.eu\/et\/product\/middle-size-kukri-sepistatud-korgekvaliteediline-susinikteras\/#breadcrumb","itemListElement":[{"@type":"ListItem","position":1,"name":"Home","item":"https:\/\/aaknives.eu\/et\/kodu\/"},{"@type":"ListItem","position":2,"name":"Kauplus","item":"https:\/\/aaknives.eu\/et\/kauplus\/"},{"@type":"ListItem","position":3,"name":"MIDDLE SIZE KUKRI &#8211; sepistatud k\u00f5rgekvaliteediline s\u00fcsinikteras"}]},{"@type":"WebSite","@id":"https:\/\/aaknives.eu\/et\/#website","url":"https:\/\/aaknives.eu\/et\/","name":"AAKnives","description":"Handmade knives","publisher":{"@id":"https:\/\/aaknives.eu\/et\/#organization"},"potentialAction":[{"@type":"SearchAction","target":{"@type":"EntryPoint","urlTemplate":"https:\/\/aaknives.eu\/et\/?s={search_term_string}"},"query-input":{"@type":"PropertyValueSpecification","valueRequired":true,"valueName":"search_term_string"}}],"inLanguage":"et"},{"@type":"Organization","@id":"https:\/\/aaknives.eu\/et\/#organization","name":"AAKnives","url":"https:\/\/aaknives.eu\/et\/","logo":{"@type":"ImageObject","inLanguage":"et","@id":"https:\/\/aaknives.eu\/et\/#\/schema\/logo\/image\/","url":"https:\/\/aaknives.eu\/wp-content\/uploads\/2021\/10\/AAknives_Logo_Green.png","contentUrl":"https:\/\/aaknives.eu\/wp-content\/uploads\/2021\/10\/AAknives_Logo_Green.png","width":1768,"height":1768,"caption":"AAKnives"},"image":{"@id":"https:\/\/aaknives.eu\/et\/#\/schema\/logo\/image\/"},"sameAs":["https:\/\/www.facebook.com\/aaknives.eu\/","https:\/\/www.instagram.com\/aaknives\/","https:\/\/www.pinterest.com\/aa_knives\/","https:\/\/www.youtube.com\/channel\/UCHOQFjrOkgT6s4FIw9LDKyw\/featured"]}]}},"_links":{"self":[{"href":"https:\/\/aaknives.eu\/et\/wp-json\/wp\/v2\/product\/40115","targetHints":{"allow":["GET"]}}],"collection":[{"href":"https:\/\/aaknives.eu\/et\/wp-json\/wp\/v2\/product"}],"about":[{"href":"https:\/\/aaknives.eu\/et\/wp-json\/wp\/v2\/types\/product"}],"wp:featuredmedia":[{"embeddable":true,"href":"https:\/\/aaknives.eu\/et\/wp-json\/wp\/v2\/media\/40116"}],"wp:attachment":[{"href":"https:\/\/aaknives.eu\/et\/wp-json\/wp\/v2\/media?parent=40115"}],"wp:term":[{"taxonomy":"product_brand","embeddable":true,"href":"https:\/\/aaknives.eu\/et\/wp-json\/wp\/v2\/product_brand?post=40115"},{"taxonomy":"product_cat","embeddable":true,"href":"https:\/\/aaknives.eu\/et\/wp-json\/wp\/v2\/product_cat?post=40115"},{"taxonomy":"product_tag","embeddable":true,"href":"https:\/\/aaknives.eu\/et\/wp-json\/wp\/v2\/product_tag?post=40115"}],"curies":[{"name":"wp","href":"https:\/\/api.w.org\/{rel}","templated":true}]}}