{"id":40128,"date":"2023-05-17T15:02:05","date_gmt":"2023-05-17T15:02:05","guid":{"rendered":"https:\/\/aaknives.eu\/product\/10-7-1200-teraline-resin-bonded-cbn1-dimond-poltova-stone\/"},"modified":"2025-01-15T13:27:45","modified_gmt":"2025-01-15T13:27:45","slug":"10-7-1200-teraline-resin-bonded-cbn1-dimond-poltova-stone","status":"publish","type":"product","link":"https:\/\/aaknives.eu\/et\/product\/10-7-1200-teraline-resin-bonded-cbn1-dimond-poltova-stone\/","title":{"rendered":"10\/7 (1200 teraline) RESIN BONDED CBN1 Dimond Poltova STONE"},"content":{"rendered":"<p>10\/7 (1200 teraline) RESIN BONDED CBN1 Dimond Poltova STONE<\/p>\n<p>Teemantkivi ABX 160 5 2 25, HET BN130, kontsentratsioon: 100%<\/p>\n<p>Poltava Diamond Tools (valmistatud Ukrainas)<\/p>\n<p>CBN (kuubiline boornitriid) on teemandi j\u00e4rel teine k\u00f5ige k\u00f5vem materjal.<br \/>\nCBNi omaduste hulka kuuluvad suur k\u00f5vadus, tugevus, kulumiskindlus ning termiline ja keemiline vastupidavus. Need omadused \u00fcletavad s\u00fcnteetiliste teemantide ja tavap\u00e4raste abrasiivide, nagu r\u00e4nikarbiid ja alumiiniumoksiid, omadusi. Eelk\u00f5ige CBNi k\u00f5rge termiline stabiilsus ja keemiline vastupidavus muudavad selle sobivaks teritamiseks tingimustes, kus s\u00fcnteetilisi teemante tavaliselt ei kasutata.<\/p>\n<p>CBN pakub suurep\u00e4raseid tulemusi mis tahes terasest nugade teritamisel. T\u00e4nu oma k\u00f5rgetele vastupidavuse n\u00e4itajatele v\u00f5ib CBN-i kasutada kuivalt ilma m\u00e4\u00e4rdeaineta. See muudab CBN-i k\u00f5ige puhtamaks olemasolevatest terituskividest.<\/p>\n<p>CBN terituskivid koosnevad 2 mm paksusest CBN-laagriga plaadist, mis on paigaldatud kvaliteetsele alumiiniumist toorikule. CBN-kandeplaat sisaldab \u00fchtlaselt jaotunud CBN- terasid, mis on vaiguga seotud.<\/p>\n<p>&nbsp;<\/p>\n<p>&nbsp;<\/p>\n","protected":false},"excerpt":{"rendered":"<p>Poltava Diamond Tools (Made in Ukraine)<\/p>\n","protected":false},"featured_media":92489,"template":"","meta":{"_themeisle_gutenberg_block_has_review":false},"product_brand":[],"product_cat":[351],"product_tag":[],"class_list":{"0":"post-40128","1":"product","2":"type-product","3":"status-publish","4":"has-post-thumbnail","6":"product_cat-nugade-teritamine-noateritajad","8":"first","9":"instock","10":"shipping-taxable","11":"purchasable","12":"product-type-simple"},"yoast_head":"<!-- This site is optimized with the Yoast SEO plugin v27.3 - https:\/\/yoast.com\/product\/yoast-seo-wordpress\/ -->\n<title>10\/7 (1200 teraline) RESIN BONDED CBN1 Dimond Poltova STONE - AAKnives<\/title>\n<meta name=\"description\" content=\"10\/7 (1200 teraline) RESIN BONDED CBN1 Dimond Poltova STONE\" \/>\n<meta name=\"robots\" content=\"index, follow, max-snippet:-1, max-image-preview:large, max-video-preview:-1\" \/>\n<link rel=\"canonical\" href=\"https:\/\/aaknives.eu\/et\/product\/10-7-1200-teraline-resin-bonded-cbn1-dimond-poltova-stone\/\" \/>\n<meta property=\"og:locale\" content=\"et_EE\" \/>\n<meta property=\"og:type\" content=\"article\" \/>\n<meta property=\"og:title\" content=\"10\/7 (1200 teraline) RESIN BONDED CBN1 Dimond Poltova STONE - AAKnives\" \/>\n<meta property=\"og:description\" content=\"10\/7 (1200 teraline) RESIN BONDED CBN1 Dimond Poltova STONE\" \/>\n<meta property=\"og:url\" content=\"https:\/\/aaknives.eu\/et\/product\/10-7-1200-teraline-resin-bonded-cbn1-dimond-poltova-stone\/\" \/>\n<meta property=\"og:site_name\" content=\"AAKnives\" \/>\n<meta property=\"article:publisher\" content=\"https:\/\/www.facebook.com\/aaknives.eu\/\" \/>\n<meta property=\"article:modified_time\" content=\"2025-01-15T13:27:45+00:00\" \/>\n<meta property=\"og:image\" content=\"https:\/\/aaknives.eu\/wp-content\/uploads\/2023\/09\/aaknives-hand-forged-damascus-steel-blade-knife-handmade-custom-made-knife-handcrafted-knives-autinetools-northmen-kazak-15.webp\" \/>\n\t<meta property=\"og:image:width\" content=\"1020\" \/>\n\t<meta property=\"og:image:height\" content=\"680\" \/>\n\t<meta property=\"og:image:type\" content=\"image\/webp\" \/>\n<meta name=\"twitter:card\" content=\"summary_large_image\" \/>\n<meta name=\"twitter:label1\" content=\"Est. reading time\" \/>\n\t<meta name=\"twitter:data1\" content=\"1 minut\" \/>\n<script type=\"application\/ld+json\" class=\"yoast-schema-graph\">{\"@context\":\"https:\\\/\\\/schema.org\",\"@graph\":[{\"@type\":\"WebPage\",\"@id\":\"https:\\\/\\\/aaknives.eu\\\/et\\\/product\\\/10-7-1200-teraline-resin-bonded-cbn1-dimond-poltova-stone\\\/\",\"url\":\"https:\\\/\\\/aaknives.eu\\\/et\\\/product\\\/10-7-1200-teraline-resin-bonded-cbn1-dimond-poltova-stone\\\/\",\"name\":\"10\\\/7 (1200 teraline) RESIN BONDED CBN1 Dimond Poltova STONE - AAKnives\",\"isPartOf\":{\"@id\":\"https:\\\/\\\/aaknives.eu\\\/et\\\/#website\"},\"primaryImageOfPage\":{\"@id\":\"https:\\\/\\\/aaknives.eu\\\/et\\\/product\\\/10-7-1200-teraline-resin-bonded-cbn1-dimond-poltova-stone\\\/#primaryimage\"},\"image\":{\"@id\":\"https:\\\/\\\/aaknives.eu\\\/et\\\/product\\\/10-7-1200-teraline-resin-bonded-cbn1-dimond-poltova-stone\\\/#primaryimage\"},\"thumbnailUrl\":\"https:\\\/\\\/aaknives.eu\\\/wp-content\\\/uploads\\\/2023\\\/09\\\/aaknives-hand-forged-damascus-steel-blade-knife-handmade-custom-made-knife-handcrafted-knives-autinetools-northmen-kazak-15.webp\",\"datePublished\":\"2023-05-17T15:02:05+00:00\",\"dateModified\":\"2025-01-15T13:27:45+00:00\",\"description\":\"10\\\/7 (1200 teraline) RESIN BONDED CBN1 Dimond Poltova STONE\",\"breadcrumb\":{\"@id\":\"https:\\\/\\\/aaknives.eu\\\/et\\\/product\\\/10-7-1200-teraline-resin-bonded-cbn1-dimond-poltova-stone\\\/#breadcrumb\"},\"inLanguage\":\"et\",\"potentialAction\":[{\"@type\":\"ReadAction\",\"target\":[\"https:\\\/\\\/aaknives.eu\\\/et\\\/product\\\/10-7-1200-teraline-resin-bonded-cbn1-dimond-poltova-stone\\\/\"]}]},{\"@type\":\"ImageObject\",\"inLanguage\":\"et\",\"@id\":\"https:\\\/\\\/aaknives.eu\\\/et\\\/product\\\/10-7-1200-teraline-resin-bonded-cbn1-dimond-poltova-stone\\\/#primaryimage\",\"url\":\"https:\\\/\\\/aaknives.eu\\\/wp-content\\\/uploads\\\/2023\\\/09\\\/aaknives-hand-forged-damascus-steel-blade-knife-handmade-custom-made-knife-handcrafted-knives-autinetools-northmen-kazak-15.webp\",\"contentUrl\":\"https:\\\/\\\/aaknives.eu\\\/wp-content\\\/uploads\\\/2023\\\/09\\\/aaknives-hand-forged-damascus-steel-blade-knife-handmade-custom-made-knife-handcrafted-knives-autinetools-northmen-kazak-15.webp\",\"width\":1020,\"height\":680},{\"@type\":\"BreadcrumbList\",\"@id\":\"https:\\\/\\\/aaknives.eu\\\/et\\\/product\\\/10-7-1200-teraline-resin-bonded-cbn1-dimond-poltova-stone\\\/#breadcrumb\",\"itemListElement\":[{\"@type\":\"ListItem\",\"position\":1,\"name\":\"Home\",\"item\":\"https:\\\/\\\/aaknives.eu\\\/et\\\/kodu\\\/\"},{\"@type\":\"ListItem\",\"position\":2,\"name\":\"Kauplus\",\"item\":\"https:\\\/\\\/aaknives.eu\\\/et\\\/kauplus\\\/\"},{\"@type\":\"ListItem\",\"position\":3,\"name\":\"10\\\/7 (1200 teraline) RESIN BONDED CBN1 Dimond Poltova STONE\"}]},{\"@type\":\"WebSite\",\"@id\":\"https:\\\/\\\/aaknives.eu\\\/et\\\/#website\",\"url\":\"https:\\\/\\\/aaknives.eu\\\/et\\\/\",\"name\":\"AAKnives\",\"description\":\"Handmade knives\",\"publisher\":{\"@id\":\"https:\\\/\\\/aaknives.eu\\\/et\\\/#organization\"},\"potentialAction\":[{\"@type\":\"SearchAction\",\"target\":{\"@type\":\"EntryPoint\",\"urlTemplate\":\"https:\\\/\\\/aaknives.eu\\\/et\\\/?s={search_term_string}\"},\"query-input\":{\"@type\":\"PropertyValueSpecification\",\"valueRequired\":true,\"valueName\":\"search_term_string\"}}],\"inLanguage\":\"et\"},{\"@type\":\"Organization\",\"@id\":\"https:\\\/\\\/aaknives.eu\\\/et\\\/#organization\",\"name\":\"AAKnives\",\"url\":\"https:\\\/\\\/aaknives.eu\\\/et\\\/\",\"logo\":{\"@type\":\"ImageObject\",\"inLanguage\":\"et\",\"@id\":\"https:\\\/\\\/aaknives.eu\\\/et\\\/#\\\/schema\\\/logo\\\/image\\\/\",\"url\":\"https:\\\/\\\/aaknives.eu\\\/wp-content\\\/uploads\\\/2021\\\/10\\\/AAknives_Logo_Green.png\",\"contentUrl\":\"https:\\\/\\\/aaknives.eu\\\/wp-content\\\/uploads\\\/2021\\\/10\\\/AAknives_Logo_Green.png\",\"width\":1768,\"height\":1768,\"caption\":\"AAKnives\"},\"image\":{\"@id\":\"https:\\\/\\\/aaknives.eu\\\/et\\\/#\\\/schema\\\/logo\\\/image\\\/\"},\"sameAs\":[\"https:\\\/\\\/www.facebook.com\\\/aaknives.eu\\\/\",\"https:\\\/\\\/www.instagram.com\\\/aaknives\\\/\",\"https:\\\/\\\/www.pinterest.com\\\/aa_knives\\\/\",\"https:\\\/\\\/www.youtube.com\\\/channel\\\/UCHOQFjrOkgT6s4FIw9LDKyw\\\/featured\"]}]}<\/script>\n<!-- \/ Yoast SEO plugin. -->","yoast_head_json":{"title":"10\/7 (1200 teraline) RESIN BONDED CBN1 Dimond Poltova STONE - AAKnives","description":"10\/7 (1200 teraline) RESIN BONDED CBN1 Dimond Poltova STONE","robots":{"index":"index","follow":"follow","max-snippet":"max-snippet:-1","max-image-preview":"max-image-preview:large","max-video-preview":"max-video-preview:-1"},"canonical":"https:\/\/aaknives.eu\/et\/product\/10-7-1200-teraline-resin-bonded-cbn1-dimond-poltova-stone\/","og_locale":"et_EE","og_type":"article","og_title":"10\/7 (1200 teraline) RESIN BONDED CBN1 Dimond Poltova STONE - AAKnives","og_description":"10\/7 (1200 teraline) RESIN BONDED CBN1 Dimond Poltova STONE","og_url":"https:\/\/aaknives.eu\/et\/product\/10-7-1200-teraline-resin-bonded-cbn1-dimond-poltova-stone\/","og_site_name":"AAKnives","article_publisher":"https:\/\/www.facebook.com\/aaknives.eu\/","article_modified_time":"2025-01-15T13:27:45+00:00","og_image":[{"width":1020,"height":680,"url":"https:\/\/aaknives.eu\/wp-content\/uploads\/2023\/09\/aaknives-hand-forged-damascus-steel-blade-knife-handmade-custom-made-knife-handcrafted-knives-autinetools-northmen-kazak-15.webp","type":"image\/webp"}],"twitter_card":"summary_large_image","twitter_misc":{"Est. reading time":"1 minut"},"schema":{"@context":"https:\/\/schema.org","@graph":[{"@type":"WebPage","@id":"https:\/\/aaknives.eu\/et\/product\/10-7-1200-teraline-resin-bonded-cbn1-dimond-poltova-stone\/","url":"https:\/\/aaknives.eu\/et\/product\/10-7-1200-teraline-resin-bonded-cbn1-dimond-poltova-stone\/","name":"10\/7 (1200 teraline) RESIN BONDED CBN1 Dimond Poltova STONE - AAKnives","isPartOf":{"@id":"https:\/\/aaknives.eu\/et\/#website"},"primaryImageOfPage":{"@id":"https:\/\/aaknives.eu\/et\/product\/10-7-1200-teraline-resin-bonded-cbn1-dimond-poltova-stone\/#primaryimage"},"image":{"@id":"https:\/\/aaknives.eu\/et\/product\/10-7-1200-teraline-resin-bonded-cbn1-dimond-poltova-stone\/#primaryimage"},"thumbnailUrl":"https:\/\/aaknives.eu\/wp-content\/uploads\/2023\/09\/aaknives-hand-forged-damascus-steel-blade-knife-handmade-custom-made-knife-handcrafted-knives-autinetools-northmen-kazak-15.webp","datePublished":"2023-05-17T15:02:05+00:00","dateModified":"2025-01-15T13:27:45+00:00","description":"10\/7 (1200 teraline) RESIN BONDED CBN1 Dimond Poltova STONE","breadcrumb":{"@id":"https:\/\/aaknives.eu\/et\/product\/10-7-1200-teraline-resin-bonded-cbn1-dimond-poltova-stone\/#breadcrumb"},"inLanguage":"et","potentialAction":[{"@type":"ReadAction","target":["https:\/\/aaknives.eu\/et\/product\/10-7-1200-teraline-resin-bonded-cbn1-dimond-poltova-stone\/"]}]},{"@type":"ImageObject","inLanguage":"et","@id":"https:\/\/aaknives.eu\/et\/product\/10-7-1200-teraline-resin-bonded-cbn1-dimond-poltova-stone\/#primaryimage","url":"https:\/\/aaknives.eu\/wp-content\/uploads\/2023\/09\/aaknives-hand-forged-damascus-steel-blade-knife-handmade-custom-made-knife-handcrafted-knives-autinetools-northmen-kazak-15.webp","contentUrl":"https:\/\/aaknives.eu\/wp-content\/uploads\/2023\/09\/aaknives-hand-forged-damascus-steel-blade-knife-handmade-custom-made-knife-handcrafted-knives-autinetools-northmen-kazak-15.webp","width":1020,"height":680},{"@type":"BreadcrumbList","@id":"https:\/\/aaknives.eu\/et\/product\/10-7-1200-teraline-resin-bonded-cbn1-dimond-poltova-stone\/#breadcrumb","itemListElement":[{"@type":"ListItem","position":1,"name":"Home","item":"https:\/\/aaknives.eu\/et\/kodu\/"},{"@type":"ListItem","position":2,"name":"Kauplus","item":"https:\/\/aaknives.eu\/et\/kauplus\/"},{"@type":"ListItem","position":3,"name":"10\/7 (1200 teraline) RESIN BONDED CBN1 Dimond Poltova STONE"}]},{"@type":"WebSite","@id":"https:\/\/aaknives.eu\/et\/#website","url":"https:\/\/aaknives.eu\/et\/","name":"AAKnives","description":"Handmade knives","publisher":{"@id":"https:\/\/aaknives.eu\/et\/#organization"},"potentialAction":[{"@type":"SearchAction","target":{"@type":"EntryPoint","urlTemplate":"https:\/\/aaknives.eu\/et\/?s={search_term_string}"},"query-input":{"@type":"PropertyValueSpecification","valueRequired":true,"valueName":"search_term_string"}}],"inLanguage":"et"},{"@type":"Organization","@id":"https:\/\/aaknives.eu\/et\/#organization","name":"AAKnives","url":"https:\/\/aaknives.eu\/et\/","logo":{"@type":"ImageObject","inLanguage":"et","@id":"https:\/\/aaknives.eu\/et\/#\/schema\/logo\/image\/","url":"https:\/\/aaknives.eu\/wp-content\/uploads\/2021\/10\/AAknives_Logo_Green.png","contentUrl":"https:\/\/aaknives.eu\/wp-content\/uploads\/2021\/10\/AAknives_Logo_Green.png","width":1768,"height":1768,"caption":"AAKnives"},"image":{"@id":"https:\/\/aaknives.eu\/et\/#\/schema\/logo\/image\/"},"sameAs":["https:\/\/www.facebook.com\/aaknives.eu\/","https:\/\/www.instagram.com\/aaknives\/","https:\/\/www.pinterest.com\/aa_knives\/","https:\/\/www.youtube.com\/channel\/UCHOQFjrOkgT6s4FIw9LDKyw\/featured"]}]}},"_links":{"self":[{"href":"https:\/\/aaknives.eu\/et\/wp-json\/wp\/v2\/product\/40128","targetHints":{"allow":["GET"]}}],"collection":[{"href":"https:\/\/aaknives.eu\/et\/wp-json\/wp\/v2\/product"}],"about":[{"href":"https:\/\/aaknives.eu\/et\/wp-json\/wp\/v2\/types\/product"}],"wp:featuredmedia":[{"embeddable":true,"href":"https:\/\/aaknives.eu\/et\/wp-json\/wp\/v2\/media\/92489"}],"wp:attachment":[{"href":"https:\/\/aaknives.eu\/et\/wp-json\/wp\/v2\/media?parent=40128"}],"wp:term":[{"taxonomy":"product_brand","embeddable":true,"href":"https:\/\/aaknives.eu\/et\/wp-json\/wp\/v2\/product_brand?post=40128"},{"taxonomy":"product_cat","embeddable":true,"href":"https:\/\/aaknives.eu\/et\/wp-json\/wp\/v2\/product_cat?post=40128"},{"taxonomy":"product_tag","embeddable":true,"href":"https:\/\/aaknives.eu\/et\/wp-json\/wp\/v2\/product_tag?post=40128"}],"curies":[{"name":"wp","href":"https:\/\/api.w.org\/{rel}","templated":true}]}}