{"id":40176,"date":"2023-03-09T18:02:33","date_gmt":"2023-03-09T18:02:33","guid":{"rendered":"https:\/\/aaknives.eu\/product\/63-50-220-teraline-puidukivi-kinniste-kivi-kasvatuskivi-cbn\/"},"modified":"2023-03-09T18:02:33","modified_gmt":"2023-03-09T18:02:33","slug":"63-50-220-teraline-puidukivi-kinniste-kivi-kasvatuskivi-cbn","status":"publish","type":"product","link":"https:\/\/aaknives.eu\/et\/product\/63-50-220-teraline-puidukivi-kinniste-kivi-kasvatuskivi-cbn\/","title":{"rendered":"63\/50 (220 teraline) PUIDUKIVI KINNISTE KIVI KASVATUSKIVI (CBN)"},"content":{"rendered":"<p>63\/50 (220 teraline) PUIDUKIVI KINNISTE KIVI KASVATUSKIVI (CBN)<\/p>\n<p>Teemantkivi ABX 160 5 2 25 CBN 7\/5 100% M2-01<\/p>\n<p><a href=\"https:\/\/hapstone.pro\/index.php?route=product\/manufacturer\/info&amp;manufacturer_id=19\">Poltava Diamond Tools (valmistatud Ukrainas)<\/a><\/p>\n<p>CBN (kuubiline boornitriid) on teemandi j\u00e4rel teine k\u00f5ige k\u00f5vem materjal.<br \/>\nCBNi omaduste hulka kuuluvad suur k\u00f5vadus, tugevus, kulumiskindlus ning termiline ja keemiline vastupidavus. Need omadused \u00fcletavad s\u00fcnteetiliste teemantide ja tavap\u00e4raste abrasiivide, nagu r\u00e4nikarbiid ja alumiiniumoksiid, omadusi. Eelk\u00f5ige CBNi k\u00f5rge termiline stabiilsus ja keemiline vastupidavus muudavad selle sobivaks teritamiseks tingimustes, kus s\u00fcnteetilisi teemante tavaliselt ei kasutata.<\/p>\n<p>CBN pakub suurep\u00e4raseid tulemusi mis tahes terasest nugade teritamisel. T\u00e4nu oma k\u00f5rgetele vastupidavuse n\u00e4itajatele v\u00f5ib CBN-i kasutada kuivalt ilma m\u00e4\u00e4rdeaineta. See muudab CBN-i k\u00f5ige puhtamaks olemasolevatest terituskividest.<\/p>\n<p>CBN terituskivid koosnevad 2 mm paksusest CBN-laagriga plaadist, mis on paigaldatud kvaliteetsele alumiiniumist toorikule. CBN-kandeplaat sisaldab \u00fchtlaselt jaotunud CBN- terasid, mis on vaiguga seotud.<\/p>\n<p>&nbsp;<\/p>\n<p>&nbsp;<\/p>\n","protected":false},"excerpt":{"rendered":"<p>7\/5 (2500 tera) RESIN BONDED CBN STONE, <a href=\"https:\/\/hapstone.pro\/index.php?route=product\/manufacturer\/info&amp;manufacturer_id=19\">Poltava Diamond Tools (Made in Ukraine)<\/a><\/p>\n","protected":false},"featured_media":92489,"template":"","meta":{"_themeisle_gutenberg_block_has_review":false},"product_brand":[],"product_cat":[351],"product_tag":[],"class_list":{"0":"post-40176","1":"product","2":"type-product","3":"status-publish","4":"has-post-thumbnail","6":"product_cat-nugade-teritamine-noateritajad","8":"first","9":"outofstock","10":"shipping-taxable","11":"purchasable","12":"product-type-simple"},"yoast_head":"<!-- This site is optimized with the Yoast SEO plugin v27.3 - https:\/\/yoast.com\/product\/yoast-seo-wordpress\/ -->\n<title>63\/50 (220 teraline) PUIDUKIVI KINNISTE KIVI KASVATUSKIVI (CBN) - AAKnives<\/title>\n<meta name=\"description\" content=\"63\/50 (220 teraline) PUIDUKIVI KINNISTE KIVI KASVATUSKIVI (CBN)\" \/>\n<meta name=\"robots\" content=\"index, follow, max-snippet:-1, max-image-preview:large, max-video-preview:-1\" \/>\n<link rel=\"canonical\" href=\"https:\/\/aaknives.eu\/et\/product\/63-50-220-teraline-puidukivi-kinniste-kivi-kasvatuskivi-cbn\/\" \/>\n<meta property=\"og:locale\" content=\"et_EE\" \/>\n<meta property=\"og:type\" content=\"article\" \/>\n<meta property=\"og:title\" content=\"63\/50 (220 teraline) PUIDUKIVI KINNISTE KIVI KASVATUSKIVI (CBN) - AAKnives\" \/>\n<meta property=\"og:description\" content=\"63\/50 (220 teraline) PUIDUKIVI KINNISTE KIVI KASVATUSKIVI (CBN)\" \/>\n<meta property=\"og:url\" content=\"https:\/\/aaknives.eu\/et\/product\/63-50-220-teraline-puidukivi-kinniste-kivi-kasvatuskivi-cbn\/\" \/>\n<meta property=\"og:site_name\" content=\"AAKnives\" \/>\n<meta property=\"article:publisher\" content=\"https:\/\/www.facebook.com\/aaknives.eu\/\" \/>\n<meta property=\"og:image\" content=\"https:\/\/aaknives.eu\/wp-content\/uploads\/2022\/08\/aaknives-hand-forged-damascus-steel-blade-knife-handmade-custom-made-knife-handcrafted-knives-autinetools-northmen-kazak-15.jpg\" \/>\n\t<meta property=\"og:image:width\" content=\"1020\" \/>\n\t<meta property=\"og:image:height\" content=\"680\" \/>\n\t<meta property=\"og:image:type\" content=\"image\/jpeg\" \/>\n<meta name=\"twitter:card\" content=\"summary_large_image\" \/>\n<meta name=\"twitter:label1\" content=\"Est. reading time\" \/>\n\t<meta name=\"twitter:data1\" content=\"1 minut\" \/>\n<script type=\"application\/ld+json\" class=\"yoast-schema-graph\">{\"@context\":\"https:\\\/\\\/schema.org\",\"@graph\":[{\"@type\":\"WebPage\",\"@id\":\"https:\\\/\\\/aaknives.eu\\\/et\\\/product\\\/63-50-220-teraline-puidukivi-kinniste-kivi-kasvatuskivi-cbn\\\/\",\"url\":\"https:\\\/\\\/aaknives.eu\\\/et\\\/product\\\/63-50-220-teraline-puidukivi-kinniste-kivi-kasvatuskivi-cbn\\\/\",\"name\":\"63\\\/50 (220 teraline) PUIDUKIVI KINNISTE KIVI KASVATUSKIVI (CBN) - AAKnives\",\"isPartOf\":{\"@id\":\"https:\\\/\\\/aaknives.eu\\\/et\\\/#website\"},\"primaryImageOfPage\":{\"@id\":\"https:\\\/\\\/aaknives.eu\\\/et\\\/product\\\/63-50-220-teraline-puidukivi-kinniste-kivi-kasvatuskivi-cbn\\\/#primaryimage\"},\"image\":{\"@id\":\"https:\\\/\\\/aaknives.eu\\\/et\\\/product\\\/63-50-220-teraline-puidukivi-kinniste-kivi-kasvatuskivi-cbn\\\/#primaryimage\"},\"thumbnailUrl\":\"https:\\\/\\\/aaknives.eu\\\/wp-content\\\/uploads\\\/2023\\\/09\\\/aaknives-hand-forged-damascus-steel-blade-knife-handmade-custom-made-knife-handcrafted-knives-autinetools-northmen-kazak-15.webp\",\"datePublished\":\"2023-03-09T18:02:33+00:00\",\"description\":\"63\\\/50 (220 teraline) PUIDUKIVI KINNISTE KIVI KASVATUSKIVI (CBN)\",\"breadcrumb\":{\"@id\":\"https:\\\/\\\/aaknives.eu\\\/et\\\/product\\\/63-50-220-teraline-puidukivi-kinniste-kivi-kasvatuskivi-cbn\\\/#breadcrumb\"},\"inLanguage\":\"et\",\"potentialAction\":[{\"@type\":\"ReadAction\",\"target\":[\"https:\\\/\\\/aaknives.eu\\\/et\\\/product\\\/63-50-220-teraline-puidukivi-kinniste-kivi-kasvatuskivi-cbn\\\/\"]}]},{\"@type\":\"ImageObject\",\"inLanguage\":\"et\",\"@id\":\"https:\\\/\\\/aaknives.eu\\\/et\\\/product\\\/63-50-220-teraline-puidukivi-kinniste-kivi-kasvatuskivi-cbn\\\/#primaryimage\",\"url\":\"https:\\\/\\\/aaknives.eu\\\/wp-content\\\/uploads\\\/2023\\\/09\\\/aaknives-hand-forged-damascus-steel-blade-knife-handmade-custom-made-knife-handcrafted-knives-autinetools-northmen-kazak-15.webp\",\"contentUrl\":\"https:\\\/\\\/aaknives.eu\\\/wp-content\\\/uploads\\\/2023\\\/09\\\/aaknives-hand-forged-damascus-steel-blade-knife-handmade-custom-made-knife-handcrafted-knives-autinetools-northmen-kazak-15.webp\",\"width\":1020,\"height\":680},{\"@type\":\"BreadcrumbList\",\"@id\":\"https:\\\/\\\/aaknives.eu\\\/et\\\/product\\\/63-50-220-teraline-puidukivi-kinniste-kivi-kasvatuskivi-cbn\\\/#breadcrumb\",\"itemListElement\":[{\"@type\":\"ListItem\",\"position\":1,\"name\":\"Home\",\"item\":\"https:\\\/\\\/aaknives.eu\\\/et\\\/kodu\\\/\"},{\"@type\":\"ListItem\",\"position\":2,\"name\":\"Kauplus\",\"item\":\"https:\\\/\\\/aaknives.eu\\\/et\\\/kauplus\\\/\"},{\"@type\":\"ListItem\",\"position\":3,\"name\":\"63\\\/50 (220 teraline) PUIDUKIVI KINNISTE KIVI KASVATUSKIVI (CBN)\"}]},{\"@type\":\"WebSite\",\"@id\":\"https:\\\/\\\/aaknives.eu\\\/et\\\/#website\",\"url\":\"https:\\\/\\\/aaknives.eu\\\/et\\\/\",\"name\":\"AAKnives\",\"description\":\"Handmade knives\",\"publisher\":{\"@id\":\"https:\\\/\\\/aaknives.eu\\\/et\\\/#organization\"},\"potentialAction\":[{\"@type\":\"SearchAction\",\"target\":{\"@type\":\"EntryPoint\",\"urlTemplate\":\"https:\\\/\\\/aaknives.eu\\\/et\\\/?s={search_term_string}\"},\"query-input\":{\"@type\":\"PropertyValueSpecification\",\"valueRequired\":true,\"valueName\":\"search_term_string\"}}],\"inLanguage\":\"et\"},{\"@type\":\"Organization\",\"@id\":\"https:\\\/\\\/aaknives.eu\\\/et\\\/#organization\",\"name\":\"AAKnives\",\"url\":\"https:\\\/\\\/aaknives.eu\\\/et\\\/\",\"logo\":{\"@type\":\"ImageObject\",\"inLanguage\":\"et\",\"@id\":\"https:\\\/\\\/aaknives.eu\\\/et\\\/#\\\/schema\\\/logo\\\/image\\\/\",\"url\":\"https:\\\/\\\/aaknives.eu\\\/wp-content\\\/uploads\\\/2021\\\/10\\\/AAknives_Logo_Green.png\",\"contentUrl\":\"https:\\\/\\\/aaknives.eu\\\/wp-content\\\/uploads\\\/2021\\\/10\\\/AAknives_Logo_Green.png\",\"width\":1768,\"height\":1768,\"caption\":\"AAKnives\"},\"image\":{\"@id\":\"https:\\\/\\\/aaknives.eu\\\/et\\\/#\\\/schema\\\/logo\\\/image\\\/\"},\"sameAs\":[\"https:\\\/\\\/www.facebook.com\\\/aaknives.eu\\\/\",\"https:\\\/\\\/www.instagram.com\\\/aaknives\\\/\",\"https:\\\/\\\/www.pinterest.com\\\/aa_knives\\\/\",\"https:\\\/\\\/www.youtube.com\\\/channel\\\/UCHOQFjrOkgT6s4FIw9LDKyw\\\/featured\"]}]}<\/script>\n<!-- \/ Yoast SEO plugin. -->","yoast_head_json":{"title":"63\/50 (220 teraline) PUIDUKIVI KINNISTE KIVI KASVATUSKIVI (CBN) - AAKnives","description":"63\/50 (220 teraline) PUIDUKIVI KINNISTE KIVI KASVATUSKIVI (CBN)","robots":{"index":"index","follow":"follow","max-snippet":"max-snippet:-1","max-image-preview":"max-image-preview:large","max-video-preview":"max-video-preview:-1"},"canonical":"https:\/\/aaknives.eu\/et\/product\/63-50-220-teraline-puidukivi-kinniste-kivi-kasvatuskivi-cbn\/","og_locale":"et_EE","og_type":"article","og_title":"63\/50 (220 teraline) PUIDUKIVI KINNISTE KIVI KASVATUSKIVI (CBN) - AAKnives","og_description":"63\/50 (220 teraline) PUIDUKIVI KINNISTE KIVI KASVATUSKIVI (CBN)","og_url":"https:\/\/aaknives.eu\/et\/product\/63-50-220-teraline-puidukivi-kinniste-kivi-kasvatuskivi-cbn\/","og_site_name":"AAKnives","article_publisher":"https:\/\/www.facebook.com\/aaknives.eu\/","og_image":[{"width":1020,"height":680,"url":"https:\/\/aaknives.eu\/wp-content\/uploads\/2022\/08\/aaknives-hand-forged-damascus-steel-blade-knife-handmade-custom-made-knife-handcrafted-knives-autinetools-northmen-kazak-15.jpg","type":"image\/jpeg"}],"twitter_card":"summary_large_image","twitter_misc":{"Est. reading time":"1 minut"},"schema":{"@context":"https:\/\/schema.org","@graph":[{"@type":"WebPage","@id":"https:\/\/aaknives.eu\/et\/product\/63-50-220-teraline-puidukivi-kinniste-kivi-kasvatuskivi-cbn\/","url":"https:\/\/aaknives.eu\/et\/product\/63-50-220-teraline-puidukivi-kinniste-kivi-kasvatuskivi-cbn\/","name":"63\/50 (220 teraline) PUIDUKIVI KINNISTE KIVI KASVATUSKIVI (CBN) - AAKnives","isPartOf":{"@id":"https:\/\/aaknives.eu\/et\/#website"},"primaryImageOfPage":{"@id":"https:\/\/aaknives.eu\/et\/product\/63-50-220-teraline-puidukivi-kinniste-kivi-kasvatuskivi-cbn\/#primaryimage"},"image":{"@id":"https:\/\/aaknives.eu\/et\/product\/63-50-220-teraline-puidukivi-kinniste-kivi-kasvatuskivi-cbn\/#primaryimage"},"thumbnailUrl":"https:\/\/aaknives.eu\/wp-content\/uploads\/2023\/09\/aaknives-hand-forged-damascus-steel-blade-knife-handmade-custom-made-knife-handcrafted-knives-autinetools-northmen-kazak-15.webp","datePublished":"2023-03-09T18:02:33+00:00","description":"63\/50 (220 teraline) PUIDUKIVI KINNISTE KIVI KASVATUSKIVI (CBN)","breadcrumb":{"@id":"https:\/\/aaknives.eu\/et\/product\/63-50-220-teraline-puidukivi-kinniste-kivi-kasvatuskivi-cbn\/#breadcrumb"},"inLanguage":"et","potentialAction":[{"@type":"ReadAction","target":["https:\/\/aaknives.eu\/et\/product\/63-50-220-teraline-puidukivi-kinniste-kivi-kasvatuskivi-cbn\/"]}]},{"@type":"ImageObject","inLanguage":"et","@id":"https:\/\/aaknives.eu\/et\/product\/63-50-220-teraline-puidukivi-kinniste-kivi-kasvatuskivi-cbn\/#primaryimage","url":"https:\/\/aaknives.eu\/wp-content\/uploads\/2023\/09\/aaknives-hand-forged-damascus-steel-blade-knife-handmade-custom-made-knife-handcrafted-knives-autinetools-northmen-kazak-15.webp","contentUrl":"https:\/\/aaknives.eu\/wp-content\/uploads\/2023\/09\/aaknives-hand-forged-damascus-steel-blade-knife-handmade-custom-made-knife-handcrafted-knives-autinetools-northmen-kazak-15.webp","width":1020,"height":680},{"@type":"BreadcrumbList","@id":"https:\/\/aaknives.eu\/et\/product\/63-50-220-teraline-puidukivi-kinniste-kivi-kasvatuskivi-cbn\/#breadcrumb","itemListElement":[{"@type":"ListItem","position":1,"name":"Home","item":"https:\/\/aaknives.eu\/et\/kodu\/"},{"@type":"ListItem","position":2,"name":"Kauplus","item":"https:\/\/aaknives.eu\/et\/kauplus\/"},{"@type":"ListItem","position":3,"name":"63\/50 (220 teraline) PUIDUKIVI KINNISTE KIVI KASVATUSKIVI (CBN)"}]},{"@type":"WebSite","@id":"https:\/\/aaknives.eu\/et\/#website","url":"https:\/\/aaknives.eu\/et\/","name":"AAKnives","description":"Handmade knives","publisher":{"@id":"https:\/\/aaknives.eu\/et\/#organization"},"potentialAction":[{"@type":"SearchAction","target":{"@type":"EntryPoint","urlTemplate":"https:\/\/aaknives.eu\/et\/?s={search_term_string}"},"query-input":{"@type":"PropertyValueSpecification","valueRequired":true,"valueName":"search_term_string"}}],"inLanguage":"et"},{"@type":"Organization","@id":"https:\/\/aaknives.eu\/et\/#organization","name":"AAKnives","url":"https:\/\/aaknives.eu\/et\/","logo":{"@type":"ImageObject","inLanguage":"et","@id":"https:\/\/aaknives.eu\/et\/#\/schema\/logo\/image\/","url":"https:\/\/aaknives.eu\/wp-content\/uploads\/2021\/10\/AAknives_Logo_Green.png","contentUrl":"https:\/\/aaknives.eu\/wp-content\/uploads\/2021\/10\/AAknives_Logo_Green.png","width":1768,"height":1768,"caption":"AAKnives"},"image":{"@id":"https:\/\/aaknives.eu\/et\/#\/schema\/logo\/image\/"},"sameAs":["https:\/\/www.facebook.com\/aaknives.eu\/","https:\/\/www.instagram.com\/aaknives\/","https:\/\/www.pinterest.com\/aa_knives\/","https:\/\/www.youtube.com\/channel\/UCHOQFjrOkgT6s4FIw9LDKyw\/featured"]}]}},"_links":{"self":[{"href":"https:\/\/aaknives.eu\/et\/wp-json\/wp\/v2\/product\/40176","targetHints":{"allow":["GET"]}}],"collection":[{"href":"https:\/\/aaknives.eu\/et\/wp-json\/wp\/v2\/product"}],"about":[{"href":"https:\/\/aaknives.eu\/et\/wp-json\/wp\/v2\/types\/product"}],"wp:featuredmedia":[{"embeddable":true,"href":"https:\/\/aaknives.eu\/et\/wp-json\/wp\/v2\/media\/92489"}],"wp:attachment":[{"href":"https:\/\/aaknives.eu\/et\/wp-json\/wp\/v2\/media?parent=40176"}],"wp:term":[{"taxonomy":"product_brand","embeddable":true,"href":"https:\/\/aaknives.eu\/et\/wp-json\/wp\/v2\/product_brand?post=40176"},{"taxonomy":"product_cat","embeddable":true,"href":"https:\/\/aaknives.eu\/et\/wp-json\/wp\/v2\/product_cat?post=40176"},{"taxonomy":"product_tag","embeddable":true,"href":"https:\/\/aaknives.eu\/et\/wp-json\/wp\/v2\/product_tag?post=40176"}],"curies":[{"name":"wp","href":"https:\/\/api.w.org\/{rel}","templated":true}]}}