{"id":40178,"date":"2023-03-09T17:39:31","date_gmt":"2023-03-09T17:39:31","guid":{"rendered":"https:\/\/aaknives.eu\/product\/silikoonmatt-19%d1%8515\/"},"modified":"2023-03-09T17:39:31","modified_gmt":"2023-03-09T17:39:31","slug":"silikoonmatt-19%d1%8515","status":"publish","type":"product","link":"https:\/\/aaknives.eu\/et\/product\/silikoonmatt-19%d1%8515\/","title":{"rendered":"SILIKOONMATT 19\u042515&#8243;"},"content":{"rendered":"<p>Silikoonist matt on m\u00f5eldud selleks, et suurendada mugavust igasuguste teritusvahenditega t\u00f6\u00f6tamisel. Mattide t\u00f6\u00f6pinna suurus 500\u0445400\u04455 mm v\u00f5imaldab paigaldada sellele klaasi, m\u00f5\u00f5tudega 4, t\u00e4ism\u00f5\u00f5tmeliste kivide tasandamiseks v\u00f5i peaaegu iga kivihoidja (v\u00f5i lihtsalt kivi ise) k\u00e4sitsi teritamiseks. Samal ajal v\u00f5imaldab silikoonmati suur pindala h\u00f5lpsasti asetada sellele t\u00f6\u00f6 k\u00e4igus kasutatavad teritamistarvikud &#8211; sluriki, Nagura, puhastuskivid jne.<\/p>\n<p>500\u0445400\u04455 mm<\/p>\n","protected":false},"excerpt":{"rendered":"<p>Silikoonist matt on m\u00f5eldud selleks, et suurendada mugavust igasuguste teritusvahenditega t\u00f6\u00f6tamisel. Mattide t\u00f6\u00f6pinna suurus 500\u0445400\u04455 mm v\u00f5imaldab paigaldada sellele klaasi, m\u00f5\u00f5tudega 4, t\u00e4ism\u00f5\u00f5tmeliste kivide tasandamiseks v\u00f5i peaaegu iga kivihoidja (v\u00f5i lihtsalt kivi ise) k\u00e4sitsi teritamiseks. Samal ajal v\u00f5imaldab silikoonmati suur pindala h\u00f5lpsasti asetada sellele t\u00f6\u00f6 k\u00e4igus kasutatavad teritamistarvikud &#8211; sluriki, Nagura, puhastuskivid jne. 500\u0445400\u04455 mm<\/p>\n","protected":false},"featured_media":40179,"template":"","meta":{"_themeisle_gutenberg_block_has_review":false},"product_brand":[],"product_cat":[351],"product_tag":[],"class_list":{"0":"post-40178","1":"product","2":"type-product","3":"status-publish","4":"has-post-thumbnail","6":"product_cat-nugade-teritamine-noateritajad","8":"first","9":"instock","10":"shipping-taxable","11":"purchasable","12":"product-type-simple"},"yoast_head":"<!-- This site is optimized with the Yoast SEO plugin v27.3 - https:\/\/yoast.com\/product\/yoast-seo-wordpress\/ -->\n<title>SILIKOONMATT 19\u042515&quot; - AAKnives<\/title>\n<meta name=\"description\" content=\"SILIKOONMATT 19\u042515&quot;\" \/>\n<meta name=\"robots\" content=\"index, follow, max-snippet:-1, max-image-preview:large, max-video-preview:-1\" \/>\n<link rel=\"canonical\" href=\"https:\/\/aaknives.eu\/et\/product\/silikoonmatt-19%d1%8515\/\" \/>\n<meta property=\"og:locale\" content=\"et_EE\" \/>\n<meta property=\"og:type\" content=\"article\" \/>\n<meta property=\"og:title\" content=\"SILIKOONMATT 19\u042515&quot; - AAKnives\" \/>\n<meta property=\"og:description\" content=\"SILIKOONMATT 19\u042515&quot;\" \/>\n<meta property=\"og:url\" content=\"https:\/\/aaknives.eu\/et\/product\/silikoonmatt-19%d1%8515\/\" \/>\n<meta property=\"og:site_name\" content=\"AAKnives\" \/>\n<meta property=\"article:publisher\" content=\"https:\/\/www.facebook.com\/aaknives.eu\/\" \/>\n<meta property=\"og:image\" content=\"https:\/\/aaknives.eu\/wp-content\/uploads\/2023\/03\/2-2.jpg\" \/>\n\t<meta property=\"og:image:width\" content=\"1020\" \/>\n\t<meta property=\"og:image:height\" content=\"880\" \/>\n\t<meta property=\"og:image:type\" content=\"image\/jpeg\" \/>\n<meta name=\"twitter:card\" content=\"summary_large_image\" \/>\n<script type=\"application\/ld+json\" class=\"yoast-schema-graph\">{\"@context\":\"https:\\\/\\\/schema.org\",\"@graph\":[{\"@type\":\"WebPage\",\"@id\":\"https:\\\/\\\/aaknives.eu\\\/et\\\/product\\\/silikoonmatt-19%d1%8515\\\/\",\"url\":\"https:\\\/\\\/aaknives.eu\\\/et\\\/product\\\/silikoonmatt-19%d1%8515\\\/\",\"name\":\"SILIKOONMATT 19\u042515\\\" - AAKnives\",\"isPartOf\":{\"@id\":\"https:\\\/\\\/aaknives.eu\\\/et\\\/#website\"},\"primaryImageOfPage\":{\"@id\":\"https:\\\/\\\/aaknives.eu\\\/et\\\/product\\\/silikoonmatt-19%d1%8515\\\/#primaryimage\"},\"image\":{\"@id\":\"https:\\\/\\\/aaknives.eu\\\/et\\\/product\\\/silikoonmatt-19%d1%8515\\\/#primaryimage\"},\"thumbnailUrl\":\"https:\\\/\\\/aaknives.eu\\\/wp-content\\\/uploads\\\/2023\\\/03\\\/2-2.jpg\",\"datePublished\":\"2023-03-09T17:39:31+00:00\",\"description\":\"SILIKOONMATT 19\u042515\\\"\",\"breadcrumb\":{\"@id\":\"https:\\\/\\\/aaknives.eu\\\/et\\\/product\\\/silikoonmatt-19%d1%8515\\\/#breadcrumb\"},\"inLanguage\":\"et\",\"potentialAction\":[{\"@type\":\"ReadAction\",\"target\":[\"https:\\\/\\\/aaknives.eu\\\/et\\\/product\\\/silikoonmatt-19%d1%8515\\\/\"]}]},{\"@type\":\"ImageObject\",\"inLanguage\":\"et\",\"@id\":\"https:\\\/\\\/aaknives.eu\\\/et\\\/product\\\/silikoonmatt-19%d1%8515\\\/#primaryimage\",\"url\":\"https:\\\/\\\/aaknives.eu\\\/wp-content\\\/uploads\\\/2023\\\/03\\\/2-2.jpg\",\"contentUrl\":\"https:\\\/\\\/aaknives.eu\\\/wp-content\\\/uploads\\\/2023\\\/03\\\/2-2.jpg\",\"width\":1020,\"height\":880,\"caption\":\"2 2\"},{\"@type\":\"BreadcrumbList\",\"@id\":\"https:\\\/\\\/aaknives.eu\\\/et\\\/product\\\/silikoonmatt-19%d1%8515\\\/#breadcrumb\",\"itemListElement\":[{\"@type\":\"ListItem\",\"position\":1,\"name\":\"Home\",\"item\":\"https:\\\/\\\/aaknives.eu\\\/et\\\/kodu\\\/\"},{\"@type\":\"ListItem\",\"position\":2,\"name\":\"Kauplus\",\"item\":\"https:\\\/\\\/aaknives.eu\\\/et\\\/kauplus\\\/\"},{\"@type\":\"ListItem\",\"position\":3,\"name\":\"SILIKOONMATT 19\u042515&#8243;\"}]},{\"@type\":\"WebSite\",\"@id\":\"https:\\\/\\\/aaknives.eu\\\/et\\\/#website\",\"url\":\"https:\\\/\\\/aaknives.eu\\\/et\\\/\",\"name\":\"AAKnives\",\"description\":\"Handmade knives\",\"publisher\":{\"@id\":\"https:\\\/\\\/aaknives.eu\\\/et\\\/#organization\"},\"potentialAction\":[{\"@type\":\"SearchAction\",\"target\":{\"@type\":\"EntryPoint\",\"urlTemplate\":\"https:\\\/\\\/aaknives.eu\\\/et\\\/?s={search_term_string}\"},\"query-input\":{\"@type\":\"PropertyValueSpecification\",\"valueRequired\":true,\"valueName\":\"search_term_string\"}}],\"inLanguage\":\"et\"},{\"@type\":\"Organization\",\"@id\":\"https:\\\/\\\/aaknives.eu\\\/et\\\/#organization\",\"name\":\"AAKnives\",\"url\":\"https:\\\/\\\/aaknives.eu\\\/et\\\/\",\"logo\":{\"@type\":\"ImageObject\",\"inLanguage\":\"et\",\"@id\":\"https:\\\/\\\/aaknives.eu\\\/et\\\/#\\\/schema\\\/logo\\\/image\\\/\",\"url\":\"https:\\\/\\\/aaknives.eu\\\/wp-content\\\/uploads\\\/2021\\\/10\\\/AAknives_Logo_Green.png\",\"contentUrl\":\"https:\\\/\\\/aaknives.eu\\\/wp-content\\\/uploads\\\/2021\\\/10\\\/AAknives_Logo_Green.png\",\"width\":1768,\"height\":1768,\"caption\":\"AAKnives\"},\"image\":{\"@id\":\"https:\\\/\\\/aaknives.eu\\\/et\\\/#\\\/schema\\\/logo\\\/image\\\/\"},\"sameAs\":[\"https:\\\/\\\/www.facebook.com\\\/aaknives.eu\\\/\",\"https:\\\/\\\/www.instagram.com\\\/aaknives\\\/\",\"https:\\\/\\\/www.pinterest.com\\\/aa_knives\\\/\",\"https:\\\/\\\/www.youtube.com\\\/channel\\\/UCHOQFjrOkgT6s4FIw9LDKyw\\\/featured\"]}]}<\/script>\n<!-- \/ Yoast SEO plugin. -->","yoast_head_json":{"title":"SILIKOONMATT 19\u042515\" - AAKnives","description":"SILIKOONMATT 19\u042515\"","robots":{"index":"index","follow":"follow","max-snippet":"max-snippet:-1","max-image-preview":"max-image-preview:large","max-video-preview":"max-video-preview:-1"},"canonical":"https:\/\/aaknives.eu\/et\/product\/silikoonmatt-19%d1%8515\/","og_locale":"et_EE","og_type":"article","og_title":"SILIKOONMATT 19\u042515\" - AAKnives","og_description":"SILIKOONMATT 19\u042515\"","og_url":"https:\/\/aaknives.eu\/et\/product\/silikoonmatt-19%d1%8515\/","og_site_name":"AAKnives","article_publisher":"https:\/\/www.facebook.com\/aaknives.eu\/","og_image":[{"width":1020,"height":880,"url":"https:\/\/aaknives.eu\/wp-content\/uploads\/2023\/03\/2-2.jpg","type":"image\/jpeg"}],"twitter_card":"summary_large_image","schema":{"@context":"https:\/\/schema.org","@graph":[{"@type":"WebPage","@id":"https:\/\/aaknives.eu\/et\/product\/silikoonmatt-19%d1%8515\/","url":"https:\/\/aaknives.eu\/et\/product\/silikoonmatt-19%d1%8515\/","name":"SILIKOONMATT 19\u042515\" - AAKnives","isPartOf":{"@id":"https:\/\/aaknives.eu\/et\/#website"},"primaryImageOfPage":{"@id":"https:\/\/aaknives.eu\/et\/product\/silikoonmatt-19%d1%8515\/#primaryimage"},"image":{"@id":"https:\/\/aaknives.eu\/et\/product\/silikoonmatt-19%d1%8515\/#primaryimage"},"thumbnailUrl":"https:\/\/aaknives.eu\/wp-content\/uploads\/2023\/03\/2-2.jpg","datePublished":"2023-03-09T17:39:31+00:00","description":"SILIKOONMATT 19\u042515\"","breadcrumb":{"@id":"https:\/\/aaknives.eu\/et\/product\/silikoonmatt-19%d1%8515\/#breadcrumb"},"inLanguage":"et","potentialAction":[{"@type":"ReadAction","target":["https:\/\/aaknives.eu\/et\/product\/silikoonmatt-19%d1%8515\/"]}]},{"@type":"ImageObject","inLanguage":"et","@id":"https:\/\/aaknives.eu\/et\/product\/silikoonmatt-19%d1%8515\/#primaryimage","url":"https:\/\/aaknives.eu\/wp-content\/uploads\/2023\/03\/2-2.jpg","contentUrl":"https:\/\/aaknives.eu\/wp-content\/uploads\/2023\/03\/2-2.jpg","width":1020,"height":880,"caption":"2 2"},{"@type":"BreadcrumbList","@id":"https:\/\/aaknives.eu\/et\/product\/silikoonmatt-19%d1%8515\/#breadcrumb","itemListElement":[{"@type":"ListItem","position":1,"name":"Home","item":"https:\/\/aaknives.eu\/et\/kodu\/"},{"@type":"ListItem","position":2,"name":"Kauplus","item":"https:\/\/aaknives.eu\/et\/kauplus\/"},{"@type":"ListItem","position":3,"name":"SILIKOONMATT 19\u042515&#8243;"}]},{"@type":"WebSite","@id":"https:\/\/aaknives.eu\/et\/#website","url":"https:\/\/aaknives.eu\/et\/","name":"AAKnives","description":"Handmade knives","publisher":{"@id":"https:\/\/aaknives.eu\/et\/#organization"},"potentialAction":[{"@type":"SearchAction","target":{"@type":"EntryPoint","urlTemplate":"https:\/\/aaknives.eu\/et\/?s={search_term_string}"},"query-input":{"@type":"PropertyValueSpecification","valueRequired":true,"valueName":"search_term_string"}}],"inLanguage":"et"},{"@type":"Organization","@id":"https:\/\/aaknives.eu\/et\/#organization","name":"AAKnives","url":"https:\/\/aaknives.eu\/et\/","logo":{"@type":"ImageObject","inLanguage":"et","@id":"https:\/\/aaknives.eu\/et\/#\/schema\/logo\/image\/","url":"https:\/\/aaknives.eu\/wp-content\/uploads\/2021\/10\/AAknives_Logo_Green.png","contentUrl":"https:\/\/aaknives.eu\/wp-content\/uploads\/2021\/10\/AAknives_Logo_Green.png","width":1768,"height":1768,"caption":"AAKnives"},"image":{"@id":"https:\/\/aaknives.eu\/et\/#\/schema\/logo\/image\/"},"sameAs":["https:\/\/www.facebook.com\/aaknives.eu\/","https:\/\/www.instagram.com\/aaknives\/","https:\/\/www.pinterest.com\/aa_knives\/","https:\/\/www.youtube.com\/channel\/UCHOQFjrOkgT6s4FIw9LDKyw\/featured"]}]}},"_links":{"self":[{"href":"https:\/\/aaknives.eu\/et\/wp-json\/wp\/v2\/product\/40178","targetHints":{"allow":["GET"]}}],"collection":[{"href":"https:\/\/aaknives.eu\/et\/wp-json\/wp\/v2\/product"}],"about":[{"href":"https:\/\/aaknives.eu\/et\/wp-json\/wp\/v2\/types\/product"}],"wp:featuredmedia":[{"embeddable":true,"href":"https:\/\/aaknives.eu\/et\/wp-json\/wp\/v2\/media\/40179"}],"wp:attachment":[{"href":"https:\/\/aaknives.eu\/et\/wp-json\/wp\/v2\/media?parent=40178"}],"wp:term":[{"taxonomy":"product_brand","embeddable":true,"href":"https:\/\/aaknives.eu\/et\/wp-json\/wp\/v2\/product_brand?post=40178"},{"taxonomy":"product_cat","embeddable":true,"href":"https:\/\/aaknives.eu\/et\/wp-json\/wp\/v2\/product_cat?post=40178"},{"taxonomy":"product_tag","embeddable":true,"href":"https:\/\/aaknives.eu\/et\/wp-json\/wp\/v2\/product_tag?post=40178"}],"curies":[{"name":"wp","href":"https:\/\/api.w.org\/{rel}","templated":true}]}}