{"id":40191,"date":"2023-03-09T17:19:15","date_gmt":"2023-03-09T17:19:15","guid":{"rendered":"https:\/\/aaknives.eu\/product\/boriidi-pc-soovitatav-kivide-komplekt\/"},"modified":"2023-03-09T17:19:15","modified_gmt":"2023-03-09T17:19:15","slug":"boriidi-pc-soovitatav-kivide-komplekt","status":"publish","type":"product","link":"https:\/\/aaknives.eu\/et\/product\/boriidi-pc-soovitatav-kivide-komplekt\/","title":{"rendered":"BORIIDI PC SOOVITATAV KIVIDE KOMPLEKT"},"content":{"rendered":"<p>Boriidist terituskive kasutatakse Hapstone terituskividega nugade teritamiseks. Boriid pakub laia valikut erineva j\u00f5udlusega ja erineva kulumisastmega kive.<br \/>\n. Boriidkivid on valmistatud alumiiniumoksiidist, v\u00e4lja arvatud CS-HD-seeria kivid, mis on valmistatud r\u00e4nikarbiidist. K\u00f5ik boriidkivid on 6 mm paksused ja paigaldatud kvaliteetsetele alumiiniumplaatidele. 6 mm paksused kivid on pikema elueaga kui Edge Pro standardkivid, mille paksus on 3 mm, ja need on muutumas \u00fchenduse standardiks.<\/p>\n<p>Kui te ei ole kindel, mida osta oma noateritajaid, ostke Soovitatav Boride komplekt 5 kiviga.<br \/>\nPC-seeria (Polisher&#8217;s Choice) kivid on valmistatud alumiiniumoksiidist, mille tera on rangelt kontrollitud ja millel on eriline side. Nagu sarja nimest v\u00f5ib arvata, on need kivid m\u00f5eldud kiire eemaldamisega seotud viimistlust\u00f6\u00f6deks. PC 1200 on v\u00e4ga populaarne viimistluskivi ja on osa Boriidi kivipakettidest.<\/p>\n<p>Boride PC soovitatav komplekt sisaldab neid terasuurusi:<\/p>\n<p>  150<br \/>\n  220<br \/>\n  400<br \/>\n  600<br \/>\n  1200<\/p>\n","protected":false},"excerpt":{"rendered":"<p>Boriidist terituskive kasutatakse Hapstone terituskividega nugade teritamiseks. Boriid pakub laia valikut erineva j\u00f5udlusega ja erineva kulumisastmega kive. . Boriidkivid on valmistatud alumiiniumoksiidist, v\u00e4lja arvatud CS-HD-seeria kivid, mis on valmistatud r\u00e4nikarbiidist. K\u00f5ik boriidkivid on 6 mm paksused ja paigaldatud kvaliteetsetele alumiiniumplaatidele. 6 mm paksused kivid on pikema elueaga kui Edge Pro standardkivid, mille paksus on 3 mm, ja need on muutumas \u00fchenduse standardiks. Kui te ei ole kindel, mida osta oma noateritajaid, ostke Soovitatav Boride komplekt 5 kiviga. PC-seeria (Polisher&#8217;s Choice) kivid on valmistatud alumiiniumoksiidist, mille tera on rangelt kontrollitud ja millel on eriline side. Nagu sarja nimest v\u00f5ib arvata, on&hellip;<\/p>\n","protected":false},"featured_media":40192,"template":"","meta":{"_themeisle_gutenberg_block_has_review":false},"product_brand":[],"product_cat":[351],"product_tag":[],"class_list":{"0":"post-40191","1":"product","2":"type-product","3":"status-publish","4":"has-post-thumbnail","6":"product_cat-nugade-teritamine-noateritajad","8":"first","9":"instock","10":"shipping-taxable","11":"purchasable","12":"product-type-simple"},"yoast_head":"<!-- This site is optimized with the Yoast SEO plugin v27.3 - https:\/\/yoast.com\/product\/yoast-seo-wordpress\/ -->\n<title>BORIIDI PC SOOVITATAV KIVIDE KOMPLEKT - AAKnives<\/title>\n<meta name=\"description\" content=\"Boride CS-HD seeria terituskivide komplekt 5 tk\" \/>\n<meta name=\"robots\" content=\"index, follow, max-snippet:-1, max-image-preview:large, max-video-preview:-1\" \/>\n<link rel=\"canonical\" href=\"https:\/\/aaknives.eu\/et\/product\/boriidi-pc-soovitatav-kivide-komplekt\/\" \/>\n<meta property=\"og:locale\" content=\"et_EE\" \/>\n<meta property=\"og:type\" content=\"article\" \/>\n<meta property=\"og:title\" content=\"BORIIDI PC SOOVITATAV KIVIDE KOMPLEKT - AAKnives\" \/>\n<meta property=\"og:description\" content=\"Boride CS-HD seeria terituskivide komplekt 5 tk\" \/>\n<meta property=\"og:url\" content=\"https:\/\/aaknives.eu\/et\/product\/boriidi-pc-soovitatav-kivide-komplekt\/\" \/>\n<meta property=\"og:site_name\" content=\"AAKnives\" \/>\n<meta property=\"article:publisher\" content=\"https:\/\/www.facebook.com\/aaknives.eu\/\" \/>\n<meta property=\"og:image\" content=\"https:\/\/aaknives.eu\/wp-content\/uploads\/2023\/03\/1.jpg\" \/>\n\t<meta property=\"og:image:width\" content=\"1020\" \/>\n\t<meta property=\"og:image:height\" content=\"880\" \/>\n\t<meta property=\"og:image:type\" content=\"image\/jpeg\" \/>\n<meta name=\"twitter:card\" content=\"summary_large_image\" \/>\n<meta name=\"twitter:label1\" content=\"Est. reading time\" \/>\n\t<meta name=\"twitter:data1\" content=\"1 minut\" \/>\n<script type=\"application\/ld+json\" class=\"yoast-schema-graph\">{\"@context\":\"https:\\\/\\\/schema.org\",\"@graph\":[{\"@type\":\"WebPage\",\"@id\":\"https:\\\/\\\/aaknives.eu\\\/et\\\/product\\\/boriidi-pc-soovitatav-kivide-komplekt\\\/\",\"url\":\"https:\\\/\\\/aaknives.eu\\\/et\\\/product\\\/boriidi-pc-soovitatav-kivide-komplekt\\\/\",\"name\":\"BORIIDI PC SOOVITATAV KIVIDE KOMPLEKT - AAKnives\",\"isPartOf\":{\"@id\":\"https:\\\/\\\/aaknives.eu\\\/et\\\/#website\"},\"primaryImageOfPage\":{\"@id\":\"https:\\\/\\\/aaknives.eu\\\/et\\\/product\\\/boriidi-pc-soovitatav-kivide-komplekt\\\/#primaryimage\"},\"image\":{\"@id\":\"https:\\\/\\\/aaknives.eu\\\/et\\\/product\\\/boriidi-pc-soovitatav-kivide-komplekt\\\/#primaryimage\"},\"thumbnailUrl\":\"https:\\\/\\\/aaknives.eu\\\/wp-content\\\/uploads\\\/2023\\\/03\\\/1.jpg\",\"datePublished\":\"2023-03-09T17:19:15+00:00\",\"description\":\"Boride CS-HD seeria terituskivide komplekt 5 tk\",\"breadcrumb\":{\"@id\":\"https:\\\/\\\/aaknives.eu\\\/et\\\/product\\\/boriidi-pc-soovitatav-kivide-komplekt\\\/#breadcrumb\"},\"inLanguage\":\"et\",\"potentialAction\":[{\"@type\":\"ReadAction\",\"target\":[\"https:\\\/\\\/aaknives.eu\\\/et\\\/product\\\/boriidi-pc-soovitatav-kivide-komplekt\\\/\"]}]},{\"@type\":\"ImageObject\",\"inLanguage\":\"et\",\"@id\":\"https:\\\/\\\/aaknives.eu\\\/et\\\/product\\\/boriidi-pc-soovitatav-kivide-komplekt\\\/#primaryimage\",\"url\":\"https:\\\/\\\/aaknives.eu\\\/wp-content\\\/uploads\\\/2023\\\/03\\\/1.jpg\",\"contentUrl\":\"https:\\\/\\\/aaknives.eu\\\/wp-content\\\/uploads\\\/2023\\\/03\\\/1.jpg\",\"width\":1020,\"height\":880},{\"@type\":\"BreadcrumbList\",\"@id\":\"https:\\\/\\\/aaknives.eu\\\/et\\\/product\\\/boriidi-pc-soovitatav-kivide-komplekt\\\/#breadcrumb\",\"itemListElement\":[{\"@type\":\"ListItem\",\"position\":1,\"name\":\"Home\",\"item\":\"https:\\\/\\\/aaknives.eu\\\/et\\\/kodu\\\/\"},{\"@type\":\"ListItem\",\"position\":2,\"name\":\"Kauplus\",\"item\":\"https:\\\/\\\/aaknives.eu\\\/et\\\/kauplus\\\/\"},{\"@type\":\"ListItem\",\"position\":3,\"name\":\"BORIIDI PC SOOVITATAV KIVIDE KOMPLEKT\"}]},{\"@type\":\"WebSite\",\"@id\":\"https:\\\/\\\/aaknives.eu\\\/et\\\/#website\",\"url\":\"https:\\\/\\\/aaknives.eu\\\/et\\\/\",\"name\":\"AAKnives\",\"description\":\"Handmade knives\",\"publisher\":{\"@id\":\"https:\\\/\\\/aaknives.eu\\\/et\\\/#organization\"},\"potentialAction\":[{\"@type\":\"SearchAction\",\"target\":{\"@type\":\"EntryPoint\",\"urlTemplate\":\"https:\\\/\\\/aaknives.eu\\\/et\\\/?s={search_term_string}\"},\"query-input\":{\"@type\":\"PropertyValueSpecification\",\"valueRequired\":true,\"valueName\":\"search_term_string\"}}],\"inLanguage\":\"et\"},{\"@type\":\"Organization\",\"@id\":\"https:\\\/\\\/aaknives.eu\\\/et\\\/#organization\",\"name\":\"AAKnives\",\"url\":\"https:\\\/\\\/aaknives.eu\\\/et\\\/\",\"logo\":{\"@type\":\"ImageObject\",\"inLanguage\":\"et\",\"@id\":\"https:\\\/\\\/aaknives.eu\\\/et\\\/#\\\/schema\\\/logo\\\/image\\\/\",\"url\":\"https:\\\/\\\/aaknives.eu\\\/wp-content\\\/uploads\\\/2021\\\/10\\\/AAknives_Logo_Green.png\",\"contentUrl\":\"https:\\\/\\\/aaknives.eu\\\/wp-content\\\/uploads\\\/2021\\\/10\\\/AAknives_Logo_Green.png\",\"width\":1768,\"height\":1768,\"caption\":\"AAKnives\"},\"image\":{\"@id\":\"https:\\\/\\\/aaknives.eu\\\/et\\\/#\\\/schema\\\/logo\\\/image\\\/\"},\"sameAs\":[\"https:\\\/\\\/www.facebook.com\\\/aaknives.eu\\\/\",\"https:\\\/\\\/www.instagram.com\\\/aaknives\\\/\",\"https:\\\/\\\/www.pinterest.com\\\/aa_knives\\\/\",\"https:\\\/\\\/www.youtube.com\\\/channel\\\/UCHOQFjrOkgT6s4FIw9LDKyw\\\/featured\"]}]}<\/script>\n<!-- \/ Yoast SEO plugin. -->","yoast_head_json":{"title":"BORIIDI PC SOOVITATAV KIVIDE KOMPLEKT - AAKnives","description":"Boride CS-HD seeria terituskivide komplekt 5 tk","robots":{"index":"index","follow":"follow","max-snippet":"max-snippet:-1","max-image-preview":"max-image-preview:large","max-video-preview":"max-video-preview:-1"},"canonical":"https:\/\/aaknives.eu\/et\/product\/boriidi-pc-soovitatav-kivide-komplekt\/","og_locale":"et_EE","og_type":"article","og_title":"BORIIDI PC SOOVITATAV KIVIDE KOMPLEKT - AAKnives","og_description":"Boride CS-HD seeria terituskivide komplekt 5 tk","og_url":"https:\/\/aaknives.eu\/et\/product\/boriidi-pc-soovitatav-kivide-komplekt\/","og_site_name":"AAKnives","article_publisher":"https:\/\/www.facebook.com\/aaknives.eu\/","og_image":[{"width":1020,"height":880,"url":"https:\/\/aaknives.eu\/wp-content\/uploads\/2023\/03\/1.jpg","type":"image\/jpeg"}],"twitter_card":"summary_large_image","twitter_misc":{"Est. reading time":"1 minut"},"schema":{"@context":"https:\/\/schema.org","@graph":[{"@type":"WebPage","@id":"https:\/\/aaknives.eu\/et\/product\/boriidi-pc-soovitatav-kivide-komplekt\/","url":"https:\/\/aaknives.eu\/et\/product\/boriidi-pc-soovitatav-kivide-komplekt\/","name":"BORIIDI PC SOOVITATAV KIVIDE KOMPLEKT - AAKnives","isPartOf":{"@id":"https:\/\/aaknives.eu\/et\/#website"},"primaryImageOfPage":{"@id":"https:\/\/aaknives.eu\/et\/product\/boriidi-pc-soovitatav-kivide-komplekt\/#primaryimage"},"image":{"@id":"https:\/\/aaknives.eu\/et\/product\/boriidi-pc-soovitatav-kivide-komplekt\/#primaryimage"},"thumbnailUrl":"https:\/\/aaknives.eu\/wp-content\/uploads\/2023\/03\/1.jpg","datePublished":"2023-03-09T17:19:15+00:00","description":"Boride CS-HD seeria terituskivide komplekt 5 tk","breadcrumb":{"@id":"https:\/\/aaknives.eu\/et\/product\/boriidi-pc-soovitatav-kivide-komplekt\/#breadcrumb"},"inLanguage":"et","potentialAction":[{"@type":"ReadAction","target":["https:\/\/aaknives.eu\/et\/product\/boriidi-pc-soovitatav-kivide-komplekt\/"]}]},{"@type":"ImageObject","inLanguage":"et","@id":"https:\/\/aaknives.eu\/et\/product\/boriidi-pc-soovitatav-kivide-komplekt\/#primaryimage","url":"https:\/\/aaknives.eu\/wp-content\/uploads\/2023\/03\/1.jpg","contentUrl":"https:\/\/aaknives.eu\/wp-content\/uploads\/2023\/03\/1.jpg","width":1020,"height":880},{"@type":"BreadcrumbList","@id":"https:\/\/aaknives.eu\/et\/product\/boriidi-pc-soovitatav-kivide-komplekt\/#breadcrumb","itemListElement":[{"@type":"ListItem","position":1,"name":"Home","item":"https:\/\/aaknives.eu\/et\/kodu\/"},{"@type":"ListItem","position":2,"name":"Kauplus","item":"https:\/\/aaknives.eu\/et\/kauplus\/"},{"@type":"ListItem","position":3,"name":"BORIIDI PC SOOVITATAV KIVIDE KOMPLEKT"}]},{"@type":"WebSite","@id":"https:\/\/aaknives.eu\/et\/#website","url":"https:\/\/aaknives.eu\/et\/","name":"AAKnives","description":"Handmade knives","publisher":{"@id":"https:\/\/aaknives.eu\/et\/#organization"},"potentialAction":[{"@type":"SearchAction","target":{"@type":"EntryPoint","urlTemplate":"https:\/\/aaknives.eu\/et\/?s={search_term_string}"},"query-input":{"@type":"PropertyValueSpecification","valueRequired":true,"valueName":"search_term_string"}}],"inLanguage":"et"},{"@type":"Organization","@id":"https:\/\/aaknives.eu\/et\/#organization","name":"AAKnives","url":"https:\/\/aaknives.eu\/et\/","logo":{"@type":"ImageObject","inLanguage":"et","@id":"https:\/\/aaknives.eu\/et\/#\/schema\/logo\/image\/","url":"https:\/\/aaknives.eu\/wp-content\/uploads\/2021\/10\/AAknives_Logo_Green.png","contentUrl":"https:\/\/aaknives.eu\/wp-content\/uploads\/2021\/10\/AAknives_Logo_Green.png","width":1768,"height":1768,"caption":"AAKnives"},"image":{"@id":"https:\/\/aaknives.eu\/et\/#\/schema\/logo\/image\/"},"sameAs":["https:\/\/www.facebook.com\/aaknives.eu\/","https:\/\/www.instagram.com\/aaknives\/","https:\/\/www.pinterest.com\/aa_knives\/","https:\/\/www.youtube.com\/channel\/UCHOQFjrOkgT6s4FIw9LDKyw\/featured"]}]}},"_links":{"self":[{"href":"https:\/\/aaknives.eu\/et\/wp-json\/wp\/v2\/product\/40191","targetHints":{"allow":["GET"]}}],"collection":[{"href":"https:\/\/aaknives.eu\/et\/wp-json\/wp\/v2\/product"}],"about":[{"href":"https:\/\/aaknives.eu\/et\/wp-json\/wp\/v2\/types\/product"}],"wp:featuredmedia":[{"embeddable":true,"href":"https:\/\/aaknives.eu\/et\/wp-json\/wp\/v2\/media\/40192"}],"wp:attachment":[{"href":"https:\/\/aaknives.eu\/et\/wp-json\/wp\/v2\/media?parent=40191"}],"wp:term":[{"taxonomy":"product_brand","embeddable":true,"href":"https:\/\/aaknives.eu\/et\/wp-json\/wp\/v2\/product_brand?post=40191"},{"taxonomy":"product_cat","embeddable":true,"href":"https:\/\/aaknives.eu\/et\/wp-json\/wp\/v2\/product_cat?post=40191"},{"taxonomy":"product_tag","embeddable":true,"href":"https:\/\/aaknives.eu\/et\/wp-json\/wp\/v2\/product_tag?post=40191"}],"curies":[{"name":"wp","href":"https:\/\/api.w.org\/{rel}","templated":true}]}}