{"id":40241,"date":"2023-02-08T20:02:45","date_gmt":"2023-02-08T20:02:45","guid":{"rendered":"https:\/\/aaknives.eu\/product\/tanto-bamboo-damaskuse-terasest-nuga\/"},"modified":"2023-02-08T20:02:45","modified_gmt":"2023-02-08T20:02:45","slug":"tanto-bamboo-damaskuse-terasest-nuga","status":"publish","type":"product","link":"https:\/\/aaknives.eu\/et\/product\/tanto-bamboo-damaskuse-terasest-nuga\/","title":{"rendered":"&#8220;TANTO-BAMBOO&#8221;, Damaskuse terasest nuga"},"content":{"rendered":"<p>Noa spetsifikatsioonid: &#8220;Tanto-Bambus&#8221;<br \/>\nTeras: Damaskuseterasest nuga (HVG, U10, ShH15 ) 800 kihti: Damaskuseterasest nuga (HVG, U10, ShH15 ) 800 kihti<br \/>\nK\u00f5vadus: 61 HRC<br \/>\nTera pikkus (mm): 170<br \/>\nTera paksus (mm): 3<br \/>\nTera laius (mm): 27<br \/>\nK\u00e4epide: Stabiliseeritud kaleri kask<br \/>\nKogupikkus (mm): 320<br \/>\nNugade t\u00fc\u00fcp: jahindus, v\u00e4ljas<br \/>\nPakend: nuga, puidust tupp<\/p>\n<p>&nbsp;<\/p>\n<p>K\u00e4sitsi sepistatud Damaskuse teras, mis on loodud erineva k\u00f5vaduse ja viskoossusega terase paketist, mis on kokku pandud plaadiks kindlas j\u00e4rjekorras. Seej\u00e4rel sepistatakse plaat korduvalt uuesti, t\u00e4nu millele tekivad kihid ja ainulaadne muster.<br \/>\nKeeruline tehnoloogiline protsess toimub k\u00e4sitsi. Sellisel viisil saadud terasele on iseloomulikud suurenenud tugevus, suur k\u00f5vadus, suurep\u00e4rased l\u00f5ikamisomadused ja ilu.<br \/>\nDamaskuse terasest \u00fcle 700-1000 kihi.<br \/>\nPakett damastterasest ShH15 + HVG + U10A, termiline v\u00e4ljendus 860 \u00b0 C<\/p>\n<p>Damaskuse terase eelised:<br \/>\nSuurenenud tugevus<br \/>\nSuur k\u00f5vadus<br \/>\nSuurep\u00e4rased l\u00f5ikamisomadused<br \/>\nIlus disain<br \/>\nPikaajaline teravus<\/p>\n<p>Tera k\u00f5vadus 60-62 HRC.<br \/>\nK\u00e4sitsi valmistatud<\/p>\n<p>Damaskuse terase kasutamine ja hooldamine<\/p>\n<p>&nbsp;<\/p>\n<p>Damaskuseteras on laialdaselt tuntud kui \u00fcks k\u00f5ige vastupidavamaid noad, mida jahimehed, kalamehed ja loodushuvilised oma vajaduste rahuldamiseks valivad.<\/p>\n<p>AA Knives&#8217;i pakutav Damaskus teras on sepistatud kolmest erinevast terasest, mille tulemuseks on tuntud ja ainulaadse mustriga materjal, milles on \u00fchendatud kasutatud teraste kolm positiivset t\u00f6\u00f6tlusomadust &#8211; tugevus, painduvus ja v\u00f5ime s\u00e4ilitada teravus pikka aega. Arvatakse, et t\u00e4nu oma paremale l\u00f5ikamisv\u00f5imele on see teras sageli isegi parem kui roostevabast terasest tooted, sest selle tera tekitab mikrosahkalaadse pinna, mis on ainulaadne mitmest terasest kokku sepistatud materjalidele. Kuna Damaskuse teras on \u00fcks k\u00f5ige roostekindlamatest terastest, on eriti oluline meeles pidada, et selle eest tuleb korralikult hoolitseda.<\/p>\n<p>Nii nagu vihmaselt jahilt koju toodud relva &#8211; mida ei ole p\u00fchitud ega puhastatud &#8211; ei pane keegi kohe seifi, samamoodi tuleb hoolitseda oma noa eest, mis t\u00e4idab jahipidamise ajal palju t\u00e4htsamat \u00fclesannet kui relv. P\u00e4rast kasutamist tuleb damaskuseterasest nuga p\u00f5hjalikult p\u00fchkida, puhastada mustusest ja kuivatada, et see ei saaks hoiustamise ajal niiskust, mis v\u00f5ib aja jooksul p\u00f5hjustada roostetamist, ning te ei tohiks unustada \u00f5litamist. Selleks ei ole vaja osta professionaalseid kaitsematerjale, siinkohal on kasulik ka mistahes k\u00f6\u00f6gis leiduv toidu\u00f5li, sest jahinuga puutub peaaegu alati kokku liha ja muude toiduainetega, seega ei ole soovitatav kasutada mehaanilist \u00f5li noa kaitsmiseks. \u00c4rge unustage ka regulaarset teravustamist ja korrigeerimist.<\/p>\n<p>Kuid iga\u00fchega juhtub, et v\u00e4rskelt kasutatud nuga unustatakse autosse v\u00f5i koti p\u00f5hja, ja kui see on seal juba m\u00f5nda aega seisnud, on terale tekkinud tumedad laigud &#8211; esimesed roostem\u00e4rgid. Aga kas selleks peaksite loobuma oma lemmikt\u00f6\u00f6riistast? Ei sugugi! Et asi paremaks teha, minge lihtsalt \u00fcksk\u00f5ik millisesse riistapoodi ja hankige k\u00f5ige peenem liivapaber (P2,000 &#8211; 2,500) ning h\u00f5\u00f5ruge tera kergelt, et roostepunktidest vabaneda.<\/p>\n<p>Tuleb meeles pidada, et nuga kestab kauem ja t\u00e4idab oma \u00fclesannet t\u00f6\u00f6protsessis paremini, kui leiate iga p\u00e4ev l\u00fchikese aja selle n\u00f5uetekohaseks hooldamiseks, kuid kui p\u00e4rast noa ostmist tunduvad hooldusaspektid endiselt ebaselged, ei keeldu AA Knives n\u00f5uannetest, et muuta noaga t\u00f6\u00f6tamine mugavaks ja meeldivaks.<\/p>\n<p>&nbsp;<\/p>\n","protected":false},"excerpt":{"rendered":"<p>Noa spetsifikatsioonid: &#8220;Tanto-Bambus&#8221; Teras: Damaskuseterasest nuga (HVG, U10, ShH15 ) 800 kihti: Damaskuseterasest nuga (HVG, U10, ShH15 ) 800 kihti K\u00f5vadus: 61 HRC Tera pikkus (mm): 170 Tera paksus (mm): 3 Tera laius (mm): 27 K\u00e4epide: Stabiliseeritud kaleri kask Kogupikkus (mm): 320 Nugade t\u00fc\u00fcp: jahindus, v\u00e4ljas Pakend: nuga, puidust tupp &nbsp; K\u00e4sitsi sepistatud Damaskuse teras, mis on loodud erineva k\u00f5vaduse ja viskoossusega terase paketist, mis on kokku pandud plaadiks kindlas j\u00e4rjekorras. Seej\u00e4rel sepistatakse plaat korduvalt uuesti, t\u00e4nu millele tekivad kihid ja ainulaadne muster. Keeruline tehnoloogiline protsess toimub k\u00e4sitsi. Sellisel viisil saadud terasele on iseloomulikud suurenenud tugevus, suur k\u00f5vadus, suurep\u00e4rased l\u00f5ikamisomadused&hellip;<\/p>\n","protected":false},"featured_media":68557,"template":"","meta":{"_themeisle_gutenberg_block_has_review":false},"product_brand":[],"product_cat":[346,341],"product_tag":[],"class_list":{"0":"post-40241","1":"product","2":"type-product","3":"status-publish","4":"has-post-thumbnail","6":"product_cat-matkanoad","7":"product_cat-premium-ja-eksklusiivsed-noad","9":"first","10":"instock","11":"featured","12":"shipping-taxable","13":"purchasable","14":"product-type-simple"},"yoast_head":"<!-- This site is optimized with the Yoast SEO plugin v27.3 - https:\/\/yoast.com\/product\/yoast-seo-wordpress\/ -->\n<title>&quot;TANTO-BAMBOO&quot;, Damaskuse terasest nuga - AAKnives<\/title>\n<meta name=\"description\" content=\"&quot;TANTO-BAMBOO&quot;, Damaskuse terasest nuga, eksklusiivne nuga, kingitusnuga, damaskuse nuga, tanto nuga, damaskuse teras, aaknivesi nuga, k\u00e4sitsi valmistatud nuga\" \/>\n<meta name=\"robots\" content=\"index, follow, max-snippet:-1, max-image-preview:large, max-video-preview:-1\" \/>\n<link rel=\"canonical\" href=\"https:\/\/aaknives.eu\/et\/product\/tanto-bamboo-damaskuse-terasest-nuga\/\" \/>\n<meta property=\"og:locale\" content=\"et_EE\" \/>\n<meta property=\"og:type\" content=\"article\" \/>\n<meta property=\"og:title\" content=\"&quot;TANTO-BAMBOO&quot;, Damaskuse terasest nuga - AAKnives\" \/>\n<meta property=\"og:description\" content=\"&quot;TANTO-BAMBOO&quot;, Damaskuse terasest nuga, eksklusiivne nuga, kingitusnuga, damaskuse nuga, tanto nuga, damaskuse teras, aaknivesi nuga, k\u00e4sitsi valmistatud nuga\" \/>\n<meta property=\"og:url\" content=\"https:\/\/aaknives.eu\/et\/product\/tanto-bamboo-damaskuse-terasest-nuga\/\" \/>\n<meta property=\"og:site_name\" content=\"AAKnives\" \/>\n<meta property=\"article:publisher\" content=\"https:\/\/www.facebook.com\/aaknives.eu\/\" \/>\n<meta property=\"og:image\" content=\"https:\/\/aaknives.eu\/wp-content\/uploads\/2023\/02\/aaknives-hand-forged-dabascus-steel-blade-knife-handmade-custom-made-knife-handcrafted-knives-autinetools-northmen-5-2.jpg\" \/>\n\t<meta property=\"og:image:width\" content=\"1020\" \/>\n\t<meta property=\"og:image:height\" content=\"880\" \/>\n\t<meta property=\"og:image:type\" content=\"image\/jpeg\" \/>\n<meta name=\"twitter:card\" content=\"summary_large_image\" \/>\n<meta name=\"twitter:label1\" content=\"Est. reading time\" \/>\n\t<meta name=\"twitter:data1\" content=\"3 minutit\" \/>\n<script type=\"application\/ld+json\" class=\"yoast-schema-graph\">{\"@context\":\"https:\\\/\\\/schema.org\",\"@graph\":[{\"@type\":\"WebPage\",\"@id\":\"https:\\\/\\\/aaknives.eu\\\/et\\\/product\\\/tanto-bamboo-damaskuse-terasest-nuga\\\/\",\"url\":\"https:\\\/\\\/aaknives.eu\\\/et\\\/product\\\/tanto-bamboo-damaskuse-terasest-nuga\\\/\",\"name\":\"\\\"TANTO-BAMBOO\\\", Damaskuse terasest nuga - AAKnives\",\"isPartOf\":{\"@id\":\"https:\\\/\\\/aaknives.eu\\\/et\\\/#website\"},\"primaryImageOfPage\":{\"@id\":\"https:\\\/\\\/aaknives.eu\\\/et\\\/product\\\/tanto-bamboo-damaskuse-terasest-nuga\\\/#primaryimage\"},\"image\":{\"@id\":\"https:\\\/\\\/aaknives.eu\\\/et\\\/product\\\/tanto-bamboo-damaskuse-terasest-nuga\\\/#primaryimage\"},\"thumbnailUrl\":\"https:\\\/\\\/aaknives.eu\\\/wp-content\\\/uploads\\\/2023\\\/02\\\/aaknives-hand-forged-dabascus-steel-blade-knife-handmade-custom-made-knife-handcrafted-knives-autinetools-northmen-11.2.jpg\",\"datePublished\":\"2023-02-08T20:02:45+00:00\",\"description\":\"\\\"TANTO-BAMBOO\\\", Damaskuse terasest nuga, eksklusiivne nuga, kingitusnuga, damaskuse nuga, tanto nuga, damaskuse teras, aaknivesi nuga, k\u00e4sitsi valmistatud nuga\",\"breadcrumb\":{\"@id\":\"https:\\\/\\\/aaknives.eu\\\/et\\\/product\\\/tanto-bamboo-damaskuse-terasest-nuga\\\/#breadcrumb\"},\"inLanguage\":\"et\",\"potentialAction\":[{\"@type\":\"ReadAction\",\"target\":[\"https:\\\/\\\/aaknives.eu\\\/et\\\/product\\\/tanto-bamboo-damaskuse-terasest-nuga\\\/\"]}]},{\"@type\":\"ImageObject\",\"inLanguage\":\"et\",\"@id\":\"https:\\\/\\\/aaknives.eu\\\/et\\\/product\\\/tanto-bamboo-damaskuse-terasest-nuga\\\/#primaryimage\",\"url\":\"https:\\\/\\\/aaknives.eu\\\/wp-content\\\/uploads\\\/2023\\\/02\\\/aaknives-hand-forged-dabascus-steel-blade-knife-handmade-custom-made-knife-handcrafted-knives-autinetools-northmen-11.2.jpg\",\"contentUrl\":\"https:\\\/\\\/aaknives.eu\\\/wp-content\\\/uploads\\\/2023\\\/02\\\/aaknives-hand-forged-dabascus-steel-blade-knife-handmade-custom-made-knife-handcrafted-knives-autinetools-northmen-11.2.jpg\",\"width\":1020,\"height\":880},{\"@type\":\"BreadcrumbList\",\"@id\":\"https:\\\/\\\/aaknives.eu\\\/et\\\/product\\\/tanto-bamboo-damaskuse-terasest-nuga\\\/#breadcrumb\",\"itemListElement\":[{\"@type\":\"ListItem\",\"position\":1,\"name\":\"Home\",\"item\":\"https:\\\/\\\/aaknives.eu\\\/et\\\/kodu\\\/\"},{\"@type\":\"ListItem\",\"position\":2,\"name\":\"Kauplus\",\"item\":\"https:\\\/\\\/aaknives.eu\\\/et\\\/kauplus\\\/\"},{\"@type\":\"ListItem\",\"position\":3,\"name\":\"&#8220;TANTO-BAMBOO&#8221;, Damaskuse terasest nuga\"}]},{\"@type\":\"WebSite\",\"@id\":\"https:\\\/\\\/aaknives.eu\\\/et\\\/#website\",\"url\":\"https:\\\/\\\/aaknives.eu\\\/et\\\/\",\"name\":\"AAKnives\",\"description\":\"Handmade knives\",\"publisher\":{\"@id\":\"https:\\\/\\\/aaknives.eu\\\/et\\\/#organization\"},\"potentialAction\":[{\"@type\":\"SearchAction\",\"target\":{\"@type\":\"EntryPoint\",\"urlTemplate\":\"https:\\\/\\\/aaknives.eu\\\/et\\\/?s={search_term_string}\"},\"query-input\":{\"@type\":\"PropertyValueSpecification\",\"valueRequired\":true,\"valueName\":\"search_term_string\"}}],\"inLanguage\":\"et\"},{\"@type\":\"Organization\",\"@id\":\"https:\\\/\\\/aaknives.eu\\\/et\\\/#organization\",\"name\":\"AAKnives\",\"url\":\"https:\\\/\\\/aaknives.eu\\\/et\\\/\",\"logo\":{\"@type\":\"ImageObject\",\"inLanguage\":\"et\",\"@id\":\"https:\\\/\\\/aaknives.eu\\\/et\\\/#\\\/schema\\\/logo\\\/image\\\/\",\"url\":\"https:\\\/\\\/aaknives.eu\\\/wp-content\\\/uploads\\\/2021\\\/10\\\/AAknives_Logo_Green.png\",\"contentUrl\":\"https:\\\/\\\/aaknives.eu\\\/wp-content\\\/uploads\\\/2021\\\/10\\\/AAknives_Logo_Green.png\",\"width\":1768,\"height\":1768,\"caption\":\"AAKnives\"},\"image\":{\"@id\":\"https:\\\/\\\/aaknives.eu\\\/et\\\/#\\\/schema\\\/logo\\\/image\\\/\"},\"sameAs\":[\"https:\\\/\\\/www.facebook.com\\\/aaknives.eu\\\/\",\"https:\\\/\\\/www.instagram.com\\\/aaknives\\\/\",\"https:\\\/\\\/www.pinterest.com\\\/aa_knives\\\/\",\"https:\\\/\\\/www.youtube.com\\\/channel\\\/UCHOQFjrOkgT6s4FIw9LDKyw\\\/featured\"]}]}<\/script>\n<!-- \/ Yoast SEO plugin. -->","yoast_head_json":{"title":"\"TANTO-BAMBOO\", Damaskuse terasest nuga - AAKnives","description":"\"TANTO-BAMBOO\", Damaskuse terasest nuga, eksklusiivne nuga, kingitusnuga, damaskuse nuga, tanto nuga, damaskuse teras, aaknivesi nuga, k\u00e4sitsi valmistatud nuga","robots":{"index":"index","follow":"follow","max-snippet":"max-snippet:-1","max-image-preview":"max-image-preview:large","max-video-preview":"max-video-preview:-1"},"canonical":"https:\/\/aaknives.eu\/et\/product\/tanto-bamboo-damaskuse-terasest-nuga\/","og_locale":"et_EE","og_type":"article","og_title":"\"TANTO-BAMBOO\", Damaskuse terasest nuga - AAKnives","og_description":"\"TANTO-BAMBOO\", Damaskuse terasest nuga, eksklusiivne nuga, kingitusnuga, damaskuse nuga, tanto nuga, damaskuse teras, aaknivesi nuga, k\u00e4sitsi valmistatud nuga","og_url":"https:\/\/aaknives.eu\/et\/product\/tanto-bamboo-damaskuse-terasest-nuga\/","og_site_name":"AAKnives","article_publisher":"https:\/\/www.facebook.com\/aaknives.eu\/","og_image":[{"width":1020,"height":880,"url":"https:\/\/aaknives.eu\/wp-content\/uploads\/2023\/02\/aaknives-hand-forged-dabascus-steel-blade-knife-handmade-custom-made-knife-handcrafted-knives-autinetools-northmen-5-2.jpg","type":"image\/jpeg"}],"twitter_card":"summary_large_image","twitter_misc":{"Est. reading time":"3 minutit"},"schema":{"@context":"https:\/\/schema.org","@graph":[{"@type":"WebPage","@id":"https:\/\/aaknives.eu\/et\/product\/tanto-bamboo-damaskuse-terasest-nuga\/","url":"https:\/\/aaknives.eu\/et\/product\/tanto-bamboo-damaskuse-terasest-nuga\/","name":"\"TANTO-BAMBOO\", Damaskuse terasest nuga - AAKnives","isPartOf":{"@id":"https:\/\/aaknives.eu\/et\/#website"},"primaryImageOfPage":{"@id":"https:\/\/aaknives.eu\/et\/product\/tanto-bamboo-damaskuse-terasest-nuga\/#primaryimage"},"image":{"@id":"https:\/\/aaknives.eu\/et\/product\/tanto-bamboo-damaskuse-terasest-nuga\/#primaryimage"},"thumbnailUrl":"https:\/\/aaknives.eu\/wp-content\/uploads\/2023\/02\/aaknives-hand-forged-dabascus-steel-blade-knife-handmade-custom-made-knife-handcrafted-knives-autinetools-northmen-11.2.jpg","datePublished":"2023-02-08T20:02:45+00:00","description":"\"TANTO-BAMBOO\", Damaskuse terasest nuga, eksklusiivne nuga, kingitusnuga, damaskuse nuga, tanto nuga, damaskuse teras, aaknivesi nuga, k\u00e4sitsi valmistatud nuga","breadcrumb":{"@id":"https:\/\/aaknives.eu\/et\/product\/tanto-bamboo-damaskuse-terasest-nuga\/#breadcrumb"},"inLanguage":"et","potentialAction":[{"@type":"ReadAction","target":["https:\/\/aaknives.eu\/et\/product\/tanto-bamboo-damaskuse-terasest-nuga\/"]}]},{"@type":"ImageObject","inLanguage":"et","@id":"https:\/\/aaknives.eu\/et\/product\/tanto-bamboo-damaskuse-terasest-nuga\/#primaryimage","url":"https:\/\/aaknives.eu\/wp-content\/uploads\/2023\/02\/aaknives-hand-forged-dabascus-steel-blade-knife-handmade-custom-made-knife-handcrafted-knives-autinetools-northmen-11.2.jpg","contentUrl":"https:\/\/aaknives.eu\/wp-content\/uploads\/2023\/02\/aaknives-hand-forged-dabascus-steel-blade-knife-handmade-custom-made-knife-handcrafted-knives-autinetools-northmen-11.2.jpg","width":1020,"height":880},{"@type":"BreadcrumbList","@id":"https:\/\/aaknives.eu\/et\/product\/tanto-bamboo-damaskuse-terasest-nuga\/#breadcrumb","itemListElement":[{"@type":"ListItem","position":1,"name":"Home","item":"https:\/\/aaknives.eu\/et\/kodu\/"},{"@type":"ListItem","position":2,"name":"Kauplus","item":"https:\/\/aaknives.eu\/et\/kauplus\/"},{"@type":"ListItem","position":3,"name":"&#8220;TANTO-BAMBOO&#8221;, Damaskuse terasest nuga"}]},{"@type":"WebSite","@id":"https:\/\/aaknives.eu\/et\/#website","url":"https:\/\/aaknives.eu\/et\/","name":"AAKnives","description":"Handmade knives","publisher":{"@id":"https:\/\/aaknives.eu\/et\/#organization"},"potentialAction":[{"@type":"SearchAction","target":{"@type":"EntryPoint","urlTemplate":"https:\/\/aaknives.eu\/et\/?s={search_term_string}"},"query-input":{"@type":"PropertyValueSpecification","valueRequired":true,"valueName":"search_term_string"}}],"inLanguage":"et"},{"@type":"Organization","@id":"https:\/\/aaknives.eu\/et\/#organization","name":"AAKnives","url":"https:\/\/aaknives.eu\/et\/","logo":{"@type":"ImageObject","inLanguage":"et","@id":"https:\/\/aaknives.eu\/et\/#\/schema\/logo\/image\/","url":"https:\/\/aaknives.eu\/wp-content\/uploads\/2021\/10\/AAknives_Logo_Green.png","contentUrl":"https:\/\/aaknives.eu\/wp-content\/uploads\/2021\/10\/AAknives_Logo_Green.png","width":1768,"height":1768,"caption":"AAKnives"},"image":{"@id":"https:\/\/aaknives.eu\/et\/#\/schema\/logo\/image\/"},"sameAs":["https:\/\/www.facebook.com\/aaknives.eu\/","https:\/\/www.instagram.com\/aaknives\/","https:\/\/www.pinterest.com\/aa_knives\/","https:\/\/www.youtube.com\/channel\/UCHOQFjrOkgT6s4FIw9LDKyw\/featured"]}]}},"_links":{"self":[{"href":"https:\/\/aaknives.eu\/et\/wp-json\/wp\/v2\/product\/40241","targetHints":{"allow":["GET"]}}],"collection":[{"href":"https:\/\/aaknives.eu\/et\/wp-json\/wp\/v2\/product"}],"about":[{"href":"https:\/\/aaknives.eu\/et\/wp-json\/wp\/v2\/types\/product"}],"wp:featuredmedia":[{"embeddable":true,"href":"https:\/\/aaknives.eu\/et\/wp-json\/wp\/v2\/media\/68557"}],"wp:attachment":[{"href":"https:\/\/aaknives.eu\/et\/wp-json\/wp\/v2\/media?parent=40241"}],"wp:term":[{"taxonomy":"product_brand","embeddable":true,"href":"https:\/\/aaknives.eu\/et\/wp-json\/wp\/v2\/product_brand?post=40241"},{"taxonomy":"product_cat","embeddable":true,"href":"https:\/\/aaknives.eu\/et\/wp-json\/wp\/v2\/product_cat?post=40241"},{"taxonomy":"product_tag","embeddable":true,"href":"https:\/\/aaknives.eu\/et\/wp-json\/wp\/v2\/product_tag?post=40241"}],"curies":[{"name":"wp","href":"https:\/\/api.w.org\/{rel}","templated":true}]}}