{"id":40273,"date":"2023-02-08T17:19:50","date_gmt":"2023-02-08T17:19:50","guid":{"rendered":"https:\/\/aaknives.eu\/product\/nuga-fulltang-damaskuse-terasest-nuga\/"},"modified":"2025-02-25T13:08:55","modified_gmt":"2025-02-25T13:08:55","slug":"nuga-fulltang-damaskuse-terasest-nuga","status":"publish","type":"product","link":"https:\/\/aaknives.eu\/et\/product\/nuga-fulltang-damaskuse-terasest-nuga\/","title":{"rendered":"Nuga &#8220;FullTang&#8221; &#8211; Damaskuse terasest nuga"},"content":{"rendered":"<p>Knife specifications: &#8221;FullTang&#8221;<br \/>\nSteel: Hand forged Damascus steel blade hunting knife, (HVG, U10, ShH15), 800 layers<br \/>\nHardness: 60-62 HRC<br \/>\nBlade length (mm): 105 \/ 4,13 Inch<br \/>\nBlade thickness (mm): 3 \/ 0,11 Inch<br \/>\nBlade width (mm): 40 \/ 1,57 Inch<br \/>\nHandle: Micarta<br \/>\nOverall length (mm): 205 \/ 8,07 Inch<\/p>\n<p>Tugev jahinuga, mis on kasulik nii eelt\u00f6\u00f6tluseks kui ka hilisemaks liha l\u00f5ikamiseks. Selle tera on k\u00e4sitsi sepistatud Damaskuse terasest, mis muudab selle v\u00e4ga k\u00f5vaks, kuid samas ka elastseks ja vastupidavaks.<br \/>\nNeed ainulaadsed materjaliomadused on saavutatud pehme ja k\u00f5va metallisulami moodustamise teel, mille tulemuseks on parim jahinuga, millel on tuntud Damaskuse terase joonistus, mis t\u00e4nu mikrosaha terale kestab kaua ja suudab s\u00e4ilitada oma teravuse ilma teritamata v\u00e4ga pikka aega.<br \/>\nTera m\u00e4rgatav laienemine teeb sellest suurep\u00e4rase n\u00fclgimisnoa, kuid kergesti kontrollitav noaots ja kitsam teraots hoiab \u00e4ra siseorganite vigastused \u00f5hutamisel v\u00f5i tarbetud l\u00f5iked hilisemal liha t\u00f6\u00f6tlemisel.<br \/>\nTeisest k\u00fcljest on meie k\u00e4sitsi sepistatud nugade k\u00e4epide puidust, mis erinevalt s\u00fcnteetilistest materjalidest on k\u00e4es palju meeldivam ja mugavam.<br \/>\nJahimehe enda ohutuse tagamiseks on k\u00e4epideme ja tera vahel stopper, mis hoiab \u00e4ra s\u00f5rmede juhusliku vigastuse uluki puhastamisel ja k\u00e4sitsemisel, isegi kui k\u00e4ed on libedad.<br \/>\nDamaskuse terasest jahinugade komplekti kuulub ka vastupidav tumedast nahast \u00fcmbris, millel on kindel neetidega kinnitus, mis kaitseb nuga halbade ilmastikuolude eest ja ei p\u00f5hjusta juhuslikku kaotust. Rahakotil on kaks riputit, mida saab kinnitada v\u00f6\u00f6 k\u00fclge, et sellele oleks igal ajal lihtne ligi p\u00e4\u00e4seda. \u00dcks neist on klassikaline fikseeritud ja teine on vaba riidepuu, mis v\u00f5imaldab noal vabalt ja samal ajal rippuda \u00fcmber v\u00f6\u00f6, v\u00f5imaldab liikuda ja v\u00e4ldib ebamugavust istumisel v\u00f5i autoga mastilt mastile liikumisel, kui see on fikseeritud kallistus surub ebamugavalt jalale v\u00f5i taljele.<br \/>\nSee elegantne k\u00e4sitsi sepistatud nuga kestab kaua ning on t\u00e4nu oma silmapaistvatele omadustele ustav ja parim jahinuga. See on kerge ja mahub mugavalt peopessa, pakkudes kiiret, ohutut, t\u00f5husat ja kvaliteetset protsessi.<\/p>\n<p>K\u00e4sitsi sepistatud Damaskuse teras, mis on loodud erineva k\u00f5vaduse ja viskoossusega terase paketist, mis on kokku pandud plaadiks kindlas j\u00e4rjekorras. J\u00e4rgmisena sepitakse plaati korduvalt \u00fcmber, t\u00e4nu millele moodustuvad kihid ja ainulaadne muster.<br \/>\nKeeruline tehnoloogiline protsess toimub k\u00e4sitsi. Sel viisil saadud terast iseloomustab suurenenud tugevus, k\u00f5rge k\u00f5vadus, suurep\u00e4rased l\u00f5ikeomadused ja ilu.<br \/>\nDamaskuse teras rohkem kui 700-1000 kihti.<br \/>\nPakend damaski terasest ShH15 + HVG + U10A, termiline v\u00e4ljendus 860 \u00b0 C <\/p>\n<p>Damaskuse terasest nugade eelised:<br \/>\nSuurenenud tugevus<br \/>\nK\u00f5rge k\u00f5vadus<br \/>\nSuurep\u00e4rased l\u00f5ikeomadused<br \/>\nIlus disain<br \/>\nKauakestev teravus<\/p>\n<p>Tera k\u00f5vadus 60-62 HRC.<br \/>\nK\u00e4sitsi valmistatud<\/p>\n<p>Damaskuse terase kasutamine ja hooldamine<\/p>\n<p>Damaskuseteras on laialdaselt tuntud kui \u00fcks k\u00f5ige vastupidavamaid noad, mida jahimehed, kalamehed ja loodushuvilised oma vajaduste rahuldamiseks valivad.<\/p>\n<p>AA Knives&#8217;i pakutav Damaskus teras on sepistatud kolmest erinevast terasest, mille tulemuseks on tuntud ja ainulaadse mustriga materjal, milles on \u00fchendatud kasutatud teraste kolm positiivset t\u00f6\u00f6tlusomadust &#8211; tugevus, painduvus ja v\u00f5ime s\u00e4ilitada teravus pikka aega. Arvatakse, et t\u00e4nu oma paremale l\u00f5ikamisv\u00f5imele on see teras sageli isegi parem kui roostevabast terasest tooted, sest selle tera tekitab mikrosahkalaadse pinna, mis on ainulaadne mitmest terasest kokku sepistatud materjalidele. Kuna Damaskuse teras on \u00fcks k\u00f5ige roostekindlamatest terastest, on eriti oluline meeles pidada, et selle eest tuleb korralikult hoolitseda.<\/p>\n<p>Nii nagu vihmaselt jahilt koju toodud relva &#8211; mida ei ole p\u00fchitud ega puhastatud &#8211; ei pane keegi kohe seifi, samamoodi tuleb hoolitseda oma noa eest, mis t\u00e4idab jahipidamise ajal palju t\u00e4htsamat \u00fclesannet kui relv. P\u00e4rast kasutamist tuleb damaskuseterasest nuga p\u00f5hjalikult p\u00fchkida, puhastada mustusest ja kuivatada, et see ei saaks hoiustamise ajal niiskust, mis v\u00f5ib aja jooksul p\u00f5hjustada roostetamist, ning te ei tohiks unustada \u00f5litamist. Selleks ei ole vaja osta professionaalseid kaitsematerjale, siinkohal on kasulik ka mistahes k\u00f6\u00f6gis leiduv toidu\u00f5li, sest jahinuga puutub peaaegu alati kokku liha ja muude toiduainetega, seega ei ole soovitatav kasutada mehaanilist \u00f5li noa kaitsmiseks. \u00c4rge unustage ka regulaarset teravustamist ja korrigeerimist.<\/p>\n<p>Kuid iga\u00fchega juhtub, et v\u00e4rskelt kasutatud nuga unustatakse autosse v\u00f5i koti p\u00f5hja, ja kui see on seal juba m\u00f5nda aega seisnud, on terale tekkinud tumedad laigud &#8211; esimesed roostem\u00e4rgid. Aga kas selleks peaksite loobuma oma lemmikt\u00f6\u00f6riistast? Ei sugugi! Et asi paremaks teha, minge lihtsalt \u00fcksk\u00f5ik millisesse riistapoodi ja hankige k\u00f5ige peenem liivapaber (P2,000 &#8211; 2,500) ning h\u00f5\u00f5ruge tera kergelt, et roostepunktidest vabaneda.<\/p>\n<p>Tuleb meeles pidada, et nuga kestab kauem ja t\u00e4idab oma \u00fclesannet t\u00f6\u00f6protsessis paremini, kui leiate iga p\u00e4ev l\u00fchikese aja selle n\u00f5uetekohaseks hooldamiseks, kuid kui p\u00e4rast noa ostmist tunduvad hooldusaspektid endiselt ebaselged, ei keeldu AA Knives n\u00f5uannetest, et muuta noaga t\u00f6\u00f6tamine mugavaks ja meeldivaks.<\/p>\n","protected":false},"excerpt":{"rendered":"<p>Knife specifications: &#8221;FullTang&#8221; Steel: Hand forged Damascus steel blade hunting knife, (HVG, U10, ShH15), 800 layers Hardness: 60-62 HRC Blade length (mm): 105 \/ 4,13 Inch Blade thickness (mm): 3 \/ 0,11 Inch Blade width (mm): 40 \/ 1,57 Inch Handle: Micarta Overall length (mm): 205 \/ 8,07 Inch Tugev jahinuga, mis on kasulik nii eelt\u00f6\u00f6tluseks kui ka hilisemaks liha l\u00f5ikamiseks. Selle tera on k\u00e4sitsi sepistatud Damaskuse terasest, mis muudab selle v\u00e4ga k\u00f5vaks, kuid samas ka elastseks ja vastupidavaks. Need ainulaadsed materjaliomadused on saavutatud pehme ja k\u00f5va metallisulami moodustamise teel, mille tulemuseks on parim jahinuga, millel on tuntud Damaskuse terase&hellip;<\/p>\n","protected":false},"featured_media":96896,"template":"","meta":{"_themeisle_gutenberg_block_has_review":false},"product_brand":[],"product_cat":[345,346,349],"product_tag":[],"class_list":{"0":"post-40273","1":"product","2":"type-product","3":"status-publish","4":"has-post-thumbnail","6":"product_cat-jahinoad","7":"product_cat-matkanoad","8":"product_cat-taismetallist-noad","10":"first","11":"instock","12":"shipping-taxable","13":"purchasable","14":"product-type-simple"},"yoast_head":"<!-- This site is optimized with the Yoast SEO plugin v27.5 - https:\/\/yoast.com\/product\/yoast-seo-wordpress\/ -->\n<title>Nuga &quot;FullTang&quot; - Damaskuse terasest nuga - AAKnives<\/title>\n<meta name=\"description\" content=\"Damaskuse terasest nuga, outdoor nuga, bushcraft nuga, jahinuga, aa noad, l\u00e4tlaste nuga k\u00e4sitsi valmistatud nuga k\u00e4sit\u00f6\u00f6na valmistatud nuga custom nuga\" \/>\n<meta name=\"robots\" content=\"index, follow, max-snippet:-1, max-image-preview:large, max-video-preview:-1\" \/>\n<link rel=\"canonical\" href=\"https:\/\/aaknives.eu\/et\/product\/nuga-fulltang-damaskuse-terasest-nuga\/\" \/>\n<meta property=\"og:locale\" content=\"et_EE\" \/>\n<meta property=\"og:type\" content=\"article\" \/>\n<meta property=\"og:title\" content=\"Nuga &quot;FullTang&quot; - Damaskuse terasest nuga - AAKnives\" \/>\n<meta property=\"og:description\" content=\"Damaskuse terasest nuga, outdoor nuga, bushcraft nuga, jahinuga, aa noad, l\u00e4tlaste nuga k\u00e4sitsi valmistatud nuga k\u00e4sit\u00f6\u00f6na valmistatud nuga custom nuga\" \/>\n<meta property=\"og:url\" content=\"https:\/\/aaknives.eu\/et\/product\/nuga-fulltang-damaskuse-terasest-nuga\/\" \/>\n<meta property=\"og:site_name\" content=\"AAKnives\" \/>\n<meta property=\"article:publisher\" content=\"https:\/\/www.facebook.com\/aaknives.eu\/\" \/>\n<meta property=\"article:modified_time\" content=\"2025-02-25T13:08:55+00:00\" \/>\n<meta property=\"og:image\" content=\"https:\/\/aaknives.eu\/wp-content\/uploads\/2023\/02\/aaknives-hand-forged-damascus-steel-blade-knife-handmade-custom-made-knife-handcrafted-knives-autinetools-northmen-30.2.jpg\" \/>\n\t<meta property=\"og:image:width\" content=\"1020\" \/>\n\t<meta property=\"og:image:height\" content=\"880\" \/>\n\t<meta property=\"og:image:type\" content=\"image\/jpeg\" \/>\n<meta name=\"twitter:card\" content=\"summary_large_image\" \/>\n<meta name=\"twitter:label1\" content=\"Est. reading time\" \/>\n\t<meta name=\"twitter:data1\" content=\"4 minutit\" \/>\n<script type=\"application\/ld+json\" class=\"yoast-schema-graph\">{\"@context\":\"https:\\\/\\\/schema.org\",\"@graph\":[{\"@type\":\"WebPage\",\"@id\":\"https:\\\/\\\/aaknives.eu\\\/et\\\/product\\\/nuga-fulltang-damaskuse-terasest-nuga\\\/\",\"url\":\"https:\\\/\\\/aaknives.eu\\\/et\\\/product\\\/nuga-fulltang-damaskuse-terasest-nuga\\\/\",\"name\":\"Nuga \\\"FullTang\\\" - Damaskuse terasest nuga - AAKnives\",\"isPartOf\":{\"@id\":\"https:\\\/\\\/aaknives.eu\\\/et\\\/#website\"},\"primaryImageOfPage\":{\"@id\":\"https:\\\/\\\/aaknives.eu\\\/et\\\/product\\\/nuga-fulltang-damaskuse-terasest-nuga\\\/#primaryimage\"},\"image\":{\"@id\":\"https:\\\/\\\/aaknives.eu\\\/et\\\/product\\\/nuga-fulltang-damaskuse-terasest-nuga\\\/#primaryimage\"},\"thumbnailUrl\":\"https:\\\/\\\/aaknives.eu\\\/wp-content\\\/uploads\\\/2023\\\/02\\\/aaknives-hand-forged-damascus-steel-blade-knife-handmade-custom-made-knife-handcrafted-knives-autinetools-northmen-30.2.jpg\",\"datePublished\":\"2023-02-08T17:19:50+00:00\",\"dateModified\":\"2025-02-25T13:08:55+00:00\",\"description\":\"Damaskuse terasest nuga, outdoor nuga, bushcraft nuga, jahinuga, aa noad, l\u00e4tlaste nuga k\u00e4sitsi valmistatud nuga k\u00e4sit\u00f6\u00f6na valmistatud nuga custom nuga\",\"breadcrumb\":{\"@id\":\"https:\\\/\\\/aaknives.eu\\\/et\\\/product\\\/nuga-fulltang-damaskuse-terasest-nuga\\\/#breadcrumb\"},\"inLanguage\":\"et\",\"potentialAction\":[{\"@type\":\"ReadAction\",\"target\":[\"https:\\\/\\\/aaknives.eu\\\/et\\\/product\\\/nuga-fulltang-damaskuse-terasest-nuga\\\/\"]}]},{\"@type\":\"ImageObject\",\"inLanguage\":\"et\",\"@id\":\"https:\\\/\\\/aaknives.eu\\\/et\\\/product\\\/nuga-fulltang-damaskuse-terasest-nuga\\\/#primaryimage\",\"url\":\"https:\\\/\\\/aaknives.eu\\\/wp-content\\\/uploads\\\/2023\\\/02\\\/aaknives-hand-forged-damascus-steel-blade-knife-handmade-custom-made-knife-handcrafted-knives-autinetools-northmen-30.2.jpg\",\"contentUrl\":\"https:\\\/\\\/aaknives.eu\\\/wp-content\\\/uploads\\\/2023\\\/02\\\/aaknives-hand-forged-damascus-steel-blade-knife-handmade-custom-made-knife-handcrafted-knives-autinetools-northmen-30.2.jpg\",\"width\":1020,\"height\":880},{\"@type\":\"BreadcrumbList\",\"@id\":\"https:\\\/\\\/aaknives.eu\\\/et\\\/product\\\/nuga-fulltang-damaskuse-terasest-nuga\\\/#breadcrumb\",\"itemListElement\":[{\"@type\":\"ListItem\",\"position\":1,\"name\":\"Home\",\"item\":\"https:\\\/\\\/aaknives.eu\\\/et\\\/kodu\\\/\"},{\"@type\":\"ListItem\",\"position\":2,\"name\":\"Kauplus\",\"item\":\"https:\\\/\\\/aaknives.eu\\\/et\\\/kauplus\\\/\"},{\"@type\":\"ListItem\",\"position\":3,\"name\":\"Private: Nuga &#8220;FullTang&#8221; &#8211; Damaskuse terasest nuga\"}]},{\"@type\":\"WebSite\",\"@id\":\"https:\\\/\\\/aaknives.eu\\\/et\\\/#website\",\"url\":\"https:\\\/\\\/aaknives.eu\\\/et\\\/\",\"name\":\"AAKnives\",\"description\":\"Handmade knives\",\"publisher\":{\"@id\":\"https:\\\/\\\/aaknives.eu\\\/et\\\/#organization\"},\"potentialAction\":[{\"@type\":\"SearchAction\",\"target\":{\"@type\":\"EntryPoint\",\"urlTemplate\":\"https:\\\/\\\/aaknives.eu\\\/et\\\/?s={search_term_string}\"},\"query-input\":{\"@type\":\"PropertyValueSpecification\",\"valueRequired\":true,\"valueName\":\"search_term_string\"}}],\"inLanguage\":\"et\"},{\"@type\":\"Organization\",\"@id\":\"https:\\\/\\\/aaknives.eu\\\/et\\\/#organization\",\"name\":\"AAKnives\",\"url\":\"https:\\\/\\\/aaknives.eu\\\/et\\\/\",\"logo\":{\"@type\":\"ImageObject\",\"inLanguage\":\"et\",\"@id\":\"https:\\\/\\\/aaknives.eu\\\/et\\\/#\\\/schema\\\/logo\\\/image\\\/\",\"url\":\"https:\\\/\\\/aaknives.eu\\\/wp-content\\\/uploads\\\/2021\\\/10\\\/AAknives_Logo_Green.png\",\"contentUrl\":\"https:\\\/\\\/aaknives.eu\\\/wp-content\\\/uploads\\\/2021\\\/10\\\/AAknives_Logo_Green.png\",\"width\":1768,\"height\":1768,\"caption\":\"AAKnives\"},\"image\":{\"@id\":\"https:\\\/\\\/aaknives.eu\\\/et\\\/#\\\/schema\\\/logo\\\/image\\\/\"},\"sameAs\":[\"https:\\\/\\\/www.facebook.com\\\/aaknives.eu\\\/\",\"https:\\\/\\\/www.instagram.com\\\/aaknives\\\/\",\"https:\\\/\\\/www.pinterest.com\\\/aa_knives\\\/\",\"https:\\\/\\\/www.youtube.com\\\/channel\\\/UCHOQFjrOkgT6s4FIw9LDKyw\\\/featured\"]}]}<\/script>\n<!-- \/ Yoast SEO plugin. -->","yoast_head_json":{"title":"Nuga \"FullTang\" - Damaskuse terasest nuga - AAKnives","description":"Damaskuse terasest nuga, outdoor nuga, bushcraft nuga, jahinuga, aa noad, l\u00e4tlaste nuga k\u00e4sitsi valmistatud nuga k\u00e4sit\u00f6\u00f6na valmistatud nuga custom nuga","robots":{"index":"index","follow":"follow","max-snippet":"max-snippet:-1","max-image-preview":"max-image-preview:large","max-video-preview":"max-video-preview:-1"},"canonical":"https:\/\/aaknives.eu\/et\/product\/nuga-fulltang-damaskuse-terasest-nuga\/","og_locale":"et_EE","og_type":"article","og_title":"Nuga \"FullTang\" - Damaskuse terasest nuga - AAKnives","og_description":"Damaskuse terasest nuga, outdoor nuga, bushcraft nuga, jahinuga, aa noad, l\u00e4tlaste nuga k\u00e4sitsi valmistatud nuga k\u00e4sit\u00f6\u00f6na valmistatud nuga custom nuga","og_url":"https:\/\/aaknives.eu\/et\/product\/nuga-fulltang-damaskuse-terasest-nuga\/","og_site_name":"AAKnives","article_publisher":"https:\/\/www.facebook.com\/aaknives.eu\/","article_modified_time":"2025-02-25T13:08:55+00:00","og_image":[{"width":1020,"height":880,"url":"https:\/\/aaknives.eu\/wp-content\/uploads\/2023\/02\/aaknives-hand-forged-damascus-steel-blade-knife-handmade-custom-made-knife-handcrafted-knives-autinetools-northmen-30.2.jpg","type":"image\/jpeg"}],"twitter_card":"summary_large_image","twitter_misc":{"Est. reading time":"4 minutit"},"schema":{"@context":"https:\/\/schema.org","@graph":[{"@type":"WebPage","@id":"https:\/\/aaknives.eu\/et\/product\/nuga-fulltang-damaskuse-terasest-nuga\/","url":"https:\/\/aaknives.eu\/et\/product\/nuga-fulltang-damaskuse-terasest-nuga\/","name":"Nuga \"FullTang\" - Damaskuse terasest nuga - AAKnives","isPartOf":{"@id":"https:\/\/aaknives.eu\/et\/#website"},"primaryImageOfPage":{"@id":"https:\/\/aaknives.eu\/et\/product\/nuga-fulltang-damaskuse-terasest-nuga\/#primaryimage"},"image":{"@id":"https:\/\/aaknives.eu\/et\/product\/nuga-fulltang-damaskuse-terasest-nuga\/#primaryimage"},"thumbnailUrl":"https:\/\/aaknives.eu\/wp-content\/uploads\/2023\/02\/aaknives-hand-forged-damascus-steel-blade-knife-handmade-custom-made-knife-handcrafted-knives-autinetools-northmen-30.2.jpg","datePublished":"2023-02-08T17:19:50+00:00","dateModified":"2025-02-25T13:08:55+00:00","description":"Damaskuse terasest nuga, outdoor nuga, bushcraft nuga, jahinuga, aa noad, l\u00e4tlaste nuga k\u00e4sitsi valmistatud nuga k\u00e4sit\u00f6\u00f6na valmistatud nuga custom nuga","breadcrumb":{"@id":"https:\/\/aaknives.eu\/et\/product\/nuga-fulltang-damaskuse-terasest-nuga\/#breadcrumb"},"inLanguage":"et","potentialAction":[{"@type":"ReadAction","target":["https:\/\/aaknives.eu\/et\/product\/nuga-fulltang-damaskuse-terasest-nuga\/"]}]},{"@type":"ImageObject","inLanguage":"et","@id":"https:\/\/aaknives.eu\/et\/product\/nuga-fulltang-damaskuse-terasest-nuga\/#primaryimage","url":"https:\/\/aaknives.eu\/wp-content\/uploads\/2023\/02\/aaknives-hand-forged-damascus-steel-blade-knife-handmade-custom-made-knife-handcrafted-knives-autinetools-northmen-30.2.jpg","contentUrl":"https:\/\/aaknives.eu\/wp-content\/uploads\/2023\/02\/aaknives-hand-forged-damascus-steel-blade-knife-handmade-custom-made-knife-handcrafted-knives-autinetools-northmen-30.2.jpg","width":1020,"height":880},{"@type":"BreadcrumbList","@id":"https:\/\/aaknives.eu\/et\/product\/nuga-fulltang-damaskuse-terasest-nuga\/#breadcrumb","itemListElement":[{"@type":"ListItem","position":1,"name":"Home","item":"https:\/\/aaknives.eu\/et\/kodu\/"},{"@type":"ListItem","position":2,"name":"Kauplus","item":"https:\/\/aaknives.eu\/et\/kauplus\/"},{"@type":"ListItem","position":3,"name":"Private: Nuga &#8220;FullTang&#8221; &#8211; Damaskuse terasest nuga"}]},{"@type":"WebSite","@id":"https:\/\/aaknives.eu\/et\/#website","url":"https:\/\/aaknives.eu\/et\/","name":"AAKnives","description":"Handmade knives","publisher":{"@id":"https:\/\/aaknives.eu\/et\/#organization"},"potentialAction":[{"@type":"SearchAction","target":{"@type":"EntryPoint","urlTemplate":"https:\/\/aaknives.eu\/et\/?s={search_term_string}"},"query-input":{"@type":"PropertyValueSpecification","valueRequired":true,"valueName":"search_term_string"}}],"inLanguage":"et"},{"@type":"Organization","@id":"https:\/\/aaknives.eu\/et\/#organization","name":"AAKnives","url":"https:\/\/aaknives.eu\/et\/","logo":{"@type":"ImageObject","inLanguage":"et","@id":"https:\/\/aaknives.eu\/et\/#\/schema\/logo\/image\/","url":"https:\/\/aaknives.eu\/wp-content\/uploads\/2021\/10\/AAknives_Logo_Green.png","contentUrl":"https:\/\/aaknives.eu\/wp-content\/uploads\/2021\/10\/AAknives_Logo_Green.png","width":1768,"height":1768,"caption":"AAKnives"},"image":{"@id":"https:\/\/aaknives.eu\/et\/#\/schema\/logo\/image\/"},"sameAs":["https:\/\/www.facebook.com\/aaknives.eu\/","https:\/\/www.instagram.com\/aaknives\/","https:\/\/www.pinterest.com\/aa_knives\/","https:\/\/www.youtube.com\/channel\/UCHOQFjrOkgT6s4FIw9LDKyw\/featured"]}]}},"_links":{"self":[{"href":"https:\/\/aaknives.eu\/et\/wp-json\/wp\/v2\/product\/40273","targetHints":{"allow":["GET"]}}],"collection":[{"href":"https:\/\/aaknives.eu\/et\/wp-json\/wp\/v2\/product"}],"about":[{"href":"https:\/\/aaknives.eu\/et\/wp-json\/wp\/v2\/types\/product"}],"wp:featuredmedia":[{"embeddable":true,"href":"https:\/\/aaknives.eu\/et\/wp-json\/wp\/v2\/media\/96896"}],"wp:attachment":[{"href":"https:\/\/aaknives.eu\/et\/wp-json\/wp\/v2\/media?parent=40273"}],"wp:term":[{"taxonomy":"product_brand","embeddable":true,"href":"https:\/\/aaknives.eu\/et\/wp-json\/wp\/v2\/product_brand?post=40273"},{"taxonomy":"product_cat","embeddable":true,"href":"https:\/\/aaknives.eu\/et\/wp-json\/wp\/v2\/product_cat?post=40273"},{"taxonomy":"product_tag","embeddable":true,"href":"https:\/\/aaknives.eu\/et\/wp-json\/wp\/v2\/product_tag?post=40273"}],"curies":[{"name":"wp","href":"https:\/\/api.w.org\/{rel}","templated":true}]}}