{"id":40354,"date":"2023-01-30T17:43:52","date_gmt":"2023-01-30T17:43:52","guid":{"rendered":"https:\/\/aaknives.eu\/product\/noa-teritaja-pivot-plus\/"},"modified":"2023-01-30T17:43:52","modified_gmt":"2023-01-30T17:43:52","slug":"noa-teritaja-pivot-plus","status":"publish","type":"product","link":"https:\/\/aaknives.eu\/et\/product\/noa-teritaja-pivot-plus\/","title":{"rendered":"NOA TERITAJA PIVOT PLUS"},"content":{"rendered":"<p>Work Sharp EDC Pivot PLUS nugade teritaja on kiire, lihtne ja t\u00f5hus viis teritada k\u00f5iki teie noad. Koonilised karbiidid taastavad kiiresti terava serva, samas kui peeneteralised keraamilised vardad lihvivad serva tehase teravuse tasemeni. Pivot Response j\u00e4rgib tera teritamisel tera k\u00f5verust, mis muudab teritamise lihtsamaks ja j\u00e4rjepidevamaks. Kooniline teemantvarras sobib ideaalselt hammaste v\u00f5i peene servaga t\u00f6\u00f6riistade teritamiseks ja sellel on soon kalakonksude teritamiseks. Kompaktne suurus mahub h\u00f5lpsasti kotti, taskusse, t\u00f6\u00f6riistade v\u00f5i p\u00fc\u00fcgivahenditega seotud kastidesse.<\/p>\n","protected":false},"excerpt":{"rendered":"<p>Work Sharp EDC Pivot PLUS nugade teritaja on kiire, lihtne ja t\u00f5hus viis teritada k\u00f5iki teie noad. Koonilised karbiidid taastavad kiiresti terava serva, samas kui peeneteralised keraamilised vardad lihvivad serva tehase teravuse tasemeni. Pivot Response j\u00e4rgib tera teritamisel tera k\u00f5verust, mis muudab teritamise lihtsamaks ja j\u00e4rjepidevamaks. Kooniline teemantvarras sobib ideaalselt hammaste v\u00f5i peene servaga t\u00f6\u00f6riistade teritamiseks ja sellel on soon kalakonksude teritamiseks. Kompaktne suurus mahub h\u00f5lpsasti kotti, taskusse, t\u00f6\u00f6riistade v\u00f5i p\u00fc\u00fcgivahenditega seotud kastidesse.<\/p>\n","protected":false},"featured_media":40355,"template":"","meta":{"_themeisle_gutenberg_block_has_review":false},"product_brand":[],"product_cat":[351],"product_tag":[],"class_list":{"0":"post-40354","1":"product","2":"type-product","3":"status-publish","4":"has-post-thumbnail","6":"product_cat-nugade-teritamine-noateritajad","8":"first","9":"instock","10":"shipping-taxable","11":"purchasable","12":"product-type-simple"},"yoast_head":"<!-- This site is optimized with the Yoast SEO plugin v27.5 - https:\/\/yoast.com\/product\/yoast-seo-wordpress\/ -->\n<title>NOA TERITAJA PIVOT PLUS - AAKnives<\/title>\n<meta name=\"description\" content=\"NOA TERITAJA PIVOT PLUS\" \/>\n<meta name=\"robots\" content=\"index, follow, max-snippet:-1, max-image-preview:large, max-video-preview:-1\" \/>\n<link rel=\"canonical\" href=\"https:\/\/aaknives.eu\/et\/product\/noa-teritaja-pivot-plus\/\" \/>\n<meta property=\"og:locale\" content=\"et_EE\" \/>\n<meta property=\"og:type\" content=\"article\" \/>\n<meta property=\"og:title\" content=\"NOA TERITAJA PIVOT PLUS - AAKnives\" \/>\n<meta property=\"og:description\" content=\"NOA TERITAJA PIVOT PLUS\" \/>\n<meta property=\"og:url\" content=\"https:\/\/aaknives.eu\/et\/product\/noa-teritaja-pivot-plus\/\" \/>\n<meta property=\"og:site_name\" content=\"AAKnives\" \/>\n<meta property=\"article:publisher\" content=\"https:\/\/www.facebook.com\/aaknives.eu\/\" \/>\n<meta property=\"og:image\" content=\"https:\/\/aaknives.eu\/wp-content\/uploads\/2023\/01\/aaknives-hand-forged-damascus-steel-blade-knife-handmade-custom-made-knife-handcrafted-knives-autinetools-northmen-1-4-1.jpg\" \/>\n\t<meta property=\"og:image:width\" content=\"1020\" \/>\n\t<meta property=\"og:image:height\" content=\"880\" \/>\n\t<meta property=\"og:image:type\" content=\"image\/jpeg\" \/>\n<meta name=\"twitter:card\" content=\"summary_large_image\" \/>\n<script type=\"application\/ld+json\" class=\"yoast-schema-graph\">{\"@context\":\"https:\\\/\\\/schema.org\",\"@graph\":[{\"@type\":\"WebPage\",\"@id\":\"https:\\\/\\\/aaknives.eu\\\/et\\\/product\\\/noa-teritaja-pivot-plus\\\/\",\"url\":\"https:\\\/\\\/aaknives.eu\\\/et\\\/product\\\/noa-teritaja-pivot-plus\\\/\",\"name\":\"NOA TERITAJA PIVOT PLUS - AAKnives\",\"isPartOf\":{\"@id\":\"https:\\\/\\\/aaknives.eu\\\/et\\\/#website\"},\"primaryImageOfPage\":{\"@id\":\"https:\\\/\\\/aaknives.eu\\\/et\\\/product\\\/noa-teritaja-pivot-plus\\\/#primaryimage\"},\"image\":{\"@id\":\"https:\\\/\\\/aaknives.eu\\\/et\\\/product\\\/noa-teritaja-pivot-plus\\\/#primaryimage\"},\"thumbnailUrl\":\"https:\\\/\\\/aaknives.eu\\\/wp-content\\\/uploads\\\/2023\\\/01\\\/aaknives-hand-forged-damascus-steel-blade-knife-handmade-custom-made-knife-handcrafted-knives-autinetools-northmen-1-4-1.jpg\",\"datePublished\":\"2023-01-30T17:43:52+00:00\",\"description\":\"NOA TERITAJA PIVOT PLUS\",\"breadcrumb\":{\"@id\":\"https:\\\/\\\/aaknives.eu\\\/et\\\/product\\\/noa-teritaja-pivot-plus\\\/#breadcrumb\"},\"inLanguage\":\"et\",\"potentialAction\":[{\"@type\":\"ReadAction\",\"target\":[\"https:\\\/\\\/aaknives.eu\\\/et\\\/product\\\/noa-teritaja-pivot-plus\\\/\"]}]},{\"@type\":\"ImageObject\",\"inLanguage\":\"et\",\"@id\":\"https:\\\/\\\/aaknives.eu\\\/et\\\/product\\\/noa-teritaja-pivot-plus\\\/#primaryimage\",\"url\":\"https:\\\/\\\/aaknives.eu\\\/wp-content\\\/uploads\\\/2023\\\/01\\\/aaknives-hand-forged-damascus-steel-blade-knife-handmade-custom-made-knife-handcrafted-knives-autinetools-northmen-1-4-1.jpg\",\"contentUrl\":\"https:\\\/\\\/aaknives.eu\\\/wp-content\\\/uploads\\\/2023\\\/01\\\/aaknives-hand-forged-damascus-steel-blade-knife-handmade-custom-made-knife-handcrafted-knives-autinetools-northmen-1-4-1.jpg\",\"width\":1020,\"height\":880,\"caption\":\"aaknives hand forged damascus steel blade knife handmade custom made knife handcrafted knives autinetools northmen 1 4 1\"},{\"@type\":\"BreadcrumbList\",\"@id\":\"https:\\\/\\\/aaknives.eu\\\/et\\\/product\\\/noa-teritaja-pivot-plus\\\/#breadcrumb\",\"itemListElement\":[{\"@type\":\"ListItem\",\"position\":1,\"name\":\"Home\",\"item\":\"https:\\\/\\\/aaknives.eu\\\/et\\\/kodu\\\/\"},{\"@type\":\"ListItem\",\"position\":2,\"name\":\"Kauplus\",\"item\":\"https:\\\/\\\/aaknives.eu\\\/et\\\/kauplus\\\/\"},{\"@type\":\"ListItem\",\"position\":3,\"name\":\"NOA TERITAJA PIVOT PLUS\"}]},{\"@type\":\"WebSite\",\"@id\":\"https:\\\/\\\/aaknives.eu\\\/et\\\/#website\",\"url\":\"https:\\\/\\\/aaknives.eu\\\/et\\\/\",\"name\":\"AAKnives\",\"description\":\"Handmade knives\",\"publisher\":{\"@id\":\"https:\\\/\\\/aaknives.eu\\\/et\\\/#organization\"},\"alternateName\":\"Anri Ananin Knives\",\"potentialAction\":[{\"@type\":\"SearchAction\",\"target\":{\"@type\":\"EntryPoint\",\"urlTemplate\":\"https:\\\/\\\/aaknives.eu\\\/et\\\/?s={search_term_string}\"},\"query-input\":{\"@type\":\"PropertyValueSpecification\",\"valueRequired\":true,\"valueName\":\"search_term_string\"}}],\"inLanguage\":\"et\"},{\"@type\":\"Organization\",\"@id\":\"https:\\\/\\\/aaknives.eu\\\/et\\\/#organization\",\"name\":\"AAKnives\",\"url\":\"https:\\\/\\\/aaknives.eu\\\/et\\\/\",\"logo\":{\"@type\":\"ImageObject\",\"inLanguage\":\"et\",\"@id\":\"https:\\\/\\\/aaknives.eu\\\/et\\\/#\\\/schema\\\/logo\\\/image\\\/\",\"url\":\"https:\\\/\\\/aaknives.eu\\\/wp-content\\\/uploads\\\/2021\\\/10\\\/AAknives_Logo_Green.png\",\"contentUrl\":\"https:\\\/\\\/aaknives.eu\\\/wp-content\\\/uploads\\\/2021\\\/10\\\/AAknives_Logo_Green.png\",\"width\":1768,\"height\":1768,\"caption\":\"AAKnives\"},\"image\":{\"@id\":\"https:\\\/\\\/aaknives.eu\\\/et\\\/#\\\/schema\\\/logo\\\/image\\\/\"},\"sameAs\":[\"https:\\\/\\\/www.facebook.com\\\/aaknives.eu\\\/\",\"https:\\\/\\\/www.instagram.com\\\/aaknives\\\/\",\"https:\\\/\\\/www.pinterest.com\\\/aa_knives\\\/\",\"https:\\\/\\\/www.youtube.com\\\/@aaknives9518\"]}]}<\/script>\n<!-- \/ Yoast SEO plugin. -->","yoast_head_json":{"title":"NOA TERITAJA PIVOT PLUS - AAKnives","description":"NOA TERITAJA PIVOT PLUS","robots":{"index":"index","follow":"follow","max-snippet":"max-snippet:-1","max-image-preview":"max-image-preview:large","max-video-preview":"max-video-preview:-1"},"canonical":"https:\/\/aaknives.eu\/et\/product\/noa-teritaja-pivot-plus\/","og_locale":"et_EE","og_type":"article","og_title":"NOA TERITAJA PIVOT PLUS - AAKnives","og_description":"NOA TERITAJA PIVOT PLUS","og_url":"https:\/\/aaknives.eu\/et\/product\/noa-teritaja-pivot-plus\/","og_site_name":"AAKnives","article_publisher":"https:\/\/www.facebook.com\/aaknives.eu\/","og_image":[{"width":1020,"height":880,"url":"https:\/\/aaknives.eu\/wp-content\/uploads\/2023\/01\/aaknives-hand-forged-damascus-steel-blade-knife-handmade-custom-made-knife-handcrafted-knives-autinetools-northmen-1-4-1.jpg","type":"image\/jpeg"}],"twitter_card":"summary_large_image","schema":{"@context":"https:\/\/schema.org","@graph":[{"@type":"WebPage","@id":"https:\/\/aaknives.eu\/et\/product\/noa-teritaja-pivot-plus\/","url":"https:\/\/aaknives.eu\/et\/product\/noa-teritaja-pivot-plus\/","name":"NOA TERITAJA PIVOT PLUS - AAKnives","isPartOf":{"@id":"https:\/\/aaknives.eu\/et\/#website"},"primaryImageOfPage":{"@id":"https:\/\/aaknives.eu\/et\/product\/noa-teritaja-pivot-plus\/#primaryimage"},"image":{"@id":"https:\/\/aaknives.eu\/et\/product\/noa-teritaja-pivot-plus\/#primaryimage"},"thumbnailUrl":"https:\/\/aaknives.eu\/wp-content\/uploads\/2023\/01\/aaknives-hand-forged-damascus-steel-blade-knife-handmade-custom-made-knife-handcrafted-knives-autinetools-northmen-1-4-1.jpg","datePublished":"2023-01-30T17:43:52+00:00","description":"NOA TERITAJA PIVOT PLUS","breadcrumb":{"@id":"https:\/\/aaknives.eu\/et\/product\/noa-teritaja-pivot-plus\/#breadcrumb"},"inLanguage":"et","potentialAction":[{"@type":"ReadAction","target":["https:\/\/aaknives.eu\/et\/product\/noa-teritaja-pivot-plus\/"]}]},{"@type":"ImageObject","inLanguage":"et","@id":"https:\/\/aaknives.eu\/et\/product\/noa-teritaja-pivot-plus\/#primaryimage","url":"https:\/\/aaknives.eu\/wp-content\/uploads\/2023\/01\/aaknives-hand-forged-damascus-steel-blade-knife-handmade-custom-made-knife-handcrafted-knives-autinetools-northmen-1-4-1.jpg","contentUrl":"https:\/\/aaknives.eu\/wp-content\/uploads\/2023\/01\/aaknives-hand-forged-damascus-steel-blade-knife-handmade-custom-made-knife-handcrafted-knives-autinetools-northmen-1-4-1.jpg","width":1020,"height":880,"caption":"aaknives hand forged damascus steel blade knife handmade custom made knife handcrafted knives autinetools northmen 1 4 1"},{"@type":"BreadcrumbList","@id":"https:\/\/aaknives.eu\/et\/product\/noa-teritaja-pivot-plus\/#breadcrumb","itemListElement":[{"@type":"ListItem","position":1,"name":"Home","item":"https:\/\/aaknives.eu\/et\/kodu\/"},{"@type":"ListItem","position":2,"name":"Kauplus","item":"https:\/\/aaknives.eu\/et\/kauplus\/"},{"@type":"ListItem","position":3,"name":"NOA TERITAJA PIVOT PLUS"}]},{"@type":"WebSite","@id":"https:\/\/aaknives.eu\/et\/#website","url":"https:\/\/aaknives.eu\/et\/","name":"AAKnives","description":"Handmade knives","publisher":{"@id":"https:\/\/aaknives.eu\/et\/#organization"},"alternateName":"Anri Ananin Knives","potentialAction":[{"@type":"SearchAction","target":{"@type":"EntryPoint","urlTemplate":"https:\/\/aaknives.eu\/et\/?s={search_term_string}"},"query-input":{"@type":"PropertyValueSpecification","valueRequired":true,"valueName":"search_term_string"}}],"inLanguage":"et"},{"@type":"Organization","@id":"https:\/\/aaknives.eu\/et\/#organization","name":"AAKnives","url":"https:\/\/aaknives.eu\/et\/","logo":{"@type":"ImageObject","inLanguage":"et","@id":"https:\/\/aaknives.eu\/et\/#\/schema\/logo\/image\/","url":"https:\/\/aaknives.eu\/wp-content\/uploads\/2021\/10\/AAknives_Logo_Green.png","contentUrl":"https:\/\/aaknives.eu\/wp-content\/uploads\/2021\/10\/AAknives_Logo_Green.png","width":1768,"height":1768,"caption":"AAKnives"},"image":{"@id":"https:\/\/aaknives.eu\/et\/#\/schema\/logo\/image\/"},"sameAs":["https:\/\/www.facebook.com\/aaknives.eu\/","https:\/\/www.instagram.com\/aaknives\/","https:\/\/www.pinterest.com\/aa_knives\/","https:\/\/www.youtube.com\/@aaknives9518"]}]}},"_links":{"self":[{"href":"https:\/\/aaknives.eu\/et\/wp-json\/wp\/v2\/product\/40354","targetHints":{"allow":["GET"]}}],"collection":[{"href":"https:\/\/aaknives.eu\/et\/wp-json\/wp\/v2\/product"}],"about":[{"href":"https:\/\/aaknives.eu\/et\/wp-json\/wp\/v2\/types\/product"}],"wp:featuredmedia":[{"embeddable":true,"href":"https:\/\/aaknives.eu\/et\/wp-json\/wp\/v2\/media\/40355"}],"wp:attachment":[{"href":"https:\/\/aaknives.eu\/et\/wp-json\/wp\/v2\/media?parent=40354"}],"wp:term":[{"taxonomy":"product_brand","embeddable":true,"href":"https:\/\/aaknives.eu\/et\/wp-json\/wp\/v2\/product_brand?post=40354"},{"taxonomy":"product_cat","embeddable":true,"href":"https:\/\/aaknives.eu\/et\/wp-json\/wp\/v2\/product_cat?post=40354"},{"taxonomy":"product_tag","embeddable":true,"href":"https:\/\/aaknives.eu\/et\/wp-json\/wp\/v2\/product_tag?post=40354"}],"curies":[{"name":"wp","href":"https:\/\/api.w.org\/{rel}","templated":true}]}}