{"id":40637,"date":"2022-08-24T06:15:50","date_gmt":"2022-08-24T06:15:50","guid":{"rendered":"https:\/\/aaknives.eu\/product\/seade-nugade-teritamiseks-kazak-ubr\/"},"modified":"2022-08-24T06:15:50","modified_gmt":"2022-08-24T06:15:50","slug":"seade-nugade-teritamiseks-kazak-ubr","status":"publish","type":"product","link":"https:\/\/aaknives.eu\/et\/product\/seade-nugade-teritamiseks-kazak-ubr\/","title":{"rendered":"Seade nugade teritamiseks &#8220;Kazak UBR&#8221;"},"content":{"rendered":"<div class=\"single-product__short-description\">\n<p>Seade on m\u00f5eldud eri kujuga ja suurusega k\u00f6\u00f6gi-, jahi- ja kokkupandavate nugade teritamiseks. T\u00e4nu noa t\u00e4psele ja stabiilsele kinnitamisele seadme klambritesse ning v\u00f5imalusele keerata nuga ilma seda klambritest v\u00e4lja v\u00f5tmata, on teritamine kiire ja lihtne ning ei n\u00f5ua operaatorilt erilisi oskusi.<br \/>\nSeadmes &#8220;Kazak UBR&#8221; on teritusnurga kiirreguleerimise \u00fcksus (UBR) hammastatud r\u00f6\u00f6p, mida m\u00f6\u00f6da k\u00e4siratta p\u00f6\u00f6rlemisel liigub hinge abil varustatud vanker. See lahendus v\u00f5imaldab teravustamisnurka kiiresti ja t\u00e4pselt muuta \u00fche liigutusega.<br \/>\nOriginaalne on kogu seadme nurgaasendi reguleerimise seade vertikaaltasandil, mis v\u00f5imaldab seadme asendit reguleerida vastavalt operaatori individuaalsetele vajadustele.<\/p>\n<p>Meie terituss\u00fcsteemides rakendati esmakordselt terituss\u00fcsteemi kallutamist operaatori suhtes, et oleks mugav kontrollida noa teritamist.<\/p>\n<p>Esimene teritaja sisseehitatud parkimiskonks on rakendatud.<\/p>\n<p>Esimene t\u00e4ielikult freesitud noaklambrite masstootmine.<\/p>\n<p><em>*V\u00e4lismaiste tellimuste puhul pidage n\u00f5u oma kohaliku tolliga seoses impordimaksude ja tollimaksudega. Selle makse eest vastutab saaja.<\/em><\/p>\n<\/div>\n<div class=\"single-product__description show\">\n<p>Originaaldisaini teraklambrid on valmistatud sulamist 7075, kuumt\u00f6\u00f6deldud .<br \/>\n8 mm l\u00e4bim\u00f5\u00f5duga horisontaalne juhtvarras on valmistatud legeeritud roostevabast terasest, selle k\u00f5vadus on 58-60 HRC, pinna karedus 0,4 Ra.<br \/>\nMaksimaalse teritusnurga suurendamiseks on v\u00f5imalik valmistada k\u00f5rgema vertikaalse statiivi.<\/p>\n<p>T\u00e4ielik terituskomplekt sisaldab:<\/p>\n<p>&#8211; parkimisseade<\/p>\n<p>&#8211; 4 mm kuuskantkruvikeeraja<\/p>\n<p>&#8211; reisijuhi peatused<\/p>\n<p>&#8211; klamber teritaja kinnitamiseks laua k\u00fclge<\/p>\n<p>&#8211; pappkarp t\u00e4itek\u00e4epidemega<\/p>\n<p><strong>Kaal2<\/strong>,5 kg<\/p>\n<p><strong>M\u00f5\u00f5tmed210<\/strong>x 200 x 660 mm<\/p>\n<p><strong>Lihvkivi maksimaalne pikkus250<\/strong>mm<\/p>\n<p><strong>Horisontaalse juhiku pikkus660<\/strong>mm<\/p>\n<p><strong>Maksimaalne kaugus teraklambrite vahel nende \u00e4\u00e4rmises asendis190<\/strong>mm<\/p>\n<p><strong>Teritatud tera maksimaalne paksus6<\/strong>mm<\/p>\n<p><strong>Teritusnurk (\u00fchel k\u00fcljel) tera laiusega 25 mmmin<\/strong>&#8211; 11\u00b0 \/ max &#8211; 31\u00b0<\/p>\n<p><strong>teritatud noatera maksimaalne pikkus350<\/strong>&#8211; 360 mm<\/p>\n<\/div>\n","protected":false},"excerpt":{"rendered":"<p>Seade nugade teritamiseks &#8220;Kazak UBR&#8221;<\/p>\n","protected":false},"featured_media":40638,"template":"","meta":{"_themeisle_gutenberg_block_has_review":false},"product_brand":[],"product_cat":[351],"product_tag":[],"class_list":{"0":"post-40637","1":"product","2":"type-product","3":"status-publish","4":"has-post-thumbnail","6":"product_cat-nugade-teritamine-noateritajad","8":"first","9":"instock","10":"shipping-taxable","11":"purchasable","12":"product-type-simple"},"yoast_head":"<!-- This site is optimized with the Yoast SEO plugin v27.3 - https:\/\/yoast.com\/product\/yoast-seo-wordpress\/ -->\n<title>Seade nugade teritamiseks &quot;Kazak UBR&quot; - AAKnives<\/title>\n<meta name=\"description\" content=\"TSPROF\u00ae Kadet Expert nugade terituss\u00fcsteem\" \/>\n<meta name=\"robots\" content=\"index, follow, max-snippet:-1, max-image-preview:large, max-video-preview:-1\" \/>\n<link rel=\"canonical\" href=\"https:\/\/aaknives.eu\/et\/product\/seade-nugade-teritamiseks-kazak-ubr\/\" \/>\n<meta property=\"og:locale\" content=\"et_EE\" \/>\n<meta property=\"og:type\" content=\"article\" \/>\n<meta property=\"og:title\" content=\"Seade nugade teritamiseks &quot;Kazak UBR&quot; - AAKnives\" \/>\n<meta property=\"og:description\" content=\"TSPROF\u00ae Kadet Expert nugade terituss\u00fcsteem\" \/>\n<meta property=\"og:url\" content=\"https:\/\/aaknives.eu\/et\/product\/seade-nugade-teritamiseks-kazak-ubr\/\" \/>\n<meta property=\"og:site_name\" content=\"AAKnives\" \/>\n<meta property=\"article:publisher\" content=\"https:\/\/www.facebook.com\/aaknives.eu\/\" \/>\n<meta property=\"og:image\" content=\"https:\/\/aaknives.eu\/wp-content\/uploads\/2022\/08\/aaknives-hand-forged-damascus-steel-blade-knife-handmade-custom-made-knife-handcrafted-knives-autinetools-northmen-kazak-5.jpg\" \/>\n\t<meta property=\"og:image:width\" content=\"1020\" \/>\n\t<meta property=\"og:image:height\" content=\"680\" \/>\n\t<meta property=\"og:image:type\" content=\"image\/jpeg\" \/>\n<meta name=\"twitter:card\" content=\"summary_large_image\" \/>\n<meta name=\"twitter:label1\" content=\"Est. reading time\" \/>\n\t<meta name=\"twitter:data1\" content=\"1 minut\" \/>\n<script type=\"application\/ld+json\" class=\"yoast-schema-graph\">{\"@context\":\"https:\\\/\\\/schema.org\",\"@graph\":[{\"@type\":\"WebPage\",\"@id\":\"https:\\\/\\\/aaknives.eu\\\/et\\\/product\\\/seade-nugade-teritamiseks-kazak-ubr\\\/\",\"url\":\"https:\\\/\\\/aaknives.eu\\\/et\\\/product\\\/seade-nugade-teritamiseks-kazak-ubr\\\/\",\"name\":\"Seade nugade teritamiseks \\\"Kazak UBR\\\" - AAKnives\",\"isPartOf\":{\"@id\":\"https:\\\/\\\/aaknives.eu\\\/et\\\/#website\"},\"primaryImageOfPage\":{\"@id\":\"https:\\\/\\\/aaknives.eu\\\/et\\\/product\\\/seade-nugade-teritamiseks-kazak-ubr\\\/#primaryimage\"},\"image\":{\"@id\":\"https:\\\/\\\/aaknives.eu\\\/et\\\/product\\\/seade-nugade-teritamiseks-kazak-ubr\\\/#primaryimage\"},\"thumbnailUrl\":\"https:\\\/\\\/aaknives.eu\\\/wp-content\\\/uploads\\\/2022\\\/08\\\/aaknives-hand-forged-damascus-steel-blade-knife-handmade-custom-made-knife-handcrafted-knives-autinetools-northmen-kazak-5.jpg\",\"datePublished\":\"2022-08-24T06:15:50+00:00\",\"description\":\"TSPROF\u00ae Kadet Expert nugade terituss\u00fcsteem\",\"breadcrumb\":{\"@id\":\"https:\\\/\\\/aaknives.eu\\\/et\\\/product\\\/seade-nugade-teritamiseks-kazak-ubr\\\/#breadcrumb\"},\"inLanguage\":\"et\",\"potentialAction\":[{\"@type\":\"ReadAction\",\"target\":[\"https:\\\/\\\/aaknives.eu\\\/et\\\/product\\\/seade-nugade-teritamiseks-kazak-ubr\\\/\"]}]},{\"@type\":\"ImageObject\",\"inLanguage\":\"et\",\"@id\":\"https:\\\/\\\/aaknives.eu\\\/et\\\/product\\\/seade-nugade-teritamiseks-kazak-ubr\\\/#primaryimage\",\"url\":\"https:\\\/\\\/aaknives.eu\\\/wp-content\\\/uploads\\\/2022\\\/08\\\/aaknives-hand-forged-damascus-steel-blade-knife-handmade-custom-made-knife-handcrafted-knives-autinetools-northmen-kazak-5.jpg\",\"contentUrl\":\"https:\\\/\\\/aaknives.eu\\\/wp-content\\\/uploads\\\/2022\\\/08\\\/aaknives-hand-forged-damascus-steel-blade-knife-handmade-custom-made-knife-handcrafted-knives-autinetools-northmen-kazak-5.jpg\",\"width\":1020,\"height\":680,\"caption\":\"aaknives hand forged damascus steel blade knife handmade custom made knife handcrafted knives autinetools northmen kazak 5\"},{\"@type\":\"BreadcrumbList\",\"@id\":\"https:\\\/\\\/aaknives.eu\\\/et\\\/product\\\/seade-nugade-teritamiseks-kazak-ubr\\\/#breadcrumb\",\"itemListElement\":[{\"@type\":\"ListItem\",\"position\":1,\"name\":\"Home\",\"item\":\"https:\\\/\\\/aaknives.eu\\\/et\\\/kodu\\\/\"},{\"@type\":\"ListItem\",\"position\":2,\"name\":\"Kauplus\",\"item\":\"https:\\\/\\\/aaknives.eu\\\/et\\\/kauplus\\\/\"},{\"@type\":\"ListItem\",\"position\":3,\"name\":\"Seade nugade teritamiseks &#8220;Kazak UBR&#8221;\"}]},{\"@type\":\"WebSite\",\"@id\":\"https:\\\/\\\/aaknives.eu\\\/et\\\/#website\",\"url\":\"https:\\\/\\\/aaknives.eu\\\/et\\\/\",\"name\":\"AAKnives\",\"description\":\"Handmade knives\",\"publisher\":{\"@id\":\"https:\\\/\\\/aaknives.eu\\\/et\\\/#organization\"},\"potentialAction\":[{\"@type\":\"SearchAction\",\"target\":{\"@type\":\"EntryPoint\",\"urlTemplate\":\"https:\\\/\\\/aaknives.eu\\\/et\\\/?s={search_term_string}\"},\"query-input\":{\"@type\":\"PropertyValueSpecification\",\"valueRequired\":true,\"valueName\":\"search_term_string\"}}],\"inLanguage\":\"et\"},{\"@type\":\"Organization\",\"@id\":\"https:\\\/\\\/aaknives.eu\\\/et\\\/#organization\",\"name\":\"AAKnives\",\"url\":\"https:\\\/\\\/aaknives.eu\\\/et\\\/\",\"logo\":{\"@type\":\"ImageObject\",\"inLanguage\":\"et\",\"@id\":\"https:\\\/\\\/aaknives.eu\\\/et\\\/#\\\/schema\\\/logo\\\/image\\\/\",\"url\":\"https:\\\/\\\/aaknives.eu\\\/wp-content\\\/uploads\\\/2021\\\/10\\\/AAknives_Logo_Green.png\",\"contentUrl\":\"https:\\\/\\\/aaknives.eu\\\/wp-content\\\/uploads\\\/2021\\\/10\\\/AAknives_Logo_Green.png\",\"width\":1768,\"height\":1768,\"caption\":\"AAKnives\"},\"image\":{\"@id\":\"https:\\\/\\\/aaknives.eu\\\/et\\\/#\\\/schema\\\/logo\\\/image\\\/\"},\"sameAs\":[\"https:\\\/\\\/www.facebook.com\\\/aaknives.eu\\\/\",\"https:\\\/\\\/www.instagram.com\\\/aaknives\\\/\",\"https:\\\/\\\/www.pinterest.com\\\/aa_knives\\\/\",\"https:\\\/\\\/www.youtube.com\\\/channel\\\/UCHOQFjrOkgT6s4FIw9LDKyw\\\/featured\"]}]}<\/script>\n<!-- \/ Yoast SEO plugin. -->","yoast_head_json":{"title":"Seade nugade teritamiseks \"Kazak UBR\" - AAKnives","description":"TSPROF\u00ae Kadet Expert nugade terituss\u00fcsteem","robots":{"index":"index","follow":"follow","max-snippet":"max-snippet:-1","max-image-preview":"max-image-preview:large","max-video-preview":"max-video-preview:-1"},"canonical":"https:\/\/aaknives.eu\/et\/product\/seade-nugade-teritamiseks-kazak-ubr\/","og_locale":"et_EE","og_type":"article","og_title":"Seade nugade teritamiseks \"Kazak UBR\" - AAKnives","og_description":"TSPROF\u00ae Kadet Expert nugade terituss\u00fcsteem","og_url":"https:\/\/aaknives.eu\/et\/product\/seade-nugade-teritamiseks-kazak-ubr\/","og_site_name":"AAKnives","article_publisher":"https:\/\/www.facebook.com\/aaknives.eu\/","og_image":[{"width":1020,"height":680,"url":"https:\/\/aaknives.eu\/wp-content\/uploads\/2022\/08\/aaknives-hand-forged-damascus-steel-blade-knife-handmade-custom-made-knife-handcrafted-knives-autinetools-northmen-kazak-5.jpg","type":"image\/jpeg"}],"twitter_card":"summary_large_image","twitter_misc":{"Est. reading time":"1 minut"},"schema":{"@context":"https:\/\/schema.org","@graph":[{"@type":"WebPage","@id":"https:\/\/aaknives.eu\/et\/product\/seade-nugade-teritamiseks-kazak-ubr\/","url":"https:\/\/aaknives.eu\/et\/product\/seade-nugade-teritamiseks-kazak-ubr\/","name":"Seade nugade teritamiseks \"Kazak UBR\" - AAKnives","isPartOf":{"@id":"https:\/\/aaknives.eu\/et\/#website"},"primaryImageOfPage":{"@id":"https:\/\/aaknives.eu\/et\/product\/seade-nugade-teritamiseks-kazak-ubr\/#primaryimage"},"image":{"@id":"https:\/\/aaknives.eu\/et\/product\/seade-nugade-teritamiseks-kazak-ubr\/#primaryimage"},"thumbnailUrl":"https:\/\/aaknives.eu\/wp-content\/uploads\/2022\/08\/aaknives-hand-forged-damascus-steel-blade-knife-handmade-custom-made-knife-handcrafted-knives-autinetools-northmen-kazak-5.jpg","datePublished":"2022-08-24T06:15:50+00:00","description":"TSPROF\u00ae Kadet Expert nugade terituss\u00fcsteem","breadcrumb":{"@id":"https:\/\/aaknives.eu\/et\/product\/seade-nugade-teritamiseks-kazak-ubr\/#breadcrumb"},"inLanguage":"et","potentialAction":[{"@type":"ReadAction","target":["https:\/\/aaknives.eu\/et\/product\/seade-nugade-teritamiseks-kazak-ubr\/"]}]},{"@type":"ImageObject","inLanguage":"et","@id":"https:\/\/aaknives.eu\/et\/product\/seade-nugade-teritamiseks-kazak-ubr\/#primaryimage","url":"https:\/\/aaknives.eu\/wp-content\/uploads\/2022\/08\/aaknives-hand-forged-damascus-steel-blade-knife-handmade-custom-made-knife-handcrafted-knives-autinetools-northmen-kazak-5.jpg","contentUrl":"https:\/\/aaknives.eu\/wp-content\/uploads\/2022\/08\/aaknives-hand-forged-damascus-steel-blade-knife-handmade-custom-made-knife-handcrafted-knives-autinetools-northmen-kazak-5.jpg","width":1020,"height":680,"caption":"aaknives hand forged damascus steel blade knife handmade custom made knife handcrafted knives autinetools northmen kazak 5"},{"@type":"BreadcrumbList","@id":"https:\/\/aaknives.eu\/et\/product\/seade-nugade-teritamiseks-kazak-ubr\/#breadcrumb","itemListElement":[{"@type":"ListItem","position":1,"name":"Home","item":"https:\/\/aaknives.eu\/et\/kodu\/"},{"@type":"ListItem","position":2,"name":"Kauplus","item":"https:\/\/aaknives.eu\/et\/kauplus\/"},{"@type":"ListItem","position":3,"name":"Seade nugade teritamiseks &#8220;Kazak UBR&#8221;"}]},{"@type":"WebSite","@id":"https:\/\/aaknives.eu\/et\/#website","url":"https:\/\/aaknives.eu\/et\/","name":"AAKnives","description":"Handmade knives","publisher":{"@id":"https:\/\/aaknives.eu\/et\/#organization"},"potentialAction":[{"@type":"SearchAction","target":{"@type":"EntryPoint","urlTemplate":"https:\/\/aaknives.eu\/et\/?s={search_term_string}"},"query-input":{"@type":"PropertyValueSpecification","valueRequired":true,"valueName":"search_term_string"}}],"inLanguage":"et"},{"@type":"Organization","@id":"https:\/\/aaknives.eu\/et\/#organization","name":"AAKnives","url":"https:\/\/aaknives.eu\/et\/","logo":{"@type":"ImageObject","inLanguage":"et","@id":"https:\/\/aaknives.eu\/et\/#\/schema\/logo\/image\/","url":"https:\/\/aaknives.eu\/wp-content\/uploads\/2021\/10\/AAknives_Logo_Green.png","contentUrl":"https:\/\/aaknives.eu\/wp-content\/uploads\/2021\/10\/AAknives_Logo_Green.png","width":1768,"height":1768,"caption":"AAKnives"},"image":{"@id":"https:\/\/aaknives.eu\/et\/#\/schema\/logo\/image\/"},"sameAs":["https:\/\/www.facebook.com\/aaknives.eu\/","https:\/\/www.instagram.com\/aaknives\/","https:\/\/www.pinterest.com\/aa_knives\/","https:\/\/www.youtube.com\/channel\/UCHOQFjrOkgT6s4FIw9LDKyw\/featured"]}]}},"_links":{"self":[{"href":"https:\/\/aaknives.eu\/et\/wp-json\/wp\/v2\/product\/40637","targetHints":{"allow":["GET"]}}],"collection":[{"href":"https:\/\/aaknives.eu\/et\/wp-json\/wp\/v2\/product"}],"about":[{"href":"https:\/\/aaknives.eu\/et\/wp-json\/wp\/v2\/types\/product"}],"wp:featuredmedia":[{"embeddable":true,"href":"https:\/\/aaknives.eu\/et\/wp-json\/wp\/v2\/media\/40638"}],"wp:attachment":[{"href":"https:\/\/aaknives.eu\/et\/wp-json\/wp\/v2\/media?parent=40637"}],"wp:term":[{"taxonomy":"product_brand","embeddable":true,"href":"https:\/\/aaknives.eu\/et\/wp-json\/wp\/v2\/product_brand?post=40637"},{"taxonomy":"product_cat","embeddable":true,"href":"https:\/\/aaknives.eu\/et\/wp-json\/wp\/v2\/product_cat?post=40637"},{"taxonomy":"product_tag","embeddable":true,"href":"https:\/\/aaknives.eu\/et\/wp-json\/wp\/v2\/product_tag?post=40637"}],"curies":[{"name":"wp","href":"https:\/\/api.w.org\/{rel}","templated":true}]}}