{"id":40678,"date":"2022-08-17T10:31:31","date_gmt":"2022-08-17T10:31:31","guid":{"rendered":"https:\/\/aaknives.eu\/product\/small-viking-ax-2-vaga-hea-sepistatud-susinikterasest\/"},"modified":"2026-01-06T19:28:05","modified_gmt":"2026-01-06T19:28:05","slug":"small-viking-ax-2-vaga-hea-sepistatud-susinikterasest","status":"publish","type":"product","link":"https:\/\/aaknives.eu\/et\/product\/small-viking-ax-2-vaga-hea-sepistatud-susinikterasest\/","title":{"rendered":"SMALL VIKING AX &#8211; 2 &#8211; V\u00e4ga hea sepistatud s\u00fcsinikterasest"},"content":{"rendered":"<p>Kirve spetsifikatsioonid: &#8221;V\u00c4IKE VIKING KIRVES &#8211; 2&#8221;<br \/>\nTeras: sepistatud s\u00fcsinikteras 9HS sepistamisj\u00e4lgedega<br \/>\nK\u00f5vadus: 59 HRC<br \/>\nTera pikkus (mm): 110 \/ 4,33 tolli<br \/>\nTera paksus (mm): 1-5 \/ 0,03 &#8211; 0,19 tolli<br \/>\nTera laius (mm): 115 \/ 4,52 tolli<br \/>\nK\u00e4epide: saarepuu, nahk<br \/>\nKogupikkus (mm): 433 \/ 17,04 tolli<br \/>\nNoa t\u00fc\u00fcp: jahi-, \u00f5uenoaks<br \/>\nPakend: nuga, nahktupp<\/p>\n","protected":false},"excerpt":{"rendered":"<p>Kirve spetsifikatsioonid: &#8221;V\u00c4IKE VIKING KIRVES &#8211; 2&#8221; Teras: sepistatud s\u00fcsinikteras 9HS sepistamisj\u00e4lgedega K\u00f5vadus: 59 HRC Tera pikkus (mm): 110 \/ 4,33 tolli Tera paksus (mm): 1-5 \/ 0,03 &#8211; 0,19 tolli Tera laius (mm): 115 \/ 4,52 tolli K\u00e4epide: saarepuu, nahk Kogupikkus (mm): 433 \/ 17,04 tolli Noa t\u00fc\u00fcp: jahi-, \u00f5uenoaks Pakend: nuga, nahktupp<\/p>\n","protected":false},"featured_media":104871,"template":"","meta":{"_themeisle_gutenberg_block_has_review":false},"product_brand":[],"product_cat":[354],"product_tag":[],"class_list":{"0":"post-40678","1":"product","2":"type-product","3":"status-publish","4":"has-post-thumbnail","6":"product_cat-kirved","8":"first","9":"instock","10":"shipping-taxable","11":"purchasable","12":"product-type-simple"},"yoast_head":"<!-- This site is optimized with the Yoast SEO plugin v27.5 - https:\/\/yoast.com\/product\/yoast-seo-wordpress\/ -->\n<title>SMALL VIKING AX - 2 - V\u00e4ga hea sepistatud s\u00fcsinikterasest - AAKnives<\/title>\n<meta name=\"description\" content=\"SMALL VIKING AX - V\u00e4ga hea sepistatud s\u00fcsinikterasest 9HS aaknives kirves jahikirves k\u00e4sitsi valmistatud kirves custom madee kirves viking kirves k\u00e4sit\u00f6\u00f6 kirves\" \/>\n<meta name=\"robots\" content=\"index, follow, max-snippet:-1, max-image-preview:large, max-video-preview:-1\" \/>\n<link rel=\"canonical\" href=\"https:\/\/aaknives.eu\/et\/product\/small-viking-ax-2-vaga-hea-sepistatud-susinikterasest\/\" \/>\n<meta property=\"og:locale\" content=\"et_EE\" \/>\n<meta property=\"og:type\" content=\"article\" \/>\n<meta property=\"og:title\" content=\"SMALL VIKING AX - 2 - V\u00e4ga hea sepistatud s\u00fcsinikterasest - AAKnives\" \/>\n<meta property=\"og:description\" content=\"SMALL VIKING AX - V\u00e4ga hea sepistatud s\u00fcsinikterasest 9HS aaknives kirves jahikirves k\u00e4sitsi valmistatud kirves custom madee kirves viking kirves k\u00e4sit\u00f6\u00f6 kirves\" \/>\n<meta property=\"og:url\" content=\"https:\/\/aaknives.eu\/et\/product\/small-viking-ax-2-vaga-hea-sepistatud-susinikterasest\/\" \/>\n<meta property=\"og:site_name\" content=\"AAKnives\" \/>\n<meta property=\"article:publisher\" content=\"https:\/\/www.facebook.com\/aaknives.eu\/\" \/>\n<meta property=\"article:modified_time\" content=\"2026-01-06T19:28:05+00:00\" \/>\n<meta property=\"og:image\" content=\"https:\/\/aaknives.eu\/wp-content\/uploads\/2022\/08\/aaknives-hand-forged-damascus-steel-blade-knife-handmade-custom-made-knife-handcrafted-knives-autinetools-northmen-1-203.jpg\" \/>\n\t<meta property=\"og:image:width\" content=\"1020\" \/>\n\t<meta property=\"og:image:height\" content=\"880\" \/>\n\t<meta property=\"og:image:type\" content=\"image\/jpeg\" \/>\n<meta name=\"twitter:card\" content=\"summary_large_image\" \/>\n<script type=\"application\/ld+json\" class=\"yoast-schema-graph\">{\"@context\":\"https:\\\/\\\/schema.org\",\"@graph\":[{\"@type\":\"WebPage\",\"@id\":\"https:\\\/\\\/aaknives.eu\\\/et\\\/product\\\/small-viking-ax-2-vaga-hea-sepistatud-susinikterasest\\\/\",\"url\":\"https:\\\/\\\/aaknives.eu\\\/et\\\/product\\\/small-viking-ax-2-vaga-hea-sepistatud-susinikterasest\\\/\",\"name\":\"SMALL VIKING AX - 2 - V\u00e4ga hea sepistatud s\u00fcsinikterasest - AAKnives\",\"isPartOf\":{\"@id\":\"https:\\\/\\\/aaknives.eu\\\/et\\\/#website\"},\"primaryImageOfPage\":{\"@id\":\"https:\\\/\\\/aaknives.eu\\\/et\\\/product\\\/small-viking-ax-2-vaga-hea-sepistatud-susinikterasest\\\/#primaryimage\"},\"image\":{\"@id\":\"https:\\\/\\\/aaknives.eu\\\/et\\\/product\\\/small-viking-ax-2-vaga-hea-sepistatud-susinikterasest\\\/#primaryimage\"},\"thumbnailUrl\":\"https:\\\/\\\/aaknives.eu\\\/wp-content\\\/uploads\\\/2022\\\/08\\\/aaknives-hand-forged-damascus-steel-blade-knife-handmade-custom-made-knife-handcrafted-knives-autinetools-northmen-1-203.jpg\",\"datePublished\":\"2022-08-17T10:31:31+00:00\",\"dateModified\":\"2026-01-06T19:28:05+00:00\",\"description\":\"SMALL VIKING AX - V\u00e4ga hea sepistatud s\u00fcsinikterasest 9HS aaknives kirves jahikirves k\u00e4sitsi valmistatud kirves custom madee kirves viking kirves k\u00e4sit\u00f6\u00f6 kirves\",\"breadcrumb\":{\"@id\":\"https:\\\/\\\/aaknives.eu\\\/et\\\/product\\\/small-viking-ax-2-vaga-hea-sepistatud-susinikterasest\\\/#breadcrumb\"},\"inLanguage\":\"et\",\"potentialAction\":[{\"@type\":\"ReadAction\",\"target\":[\"https:\\\/\\\/aaknives.eu\\\/et\\\/product\\\/small-viking-ax-2-vaga-hea-sepistatud-susinikterasest\\\/\"]}]},{\"@type\":\"ImageObject\",\"inLanguage\":\"et\",\"@id\":\"https:\\\/\\\/aaknives.eu\\\/et\\\/product\\\/small-viking-ax-2-vaga-hea-sepistatud-susinikterasest\\\/#primaryimage\",\"url\":\"https:\\\/\\\/aaknives.eu\\\/wp-content\\\/uploads\\\/2022\\\/08\\\/aaknives-hand-forged-damascus-steel-blade-knife-handmade-custom-made-knife-handcrafted-knives-autinetools-northmen-1-203.jpg\",\"contentUrl\":\"https:\\\/\\\/aaknives.eu\\\/wp-content\\\/uploads\\\/2022\\\/08\\\/aaknives-hand-forged-damascus-steel-blade-knife-handmade-custom-made-knife-handcrafted-knives-autinetools-northmen-1-203.jpg\",\"width\":1020,\"height\":880},{\"@type\":\"BreadcrumbList\",\"@id\":\"https:\\\/\\\/aaknives.eu\\\/et\\\/product\\\/small-viking-ax-2-vaga-hea-sepistatud-susinikterasest\\\/#breadcrumb\",\"itemListElement\":[{\"@type\":\"ListItem\",\"position\":1,\"name\":\"Home\",\"item\":\"https:\\\/\\\/aaknives.eu\\\/et\\\/kodu\\\/\"},{\"@type\":\"ListItem\",\"position\":2,\"name\":\"Kauplus\",\"item\":\"https:\\\/\\\/aaknives.eu\\\/et\\\/kauplus\\\/\"},{\"@type\":\"ListItem\",\"position\":3,\"name\":\"SMALL VIKING AX &#8211; 2 &#8211; V\u00e4ga hea sepistatud s\u00fcsinikterasest\"}]},{\"@type\":\"WebSite\",\"@id\":\"https:\\\/\\\/aaknives.eu\\\/et\\\/#website\",\"url\":\"https:\\\/\\\/aaknives.eu\\\/et\\\/\",\"name\":\"AAKnives\",\"description\":\"Handmade knives\",\"publisher\":{\"@id\":\"https:\\\/\\\/aaknives.eu\\\/et\\\/#organization\"},\"potentialAction\":[{\"@type\":\"SearchAction\",\"target\":{\"@type\":\"EntryPoint\",\"urlTemplate\":\"https:\\\/\\\/aaknives.eu\\\/et\\\/?s={search_term_string}\"},\"query-input\":{\"@type\":\"PropertyValueSpecification\",\"valueRequired\":true,\"valueName\":\"search_term_string\"}}],\"inLanguage\":\"et\"},{\"@type\":\"Organization\",\"@id\":\"https:\\\/\\\/aaknives.eu\\\/et\\\/#organization\",\"name\":\"AAKnives\",\"url\":\"https:\\\/\\\/aaknives.eu\\\/et\\\/\",\"logo\":{\"@type\":\"ImageObject\",\"inLanguage\":\"et\",\"@id\":\"https:\\\/\\\/aaknives.eu\\\/et\\\/#\\\/schema\\\/logo\\\/image\\\/\",\"url\":\"https:\\\/\\\/aaknives.eu\\\/wp-content\\\/uploads\\\/2021\\\/10\\\/AAknives_Logo_Green.png\",\"contentUrl\":\"https:\\\/\\\/aaknives.eu\\\/wp-content\\\/uploads\\\/2021\\\/10\\\/AAknives_Logo_Green.png\",\"width\":1768,\"height\":1768,\"caption\":\"AAKnives\"},\"image\":{\"@id\":\"https:\\\/\\\/aaknives.eu\\\/et\\\/#\\\/schema\\\/logo\\\/image\\\/\"},\"sameAs\":[\"https:\\\/\\\/www.facebook.com\\\/aaknives.eu\\\/\",\"https:\\\/\\\/www.instagram.com\\\/aaknives\\\/\",\"https:\\\/\\\/www.pinterest.com\\\/aa_knives\\\/\",\"https:\\\/\\\/www.youtube.com\\\/channel\\\/UCHOQFjrOkgT6s4FIw9LDKyw\\\/featured\"]}]}<\/script>\n<!-- \/ Yoast SEO plugin. -->","yoast_head_json":{"title":"SMALL VIKING AX - 2 - V\u00e4ga hea sepistatud s\u00fcsinikterasest - AAKnives","description":"SMALL VIKING AX - V\u00e4ga hea sepistatud s\u00fcsinikterasest 9HS aaknives kirves jahikirves k\u00e4sitsi valmistatud kirves custom madee kirves viking kirves k\u00e4sit\u00f6\u00f6 kirves","robots":{"index":"index","follow":"follow","max-snippet":"max-snippet:-1","max-image-preview":"max-image-preview:large","max-video-preview":"max-video-preview:-1"},"canonical":"https:\/\/aaknives.eu\/et\/product\/small-viking-ax-2-vaga-hea-sepistatud-susinikterasest\/","og_locale":"et_EE","og_type":"article","og_title":"SMALL VIKING AX - 2 - V\u00e4ga hea sepistatud s\u00fcsinikterasest - AAKnives","og_description":"SMALL VIKING AX - V\u00e4ga hea sepistatud s\u00fcsinikterasest 9HS aaknives kirves jahikirves k\u00e4sitsi valmistatud kirves custom madee kirves viking kirves k\u00e4sit\u00f6\u00f6 kirves","og_url":"https:\/\/aaknives.eu\/et\/product\/small-viking-ax-2-vaga-hea-sepistatud-susinikterasest\/","og_site_name":"AAKnives","article_publisher":"https:\/\/www.facebook.com\/aaknives.eu\/","article_modified_time":"2026-01-06T19:28:05+00:00","og_image":[{"width":1020,"height":880,"url":"https:\/\/aaknives.eu\/wp-content\/uploads\/2022\/08\/aaknives-hand-forged-damascus-steel-blade-knife-handmade-custom-made-knife-handcrafted-knives-autinetools-northmen-1-203.jpg","type":"image\/jpeg"}],"twitter_card":"summary_large_image","schema":{"@context":"https:\/\/schema.org","@graph":[{"@type":"WebPage","@id":"https:\/\/aaknives.eu\/et\/product\/small-viking-ax-2-vaga-hea-sepistatud-susinikterasest\/","url":"https:\/\/aaknives.eu\/et\/product\/small-viking-ax-2-vaga-hea-sepistatud-susinikterasest\/","name":"SMALL VIKING AX - 2 - V\u00e4ga hea sepistatud s\u00fcsinikterasest - AAKnives","isPartOf":{"@id":"https:\/\/aaknives.eu\/et\/#website"},"primaryImageOfPage":{"@id":"https:\/\/aaknives.eu\/et\/product\/small-viking-ax-2-vaga-hea-sepistatud-susinikterasest\/#primaryimage"},"image":{"@id":"https:\/\/aaknives.eu\/et\/product\/small-viking-ax-2-vaga-hea-sepistatud-susinikterasest\/#primaryimage"},"thumbnailUrl":"https:\/\/aaknives.eu\/wp-content\/uploads\/2022\/08\/aaknives-hand-forged-damascus-steel-blade-knife-handmade-custom-made-knife-handcrafted-knives-autinetools-northmen-1-203.jpg","datePublished":"2022-08-17T10:31:31+00:00","dateModified":"2026-01-06T19:28:05+00:00","description":"SMALL VIKING AX - V\u00e4ga hea sepistatud s\u00fcsinikterasest 9HS aaknives kirves jahikirves k\u00e4sitsi valmistatud kirves custom madee kirves viking kirves k\u00e4sit\u00f6\u00f6 kirves","breadcrumb":{"@id":"https:\/\/aaknives.eu\/et\/product\/small-viking-ax-2-vaga-hea-sepistatud-susinikterasest\/#breadcrumb"},"inLanguage":"et","potentialAction":[{"@type":"ReadAction","target":["https:\/\/aaknives.eu\/et\/product\/small-viking-ax-2-vaga-hea-sepistatud-susinikterasest\/"]}]},{"@type":"ImageObject","inLanguage":"et","@id":"https:\/\/aaknives.eu\/et\/product\/small-viking-ax-2-vaga-hea-sepistatud-susinikterasest\/#primaryimage","url":"https:\/\/aaknives.eu\/wp-content\/uploads\/2022\/08\/aaknives-hand-forged-damascus-steel-blade-knife-handmade-custom-made-knife-handcrafted-knives-autinetools-northmen-1-203.jpg","contentUrl":"https:\/\/aaknives.eu\/wp-content\/uploads\/2022\/08\/aaknives-hand-forged-damascus-steel-blade-knife-handmade-custom-made-knife-handcrafted-knives-autinetools-northmen-1-203.jpg","width":1020,"height":880},{"@type":"BreadcrumbList","@id":"https:\/\/aaknives.eu\/et\/product\/small-viking-ax-2-vaga-hea-sepistatud-susinikterasest\/#breadcrumb","itemListElement":[{"@type":"ListItem","position":1,"name":"Home","item":"https:\/\/aaknives.eu\/et\/kodu\/"},{"@type":"ListItem","position":2,"name":"Kauplus","item":"https:\/\/aaknives.eu\/et\/kauplus\/"},{"@type":"ListItem","position":3,"name":"SMALL VIKING AX &#8211; 2 &#8211; V\u00e4ga hea sepistatud s\u00fcsinikterasest"}]},{"@type":"WebSite","@id":"https:\/\/aaknives.eu\/et\/#website","url":"https:\/\/aaknives.eu\/et\/","name":"AAKnives","description":"Handmade knives","publisher":{"@id":"https:\/\/aaknives.eu\/et\/#organization"},"potentialAction":[{"@type":"SearchAction","target":{"@type":"EntryPoint","urlTemplate":"https:\/\/aaknives.eu\/et\/?s={search_term_string}"},"query-input":{"@type":"PropertyValueSpecification","valueRequired":true,"valueName":"search_term_string"}}],"inLanguage":"et"},{"@type":"Organization","@id":"https:\/\/aaknives.eu\/et\/#organization","name":"AAKnives","url":"https:\/\/aaknives.eu\/et\/","logo":{"@type":"ImageObject","inLanguage":"et","@id":"https:\/\/aaknives.eu\/et\/#\/schema\/logo\/image\/","url":"https:\/\/aaknives.eu\/wp-content\/uploads\/2021\/10\/AAknives_Logo_Green.png","contentUrl":"https:\/\/aaknives.eu\/wp-content\/uploads\/2021\/10\/AAknives_Logo_Green.png","width":1768,"height":1768,"caption":"AAKnives"},"image":{"@id":"https:\/\/aaknives.eu\/et\/#\/schema\/logo\/image\/"},"sameAs":["https:\/\/www.facebook.com\/aaknives.eu\/","https:\/\/www.instagram.com\/aaknives\/","https:\/\/www.pinterest.com\/aa_knives\/","https:\/\/www.youtube.com\/channel\/UCHOQFjrOkgT6s4FIw9LDKyw\/featured"]}]}},"_links":{"self":[{"href":"https:\/\/aaknives.eu\/et\/wp-json\/wp\/v2\/product\/40678","targetHints":{"allow":["GET"]}}],"collection":[{"href":"https:\/\/aaknives.eu\/et\/wp-json\/wp\/v2\/product"}],"about":[{"href":"https:\/\/aaknives.eu\/et\/wp-json\/wp\/v2\/types\/product"}],"wp:featuredmedia":[{"embeddable":true,"href":"https:\/\/aaknives.eu\/et\/wp-json\/wp\/v2\/media\/104871"}],"wp:attachment":[{"href":"https:\/\/aaknives.eu\/et\/wp-json\/wp\/v2\/media?parent=40678"}],"wp:term":[{"taxonomy":"product_brand","embeddable":true,"href":"https:\/\/aaknives.eu\/et\/wp-json\/wp\/v2\/product_brand?post=40678"},{"taxonomy":"product_cat","embeddable":true,"href":"https:\/\/aaknives.eu\/et\/wp-json\/wp\/v2\/product_cat?post=40678"},{"taxonomy":"product_tag","embeddable":true,"href":"https:\/\/aaknives.eu\/et\/wp-json\/wp\/v2\/product_tag?post=40678"}],"curies":[{"name":"wp","href":"https:\/\/api.w.org\/{rel}","templated":true}]}}