{"id":40682,"date":"2022-08-17T10:24:14","date_gmt":"2022-08-17T10:24:14","guid":{"rendered":"https:\/\/aaknives.eu\/product\/axe-teras-9hs-koos-sepistamisjalgedega\/"},"modified":"2026-01-06T18:20:34","modified_gmt":"2026-01-06T18:20:34","slug":"axe-teras-9hs-koos-sepistamisjalgedega","status":"publish","type":"product","link":"https:\/\/aaknives.eu\/et\/product\/axe-teras-9hs-koos-sepistamisjalgedega\/","title":{"rendered":"AXE &#8211; teras 9HS koos sepistamisj\u00e4lgedega"},"content":{"rendered":"<p>Axe specifications: Steel: 9HS (9XC)<br \/>\nHardness: 59-60 HRC<br \/>\nTera pikkus (mm): 125 \/ 4,92 tolli<br \/>\nTera paksus (mm): 10 &#8211; 3 \/ 0,39 &#8211; 0,09 tolli<br \/>\nTera laius (mm): 143 \/ 5,62 tolli<br \/>\nK\u00e4epide: must tamm<br \/>\nKogupikkus (mm): 488 \/ 19,21 tolli<br \/>\nNoa t\u00fc\u00fcp: jahi-, \u00f5uenoaks<br \/>\nPakend: kirves, nahktupp<br \/>\nGauja j\u00f5es\u00e4ngist kaevandatud must tamm on t\u00f5eliselt ainulaadne leid. See on v\u00e4ga iidne materjal, mis on aja jooksul muutunud v\u00e4ga k\u00f5vaks ja vastupidavaks. Need omadused muudavad musta tamme v\u00e4\u00e4rtuslikuks materjaliks mitmesuguste kunsti- ja k\u00e4sit\u00f6\u00f6esemete loomiseks.<br \/>\nGauja on L\u00e4ti pikim j\u00f5gi ja selle ajaloolised s\u00fcgavused on kuulsad selle poolest, et neist v\u00f5ib leida mitmesuguseid iidseid ja s\u00e4ilinud materjale. Must tamm v\u00f5ib olla 500\u20131000 aastat vana.<br \/>\nKuna must saar on ajaproovile vastu pidanud, on sellest saanud tunnistus meie keskkonna- ja kultuurip\u00e4randist ning selle kasutamine v\u00f5ib olla nii praktiline kui ka s\u00fcmboolne, peegeldades meie sidet mineviku ja loodusega.<\/p>\n","protected":false},"excerpt":{"rendered":"<p>Axe specifications: Steel: 9HS (9XC) Hardness: 59-60 HRC Tera pikkus (mm): 125 \/ 4,92 tolli Tera paksus (mm): 10 &#8211; 3 \/ 0,39 &#8211; 0,09 tolli Tera laius (mm): 143 \/ 5,62 tolli K\u00e4epide: must tamm Kogupikkus (mm): 488 \/ 19,21 tolli Noa t\u00fc\u00fcp: jahi-, \u00f5uenoaks Pakend: kirves, nahktupp Gauja j\u00f5es\u00e4ngist kaevandatud must tamm on t\u00f5eliselt ainulaadne leid. See on v\u00e4ga iidne materjal, mis on aja jooksul muutunud v\u00e4ga k\u00f5vaks ja vastupidavaks. Need omadused muudavad musta tamme v\u00e4\u00e4rtuslikuks materjaliks mitmesuguste kunsti- ja k\u00e4sit\u00f6\u00f6esemete loomiseks. Gauja on L\u00e4ti pikim j\u00f5gi ja selle ajaloolised s\u00fcgavused on kuulsad selle poolest, et neist v\u00f5ib&hellip;<\/p>\n","protected":false},"featured_media":104670,"template":"","meta":{"_themeisle_gutenberg_block_has_review":false},"product_brand":[],"product_cat":[354],"product_tag":[],"class_list":{"0":"post-40682","1":"product","2":"type-product","3":"status-publish","4":"has-post-thumbnail","6":"product_cat-kirved","8":"first","9":"instock","10":"shipping-taxable","11":"purchasable","12":"product-type-simple"},"yoast_head":"<!-- This site is optimized with the Yoast SEO plugin v27.3 - https:\/\/yoast.com\/product\/yoast-seo-wordpress\/ -->\n<title>AXE - teras 9HS koos sepistamisj\u00e4lgedega - AAKnives<\/title>\n<meta name=\"description\" content=\"Gauja j\u00f5es\u00e4ngist kaevandatud must tamm on t\u00f5eliselt ainulaadne leid. See on v\u00e4ga iidne materjal, mis on aja jooksul muutunud v\u00e4ga k\u00f5vaks ja vastupidavaks.\" \/>\n<meta name=\"robots\" content=\"index, follow, max-snippet:-1, max-image-preview:large, max-video-preview:-1\" \/>\n<link rel=\"canonical\" href=\"https:\/\/aaknives.eu\/et\/product\/axe-teras-9hs-koos-sepistamisjalgedega\/\" \/>\n<meta property=\"og:locale\" content=\"et_EE\" \/>\n<meta property=\"og:type\" content=\"article\" \/>\n<meta property=\"og:title\" content=\"AXE - teras 9HS koos sepistamisj\u00e4lgedega - AAKnives\" \/>\n<meta property=\"og:description\" content=\"Gauja j\u00f5es\u00e4ngist kaevandatud must tamm on t\u00f5eliselt ainulaadne leid. See on v\u00e4ga iidne materjal, mis on aja jooksul muutunud v\u00e4ga k\u00f5vaks ja vastupidavaks.\" \/>\n<meta property=\"og:url\" content=\"https:\/\/aaknives.eu\/et\/product\/axe-teras-9hs-koos-sepistamisjalgedega\/\" \/>\n<meta property=\"og:site_name\" content=\"AAKnives\" \/>\n<meta property=\"article:publisher\" content=\"https:\/\/www.facebook.com\/aaknives.eu\/\" \/>\n<meta property=\"article:modified_time\" content=\"2026-01-06T18:20:34+00:00\" \/>\n<meta property=\"og:image\" content=\"https:\/\/aaknives.eu\/wp-content\/uploads\/2022\/08\/aaknives-hand-forged-damascus-steel-blade-knife-handmade-custom-made-knife-handcrafted-knives-autinetools-northmen-1-218.jpg\" \/>\n\t<meta property=\"og:image:width\" content=\"1020\" \/>\n\t<meta property=\"og:image:height\" content=\"880\" \/>\n\t<meta property=\"og:image:type\" content=\"image\/jpeg\" \/>\n<meta name=\"twitter:card\" content=\"summary_large_image\" \/>\n<meta name=\"twitter:label1\" content=\"Est. reading time\" \/>\n\t<meta name=\"twitter:data1\" content=\"1 minut\" \/>\n<script type=\"application\/ld+json\" class=\"yoast-schema-graph\">{\"@context\":\"https:\\\/\\\/schema.org\",\"@graph\":[{\"@type\":\"WebPage\",\"@id\":\"https:\\\/\\\/aaknives.eu\\\/et\\\/product\\\/axe-teras-9hs-koos-sepistamisjalgedega\\\/\",\"url\":\"https:\\\/\\\/aaknives.eu\\\/et\\\/product\\\/axe-teras-9hs-koos-sepistamisjalgedega\\\/\",\"name\":\"AXE - teras 9HS koos sepistamisj\u00e4lgedega - AAKnives\",\"isPartOf\":{\"@id\":\"https:\\\/\\\/aaknives.eu\\\/et\\\/#website\"},\"primaryImageOfPage\":{\"@id\":\"https:\\\/\\\/aaknives.eu\\\/et\\\/product\\\/axe-teras-9hs-koos-sepistamisjalgedega\\\/#primaryimage\"},\"image\":{\"@id\":\"https:\\\/\\\/aaknives.eu\\\/et\\\/product\\\/axe-teras-9hs-koos-sepistamisjalgedega\\\/#primaryimage\"},\"thumbnailUrl\":\"https:\\\/\\\/aaknives.eu\\\/wp-content\\\/uploads\\\/2022\\\/08\\\/aaknives-hand-forged-damascus-steel-blade-knife-handmade-custom-made-knife-handcrafted-knives-autinetools-northmen-1-218.jpg\",\"datePublished\":\"2022-08-17T10:24:14+00:00\",\"dateModified\":\"2026-01-06T18:20:34+00:00\",\"description\":\"Gauja j\u00f5es\u00e4ngist kaevandatud must tamm on t\u00f5eliselt ainulaadne leid. See on v\u00e4ga iidne materjal, mis on aja jooksul muutunud v\u00e4ga k\u00f5vaks ja vastupidavaks.\",\"breadcrumb\":{\"@id\":\"https:\\\/\\\/aaknives.eu\\\/et\\\/product\\\/axe-teras-9hs-koos-sepistamisjalgedega\\\/#breadcrumb\"},\"inLanguage\":\"et\",\"potentialAction\":[{\"@type\":\"ReadAction\",\"target\":[\"https:\\\/\\\/aaknives.eu\\\/et\\\/product\\\/axe-teras-9hs-koos-sepistamisjalgedega\\\/\"]}]},{\"@type\":\"ImageObject\",\"inLanguage\":\"et\",\"@id\":\"https:\\\/\\\/aaknives.eu\\\/et\\\/product\\\/axe-teras-9hs-koos-sepistamisjalgedega\\\/#primaryimage\",\"url\":\"https:\\\/\\\/aaknives.eu\\\/wp-content\\\/uploads\\\/2022\\\/08\\\/aaknives-hand-forged-damascus-steel-blade-knife-handmade-custom-made-knife-handcrafted-knives-autinetools-northmen-1-218.jpg\",\"contentUrl\":\"https:\\\/\\\/aaknives.eu\\\/wp-content\\\/uploads\\\/2022\\\/08\\\/aaknives-hand-forged-damascus-steel-blade-knife-handmade-custom-made-knife-handcrafted-knives-autinetools-northmen-1-218.jpg\",\"width\":1020,\"height\":880},{\"@type\":\"BreadcrumbList\",\"@id\":\"https:\\\/\\\/aaknives.eu\\\/et\\\/product\\\/axe-teras-9hs-koos-sepistamisjalgedega\\\/#breadcrumb\",\"itemListElement\":[{\"@type\":\"ListItem\",\"position\":1,\"name\":\"Home\",\"item\":\"https:\\\/\\\/aaknives.eu\\\/et\\\/kodu\\\/\"},{\"@type\":\"ListItem\",\"position\":2,\"name\":\"Kauplus\",\"item\":\"https:\\\/\\\/aaknives.eu\\\/et\\\/kauplus\\\/\"},{\"@type\":\"ListItem\",\"position\":3,\"name\":\"AXE &#8211; teras 9HS koos sepistamisj\u00e4lgedega\"}]},{\"@type\":\"WebSite\",\"@id\":\"https:\\\/\\\/aaknives.eu\\\/et\\\/#website\",\"url\":\"https:\\\/\\\/aaknives.eu\\\/et\\\/\",\"name\":\"AAKnives\",\"description\":\"Handmade knives\",\"publisher\":{\"@id\":\"https:\\\/\\\/aaknives.eu\\\/et\\\/#organization\"},\"potentialAction\":[{\"@type\":\"SearchAction\",\"target\":{\"@type\":\"EntryPoint\",\"urlTemplate\":\"https:\\\/\\\/aaknives.eu\\\/et\\\/?s={search_term_string}\"},\"query-input\":{\"@type\":\"PropertyValueSpecification\",\"valueRequired\":true,\"valueName\":\"search_term_string\"}}],\"inLanguage\":\"et\"},{\"@type\":\"Organization\",\"@id\":\"https:\\\/\\\/aaknives.eu\\\/et\\\/#organization\",\"name\":\"AAKnives\",\"url\":\"https:\\\/\\\/aaknives.eu\\\/et\\\/\",\"logo\":{\"@type\":\"ImageObject\",\"inLanguage\":\"et\",\"@id\":\"https:\\\/\\\/aaknives.eu\\\/et\\\/#\\\/schema\\\/logo\\\/image\\\/\",\"url\":\"https:\\\/\\\/aaknives.eu\\\/wp-content\\\/uploads\\\/2021\\\/10\\\/AAknives_Logo_Green.png\",\"contentUrl\":\"https:\\\/\\\/aaknives.eu\\\/wp-content\\\/uploads\\\/2021\\\/10\\\/AAknives_Logo_Green.png\",\"width\":1768,\"height\":1768,\"caption\":\"AAKnives\"},\"image\":{\"@id\":\"https:\\\/\\\/aaknives.eu\\\/et\\\/#\\\/schema\\\/logo\\\/image\\\/\"},\"sameAs\":[\"https:\\\/\\\/www.facebook.com\\\/aaknives.eu\\\/\",\"https:\\\/\\\/www.instagram.com\\\/aaknives\\\/\",\"https:\\\/\\\/www.pinterest.com\\\/aa_knives\\\/\",\"https:\\\/\\\/www.youtube.com\\\/channel\\\/UCHOQFjrOkgT6s4FIw9LDKyw\\\/featured\"]}]}<\/script>\n<!-- \/ Yoast SEO plugin. -->","yoast_head_json":{"title":"AXE - teras 9HS koos sepistamisj\u00e4lgedega - AAKnives","description":"Gauja j\u00f5es\u00e4ngist kaevandatud must tamm on t\u00f5eliselt ainulaadne leid. See on v\u00e4ga iidne materjal, mis on aja jooksul muutunud v\u00e4ga k\u00f5vaks ja vastupidavaks.","robots":{"index":"index","follow":"follow","max-snippet":"max-snippet:-1","max-image-preview":"max-image-preview:large","max-video-preview":"max-video-preview:-1"},"canonical":"https:\/\/aaknives.eu\/et\/product\/axe-teras-9hs-koos-sepistamisjalgedega\/","og_locale":"et_EE","og_type":"article","og_title":"AXE - teras 9HS koos sepistamisj\u00e4lgedega - AAKnives","og_description":"Gauja j\u00f5es\u00e4ngist kaevandatud must tamm on t\u00f5eliselt ainulaadne leid. See on v\u00e4ga iidne materjal, mis on aja jooksul muutunud v\u00e4ga k\u00f5vaks ja vastupidavaks.","og_url":"https:\/\/aaknives.eu\/et\/product\/axe-teras-9hs-koos-sepistamisjalgedega\/","og_site_name":"AAKnives","article_publisher":"https:\/\/www.facebook.com\/aaknives.eu\/","article_modified_time":"2026-01-06T18:20:34+00:00","og_image":[{"width":1020,"height":880,"url":"https:\/\/aaknives.eu\/wp-content\/uploads\/2022\/08\/aaknives-hand-forged-damascus-steel-blade-knife-handmade-custom-made-knife-handcrafted-knives-autinetools-northmen-1-218.jpg","type":"image\/jpeg"}],"twitter_card":"summary_large_image","twitter_misc":{"Est. reading time":"1 minut"},"schema":{"@context":"https:\/\/schema.org","@graph":[{"@type":"WebPage","@id":"https:\/\/aaknives.eu\/et\/product\/axe-teras-9hs-koos-sepistamisjalgedega\/","url":"https:\/\/aaknives.eu\/et\/product\/axe-teras-9hs-koos-sepistamisjalgedega\/","name":"AXE - teras 9HS koos sepistamisj\u00e4lgedega - AAKnives","isPartOf":{"@id":"https:\/\/aaknives.eu\/et\/#website"},"primaryImageOfPage":{"@id":"https:\/\/aaknives.eu\/et\/product\/axe-teras-9hs-koos-sepistamisjalgedega\/#primaryimage"},"image":{"@id":"https:\/\/aaknives.eu\/et\/product\/axe-teras-9hs-koos-sepistamisjalgedega\/#primaryimage"},"thumbnailUrl":"https:\/\/aaknives.eu\/wp-content\/uploads\/2022\/08\/aaknives-hand-forged-damascus-steel-blade-knife-handmade-custom-made-knife-handcrafted-knives-autinetools-northmen-1-218.jpg","datePublished":"2022-08-17T10:24:14+00:00","dateModified":"2026-01-06T18:20:34+00:00","description":"Gauja j\u00f5es\u00e4ngist kaevandatud must tamm on t\u00f5eliselt ainulaadne leid. See on v\u00e4ga iidne materjal, mis on aja jooksul muutunud v\u00e4ga k\u00f5vaks ja vastupidavaks.","breadcrumb":{"@id":"https:\/\/aaknives.eu\/et\/product\/axe-teras-9hs-koos-sepistamisjalgedega\/#breadcrumb"},"inLanguage":"et","potentialAction":[{"@type":"ReadAction","target":["https:\/\/aaknives.eu\/et\/product\/axe-teras-9hs-koos-sepistamisjalgedega\/"]}]},{"@type":"ImageObject","inLanguage":"et","@id":"https:\/\/aaknives.eu\/et\/product\/axe-teras-9hs-koos-sepistamisjalgedega\/#primaryimage","url":"https:\/\/aaknives.eu\/wp-content\/uploads\/2022\/08\/aaknives-hand-forged-damascus-steel-blade-knife-handmade-custom-made-knife-handcrafted-knives-autinetools-northmen-1-218.jpg","contentUrl":"https:\/\/aaknives.eu\/wp-content\/uploads\/2022\/08\/aaknives-hand-forged-damascus-steel-blade-knife-handmade-custom-made-knife-handcrafted-knives-autinetools-northmen-1-218.jpg","width":1020,"height":880},{"@type":"BreadcrumbList","@id":"https:\/\/aaknives.eu\/et\/product\/axe-teras-9hs-koos-sepistamisjalgedega\/#breadcrumb","itemListElement":[{"@type":"ListItem","position":1,"name":"Home","item":"https:\/\/aaknives.eu\/et\/kodu\/"},{"@type":"ListItem","position":2,"name":"Kauplus","item":"https:\/\/aaknives.eu\/et\/kauplus\/"},{"@type":"ListItem","position":3,"name":"AXE &#8211; teras 9HS koos sepistamisj\u00e4lgedega"}]},{"@type":"WebSite","@id":"https:\/\/aaknives.eu\/et\/#website","url":"https:\/\/aaknives.eu\/et\/","name":"AAKnives","description":"Handmade knives","publisher":{"@id":"https:\/\/aaknives.eu\/et\/#organization"},"potentialAction":[{"@type":"SearchAction","target":{"@type":"EntryPoint","urlTemplate":"https:\/\/aaknives.eu\/et\/?s={search_term_string}"},"query-input":{"@type":"PropertyValueSpecification","valueRequired":true,"valueName":"search_term_string"}}],"inLanguage":"et"},{"@type":"Organization","@id":"https:\/\/aaknives.eu\/et\/#organization","name":"AAKnives","url":"https:\/\/aaknives.eu\/et\/","logo":{"@type":"ImageObject","inLanguage":"et","@id":"https:\/\/aaknives.eu\/et\/#\/schema\/logo\/image\/","url":"https:\/\/aaknives.eu\/wp-content\/uploads\/2021\/10\/AAknives_Logo_Green.png","contentUrl":"https:\/\/aaknives.eu\/wp-content\/uploads\/2021\/10\/AAknives_Logo_Green.png","width":1768,"height":1768,"caption":"AAKnives"},"image":{"@id":"https:\/\/aaknives.eu\/et\/#\/schema\/logo\/image\/"},"sameAs":["https:\/\/www.facebook.com\/aaknives.eu\/","https:\/\/www.instagram.com\/aaknives\/","https:\/\/www.pinterest.com\/aa_knives\/","https:\/\/www.youtube.com\/channel\/UCHOQFjrOkgT6s4FIw9LDKyw\/featured"]}]}},"_links":{"self":[{"href":"https:\/\/aaknives.eu\/et\/wp-json\/wp\/v2\/product\/40682","targetHints":{"allow":["GET"]}}],"collection":[{"href":"https:\/\/aaknives.eu\/et\/wp-json\/wp\/v2\/product"}],"about":[{"href":"https:\/\/aaknives.eu\/et\/wp-json\/wp\/v2\/types\/product"}],"wp:featuredmedia":[{"embeddable":true,"href":"https:\/\/aaknives.eu\/et\/wp-json\/wp\/v2\/media\/104670"}],"wp:attachment":[{"href":"https:\/\/aaknives.eu\/et\/wp-json\/wp\/v2\/media?parent=40682"}],"wp:term":[{"taxonomy":"product_brand","embeddable":true,"href":"https:\/\/aaknives.eu\/et\/wp-json\/wp\/v2\/product_brand?post=40682"},{"taxonomy":"product_cat","embeddable":true,"href":"https:\/\/aaknives.eu\/et\/wp-json\/wp\/v2\/product_cat?post=40682"},{"taxonomy":"product_tag","embeddable":true,"href":"https:\/\/aaknives.eu\/et\/wp-json\/wp\/v2\/product_tag?post=40682"}],"curies":[{"name":"wp","href":"https:\/\/api.w.org\/{rel}","templated":true}]}}