{"id":40810,"date":"2022-06-02T14:20:13","date_gmt":"2022-06-02T14:20:13","guid":{"rendered":"https:\/\/aaknives.eu\/product\/yakut-4-nuga-jakuudi-rahvuslik-nuga-kasitsi-sepistatud-terasest-9hs\/"},"modified":"2024-08-28T15:10:17","modified_gmt":"2024-08-28T15:10:17","slug":"yakut-4-nuga-jakuudi-rahvuslik-nuga-kasitsi-sepistatud-terasest-9hs-2","status":"publish","type":"product","link":"https:\/\/aaknives.eu\/et\/product\/yakut-4-nuga-jakuudi-rahvuslik-nuga-kasitsi-sepistatud-terasest-9hs-2\/","title":{"rendered":"&#8221;YAKUT-4&#8221; nuga &#8211; Jakuudi rahvuslik nuga. K\u00e4sitsi sepistatud terasest 9HS"},"content":{"rendered":"<p>Noa spetsifikatsioonid: YAKUT-4<br \/>\nTeras: k\u00e4sitsi sepistatud tera teras 9HS (9XC)<br \/>\nK\u00f5vadus: 61-63 HRC<br \/>\nTera pikkus (mm): 156 \/ 6,14 tolli<br \/>\nTera paksus (mm): 4 \/ 0,15 tolli<br \/>\nTera laius (mm): 31 \/ 1,22 tolli<br \/>\nK\u00e4epide: stabiliseeritud karjalane kask<br \/>\nKogupikkus (mm): 280 \/ 11,02 tolli<br \/>\nNugade t\u00fc\u00fcp: jahindus, v\u00e4ljas<br \/>\nPakend: nuga, nahast \u00fcmbris<\/p>\n<p>Teras 9HC (9XC) &#8211; Madalalt legeeritud teras. K\u00f5rge k\u00f5vadus, hea vastupidavus ja kulumiskindlus. Kasutatakse erinevates l\u00f5iket\u00f6\u00f6riistades: puurid, kruvikeerajad jne. Sarnaneb terasele W-Nr 1.2108.<\/p>\n","protected":false},"excerpt":{"rendered":"<p>Noa spetsifikatsioonid: YAKUT-4 Teras: k\u00e4sitsi sepistatud tera teras 9HS (9XC) K\u00f5vadus: 61-63 HRC Tera pikkus (mm): 156 \/ 6,14 tolli Tera paksus (mm): 4 \/ 0,15 tolli Tera laius (mm): 31 \/ 1,22 tolli K\u00e4epide: stabiliseeritud karjalane kask Kogupikkus (mm): 280 \/ 11,02 tolli Nugade t\u00fc\u00fcp: jahindus, v\u00e4ljas Pakend: nuga, nahast \u00fcmbris Teras 9HC (9XC) &#8211; Madalalt legeeritud teras. K\u00f5rge k\u00f5vadus, hea vastupidavus ja kulumiskindlus. Kasutatakse erinevates l\u00f5iket\u00f6\u00f6riistades: puurid, kruvikeerajad jne. Sarnaneb terasele W-Nr 1.2108.<\/p>\n","protected":false},"featured_media":67789,"template":"","meta":{"_themeisle_gutenberg_block_has_review":false},"product_brand":[],"product_cat":[345,346,341],"product_tag":[],"class_list":{"0":"post-40810","1":"product","2":"type-product","3":"status-publish","4":"has-post-thumbnail","6":"product_cat-jahinoad","7":"product_cat-matkanoad","8":"product_cat-premium-ja-eksklusiivsed-noad","10":"first","11":"instock","12":"shipping-taxable","13":"purchasable","14":"product-type-simple"},"yoast_head":"<!-- This site is optimized with the Yoast SEO plugin v27.3 - https:\/\/yoast.com\/product\/yoast-seo-wordpress\/ -->\n<title>&#039;&#039;YAKUT-4&#039;&#039; nuga - Jakuudi rahvuslik nuga. K\u00e4sitsi sepistatud terasest 9HS - AAKnives<\/title>\n<meta name=\"description\" content=\"Jakuudi rahvuslik nuga. K\u00e4sitsi sepistatud terasest 9HS, jahi nuga, elluj\u00e4\u00e4misnuga, v\u00e4litingimustes kasutatav nuga. K\u00f5rge k\u00f5vadus, hea vastupidavus ja kulumiskindlus\" \/>\n<meta name=\"robots\" content=\"index, follow, max-snippet:-1, max-image-preview:large, max-video-preview:-1\" \/>\n<link rel=\"canonical\" href=\"https:\/\/aaknives.eu\/et\/product\/yakut-4-nuga-jakuudi-rahvuslik-nuga-kasitsi-sepistatud-terasest-9hs-2\/\" \/>\n<meta property=\"og:locale\" content=\"et_EE\" \/>\n<meta property=\"og:type\" content=\"article\" \/>\n<meta property=\"og:title\" content=\"&#039;&#039;YAKUT-4&#039;&#039; nuga - Jakuudi rahvuslik nuga. K\u00e4sitsi sepistatud terasest 9HS - AAKnives\" \/>\n<meta property=\"og:description\" content=\"Jakuudi rahvuslik nuga. K\u00e4sitsi sepistatud terasest 9HS, jahi nuga, elluj\u00e4\u00e4misnuga, v\u00e4litingimustes kasutatav nuga. K\u00f5rge k\u00f5vadus, hea vastupidavus ja kulumiskindlus\" \/>\n<meta property=\"og:url\" content=\"https:\/\/aaknives.eu\/et\/product\/yakut-4-nuga-jakuudi-rahvuslik-nuga-kasitsi-sepistatud-terasest-9hs-2\/\" \/>\n<meta property=\"og:site_name\" content=\"AAKnives\" \/>\n<meta property=\"article:publisher\" content=\"https:\/\/www.facebook.com\/aaknives.eu\/\" \/>\n<meta property=\"article:modified_time\" content=\"2024-08-28T15:10:17+00:00\" \/>\n<meta property=\"og:image\" content=\"https:\/\/aaknives.eu\/wp-content\/uploads\/2022\/06\/aaknives-hand-forged-dabascus-steel-blade-knife-handmade-custom-made-knife-handcrafted-knives-autinetools-northmen-23.2-1.jpg\" \/>\n\t<meta property=\"og:image:width\" content=\"1020\" \/>\n\t<meta property=\"og:image:height\" content=\"880\" \/>\n\t<meta property=\"og:image:type\" content=\"image\/jpeg\" \/>\n<meta name=\"twitter:card\" content=\"summary_large_image\" \/>\n<script type=\"application\/ld+json\" class=\"yoast-schema-graph\">{\"@context\":\"https:\\\/\\\/schema.org\",\"@graph\":[{\"@type\":\"WebPage\",\"@id\":\"https:\\\/\\\/aaknives.eu\\\/et\\\/product\\\/yakut-4-nuga-jakuudi-rahvuslik-nuga-kasitsi-sepistatud-terasest-9hs-2\\\/\",\"url\":\"https:\\\/\\\/aaknives.eu\\\/et\\\/product\\\/yakut-4-nuga-jakuudi-rahvuslik-nuga-kasitsi-sepistatud-terasest-9hs-2\\\/\",\"name\":\"''YAKUT-4'' nuga - Jakuudi rahvuslik nuga. K\u00e4sitsi sepistatud terasest 9HS - AAKnives\",\"isPartOf\":{\"@id\":\"https:\\\/\\\/aaknives.eu\\\/et\\\/#website\"},\"primaryImageOfPage\":{\"@id\":\"https:\\\/\\\/aaknives.eu\\\/et\\\/product\\\/yakut-4-nuga-jakuudi-rahvuslik-nuga-kasitsi-sepistatud-terasest-9hs-2\\\/#primaryimage\"},\"image\":{\"@id\":\"https:\\\/\\\/aaknives.eu\\\/et\\\/product\\\/yakut-4-nuga-jakuudi-rahvuslik-nuga-kasitsi-sepistatud-terasest-9hs-2\\\/#primaryimage\"},\"thumbnailUrl\":\"https:\\\/\\\/aaknives.eu\\\/wp-content\\\/uploads\\\/2022\\\/06\\\/aaknives-hand-forged-dabascus-steel-blade-knife-handmade-custom-made-knife-handcrafted-knives-autinetools-northmen-23.2-1.jpg\",\"datePublished\":\"2022-06-02T14:20:13+00:00\",\"dateModified\":\"2024-08-28T15:10:17+00:00\",\"description\":\"Jakuudi rahvuslik nuga. K\u00e4sitsi sepistatud terasest 9HS, jahi nuga, elluj\u00e4\u00e4misnuga, v\u00e4litingimustes kasutatav nuga. K\u00f5rge k\u00f5vadus, hea vastupidavus ja kulumiskindlus\",\"breadcrumb\":{\"@id\":\"https:\\\/\\\/aaknives.eu\\\/et\\\/product\\\/yakut-4-nuga-jakuudi-rahvuslik-nuga-kasitsi-sepistatud-terasest-9hs-2\\\/#breadcrumb\"},\"inLanguage\":\"et\",\"potentialAction\":[{\"@type\":\"ReadAction\",\"target\":[\"https:\\\/\\\/aaknives.eu\\\/et\\\/product\\\/yakut-4-nuga-jakuudi-rahvuslik-nuga-kasitsi-sepistatud-terasest-9hs-2\\\/\"]}]},{\"@type\":\"ImageObject\",\"inLanguage\":\"et\",\"@id\":\"https:\\\/\\\/aaknives.eu\\\/et\\\/product\\\/yakut-4-nuga-jakuudi-rahvuslik-nuga-kasitsi-sepistatud-terasest-9hs-2\\\/#primaryimage\",\"url\":\"https:\\\/\\\/aaknives.eu\\\/wp-content\\\/uploads\\\/2022\\\/06\\\/aaknives-hand-forged-dabascus-steel-blade-knife-handmade-custom-made-knife-handcrafted-knives-autinetools-northmen-23.2-1.jpg\",\"contentUrl\":\"https:\\\/\\\/aaknives.eu\\\/wp-content\\\/uploads\\\/2022\\\/06\\\/aaknives-hand-forged-dabascus-steel-blade-knife-handmade-custom-made-knife-handcrafted-knives-autinetools-northmen-23.2-1.jpg\",\"width\":1020,\"height\":880},{\"@type\":\"BreadcrumbList\",\"@id\":\"https:\\\/\\\/aaknives.eu\\\/et\\\/product\\\/yakut-4-nuga-jakuudi-rahvuslik-nuga-kasitsi-sepistatud-terasest-9hs-2\\\/#breadcrumb\",\"itemListElement\":[{\"@type\":\"ListItem\",\"position\":1,\"name\":\"Home\",\"item\":\"https:\\\/\\\/aaknives.eu\\\/et\\\/kodu\\\/\"},{\"@type\":\"ListItem\",\"position\":2,\"name\":\"Kauplus\",\"item\":\"https:\\\/\\\/aaknives.eu\\\/et\\\/kauplus\\\/\"},{\"@type\":\"ListItem\",\"position\":3,\"name\":\"&#8221;YAKUT-4&#8221; nuga &#8211; Jakuudi rahvuslik nuga. K\u00e4sitsi sepistatud terasest 9HS\"}]},{\"@type\":\"WebSite\",\"@id\":\"https:\\\/\\\/aaknives.eu\\\/et\\\/#website\",\"url\":\"https:\\\/\\\/aaknives.eu\\\/et\\\/\",\"name\":\"AAKnives\",\"description\":\"Handmade knives\",\"publisher\":{\"@id\":\"https:\\\/\\\/aaknives.eu\\\/et\\\/#organization\"},\"potentialAction\":[{\"@type\":\"SearchAction\",\"target\":{\"@type\":\"EntryPoint\",\"urlTemplate\":\"https:\\\/\\\/aaknives.eu\\\/et\\\/?s={search_term_string}\"},\"query-input\":{\"@type\":\"PropertyValueSpecification\",\"valueRequired\":true,\"valueName\":\"search_term_string\"}}],\"inLanguage\":\"et\"},{\"@type\":\"Organization\",\"@id\":\"https:\\\/\\\/aaknives.eu\\\/et\\\/#organization\",\"name\":\"AAKnives\",\"url\":\"https:\\\/\\\/aaknives.eu\\\/et\\\/\",\"logo\":{\"@type\":\"ImageObject\",\"inLanguage\":\"et\",\"@id\":\"https:\\\/\\\/aaknives.eu\\\/et\\\/#\\\/schema\\\/logo\\\/image\\\/\",\"url\":\"https:\\\/\\\/aaknives.eu\\\/wp-content\\\/uploads\\\/2021\\\/10\\\/AAknives_Logo_Green.png\",\"contentUrl\":\"https:\\\/\\\/aaknives.eu\\\/wp-content\\\/uploads\\\/2021\\\/10\\\/AAknives_Logo_Green.png\",\"width\":1768,\"height\":1768,\"caption\":\"AAKnives\"},\"image\":{\"@id\":\"https:\\\/\\\/aaknives.eu\\\/et\\\/#\\\/schema\\\/logo\\\/image\\\/\"},\"sameAs\":[\"https:\\\/\\\/www.facebook.com\\\/aaknives.eu\\\/\",\"https:\\\/\\\/www.instagram.com\\\/aaknives\\\/\",\"https:\\\/\\\/www.pinterest.com\\\/aa_knives\\\/\",\"https:\\\/\\\/www.youtube.com\\\/channel\\\/UCHOQFjrOkgT6s4FIw9LDKyw\\\/featured\"]}]}<\/script>\n<!-- \/ Yoast SEO plugin. -->","yoast_head_json":{"title":"''YAKUT-4'' nuga - Jakuudi rahvuslik nuga. K\u00e4sitsi sepistatud terasest 9HS - AAKnives","description":"Jakuudi rahvuslik nuga. K\u00e4sitsi sepistatud terasest 9HS, jahi nuga, elluj\u00e4\u00e4misnuga, v\u00e4litingimustes kasutatav nuga. K\u00f5rge k\u00f5vadus, hea vastupidavus ja kulumiskindlus","robots":{"index":"index","follow":"follow","max-snippet":"max-snippet:-1","max-image-preview":"max-image-preview:large","max-video-preview":"max-video-preview:-1"},"canonical":"https:\/\/aaknives.eu\/et\/product\/yakut-4-nuga-jakuudi-rahvuslik-nuga-kasitsi-sepistatud-terasest-9hs-2\/","og_locale":"et_EE","og_type":"article","og_title":"''YAKUT-4'' nuga - Jakuudi rahvuslik nuga. K\u00e4sitsi sepistatud terasest 9HS - AAKnives","og_description":"Jakuudi rahvuslik nuga. K\u00e4sitsi sepistatud terasest 9HS, jahi nuga, elluj\u00e4\u00e4misnuga, v\u00e4litingimustes kasutatav nuga. K\u00f5rge k\u00f5vadus, hea vastupidavus ja kulumiskindlus","og_url":"https:\/\/aaknives.eu\/et\/product\/yakut-4-nuga-jakuudi-rahvuslik-nuga-kasitsi-sepistatud-terasest-9hs-2\/","og_site_name":"AAKnives","article_publisher":"https:\/\/www.facebook.com\/aaknives.eu\/","article_modified_time":"2024-08-28T15:10:17+00:00","og_image":[{"width":1020,"height":880,"url":"https:\/\/aaknives.eu\/wp-content\/uploads\/2022\/06\/aaknives-hand-forged-dabascus-steel-blade-knife-handmade-custom-made-knife-handcrafted-knives-autinetools-northmen-23.2-1.jpg","type":"image\/jpeg"}],"twitter_card":"summary_large_image","schema":{"@context":"https:\/\/schema.org","@graph":[{"@type":"WebPage","@id":"https:\/\/aaknives.eu\/et\/product\/yakut-4-nuga-jakuudi-rahvuslik-nuga-kasitsi-sepistatud-terasest-9hs-2\/","url":"https:\/\/aaknives.eu\/et\/product\/yakut-4-nuga-jakuudi-rahvuslik-nuga-kasitsi-sepistatud-terasest-9hs-2\/","name":"''YAKUT-4'' nuga - Jakuudi rahvuslik nuga. K\u00e4sitsi sepistatud terasest 9HS - AAKnives","isPartOf":{"@id":"https:\/\/aaknives.eu\/et\/#website"},"primaryImageOfPage":{"@id":"https:\/\/aaknives.eu\/et\/product\/yakut-4-nuga-jakuudi-rahvuslik-nuga-kasitsi-sepistatud-terasest-9hs-2\/#primaryimage"},"image":{"@id":"https:\/\/aaknives.eu\/et\/product\/yakut-4-nuga-jakuudi-rahvuslik-nuga-kasitsi-sepistatud-terasest-9hs-2\/#primaryimage"},"thumbnailUrl":"https:\/\/aaknives.eu\/wp-content\/uploads\/2022\/06\/aaknives-hand-forged-dabascus-steel-blade-knife-handmade-custom-made-knife-handcrafted-knives-autinetools-northmen-23.2-1.jpg","datePublished":"2022-06-02T14:20:13+00:00","dateModified":"2024-08-28T15:10:17+00:00","description":"Jakuudi rahvuslik nuga. K\u00e4sitsi sepistatud terasest 9HS, jahi nuga, elluj\u00e4\u00e4misnuga, v\u00e4litingimustes kasutatav nuga. K\u00f5rge k\u00f5vadus, hea vastupidavus ja kulumiskindlus","breadcrumb":{"@id":"https:\/\/aaknives.eu\/et\/product\/yakut-4-nuga-jakuudi-rahvuslik-nuga-kasitsi-sepistatud-terasest-9hs-2\/#breadcrumb"},"inLanguage":"et","potentialAction":[{"@type":"ReadAction","target":["https:\/\/aaknives.eu\/et\/product\/yakut-4-nuga-jakuudi-rahvuslik-nuga-kasitsi-sepistatud-terasest-9hs-2\/"]}]},{"@type":"ImageObject","inLanguage":"et","@id":"https:\/\/aaknives.eu\/et\/product\/yakut-4-nuga-jakuudi-rahvuslik-nuga-kasitsi-sepistatud-terasest-9hs-2\/#primaryimage","url":"https:\/\/aaknives.eu\/wp-content\/uploads\/2022\/06\/aaknives-hand-forged-dabascus-steel-blade-knife-handmade-custom-made-knife-handcrafted-knives-autinetools-northmen-23.2-1.jpg","contentUrl":"https:\/\/aaknives.eu\/wp-content\/uploads\/2022\/06\/aaknives-hand-forged-dabascus-steel-blade-knife-handmade-custom-made-knife-handcrafted-knives-autinetools-northmen-23.2-1.jpg","width":1020,"height":880},{"@type":"BreadcrumbList","@id":"https:\/\/aaknives.eu\/et\/product\/yakut-4-nuga-jakuudi-rahvuslik-nuga-kasitsi-sepistatud-terasest-9hs-2\/#breadcrumb","itemListElement":[{"@type":"ListItem","position":1,"name":"Home","item":"https:\/\/aaknives.eu\/et\/kodu\/"},{"@type":"ListItem","position":2,"name":"Kauplus","item":"https:\/\/aaknives.eu\/et\/kauplus\/"},{"@type":"ListItem","position":3,"name":"&#8221;YAKUT-4&#8221; nuga &#8211; Jakuudi rahvuslik nuga. K\u00e4sitsi sepistatud terasest 9HS"}]},{"@type":"WebSite","@id":"https:\/\/aaknives.eu\/et\/#website","url":"https:\/\/aaknives.eu\/et\/","name":"AAKnives","description":"Handmade knives","publisher":{"@id":"https:\/\/aaknives.eu\/et\/#organization"},"potentialAction":[{"@type":"SearchAction","target":{"@type":"EntryPoint","urlTemplate":"https:\/\/aaknives.eu\/et\/?s={search_term_string}"},"query-input":{"@type":"PropertyValueSpecification","valueRequired":true,"valueName":"search_term_string"}}],"inLanguage":"et"},{"@type":"Organization","@id":"https:\/\/aaknives.eu\/et\/#organization","name":"AAKnives","url":"https:\/\/aaknives.eu\/et\/","logo":{"@type":"ImageObject","inLanguage":"et","@id":"https:\/\/aaknives.eu\/et\/#\/schema\/logo\/image\/","url":"https:\/\/aaknives.eu\/wp-content\/uploads\/2021\/10\/AAknives_Logo_Green.png","contentUrl":"https:\/\/aaknives.eu\/wp-content\/uploads\/2021\/10\/AAknives_Logo_Green.png","width":1768,"height":1768,"caption":"AAKnives"},"image":{"@id":"https:\/\/aaknives.eu\/et\/#\/schema\/logo\/image\/"},"sameAs":["https:\/\/www.facebook.com\/aaknives.eu\/","https:\/\/www.instagram.com\/aaknives\/","https:\/\/www.pinterest.com\/aa_knives\/","https:\/\/www.youtube.com\/channel\/UCHOQFjrOkgT6s4FIw9LDKyw\/featured"]}]}},"_links":{"self":[{"href":"https:\/\/aaknives.eu\/et\/wp-json\/wp\/v2\/product\/40810","targetHints":{"allow":["GET"]}}],"collection":[{"href":"https:\/\/aaknives.eu\/et\/wp-json\/wp\/v2\/product"}],"about":[{"href":"https:\/\/aaknives.eu\/et\/wp-json\/wp\/v2\/types\/product"}],"wp:featuredmedia":[{"embeddable":true,"href":"https:\/\/aaknives.eu\/et\/wp-json\/wp\/v2\/media\/67789"}],"wp:attachment":[{"href":"https:\/\/aaknives.eu\/et\/wp-json\/wp\/v2\/media?parent=40810"}],"wp:term":[{"taxonomy":"product_brand","embeddable":true,"href":"https:\/\/aaknives.eu\/et\/wp-json\/wp\/v2\/product_brand?post=40810"},{"taxonomy":"product_cat","embeddable":true,"href":"https:\/\/aaknives.eu\/et\/wp-json\/wp\/v2\/product_cat?post=40810"},{"taxonomy":"product_tag","embeddable":true,"href":"https:\/\/aaknives.eu\/et\/wp-json\/wp\/v2\/product_tag?post=40810"}],"curies":[{"name":"wp","href":"https:\/\/api.w.org\/{rel}","templated":true}]}}