{"id":40937,"date":"2022-05-02T13:14:01","date_gmt":"2022-05-02T13:14:01","guid":{"rendered":"https:\/\/aaknives.eu\/product\/skewers-kuueosaline-komplekt-koos-nahast-rahakotiga\/"},"modified":"2022-05-02T13:14:01","modified_gmt":"2022-05-02T13:14:01","slug":"skewers-kuueosaline-komplekt-koos-nahast-rahakotiga","status":"publish","type":"product","link":"https:\/\/aaknives.eu\/et\/product\/skewers-kuueosaline-komplekt-koos-nahast-rahakotiga\/","title":{"rendered":"Skewers kuueosaline komplekt koos nahast rahakotiga"},"content":{"rendered":"<p>Spetsifikatsioonid: &#8221;Skewers&#8221;<br \/>\nTeras: kvaliteetne k\u00e4sitsi sepistatud roostevaba teras<br \/>\nTera pikkus (mm): 415 \/ 16,33 tolli<br \/>\nTera paksus (mm): 5 \/ 0,19 tolli<br \/>\nTera laius (mm): 12 \/ 0,47 tolli<br \/>\nK\u00e4epide: Suurte messingist detailidega Aafrika Wenge puit<br \/>\nKogupikkus (mm): 640 \/ 25,19 tolli<br \/>\nT\u00fc\u00fcp: k\u00f6\u00f6k<br \/>\nPakend: varred, nahast rahakott<\/p>\n","protected":false},"excerpt":{"rendered":"<p>Spetsifikatsioonid: &#8221;Skewers&#8221; Teras: kvaliteetne k\u00e4sitsi sepistatud roostevaba teras Tera pikkus (mm): 415 \/ 16,33 tolli Tera paksus (mm): 5 \/ 0,19 tolli Tera laius (mm): 12 \/ 0,47 tolli K\u00e4epide: Suurte messingist detailidega Aafrika Wenge puit Kogupikkus (mm): 640 \/ 25,19 tolli T\u00fc\u00fcp: k\u00f6\u00f6k Pakend: varred, nahast rahakott<\/p>\n","protected":false},"featured_media":40938,"template":"","meta":{"_themeisle_gutenberg_block_has_review":false},"product_brand":[],"product_cat":[348,338],"product_tag":[],"class_list":{"0":"post-40937","1":"product","2":"type-product","3":"status-publish","4":"has-post-thumbnail","6":"product_cat-kooginoad","7":"product_cat-varras","9":"first","10":"outofstock","11":"shipping-taxable","12":"purchasable","13":"product-type-simple"},"yoast_head":"<!-- This site is optimized with the Yoast SEO plugin v27.5 - https:\/\/yoast.com\/product\/yoast-seo-wordpress\/ -->\n<title>Skewers kuueosaline komplekt koos nahast rahakotiga - AAKnives<\/title>\n<meta name=\"description\" content=\"Skewers kuueosaline komplekt koos nahast rahakotiga\" \/>\n<meta name=\"robots\" content=\"index, follow, max-snippet:-1, max-image-preview:large, max-video-preview:-1\" \/>\n<link rel=\"canonical\" href=\"https:\/\/aaknives.eu\/et\/product\/skewers-kuueosaline-komplekt-koos-nahast-rahakotiga\/\" \/>\n<meta property=\"og:locale\" content=\"et_EE\" \/>\n<meta property=\"og:type\" content=\"article\" \/>\n<meta property=\"og:title\" content=\"Skewers kuueosaline komplekt koos nahast rahakotiga - AAKnives\" \/>\n<meta property=\"og:description\" content=\"Skewers kuueosaline komplekt koos nahast rahakotiga\" \/>\n<meta property=\"og:url\" content=\"https:\/\/aaknives.eu\/et\/product\/skewers-kuueosaline-komplekt-koos-nahast-rahakotiga\/\" \/>\n<meta property=\"og:site_name\" content=\"AAKnives\" \/>\n<meta property=\"article:publisher\" content=\"https:\/\/www.facebook.com\/aaknives.eu\/\" \/>\n<meta property=\"og:image\" content=\"https:\/\/aaknives.eu\/wp-content\/uploads\/2022\/05\/img-1093.jpg\" \/>\n\t<meta property=\"og:image:width\" content=\"1020\" \/>\n\t<meta property=\"og:image:height\" content=\"880\" \/>\n\t<meta property=\"og:image:type\" content=\"image\/jpeg\" \/>\n<meta name=\"twitter:card\" content=\"summary_large_image\" \/>\n<script type=\"application\/ld+json\" class=\"yoast-schema-graph\">{\"@context\":\"https:\\\/\\\/schema.org\",\"@graph\":[{\"@type\":\"WebPage\",\"@id\":\"https:\\\/\\\/aaknives.eu\\\/et\\\/product\\\/skewers-kuueosaline-komplekt-koos-nahast-rahakotiga\\\/\",\"url\":\"https:\\\/\\\/aaknives.eu\\\/et\\\/product\\\/skewers-kuueosaline-komplekt-koos-nahast-rahakotiga\\\/\",\"name\":\"Skewers kuueosaline komplekt koos nahast rahakotiga - AAKnives\",\"isPartOf\":{\"@id\":\"https:\\\/\\\/aaknives.eu\\\/et\\\/#website\"},\"primaryImageOfPage\":{\"@id\":\"https:\\\/\\\/aaknives.eu\\\/et\\\/product\\\/skewers-kuueosaline-komplekt-koos-nahast-rahakotiga\\\/#primaryimage\"},\"image\":{\"@id\":\"https:\\\/\\\/aaknives.eu\\\/et\\\/product\\\/skewers-kuueosaline-komplekt-koos-nahast-rahakotiga\\\/#primaryimage\"},\"thumbnailUrl\":\"https:\\\/\\\/aaknives.eu\\\/wp-content\\\/uploads\\\/2022\\\/05\\\/img-1093.jpg\",\"datePublished\":\"2022-05-02T13:14:01+00:00\",\"description\":\"Skewers kuueosaline komplekt koos nahast rahakotiga\",\"breadcrumb\":{\"@id\":\"https:\\\/\\\/aaknives.eu\\\/et\\\/product\\\/skewers-kuueosaline-komplekt-koos-nahast-rahakotiga\\\/#breadcrumb\"},\"inLanguage\":\"et\",\"potentialAction\":[{\"@type\":\"ReadAction\",\"target\":[\"https:\\\/\\\/aaknives.eu\\\/et\\\/product\\\/skewers-kuueosaline-komplekt-koos-nahast-rahakotiga\\\/\"]}]},{\"@type\":\"ImageObject\",\"inLanguage\":\"et\",\"@id\":\"https:\\\/\\\/aaknives.eu\\\/et\\\/product\\\/skewers-kuueosaline-komplekt-koos-nahast-rahakotiga\\\/#primaryimage\",\"url\":\"https:\\\/\\\/aaknives.eu\\\/wp-content\\\/uploads\\\/2022\\\/05\\\/img-1093.jpg\",\"contentUrl\":\"https:\\\/\\\/aaknives.eu\\\/wp-content\\\/uploads\\\/2022\\\/05\\\/img-1093.jpg\",\"width\":1020,\"height\":880},{\"@type\":\"BreadcrumbList\",\"@id\":\"https:\\\/\\\/aaknives.eu\\\/et\\\/product\\\/skewers-kuueosaline-komplekt-koos-nahast-rahakotiga\\\/#breadcrumb\",\"itemListElement\":[{\"@type\":\"ListItem\",\"position\":1,\"name\":\"Home\",\"item\":\"https:\\\/\\\/aaknives.eu\\\/et\\\/kodu\\\/\"},{\"@type\":\"ListItem\",\"position\":2,\"name\":\"Kauplus\",\"item\":\"https:\\\/\\\/aaknives.eu\\\/et\\\/kauplus\\\/\"},{\"@type\":\"ListItem\",\"position\":3,\"name\":\"Skewers kuueosaline komplekt koos nahast rahakotiga\"}]},{\"@type\":\"WebSite\",\"@id\":\"https:\\\/\\\/aaknives.eu\\\/et\\\/#website\",\"url\":\"https:\\\/\\\/aaknives.eu\\\/et\\\/\",\"name\":\"AAKnives\",\"description\":\"Handmade knives\",\"publisher\":{\"@id\":\"https:\\\/\\\/aaknives.eu\\\/et\\\/#organization\"},\"potentialAction\":[{\"@type\":\"SearchAction\",\"target\":{\"@type\":\"EntryPoint\",\"urlTemplate\":\"https:\\\/\\\/aaknives.eu\\\/et\\\/?s={search_term_string}\"},\"query-input\":{\"@type\":\"PropertyValueSpecification\",\"valueRequired\":true,\"valueName\":\"search_term_string\"}}],\"inLanguage\":\"et\"},{\"@type\":\"Organization\",\"@id\":\"https:\\\/\\\/aaknives.eu\\\/et\\\/#organization\",\"name\":\"AAKnives\",\"url\":\"https:\\\/\\\/aaknives.eu\\\/et\\\/\",\"logo\":{\"@type\":\"ImageObject\",\"inLanguage\":\"et\",\"@id\":\"https:\\\/\\\/aaknives.eu\\\/et\\\/#\\\/schema\\\/logo\\\/image\\\/\",\"url\":\"https:\\\/\\\/aaknives.eu\\\/wp-content\\\/uploads\\\/2021\\\/10\\\/AAknives_Logo_Green.png\",\"contentUrl\":\"https:\\\/\\\/aaknives.eu\\\/wp-content\\\/uploads\\\/2021\\\/10\\\/AAknives_Logo_Green.png\",\"width\":1768,\"height\":1768,\"caption\":\"AAKnives\"},\"image\":{\"@id\":\"https:\\\/\\\/aaknives.eu\\\/et\\\/#\\\/schema\\\/logo\\\/image\\\/\"},\"sameAs\":[\"https:\\\/\\\/www.facebook.com\\\/aaknives.eu\\\/\",\"https:\\\/\\\/www.instagram.com\\\/aaknives\\\/\",\"https:\\\/\\\/www.pinterest.com\\\/aa_knives\\\/\",\"https:\\\/\\\/www.youtube.com\\\/channel\\\/UCHOQFjrOkgT6s4FIw9LDKyw\\\/featured\"]}]}<\/script>\n<!-- \/ Yoast SEO plugin. -->","yoast_head_json":{"title":"Skewers kuueosaline komplekt koos nahast rahakotiga - AAKnives","description":"Skewers kuueosaline komplekt koos nahast rahakotiga","robots":{"index":"index","follow":"follow","max-snippet":"max-snippet:-1","max-image-preview":"max-image-preview:large","max-video-preview":"max-video-preview:-1"},"canonical":"https:\/\/aaknives.eu\/et\/product\/skewers-kuueosaline-komplekt-koos-nahast-rahakotiga\/","og_locale":"et_EE","og_type":"article","og_title":"Skewers kuueosaline komplekt koos nahast rahakotiga - AAKnives","og_description":"Skewers kuueosaline komplekt koos nahast rahakotiga","og_url":"https:\/\/aaknives.eu\/et\/product\/skewers-kuueosaline-komplekt-koos-nahast-rahakotiga\/","og_site_name":"AAKnives","article_publisher":"https:\/\/www.facebook.com\/aaknives.eu\/","og_image":[{"width":1020,"height":880,"url":"https:\/\/aaknives.eu\/wp-content\/uploads\/2022\/05\/img-1093.jpg","type":"image\/jpeg"}],"twitter_card":"summary_large_image","schema":{"@context":"https:\/\/schema.org","@graph":[{"@type":"WebPage","@id":"https:\/\/aaknives.eu\/et\/product\/skewers-kuueosaline-komplekt-koos-nahast-rahakotiga\/","url":"https:\/\/aaknives.eu\/et\/product\/skewers-kuueosaline-komplekt-koos-nahast-rahakotiga\/","name":"Skewers kuueosaline komplekt koos nahast rahakotiga - AAKnives","isPartOf":{"@id":"https:\/\/aaknives.eu\/et\/#website"},"primaryImageOfPage":{"@id":"https:\/\/aaknives.eu\/et\/product\/skewers-kuueosaline-komplekt-koos-nahast-rahakotiga\/#primaryimage"},"image":{"@id":"https:\/\/aaknives.eu\/et\/product\/skewers-kuueosaline-komplekt-koos-nahast-rahakotiga\/#primaryimage"},"thumbnailUrl":"https:\/\/aaknives.eu\/wp-content\/uploads\/2022\/05\/img-1093.jpg","datePublished":"2022-05-02T13:14:01+00:00","description":"Skewers kuueosaline komplekt koos nahast rahakotiga","breadcrumb":{"@id":"https:\/\/aaknives.eu\/et\/product\/skewers-kuueosaline-komplekt-koos-nahast-rahakotiga\/#breadcrumb"},"inLanguage":"et","potentialAction":[{"@type":"ReadAction","target":["https:\/\/aaknives.eu\/et\/product\/skewers-kuueosaline-komplekt-koos-nahast-rahakotiga\/"]}]},{"@type":"ImageObject","inLanguage":"et","@id":"https:\/\/aaknives.eu\/et\/product\/skewers-kuueosaline-komplekt-koos-nahast-rahakotiga\/#primaryimage","url":"https:\/\/aaknives.eu\/wp-content\/uploads\/2022\/05\/img-1093.jpg","contentUrl":"https:\/\/aaknives.eu\/wp-content\/uploads\/2022\/05\/img-1093.jpg","width":1020,"height":880},{"@type":"BreadcrumbList","@id":"https:\/\/aaknives.eu\/et\/product\/skewers-kuueosaline-komplekt-koos-nahast-rahakotiga\/#breadcrumb","itemListElement":[{"@type":"ListItem","position":1,"name":"Home","item":"https:\/\/aaknives.eu\/et\/kodu\/"},{"@type":"ListItem","position":2,"name":"Kauplus","item":"https:\/\/aaknives.eu\/et\/kauplus\/"},{"@type":"ListItem","position":3,"name":"Skewers kuueosaline komplekt koos nahast rahakotiga"}]},{"@type":"WebSite","@id":"https:\/\/aaknives.eu\/et\/#website","url":"https:\/\/aaknives.eu\/et\/","name":"AAKnives","description":"Handmade knives","publisher":{"@id":"https:\/\/aaknives.eu\/et\/#organization"},"potentialAction":[{"@type":"SearchAction","target":{"@type":"EntryPoint","urlTemplate":"https:\/\/aaknives.eu\/et\/?s={search_term_string}"},"query-input":{"@type":"PropertyValueSpecification","valueRequired":true,"valueName":"search_term_string"}}],"inLanguage":"et"},{"@type":"Organization","@id":"https:\/\/aaknives.eu\/et\/#organization","name":"AAKnives","url":"https:\/\/aaknives.eu\/et\/","logo":{"@type":"ImageObject","inLanguage":"et","@id":"https:\/\/aaknives.eu\/et\/#\/schema\/logo\/image\/","url":"https:\/\/aaknives.eu\/wp-content\/uploads\/2021\/10\/AAknives_Logo_Green.png","contentUrl":"https:\/\/aaknives.eu\/wp-content\/uploads\/2021\/10\/AAknives_Logo_Green.png","width":1768,"height":1768,"caption":"AAKnives"},"image":{"@id":"https:\/\/aaknives.eu\/et\/#\/schema\/logo\/image\/"},"sameAs":["https:\/\/www.facebook.com\/aaknives.eu\/","https:\/\/www.instagram.com\/aaknives\/","https:\/\/www.pinterest.com\/aa_knives\/","https:\/\/www.youtube.com\/channel\/UCHOQFjrOkgT6s4FIw9LDKyw\/featured"]}]}},"_links":{"self":[{"href":"https:\/\/aaknives.eu\/et\/wp-json\/wp\/v2\/product\/40937","targetHints":{"allow":["GET"]}}],"collection":[{"href":"https:\/\/aaknives.eu\/et\/wp-json\/wp\/v2\/product"}],"about":[{"href":"https:\/\/aaknives.eu\/et\/wp-json\/wp\/v2\/types\/product"}],"wp:featuredmedia":[{"embeddable":true,"href":"https:\/\/aaknives.eu\/et\/wp-json\/wp\/v2\/media\/40938"}],"wp:attachment":[{"href":"https:\/\/aaknives.eu\/et\/wp-json\/wp\/v2\/media?parent=40937"}],"wp:term":[{"taxonomy":"product_brand","embeddable":true,"href":"https:\/\/aaknives.eu\/et\/wp-json\/wp\/v2\/product_brand?post=40937"},{"taxonomy":"product_cat","embeddable":true,"href":"https:\/\/aaknives.eu\/et\/wp-json\/wp\/v2\/product_cat?post=40937"},{"taxonomy":"product_tag","embeddable":true,"href":"https:\/\/aaknives.eu\/et\/wp-json\/wp\/v2\/product_tag?post=40937"}],"curies":[{"name":"wp","href":"https:\/\/api.w.org\/{rel}","templated":true}]}}