{"id":41191,"date":"2022-02-22T12:09:13","date_gmt":"2022-02-22T12:09:13","guid":{"rendered":"https:\/\/aaknives.eu\/product\/lati-voimsusnuga-lachplesis-sepistatud-damaskuse-teras-800-kihti\/"},"modified":"2024-09-24T10:49:05","modified_gmt":"2024-09-24T10:49:05","slug":"lati-voimsusnuga-lachplesis-sepistatud-damaskuse-teras-800-kihti","status":"publish","type":"product","link":"https:\/\/aaknives.eu\/et\/product\/lati-voimsusnuga-lachplesis-sepistatud-damaskuse-teras-800-kihti\/","title":{"rendered":"L\u00e4ti v\u00f5imsusnuga &#8221;LACHPLESIS&#8221;, sepistatud Damaskuse teras, 800 kihti."},"content":{"rendered":"<p>JUMIS &#8211; KAEVU M\u00c4RK &#8211; USINSH &#8211; MARA RIST &#8211; \u00c4IKESERIST &#8211; AUSTRA PUU &#8211; AUSEKLIS &#8211; ADDER<\/p>\n<p>Noa spetsifikatsioonid: &#8221;LACHPLESIS&#8221;<br \/>\nTeras: sepistatud Damaskuse teras, 800 kihti<br \/>\nK\u00f5vadus: 60-62 HRC<br \/>\nTera pikkus (mm): 5 tolli pikkusega: 127 \/ 5 tolli<br \/>\nTera paksus (mm): 3 \/ 0,12 tolli<br \/>\nTera laius (mm): 32 \/ 1,26 tolli<br \/>\nK\u00e4epide: Aafrika bubinga puit<br \/>\nKogupikkus (mm): 250 \/9,84 tolli<\/p>\n","protected":false},"excerpt":{"rendered":"<p>JUMIS &#8211; KAEVU M\u00c4RK &#8211; USINSH &#8211; MARA RIST &#8211; \u00c4IKESERIST &#8211; AUSTRA PUU &#8211; AUSEKLIS &#8211; ADDER Noa spetsifikatsioonid: &#8221;LACHPLESIS&#8221; Teras: sepistatud Damaskuse teras, 800 kihti K\u00f5vadus: 60-62 HRC Tera pikkus (mm): 5 tolli pikkusega: 127 \/ 5 tolli Tera paksus (mm): 3 \/ 0,12 tolli Tera laius (mm): 32 \/ 1,26 tolli K\u00e4epide: Aafrika bubinga puit Kogupikkus (mm): 250 \/9,84 tolli<\/p>\n","protected":false},"featured_media":41192,"template":"","meta":{"_themeisle_gutenberg_block_has_review":false},"product_brand":[],"product_cat":[345,343,352,346],"product_tag":[],"class_list":{"0":"post-41191","1":"product","2":"type-product","3":"status-publish","4":"has-post-thumbnail","6":"product_cat-jahinoad","7":"product_cat-kalapuugi-noad","8":"product_cat-lati-jounoad","9":"product_cat-matkanoad","11":"first","12":"instock","13":"shipping-taxable","14":"purchasable","15":"product-type-simple"},"yoast_head":"<!-- This site is optimized with the Yoast SEO plugin v27.3 - https:\/\/yoast.com\/product\/yoast-seo-wordpress\/ -->\n<title>L\u00e4ti v\u00f5imsusnuga &#039;&#039;LACHPLESIS&#039;&#039;, sepistatud Damaskuse teras, 800 kihti. - AAKnives<\/title>\n<meta name=\"description\" content=\"L\u00e4ti v\u00f5imsusnuga &#039;&#039;LACHPLESIS-1&#039;&#039;, sepistatud Damaskuse teras, 800 kihti.\" \/>\n<meta name=\"robots\" content=\"index, follow, max-snippet:-1, max-image-preview:large, max-video-preview:-1\" \/>\n<link rel=\"canonical\" href=\"https:\/\/aaknives.eu\/et\/product\/lati-voimsusnuga-lachplesis-sepistatud-damaskuse-teras-800-kihti\/\" \/>\n<meta property=\"og:locale\" content=\"et_EE\" \/>\n<meta property=\"og:type\" content=\"article\" \/>\n<meta property=\"og:title\" content=\"L\u00e4ti v\u00f5imsusnuga &#039;&#039;LACHPLESIS&#039;&#039;, sepistatud Damaskuse teras, 800 kihti. - AAKnives\" \/>\n<meta property=\"og:description\" content=\"L\u00e4ti v\u00f5imsusnuga &#039;&#039;LACHPLESIS-1&#039;&#039;, sepistatud Damaskuse teras, 800 kihti.\" \/>\n<meta property=\"og:url\" content=\"https:\/\/aaknives.eu\/et\/product\/lati-voimsusnuga-lachplesis-sepistatud-damaskuse-teras-800-kihti\/\" \/>\n<meta property=\"og:site_name\" content=\"AAKnives\" \/>\n<meta property=\"article:publisher\" content=\"https:\/\/www.facebook.com\/aaknives.eu\/\" \/>\n<meta property=\"article:modified_time\" content=\"2024-09-24T10:49:05+00:00\" \/>\n<meta property=\"og:image\" content=\"https:\/\/aaknives.eu\/wp-content\/uploads\/2022\/02\/aaknives-hand-forged-dabascus-steel-blade-knife-handmade-custom-made-knife-handcrafted-knives-autinetools-northmen-1-2-4.jpg\" \/>\n\t<meta property=\"og:image:width\" content=\"1020\" \/>\n\t<meta property=\"og:image:height\" content=\"880\" \/>\n\t<meta property=\"og:image:type\" content=\"image\/jpeg\" \/>\n<meta name=\"twitter:card\" content=\"summary_large_image\" \/>\n<script type=\"application\/ld+json\" class=\"yoast-schema-graph\">{\"@context\":\"https:\\\/\\\/schema.org\",\"@graph\":[{\"@type\":\"WebPage\",\"@id\":\"https:\\\/\\\/aaknives.eu\\\/et\\\/product\\\/lati-voimsusnuga-lachplesis-sepistatud-damaskuse-teras-800-kihti\\\/\",\"url\":\"https:\\\/\\\/aaknives.eu\\\/et\\\/product\\\/lati-voimsusnuga-lachplesis-sepistatud-damaskuse-teras-800-kihti\\\/\",\"name\":\"L\u00e4ti v\u00f5imsusnuga ''LACHPLESIS'', sepistatud Damaskuse teras, 800 kihti. - AAKnives\",\"isPartOf\":{\"@id\":\"https:\\\/\\\/aaknives.eu\\\/et\\\/#website\"},\"primaryImageOfPage\":{\"@id\":\"https:\\\/\\\/aaknives.eu\\\/et\\\/product\\\/lati-voimsusnuga-lachplesis-sepistatud-damaskuse-teras-800-kihti\\\/#primaryimage\"},\"image\":{\"@id\":\"https:\\\/\\\/aaknives.eu\\\/et\\\/product\\\/lati-voimsusnuga-lachplesis-sepistatud-damaskuse-teras-800-kihti\\\/#primaryimage\"},\"thumbnailUrl\":\"https:\\\/\\\/aaknives.eu\\\/wp-content\\\/uploads\\\/2022\\\/02\\\/aaknives-hand-forged-dabascus-steel-blade-knife-handmade-custom-made-knife-handcrafted-knives-autinetools-northmen-1-2-4.jpg\",\"datePublished\":\"2022-02-22T12:09:13+00:00\",\"dateModified\":\"2024-09-24T10:49:05+00:00\",\"description\":\"L\u00e4ti v\u00f5imsusnuga ''LACHPLESIS-1'', sepistatud Damaskuse teras, 800 kihti.\",\"breadcrumb\":{\"@id\":\"https:\\\/\\\/aaknives.eu\\\/et\\\/product\\\/lati-voimsusnuga-lachplesis-sepistatud-damaskuse-teras-800-kihti\\\/#breadcrumb\"},\"inLanguage\":\"et\",\"potentialAction\":[{\"@type\":\"ReadAction\",\"target\":[\"https:\\\/\\\/aaknives.eu\\\/et\\\/product\\\/lati-voimsusnuga-lachplesis-sepistatud-damaskuse-teras-800-kihti\\\/\"]}]},{\"@type\":\"ImageObject\",\"inLanguage\":\"et\",\"@id\":\"https:\\\/\\\/aaknives.eu\\\/et\\\/product\\\/lati-voimsusnuga-lachplesis-sepistatud-damaskuse-teras-800-kihti\\\/#primaryimage\",\"url\":\"https:\\\/\\\/aaknives.eu\\\/wp-content\\\/uploads\\\/2022\\\/02\\\/aaknives-hand-forged-dabascus-steel-blade-knife-handmade-custom-made-knife-handcrafted-knives-autinetools-northmen-1-2-4.jpg\",\"contentUrl\":\"https:\\\/\\\/aaknives.eu\\\/wp-content\\\/uploads\\\/2022\\\/02\\\/aaknives-hand-forged-dabascus-steel-blade-knife-handmade-custom-made-knife-handcrafted-knives-autinetools-northmen-1-2-4.jpg\",\"width\":1020,\"height\":880,\"caption\":\"aaknives hand forged dabascus steel blade knife handmade custom made knife handcrafted knives autinetools northmen 1 2 4\"},{\"@type\":\"BreadcrumbList\",\"@id\":\"https:\\\/\\\/aaknives.eu\\\/et\\\/product\\\/lati-voimsusnuga-lachplesis-sepistatud-damaskuse-teras-800-kihti\\\/#breadcrumb\",\"itemListElement\":[{\"@type\":\"ListItem\",\"position\":1,\"name\":\"Home\",\"item\":\"https:\\\/\\\/aaknives.eu\\\/et\\\/kodu\\\/\"},{\"@type\":\"ListItem\",\"position\":2,\"name\":\"Kauplus\",\"item\":\"https:\\\/\\\/aaknives.eu\\\/et\\\/kauplus\\\/\"},{\"@type\":\"ListItem\",\"position\":3,\"name\":\"L\u00e4ti v\u00f5imsusnuga &#8221;LACHPLESIS&#8221;, sepistatud Damaskuse teras, 800 kihti.\"}]},{\"@type\":\"WebSite\",\"@id\":\"https:\\\/\\\/aaknives.eu\\\/et\\\/#website\",\"url\":\"https:\\\/\\\/aaknives.eu\\\/et\\\/\",\"name\":\"AAKnives\",\"description\":\"Handmade knives\",\"publisher\":{\"@id\":\"https:\\\/\\\/aaknives.eu\\\/et\\\/#organization\"},\"potentialAction\":[{\"@type\":\"SearchAction\",\"target\":{\"@type\":\"EntryPoint\",\"urlTemplate\":\"https:\\\/\\\/aaknives.eu\\\/et\\\/?s={search_term_string}\"},\"query-input\":{\"@type\":\"PropertyValueSpecification\",\"valueRequired\":true,\"valueName\":\"search_term_string\"}}],\"inLanguage\":\"et\"},{\"@type\":\"Organization\",\"@id\":\"https:\\\/\\\/aaknives.eu\\\/et\\\/#organization\",\"name\":\"AAKnives\",\"url\":\"https:\\\/\\\/aaknives.eu\\\/et\\\/\",\"logo\":{\"@type\":\"ImageObject\",\"inLanguage\":\"et\",\"@id\":\"https:\\\/\\\/aaknives.eu\\\/et\\\/#\\\/schema\\\/logo\\\/image\\\/\",\"url\":\"https:\\\/\\\/aaknives.eu\\\/wp-content\\\/uploads\\\/2021\\\/10\\\/AAknives_Logo_Green.png\",\"contentUrl\":\"https:\\\/\\\/aaknives.eu\\\/wp-content\\\/uploads\\\/2021\\\/10\\\/AAknives_Logo_Green.png\",\"width\":1768,\"height\":1768,\"caption\":\"AAKnives\"},\"image\":{\"@id\":\"https:\\\/\\\/aaknives.eu\\\/et\\\/#\\\/schema\\\/logo\\\/image\\\/\"},\"sameAs\":[\"https:\\\/\\\/www.facebook.com\\\/aaknives.eu\\\/\",\"https:\\\/\\\/www.instagram.com\\\/aaknives\\\/\",\"https:\\\/\\\/www.pinterest.com\\\/aa_knives\\\/\",\"https:\\\/\\\/www.youtube.com\\\/channel\\\/UCHOQFjrOkgT6s4FIw9LDKyw\\\/featured\"]}]}<\/script>\n<!-- \/ Yoast SEO plugin. -->","yoast_head_json":{"title":"L\u00e4ti v\u00f5imsusnuga ''LACHPLESIS'', sepistatud Damaskuse teras, 800 kihti. - AAKnives","description":"L\u00e4ti v\u00f5imsusnuga ''LACHPLESIS-1'', sepistatud Damaskuse teras, 800 kihti.","robots":{"index":"index","follow":"follow","max-snippet":"max-snippet:-1","max-image-preview":"max-image-preview:large","max-video-preview":"max-video-preview:-1"},"canonical":"https:\/\/aaknives.eu\/et\/product\/lati-voimsusnuga-lachplesis-sepistatud-damaskuse-teras-800-kihti\/","og_locale":"et_EE","og_type":"article","og_title":"L\u00e4ti v\u00f5imsusnuga ''LACHPLESIS'', sepistatud Damaskuse teras, 800 kihti. - AAKnives","og_description":"L\u00e4ti v\u00f5imsusnuga ''LACHPLESIS-1'', sepistatud Damaskuse teras, 800 kihti.","og_url":"https:\/\/aaknives.eu\/et\/product\/lati-voimsusnuga-lachplesis-sepistatud-damaskuse-teras-800-kihti\/","og_site_name":"AAKnives","article_publisher":"https:\/\/www.facebook.com\/aaknives.eu\/","article_modified_time":"2024-09-24T10:49:05+00:00","og_image":[{"width":1020,"height":880,"url":"https:\/\/aaknives.eu\/wp-content\/uploads\/2022\/02\/aaknives-hand-forged-dabascus-steel-blade-knife-handmade-custom-made-knife-handcrafted-knives-autinetools-northmen-1-2-4.jpg","type":"image\/jpeg"}],"twitter_card":"summary_large_image","schema":{"@context":"https:\/\/schema.org","@graph":[{"@type":"WebPage","@id":"https:\/\/aaknives.eu\/et\/product\/lati-voimsusnuga-lachplesis-sepistatud-damaskuse-teras-800-kihti\/","url":"https:\/\/aaknives.eu\/et\/product\/lati-voimsusnuga-lachplesis-sepistatud-damaskuse-teras-800-kihti\/","name":"L\u00e4ti v\u00f5imsusnuga ''LACHPLESIS'', sepistatud Damaskuse teras, 800 kihti. - AAKnives","isPartOf":{"@id":"https:\/\/aaknives.eu\/et\/#website"},"primaryImageOfPage":{"@id":"https:\/\/aaknives.eu\/et\/product\/lati-voimsusnuga-lachplesis-sepistatud-damaskuse-teras-800-kihti\/#primaryimage"},"image":{"@id":"https:\/\/aaknives.eu\/et\/product\/lati-voimsusnuga-lachplesis-sepistatud-damaskuse-teras-800-kihti\/#primaryimage"},"thumbnailUrl":"https:\/\/aaknives.eu\/wp-content\/uploads\/2022\/02\/aaknives-hand-forged-dabascus-steel-blade-knife-handmade-custom-made-knife-handcrafted-knives-autinetools-northmen-1-2-4.jpg","datePublished":"2022-02-22T12:09:13+00:00","dateModified":"2024-09-24T10:49:05+00:00","description":"L\u00e4ti v\u00f5imsusnuga ''LACHPLESIS-1'', sepistatud Damaskuse teras, 800 kihti.","breadcrumb":{"@id":"https:\/\/aaknives.eu\/et\/product\/lati-voimsusnuga-lachplesis-sepistatud-damaskuse-teras-800-kihti\/#breadcrumb"},"inLanguage":"et","potentialAction":[{"@type":"ReadAction","target":["https:\/\/aaknives.eu\/et\/product\/lati-voimsusnuga-lachplesis-sepistatud-damaskuse-teras-800-kihti\/"]}]},{"@type":"ImageObject","inLanguage":"et","@id":"https:\/\/aaknives.eu\/et\/product\/lati-voimsusnuga-lachplesis-sepistatud-damaskuse-teras-800-kihti\/#primaryimage","url":"https:\/\/aaknives.eu\/wp-content\/uploads\/2022\/02\/aaknives-hand-forged-dabascus-steel-blade-knife-handmade-custom-made-knife-handcrafted-knives-autinetools-northmen-1-2-4.jpg","contentUrl":"https:\/\/aaknives.eu\/wp-content\/uploads\/2022\/02\/aaknives-hand-forged-dabascus-steel-blade-knife-handmade-custom-made-knife-handcrafted-knives-autinetools-northmen-1-2-4.jpg","width":1020,"height":880,"caption":"aaknives hand forged dabascus steel blade knife handmade custom made knife handcrafted knives autinetools northmen 1 2 4"},{"@type":"BreadcrumbList","@id":"https:\/\/aaknives.eu\/et\/product\/lati-voimsusnuga-lachplesis-sepistatud-damaskuse-teras-800-kihti\/#breadcrumb","itemListElement":[{"@type":"ListItem","position":1,"name":"Home","item":"https:\/\/aaknives.eu\/et\/kodu\/"},{"@type":"ListItem","position":2,"name":"Kauplus","item":"https:\/\/aaknives.eu\/et\/kauplus\/"},{"@type":"ListItem","position":3,"name":"L\u00e4ti v\u00f5imsusnuga &#8221;LACHPLESIS&#8221;, sepistatud Damaskuse teras, 800 kihti."}]},{"@type":"WebSite","@id":"https:\/\/aaknives.eu\/et\/#website","url":"https:\/\/aaknives.eu\/et\/","name":"AAKnives","description":"Handmade knives","publisher":{"@id":"https:\/\/aaknives.eu\/et\/#organization"},"potentialAction":[{"@type":"SearchAction","target":{"@type":"EntryPoint","urlTemplate":"https:\/\/aaknives.eu\/et\/?s={search_term_string}"},"query-input":{"@type":"PropertyValueSpecification","valueRequired":true,"valueName":"search_term_string"}}],"inLanguage":"et"},{"@type":"Organization","@id":"https:\/\/aaknives.eu\/et\/#organization","name":"AAKnives","url":"https:\/\/aaknives.eu\/et\/","logo":{"@type":"ImageObject","inLanguage":"et","@id":"https:\/\/aaknives.eu\/et\/#\/schema\/logo\/image\/","url":"https:\/\/aaknives.eu\/wp-content\/uploads\/2021\/10\/AAknives_Logo_Green.png","contentUrl":"https:\/\/aaknives.eu\/wp-content\/uploads\/2021\/10\/AAknives_Logo_Green.png","width":1768,"height":1768,"caption":"AAKnives"},"image":{"@id":"https:\/\/aaknives.eu\/et\/#\/schema\/logo\/image\/"},"sameAs":["https:\/\/www.facebook.com\/aaknives.eu\/","https:\/\/www.instagram.com\/aaknives\/","https:\/\/www.pinterest.com\/aa_knives\/","https:\/\/www.youtube.com\/channel\/UCHOQFjrOkgT6s4FIw9LDKyw\/featured"]}]}},"_links":{"self":[{"href":"https:\/\/aaknives.eu\/et\/wp-json\/wp\/v2\/product\/41191","targetHints":{"allow":["GET"]}}],"collection":[{"href":"https:\/\/aaknives.eu\/et\/wp-json\/wp\/v2\/product"}],"about":[{"href":"https:\/\/aaknives.eu\/et\/wp-json\/wp\/v2\/types\/product"}],"wp:featuredmedia":[{"embeddable":true,"href":"https:\/\/aaknives.eu\/et\/wp-json\/wp\/v2\/media\/41192"}],"wp:attachment":[{"href":"https:\/\/aaknives.eu\/et\/wp-json\/wp\/v2\/media?parent=41191"}],"wp:term":[{"taxonomy":"product_brand","embeddable":true,"href":"https:\/\/aaknives.eu\/et\/wp-json\/wp\/v2\/product_brand?post=41191"},{"taxonomy":"product_cat","embeddable":true,"href":"https:\/\/aaknives.eu\/et\/wp-json\/wp\/v2\/product_cat?post=41191"},{"taxonomy":"product_tag","embeddable":true,"href":"https:\/\/aaknives.eu\/et\/wp-json\/wp\/v2\/product_tag?post=41191"}],"curies":[{"name":"wp","href":"https:\/\/api.w.org\/{rel}","templated":true}]}}