{"id":41354,"date":"2021-12-08T10:39:39","date_gmt":"2021-12-08T10:39:39","guid":{"rendered":"https:\/\/aaknives.eu\/product\/yakut-nuga-jakuudi-rahvuslik-nuga-kasitsi-sepistatud-damaskuse-terasest-tera-nuga\/"},"modified":"2024-08-28T15:10:29","modified_gmt":"2024-08-28T15:10:29","slug":"yakut-nuga-jakuudi-rahvuslik-nuga-kasitsi-sepistatud-damaskuse-terasest-tera-nuga","status":"publish","type":"product","link":"https:\/\/aaknives.eu\/et\/product\/yakut-nuga-jakuudi-rahvuslik-nuga-kasitsi-sepistatud-damaskuse-terasest-tera-nuga\/","title":{"rendered":"&#8221;YAKUT&#8221; nuga &#8211; Jakuudi rahvuslik nuga. k\u00e4sitsi sepistatud Damaskuse terasest tera nuga"},"content":{"rendered":"<p>Noa spetsifikatsioonid: YAKUT<br \/>\nTeras: K\u00e4sitsi sepistatud Damaskuse terasest tera jahipidamisnuga, (HVG, U10, ShH15), 800 kihti. Parema k\u00e4e jaoks<br \/>\nK\u00f5vadus: 60-62 HRC<br \/>\nTera pikkus (mm): 150 \/ 5,90 tolli<br \/>\nTera paksus (mm): 3<br \/>\nTera laius (mm): 28<br \/>\nK\u00e4epide: Hirvesarv<br \/>\nKogupikkus (mm): 278 \/ 10,94 tolli<br \/>\nNugade t\u00fc\u00fcp: jahindus, v\u00e4ljas<br \/>\nPakend: nuga, nahast \u00fcmbris<\/p>\n<p>K\u00e4sitsi sepistatud Damaskuse teras, mis on loodud erineva k\u00f5vaduse ja viskoossusega terase paketist, mis on kokku pandud plaadiks kindlas j\u00e4rjekorras. Seej\u00e4rel sepistatakse plaat korduvalt uuesti, t\u00e4nu millele tekivad kihid ja ainulaadne muster.<br \/>\nKeeruline tehnoloogiline protsess toimub k\u00e4sitsi. Sellisel viisil saadud terasele on iseloomulikud suurenenud tugevus, suur k\u00f5vadus, suurep\u00e4rased l\u00f5ikamisomadused ja ilu.<br \/>\nDamaskuse terasest \u00fcle 700-1000 kihi.<br \/>\nPakett damastterasest ShH15 + HVG + U10A, termiline v\u00e4ljendus 860 \u00b0 C<\/p>\n<p>Damaskuse terase eelised:<br \/>\nSuurenenud tugevus<br \/>\nSuur k\u00f5vadus<br \/>\nSuurep\u00e4rased l\u00f5ikamisomadused<br \/>\nIlus disain<br \/>\nPikaajaline teravus<\/p>\n<p>Tera k\u00f5vadus 60-62 HRC.<br \/>\nK\u00e4sitsi valmistatud<\/p>\n","protected":false},"excerpt":{"rendered":"<p>Noa spetsifikatsioonid: YAKUT Teras: K\u00e4sitsi sepistatud Damaskuse terasest tera jahipidamisnuga, (HVG, U10, ShH15), 800 kihti. Parema k\u00e4e jaoks K\u00f5vadus: 60-62 HRC Tera pikkus (mm): 150 \/ 5,90 tolli Tera paksus (mm): 3 Tera laius (mm): 28 K\u00e4epide: Hirvesarv Kogupikkus (mm): 278 \/ 10,94 tolli Nugade t\u00fc\u00fcp: jahindus, v\u00e4ljas Pakend: nuga, nahast \u00fcmbris K\u00e4sitsi sepistatud Damaskuse teras, mis on loodud erineva k\u00f5vaduse ja viskoossusega terase paketist, mis on kokku pandud plaadiks kindlas j\u00e4rjekorras. Seej\u00e4rel sepistatakse plaat korduvalt uuesti, t\u00e4nu millele tekivad kihid ja ainulaadne muster. Keeruline tehnoloogiline protsess toimub k\u00e4sitsi. Sellisel viisil saadud terasele on iseloomulikud suurenenud tugevus, suur k\u00f5vadus, suurep\u00e4rased&hellip;<\/p>\n","protected":false},"featured_media":67391,"template":"","meta":{"_themeisle_gutenberg_block_has_review":false},"product_brand":[],"product_cat":[345,346,341],"product_tag":[],"class_list":{"0":"post-41354","1":"product","2":"type-product","3":"status-publish","4":"has-post-thumbnail","6":"product_cat-jahinoad","7":"product_cat-matkanoad","8":"product_cat-premium-ja-eksklusiivsed-noad","10":"first","11":"outofstock","12":"shipping-taxable","13":"purchasable","14":"product-type-simple"},"yoast_head":"<!-- This site is optimized with the Yoast SEO plugin v27.5 - https:\/\/yoast.com\/product\/yoast-seo-wordpress\/ -->\n<title>&#039;&#039;YAKUT&#039;&#039; nuga - Jakuudi rahvuslik nuga. k\u00e4sitsi sepistatud Damaskuse terasest tera nuga - AAKnives<\/title>\n<meta name=\"description\" content=\"Jakuudi rahvuslik nuga. k\u00e4sitsi sepistatud Damaskuse terasest tera nuga, jahi nuga, elluj\u00e4\u00e4misnuga, v\u00e4litingimustes kasutatav nuga.\" \/>\n<meta name=\"robots\" content=\"index, follow, max-snippet:-1, max-image-preview:large, max-video-preview:-1\" \/>\n<link rel=\"canonical\" href=\"https:\/\/aaknives.eu\/et\/product\/yakut-nuga-jakuudi-rahvuslik-nuga-kasitsi-sepistatud-damaskuse-terasest-tera-nuga\/\" \/>\n<meta property=\"og:locale\" content=\"et_EE\" \/>\n<meta property=\"og:type\" content=\"article\" \/>\n<meta property=\"og:title\" content=\"&#039;&#039;YAKUT&#039;&#039; nuga - Jakuudi rahvuslik nuga. k\u00e4sitsi sepistatud Damaskuse terasest tera nuga - AAKnives\" \/>\n<meta property=\"og:description\" content=\"Jakuudi rahvuslik nuga. k\u00e4sitsi sepistatud Damaskuse terasest tera nuga, jahi nuga, elluj\u00e4\u00e4misnuga, v\u00e4litingimustes kasutatav nuga.\" \/>\n<meta property=\"og:url\" content=\"https:\/\/aaknives.eu\/et\/product\/yakut-nuga-jakuudi-rahvuslik-nuga-kasitsi-sepistatud-damaskuse-terasest-tera-nuga\/\" \/>\n<meta property=\"og:site_name\" content=\"AAKnives\" \/>\n<meta property=\"article:publisher\" content=\"https:\/\/www.facebook.com\/aaknives.eu\/\" \/>\n<meta property=\"article:modified_time\" content=\"2024-08-28T15:10:29+00:00\" \/>\n<meta property=\"og:image\" content=\"https:\/\/aaknives.eu\/wp-content\/uploads\/2021\/12\/aaknives-hand-forged-dabascus-steel-blade-knife-handmade-custom-made-knife-handcrafted-knives-autinetools-northmen-11.5.jpg\" \/>\n\t<meta property=\"og:image:width\" content=\"1020\" \/>\n\t<meta property=\"og:image:height\" content=\"880\" \/>\n\t<meta property=\"og:image:type\" content=\"image\/jpeg\" \/>\n<meta name=\"twitter:card\" content=\"summary_large_image\" \/>\n<meta name=\"twitter:label1\" content=\"Est. reading time\" \/>\n\t<meta name=\"twitter:data1\" content=\"1 minut\" \/>\n<script type=\"application\/ld+json\" class=\"yoast-schema-graph\">{\"@context\":\"https:\\\/\\\/schema.org\",\"@graph\":[{\"@type\":\"WebPage\",\"@id\":\"https:\\\/\\\/aaknives.eu\\\/et\\\/product\\\/yakut-nuga-jakuudi-rahvuslik-nuga-kasitsi-sepistatud-damaskuse-terasest-tera-nuga\\\/\",\"url\":\"https:\\\/\\\/aaknives.eu\\\/et\\\/product\\\/yakut-nuga-jakuudi-rahvuslik-nuga-kasitsi-sepistatud-damaskuse-terasest-tera-nuga\\\/\",\"name\":\"''YAKUT'' nuga - Jakuudi rahvuslik nuga. k\u00e4sitsi sepistatud Damaskuse terasest tera nuga - AAKnives\",\"isPartOf\":{\"@id\":\"https:\\\/\\\/aaknives.eu\\\/et\\\/#website\"},\"primaryImageOfPage\":{\"@id\":\"https:\\\/\\\/aaknives.eu\\\/et\\\/product\\\/yakut-nuga-jakuudi-rahvuslik-nuga-kasitsi-sepistatud-damaskuse-terasest-tera-nuga\\\/#primaryimage\"},\"image\":{\"@id\":\"https:\\\/\\\/aaknives.eu\\\/et\\\/product\\\/yakut-nuga-jakuudi-rahvuslik-nuga-kasitsi-sepistatud-damaskuse-terasest-tera-nuga\\\/#primaryimage\"},\"thumbnailUrl\":\"https:\\\/\\\/aaknives.eu\\\/wp-content\\\/uploads\\\/2021\\\/12\\\/aaknives-hand-forged-dabascus-steel-blade-knife-handmade-custom-made-knife-handcrafted-knives-autinetools-northmen-11.5.jpg\",\"datePublished\":\"2021-12-08T10:39:39+00:00\",\"dateModified\":\"2024-08-28T15:10:29+00:00\",\"description\":\"Jakuudi rahvuslik nuga. k\u00e4sitsi sepistatud Damaskuse terasest tera nuga, jahi nuga, elluj\u00e4\u00e4misnuga, v\u00e4litingimustes kasutatav nuga.\",\"breadcrumb\":{\"@id\":\"https:\\\/\\\/aaknives.eu\\\/et\\\/product\\\/yakut-nuga-jakuudi-rahvuslik-nuga-kasitsi-sepistatud-damaskuse-terasest-tera-nuga\\\/#breadcrumb\"},\"inLanguage\":\"et\",\"potentialAction\":[{\"@type\":\"ReadAction\",\"target\":[\"https:\\\/\\\/aaknives.eu\\\/et\\\/product\\\/yakut-nuga-jakuudi-rahvuslik-nuga-kasitsi-sepistatud-damaskuse-terasest-tera-nuga\\\/\"]}]},{\"@type\":\"ImageObject\",\"inLanguage\":\"et\",\"@id\":\"https:\\\/\\\/aaknives.eu\\\/et\\\/product\\\/yakut-nuga-jakuudi-rahvuslik-nuga-kasitsi-sepistatud-damaskuse-terasest-tera-nuga\\\/#primaryimage\",\"url\":\"https:\\\/\\\/aaknives.eu\\\/wp-content\\\/uploads\\\/2021\\\/12\\\/aaknives-hand-forged-dabascus-steel-blade-knife-handmade-custom-made-knife-handcrafted-knives-autinetools-northmen-11.5.jpg\",\"contentUrl\":\"https:\\\/\\\/aaknives.eu\\\/wp-content\\\/uploads\\\/2021\\\/12\\\/aaknives-hand-forged-dabascus-steel-blade-knife-handmade-custom-made-knife-handcrafted-knives-autinetools-northmen-11.5.jpg\",\"width\":1020,\"height\":880},{\"@type\":\"BreadcrumbList\",\"@id\":\"https:\\\/\\\/aaknives.eu\\\/et\\\/product\\\/yakut-nuga-jakuudi-rahvuslik-nuga-kasitsi-sepistatud-damaskuse-terasest-tera-nuga\\\/#breadcrumb\",\"itemListElement\":[{\"@type\":\"ListItem\",\"position\":1,\"name\":\"Home\",\"item\":\"https:\\\/\\\/aaknives.eu\\\/et\\\/kodu\\\/\"},{\"@type\":\"ListItem\",\"position\":2,\"name\":\"Kauplus\",\"item\":\"https:\\\/\\\/aaknives.eu\\\/et\\\/kauplus\\\/\"},{\"@type\":\"ListItem\",\"position\":3,\"name\":\"&#8221;YAKUT&#8221; nuga &#8211; Jakuudi rahvuslik nuga. k\u00e4sitsi sepistatud Damaskuse terasest tera nuga\"}]},{\"@type\":\"WebSite\",\"@id\":\"https:\\\/\\\/aaknives.eu\\\/et\\\/#website\",\"url\":\"https:\\\/\\\/aaknives.eu\\\/et\\\/\",\"name\":\"AAKnives\",\"description\":\"Handmade knives\",\"publisher\":{\"@id\":\"https:\\\/\\\/aaknives.eu\\\/et\\\/#organization\"},\"alternateName\":\"Anri Ananin Knives\",\"potentialAction\":[{\"@type\":\"SearchAction\",\"target\":{\"@type\":\"EntryPoint\",\"urlTemplate\":\"https:\\\/\\\/aaknives.eu\\\/et\\\/?s={search_term_string}\"},\"query-input\":{\"@type\":\"PropertyValueSpecification\",\"valueRequired\":true,\"valueName\":\"search_term_string\"}}],\"inLanguage\":\"et\"},{\"@type\":\"Organization\",\"@id\":\"https:\\\/\\\/aaknives.eu\\\/et\\\/#organization\",\"name\":\"AAKnives\",\"url\":\"https:\\\/\\\/aaknives.eu\\\/et\\\/\",\"logo\":{\"@type\":\"ImageObject\",\"inLanguage\":\"et\",\"@id\":\"https:\\\/\\\/aaknives.eu\\\/et\\\/#\\\/schema\\\/logo\\\/image\\\/\",\"url\":\"https:\\\/\\\/aaknives.eu\\\/wp-content\\\/uploads\\\/2021\\\/10\\\/AAknives_Logo_Green.png\",\"contentUrl\":\"https:\\\/\\\/aaknives.eu\\\/wp-content\\\/uploads\\\/2021\\\/10\\\/AAknives_Logo_Green.png\",\"width\":1768,\"height\":1768,\"caption\":\"AAKnives\"},\"image\":{\"@id\":\"https:\\\/\\\/aaknives.eu\\\/et\\\/#\\\/schema\\\/logo\\\/image\\\/\"},\"sameAs\":[\"https:\\\/\\\/www.facebook.com\\\/aaknives.eu\\\/\",\"https:\\\/\\\/www.instagram.com\\\/aaknives\\\/\",\"https:\\\/\\\/www.pinterest.com\\\/aa_knives\\\/\",\"https:\\\/\\\/www.youtube.com\\\/@aaknives9518\"]}]}<\/script>\n<!-- \/ Yoast SEO plugin. -->","yoast_head_json":{"title":"''YAKUT'' nuga - Jakuudi rahvuslik nuga. k\u00e4sitsi sepistatud Damaskuse terasest tera nuga - AAKnives","description":"Jakuudi rahvuslik nuga. k\u00e4sitsi sepistatud Damaskuse terasest tera nuga, jahi nuga, elluj\u00e4\u00e4misnuga, v\u00e4litingimustes kasutatav nuga.","robots":{"index":"index","follow":"follow","max-snippet":"max-snippet:-1","max-image-preview":"max-image-preview:large","max-video-preview":"max-video-preview:-1"},"canonical":"https:\/\/aaknives.eu\/et\/product\/yakut-nuga-jakuudi-rahvuslik-nuga-kasitsi-sepistatud-damaskuse-terasest-tera-nuga\/","og_locale":"et_EE","og_type":"article","og_title":"''YAKUT'' nuga - Jakuudi rahvuslik nuga. k\u00e4sitsi sepistatud Damaskuse terasest tera nuga - AAKnives","og_description":"Jakuudi rahvuslik nuga. k\u00e4sitsi sepistatud Damaskuse terasest tera nuga, jahi nuga, elluj\u00e4\u00e4misnuga, v\u00e4litingimustes kasutatav nuga.","og_url":"https:\/\/aaknives.eu\/et\/product\/yakut-nuga-jakuudi-rahvuslik-nuga-kasitsi-sepistatud-damaskuse-terasest-tera-nuga\/","og_site_name":"AAKnives","article_publisher":"https:\/\/www.facebook.com\/aaknives.eu\/","article_modified_time":"2024-08-28T15:10:29+00:00","og_image":[{"width":1020,"height":880,"url":"https:\/\/aaknives.eu\/wp-content\/uploads\/2021\/12\/aaknives-hand-forged-dabascus-steel-blade-knife-handmade-custom-made-knife-handcrafted-knives-autinetools-northmen-11.5.jpg","type":"image\/jpeg"}],"twitter_card":"summary_large_image","twitter_misc":{"Est. reading time":"1 minut"},"schema":{"@context":"https:\/\/schema.org","@graph":[{"@type":"WebPage","@id":"https:\/\/aaknives.eu\/et\/product\/yakut-nuga-jakuudi-rahvuslik-nuga-kasitsi-sepistatud-damaskuse-terasest-tera-nuga\/","url":"https:\/\/aaknives.eu\/et\/product\/yakut-nuga-jakuudi-rahvuslik-nuga-kasitsi-sepistatud-damaskuse-terasest-tera-nuga\/","name":"''YAKUT'' nuga - Jakuudi rahvuslik nuga. k\u00e4sitsi sepistatud Damaskuse terasest tera nuga - AAKnives","isPartOf":{"@id":"https:\/\/aaknives.eu\/et\/#website"},"primaryImageOfPage":{"@id":"https:\/\/aaknives.eu\/et\/product\/yakut-nuga-jakuudi-rahvuslik-nuga-kasitsi-sepistatud-damaskuse-terasest-tera-nuga\/#primaryimage"},"image":{"@id":"https:\/\/aaknives.eu\/et\/product\/yakut-nuga-jakuudi-rahvuslik-nuga-kasitsi-sepistatud-damaskuse-terasest-tera-nuga\/#primaryimage"},"thumbnailUrl":"https:\/\/aaknives.eu\/wp-content\/uploads\/2021\/12\/aaknives-hand-forged-dabascus-steel-blade-knife-handmade-custom-made-knife-handcrafted-knives-autinetools-northmen-11.5.jpg","datePublished":"2021-12-08T10:39:39+00:00","dateModified":"2024-08-28T15:10:29+00:00","description":"Jakuudi rahvuslik nuga. k\u00e4sitsi sepistatud Damaskuse terasest tera nuga, jahi nuga, elluj\u00e4\u00e4misnuga, v\u00e4litingimustes kasutatav nuga.","breadcrumb":{"@id":"https:\/\/aaknives.eu\/et\/product\/yakut-nuga-jakuudi-rahvuslik-nuga-kasitsi-sepistatud-damaskuse-terasest-tera-nuga\/#breadcrumb"},"inLanguage":"et","potentialAction":[{"@type":"ReadAction","target":["https:\/\/aaknives.eu\/et\/product\/yakut-nuga-jakuudi-rahvuslik-nuga-kasitsi-sepistatud-damaskuse-terasest-tera-nuga\/"]}]},{"@type":"ImageObject","inLanguage":"et","@id":"https:\/\/aaknives.eu\/et\/product\/yakut-nuga-jakuudi-rahvuslik-nuga-kasitsi-sepistatud-damaskuse-terasest-tera-nuga\/#primaryimage","url":"https:\/\/aaknives.eu\/wp-content\/uploads\/2021\/12\/aaknives-hand-forged-dabascus-steel-blade-knife-handmade-custom-made-knife-handcrafted-knives-autinetools-northmen-11.5.jpg","contentUrl":"https:\/\/aaknives.eu\/wp-content\/uploads\/2021\/12\/aaknives-hand-forged-dabascus-steel-blade-knife-handmade-custom-made-knife-handcrafted-knives-autinetools-northmen-11.5.jpg","width":1020,"height":880},{"@type":"BreadcrumbList","@id":"https:\/\/aaknives.eu\/et\/product\/yakut-nuga-jakuudi-rahvuslik-nuga-kasitsi-sepistatud-damaskuse-terasest-tera-nuga\/#breadcrumb","itemListElement":[{"@type":"ListItem","position":1,"name":"Home","item":"https:\/\/aaknives.eu\/et\/kodu\/"},{"@type":"ListItem","position":2,"name":"Kauplus","item":"https:\/\/aaknives.eu\/et\/kauplus\/"},{"@type":"ListItem","position":3,"name":"&#8221;YAKUT&#8221; nuga &#8211; Jakuudi rahvuslik nuga. k\u00e4sitsi sepistatud Damaskuse terasest tera nuga"}]},{"@type":"WebSite","@id":"https:\/\/aaknives.eu\/et\/#website","url":"https:\/\/aaknives.eu\/et\/","name":"AAKnives","description":"Handmade knives","publisher":{"@id":"https:\/\/aaknives.eu\/et\/#organization"},"alternateName":"Anri Ananin Knives","potentialAction":[{"@type":"SearchAction","target":{"@type":"EntryPoint","urlTemplate":"https:\/\/aaknives.eu\/et\/?s={search_term_string}"},"query-input":{"@type":"PropertyValueSpecification","valueRequired":true,"valueName":"search_term_string"}}],"inLanguage":"et"},{"@type":"Organization","@id":"https:\/\/aaknives.eu\/et\/#organization","name":"AAKnives","url":"https:\/\/aaknives.eu\/et\/","logo":{"@type":"ImageObject","inLanguage":"et","@id":"https:\/\/aaknives.eu\/et\/#\/schema\/logo\/image\/","url":"https:\/\/aaknives.eu\/wp-content\/uploads\/2021\/10\/AAknives_Logo_Green.png","contentUrl":"https:\/\/aaknives.eu\/wp-content\/uploads\/2021\/10\/AAknives_Logo_Green.png","width":1768,"height":1768,"caption":"AAKnives"},"image":{"@id":"https:\/\/aaknives.eu\/et\/#\/schema\/logo\/image\/"},"sameAs":["https:\/\/www.facebook.com\/aaknives.eu\/","https:\/\/www.instagram.com\/aaknives\/","https:\/\/www.pinterest.com\/aa_knives\/","https:\/\/www.youtube.com\/@aaknives9518"]}]}},"_links":{"self":[{"href":"https:\/\/aaknives.eu\/et\/wp-json\/wp\/v2\/product\/41354","targetHints":{"allow":["GET"]}}],"collection":[{"href":"https:\/\/aaknives.eu\/et\/wp-json\/wp\/v2\/product"}],"about":[{"href":"https:\/\/aaknives.eu\/et\/wp-json\/wp\/v2\/types\/product"}],"wp:featuredmedia":[{"embeddable":true,"href":"https:\/\/aaknives.eu\/et\/wp-json\/wp\/v2\/media\/67391"}],"wp:attachment":[{"href":"https:\/\/aaknives.eu\/et\/wp-json\/wp\/v2\/media?parent=41354"}],"wp:term":[{"taxonomy":"product_brand","embeddable":true,"href":"https:\/\/aaknives.eu\/et\/wp-json\/wp\/v2\/product_brand?post=41354"},{"taxonomy":"product_cat","embeddable":true,"href":"https:\/\/aaknives.eu\/et\/wp-json\/wp\/v2\/product_cat?post=41354"},{"taxonomy":"product_tag","embeddable":true,"href":"https:\/\/aaknives.eu\/et\/wp-json\/wp\/v2\/product_tag?post=41354"}],"curies":[{"name":"wp","href":"https:\/\/api.w.org\/{rel}","templated":true}]}}