{"id":41426,"date":"2021-11-29T17:38:01","date_gmt":"2021-11-29T17:38:01","guid":{"rendered":"https:\/\/aaknives.eu\/product\/nuga-shark-kasitsi-sepistatud-damaskuse-terasest-tera-nuga\/"},"modified":"2025-07-01T16:58:59","modified_gmt":"2025-07-01T16:58:59","slug":"nuga-shark-kasitsi-sepistatud-damaskuse-terasest-tera-nuga-2","status":"publish","type":"product","link":"https:\/\/aaknives.eu\/et\/product\/nuga-shark-kasitsi-sepistatud-damaskuse-terasest-tera-nuga-2\/","title":{"rendered":"Nuga &#8221;SHARK&#8221; &#8211; k\u00e4sitsi sepistatud Damaskuse terasest tera nuga"},"content":{"rendered":"<p>Noa spetsifikatsioonid: &#8221;HAIK\u00c4IK&#8221;<br \/>\nTeras: k\u00e4sitsi sepistatud Damaskuse terasest jahinuga (HVG, U10, ShH15), 800 kihti<br \/>\nK\u00f5vadus: 60-62 HRC<br \/>\nTera pikkus (mm): 108 \/ 4,25 tolli<br \/>\nTera paksus (mm): 3 \/ 0,11 tolli<br \/>\nTera laius (mm): 28 \/ 1,10 tolli<br \/>\nK\u00e4epide: stabiliseeritud Karjala kask<br \/>\nKogupikkus (mm): 222 \/ 8,74 tolli<\/p>\n<p>Tugev jahinuga, mis on kasulik nii eelt\u00f6\u00f6tluseks kui ka hilisemaks liha l\u00f5ikamiseks. Selle tera on k\u00e4sitsi sepistatud Damaskuse terasest, mis muudab selle v\u00e4ga k\u00f5vaks, kuid samas ka elastseks ja vastupidavaks.<br \/>\nNeed ainulaadsed materjaliomadused on saavutatud pehme ja k\u00f5va metallisulami moodustamise teel, mille tulemuseks on parim jahinuga, millel on tuntud Damaskuse terase joonistus, mis t\u00e4nu mikrosaha terale kestab kaua ja suudab s\u00e4ilitada oma teravuse ilma teritamata v\u00e4ga pikka aega.<br \/>\nTera m\u00e4rgatav laienemine teeb sellest suurep\u00e4rase n\u00fclgimisnoa, kuid kergesti kontrollitav noaots ja kitsam teraots hoiab \u00e4ra siseorganite vigastused \u00f5hutamisel v\u00f5i tarbetud l\u00f5iked hilisemal liha t\u00f6\u00f6tlemisel.<br \/>\nTeisest k\u00fcljest on meie k\u00e4sitsi sepistatud nugade k\u00e4epide puidust, mis erinevalt s\u00fcnteetilistest materjalidest on k\u00e4es palju meeldivam ja mugavam.<br \/>\nJahimehe enda ohutuse tagamiseks on k\u00e4epideme ja tera vahel stopper, mis hoiab \u00e4ra s\u00f5rmede juhusliku vigastuse uluki puhastamisel ja k\u00e4sitsemisel, isegi kui k\u00e4ed on libedad.<br \/>\nDamaskuse terasest jahinugade komplekti kuulub ka vastupidav tumedast nahast \u00fcmbris, millel on kindel neetidega kinnitus, mis kaitseb nuga halbade ilmastikuolude eest ja ei p\u00f5hjusta juhuslikku kaotust. Rahakotil on kaks riputit, mida saab kinnitada v\u00f6\u00f6 k\u00fclge, et sellele oleks igal ajal lihtne ligi p\u00e4\u00e4seda. \u00dcks neist on klassikaline fikseeritud ja teine on vaba riidepuu, mis v\u00f5imaldab noal vabalt ja samal ajal rippuda \u00fcmber v\u00f6\u00f6, v\u00f5imaldab liikuda ja v\u00e4ldib ebamugavust istumisel v\u00f5i autoga mastilt mastile liikumisel, kui see on fikseeritud kallistus surub ebamugavalt jalale v\u00f5i taljele.<br \/>\nSee elegantne k\u00e4sitsi sepistatud nuga kestab kaua ning on t\u00e4nu oma silmapaistvatele omadustele ustav ja parim jahinuga. See on kerge ja mahub mugavalt peopessa, pakkudes kiiret, ohutut, t\u00f5husat ja kvaliteetset protsessi.<\/p>\n<p>K\u00e4sitsi sepistatud Damaskuse teras, mis on loodud erineva k\u00f5vaduse ja viskoossusega terase paketist, mis on kokku pandud plaadiks kindlas j\u00e4rjekorras. J\u00e4rgmisena sepitakse plaati korduvalt \u00fcmber, t\u00e4nu millele moodustuvad kihid ja ainulaadne muster.<br \/>\nKeeruline tehnoloogiline protsess toimub k\u00e4sitsi. Sel viisil saadud terast iseloomustab suurenenud tugevus, k\u00f5rge k\u00f5vadus, suurep\u00e4rased l\u00f5ikeomadused ja ilu.<br \/>\nDamaskuse teras rohkem kui 700-1000 kihti.<br \/>\nPakend damaski terasest ShH15 + HVG + U10A, termiline v\u00e4ljendus 860 \u00b0 C <\/p>\n<p>Damaskuse terasest nugade eelised:<br \/>\nSuurenenud tugevus<br \/>\nK\u00f5rge k\u00f5vadus<br \/>\nSuurep\u00e4rased l\u00f5ikeomadused<br \/>\nIlus disain<br \/>\nKauakestev teravus<\/p>\n<p>Tera k\u00f5vadus 60-62 HRC.<br \/>\nK\u00e4sitsi valmistatud<\/p>\n","protected":false},"excerpt":{"rendered":"<p>Noa spetsifikatsioonid: &#8221;HAIK\u00c4IK&#8221; Teras: k\u00e4sitsi sepistatud Damaskuse terasest jahinuga (HVG, U10, ShH15), 800 kihti K\u00f5vadus: 60-62 HRC Tera pikkus (mm): 108 \/ 4,25 tolli Tera paksus (mm): 3 \/ 0,11 tolli Tera laius (mm): 28 \/ 1,10 tolli K\u00e4epide: stabiliseeritud Karjala kask Kogupikkus (mm): 222 \/ 8,74 tolli Tugev jahinuga, mis on kasulik nii eelt\u00f6\u00f6tluseks kui ka hilisemaks liha l\u00f5ikamiseks. Selle tera on k\u00e4sitsi sepistatud Damaskuse terasest, mis muudab selle v\u00e4ga k\u00f5vaks, kuid samas ka elastseks ja vastupidavaks. Need ainulaadsed materjaliomadused on saavutatud pehme ja k\u00f5va metallisulami moodustamise teel, mille tulemuseks on parim jahinuga, millel on tuntud Damaskuse terase joonistus,&hellip;<\/p>\n","protected":false},"featured_media":99676,"template":"","meta":{"_themeisle_gutenberg_block_has_review":false},"product_brand":[],"product_cat":[345,343,346],"product_tag":[],"class_list":{"0":"post-41426","1":"product","2":"type-product","3":"status-publish","4":"has-post-thumbnail","6":"product_cat-jahinoad","7":"product_cat-kalapuugi-noad","8":"product_cat-matkanoad","10":"first","11":"instock","12":"shipping-taxable","13":"purchasable","14":"product-type-simple"},"yoast_head":"<!-- This site is optimized with the Yoast SEO plugin v27.3 - https:\/\/yoast.com\/product\/yoast-seo-wordpress\/ -->\n<title>Nuga &#039;&#039;SHARK&#039;&#039; - k\u00e4sitsi sepistatud Damaskuse terasest tera nuga - AAKnives<\/title>\n<meta name=\"description\" content=\"Nuga &#039;&#039;SHARK&#039;&#039; - k\u00e4sitsi sepistatud Damaskuse terasest tera nuga\" \/>\n<meta name=\"robots\" content=\"index, follow, max-snippet:-1, max-image-preview:large, max-video-preview:-1\" \/>\n<link rel=\"canonical\" href=\"https:\/\/aaknives.eu\/et\/product\/nuga-shark-kasitsi-sepistatud-damaskuse-terasest-tera-nuga-2\/\" \/>\n<meta property=\"og:locale\" content=\"et_EE\" \/>\n<meta property=\"og:type\" content=\"article\" \/>\n<meta property=\"og:title\" content=\"Nuga &#039;&#039;SHARK&#039;&#039; - k\u00e4sitsi sepistatud Damaskuse terasest tera nuga - AAKnives\" \/>\n<meta property=\"og:description\" content=\"Nuga &#039;&#039;SHARK&#039;&#039; - k\u00e4sitsi sepistatud Damaskuse terasest tera nuga\" \/>\n<meta property=\"og:url\" content=\"https:\/\/aaknives.eu\/et\/product\/nuga-shark-kasitsi-sepistatud-damaskuse-terasest-tera-nuga-2\/\" \/>\n<meta property=\"og:site_name\" content=\"AAKnives\" \/>\n<meta property=\"article:publisher\" content=\"https:\/\/www.facebook.com\/aaknives.eu\/\" \/>\n<meta property=\"article:modified_time\" content=\"2025-07-01T16:58:59+00:00\" \/>\n<meta property=\"og:image\" content=\"https:\/\/aaknives.eu\/wp-content\/uploads\/2021\/11\/aaknives-hand-forged-damascus-steel-blade-knife-handmade-custom-made-knife-handcrafted-knives-autinetools-northmen-25.3.jpg\" \/>\n\t<meta property=\"og:image:width\" content=\"1020\" \/>\n\t<meta property=\"og:image:height\" content=\"880\" \/>\n\t<meta property=\"og:image:type\" content=\"image\/jpeg\" \/>\n<meta name=\"twitter:card\" content=\"summary_large_image\" \/>\n<meta name=\"twitter:label1\" content=\"Est. reading time\" \/>\n\t<meta name=\"twitter:data1\" content=\"2 minutit\" \/>\n<script type=\"application\/ld+json\" class=\"yoast-schema-graph\">{\"@context\":\"https:\\\/\\\/schema.org\",\"@graph\":[{\"@type\":\"WebPage\",\"@id\":\"https:\\\/\\\/aaknives.eu\\\/et\\\/product\\\/nuga-shark-kasitsi-sepistatud-damaskuse-terasest-tera-nuga-2\\\/\",\"url\":\"https:\\\/\\\/aaknives.eu\\\/et\\\/product\\\/nuga-shark-kasitsi-sepistatud-damaskuse-terasest-tera-nuga-2\\\/\",\"name\":\"Nuga ''SHARK'' - k\u00e4sitsi sepistatud Damaskuse terasest tera nuga - AAKnives\",\"isPartOf\":{\"@id\":\"https:\\\/\\\/aaknives.eu\\\/et\\\/#website\"},\"primaryImageOfPage\":{\"@id\":\"https:\\\/\\\/aaknives.eu\\\/et\\\/product\\\/nuga-shark-kasitsi-sepistatud-damaskuse-terasest-tera-nuga-2\\\/#primaryimage\"},\"image\":{\"@id\":\"https:\\\/\\\/aaknives.eu\\\/et\\\/product\\\/nuga-shark-kasitsi-sepistatud-damaskuse-terasest-tera-nuga-2\\\/#primaryimage\"},\"thumbnailUrl\":\"https:\\\/\\\/aaknives.eu\\\/wp-content\\\/uploads\\\/2021\\\/11\\\/aaknives-hand-forged-damascus-steel-blade-knife-handmade-custom-made-knife-handcrafted-knives-autinetools-northmen-25.3.jpg\",\"datePublished\":\"2021-11-29T17:38:01+00:00\",\"dateModified\":\"2025-07-01T16:58:59+00:00\",\"description\":\"Nuga ''SHARK'' - k\u00e4sitsi sepistatud Damaskuse terasest tera nuga\",\"breadcrumb\":{\"@id\":\"https:\\\/\\\/aaknives.eu\\\/et\\\/product\\\/nuga-shark-kasitsi-sepistatud-damaskuse-terasest-tera-nuga-2\\\/#breadcrumb\"},\"inLanguage\":\"et\",\"potentialAction\":[{\"@type\":\"ReadAction\",\"target\":[\"https:\\\/\\\/aaknives.eu\\\/et\\\/product\\\/nuga-shark-kasitsi-sepistatud-damaskuse-terasest-tera-nuga-2\\\/\"]}]},{\"@type\":\"ImageObject\",\"inLanguage\":\"et\",\"@id\":\"https:\\\/\\\/aaknives.eu\\\/et\\\/product\\\/nuga-shark-kasitsi-sepistatud-damaskuse-terasest-tera-nuga-2\\\/#primaryimage\",\"url\":\"https:\\\/\\\/aaknives.eu\\\/wp-content\\\/uploads\\\/2021\\\/11\\\/aaknives-hand-forged-damascus-steel-blade-knife-handmade-custom-made-knife-handcrafted-knives-autinetools-northmen-25.3.jpg\",\"contentUrl\":\"https:\\\/\\\/aaknives.eu\\\/wp-content\\\/uploads\\\/2021\\\/11\\\/aaknives-hand-forged-damascus-steel-blade-knife-handmade-custom-made-knife-handcrafted-knives-autinetools-northmen-25.3.jpg\",\"width\":1020,\"height\":880},{\"@type\":\"BreadcrumbList\",\"@id\":\"https:\\\/\\\/aaknives.eu\\\/et\\\/product\\\/nuga-shark-kasitsi-sepistatud-damaskuse-terasest-tera-nuga-2\\\/#breadcrumb\",\"itemListElement\":[{\"@type\":\"ListItem\",\"position\":1,\"name\":\"Home\",\"item\":\"https:\\\/\\\/aaknives.eu\\\/et\\\/kodu\\\/\"},{\"@type\":\"ListItem\",\"position\":2,\"name\":\"Kauplus\",\"item\":\"https:\\\/\\\/aaknives.eu\\\/et\\\/kauplus\\\/\"},{\"@type\":\"ListItem\",\"position\":3,\"name\":\"Private: Nuga &#8221;SHARK&#8221; &#8211; k\u00e4sitsi sepistatud Damaskuse terasest tera nuga\"}]},{\"@type\":\"WebSite\",\"@id\":\"https:\\\/\\\/aaknives.eu\\\/et\\\/#website\",\"url\":\"https:\\\/\\\/aaknives.eu\\\/et\\\/\",\"name\":\"AAKnives\",\"description\":\"Handmade knives\",\"publisher\":{\"@id\":\"https:\\\/\\\/aaknives.eu\\\/et\\\/#organization\"},\"potentialAction\":[{\"@type\":\"SearchAction\",\"target\":{\"@type\":\"EntryPoint\",\"urlTemplate\":\"https:\\\/\\\/aaknives.eu\\\/et\\\/?s={search_term_string}\"},\"query-input\":{\"@type\":\"PropertyValueSpecification\",\"valueRequired\":true,\"valueName\":\"search_term_string\"}}],\"inLanguage\":\"et\"},{\"@type\":\"Organization\",\"@id\":\"https:\\\/\\\/aaknives.eu\\\/et\\\/#organization\",\"name\":\"AAKnives\",\"url\":\"https:\\\/\\\/aaknives.eu\\\/et\\\/\",\"logo\":{\"@type\":\"ImageObject\",\"inLanguage\":\"et\",\"@id\":\"https:\\\/\\\/aaknives.eu\\\/et\\\/#\\\/schema\\\/logo\\\/image\\\/\",\"url\":\"https:\\\/\\\/aaknives.eu\\\/wp-content\\\/uploads\\\/2021\\\/10\\\/AAknives_Logo_Green.png\",\"contentUrl\":\"https:\\\/\\\/aaknives.eu\\\/wp-content\\\/uploads\\\/2021\\\/10\\\/AAknives_Logo_Green.png\",\"width\":1768,\"height\":1768,\"caption\":\"AAKnives\"},\"image\":{\"@id\":\"https:\\\/\\\/aaknives.eu\\\/et\\\/#\\\/schema\\\/logo\\\/image\\\/\"},\"sameAs\":[\"https:\\\/\\\/www.facebook.com\\\/aaknives.eu\\\/\",\"https:\\\/\\\/www.instagram.com\\\/aaknives\\\/\",\"https:\\\/\\\/www.pinterest.com\\\/aa_knives\\\/\",\"https:\\\/\\\/www.youtube.com\\\/channel\\\/UCHOQFjrOkgT6s4FIw9LDKyw\\\/featured\"]}]}<\/script>\n<!-- \/ Yoast SEO plugin. -->","yoast_head_json":{"title":"Nuga ''SHARK'' - k\u00e4sitsi sepistatud Damaskuse terasest tera nuga - AAKnives","description":"Nuga ''SHARK'' - k\u00e4sitsi sepistatud Damaskuse terasest tera nuga","robots":{"index":"index","follow":"follow","max-snippet":"max-snippet:-1","max-image-preview":"max-image-preview:large","max-video-preview":"max-video-preview:-1"},"canonical":"https:\/\/aaknives.eu\/et\/product\/nuga-shark-kasitsi-sepistatud-damaskuse-terasest-tera-nuga-2\/","og_locale":"et_EE","og_type":"article","og_title":"Nuga ''SHARK'' - k\u00e4sitsi sepistatud Damaskuse terasest tera nuga - AAKnives","og_description":"Nuga ''SHARK'' - k\u00e4sitsi sepistatud Damaskuse terasest tera nuga","og_url":"https:\/\/aaknives.eu\/et\/product\/nuga-shark-kasitsi-sepistatud-damaskuse-terasest-tera-nuga-2\/","og_site_name":"AAKnives","article_publisher":"https:\/\/www.facebook.com\/aaknives.eu\/","article_modified_time":"2025-07-01T16:58:59+00:00","og_image":[{"width":1020,"height":880,"url":"https:\/\/aaknives.eu\/wp-content\/uploads\/2021\/11\/aaknives-hand-forged-damascus-steel-blade-knife-handmade-custom-made-knife-handcrafted-knives-autinetools-northmen-25.3.jpg","type":"image\/jpeg"}],"twitter_card":"summary_large_image","twitter_misc":{"Est. reading time":"2 minutit"},"schema":{"@context":"https:\/\/schema.org","@graph":[{"@type":"WebPage","@id":"https:\/\/aaknives.eu\/et\/product\/nuga-shark-kasitsi-sepistatud-damaskuse-terasest-tera-nuga-2\/","url":"https:\/\/aaknives.eu\/et\/product\/nuga-shark-kasitsi-sepistatud-damaskuse-terasest-tera-nuga-2\/","name":"Nuga ''SHARK'' - k\u00e4sitsi sepistatud Damaskuse terasest tera nuga - AAKnives","isPartOf":{"@id":"https:\/\/aaknives.eu\/et\/#website"},"primaryImageOfPage":{"@id":"https:\/\/aaknives.eu\/et\/product\/nuga-shark-kasitsi-sepistatud-damaskuse-terasest-tera-nuga-2\/#primaryimage"},"image":{"@id":"https:\/\/aaknives.eu\/et\/product\/nuga-shark-kasitsi-sepistatud-damaskuse-terasest-tera-nuga-2\/#primaryimage"},"thumbnailUrl":"https:\/\/aaknives.eu\/wp-content\/uploads\/2021\/11\/aaknives-hand-forged-damascus-steel-blade-knife-handmade-custom-made-knife-handcrafted-knives-autinetools-northmen-25.3.jpg","datePublished":"2021-11-29T17:38:01+00:00","dateModified":"2025-07-01T16:58:59+00:00","description":"Nuga ''SHARK'' - k\u00e4sitsi sepistatud Damaskuse terasest tera nuga","breadcrumb":{"@id":"https:\/\/aaknives.eu\/et\/product\/nuga-shark-kasitsi-sepistatud-damaskuse-terasest-tera-nuga-2\/#breadcrumb"},"inLanguage":"et","potentialAction":[{"@type":"ReadAction","target":["https:\/\/aaknives.eu\/et\/product\/nuga-shark-kasitsi-sepistatud-damaskuse-terasest-tera-nuga-2\/"]}]},{"@type":"ImageObject","inLanguage":"et","@id":"https:\/\/aaknives.eu\/et\/product\/nuga-shark-kasitsi-sepistatud-damaskuse-terasest-tera-nuga-2\/#primaryimage","url":"https:\/\/aaknives.eu\/wp-content\/uploads\/2021\/11\/aaknives-hand-forged-damascus-steel-blade-knife-handmade-custom-made-knife-handcrafted-knives-autinetools-northmen-25.3.jpg","contentUrl":"https:\/\/aaknives.eu\/wp-content\/uploads\/2021\/11\/aaknives-hand-forged-damascus-steel-blade-knife-handmade-custom-made-knife-handcrafted-knives-autinetools-northmen-25.3.jpg","width":1020,"height":880},{"@type":"BreadcrumbList","@id":"https:\/\/aaknives.eu\/et\/product\/nuga-shark-kasitsi-sepistatud-damaskuse-terasest-tera-nuga-2\/#breadcrumb","itemListElement":[{"@type":"ListItem","position":1,"name":"Home","item":"https:\/\/aaknives.eu\/et\/kodu\/"},{"@type":"ListItem","position":2,"name":"Kauplus","item":"https:\/\/aaknives.eu\/et\/kauplus\/"},{"@type":"ListItem","position":3,"name":"Private: Nuga &#8221;SHARK&#8221; &#8211; k\u00e4sitsi sepistatud Damaskuse terasest tera nuga"}]},{"@type":"WebSite","@id":"https:\/\/aaknives.eu\/et\/#website","url":"https:\/\/aaknives.eu\/et\/","name":"AAKnives","description":"Handmade knives","publisher":{"@id":"https:\/\/aaknives.eu\/et\/#organization"},"potentialAction":[{"@type":"SearchAction","target":{"@type":"EntryPoint","urlTemplate":"https:\/\/aaknives.eu\/et\/?s={search_term_string}"},"query-input":{"@type":"PropertyValueSpecification","valueRequired":true,"valueName":"search_term_string"}}],"inLanguage":"et"},{"@type":"Organization","@id":"https:\/\/aaknives.eu\/et\/#organization","name":"AAKnives","url":"https:\/\/aaknives.eu\/et\/","logo":{"@type":"ImageObject","inLanguage":"et","@id":"https:\/\/aaknives.eu\/et\/#\/schema\/logo\/image\/","url":"https:\/\/aaknives.eu\/wp-content\/uploads\/2021\/10\/AAknives_Logo_Green.png","contentUrl":"https:\/\/aaknives.eu\/wp-content\/uploads\/2021\/10\/AAknives_Logo_Green.png","width":1768,"height":1768,"caption":"AAKnives"},"image":{"@id":"https:\/\/aaknives.eu\/et\/#\/schema\/logo\/image\/"},"sameAs":["https:\/\/www.facebook.com\/aaknives.eu\/","https:\/\/www.instagram.com\/aaknives\/","https:\/\/www.pinterest.com\/aa_knives\/","https:\/\/www.youtube.com\/channel\/UCHOQFjrOkgT6s4FIw9LDKyw\/featured"]}]}},"_links":{"self":[{"href":"https:\/\/aaknives.eu\/et\/wp-json\/wp\/v2\/product\/41426","targetHints":{"allow":["GET"]}}],"collection":[{"href":"https:\/\/aaknives.eu\/et\/wp-json\/wp\/v2\/product"}],"about":[{"href":"https:\/\/aaknives.eu\/et\/wp-json\/wp\/v2\/types\/product"}],"wp:featuredmedia":[{"embeddable":true,"href":"https:\/\/aaknives.eu\/et\/wp-json\/wp\/v2\/media\/99676"}],"wp:attachment":[{"href":"https:\/\/aaknives.eu\/et\/wp-json\/wp\/v2\/media?parent=41426"}],"wp:term":[{"taxonomy":"product_brand","embeddable":true,"href":"https:\/\/aaknives.eu\/et\/wp-json\/wp\/v2\/product_brand?post=41426"},{"taxonomy":"product_cat","embeddable":true,"href":"https:\/\/aaknives.eu\/et\/wp-json\/wp\/v2\/product_cat?post=41426"},{"taxonomy":"product_tag","embeddable":true,"href":"https:\/\/aaknives.eu\/et\/wp-json\/wp\/v2\/product_tag?post=41426"}],"curies":[{"name":"wp","href":"https:\/\/api.w.org\/{rel}","templated":true}]}}