{"id":41617,"date":"2020-11-09T19:37:28","date_gmt":"2020-11-09T19:37:28","guid":{"rendered":"https:\/\/aaknives.eu\/product\/nuga-leuku-big-kasitsi-sepistatud-damaskuse-terasest-fikseeritud-teraga-nuga\/"},"modified":"2020-11-09T19:37:28","modified_gmt":"2020-11-09T19:37:28","slug":"nuga-leuku-big-kasitsi-sepistatud-damaskuse-terasest-fikseeritud-teraga-nuga","status":"publish","type":"product","link":"https:\/\/aaknives.eu\/et\/product\/nuga-leuku-big-kasitsi-sepistatud-damaskuse-terasest-fikseeritud-teraga-nuga\/","title":{"rendered":"Nuga &#8221;LEUKU &#8211; BIG&#8221;, k\u00e4sitsi sepistatud Damaskuse terasest fikseeritud teraga nuga"},"content":{"rendered":"<p>Noa spetsifikatsioonid: LEUKU &#8211; BIG<br \/>\nTeras: K\u00e4sitsi sepistatud Damaskuse terasest tera<br \/>\nK\u00f5vadus: 60-62 HRC<br \/>\nTera pikkus (mm): 222 \/ 8,74 tolli<br \/>\nTera paksus (mm): 3 \/ 0,09 tolli<br \/>\nTera laius (mm): 37 \/ 1,45 tolli<br \/>\nK\u00e4epide: stabiliseeritud karjalane kask<br \/>\nKogupikkus (mm): 350 \/ 13,77 tolli<\/p>\n<p>K\u00e4sitsi sepistatud Damaskuse teras, mis on loodud erineva k\u00f5vaduse ja viskoossusega terase paketist, mis on kokku pandud plaadiks kindlas j\u00e4rjekorras. Seej\u00e4rel sepistatakse plaat korduvalt uuesti, t\u00e4nu millele tekivad kihid ja ainulaadne muster.<br \/>\nKeeruline tehnoloogiline protsess toimub k\u00e4sitsi.<\/p>\n<p>Sellisel viisil saadud terasele on iseloomulikud:<\/p>\n<p>Suurenenud tugevus, suur k\u00f5vadus, suurep\u00e4rased l\u00f5ikamisomadused, ilus disain, pikaajaline teravus.<\/p>\n<p>Damaskuseteras on rohkem kui 700-1000 kihti.<br \/>\nPakend damastterasest ShH15 HVG U10A, termiline v\u00e4ljendus 860 \u00b0 C<\/p>\n<p>Nagu <u><b>Damaskuse teras on \u00fcks <\/b><\/u><u><b>.<\/b><\/u><u><b> roostevaba<\/b><\/u><u><b> terased<\/b><\/u>, on eriti oluline meeles pidada selle n\u00f5uetekohast hooldust. Damaskuseterasest nuga tuleb p\u00e4rast iga kasutamist p\u00f5hjalikult p\u00fchkida, vabastada mustusest ja kuivatada, et see ei sisaldaks ladustamise ajal niiskust, mis v\u00f5ib aja jooksul p\u00f5hjustada roostetamist. Salvi ei tohi unustada, kasutada v\u00f5ib mis tahes k\u00f6\u00f6gis leiduvat toidu\u00f5li, lihtsalt hoidke seda alati \u00f5litatuna &#8211; see hoiab roostet eemal.<\/p>\n<p>Kui terale ilmuvad tumedad laigud &#8211; esimesed roostetunnused, siis v\u00f5tke k\u00f5ige peenem liivapaber (P2000 &#8211; 2500) ja eemaldage roosteplekid, h\u00f5\u00f5rudes tera kergelt.<\/p>\n","protected":false},"excerpt":{"rendered":"<p>Noa spetsifikatsioonid: LEUKU &#8211; BIG Teras: K\u00e4sitsi sepistatud Damaskuse terasest tera K\u00f5vadus: 60-62 HRC Tera pikkus (mm): 222 \/ 8,74 tolli Tera paksus (mm): 3 \/ 0,09 tolli Tera laius (mm): 37 \/ 1,45 tolli K\u00e4epide: stabiliseeritud karjalane kask Kogupikkus (mm): 350 \/ 13,77 tolli K\u00e4sitsi sepistatud Damaskuse teras, mis on loodud erineva k\u00f5vaduse ja viskoossusega terase paketist, mis on kokku pandud plaadiks kindlas j\u00e4rjekorras. Seej\u00e4rel sepistatakse plaat korduvalt uuesti, t\u00e4nu millele tekivad kihid ja ainulaadne muster. Keeruline tehnoloogiline protsess toimub k\u00e4sitsi. Sellisel viisil saadud terasele on iseloomulikud: Suurenenud tugevus, suur k\u00f5vadus, suurep\u00e4rased l\u00f5ikamisomadused, ilus disain, pikaajaline teravus. Damaskuseteras on&hellip;<\/p>\n","protected":false},"featured_media":41618,"template":"","meta":{"_themeisle_gutenberg_block_has_review":false},"product_brand":[],"product_cat":[345,346,341],"product_tag":[],"class_list":{"0":"post-41617","1":"product","2":"type-product","3":"status-publish","4":"has-post-thumbnail","6":"product_cat-jahinoad","7":"product_cat-matkanoad","8":"product_cat-premium-ja-eksklusiivsed-noad","10":"first","11":"outofstock","12":"shipping-taxable","13":"purchasable","14":"product-type-simple"},"yoast_head":"<!-- This site is optimized with the Yoast SEO plugin v27.5 - https:\/\/yoast.com\/product\/yoast-seo-wordpress\/ -->\n<title>Nuga &#039;&#039;LEUKU - BIG&#039;&#039;, k\u00e4sitsi sepistatud Damaskuse terasest fikseeritud teraga nuga - AAKnives<\/title>\n<meta name=\"robots\" content=\"index, follow, max-snippet:-1, max-image-preview:large, max-video-preview:-1\" \/>\n<link rel=\"canonical\" href=\"https:\/\/aaknives.eu\/et\/product\/nuga-leuku-big-kasitsi-sepistatud-damaskuse-terasest-fikseeritud-teraga-nuga\/\" \/>\n<meta property=\"og:locale\" content=\"et_EE\" \/>\n<meta property=\"og:type\" content=\"article\" \/>\n<meta property=\"og:title\" content=\"Nuga &#039;&#039;LEUKU - BIG&#039;&#039;, k\u00e4sitsi sepistatud Damaskuse terasest fikseeritud teraga nuga - AAKnives\" \/>\n<meta property=\"og:description\" content=\"Noa spetsifikatsioonid: LEUKU &#8211; BIG Teras: K\u00e4sitsi sepistatud Damaskuse terasest tera K\u00f5vadus: 60-62 HRC Tera pikkus (mm): 222 \/ 8,74 tolli Tera paksus (mm): 3 \/ 0,09 tolli Tera laius (mm): 37 \/ 1,45 tolli K\u00e4epide: stabiliseeritud karjalane kask Kogupikkus (mm): 350 \/ 13,77 tolli K\u00e4sitsi sepistatud Damaskuse teras, mis on loodud erineva k\u00f5vaduse ja viskoossusega terase paketist, mis on kokku pandud plaadiks kindlas j\u00e4rjekorras. Seej\u00e4rel sepistatakse plaat korduvalt uuesti, t\u00e4nu millele tekivad kihid ja ainulaadne muster. Keeruline tehnoloogiline protsess toimub k\u00e4sitsi. Sellisel viisil saadud terasele on iseloomulikud: Suurenenud tugevus, suur k\u00f5vadus, suurep\u00e4rased l\u00f5ikamisomadused, ilus disain, pikaajaline teravus. Damaskuseteras on&hellip;\" \/>\n<meta property=\"og:url\" content=\"https:\/\/aaknives.eu\/et\/product\/nuga-leuku-big-kasitsi-sepistatud-damaskuse-terasest-fikseeritud-teraga-nuga\/\" \/>\n<meta property=\"og:site_name\" content=\"AAKnives\" \/>\n<meta property=\"article:publisher\" content=\"https:\/\/www.facebook.com\/aaknives.eu\/\" \/>\n<meta name=\"twitter:card\" content=\"summary_large_image\" \/>\n<meta name=\"twitter:label1\" content=\"Est. reading time\" \/>\n\t<meta name=\"twitter:data1\" content=\"1 minut\" \/>\n<script type=\"application\/ld+json\" class=\"yoast-schema-graph\">{\"@context\":\"https:\\\/\\\/schema.org\",\"@graph\":[{\"@type\":\"WebPage\",\"@id\":\"https:\\\/\\\/aaknives.eu\\\/et\\\/product\\\/nuga-leuku-big-kasitsi-sepistatud-damaskuse-terasest-fikseeritud-teraga-nuga\\\/\",\"url\":\"https:\\\/\\\/aaknives.eu\\\/et\\\/product\\\/nuga-leuku-big-kasitsi-sepistatud-damaskuse-terasest-fikseeritud-teraga-nuga\\\/\",\"name\":\"Nuga ''LEUKU - BIG'', k\u00e4sitsi sepistatud Damaskuse terasest fikseeritud teraga nuga - AAKnives\",\"isPartOf\":{\"@id\":\"https:\\\/\\\/aaknives.eu\\\/et\\\/#website\"},\"primaryImageOfPage\":{\"@id\":\"https:\\\/\\\/aaknives.eu\\\/et\\\/product\\\/nuga-leuku-big-kasitsi-sepistatud-damaskuse-terasest-fikseeritud-teraga-nuga\\\/#primaryimage\"},\"image\":{\"@id\":\"https:\\\/\\\/aaknives.eu\\\/et\\\/product\\\/nuga-leuku-big-kasitsi-sepistatud-damaskuse-terasest-fikseeritud-teraga-nuga\\\/#primaryimage\"},\"thumbnailUrl\":\"https:\\\/\\\/aaknives.eu\\\/wp-content\\\/uploads\\\/2021\\\/10\\\/aaknives-hand-forged-dabascus-steel-blade-knife-handmade-custom-made-knife-handcrafted-knives-autinetools-northmen-8-1.jpg\",\"datePublished\":\"2020-11-09T19:37:28+00:00\",\"breadcrumb\":{\"@id\":\"https:\\\/\\\/aaknives.eu\\\/et\\\/product\\\/nuga-leuku-big-kasitsi-sepistatud-damaskuse-terasest-fikseeritud-teraga-nuga\\\/#breadcrumb\"},\"inLanguage\":\"et\",\"potentialAction\":[{\"@type\":\"ReadAction\",\"target\":[\"https:\\\/\\\/aaknives.eu\\\/et\\\/product\\\/nuga-leuku-big-kasitsi-sepistatud-damaskuse-terasest-fikseeritud-teraga-nuga\\\/\"]}]},{\"@type\":\"ImageObject\",\"inLanguage\":\"et\",\"@id\":\"https:\\\/\\\/aaknives.eu\\\/et\\\/product\\\/nuga-leuku-big-kasitsi-sepistatud-damaskuse-terasest-fikseeritud-teraga-nuga\\\/#primaryimage\",\"url\":\"https:\\\/\\\/aaknives.eu\\\/wp-content\\\/uploads\\\/2021\\\/10\\\/aaknives-hand-forged-dabascus-steel-blade-knife-handmade-custom-made-knife-handcrafted-knives-autinetools-northmen-8-1.jpg\",\"contentUrl\":\"https:\\\/\\\/aaknives.eu\\\/wp-content\\\/uploads\\\/2021\\\/10\\\/aaknives-hand-forged-dabascus-steel-blade-knife-handmade-custom-made-knife-handcrafted-knives-autinetools-northmen-8-1.jpg\",\"width\":800,\"height\":600,\"caption\":\"aaknives-hand-forged-dabascus-steel-blade-knife-handmade-custom-made-knife-handcrafted-knives-autinetools-northmen-8-1\"},{\"@type\":\"BreadcrumbList\",\"@id\":\"https:\\\/\\\/aaknives.eu\\\/et\\\/product\\\/nuga-leuku-big-kasitsi-sepistatud-damaskuse-terasest-fikseeritud-teraga-nuga\\\/#breadcrumb\",\"itemListElement\":[{\"@type\":\"ListItem\",\"position\":1,\"name\":\"Home\",\"item\":\"https:\\\/\\\/aaknives.eu\\\/et\\\/kodu\\\/\"},{\"@type\":\"ListItem\",\"position\":2,\"name\":\"Kauplus\",\"item\":\"https:\\\/\\\/aaknives.eu\\\/et\\\/kauplus\\\/\"},{\"@type\":\"ListItem\",\"position\":3,\"name\":\"Nuga &#8221;LEUKU &#8211; BIG&#8221;, k\u00e4sitsi sepistatud Damaskuse terasest fikseeritud teraga nuga\"}]},{\"@type\":\"WebSite\",\"@id\":\"https:\\\/\\\/aaknives.eu\\\/et\\\/#website\",\"url\":\"https:\\\/\\\/aaknives.eu\\\/et\\\/\",\"name\":\"AAKnives\",\"description\":\"Handmade knives\",\"publisher\":{\"@id\":\"https:\\\/\\\/aaknives.eu\\\/et\\\/#organization\"},\"potentialAction\":[{\"@type\":\"SearchAction\",\"target\":{\"@type\":\"EntryPoint\",\"urlTemplate\":\"https:\\\/\\\/aaknives.eu\\\/et\\\/?s={search_term_string}\"},\"query-input\":{\"@type\":\"PropertyValueSpecification\",\"valueRequired\":true,\"valueName\":\"search_term_string\"}}],\"inLanguage\":\"et\"},{\"@type\":\"Organization\",\"@id\":\"https:\\\/\\\/aaknives.eu\\\/et\\\/#organization\",\"name\":\"AAKnives\",\"url\":\"https:\\\/\\\/aaknives.eu\\\/et\\\/\",\"logo\":{\"@type\":\"ImageObject\",\"inLanguage\":\"et\",\"@id\":\"https:\\\/\\\/aaknives.eu\\\/et\\\/#\\\/schema\\\/logo\\\/image\\\/\",\"url\":\"https:\\\/\\\/aaknives.eu\\\/wp-content\\\/uploads\\\/2021\\\/10\\\/AAknives_Logo_Green.png\",\"contentUrl\":\"https:\\\/\\\/aaknives.eu\\\/wp-content\\\/uploads\\\/2021\\\/10\\\/AAknives_Logo_Green.png\",\"width\":1768,\"height\":1768,\"caption\":\"AAKnives\"},\"image\":{\"@id\":\"https:\\\/\\\/aaknives.eu\\\/et\\\/#\\\/schema\\\/logo\\\/image\\\/\"},\"sameAs\":[\"https:\\\/\\\/www.facebook.com\\\/aaknives.eu\\\/\",\"https:\\\/\\\/www.instagram.com\\\/aaknives\\\/\",\"https:\\\/\\\/www.pinterest.com\\\/aa_knives\\\/\",\"https:\\\/\\\/www.youtube.com\\\/channel\\\/UCHOQFjrOkgT6s4FIw9LDKyw\\\/featured\"]}]}<\/script>\n<!-- \/ Yoast SEO plugin. -->","yoast_head_json":{"title":"Nuga ''LEUKU - BIG'', k\u00e4sitsi sepistatud Damaskuse terasest fikseeritud teraga nuga - AAKnives","robots":{"index":"index","follow":"follow","max-snippet":"max-snippet:-1","max-image-preview":"max-image-preview:large","max-video-preview":"max-video-preview:-1"},"canonical":"https:\/\/aaknives.eu\/et\/product\/nuga-leuku-big-kasitsi-sepistatud-damaskuse-terasest-fikseeritud-teraga-nuga\/","og_locale":"et_EE","og_type":"article","og_title":"Nuga ''LEUKU - BIG'', k\u00e4sitsi sepistatud Damaskuse terasest fikseeritud teraga nuga - AAKnives","og_description":"Noa spetsifikatsioonid: LEUKU &#8211; BIG Teras: K\u00e4sitsi sepistatud Damaskuse terasest tera K\u00f5vadus: 60-62 HRC Tera pikkus (mm): 222 \/ 8,74 tolli Tera paksus (mm): 3 \/ 0,09 tolli Tera laius (mm): 37 \/ 1,45 tolli K\u00e4epide: stabiliseeritud karjalane kask Kogupikkus (mm): 350 \/ 13,77 tolli K\u00e4sitsi sepistatud Damaskuse teras, mis on loodud erineva k\u00f5vaduse ja viskoossusega terase paketist, mis on kokku pandud plaadiks kindlas j\u00e4rjekorras. Seej\u00e4rel sepistatakse plaat korduvalt uuesti, t\u00e4nu millele tekivad kihid ja ainulaadne muster. Keeruline tehnoloogiline protsess toimub k\u00e4sitsi. Sellisel viisil saadud terasele on iseloomulikud: Suurenenud tugevus, suur k\u00f5vadus, suurep\u00e4rased l\u00f5ikamisomadused, ilus disain, pikaajaline teravus. Damaskuseteras on&hellip;","og_url":"https:\/\/aaknives.eu\/et\/product\/nuga-leuku-big-kasitsi-sepistatud-damaskuse-terasest-fikseeritud-teraga-nuga\/","og_site_name":"AAKnives","article_publisher":"https:\/\/www.facebook.com\/aaknives.eu\/","twitter_card":"summary_large_image","twitter_misc":{"Est. reading time":"1 minut"},"schema":{"@context":"https:\/\/schema.org","@graph":[{"@type":"WebPage","@id":"https:\/\/aaknives.eu\/et\/product\/nuga-leuku-big-kasitsi-sepistatud-damaskuse-terasest-fikseeritud-teraga-nuga\/","url":"https:\/\/aaknives.eu\/et\/product\/nuga-leuku-big-kasitsi-sepistatud-damaskuse-terasest-fikseeritud-teraga-nuga\/","name":"Nuga ''LEUKU - BIG'', k\u00e4sitsi sepistatud Damaskuse terasest fikseeritud teraga nuga - AAKnives","isPartOf":{"@id":"https:\/\/aaknives.eu\/et\/#website"},"primaryImageOfPage":{"@id":"https:\/\/aaknives.eu\/et\/product\/nuga-leuku-big-kasitsi-sepistatud-damaskuse-terasest-fikseeritud-teraga-nuga\/#primaryimage"},"image":{"@id":"https:\/\/aaknives.eu\/et\/product\/nuga-leuku-big-kasitsi-sepistatud-damaskuse-terasest-fikseeritud-teraga-nuga\/#primaryimage"},"thumbnailUrl":"https:\/\/aaknives.eu\/wp-content\/uploads\/2021\/10\/aaknives-hand-forged-dabascus-steel-blade-knife-handmade-custom-made-knife-handcrafted-knives-autinetools-northmen-8-1.jpg","datePublished":"2020-11-09T19:37:28+00:00","breadcrumb":{"@id":"https:\/\/aaknives.eu\/et\/product\/nuga-leuku-big-kasitsi-sepistatud-damaskuse-terasest-fikseeritud-teraga-nuga\/#breadcrumb"},"inLanguage":"et","potentialAction":[{"@type":"ReadAction","target":["https:\/\/aaknives.eu\/et\/product\/nuga-leuku-big-kasitsi-sepistatud-damaskuse-terasest-fikseeritud-teraga-nuga\/"]}]},{"@type":"ImageObject","inLanguage":"et","@id":"https:\/\/aaknives.eu\/et\/product\/nuga-leuku-big-kasitsi-sepistatud-damaskuse-terasest-fikseeritud-teraga-nuga\/#primaryimage","url":"https:\/\/aaknives.eu\/wp-content\/uploads\/2021\/10\/aaknives-hand-forged-dabascus-steel-blade-knife-handmade-custom-made-knife-handcrafted-knives-autinetools-northmen-8-1.jpg","contentUrl":"https:\/\/aaknives.eu\/wp-content\/uploads\/2021\/10\/aaknives-hand-forged-dabascus-steel-blade-knife-handmade-custom-made-knife-handcrafted-knives-autinetools-northmen-8-1.jpg","width":800,"height":600,"caption":"aaknives-hand-forged-dabascus-steel-blade-knife-handmade-custom-made-knife-handcrafted-knives-autinetools-northmen-8-1"},{"@type":"BreadcrumbList","@id":"https:\/\/aaknives.eu\/et\/product\/nuga-leuku-big-kasitsi-sepistatud-damaskuse-terasest-fikseeritud-teraga-nuga\/#breadcrumb","itemListElement":[{"@type":"ListItem","position":1,"name":"Home","item":"https:\/\/aaknives.eu\/et\/kodu\/"},{"@type":"ListItem","position":2,"name":"Kauplus","item":"https:\/\/aaknives.eu\/et\/kauplus\/"},{"@type":"ListItem","position":3,"name":"Nuga &#8221;LEUKU &#8211; BIG&#8221;, k\u00e4sitsi sepistatud Damaskuse terasest fikseeritud teraga nuga"}]},{"@type":"WebSite","@id":"https:\/\/aaknives.eu\/et\/#website","url":"https:\/\/aaknives.eu\/et\/","name":"AAKnives","description":"Handmade knives","publisher":{"@id":"https:\/\/aaknives.eu\/et\/#organization"},"potentialAction":[{"@type":"SearchAction","target":{"@type":"EntryPoint","urlTemplate":"https:\/\/aaknives.eu\/et\/?s={search_term_string}"},"query-input":{"@type":"PropertyValueSpecification","valueRequired":true,"valueName":"search_term_string"}}],"inLanguage":"et"},{"@type":"Organization","@id":"https:\/\/aaknives.eu\/et\/#organization","name":"AAKnives","url":"https:\/\/aaknives.eu\/et\/","logo":{"@type":"ImageObject","inLanguage":"et","@id":"https:\/\/aaknives.eu\/et\/#\/schema\/logo\/image\/","url":"https:\/\/aaknives.eu\/wp-content\/uploads\/2021\/10\/AAknives_Logo_Green.png","contentUrl":"https:\/\/aaknives.eu\/wp-content\/uploads\/2021\/10\/AAknives_Logo_Green.png","width":1768,"height":1768,"caption":"AAKnives"},"image":{"@id":"https:\/\/aaknives.eu\/et\/#\/schema\/logo\/image\/"},"sameAs":["https:\/\/www.facebook.com\/aaknives.eu\/","https:\/\/www.instagram.com\/aaknives\/","https:\/\/www.pinterest.com\/aa_knives\/","https:\/\/www.youtube.com\/channel\/UCHOQFjrOkgT6s4FIw9LDKyw\/featured"]}]}},"_links":{"self":[{"href":"https:\/\/aaknives.eu\/et\/wp-json\/wp\/v2\/product\/41617","targetHints":{"allow":["GET"]}}],"collection":[{"href":"https:\/\/aaknives.eu\/et\/wp-json\/wp\/v2\/product"}],"about":[{"href":"https:\/\/aaknives.eu\/et\/wp-json\/wp\/v2\/types\/product"}],"wp:featuredmedia":[{"embeddable":true,"href":"https:\/\/aaknives.eu\/et\/wp-json\/wp\/v2\/media\/41618"}],"wp:attachment":[{"href":"https:\/\/aaknives.eu\/et\/wp-json\/wp\/v2\/media?parent=41617"}],"wp:term":[{"taxonomy":"product_brand","embeddable":true,"href":"https:\/\/aaknives.eu\/et\/wp-json\/wp\/v2\/product_brand?post=41617"},{"taxonomy":"product_cat","embeddable":true,"href":"https:\/\/aaknives.eu\/et\/wp-json\/wp\/v2\/product_cat?post=41617"},{"taxonomy":"product_tag","embeddable":true,"href":"https:\/\/aaknives.eu\/et\/wp-json\/wp\/v2\/product_tag?post=41617"}],"curies":[{"name":"wp","href":"https:\/\/api.w.org\/{rel}","templated":true}]}}