{"id":41692,"date":"2021-08-10T20:00:45","date_gmt":"2021-08-10T20:00:45","guid":{"rendered":"https:\/\/aaknives.eu\/product\/nuga-falcon-kasitsi-sepistatud-lamineeritud-damaskuse-terasest-fikseeritud-teraga-nuga\/"},"modified":"2021-08-10T20:00:45","modified_gmt":"2021-08-10T20:00:45","slug":"nuga-falcon-kasitsi-sepistatud-lamineeritud-damaskuse-terasest-fikseeritud-teraga-nuga","status":"publish","type":"product","link":"https:\/\/aaknives.eu\/et\/product\/nuga-falcon-kasitsi-sepistatud-lamineeritud-damaskuse-terasest-fikseeritud-teraga-nuga\/","title":{"rendered":"Nuga -FALCON- k\u00e4sitsi sepistatud lamineeritud &#8211; Damaskuse terasest fikseeritud teraga nuga"},"content":{"rendered":"<p>Noa spetsifikatsioonid: FALCON<br \/>\nTeras: K\u00e4sitsi sepistatud lamineeritud &#8211; Damaskuse teras tera<br \/>\nK\u00f5vadus: 60-62 HRC<br \/>\nTera pikkus (mm): 5 tolli pikkusega: 127 \/ 5 tolli<br \/>\nTera paksus (mm): 4 \/ 0,15 tolli<br \/>\nTera laius (mm): 33 \/ 1,29 tolli<br \/>\nK\u00e4epide: stabiliseeritud karjalane kask<br \/>\nKogupikkus (mm): 252 \/ 9,92 tolli<\/p>\n<p>Eelised noad Lamineeritud &#8211; Damaskuse terasest:<br \/>\nSuurenenud tugevus<br \/>\nSuur k\u00f5vadus<br \/>\nSuurep\u00e4rased l\u00f5ikamisomadused<br \/>\nIlus disain<br \/>\nPikaajaline teravus<\/p>\n<p>Tera k\u00f5vadus 60-62 HRC.<br \/>\nK\u00e4sitsi valmistatud<\/p>\n","protected":false},"excerpt":{"rendered":"<p>Noa spetsifikatsioonid: FALCON Teras: K\u00e4sitsi sepistatud lamineeritud &#8211; Damaskuse teras tera K\u00f5vadus: 60-62 HRC Tera pikkus (mm): 5 tolli pikkusega: 127 \/ 5 tolli Tera paksus (mm): 4 \/ 0,15 tolli Tera laius (mm): 33 \/ 1,29 tolli K\u00e4epide: stabiliseeritud karjalane kask Kogupikkus (mm): 252 \/ 9,92 tolli Eelised noad Lamineeritud &#8211; Damaskuse terasest: Suurenenud tugevus Suur k\u00f5vadus Suurep\u00e4rased l\u00f5ikamisomadused Ilus disain Pikaajaline teravus Tera k\u00f5vadus 60-62 HRC. K\u00e4sitsi valmistatud<\/p>\n","protected":false},"featured_media":41693,"template":"","meta":{"_themeisle_gutenberg_block_has_review":false},"product_brand":[],"product_cat":[345,343,346,341],"product_tag":[],"class_list":{"0":"post-41692","1":"product","2":"type-product","3":"status-publish","4":"has-post-thumbnail","6":"product_cat-jahinoad","7":"product_cat-kalapuugi-noad","8":"product_cat-matkanoad","9":"product_cat-premium-ja-eksklusiivsed-noad","11":"first","12":"outofstock","13":"shipping-taxable","14":"purchasable","15":"product-type-simple"},"yoast_head":"<!-- This site is optimized with the Yoast SEO plugin v27.3 - https:\/\/yoast.com\/product\/yoast-seo-wordpress\/ -->\n<title>Nuga -FALCON- k\u00e4sitsi sepistatud lamineeritud - Damaskuse terasest fikseeritud teraga nuga - AAKnives<\/title>\n<meta name=\"description\" content=\"Nuga -FALCON- k\u00e4sitsi sepistatud lamineeritud - Damaskuse terasest fikseeritud teraga nuga\" \/>\n<meta name=\"robots\" content=\"index, follow, max-snippet:-1, max-image-preview:large, max-video-preview:-1\" \/>\n<link rel=\"canonical\" href=\"https:\/\/aaknives.eu\/et\/product\/nuga-falcon-kasitsi-sepistatud-lamineeritud-damaskuse-terasest-fikseeritud-teraga-nuga\/\" \/>\n<meta property=\"og:locale\" content=\"et_EE\" \/>\n<meta property=\"og:type\" content=\"article\" \/>\n<meta property=\"og:title\" content=\"Nuga -FALCON- k\u00e4sitsi sepistatud lamineeritud - Damaskuse terasest fikseeritud teraga nuga - AAKnives\" \/>\n<meta property=\"og:description\" content=\"Nuga -FALCON- k\u00e4sitsi sepistatud lamineeritud - Damaskuse terasest fikseeritud teraga nuga\" \/>\n<meta property=\"og:url\" content=\"https:\/\/aaknives.eu\/et\/product\/nuga-falcon-kasitsi-sepistatud-lamineeritud-damaskuse-terasest-fikseeritud-teraga-nuga\/\" \/>\n<meta property=\"og:site_name\" content=\"AAKnives\" \/>\n<meta property=\"article:publisher\" content=\"https:\/\/www.facebook.com\/aaknives.eu\/\" \/>\n<meta property=\"og:image\" content=\"https:\/\/aaknives.eu\/wp-content\/uploads\/2021\/08\/aaknives-hand-forged-dabascus-steel-blade-knife-handmade-custom-made-knife-handcrafted-knives-autinetools-northmen-19-2.jpg\" \/>\n\t<meta property=\"og:image:width\" content=\"1020\" \/>\n\t<meta property=\"og:image:height\" content=\"880\" \/>\n\t<meta property=\"og:image:type\" content=\"image\/jpeg\" \/>\n<meta name=\"twitter:card\" content=\"summary_large_image\" \/>\n<script type=\"application\/ld+json\" class=\"yoast-schema-graph\">{\"@context\":\"https:\\\/\\\/schema.org\",\"@graph\":[{\"@type\":\"WebPage\",\"@id\":\"https:\\\/\\\/aaknives.eu\\\/et\\\/product\\\/nuga-falcon-kasitsi-sepistatud-lamineeritud-damaskuse-terasest-fikseeritud-teraga-nuga\\\/\",\"url\":\"https:\\\/\\\/aaknives.eu\\\/et\\\/product\\\/nuga-falcon-kasitsi-sepistatud-lamineeritud-damaskuse-terasest-fikseeritud-teraga-nuga\\\/\",\"name\":\"Nuga -FALCON- k\u00e4sitsi sepistatud lamineeritud - Damaskuse terasest fikseeritud teraga nuga - AAKnives\",\"isPartOf\":{\"@id\":\"https:\\\/\\\/aaknives.eu\\\/et\\\/#website\"},\"primaryImageOfPage\":{\"@id\":\"https:\\\/\\\/aaknives.eu\\\/et\\\/product\\\/nuga-falcon-kasitsi-sepistatud-lamineeritud-damaskuse-terasest-fikseeritud-teraga-nuga\\\/#primaryimage\"},\"image\":{\"@id\":\"https:\\\/\\\/aaknives.eu\\\/et\\\/product\\\/nuga-falcon-kasitsi-sepistatud-lamineeritud-damaskuse-terasest-fikseeritud-teraga-nuga\\\/#primaryimage\"},\"thumbnailUrl\":\"https:\\\/\\\/aaknives.eu\\\/wp-content\\\/uploads\\\/2021\\\/08\\\/aaknives-hand-forged-dabascus-steel-blade-knife-handmade-custom-made-knife-handcrafted-knives-autinetools-northmen-19-2.jpg\",\"datePublished\":\"2021-08-10T20:00:45+00:00\",\"description\":\"Nuga -FALCON- k\u00e4sitsi sepistatud lamineeritud - Damaskuse terasest fikseeritud teraga nuga\",\"breadcrumb\":{\"@id\":\"https:\\\/\\\/aaknives.eu\\\/et\\\/product\\\/nuga-falcon-kasitsi-sepistatud-lamineeritud-damaskuse-terasest-fikseeritud-teraga-nuga\\\/#breadcrumb\"},\"inLanguage\":\"et\",\"potentialAction\":[{\"@type\":\"ReadAction\",\"target\":[\"https:\\\/\\\/aaknives.eu\\\/et\\\/product\\\/nuga-falcon-kasitsi-sepistatud-lamineeritud-damaskuse-terasest-fikseeritud-teraga-nuga\\\/\"]}]},{\"@type\":\"ImageObject\",\"inLanguage\":\"et\",\"@id\":\"https:\\\/\\\/aaknives.eu\\\/et\\\/product\\\/nuga-falcon-kasitsi-sepistatud-lamineeritud-damaskuse-terasest-fikseeritud-teraga-nuga\\\/#primaryimage\",\"url\":\"https:\\\/\\\/aaknives.eu\\\/wp-content\\\/uploads\\\/2021\\\/08\\\/aaknives-hand-forged-dabascus-steel-blade-knife-handmade-custom-made-knife-handcrafted-knives-autinetools-northmen-19-2.jpg\",\"contentUrl\":\"https:\\\/\\\/aaknives.eu\\\/wp-content\\\/uploads\\\/2021\\\/08\\\/aaknives-hand-forged-dabascus-steel-blade-knife-handmade-custom-made-knife-handcrafted-knives-autinetools-northmen-19-2.jpg\",\"width\":1020,\"height\":880,\"caption\":\"aaknives hand forged dabascus steel blade knife handmade custom made knife handcrafted knives autinetools northmen 19 2\"},{\"@type\":\"BreadcrumbList\",\"@id\":\"https:\\\/\\\/aaknives.eu\\\/et\\\/product\\\/nuga-falcon-kasitsi-sepistatud-lamineeritud-damaskuse-terasest-fikseeritud-teraga-nuga\\\/#breadcrumb\",\"itemListElement\":[{\"@type\":\"ListItem\",\"position\":1,\"name\":\"Home\",\"item\":\"https:\\\/\\\/aaknives.eu\\\/et\\\/kodu\\\/\"},{\"@type\":\"ListItem\",\"position\":2,\"name\":\"Kauplus\",\"item\":\"https:\\\/\\\/aaknives.eu\\\/et\\\/kauplus\\\/\"},{\"@type\":\"ListItem\",\"position\":3,\"name\":\"Nuga -FALCON- k\u00e4sitsi sepistatud lamineeritud &#8211; Damaskuse terasest fikseeritud teraga nuga\"}]},{\"@type\":\"WebSite\",\"@id\":\"https:\\\/\\\/aaknives.eu\\\/et\\\/#website\",\"url\":\"https:\\\/\\\/aaknives.eu\\\/et\\\/\",\"name\":\"AAKnives\",\"description\":\"Handmade knives\",\"publisher\":{\"@id\":\"https:\\\/\\\/aaknives.eu\\\/et\\\/#organization\"},\"potentialAction\":[{\"@type\":\"SearchAction\",\"target\":{\"@type\":\"EntryPoint\",\"urlTemplate\":\"https:\\\/\\\/aaknives.eu\\\/et\\\/?s={search_term_string}\"},\"query-input\":{\"@type\":\"PropertyValueSpecification\",\"valueRequired\":true,\"valueName\":\"search_term_string\"}}],\"inLanguage\":\"et\"},{\"@type\":\"Organization\",\"@id\":\"https:\\\/\\\/aaknives.eu\\\/et\\\/#organization\",\"name\":\"AAKnives\",\"url\":\"https:\\\/\\\/aaknives.eu\\\/et\\\/\",\"logo\":{\"@type\":\"ImageObject\",\"inLanguage\":\"et\",\"@id\":\"https:\\\/\\\/aaknives.eu\\\/et\\\/#\\\/schema\\\/logo\\\/image\\\/\",\"url\":\"https:\\\/\\\/aaknives.eu\\\/wp-content\\\/uploads\\\/2021\\\/10\\\/AAknives_Logo_Green.png\",\"contentUrl\":\"https:\\\/\\\/aaknives.eu\\\/wp-content\\\/uploads\\\/2021\\\/10\\\/AAknives_Logo_Green.png\",\"width\":1768,\"height\":1768,\"caption\":\"AAKnives\"},\"image\":{\"@id\":\"https:\\\/\\\/aaknives.eu\\\/et\\\/#\\\/schema\\\/logo\\\/image\\\/\"},\"sameAs\":[\"https:\\\/\\\/www.facebook.com\\\/aaknives.eu\\\/\",\"https:\\\/\\\/www.instagram.com\\\/aaknives\\\/\",\"https:\\\/\\\/www.pinterest.com\\\/aa_knives\\\/\",\"https:\\\/\\\/www.youtube.com\\\/channel\\\/UCHOQFjrOkgT6s4FIw9LDKyw\\\/featured\"]}]}<\/script>\n<!-- \/ Yoast SEO plugin. -->","yoast_head_json":{"title":"Nuga -FALCON- k\u00e4sitsi sepistatud lamineeritud - Damaskuse terasest fikseeritud teraga nuga - AAKnives","description":"Nuga -FALCON- k\u00e4sitsi sepistatud lamineeritud - Damaskuse terasest fikseeritud teraga nuga","robots":{"index":"index","follow":"follow","max-snippet":"max-snippet:-1","max-image-preview":"max-image-preview:large","max-video-preview":"max-video-preview:-1"},"canonical":"https:\/\/aaknives.eu\/et\/product\/nuga-falcon-kasitsi-sepistatud-lamineeritud-damaskuse-terasest-fikseeritud-teraga-nuga\/","og_locale":"et_EE","og_type":"article","og_title":"Nuga -FALCON- k\u00e4sitsi sepistatud lamineeritud - Damaskuse terasest fikseeritud teraga nuga - AAKnives","og_description":"Nuga -FALCON- k\u00e4sitsi sepistatud lamineeritud - Damaskuse terasest fikseeritud teraga nuga","og_url":"https:\/\/aaknives.eu\/et\/product\/nuga-falcon-kasitsi-sepistatud-lamineeritud-damaskuse-terasest-fikseeritud-teraga-nuga\/","og_site_name":"AAKnives","article_publisher":"https:\/\/www.facebook.com\/aaknives.eu\/","og_image":[{"width":1020,"height":880,"url":"https:\/\/aaknives.eu\/wp-content\/uploads\/2021\/08\/aaknives-hand-forged-dabascus-steel-blade-knife-handmade-custom-made-knife-handcrafted-knives-autinetools-northmen-19-2.jpg","type":"image\/jpeg"}],"twitter_card":"summary_large_image","schema":{"@context":"https:\/\/schema.org","@graph":[{"@type":"WebPage","@id":"https:\/\/aaknives.eu\/et\/product\/nuga-falcon-kasitsi-sepistatud-lamineeritud-damaskuse-terasest-fikseeritud-teraga-nuga\/","url":"https:\/\/aaknives.eu\/et\/product\/nuga-falcon-kasitsi-sepistatud-lamineeritud-damaskuse-terasest-fikseeritud-teraga-nuga\/","name":"Nuga -FALCON- k\u00e4sitsi sepistatud lamineeritud - Damaskuse terasest fikseeritud teraga nuga - AAKnives","isPartOf":{"@id":"https:\/\/aaknives.eu\/et\/#website"},"primaryImageOfPage":{"@id":"https:\/\/aaknives.eu\/et\/product\/nuga-falcon-kasitsi-sepistatud-lamineeritud-damaskuse-terasest-fikseeritud-teraga-nuga\/#primaryimage"},"image":{"@id":"https:\/\/aaknives.eu\/et\/product\/nuga-falcon-kasitsi-sepistatud-lamineeritud-damaskuse-terasest-fikseeritud-teraga-nuga\/#primaryimage"},"thumbnailUrl":"https:\/\/aaknives.eu\/wp-content\/uploads\/2021\/08\/aaknives-hand-forged-dabascus-steel-blade-knife-handmade-custom-made-knife-handcrafted-knives-autinetools-northmen-19-2.jpg","datePublished":"2021-08-10T20:00:45+00:00","description":"Nuga -FALCON- k\u00e4sitsi sepistatud lamineeritud - Damaskuse terasest fikseeritud teraga nuga","breadcrumb":{"@id":"https:\/\/aaknives.eu\/et\/product\/nuga-falcon-kasitsi-sepistatud-lamineeritud-damaskuse-terasest-fikseeritud-teraga-nuga\/#breadcrumb"},"inLanguage":"et","potentialAction":[{"@type":"ReadAction","target":["https:\/\/aaknives.eu\/et\/product\/nuga-falcon-kasitsi-sepistatud-lamineeritud-damaskuse-terasest-fikseeritud-teraga-nuga\/"]}]},{"@type":"ImageObject","inLanguage":"et","@id":"https:\/\/aaknives.eu\/et\/product\/nuga-falcon-kasitsi-sepistatud-lamineeritud-damaskuse-terasest-fikseeritud-teraga-nuga\/#primaryimage","url":"https:\/\/aaknives.eu\/wp-content\/uploads\/2021\/08\/aaknives-hand-forged-dabascus-steel-blade-knife-handmade-custom-made-knife-handcrafted-knives-autinetools-northmen-19-2.jpg","contentUrl":"https:\/\/aaknives.eu\/wp-content\/uploads\/2021\/08\/aaknives-hand-forged-dabascus-steel-blade-knife-handmade-custom-made-knife-handcrafted-knives-autinetools-northmen-19-2.jpg","width":1020,"height":880,"caption":"aaknives hand forged dabascus steel blade knife handmade custom made knife handcrafted knives autinetools northmen 19 2"},{"@type":"BreadcrumbList","@id":"https:\/\/aaknives.eu\/et\/product\/nuga-falcon-kasitsi-sepistatud-lamineeritud-damaskuse-terasest-fikseeritud-teraga-nuga\/#breadcrumb","itemListElement":[{"@type":"ListItem","position":1,"name":"Home","item":"https:\/\/aaknives.eu\/et\/kodu\/"},{"@type":"ListItem","position":2,"name":"Kauplus","item":"https:\/\/aaknives.eu\/et\/kauplus\/"},{"@type":"ListItem","position":3,"name":"Nuga -FALCON- k\u00e4sitsi sepistatud lamineeritud &#8211; Damaskuse terasest fikseeritud teraga nuga"}]},{"@type":"WebSite","@id":"https:\/\/aaknives.eu\/et\/#website","url":"https:\/\/aaknives.eu\/et\/","name":"AAKnives","description":"Handmade knives","publisher":{"@id":"https:\/\/aaknives.eu\/et\/#organization"},"potentialAction":[{"@type":"SearchAction","target":{"@type":"EntryPoint","urlTemplate":"https:\/\/aaknives.eu\/et\/?s={search_term_string}"},"query-input":{"@type":"PropertyValueSpecification","valueRequired":true,"valueName":"search_term_string"}}],"inLanguage":"et"},{"@type":"Organization","@id":"https:\/\/aaknives.eu\/et\/#organization","name":"AAKnives","url":"https:\/\/aaknives.eu\/et\/","logo":{"@type":"ImageObject","inLanguage":"et","@id":"https:\/\/aaknives.eu\/et\/#\/schema\/logo\/image\/","url":"https:\/\/aaknives.eu\/wp-content\/uploads\/2021\/10\/AAknives_Logo_Green.png","contentUrl":"https:\/\/aaknives.eu\/wp-content\/uploads\/2021\/10\/AAknives_Logo_Green.png","width":1768,"height":1768,"caption":"AAKnives"},"image":{"@id":"https:\/\/aaknives.eu\/et\/#\/schema\/logo\/image\/"},"sameAs":["https:\/\/www.facebook.com\/aaknives.eu\/","https:\/\/www.instagram.com\/aaknives\/","https:\/\/www.pinterest.com\/aa_knives\/","https:\/\/www.youtube.com\/channel\/UCHOQFjrOkgT6s4FIw9LDKyw\/featured"]}]}},"_links":{"self":[{"href":"https:\/\/aaknives.eu\/et\/wp-json\/wp\/v2\/product\/41692","targetHints":{"allow":["GET"]}}],"collection":[{"href":"https:\/\/aaknives.eu\/et\/wp-json\/wp\/v2\/product"}],"about":[{"href":"https:\/\/aaknives.eu\/et\/wp-json\/wp\/v2\/types\/product"}],"wp:featuredmedia":[{"embeddable":true,"href":"https:\/\/aaknives.eu\/et\/wp-json\/wp\/v2\/media\/41693"}],"wp:attachment":[{"href":"https:\/\/aaknives.eu\/et\/wp-json\/wp\/v2\/media?parent=41692"}],"wp:term":[{"taxonomy":"product_brand","embeddable":true,"href":"https:\/\/aaknives.eu\/et\/wp-json\/wp\/v2\/product_brand?post=41692"},{"taxonomy":"product_cat","embeddable":true,"href":"https:\/\/aaknives.eu\/et\/wp-json\/wp\/v2\/product_cat?post=41692"},{"taxonomy":"product_tag","embeddable":true,"href":"https:\/\/aaknives.eu\/et\/wp-json\/wp\/v2\/product_tag?post=41692"}],"curies":[{"name":"wp","href":"https:\/\/api.w.org\/{rel}","templated":true}]}}