{"id":41807,"date":"2021-09-20T20:50:12","date_gmt":"2021-09-20T20:50:12","guid":{"rendered":"https:\/\/aaknives.eu\/product\/thunder-damaskuse-terasest-nuga\/"},"modified":"2021-09-20T20:50:12","modified_gmt":"2021-09-20T20:50:12","slug":"thunder-damaskuse-terasest-nuga","status":"publish","type":"product","link":"https:\/\/aaknives.eu\/et\/product\/thunder-damaskuse-terasest-nuga\/","title":{"rendered":"Thunder &#8211; Damaskuse terasest nuga"},"content":{"rendered":"<p>Noa spetsifikatsioonid: Thunder &#8211; Damaskuse terasest nuga<br \/>\nTeras: k\u00e4sitsi sepistatud Damaskuse terasest tera nuga, 650 kihti<br \/>\nK\u00f5vadus: 60-62 HRC<br \/>\nTera pikkus (mm): 3,74 tolli<br \/>\nTera paksus (mm): 3 \/ 0,11 tolli<br \/>\nTera laius (mm): 28 \/ 1,10 tolli<br \/>\nK\u00e4epide: Micarta<br \/>\nKogupikkus (mm): 217 \/ 8,54 tolli<\/p>\n<p>Damaskuseterasest tera, mis on loodud erineva k\u00f5vaduse ja viskoossusega teraste paketist, mis on kindlas j\u00e4rjekorras plaadiks volditud. Seej\u00e4rel sepistatakse plaat korduvalt uuesti, t\u00e4nu millele tekivad kihid ja ainulaadne muster.<\/p>\n<p>Keeruline tehnoloogiline protsess toimub k\u00e4sitsi. Sellisel viisil saadud terasele on iseloomulikud suurenenud tugevus, suur k\u00f5vadus, suurep\u00e4rased l\u00f5ikamisomadused ja ilu.<br \/>\nDamaskuse tera \u00fcle 800-1000 kihi.<br \/>\nPakett Damaskuse teras ShH15 + HVG + U10 A, termiline v\u00e4ljendus 860 \u00b0 C<\/p>\n<p>Damaskuse tera nugade eelised:<br \/>\nSuurenenud tugevus<br \/>\nSuur k\u00f5vadus<br \/>\nSuurep\u00e4rased l\u00f5ikamisomadused<br \/>\nIlus disain<br \/>\nPikaajaline teravus<\/p>\n<p>Tera k\u00f5vadus 60-62 HRC.<br \/>\nKohandatud nuga, k\u00e4sitsi valmistatud nuga, k\u00e4sitsi sepistatud nuga, k\u00e4sitsi sepistatud tera<\/p>\n","protected":false},"excerpt":{"rendered":"<p>Noa spetsifikatsioonid: Thunder &#8211; Damaskuse terasest nuga Teras: k\u00e4sitsi sepistatud Damaskuse terasest tera nuga, 650 kihti K\u00f5vadus: 60-62 HRC Tera pikkus (mm): 3,74 tolli Tera paksus (mm): 3 \/ 0,11 tolli Tera laius (mm): 28 \/ 1,10 tolli K\u00e4epide: Micarta Kogupikkus (mm): 217 \/ 8,54 tolli Damaskuseterasest tera, mis on loodud erineva k\u00f5vaduse ja viskoossusega teraste paketist, mis on kindlas j\u00e4rjekorras plaadiks volditud. Seej\u00e4rel sepistatakse plaat korduvalt uuesti, t\u00e4nu millele tekivad kihid ja ainulaadne muster. Keeruline tehnoloogiline protsess toimub k\u00e4sitsi. Sellisel viisil saadud terasele on iseloomulikud suurenenud tugevus, suur k\u00f5vadus, suurep\u00e4rased l\u00f5ikamisomadused ja ilu. Damaskuse tera \u00fcle 800-1000 kihi. Pakett&hellip;<\/p>\n","protected":false},"featured_media":41808,"template":"","meta":{"_themeisle_gutenberg_block_has_review":false},"product_brand":[],"product_cat":[345,343,346,349],"product_tag":[],"class_list":{"0":"post-41807","1":"product","2":"type-product","3":"status-publish","4":"has-post-thumbnail","6":"product_cat-jahinoad","7":"product_cat-kalapuugi-noad","8":"product_cat-matkanoad","9":"product_cat-taismetallist-noad","11":"first","12":"instock","13":"shipping-taxable","14":"purchasable","15":"product-type-simple"},"yoast_head":"<!-- This site is optimized with the Yoast SEO plugin v27.3 - https:\/\/yoast.com\/product\/yoast-seo-wordpress\/ -->\n<title>Thunder - Damaskuse terasest nuga - AAKnives<\/title>\n<meta name=\"description\" content=\"Thunder - Damaskuse terasest nuga\" \/>\n<meta name=\"robots\" content=\"index, follow, max-snippet:-1, max-image-preview:large, max-video-preview:-1\" \/>\n<link rel=\"canonical\" href=\"https:\/\/aaknives.eu\/et\/product\/thunder-damaskuse-terasest-nuga\/\" \/>\n<meta property=\"og:locale\" content=\"et_EE\" \/>\n<meta property=\"og:type\" content=\"article\" \/>\n<meta property=\"og:title\" content=\"Thunder - Damaskuse terasest nuga - AAKnives\" \/>\n<meta property=\"og:description\" content=\"Thunder - Damaskuse terasest nuga\" \/>\n<meta property=\"og:url\" content=\"https:\/\/aaknives.eu\/et\/product\/thunder-damaskuse-terasest-nuga\/\" \/>\n<meta property=\"og:site_name\" content=\"AAKnives\" \/>\n<meta property=\"article:publisher\" content=\"https:\/\/www.facebook.com\/aaknives.eu\/\" \/>\n<meta property=\"og:image\" content=\"https:\/\/aaknives.eu\/wp-content\/uploads\/2021\/09\/aaknives-hand-forged-dabascus-steel-blade-knife-handmade-custom-made-knife-handcrafted-knives-autinetools-northmen-2-2-26.jpg\" \/>\n\t<meta property=\"og:image:width\" content=\"1020\" \/>\n\t<meta property=\"og:image:height\" content=\"880\" \/>\n\t<meta property=\"og:image:type\" content=\"image\/jpeg\" \/>\n<meta name=\"twitter:card\" content=\"summary_large_image\" \/>\n<meta name=\"twitter:label1\" content=\"Est. reading time\" \/>\n\t<meta name=\"twitter:data1\" content=\"1 minut\" \/>\n<script type=\"application\/ld+json\" class=\"yoast-schema-graph\">{\"@context\":\"https:\\\/\\\/schema.org\",\"@graph\":[{\"@type\":\"WebPage\",\"@id\":\"https:\\\/\\\/aaknives.eu\\\/et\\\/product\\\/thunder-damaskuse-terasest-nuga\\\/\",\"url\":\"https:\\\/\\\/aaknives.eu\\\/et\\\/product\\\/thunder-damaskuse-terasest-nuga\\\/\",\"name\":\"Thunder - Damaskuse terasest nuga - AAKnives\",\"isPartOf\":{\"@id\":\"https:\\\/\\\/aaknives.eu\\\/et\\\/#website\"},\"primaryImageOfPage\":{\"@id\":\"https:\\\/\\\/aaknives.eu\\\/et\\\/product\\\/thunder-damaskuse-terasest-nuga\\\/#primaryimage\"},\"image\":{\"@id\":\"https:\\\/\\\/aaknives.eu\\\/et\\\/product\\\/thunder-damaskuse-terasest-nuga\\\/#primaryimage\"},\"thumbnailUrl\":\"https:\\\/\\\/aaknives.eu\\\/wp-content\\\/uploads\\\/2021\\\/09\\\/aaknives-hand-forged-dabascus-steel-blade-knife-handmade-custom-made-knife-handcrafted-knives-autinetools-northmen-2-2-26.jpg\",\"datePublished\":\"2021-09-20T20:50:12+00:00\",\"description\":\"Thunder - Damaskuse terasest nuga\",\"breadcrumb\":{\"@id\":\"https:\\\/\\\/aaknives.eu\\\/et\\\/product\\\/thunder-damaskuse-terasest-nuga\\\/#breadcrumb\"},\"inLanguage\":\"et\",\"potentialAction\":[{\"@type\":\"ReadAction\",\"target\":[\"https:\\\/\\\/aaknives.eu\\\/et\\\/product\\\/thunder-damaskuse-terasest-nuga\\\/\"]}]},{\"@type\":\"ImageObject\",\"inLanguage\":\"et\",\"@id\":\"https:\\\/\\\/aaknives.eu\\\/et\\\/product\\\/thunder-damaskuse-terasest-nuga\\\/#primaryimage\",\"url\":\"https:\\\/\\\/aaknives.eu\\\/wp-content\\\/uploads\\\/2021\\\/09\\\/aaknives-hand-forged-dabascus-steel-blade-knife-handmade-custom-made-knife-handcrafted-knives-autinetools-northmen-2-2-26.jpg\",\"contentUrl\":\"https:\\\/\\\/aaknives.eu\\\/wp-content\\\/uploads\\\/2021\\\/09\\\/aaknives-hand-forged-dabascus-steel-blade-knife-handmade-custom-made-knife-handcrafted-knives-autinetools-northmen-2-2-26.jpg\",\"width\":1020,\"height\":880,\"caption\":\"aaknives hand forged dabascus steel blade knife handmade custom made knife handcrafted knives autinetools northmen 2 2 26\"},{\"@type\":\"BreadcrumbList\",\"@id\":\"https:\\\/\\\/aaknives.eu\\\/et\\\/product\\\/thunder-damaskuse-terasest-nuga\\\/#breadcrumb\",\"itemListElement\":[{\"@type\":\"ListItem\",\"position\":1,\"name\":\"Home\",\"item\":\"https:\\\/\\\/aaknives.eu\\\/et\\\/kodu\\\/\"},{\"@type\":\"ListItem\",\"position\":2,\"name\":\"Kauplus\",\"item\":\"https:\\\/\\\/aaknives.eu\\\/et\\\/kauplus\\\/\"},{\"@type\":\"ListItem\",\"position\":3,\"name\":\"Thunder &#8211; Damaskuse terasest nuga\"}]},{\"@type\":\"WebSite\",\"@id\":\"https:\\\/\\\/aaknives.eu\\\/et\\\/#website\",\"url\":\"https:\\\/\\\/aaknives.eu\\\/et\\\/\",\"name\":\"AAKnives\",\"description\":\"Handmade knives\",\"publisher\":{\"@id\":\"https:\\\/\\\/aaknives.eu\\\/et\\\/#organization\"},\"potentialAction\":[{\"@type\":\"SearchAction\",\"target\":{\"@type\":\"EntryPoint\",\"urlTemplate\":\"https:\\\/\\\/aaknives.eu\\\/et\\\/?s={search_term_string}\"},\"query-input\":{\"@type\":\"PropertyValueSpecification\",\"valueRequired\":true,\"valueName\":\"search_term_string\"}}],\"inLanguage\":\"et\"},{\"@type\":\"Organization\",\"@id\":\"https:\\\/\\\/aaknives.eu\\\/et\\\/#organization\",\"name\":\"AAKnives\",\"url\":\"https:\\\/\\\/aaknives.eu\\\/et\\\/\",\"logo\":{\"@type\":\"ImageObject\",\"inLanguage\":\"et\",\"@id\":\"https:\\\/\\\/aaknives.eu\\\/et\\\/#\\\/schema\\\/logo\\\/image\\\/\",\"url\":\"https:\\\/\\\/aaknives.eu\\\/wp-content\\\/uploads\\\/2021\\\/10\\\/AAknives_Logo_Green.png\",\"contentUrl\":\"https:\\\/\\\/aaknives.eu\\\/wp-content\\\/uploads\\\/2021\\\/10\\\/AAknives_Logo_Green.png\",\"width\":1768,\"height\":1768,\"caption\":\"AAKnives\"},\"image\":{\"@id\":\"https:\\\/\\\/aaknives.eu\\\/et\\\/#\\\/schema\\\/logo\\\/image\\\/\"},\"sameAs\":[\"https:\\\/\\\/www.facebook.com\\\/aaknives.eu\\\/\",\"https:\\\/\\\/www.instagram.com\\\/aaknives\\\/\",\"https:\\\/\\\/www.pinterest.com\\\/aa_knives\\\/\",\"https:\\\/\\\/www.youtube.com\\\/channel\\\/UCHOQFjrOkgT6s4FIw9LDKyw\\\/featured\"]}]}<\/script>\n<!-- \/ Yoast SEO plugin. -->","yoast_head_json":{"title":"Thunder - Damaskuse terasest nuga - AAKnives","description":"Thunder - Damaskuse terasest nuga","robots":{"index":"index","follow":"follow","max-snippet":"max-snippet:-1","max-image-preview":"max-image-preview:large","max-video-preview":"max-video-preview:-1"},"canonical":"https:\/\/aaknives.eu\/et\/product\/thunder-damaskuse-terasest-nuga\/","og_locale":"et_EE","og_type":"article","og_title":"Thunder - Damaskuse terasest nuga - AAKnives","og_description":"Thunder - Damaskuse terasest nuga","og_url":"https:\/\/aaknives.eu\/et\/product\/thunder-damaskuse-terasest-nuga\/","og_site_name":"AAKnives","article_publisher":"https:\/\/www.facebook.com\/aaknives.eu\/","og_image":[{"width":1020,"height":880,"url":"https:\/\/aaknives.eu\/wp-content\/uploads\/2021\/09\/aaknives-hand-forged-dabascus-steel-blade-knife-handmade-custom-made-knife-handcrafted-knives-autinetools-northmen-2-2-26.jpg","type":"image\/jpeg"}],"twitter_card":"summary_large_image","twitter_misc":{"Est. reading time":"1 minut"},"schema":{"@context":"https:\/\/schema.org","@graph":[{"@type":"WebPage","@id":"https:\/\/aaknives.eu\/et\/product\/thunder-damaskuse-terasest-nuga\/","url":"https:\/\/aaknives.eu\/et\/product\/thunder-damaskuse-terasest-nuga\/","name":"Thunder - Damaskuse terasest nuga - AAKnives","isPartOf":{"@id":"https:\/\/aaknives.eu\/et\/#website"},"primaryImageOfPage":{"@id":"https:\/\/aaknives.eu\/et\/product\/thunder-damaskuse-terasest-nuga\/#primaryimage"},"image":{"@id":"https:\/\/aaknives.eu\/et\/product\/thunder-damaskuse-terasest-nuga\/#primaryimage"},"thumbnailUrl":"https:\/\/aaknives.eu\/wp-content\/uploads\/2021\/09\/aaknives-hand-forged-dabascus-steel-blade-knife-handmade-custom-made-knife-handcrafted-knives-autinetools-northmen-2-2-26.jpg","datePublished":"2021-09-20T20:50:12+00:00","description":"Thunder - Damaskuse terasest nuga","breadcrumb":{"@id":"https:\/\/aaknives.eu\/et\/product\/thunder-damaskuse-terasest-nuga\/#breadcrumb"},"inLanguage":"et","potentialAction":[{"@type":"ReadAction","target":["https:\/\/aaknives.eu\/et\/product\/thunder-damaskuse-terasest-nuga\/"]}]},{"@type":"ImageObject","inLanguage":"et","@id":"https:\/\/aaknives.eu\/et\/product\/thunder-damaskuse-terasest-nuga\/#primaryimage","url":"https:\/\/aaknives.eu\/wp-content\/uploads\/2021\/09\/aaknives-hand-forged-dabascus-steel-blade-knife-handmade-custom-made-knife-handcrafted-knives-autinetools-northmen-2-2-26.jpg","contentUrl":"https:\/\/aaknives.eu\/wp-content\/uploads\/2021\/09\/aaknives-hand-forged-dabascus-steel-blade-knife-handmade-custom-made-knife-handcrafted-knives-autinetools-northmen-2-2-26.jpg","width":1020,"height":880,"caption":"aaknives hand forged dabascus steel blade knife handmade custom made knife handcrafted knives autinetools northmen 2 2 26"},{"@type":"BreadcrumbList","@id":"https:\/\/aaknives.eu\/et\/product\/thunder-damaskuse-terasest-nuga\/#breadcrumb","itemListElement":[{"@type":"ListItem","position":1,"name":"Home","item":"https:\/\/aaknives.eu\/et\/kodu\/"},{"@type":"ListItem","position":2,"name":"Kauplus","item":"https:\/\/aaknives.eu\/et\/kauplus\/"},{"@type":"ListItem","position":3,"name":"Thunder &#8211; Damaskuse terasest nuga"}]},{"@type":"WebSite","@id":"https:\/\/aaknives.eu\/et\/#website","url":"https:\/\/aaknives.eu\/et\/","name":"AAKnives","description":"Handmade knives","publisher":{"@id":"https:\/\/aaknives.eu\/et\/#organization"},"potentialAction":[{"@type":"SearchAction","target":{"@type":"EntryPoint","urlTemplate":"https:\/\/aaknives.eu\/et\/?s={search_term_string}"},"query-input":{"@type":"PropertyValueSpecification","valueRequired":true,"valueName":"search_term_string"}}],"inLanguage":"et"},{"@type":"Organization","@id":"https:\/\/aaknives.eu\/et\/#organization","name":"AAKnives","url":"https:\/\/aaknives.eu\/et\/","logo":{"@type":"ImageObject","inLanguage":"et","@id":"https:\/\/aaknives.eu\/et\/#\/schema\/logo\/image\/","url":"https:\/\/aaknives.eu\/wp-content\/uploads\/2021\/10\/AAknives_Logo_Green.png","contentUrl":"https:\/\/aaknives.eu\/wp-content\/uploads\/2021\/10\/AAknives_Logo_Green.png","width":1768,"height":1768,"caption":"AAKnives"},"image":{"@id":"https:\/\/aaknives.eu\/et\/#\/schema\/logo\/image\/"},"sameAs":["https:\/\/www.facebook.com\/aaknives.eu\/","https:\/\/www.instagram.com\/aaknives\/","https:\/\/www.pinterest.com\/aa_knives\/","https:\/\/www.youtube.com\/channel\/UCHOQFjrOkgT6s4FIw9LDKyw\/featured"]}]}},"_links":{"self":[{"href":"https:\/\/aaknives.eu\/et\/wp-json\/wp\/v2\/product\/41807","targetHints":{"allow":["GET"]}}],"collection":[{"href":"https:\/\/aaknives.eu\/et\/wp-json\/wp\/v2\/product"}],"about":[{"href":"https:\/\/aaknives.eu\/et\/wp-json\/wp\/v2\/types\/product"}],"wp:featuredmedia":[{"embeddable":true,"href":"https:\/\/aaknives.eu\/et\/wp-json\/wp\/v2\/media\/41808"}],"wp:attachment":[{"href":"https:\/\/aaknives.eu\/et\/wp-json\/wp\/v2\/media?parent=41807"}],"wp:term":[{"taxonomy":"product_brand","embeddable":true,"href":"https:\/\/aaknives.eu\/et\/wp-json\/wp\/v2\/product_brand?post=41807"},{"taxonomy":"product_cat","embeddable":true,"href":"https:\/\/aaknives.eu\/et\/wp-json\/wp\/v2\/product_cat?post=41807"},{"taxonomy":"product_tag","embeddable":true,"href":"https:\/\/aaknives.eu\/et\/wp-json\/wp\/v2\/product_tag?post=41807"}],"curies":[{"name":"wp","href":"https:\/\/api.w.org\/{rel}","templated":true}]}}