{"id":41862,"date":"2021-09-20T20:48:56","date_gmt":"2021-09-20T20:48:56","guid":{"rendered":"https:\/\/aaknives.eu\/product\/nuga-hook-bulat-wootz-teras-karjalane-kaskist-kaepide\/"},"modified":"2026-04-28T17:37:51","modified_gmt":"2026-04-28T17:37:51","slug":"nuga-tusk-bulat-wootzi-teras-kaepide-karjala-kasest","status":"publish","type":"product","link":"https:\/\/aaknives.eu\/et\/product\/nuga-tusk-bulat-wootzi-teras-kaepide-karjala-kasest\/","title":{"rendered":"Nuga &#8221;TUSK&#8221; (Bulat &#8211; Wootzi teras), k\u00e4epide Karjala kasest"},"content":{"rendered":"<p>Noa spetsifikatsioonid: &#8221;TUSK&#8221;.<br \/>\nTeras: Bulat (Wootzi teras)<br \/>\nK\u00f5vadus: 61-63 HRC<br \/>\nTera pikkus (mm): 117 \/ 4,60 tolli<br \/>\nTera paksus (mm): 3 \/ 0,11 tolli<br \/>\nTera laius (mm): 29 \/ 1,14 tolli<br \/>\nK\u00e4epide: stabiliseeritud Karjala kask<br \/>\nKogupikkus (mm): 245 \/ 9,64 tolli<br \/>\nNoa t\u00fc\u00fcp: jahi-, matka-<br \/>\nPakend: nuga, nahktupp<\/p>\n<p>Bulat \u2013 Wootzi teras<br \/>\nValatud s\u00fcsinik k\u00e4sitsi sepistatud teras<br \/>\nspetsiaalse terastruktuuriga, k\u00f5rge k\u00f5vadusega, suurenenud vastupidavusega ja elastsusega.<br \/>\nIgal Bulati terasest teral on oman\u00e4oline individuaalne muster.<br \/>\n\u2018\u2019AA noad\u2019\u2019 toodab noad, mis on valmistatud legeeritud tiigli Bulat terasest, mis p\u00f5hinevad metallil H12MF ja ShH15.<br \/>\nBulati terasest nugade eelised:<br \/>\nK\u00f5rge k\u00f5vadus<br \/>\nSuurenenud vastupidavus<br \/>\nElastsus<br \/>\nKauakestev teravus<br \/>\nTera k\u00f5vadus 62-64 HRC.<br \/>\nK\u00e4sitsi valmistatud<\/p>\n","protected":false},"excerpt":{"rendered":"<p>Noa spetsifikatsioonid: &#8221;TUSK&#8221;. Teras: Bulat (Wootzi teras) K\u00f5vadus: 61-63 HRC Tera pikkus (mm): 117 \/ 4,60 tolli Tera paksus (mm): 3 \/ 0,11 tolli Tera laius (mm): 29 \/ 1,14 tolli K\u00e4epide: stabiliseeritud Karjala kask Kogupikkus (mm): 245 \/ 9,64 tolli Noa t\u00fc\u00fcp: jahi-, matka- Pakend: nuga, nahktupp Bulat \u2013 Wootzi teras Valatud s\u00fcsinik k\u00e4sitsi sepistatud teras spetsiaalse terastruktuuriga, k\u00f5rge k\u00f5vadusega, suurenenud vastupidavusega ja elastsusega. Igal Bulati terasest teral on oman\u00e4oline individuaalne muster. \u2018\u2019AA noad\u2019\u2019 toodab noad, mis on valmistatud legeeritud tiigli Bulat terasest, mis p\u00f5hinevad metallil H12MF ja ShH15. Bulati terasest nugade eelised: K\u00f5rge k\u00f5vadus Suurenenud vastupidavus Elastsus Kauakestev&hellip;<\/p>\n","protected":false},"featured_media":109063,"template":"","meta":{"_themeisle_gutenberg_block_has_review":false},"product_brand":[],"product_cat":[345],"product_tag":[],"class_list":{"0":"post-41862","1":"product","2":"type-product","3":"status-publish","4":"has-post-thumbnail","6":"product_cat-jahinoad","8":"first","9":"instock","10":"shipping-taxable","11":"purchasable","12":"product-type-simple"},"yoast_head":"<!-- This site is optimized with the Yoast SEO plugin v27.5 - https:\/\/yoast.com\/product\/yoast-seo-wordpress\/ -->\n<title>Nuga &#039;&#039;TUSK&#039;&#039; (Bulat - Wootzi teras), k\u00e4epide Karjala kasest - AAKnives<\/title>\n<meta name=\"description\" content=\"Bulat \u2013 Wootz Steel S\u00fcsinikterasest k\u00e4sitsi sepistatud teras, millel on spetsiaalne tera struktuur, k\u00f5rge k\u00f5vadus, suurem vastupidavus ja elastsus.\" \/>\n<meta name=\"robots\" content=\"index, follow, max-snippet:-1, max-image-preview:large, max-video-preview:-1\" \/>\n<link rel=\"canonical\" href=\"https:\/\/aaknives.eu\/et\/product\/nuga-tusk-bulat-wootzi-teras-kaepide-karjala-kasest\/\" \/>\n<meta property=\"og:locale\" content=\"et_EE\" \/>\n<meta property=\"og:type\" content=\"article\" \/>\n<meta property=\"og:title\" content=\"Nuga &#039;&#039;TUSK&#039;&#039; (Bulat - Wootzi teras), k\u00e4epide Karjala kasest - AAKnives\" \/>\n<meta property=\"og:description\" content=\"Bulat \u2013 Wootz Steel S\u00fcsinikterasest k\u00e4sitsi sepistatud teras, millel on spetsiaalne tera struktuur, k\u00f5rge k\u00f5vadus, suurem vastupidavus ja elastsus.\" \/>\n<meta property=\"og:url\" content=\"https:\/\/aaknives.eu\/et\/product\/nuga-tusk-bulat-wootzi-teras-kaepide-karjala-kasest\/\" \/>\n<meta property=\"og:site_name\" content=\"AAKnives\" \/>\n<meta property=\"article:publisher\" content=\"https:\/\/www.facebook.com\/aaknives.eu\/\" \/>\n<meta property=\"article:modified_time\" content=\"2026-04-28T17:37:51+00:00\" \/>\n<meta property=\"og:image\" content=\"https:\/\/aaknives.eu\/wp-content\/uploads\/2021\/09\/aaknives-hand-forged-damascus-steel-blade-knife-handmade-custom-made-knife-handcrafted-knives-autinetools-northmen-58.jpg\" \/>\n\t<meta property=\"og:image:width\" content=\"1020\" \/>\n\t<meta property=\"og:image:height\" content=\"880\" \/>\n\t<meta property=\"og:image:type\" content=\"image\/jpeg\" \/>\n<meta name=\"twitter:card\" content=\"summary_large_image\" \/>\n<meta name=\"twitter:label1\" content=\"Est. reading time\" \/>\n\t<meta name=\"twitter:data1\" content=\"1 minut\" \/>\n<script type=\"application\/ld+json\" class=\"yoast-schema-graph\">{\"@context\":\"https:\\\/\\\/schema.org\",\"@graph\":[{\"@type\":\"WebPage\",\"@id\":\"https:\\\/\\\/aaknives.eu\\\/et\\\/product\\\/nuga-tusk-bulat-wootzi-teras-kaepide-karjala-kasest\\\/\",\"url\":\"https:\\\/\\\/aaknives.eu\\\/et\\\/product\\\/nuga-tusk-bulat-wootzi-teras-kaepide-karjala-kasest\\\/\",\"name\":\"Nuga ''TUSK'' (Bulat - Wootzi teras), k\u00e4epide Karjala kasest - AAKnives\",\"isPartOf\":{\"@id\":\"https:\\\/\\\/aaknives.eu\\\/et\\\/#website\"},\"primaryImageOfPage\":{\"@id\":\"https:\\\/\\\/aaknives.eu\\\/et\\\/product\\\/nuga-tusk-bulat-wootzi-teras-kaepide-karjala-kasest\\\/#primaryimage\"},\"image\":{\"@id\":\"https:\\\/\\\/aaknives.eu\\\/et\\\/product\\\/nuga-tusk-bulat-wootzi-teras-kaepide-karjala-kasest\\\/#primaryimage\"},\"thumbnailUrl\":\"https:\\\/\\\/aaknives.eu\\\/wp-content\\\/uploads\\\/2021\\\/09\\\/aaknives-hand-forged-damascus-steel-blade-knife-handmade-custom-made-knife-handcrafted-knives-autinetools-northmen-58.jpg\",\"datePublished\":\"2021-09-20T20:48:56+00:00\",\"dateModified\":\"2026-04-28T17:37:51+00:00\",\"description\":\"Bulat \u2013 Wootz Steel S\u00fcsinikterasest k\u00e4sitsi sepistatud teras, millel on spetsiaalne tera struktuur, k\u00f5rge k\u00f5vadus, suurem vastupidavus ja elastsus.\",\"breadcrumb\":{\"@id\":\"https:\\\/\\\/aaknives.eu\\\/et\\\/product\\\/nuga-tusk-bulat-wootzi-teras-kaepide-karjala-kasest\\\/#breadcrumb\"},\"inLanguage\":\"et\",\"potentialAction\":[{\"@type\":\"ReadAction\",\"target\":[\"https:\\\/\\\/aaknives.eu\\\/et\\\/product\\\/nuga-tusk-bulat-wootzi-teras-kaepide-karjala-kasest\\\/\"]}]},{\"@type\":\"ImageObject\",\"inLanguage\":\"et\",\"@id\":\"https:\\\/\\\/aaknives.eu\\\/et\\\/product\\\/nuga-tusk-bulat-wootzi-teras-kaepide-karjala-kasest\\\/#primaryimage\",\"url\":\"https:\\\/\\\/aaknives.eu\\\/wp-content\\\/uploads\\\/2021\\\/09\\\/aaknives-hand-forged-damascus-steel-blade-knife-handmade-custom-made-knife-handcrafted-knives-autinetools-northmen-58.jpg\",\"contentUrl\":\"https:\\\/\\\/aaknives.eu\\\/wp-content\\\/uploads\\\/2021\\\/09\\\/aaknives-hand-forged-damascus-steel-blade-knife-handmade-custom-made-knife-handcrafted-knives-autinetools-northmen-58.jpg\",\"width\":1020,\"height\":880},{\"@type\":\"BreadcrumbList\",\"@id\":\"https:\\\/\\\/aaknives.eu\\\/et\\\/product\\\/nuga-tusk-bulat-wootzi-teras-kaepide-karjala-kasest\\\/#breadcrumb\",\"itemListElement\":[{\"@type\":\"ListItem\",\"position\":1,\"name\":\"Home\",\"item\":\"https:\\\/\\\/aaknives.eu\\\/et\\\/kodu\\\/\"},{\"@type\":\"ListItem\",\"position\":2,\"name\":\"Kauplus\",\"item\":\"https:\\\/\\\/aaknives.eu\\\/et\\\/kauplus\\\/\"},{\"@type\":\"ListItem\",\"position\":3,\"name\":\"Nuga &#8221;TUSK&#8221; (Bulat &#8211; Wootzi teras), k\u00e4epide Karjala kasest\"}]},{\"@type\":\"WebSite\",\"@id\":\"https:\\\/\\\/aaknives.eu\\\/et\\\/#website\",\"url\":\"https:\\\/\\\/aaknives.eu\\\/et\\\/\",\"name\":\"AAKnives\",\"description\":\"Handmade knives\",\"publisher\":{\"@id\":\"https:\\\/\\\/aaknives.eu\\\/et\\\/#organization\"},\"potentialAction\":[{\"@type\":\"SearchAction\",\"target\":{\"@type\":\"EntryPoint\",\"urlTemplate\":\"https:\\\/\\\/aaknives.eu\\\/et\\\/?s={search_term_string}\"},\"query-input\":{\"@type\":\"PropertyValueSpecification\",\"valueRequired\":true,\"valueName\":\"search_term_string\"}}],\"inLanguage\":\"et\"},{\"@type\":\"Organization\",\"@id\":\"https:\\\/\\\/aaknives.eu\\\/et\\\/#organization\",\"name\":\"AAKnives\",\"url\":\"https:\\\/\\\/aaknives.eu\\\/et\\\/\",\"logo\":{\"@type\":\"ImageObject\",\"inLanguage\":\"et\",\"@id\":\"https:\\\/\\\/aaknives.eu\\\/et\\\/#\\\/schema\\\/logo\\\/image\\\/\",\"url\":\"https:\\\/\\\/aaknives.eu\\\/wp-content\\\/uploads\\\/2021\\\/10\\\/AAknives_Logo_Green.png\",\"contentUrl\":\"https:\\\/\\\/aaknives.eu\\\/wp-content\\\/uploads\\\/2021\\\/10\\\/AAknives_Logo_Green.png\",\"width\":1768,\"height\":1768,\"caption\":\"AAKnives\"},\"image\":{\"@id\":\"https:\\\/\\\/aaknives.eu\\\/et\\\/#\\\/schema\\\/logo\\\/image\\\/\"},\"sameAs\":[\"https:\\\/\\\/www.facebook.com\\\/aaknives.eu\\\/\",\"https:\\\/\\\/www.instagram.com\\\/aaknives\\\/\",\"https:\\\/\\\/www.pinterest.com\\\/aa_knives\\\/\",\"https:\\\/\\\/www.youtube.com\\\/channel\\\/UCHOQFjrOkgT6s4FIw9LDKyw\\\/featured\"]}]}<\/script>\n<!-- \/ Yoast SEO plugin. -->","yoast_head_json":{"title":"Nuga ''TUSK'' (Bulat - Wootzi teras), k\u00e4epide Karjala kasest - AAKnives","description":"Bulat \u2013 Wootz Steel S\u00fcsinikterasest k\u00e4sitsi sepistatud teras, millel on spetsiaalne tera struktuur, k\u00f5rge k\u00f5vadus, suurem vastupidavus ja elastsus.","robots":{"index":"index","follow":"follow","max-snippet":"max-snippet:-1","max-image-preview":"max-image-preview:large","max-video-preview":"max-video-preview:-1"},"canonical":"https:\/\/aaknives.eu\/et\/product\/nuga-tusk-bulat-wootzi-teras-kaepide-karjala-kasest\/","og_locale":"et_EE","og_type":"article","og_title":"Nuga ''TUSK'' (Bulat - Wootzi teras), k\u00e4epide Karjala kasest - AAKnives","og_description":"Bulat \u2013 Wootz Steel S\u00fcsinikterasest k\u00e4sitsi sepistatud teras, millel on spetsiaalne tera struktuur, k\u00f5rge k\u00f5vadus, suurem vastupidavus ja elastsus.","og_url":"https:\/\/aaknives.eu\/et\/product\/nuga-tusk-bulat-wootzi-teras-kaepide-karjala-kasest\/","og_site_name":"AAKnives","article_publisher":"https:\/\/www.facebook.com\/aaknives.eu\/","article_modified_time":"2026-04-28T17:37:51+00:00","og_image":[{"width":1020,"height":880,"url":"https:\/\/aaknives.eu\/wp-content\/uploads\/2021\/09\/aaknives-hand-forged-damascus-steel-blade-knife-handmade-custom-made-knife-handcrafted-knives-autinetools-northmen-58.jpg","type":"image\/jpeg"}],"twitter_card":"summary_large_image","twitter_misc":{"Est. reading time":"1 minut"},"schema":{"@context":"https:\/\/schema.org","@graph":[{"@type":"WebPage","@id":"https:\/\/aaknives.eu\/et\/product\/nuga-tusk-bulat-wootzi-teras-kaepide-karjala-kasest\/","url":"https:\/\/aaknives.eu\/et\/product\/nuga-tusk-bulat-wootzi-teras-kaepide-karjala-kasest\/","name":"Nuga ''TUSK'' (Bulat - Wootzi teras), k\u00e4epide Karjala kasest - AAKnives","isPartOf":{"@id":"https:\/\/aaknives.eu\/et\/#website"},"primaryImageOfPage":{"@id":"https:\/\/aaknives.eu\/et\/product\/nuga-tusk-bulat-wootzi-teras-kaepide-karjala-kasest\/#primaryimage"},"image":{"@id":"https:\/\/aaknives.eu\/et\/product\/nuga-tusk-bulat-wootzi-teras-kaepide-karjala-kasest\/#primaryimage"},"thumbnailUrl":"https:\/\/aaknives.eu\/wp-content\/uploads\/2021\/09\/aaknives-hand-forged-damascus-steel-blade-knife-handmade-custom-made-knife-handcrafted-knives-autinetools-northmen-58.jpg","datePublished":"2021-09-20T20:48:56+00:00","dateModified":"2026-04-28T17:37:51+00:00","description":"Bulat \u2013 Wootz Steel S\u00fcsinikterasest k\u00e4sitsi sepistatud teras, millel on spetsiaalne tera struktuur, k\u00f5rge k\u00f5vadus, suurem vastupidavus ja elastsus.","breadcrumb":{"@id":"https:\/\/aaknives.eu\/et\/product\/nuga-tusk-bulat-wootzi-teras-kaepide-karjala-kasest\/#breadcrumb"},"inLanguage":"et","potentialAction":[{"@type":"ReadAction","target":["https:\/\/aaknives.eu\/et\/product\/nuga-tusk-bulat-wootzi-teras-kaepide-karjala-kasest\/"]}]},{"@type":"ImageObject","inLanguage":"et","@id":"https:\/\/aaknives.eu\/et\/product\/nuga-tusk-bulat-wootzi-teras-kaepide-karjala-kasest\/#primaryimage","url":"https:\/\/aaknives.eu\/wp-content\/uploads\/2021\/09\/aaknives-hand-forged-damascus-steel-blade-knife-handmade-custom-made-knife-handcrafted-knives-autinetools-northmen-58.jpg","contentUrl":"https:\/\/aaknives.eu\/wp-content\/uploads\/2021\/09\/aaknives-hand-forged-damascus-steel-blade-knife-handmade-custom-made-knife-handcrafted-knives-autinetools-northmen-58.jpg","width":1020,"height":880},{"@type":"BreadcrumbList","@id":"https:\/\/aaknives.eu\/et\/product\/nuga-tusk-bulat-wootzi-teras-kaepide-karjala-kasest\/#breadcrumb","itemListElement":[{"@type":"ListItem","position":1,"name":"Home","item":"https:\/\/aaknives.eu\/et\/kodu\/"},{"@type":"ListItem","position":2,"name":"Kauplus","item":"https:\/\/aaknives.eu\/et\/kauplus\/"},{"@type":"ListItem","position":3,"name":"Nuga &#8221;TUSK&#8221; (Bulat &#8211; Wootzi teras), k\u00e4epide Karjala kasest"}]},{"@type":"WebSite","@id":"https:\/\/aaknives.eu\/et\/#website","url":"https:\/\/aaknives.eu\/et\/","name":"AAKnives","description":"Handmade knives","publisher":{"@id":"https:\/\/aaknives.eu\/et\/#organization"},"potentialAction":[{"@type":"SearchAction","target":{"@type":"EntryPoint","urlTemplate":"https:\/\/aaknives.eu\/et\/?s={search_term_string}"},"query-input":{"@type":"PropertyValueSpecification","valueRequired":true,"valueName":"search_term_string"}}],"inLanguage":"et"},{"@type":"Organization","@id":"https:\/\/aaknives.eu\/et\/#organization","name":"AAKnives","url":"https:\/\/aaknives.eu\/et\/","logo":{"@type":"ImageObject","inLanguage":"et","@id":"https:\/\/aaknives.eu\/et\/#\/schema\/logo\/image\/","url":"https:\/\/aaknives.eu\/wp-content\/uploads\/2021\/10\/AAknives_Logo_Green.png","contentUrl":"https:\/\/aaknives.eu\/wp-content\/uploads\/2021\/10\/AAknives_Logo_Green.png","width":1768,"height":1768,"caption":"AAKnives"},"image":{"@id":"https:\/\/aaknives.eu\/et\/#\/schema\/logo\/image\/"},"sameAs":["https:\/\/www.facebook.com\/aaknives.eu\/","https:\/\/www.instagram.com\/aaknives\/","https:\/\/www.pinterest.com\/aa_knives\/","https:\/\/www.youtube.com\/channel\/UCHOQFjrOkgT6s4FIw9LDKyw\/featured"]}]}},"_links":{"self":[{"href":"https:\/\/aaknives.eu\/et\/wp-json\/wp\/v2\/product\/41862","targetHints":{"allow":["GET"]}}],"collection":[{"href":"https:\/\/aaknives.eu\/et\/wp-json\/wp\/v2\/product"}],"about":[{"href":"https:\/\/aaknives.eu\/et\/wp-json\/wp\/v2\/types\/product"}],"wp:featuredmedia":[{"embeddable":true,"href":"https:\/\/aaknives.eu\/et\/wp-json\/wp\/v2\/media\/109063"}],"wp:attachment":[{"href":"https:\/\/aaknives.eu\/et\/wp-json\/wp\/v2\/media?parent=41862"}],"wp:term":[{"taxonomy":"product_brand","embeddable":true,"href":"https:\/\/aaknives.eu\/et\/wp-json\/wp\/v2\/product_brand?post=41862"},{"taxonomy":"product_cat","embeddable":true,"href":"https:\/\/aaknives.eu\/et\/wp-json\/wp\/v2\/product_cat?post=41862"},{"taxonomy":"product_tag","embeddable":true,"href":"https:\/\/aaknives.eu\/et\/wp-json\/wp\/v2\/product_tag?post=41862"}],"curies":[{"name":"wp","href":"https:\/\/api.w.org\/{rel}","templated":true}]}}