{"id":42392,"date":"2021-09-20T20:43:52","date_gmt":"2021-09-20T20:43:52","guid":{"rendered":"https:\/\/aaknives.eu\/product\/nuga-coyote-kasitsi-sepistatud-d2-terasest-nuga\/"},"modified":"2021-09-20T20:43:52","modified_gmt":"2021-09-20T20:43:52","slug":"nuga-coyote-kasitsi-sepistatud-d2-terasest-nuga","status":"publish","type":"product","link":"https:\/\/aaknives.eu\/et\/product\/nuga-coyote-kasitsi-sepistatud-d2-terasest-nuga\/","title":{"rendered":"Nuga COYOTE- k\u00e4sitsi sepistatud D2 terasest nuga"},"content":{"rendered":"<p>Noa spetsifikatsioonid: COYOTE<br \/>\nTeras: k\u00e4sitsi sepistatud D2 terasest tera, liivapritsitud<br \/>\nK\u00f5vadus: 61 HRC<br \/>\nTera pikkus (mm): 120 \/ 4,72 tolli<br \/>\nTera paksus (mm): 3 \/ 0,11 tolli<br \/>\nTera laius (mm): 25 \/ 0,98 tolli<br \/>\nK\u00e4epide: stabiliseeritud karjalane kask<br \/>\nKogupikkus (mm): 248 \/ 9,76 tolli<\/p>\n<p>D2 teras on \u00fcks parimaid ja kuulsamaid teraterasid maailmas.<\/p>\n<p>USA ja Jaapani tuntud ettev\u00f5tted valmistavad noad D2 terasest.<\/p>\n<p>Sellest terasest valmistatud noad hoiavad suurep\u00e4raselt l\u00f5iketera ja on k\u00f5rge korrosioonikindlusega.<\/p>\n<p>P\u00e4rast kuumt\u00f6\u00f6tlemist on D2-terasest tera k\u00f5vadus vahemikus 60-62 HRC.<\/p>\n<p>D2-st valmistatud nugade terad praktiliselt ei roosteta, kuid kuna teras on veidi v\u00e4hem kui roostevaba teras (13% kroomist), on soovitatav terasid p\u00fchkida ja mitte j\u00e4tta neid pikaks ajaks niiskesse kohta.<\/p>\n<p>&nbsp;<\/p>\n","protected":false},"excerpt":{"rendered":"<p>Noa spetsifikatsioonid: COYOTE Teras: k\u00e4sitsi sepistatud D2 terasest tera, liivapritsitud K\u00f5vadus: 61 HRC Tera pikkus (mm): 120 \/ 4,72 tolli Tera paksus (mm): 3 \/ 0,11 tolli Tera laius (mm): 25 \/ 0,98 tolli K\u00e4epide: stabiliseeritud karjalane kask Kogupikkus (mm): 248 \/ 9,76 tolli D2 teras on \u00fcks parimaid ja kuulsamaid teraterasid maailmas. USA ja Jaapani tuntud ettev\u00f5tted valmistavad noad D2 terasest. Sellest terasest valmistatud noad hoiavad suurep\u00e4raselt l\u00f5iketera ja on k\u00f5rge korrosioonikindlusega. P\u00e4rast kuumt\u00f6\u00f6tlemist on D2-terasest tera k\u00f5vadus vahemikus 60-62 HRC. D2-st valmistatud nugade terad praktiliselt ei roosteta, kuid kuna teras on veidi v\u00e4hem kui roostevaba teras (13% kroomist),&hellip;<\/p>\n","protected":false},"featured_media":42393,"template":"","meta":{"_themeisle_gutenberg_block_has_review":false},"product_brand":[],"product_cat":[345,343,346],"product_tag":[],"class_list":{"0":"post-42392","1":"product","2":"type-product","3":"status-publish","4":"has-post-thumbnail","6":"product_cat-jahinoad","7":"product_cat-kalapuugi-noad","8":"product_cat-matkanoad","10":"first","11":"instock","12":"shipping-taxable","13":"purchasable","14":"product-type-simple"},"yoast_head":"<!-- This site is optimized with the Yoast SEO plugin v27.3 - https:\/\/yoast.com\/product\/yoast-seo-wordpress\/ -->\n<title>Nuga COYOTE- k\u00e4sitsi sepistatud D2 terasest nuga - AAKnives<\/title>\n<meta name=\"description\" content=\"Nuga COYOTE- k\u00e4sitsi sepistatud D2 terasest nuga\" \/>\n<meta name=\"robots\" content=\"index, follow, max-snippet:-1, max-image-preview:large, max-video-preview:-1\" \/>\n<link rel=\"canonical\" href=\"https:\/\/aaknives.eu\/et\/product\/nuga-coyote-kasitsi-sepistatud-d2-terasest-nuga\/\" \/>\n<meta property=\"og:locale\" content=\"et_EE\" \/>\n<meta property=\"og:type\" content=\"article\" \/>\n<meta property=\"og:title\" content=\"Nuga COYOTE- k\u00e4sitsi sepistatud D2 terasest nuga - AAKnives\" \/>\n<meta property=\"og:description\" content=\"Nuga COYOTE- k\u00e4sitsi sepistatud D2 terasest nuga\" \/>\n<meta property=\"og:url\" content=\"https:\/\/aaknives.eu\/et\/product\/nuga-coyote-kasitsi-sepistatud-d2-terasest-nuga\/\" \/>\n<meta property=\"og:site_name\" content=\"AAKnives\" \/>\n<meta property=\"article:publisher\" content=\"https:\/\/www.facebook.com\/aaknives.eu\/\" \/>\n<meta property=\"og:image\" content=\"https:\/\/aaknives.eu\/wp-content\/uploads\/2021\/09\/aaknives-hand-forged-dabascus-steel-blade-knife-handmade-custom-made-knife-handcrafted-knives-autinetools-northmen-15-2-28.jpg\" \/>\n\t<meta property=\"og:image:width\" content=\"1020\" \/>\n\t<meta property=\"og:image:height\" content=\"880\" \/>\n\t<meta property=\"og:image:type\" content=\"image\/jpeg\" \/>\n<meta name=\"twitter:card\" content=\"summary_large_image\" \/>\n<meta name=\"twitter:label1\" content=\"Est. reading time\" \/>\n\t<meta name=\"twitter:data1\" content=\"1 minut\" \/>\n<script type=\"application\/ld+json\" class=\"yoast-schema-graph\">{\"@context\":\"https:\\\/\\\/schema.org\",\"@graph\":[{\"@type\":\"WebPage\",\"@id\":\"https:\\\/\\\/aaknives.eu\\\/et\\\/product\\\/nuga-coyote-kasitsi-sepistatud-d2-terasest-nuga\\\/\",\"url\":\"https:\\\/\\\/aaknives.eu\\\/et\\\/product\\\/nuga-coyote-kasitsi-sepistatud-d2-terasest-nuga\\\/\",\"name\":\"Nuga COYOTE- k\u00e4sitsi sepistatud D2 terasest nuga - AAKnives\",\"isPartOf\":{\"@id\":\"https:\\\/\\\/aaknives.eu\\\/et\\\/#website\"},\"primaryImageOfPage\":{\"@id\":\"https:\\\/\\\/aaknives.eu\\\/et\\\/product\\\/nuga-coyote-kasitsi-sepistatud-d2-terasest-nuga\\\/#primaryimage\"},\"image\":{\"@id\":\"https:\\\/\\\/aaknives.eu\\\/et\\\/product\\\/nuga-coyote-kasitsi-sepistatud-d2-terasest-nuga\\\/#primaryimage\"},\"thumbnailUrl\":\"https:\\\/\\\/aaknives.eu\\\/wp-content\\\/uploads\\\/2021\\\/09\\\/aaknives-hand-forged-dabascus-steel-blade-knife-handmade-custom-made-knife-handcrafted-knives-autinetools-northmen-15-2-28.jpg\",\"datePublished\":\"2021-09-20T20:43:52+00:00\",\"description\":\"Nuga COYOTE- k\u00e4sitsi sepistatud D2 terasest nuga\",\"breadcrumb\":{\"@id\":\"https:\\\/\\\/aaknives.eu\\\/et\\\/product\\\/nuga-coyote-kasitsi-sepistatud-d2-terasest-nuga\\\/#breadcrumb\"},\"inLanguage\":\"et\",\"potentialAction\":[{\"@type\":\"ReadAction\",\"target\":[\"https:\\\/\\\/aaknives.eu\\\/et\\\/product\\\/nuga-coyote-kasitsi-sepistatud-d2-terasest-nuga\\\/\"]}]},{\"@type\":\"ImageObject\",\"inLanguage\":\"et\",\"@id\":\"https:\\\/\\\/aaknives.eu\\\/et\\\/product\\\/nuga-coyote-kasitsi-sepistatud-d2-terasest-nuga\\\/#primaryimage\",\"url\":\"https:\\\/\\\/aaknives.eu\\\/wp-content\\\/uploads\\\/2021\\\/09\\\/aaknives-hand-forged-dabascus-steel-blade-knife-handmade-custom-made-knife-handcrafted-knives-autinetools-northmen-15-2-28.jpg\",\"contentUrl\":\"https:\\\/\\\/aaknives.eu\\\/wp-content\\\/uploads\\\/2021\\\/09\\\/aaknives-hand-forged-dabascus-steel-blade-knife-handmade-custom-made-knife-handcrafted-knives-autinetools-northmen-15-2-28.jpg\",\"width\":1020,\"height\":880,\"caption\":\"aaknives hand forged dabascus steel blade knife handmade custom made knife handcrafted knives autinetools northmen 15 2 28\"},{\"@type\":\"BreadcrumbList\",\"@id\":\"https:\\\/\\\/aaknives.eu\\\/et\\\/product\\\/nuga-coyote-kasitsi-sepistatud-d2-terasest-nuga\\\/#breadcrumb\",\"itemListElement\":[{\"@type\":\"ListItem\",\"position\":1,\"name\":\"Home\",\"item\":\"https:\\\/\\\/aaknives.eu\\\/et\\\/kodu\\\/\"},{\"@type\":\"ListItem\",\"position\":2,\"name\":\"Kauplus\",\"item\":\"https:\\\/\\\/aaknives.eu\\\/et\\\/kauplus\\\/\"},{\"@type\":\"ListItem\",\"position\":3,\"name\":\"Nuga COYOTE- k\u00e4sitsi sepistatud D2 terasest nuga\"}]},{\"@type\":\"WebSite\",\"@id\":\"https:\\\/\\\/aaknives.eu\\\/et\\\/#website\",\"url\":\"https:\\\/\\\/aaknives.eu\\\/et\\\/\",\"name\":\"AAKnives\",\"description\":\"Handmade knives\",\"publisher\":{\"@id\":\"https:\\\/\\\/aaknives.eu\\\/et\\\/#organization\"},\"potentialAction\":[{\"@type\":\"SearchAction\",\"target\":{\"@type\":\"EntryPoint\",\"urlTemplate\":\"https:\\\/\\\/aaknives.eu\\\/et\\\/?s={search_term_string}\"},\"query-input\":{\"@type\":\"PropertyValueSpecification\",\"valueRequired\":true,\"valueName\":\"search_term_string\"}}],\"inLanguage\":\"et\"},{\"@type\":\"Organization\",\"@id\":\"https:\\\/\\\/aaknives.eu\\\/et\\\/#organization\",\"name\":\"AAKnives\",\"url\":\"https:\\\/\\\/aaknives.eu\\\/et\\\/\",\"logo\":{\"@type\":\"ImageObject\",\"inLanguage\":\"et\",\"@id\":\"https:\\\/\\\/aaknives.eu\\\/et\\\/#\\\/schema\\\/logo\\\/image\\\/\",\"url\":\"https:\\\/\\\/aaknives.eu\\\/wp-content\\\/uploads\\\/2021\\\/10\\\/AAknives_Logo_Green.png\",\"contentUrl\":\"https:\\\/\\\/aaknives.eu\\\/wp-content\\\/uploads\\\/2021\\\/10\\\/AAknives_Logo_Green.png\",\"width\":1768,\"height\":1768,\"caption\":\"AAKnives\"},\"image\":{\"@id\":\"https:\\\/\\\/aaknives.eu\\\/et\\\/#\\\/schema\\\/logo\\\/image\\\/\"},\"sameAs\":[\"https:\\\/\\\/www.facebook.com\\\/aaknives.eu\\\/\",\"https:\\\/\\\/www.instagram.com\\\/aaknives\\\/\",\"https:\\\/\\\/www.pinterest.com\\\/aa_knives\\\/\",\"https:\\\/\\\/www.youtube.com\\\/channel\\\/UCHOQFjrOkgT6s4FIw9LDKyw\\\/featured\"]}]}<\/script>\n<!-- \/ Yoast SEO plugin. -->","yoast_head_json":{"title":"Nuga COYOTE- k\u00e4sitsi sepistatud D2 terasest nuga - AAKnives","description":"Nuga COYOTE- k\u00e4sitsi sepistatud D2 terasest nuga","robots":{"index":"index","follow":"follow","max-snippet":"max-snippet:-1","max-image-preview":"max-image-preview:large","max-video-preview":"max-video-preview:-1"},"canonical":"https:\/\/aaknives.eu\/et\/product\/nuga-coyote-kasitsi-sepistatud-d2-terasest-nuga\/","og_locale":"et_EE","og_type":"article","og_title":"Nuga COYOTE- k\u00e4sitsi sepistatud D2 terasest nuga - AAKnives","og_description":"Nuga COYOTE- k\u00e4sitsi sepistatud D2 terasest nuga","og_url":"https:\/\/aaknives.eu\/et\/product\/nuga-coyote-kasitsi-sepistatud-d2-terasest-nuga\/","og_site_name":"AAKnives","article_publisher":"https:\/\/www.facebook.com\/aaknives.eu\/","og_image":[{"width":1020,"height":880,"url":"https:\/\/aaknives.eu\/wp-content\/uploads\/2021\/09\/aaknives-hand-forged-dabascus-steel-blade-knife-handmade-custom-made-knife-handcrafted-knives-autinetools-northmen-15-2-28.jpg","type":"image\/jpeg"}],"twitter_card":"summary_large_image","twitter_misc":{"Est. reading time":"1 minut"},"schema":{"@context":"https:\/\/schema.org","@graph":[{"@type":"WebPage","@id":"https:\/\/aaknives.eu\/et\/product\/nuga-coyote-kasitsi-sepistatud-d2-terasest-nuga\/","url":"https:\/\/aaknives.eu\/et\/product\/nuga-coyote-kasitsi-sepistatud-d2-terasest-nuga\/","name":"Nuga COYOTE- k\u00e4sitsi sepistatud D2 terasest nuga - AAKnives","isPartOf":{"@id":"https:\/\/aaknives.eu\/et\/#website"},"primaryImageOfPage":{"@id":"https:\/\/aaknives.eu\/et\/product\/nuga-coyote-kasitsi-sepistatud-d2-terasest-nuga\/#primaryimage"},"image":{"@id":"https:\/\/aaknives.eu\/et\/product\/nuga-coyote-kasitsi-sepistatud-d2-terasest-nuga\/#primaryimage"},"thumbnailUrl":"https:\/\/aaknives.eu\/wp-content\/uploads\/2021\/09\/aaknives-hand-forged-dabascus-steel-blade-knife-handmade-custom-made-knife-handcrafted-knives-autinetools-northmen-15-2-28.jpg","datePublished":"2021-09-20T20:43:52+00:00","description":"Nuga COYOTE- k\u00e4sitsi sepistatud D2 terasest nuga","breadcrumb":{"@id":"https:\/\/aaknives.eu\/et\/product\/nuga-coyote-kasitsi-sepistatud-d2-terasest-nuga\/#breadcrumb"},"inLanguage":"et","potentialAction":[{"@type":"ReadAction","target":["https:\/\/aaknives.eu\/et\/product\/nuga-coyote-kasitsi-sepistatud-d2-terasest-nuga\/"]}]},{"@type":"ImageObject","inLanguage":"et","@id":"https:\/\/aaknives.eu\/et\/product\/nuga-coyote-kasitsi-sepistatud-d2-terasest-nuga\/#primaryimage","url":"https:\/\/aaknives.eu\/wp-content\/uploads\/2021\/09\/aaknives-hand-forged-dabascus-steel-blade-knife-handmade-custom-made-knife-handcrafted-knives-autinetools-northmen-15-2-28.jpg","contentUrl":"https:\/\/aaknives.eu\/wp-content\/uploads\/2021\/09\/aaknives-hand-forged-dabascus-steel-blade-knife-handmade-custom-made-knife-handcrafted-knives-autinetools-northmen-15-2-28.jpg","width":1020,"height":880,"caption":"aaknives hand forged dabascus steel blade knife handmade custom made knife handcrafted knives autinetools northmen 15 2 28"},{"@type":"BreadcrumbList","@id":"https:\/\/aaknives.eu\/et\/product\/nuga-coyote-kasitsi-sepistatud-d2-terasest-nuga\/#breadcrumb","itemListElement":[{"@type":"ListItem","position":1,"name":"Home","item":"https:\/\/aaknives.eu\/et\/kodu\/"},{"@type":"ListItem","position":2,"name":"Kauplus","item":"https:\/\/aaknives.eu\/et\/kauplus\/"},{"@type":"ListItem","position":3,"name":"Nuga COYOTE- k\u00e4sitsi sepistatud D2 terasest nuga"}]},{"@type":"WebSite","@id":"https:\/\/aaknives.eu\/et\/#website","url":"https:\/\/aaknives.eu\/et\/","name":"AAKnives","description":"Handmade knives","publisher":{"@id":"https:\/\/aaknives.eu\/et\/#organization"},"potentialAction":[{"@type":"SearchAction","target":{"@type":"EntryPoint","urlTemplate":"https:\/\/aaknives.eu\/et\/?s={search_term_string}"},"query-input":{"@type":"PropertyValueSpecification","valueRequired":true,"valueName":"search_term_string"}}],"inLanguage":"et"},{"@type":"Organization","@id":"https:\/\/aaknives.eu\/et\/#organization","name":"AAKnives","url":"https:\/\/aaknives.eu\/et\/","logo":{"@type":"ImageObject","inLanguage":"et","@id":"https:\/\/aaknives.eu\/et\/#\/schema\/logo\/image\/","url":"https:\/\/aaknives.eu\/wp-content\/uploads\/2021\/10\/AAknives_Logo_Green.png","contentUrl":"https:\/\/aaknives.eu\/wp-content\/uploads\/2021\/10\/AAknives_Logo_Green.png","width":1768,"height":1768,"caption":"AAKnives"},"image":{"@id":"https:\/\/aaknives.eu\/et\/#\/schema\/logo\/image\/"},"sameAs":["https:\/\/www.facebook.com\/aaknives.eu\/","https:\/\/www.instagram.com\/aaknives\/","https:\/\/www.pinterest.com\/aa_knives\/","https:\/\/www.youtube.com\/channel\/UCHOQFjrOkgT6s4FIw9LDKyw\/featured"]}]}},"_links":{"self":[{"href":"https:\/\/aaknives.eu\/et\/wp-json\/wp\/v2\/product\/42392","targetHints":{"allow":["GET"]}}],"collection":[{"href":"https:\/\/aaknives.eu\/et\/wp-json\/wp\/v2\/product"}],"about":[{"href":"https:\/\/aaknives.eu\/et\/wp-json\/wp\/v2\/types\/product"}],"wp:featuredmedia":[{"embeddable":true,"href":"https:\/\/aaknives.eu\/et\/wp-json\/wp\/v2\/media\/42393"}],"wp:attachment":[{"href":"https:\/\/aaknives.eu\/et\/wp-json\/wp\/v2\/media?parent=42392"}],"wp:term":[{"taxonomy":"product_brand","embeddable":true,"href":"https:\/\/aaknives.eu\/et\/wp-json\/wp\/v2\/product_brand?post=42392"},{"taxonomy":"product_cat","embeddable":true,"href":"https:\/\/aaknives.eu\/et\/wp-json\/wp\/v2\/product_cat?post=42392"},{"taxonomy":"product_tag","embeddable":true,"href":"https:\/\/aaknives.eu\/et\/wp-json\/wp\/v2\/product_tag?post=42392"}],"curies":[{"name":"wp","href":"https:\/\/api.w.org\/{rel}","templated":true}]}}