{"id":42417,"date":"2021-09-20T20:43:52","date_gmt":"2021-09-20T20:43:52","guid":{"rendered":"https:\/\/aaknives.eu\/product\/kampingunuga-kasitsi-sepistatud-d2-terasest\/"},"modified":"2026-02-10T19:05:42","modified_gmt":"2026-02-10T19:05:42","slug":"nuga-finka-kasitsi-sepistatud-d2-teras","status":"publish","type":"product","link":"https:\/\/aaknives.eu\/et\/product\/nuga-finka-kasitsi-sepistatud-d2-teras\/","title":{"rendered":"Nuga &#8220;FINKA&#8221; &#8211; k\u00e4sitsi sepistatud D2 teras"},"content":{"rendered":"<p>Noa spetsifikatsioonid: FINKA<br \/>\nTeras: k\u00e4sitsi sepistatud D2 teras<br \/>\nK\u00f5vadus: 61 HRC<br \/>\nTera pikkus (mm): 150 \/ 5,90 tolli<br \/>\nTera paksus (mm): 2 \/ 0,09 tolli<br \/>\nTera laius (mm): 23 \/ 0,90 tolli<br \/>\nK\u00e4epide: Must valgep\u00f6\u00f6k<br \/>\nKogupikkus (mm): 273 \/ 10,74 tolli<\/p>\n<p>D2 teras on \u00fcks parimaid ja kuulsamaid teraterasid maailmas.<\/p>\n<p>USA ja Jaapani tuntud ettev\u00f5tted valmistavad noad D2 terasest.<\/p>\n<p>Sellest terasest valmistatud noad hoiavad suurep\u00e4raselt l\u00f5iketera ja on k\u00f5rge korrosioonikindlusega.<\/p>\n<p>P\u00e4rast kuumt\u00f6\u00f6tlemist on D2-terasest tera k\u00f5vadus vahemikus 60-62 HRC.<\/p>\n<p>D2-st valmistatud nugade terad praktiliselt ei roosteta, kuid kuna teras on veidi v\u00e4hem kui roostevaba teras (13% kroomist), on soovitatav terasid p\u00fchkida ja mitte j\u00e4tta neid pikaks ajaks niiskesse kohta.<\/p>\n","protected":false},"excerpt":{"rendered":"<p>Noa spetsifikatsioonid: FINKA Teras: k\u00e4sitsi sepistatud D2 teras K\u00f5vadus: 61 HRC Tera pikkus (mm): 150 \/ 5,90 tolli Tera paksus (mm): 2 \/ 0,09 tolli Tera laius (mm): 23 \/ 0,90 tolli K\u00e4epide: Must valgep\u00f6\u00f6k Kogupikkus (mm): 273 \/ 10,74 tolli D2 teras on \u00fcks parimaid ja kuulsamaid teraterasid maailmas. USA ja Jaapani tuntud ettev\u00f5tted valmistavad noad D2 terasest. Sellest terasest valmistatud noad hoiavad suurep\u00e4raselt l\u00f5iketera ja on k\u00f5rge korrosioonikindlusega. P\u00e4rast kuumt\u00f6\u00f6tlemist on D2-terasest tera k\u00f5vadus vahemikus 60-62 HRC. D2-st valmistatud nugade terad praktiliselt ei roosteta, kuid kuna teras on veidi v\u00e4hem kui roostevaba teras (13% kroomist), on soovitatav terasid&hellip;<\/p>\n","protected":false},"featured_media":107764,"template":"","meta":{"_themeisle_gutenberg_block_has_review":false},"product_brand":[],"product_cat":[345,343,346,349],"product_tag":[],"class_list":{"0":"post-42417","1":"product","2":"type-product","3":"status-publish","4":"has-post-thumbnail","6":"product_cat-jahinoad","7":"product_cat-kalapuugi-noad","8":"product_cat-matkanoad","9":"product_cat-taismetallist-noad","11":"first","12":"instock","13":"shipping-taxable","14":"purchasable","15":"product-type-simple"},"yoast_head":"<!-- This site is optimized with the Yoast SEO plugin v27.3 - https:\/\/yoast.com\/product\/yoast-seo-wordpress\/ -->\n<title>Nuga &quot;FINKA&quot; - k\u00e4sitsi sepistatud D2 teras - AAKnives<\/title>\n<meta name=\"description\" content=\"k\u00e4sitsi sepistatud D2 terasest jahindus, v\u00e4ljas, matkanuga, k\u00e4sitsi valmistatud noad, k\u00e4sitsi valmistatud sepistatud nuga, sepistatud nuga, sepistatud nuga L\u00e4tis\" \/>\n<meta name=\"robots\" content=\"index, follow, max-snippet:-1, max-image-preview:large, max-video-preview:-1\" \/>\n<link rel=\"canonical\" href=\"https:\/\/aaknives.eu\/et\/product\/nuga-finka-kasitsi-sepistatud-d2-teras\/\" \/>\n<meta property=\"og:locale\" content=\"et_EE\" \/>\n<meta property=\"og:type\" content=\"article\" \/>\n<meta property=\"og:title\" content=\"Nuga &quot;FINKA&quot; - k\u00e4sitsi sepistatud D2 teras - AAKnives\" \/>\n<meta property=\"og:description\" content=\"k\u00e4sitsi sepistatud D2 terasest jahindus, v\u00e4ljas, matkanuga, k\u00e4sitsi valmistatud noad, k\u00e4sitsi valmistatud sepistatud nuga, sepistatud nuga, sepistatud nuga L\u00e4tis\" \/>\n<meta property=\"og:url\" content=\"https:\/\/aaknives.eu\/et\/product\/nuga-finka-kasitsi-sepistatud-d2-teras\/\" \/>\n<meta property=\"og:site_name\" content=\"AAKnives\" \/>\n<meta property=\"article:publisher\" content=\"https:\/\/www.facebook.com\/aaknives.eu\/\" \/>\n<meta property=\"article:modified_time\" content=\"2026-02-10T19:05:42+00:00\" \/>\n<meta property=\"og:image\" content=\"https:\/\/aaknives.eu\/wp-content\/uploads\/2021\/09\/aaknives-hand-forged-damascus-steel-blade-knife-handmade-custom-made-knife-handcrafted-knives-autinetools-northmen-1-72.jpg\" \/>\n\t<meta property=\"og:image:width\" content=\"1020\" \/>\n\t<meta property=\"og:image:height\" content=\"880\" \/>\n\t<meta property=\"og:image:type\" content=\"image\/jpeg\" \/>\n<meta name=\"twitter:card\" content=\"summary_large_image\" \/>\n<meta name=\"twitter:label1\" content=\"Est. reading time\" \/>\n\t<meta name=\"twitter:data1\" content=\"1 minut\" \/>\n<script type=\"application\/ld+json\" class=\"yoast-schema-graph\">{\"@context\":\"https:\\\/\\\/schema.org\",\"@graph\":[{\"@type\":\"WebPage\",\"@id\":\"https:\\\/\\\/aaknives.eu\\\/et\\\/product\\\/nuga-finka-kasitsi-sepistatud-d2-teras\\\/\",\"url\":\"https:\\\/\\\/aaknives.eu\\\/et\\\/product\\\/nuga-finka-kasitsi-sepistatud-d2-teras\\\/\",\"name\":\"Nuga \\\"FINKA\\\" - k\u00e4sitsi sepistatud D2 teras - AAKnives\",\"isPartOf\":{\"@id\":\"https:\\\/\\\/aaknives.eu\\\/et\\\/#website\"},\"primaryImageOfPage\":{\"@id\":\"https:\\\/\\\/aaknives.eu\\\/et\\\/product\\\/nuga-finka-kasitsi-sepistatud-d2-teras\\\/#primaryimage\"},\"image\":{\"@id\":\"https:\\\/\\\/aaknives.eu\\\/et\\\/product\\\/nuga-finka-kasitsi-sepistatud-d2-teras\\\/#primaryimage\"},\"thumbnailUrl\":\"https:\\\/\\\/aaknives.eu\\\/wp-content\\\/uploads\\\/2021\\\/09\\\/aaknives-hand-forged-damascus-steel-blade-knife-handmade-custom-made-knife-handcrafted-knives-autinetools-northmen-1-72.jpg\",\"datePublished\":\"2021-09-20T20:43:52+00:00\",\"dateModified\":\"2026-02-10T19:05:42+00:00\",\"description\":\"k\u00e4sitsi sepistatud D2 terasest jahindus, v\u00e4ljas, matkanuga, k\u00e4sitsi valmistatud noad, k\u00e4sitsi valmistatud sepistatud nuga, sepistatud nuga, sepistatud nuga L\u00e4tis\",\"breadcrumb\":{\"@id\":\"https:\\\/\\\/aaknives.eu\\\/et\\\/product\\\/nuga-finka-kasitsi-sepistatud-d2-teras\\\/#breadcrumb\"},\"inLanguage\":\"et\",\"potentialAction\":[{\"@type\":\"ReadAction\",\"target\":[\"https:\\\/\\\/aaknives.eu\\\/et\\\/product\\\/nuga-finka-kasitsi-sepistatud-d2-teras\\\/\"]}]},{\"@type\":\"ImageObject\",\"inLanguage\":\"et\",\"@id\":\"https:\\\/\\\/aaknives.eu\\\/et\\\/product\\\/nuga-finka-kasitsi-sepistatud-d2-teras\\\/#primaryimage\",\"url\":\"https:\\\/\\\/aaknives.eu\\\/wp-content\\\/uploads\\\/2021\\\/09\\\/aaknives-hand-forged-damascus-steel-blade-knife-handmade-custom-made-knife-handcrafted-knives-autinetools-northmen-1-72.jpg\",\"contentUrl\":\"https:\\\/\\\/aaknives.eu\\\/wp-content\\\/uploads\\\/2021\\\/09\\\/aaknives-hand-forged-damascus-steel-blade-knife-handmade-custom-made-knife-handcrafted-knives-autinetools-northmen-1-72.jpg\",\"width\":1020,\"height\":880},{\"@type\":\"BreadcrumbList\",\"@id\":\"https:\\\/\\\/aaknives.eu\\\/et\\\/product\\\/nuga-finka-kasitsi-sepistatud-d2-teras\\\/#breadcrumb\",\"itemListElement\":[{\"@type\":\"ListItem\",\"position\":1,\"name\":\"Home\",\"item\":\"https:\\\/\\\/aaknives.eu\\\/et\\\/kodu\\\/\"},{\"@type\":\"ListItem\",\"position\":2,\"name\":\"Kauplus\",\"item\":\"https:\\\/\\\/aaknives.eu\\\/et\\\/kauplus\\\/\"},{\"@type\":\"ListItem\",\"position\":3,\"name\":\"Nuga &#8220;FINKA&#8221; &#8211; k\u00e4sitsi sepistatud D2 teras\"}]},{\"@type\":\"WebSite\",\"@id\":\"https:\\\/\\\/aaknives.eu\\\/et\\\/#website\",\"url\":\"https:\\\/\\\/aaknives.eu\\\/et\\\/\",\"name\":\"AAKnives\",\"description\":\"Handmade knives\",\"publisher\":{\"@id\":\"https:\\\/\\\/aaknives.eu\\\/et\\\/#organization\"},\"potentialAction\":[{\"@type\":\"SearchAction\",\"target\":{\"@type\":\"EntryPoint\",\"urlTemplate\":\"https:\\\/\\\/aaknives.eu\\\/et\\\/?s={search_term_string}\"},\"query-input\":{\"@type\":\"PropertyValueSpecification\",\"valueRequired\":true,\"valueName\":\"search_term_string\"}}],\"inLanguage\":\"et\"},{\"@type\":\"Organization\",\"@id\":\"https:\\\/\\\/aaknives.eu\\\/et\\\/#organization\",\"name\":\"AAKnives\",\"url\":\"https:\\\/\\\/aaknives.eu\\\/et\\\/\",\"logo\":{\"@type\":\"ImageObject\",\"inLanguage\":\"et\",\"@id\":\"https:\\\/\\\/aaknives.eu\\\/et\\\/#\\\/schema\\\/logo\\\/image\\\/\",\"url\":\"https:\\\/\\\/aaknives.eu\\\/wp-content\\\/uploads\\\/2021\\\/10\\\/AAknives_Logo_Green.png\",\"contentUrl\":\"https:\\\/\\\/aaknives.eu\\\/wp-content\\\/uploads\\\/2021\\\/10\\\/AAknives_Logo_Green.png\",\"width\":1768,\"height\":1768,\"caption\":\"AAKnives\"},\"image\":{\"@id\":\"https:\\\/\\\/aaknives.eu\\\/et\\\/#\\\/schema\\\/logo\\\/image\\\/\"},\"sameAs\":[\"https:\\\/\\\/www.facebook.com\\\/aaknives.eu\\\/\",\"https:\\\/\\\/www.instagram.com\\\/aaknives\\\/\",\"https:\\\/\\\/www.pinterest.com\\\/aa_knives\\\/\",\"https:\\\/\\\/www.youtube.com\\\/channel\\\/UCHOQFjrOkgT6s4FIw9LDKyw\\\/featured\"]}]}<\/script>\n<!-- \/ Yoast SEO plugin. -->","yoast_head_json":{"title":"Nuga \"FINKA\" - k\u00e4sitsi sepistatud D2 teras - AAKnives","description":"k\u00e4sitsi sepistatud D2 terasest jahindus, v\u00e4ljas, matkanuga, k\u00e4sitsi valmistatud noad, k\u00e4sitsi valmistatud sepistatud nuga, sepistatud nuga, sepistatud nuga L\u00e4tis","robots":{"index":"index","follow":"follow","max-snippet":"max-snippet:-1","max-image-preview":"max-image-preview:large","max-video-preview":"max-video-preview:-1"},"canonical":"https:\/\/aaknives.eu\/et\/product\/nuga-finka-kasitsi-sepistatud-d2-teras\/","og_locale":"et_EE","og_type":"article","og_title":"Nuga \"FINKA\" - k\u00e4sitsi sepistatud D2 teras - AAKnives","og_description":"k\u00e4sitsi sepistatud D2 terasest jahindus, v\u00e4ljas, matkanuga, k\u00e4sitsi valmistatud noad, k\u00e4sitsi valmistatud sepistatud nuga, sepistatud nuga, sepistatud nuga L\u00e4tis","og_url":"https:\/\/aaknives.eu\/et\/product\/nuga-finka-kasitsi-sepistatud-d2-teras\/","og_site_name":"AAKnives","article_publisher":"https:\/\/www.facebook.com\/aaknives.eu\/","article_modified_time":"2026-02-10T19:05:42+00:00","og_image":[{"width":1020,"height":880,"url":"https:\/\/aaknives.eu\/wp-content\/uploads\/2021\/09\/aaknives-hand-forged-damascus-steel-blade-knife-handmade-custom-made-knife-handcrafted-knives-autinetools-northmen-1-72.jpg","type":"image\/jpeg"}],"twitter_card":"summary_large_image","twitter_misc":{"Est. reading time":"1 minut"},"schema":{"@context":"https:\/\/schema.org","@graph":[{"@type":"WebPage","@id":"https:\/\/aaknives.eu\/et\/product\/nuga-finka-kasitsi-sepistatud-d2-teras\/","url":"https:\/\/aaknives.eu\/et\/product\/nuga-finka-kasitsi-sepistatud-d2-teras\/","name":"Nuga \"FINKA\" - k\u00e4sitsi sepistatud D2 teras - AAKnives","isPartOf":{"@id":"https:\/\/aaknives.eu\/et\/#website"},"primaryImageOfPage":{"@id":"https:\/\/aaknives.eu\/et\/product\/nuga-finka-kasitsi-sepistatud-d2-teras\/#primaryimage"},"image":{"@id":"https:\/\/aaknives.eu\/et\/product\/nuga-finka-kasitsi-sepistatud-d2-teras\/#primaryimage"},"thumbnailUrl":"https:\/\/aaknives.eu\/wp-content\/uploads\/2021\/09\/aaknives-hand-forged-damascus-steel-blade-knife-handmade-custom-made-knife-handcrafted-knives-autinetools-northmen-1-72.jpg","datePublished":"2021-09-20T20:43:52+00:00","dateModified":"2026-02-10T19:05:42+00:00","description":"k\u00e4sitsi sepistatud D2 terasest jahindus, v\u00e4ljas, matkanuga, k\u00e4sitsi valmistatud noad, k\u00e4sitsi valmistatud sepistatud nuga, sepistatud nuga, sepistatud nuga L\u00e4tis","breadcrumb":{"@id":"https:\/\/aaknives.eu\/et\/product\/nuga-finka-kasitsi-sepistatud-d2-teras\/#breadcrumb"},"inLanguage":"et","potentialAction":[{"@type":"ReadAction","target":["https:\/\/aaknives.eu\/et\/product\/nuga-finka-kasitsi-sepistatud-d2-teras\/"]}]},{"@type":"ImageObject","inLanguage":"et","@id":"https:\/\/aaknives.eu\/et\/product\/nuga-finka-kasitsi-sepistatud-d2-teras\/#primaryimage","url":"https:\/\/aaknives.eu\/wp-content\/uploads\/2021\/09\/aaknives-hand-forged-damascus-steel-blade-knife-handmade-custom-made-knife-handcrafted-knives-autinetools-northmen-1-72.jpg","contentUrl":"https:\/\/aaknives.eu\/wp-content\/uploads\/2021\/09\/aaknives-hand-forged-damascus-steel-blade-knife-handmade-custom-made-knife-handcrafted-knives-autinetools-northmen-1-72.jpg","width":1020,"height":880},{"@type":"BreadcrumbList","@id":"https:\/\/aaknives.eu\/et\/product\/nuga-finka-kasitsi-sepistatud-d2-teras\/#breadcrumb","itemListElement":[{"@type":"ListItem","position":1,"name":"Home","item":"https:\/\/aaknives.eu\/et\/kodu\/"},{"@type":"ListItem","position":2,"name":"Kauplus","item":"https:\/\/aaknives.eu\/et\/kauplus\/"},{"@type":"ListItem","position":3,"name":"Nuga &#8220;FINKA&#8221; &#8211; k\u00e4sitsi sepistatud D2 teras"}]},{"@type":"WebSite","@id":"https:\/\/aaknives.eu\/et\/#website","url":"https:\/\/aaknives.eu\/et\/","name":"AAKnives","description":"Handmade knives","publisher":{"@id":"https:\/\/aaknives.eu\/et\/#organization"},"potentialAction":[{"@type":"SearchAction","target":{"@type":"EntryPoint","urlTemplate":"https:\/\/aaknives.eu\/et\/?s={search_term_string}"},"query-input":{"@type":"PropertyValueSpecification","valueRequired":true,"valueName":"search_term_string"}}],"inLanguage":"et"},{"@type":"Organization","@id":"https:\/\/aaknives.eu\/et\/#organization","name":"AAKnives","url":"https:\/\/aaknives.eu\/et\/","logo":{"@type":"ImageObject","inLanguage":"et","@id":"https:\/\/aaknives.eu\/et\/#\/schema\/logo\/image\/","url":"https:\/\/aaknives.eu\/wp-content\/uploads\/2021\/10\/AAknives_Logo_Green.png","contentUrl":"https:\/\/aaknives.eu\/wp-content\/uploads\/2021\/10\/AAknives_Logo_Green.png","width":1768,"height":1768,"caption":"AAKnives"},"image":{"@id":"https:\/\/aaknives.eu\/et\/#\/schema\/logo\/image\/"},"sameAs":["https:\/\/www.facebook.com\/aaknives.eu\/","https:\/\/www.instagram.com\/aaknives\/","https:\/\/www.pinterest.com\/aa_knives\/","https:\/\/www.youtube.com\/channel\/UCHOQFjrOkgT6s4FIw9LDKyw\/featured"]}]}},"_links":{"self":[{"href":"https:\/\/aaknives.eu\/et\/wp-json\/wp\/v2\/product\/42417","targetHints":{"allow":["GET"]}}],"collection":[{"href":"https:\/\/aaknives.eu\/et\/wp-json\/wp\/v2\/product"}],"about":[{"href":"https:\/\/aaknives.eu\/et\/wp-json\/wp\/v2\/types\/product"}],"wp:featuredmedia":[{"embeddable":true,"href":"https:\/\/aaknives.eu\/et\/wp-json\/wp\/v2\/media\/107764"}],"wp:attachment":[{"href":"https:\/\/aaknives.eu\/et\/wp-json\/wp\/v2\/media?parent=42417"}],"wp:term":[{"taxonomy":"product_brand","embeddable":true,"href":"https:\/\/aaknives.eu\/et\/wp-json\/wp\/v2\/product_brand?post=42417"},{"taxonomy":"product_cat","embeddable":true,"href":"https:\/\/aaknives.eu\/et\/wp-json\/wp\/v2\/product_cat?post=42417"},{"taxonomy":"product_tag","embeddable":true,"href":"https:\/\/aaknives.eu\/et\/wp-json\/wp\/v2\/product_tag?post=42417"}],"curies":[{"name":"wp","href":"https:\/\/api.w.org\/{rel}","templated":true}]}}