{"id":42643,"date":"2021-11-12T12:29:31","date_gmt":"2021-11-12T12:29:31","guid":{"rendered":"https:\/\/aaknives.eu\/product\/boriidi-seeria-terituskivide-komplekt-5-tk\/"},"modified":"2021-11-12T12:29:31","modified_gmt":"2021-11-12T12:29:31","slug":"boriidi-seeria-terituskivide-komplekt-5-tk","status":"publish","type":"product","link":"https:\/\/aaknives.eu\/et\/product\/boriidi-seeria-terituskivide-komplekt-5-tk\/","title":{"rendered":"Boriidi seeria terituskivide komplekt 5 tk"},"content":{"rendered":"<p>Boriidseeria terituskivid on suurep\u00e4rased r\u00e4nikarbiidkivid, mis on m\u00f5eldud k\u00f5va terase (47-63 HRc) teritamiseks.<\/p>\n<p>Komplekti kuulub 5 kivi, teravikuga 150; 220; 400; 600; 1200, millest piisab teritamise k\u00f5igi etappide jaoks, alates karestamisest kuni l\u00f5pphoolduseni. Ja terade sujuv v\u00e4hendamine kivilt kivile tagab t\u00f5husa teritamise minimaalse ajakuluga.<\/p>\n<p>&nbsp;<\/p>\n<p>Kivide seeria CS-HD on m\u00f5eldud spetsiaalselt tahkest roostevabast v\u00f5i s\u00fcsinikterasest valmistatud nugade teritamiseks. Selle seeria terade teritamine leebest terasest valmistatud abrasiividega \u00e4hvardab suurenenud kulumise ja abrasiivide liigse &#8220;soolasusega&#8221;.<\/p>\n<p>&nbsp;<\/p>\n<p>T\u00f6\u00f6tada saab nii &#8220;kuivalt&#8221; kui ka tavalise veega (v\u00f5i veidi seebiga). Teritamisel ei ole soovitatav kasutada j\u00f5udu ja survet!<\/p>\n<p>&nbsp;<\/p>\n<p>Ei vaja erilist hooldust. Seda puhastatakse jooksva vee ja seebi all j\u00e4iga harjaga (v\u00f5ite kasutada ka hambaharja). Joondatud p\u00e4rast vormimist r\u00e4nikarbiidil.<\/p>\n","protected":false},"excerpt":{"rendered":"<p>Boriidseeria terituskivid on suurep\u00e4rased r\u00e4nikarbiidkivid, mis on m\u00f5eldud k\u00f5va terase (47-63 HRc) teritamiseks. Komplekti kuulub 5 kivi, teravikuga 150; 220; 400; 600; 1200, millest piisab teritamise k\u00f5igi etappide jaoks, alates karestamisest kuni l\u00f5pphoolduseni. Ja terade sujuv v\u00e4hendamine kivilt kivile tagab t\u00f5husa teritamise minimaalse ajakuluga. &nbsp; Kivide seeria CS-HD on m\u00f5eldud spetsiaalselt tahkest roostevabast v\u00f5i s\u00fcsinikterasest valmistatud nugade teritamiseks. Selle seeria terade teritamine leebest terasest valmistatud abrasiividega \u00e4hvardab suurenenud kulumise ja abrasiivide liigse &#8220;soolasusega&#8221;. &nbsp; T\u00f6\u00f6tada saab nii &#8220;kuivalt&#8221; kui ka tavalise veega (v\u00f5i veidi seebiga). Teritamisel ei ole soovitatav kasutada j\u00f5udu ja survet! &nbsp; Ei vaja erilist hooldust. Seda puhastatakse&hellip;<\/p>\n","protected":false},"featured_media":42644,"template":"","meta":{"_themeisle_gutenberg_block_has_review":false},"product_brand":[],"product_cat":[351],"product_tag":[],"class_list":{"0":"post-42643","1":"product","2":"type-product","3":"status-publish","4":"has-post-thumbnail","6":"product_cat-nugade-teritamine-noateritajad","8":"first","9":"instock","10":"shipping-taxable","11":"purchasable","12":"product-type-simple"},"yoast_head":"<!-- This site is optimized with the Yoast SEO plugin v27.3 - https:\/\/yoast.com\/product\/yoast-seo-wordpress\/ -->\n<title>Boriidi seeria terituskivide komplekt 5 tk - AAKnives<\/title>\n<meta name=\"description\" content=\"Boriidi seeria terituskivide komplekt 5 tk\" \/>\n<meta name=\"robots\" content=\"index, follow, max-snippet:-1, max-image-preview:large, max-video-preview:-1\" \/>\n<link rel=\"canonical\" href=\"https:\/\/aaknives.eu\/et\/product\/boriidi-seeria-terituskivide-komplekt-5-tk\/\" \/>\n<meta property=\"og:locale\" content=\"et_EE\" \/>\n<meta property=\"og:type\" content=\"article\" \/>\n<meta property=\"og:title\" content=\"Boriidi seeria terituskivide komplekt 5 tk - AAKnives\" \/>\n<meta property=\"og:description\" content=\"Boriidi seeria terituskivide komplekt 5 tk\" \/>\n<meta property=\"og:url\" content=\"https:\/\/aaknives.eu\/et\/product\/boriidi-seeria-terituskivide-komplekt-5-tk\/\" \/>\n<meta property=\"og:site_name\" content=\"AAKnives\" \/>\n<meta property=\"article:publisher\" content=\"https:\/\/www.facebook.com\/aaknives.eu\/\" \/>\n<meta property=\"og:image\" content=\"https:\/\/aaknives.eu\/wp-content\/uploads\/2021\/11\/aaknives-hand-forged-dabascus-steel-blade-knife-handmade-custom-made-knife-handcrafted-knives-autinetools-northmen-1-1.jpg\" \/>\n\t<meta property=\"og:image:width\" content=\"1020\" \/>\n\t<meta property=\"og:image:height\" content=\"880\" \/>\n\t<meta property=\"og:image:type\" content=\"image\/jpeg\" \/>\n<meta name=\"twitter:card\" content=\"summary_large_image\" \/>\n<meta name=\"twitter:label1\" content=\"Est. reading time\" \/>\n\t<meta name=\"twitter:data1\" content=\"1 minut\" \/>\n<script type=\"application\/ld+json\" class=\"yoast-schema-graph\">{\"@context\":\"https:\\\/\\\/schema.org\",\"@graph\":[{\"@type\":\"WebPage\",\"@id\":\"https:\\\/\\\/aaknives.eu\\\/et\\\/product\\\/boriidi-seeria-terituskivide-komplekt-5-tk\\\/\",\"url\":\"https:\\\/\\\/aaknives.eu\\\/et\\\/product\\\/boriidi-seeria-terituskivide-komplekt-5-tk\\\/\",\"name\":\"Boriidi seeria terituskivide komplekt 5 tk - AAKnives\",\"isPartOf\":{\"@id\":\"https:\\\/\\\/aaknives.eu\\\/et\\\/#website\"},\"primaryImageOfPage\":{\"@id\":\"https:\\\/\\\/aaknives.eu\\\/et\\\/product\\\/boriidi-seeria-terituskivide-komplekt-5-tk\\\/#primaryimage\"},\"image\":{\"@id\":\"https:\\\/\\\/aaknives.eu\\\/et\\\/product\\\/boriidi-seeria-terituskivide-komplekt-5-tk\\\/#primaryimage\"},\"thumbnailUrl\":\"https:\\\/\\\/aaknives.eu\\\/wp-content\\\/uploads\\\/2021\\\/11\\\/aaknives-hand-forged-dabascus-steel-blade-knife-handmade-custom-made-knife-handcrafted-knives-autinetools-northmen-1-1.jpg\",\"datePublished\":\"2021-11-12T12:29:31+00:00\",\"description\":\"Boriidi seeria terituskivide komplekt 5 tk\",\"breadcrumb\":{\"@id\":\"https:\\\/\\\/aaknives.eu\\\/et\\\/product\\\/boriidi-seeria-terituskivide-komplekt-5-tk\\\/#breadcrumb\"},\"inLanguage\":\"et\",\"potentialAction\":[{\"@type\":\"ReadAction\",\"target\":[\"https:\\\/\\\/aaknives.eu\\\/et\\\/product\\\/boriidi-seeria-terituskivide-komplekt-5-tk\\\/\"]}]},{\"@type\":\"ImageObject\",\"inLanguage\":\"et\",\"@id\":\"https:\\\/\\\/aaknives.eu\\\/et\\\/product\\\/boriidi-seeria-terituskivide-komplekt-5-tk\\\/#primaryimage\",\"url\":\"https:\\\/\\\/aaknives.eu\\\/wp-content\\\/uploads\\\/2021\\\/11\\\/aaknives-hand-forged-dabascus-steel-blade-knife-handmade-custom-made-knife-handcrafted-knives-autinetools-northmen-1-1.jpg\",\"contentUrl\":\"https:\\\/\\\/aaknives.eu\\\/wp-content\\\/uploads\\\/2021\\\/11\\\/aaknives-hand-forged-dabascus-steel-blade-knife-handmade-custom-made-knife-handcrafted-knives-autinetools-northmen-1-1.jpg\",\"width\":1020,\"height\":880,\"caption\":\"aaknives hand forged dabascus steel blade knife handmade custom made knife handcrafted knives autinetools northmen 1 1\"},{\"@type\":\"BreadcrumbList\",\"@id\":\"https:\\\/\\\/aaknives.eu\\\/et\\\/product\\\/boriidi-seeria-terituskivide-komplekt-5-tk\\\/#breadcrumb\",\"itemListElement\":[{\"@type\":\"ListItem\",\"position\":1,\"name\":\"Home\",\"item\":\"https:\\\/\\\/aaknives.eu\\\/et\\\/kodu\\\/\"},{\"@type\":\"ListItem\",\"position\":2,\"name\":\"Kauplus\",\"item\":\"https:\\\/\\\/aaknives.eu\\\/et\\\/kauplus\\\/\"},{\"@type\":\"ListItem\",\"position\":3,\"name\":\"Boriidi seeria terituskivide komplekt 5 tk\"}]},{\"@type\":\"WebSite\",\"@id\":\"https:\\\/\\\/aaknives.eu\\\/et\\\/#website\",\"url\":\"https:\\\/\\\/aaknives.eu\\\/et\\\/\",\"name\":\"AAKnives\",\"description\":\"Handmade knives\",\"publisher\":{\"@id\":\"https:\\\/\\\/aaknives.eu\\\/et\\\/#organization\"},\"potentialAction\":[{\"@type\":\"SearchAction\",\"target\":{\"@type\":\"EntryPoint\",\"urlTemplate\":\"https:\\\/\\\/aaknives.eu\\\/et\\\/?s={search_term_string}\"},\"query-input\":{\"@type\":\"PropertyValueSpecification\",\"valueRequired\":true,\"valueName\":\"search_term_string\"}}],\"inLanguage\":\"et\"},{\"@type\":\"Organization\",\"@id\":\"https:\\\/\\\/aaknives.eu\\\/et\\\/#organization\",\"name\":\"AAKnives\",\"url\":\"https:\\\/\\\/aaknives.eu\\\/et\\\/\",\"logo\":{\"@type\":\"ImageObject\",\"inLanguage\":\"et\",\"@id\":\"https:\\\/\\\/aaknives.eu\\\/et\\\/#\\\/schema\\\/logo\\\/image\\\/\",\"url\":\"https:\\\/\\\/aaknives.eu\\\/wp-content\\\/uploads\\\/2021\\\/10\\\/AAknives_Logo_Green.png\",\"contentUrl\":\"https:\\\/\\\/aaknives.eu\\\/wp-content\\\/uploads\\\/2021\\\/10\\\/AAknives_Logo_Green.png\",\"width\":1768,\"height\":1768,\"caption\":\"AAKnives\"},\"image\":{\"@id\":\"https:\\\/\\\/aaknives.eu\\\/et\\\/#\\\/schema\\\/logo\\\/image\\\/\"},\"sameAs\":[\"https:\\\/\\\/www.facebook.com\\\/aaknives.eu\\\/\",\"https:\\\/\\\/www.instagram.com\\\/aaknives\\\/\",\"https:\\\/\\\/www.pinterest.com\\\/aa_knives\\\/\",\"https:\\\/\\\/www.youtube.com\\\/channel\\\/UCHOQFjrOkgT6s4FIw9LDKyw\\\/featured\"]}]}<\/script>\n<!-- \/ Yoast SEO plugin. -->","yoast_head_json":{"title":"Boriidi seeria terituskivide komplekt 5 tk - AAKnives","description":"Boriidi seeria terituskivide komplekt 5 tk","robots":{"index":"index","follow":"follow","max-snippet":"max-snippet:-1","max-image-preview":"max-image-preview:large","max-video-preview":"max-video-preview:-1"},"canonical":"https:\/\/aaknives.eu\/et\/product\/boriidi-seeria-terituskivide-komplekt-5-tk\/","og_locale":"et_EE","og_type":"article","og_title":"Boriidi seeria terituskivide komplekt 5 tk - AAKnives","og_description":"Boriidi seeria terituskivide komplekt 5 tk","og_url":"https:\/\/aaknives.eu\/et\/product\/boriidi-seeria-terituskivide-komplekt-5-tk\/","og_site_name":"AAKnives","article_publisher":"https:\/\/www.facebook.com\/aaknives.eu\/","og_image":[{"width":1020,"height":880,"url":"https:\/\/aaknives.eu\/wp-content\/uploads\/2021\/11\/aaknives-hand-forged-dabascus-steel-blade-knife-handmade-custom-made-knife-handcrafted-knives-autinetools-northmen-1-1.jpg","type":"image\/jpeg"}],"twitter_card":"summary_large_image","twitter_misc":{"Est. reading time":"1 minut"},"schema":{"@context":"https:\/\/schema.org","@graph":[{"@type":"WebPage","@id":"https:\/\/aaknives.eu\/et\/product\/boriidi-seeria-terituskivide-komplekt-5-tk\/","url":"https:\/\/aaknives.eu\/et\/product\/boriidi-seeria-terituskivide-komplekt-5-tk\/","name":"Boriidi seeria terituskivide komplekt 5 tk - AAKnives","isPartOf":{"@id":"https:\/\/aaknives.eu\/et\/#website"},"primaryImageOfPage":{"@id":"https:\/\/aaknives.eu\/et\/product\/boriidi-seeria-terituskivide-komplekt-5-tk\/#primaryimage"},"image":{"@id":"https:\/\/aaknives.eu\/et\/product\/boriidi-seeria-terituskivide-komplekt-5-tk\/#primaryimage"},"thumbnailUrl":"https:\/\/aaknives.eu\/wp-content\/uploads\/2021\/11\/aaknives-hand-forged-dabascus-steel-blade-knife-handmade-custom-made-knife-handcrafted-knives-autinetools-northmen-1-1.jpg","datePublished":"2021-11-12T12:29:31+00:00","description":"Boriidi seeria terituskivide komplekt 5 tk","breadcrumb":{"@id":"https:\/\/aaknives.eu\/et\/product\/boriidi-seeria-terituskivide-komplekt-5-tk\/#breadcrumb"},"inLanguage":"et","potentialAction":[{"@type":"ReadAction","target":["https:\/\/aaknives.eu\/et\/product\/boriidi-seeria-terituskivide-komplekt-5-tk\/"]}]},{"@type":"ImageObject","inLanguage":"et","@id":"https:\/\/aaknives.eu\/et\/product\/boriidi-seeria-terituskivide-komplekt-5-tk\/#primaryimage","url":"https:\/\/aaknives.eu\/wp-content\/uploads\/2021\/11\/aaknives-hand-forged-dabascus-steel-blade-knife-handmade-custom-made-knife-handcrafted-knives-autinetools-northmen-1-1.jpg","contentUrl":"https:\/\/aaknives.eu\/wp-content\/uploads\/2021\/11\/aaknives-hand-forged-dabascus-steel-blade-knife-handmade-custom-made-knife-handcrafted-knives-autinetools-northmen-1-1.jpg","width":1020,"height":880,"caption":"aaknives hand forged dabascus steel blade knife handmade custom made knife handcrafted knives autinetools northmen 1 1"},{"@type":"BreadcrumbList","@id":"https:\/\/aaknives.eu\/et\/product\/boriidi-seeria-terituskivide-komplekt-5-tk\/#breadcrumb","itemListElement":[{"@type":"ListItem","position":1,"name":"Home","item":"https:\/\/aaknives.eu\/et\/kodu\/"},{"@type":"ListItem","position":2,"name":"Kauplus","item":"https:\/\/aaknives.eu\/et\/kauplus\/"},{"@type":"ListItem","position":3,"name":"Boriidi seeria terituskivide komplekt 5 tk"}]},{"@type":"WebSite","@id":"https:\/\/aaknives.eu\/et\/#website","url":"https:\/\/aaknives.eu\/et\/","name":"AAKnives","description":"Handmade knives","publisher":{"@id":"https:\/\/aaknives.eu\/et\/#organization"},"potentialAction":[{"@type":"SearchAction","target":{"@type":"EntryPoint","urlTemplate":"https:\/\/aaknives.eu\/et\/?s={search_term_string}"},"query-input":{"@type":"PropertyValueSpecification","valueRequired":true,"valueName":"search_term_string"}}],"inLanguage":"et"},{"@type":"Organization","@id":"https:\/\/aaknives.eu\/et\/#organization","name":"AAKnives","url":"https:\/\/aaknives.eu\/et\/","logo":{"@type":"ImageObject","inLanguage":"et","@id":"https:\/\/aaknives.eu\/et\/#\/schema\/logo\/image\/","url":"https:\/\/aaknives.eu\/wp-content\/uploads\/2021\/10\/AAknives_Logo_Green.png","contentUrl":"https:\/\/aaknives.eu\/wp-content\/uploads\/2021\/10\/AAknives_Logo_Green.png","width":1768,"height":1768,"caption":"AAKnives"},"image":{"@id":"https:\/\/aaknives.eu\/et\/#\/schema\/logo\/image\/"},"sameAs":["https:\/\/www.facebook.com\/aaknives.eu\/","https:\/\/www.instagram.com\/aaknives\/","https:\/\/www.pinterest.com\/aa_knives\/","https:\/\/www.youtube.com\/channel\/UCHOQFjrOkgT6s4FIw9LDKyw\/featured"]}]}},"_links":{"self":[{"href":"https:\/\/aaknives.eu\/et\/wp-json\/wp\/v2\/product\/42643","targetHints":{"allow":["GET"]}}],"collection":[{"href":"https:\/\/aaknives.eu\/et\/wp-json\/wp\/v2\/product"}],"about":[{"href":"https:\/\/aaknives.eu\/et\/wp-json\/wp\/v2\/types\/product"}],"wp:featuredmedia":[{"embeddable":true,"href":"https:\/\/aaknives.eu\/et\/wp-json\/wp\/v2\/media\/42644"}],"wp:attachment":[{"href":"https:\/\/aaknives.eu\/et\/wp-json\/wp\/v2\/media?parent=42643"}],"wp:term":[{"taxonomy":"product_brand","embeddable":true,"href":"https:\/\/aaknives.eu\/et\/wp-json\/wp\/v2\/product_brand?post=42643"},{"taxonomy":"product_cat","embeddable":true,"href":"https:\/\/aaknives.eu\/et\/wp-json\/wp\/v2\/product_cat?post=42643"},{"taxonomy":"product_tag","embeddable":true,"href":"https:\/\/aaknives.eu\/et\/wp-json\/wp\/v2\/product_tag?post=42643"}],"curies":[{"name":"wp","href":"https:\/\/api.w.org\/{rel}","templated":true}]}}