{"id":42715,"date":"2021-09-20T20:39:18","date_gmt":"2021-09-20T20:39:18","guid":{"rendered":"https:\/\/aaknives.eu\/product\/lati-voimsusnuga-risti-risti-sepistatud-roostevabast-terasest\/"},"modified":"2025-02-05T13:33:05","modified_gmt":"2025-02-05T13:33:05","slug":"lati-voimsusnuga-risti-risti-sepistatud-roostevabast-terasest","status":"publish","type":"product","link":"https:\/\/aaknives.eu\/et\/product\/lati-voimsusnuga-risti-risti-sepistatud-roostevabast-terasest\/","title":{"rendered":"L\u00e4ti v\u00f5imsusnuga &#8221;Risti risti&#8221;, sepistatud roostevabast terasest"},"content":{"rendered":"<p>MARA RIST<\/p>\n<p>Noa spetsifikatsioonid: \u201cRisti rist\u201d<br \/>\nTeras: sepistatud roostevaba teras 12C27<br \/>\nK\u00f5vadus: 57-58 HRC<br \/>\nTera pikkus (mm): 150 \/ 5,90 tolli<br \/>\nTera paksus (mm): 3 \/0,12 tolli<br \/>\nTera laius (mm): 28 \/ 1,10 tolli<br \/>\nK\u00e4epide: Aafrika Bubingo puit<br \/>\nKogupikkus (mm): 277 \/ 10,90 tolli<\/p>\n<p>Kuigi L\u00e4ti 101. aastap\u00e4ev on m\u00f6\u00f6das, tasub siiski m\u00f5elda tunnetele, mida iga\u00fcks meist m\u00e4letab, sest esimene 100. aastap\u00e4ev on eriline ja ka v\u00f5imalus elada selle ajastul, kuid meie rahva juured ulatuvad kaugemale minevikku. Ajad muutuvad, inimesed muutuvad, kuid on asju, mis on aja jooksul muutunud peaaegu iseenesestm\u00f5istetavaks, sest need on osa meie identiteedist. L\u00e4ti m\u00e4rgid. V\u00f6\u00f6desse kootud, kindadesse kootud, kividesse ja relvadesse graveeritud, nii et nende olemasolu kaitseb eba\u00f5nne eest, toob \u00f5nne, edu, tervist ja j\u00f5ukust. Iga jahimees valmistub jahiks ja v\u00f5tab kaasa oma parimad jahivahendid, kuid loodus tekitab m\u00f5nikord olukordi, kus isegi suurep\u00e4rased teadmised ja aastatepikkune kogemus kaalub \u00fcles tavaline \u00f5nn, mis kellelegi juhtub sagedamini, kuid teistele harvemini, mist\u00f5ttu tasub ehk m\u00f5elda v\u00e4\u00e4rtustele, mida meie esivanemad pidasid \u00f5nnelikuks. AAKnives pakub v\u00e4ga erilist nugade seeriat -\u201d L\u00e4ti 100\u201d. Kombineerides kvaliteetsed k\u00e4sitsi valmistatud noad ja dekoratiivsed L\u00e4ti v\u00f5imsuse m\u00e4rgid k\u00e4epidemel, saab selle omanik mitte ainult visuaalselt kauni noa, mis on suurep\u00e4rane t\u00e4iendus kollektsioonile, vaid ka suurep\u00e4rane t\u00f6\u00f6vahend. Kaunilt tasakaalustatud vormid, naturaalsetes toonides puun\u00f5elad ja erinevad l\u00e4ti j\u00f5um\u00e4rgid igale maitsele.<\/span><\/div>\n<p>Nuga sobib ka suurep\u00e4raseks ja l\u00e4bim\u00f5eldud kingituseks s\u00f5brale v\u00f5i l\u00e4hedasele, kuid pidage meeles, et kingituse saaja peab andma vastutasuks m\u00fcndi \u2013 see on vana l\u00e4ti \u00fctlus!<\/p>\n","protected":false},"excerpt":{"rendered":"<p>MARA RIST Noa spetsifikatsioonid: \u201cRisti rist\u201d Teras: sepistatud roostevaba teras 12C27 K\u00f5vadus: 57-58 HRC Tera pikkus (mm): 150 \/ 5,90 tolli Tera paksus (mm): 3 \/0,12 tolli Tera laius (mm): 28 \/ 1,10 tolli K\u00e4epide: Aafrika Bubingo puit Kogupikkus (mm): 277 \/ 10,90 tolli Kuigi L\u00e4ti 101. aastap\u00e4ev on m\u00f6\u00f6das, tasub siiski m\u00f5elda tunnetele, mida iga\u00fcks meist m\u00e4letab, sest esimene 100. aastap\u00e4ev on eriline ja ka v\u00f5imalus elada selle ajastul, kuid meie rahva juured ulatuvad kaugemale minevikku. Ajad muutuvad, inimesed muutuvad, kuid on asju, mis on aja jooksul muutunud peaaegu iseenesestm\u00f5istetavaks, sest need on osa meie identiteedist. L\u00e4ti m\u00e4rgid. V\u00f6\u00f6desse&hellip;<\/p>\n","protected":false},"featured_media":95581,"template":"","meta":{"_themeisle_gutenberg_block_has_review":false},"product_brand":[],"product_cat":[345,343,352,346],"product_tag":[],"class_list":{"0":"post-42715","1":"product","2":"type-product","3":"status-publish","4":"has-post-thumbnail","6":"product_cat-jahinoad","7":"product_cat-kalapuugi-noad","8":"product_cat-lati-jounoad","9":"product_cat-matkanoad","11":"first","12":"outofstock","13":"shipping-taxable","14":"purchasable","15":"product-type-simple"},"yoast_head":"<!-- This site is optimized with the Yoast SEO plugin v27.5 - https:\/\/yoast.com\/product\/yoast-seo-wordpress\/ -->\n<title>L\u00e4ti v\u00f5imsusnuga &#039;&#039;Risti risti&#039;&#039;, sepistatud roostevabast terasest - AAKnives<\/title>\n<meta name=\"description\" content=\"L\u00e4ti v\u00f5imsusnuga &#039;&#039;Risti risti&#039;&#039;, sepistatud roostevabast terasest\" \/>\n<meta name=\"robots\" content=\"index, follow, max-snippet:-1, max-image-preview:large, max-video-preview:-1\" \/>\n<link rel=\"canonical\" href=\"https:\/\/aaknives.eu\/et\/product\/lati-voimsusnuga-risti-risti-sepistatud-roostevabast-terasest\/\" \/>\n<meta property=\"og:locale\" content=\"et_EE\" \/>\n<meta property=\"og:type\" content=\"article\" \/>\n<meta property=\"og:title\" content=\"L\u00e4ti v\u00f5imsusnuga &#039;&#039;Risti risti&#039;&#039;, sepistatud roostevabast terasest - AAKnives\" \/>\n<meta property=\"og:description\" content=\"L\u00e4ti v\u00f5imsusnuga &#039;&#039;Risti risti&#039;&#039;, sepistatud roostevabast terasest\" \/>\n<meta property=\"og:url\" content=\"https:\/\/aaknives.eu\/et\/product\/lati-voimsusnuga-risti-risti-sepistatud-roostevabast-terasest\/\" \/>\n<meta property=\"og:site_name\" content=\"AAKnives\" \/>\n<meta property=\"article:publisher\" content=\"https:\/\/www.facebook.com\/aaknives.eu\/\" \/>\n<meta property=\"article:modified_time\" content=\"2025-02-05T13:33:05+00:00\" \/>\n<meta property=\"og:image\" content=\"https:\/\/aaknives.eu\/wp-content\/uploads\/2021\/09\/aaknives-hand-forged-dabascus-steel-blade-knife-handmade-custom-made-knife-handcrafted-knives-autinetools-northmen-28.2-3.jpg\" \/>\n\t<meta property=\"og:image:width\" content=\"1020\" \/>\n\t<meta property=\"og:image:height\" content=\"880\" \/>\n\t<meta property=\"og:image:type\" content=\"image\/jpeg\" \/>\n<meta name=\"twitter:card\" content=\"summary_large_image\" \/>\n<meta name=\"twitter:label1\" content=\"Est. reading time\" \/>\n\t<meta name=\"twitter:data1\" content=\"1 minut\" \/>\n<script type=\"application\/ld+json\" class=\"yoast-schema-graph\">{\"@context\":\"https:\\\/\\\/schema.org\",\"@graph\":[{\"@type\":\"WebPage\",\"@id\":\"https:\\\/\\\/aaknives.eu\\\/et\\\/product\\\/lati-voimsusnuga-risti-risti-sepistatud-roostevabast-terasest\\\/\",\"url\":\"https:\\\/\\\/aaknives.eu\\\/et\\\/product\\\/lati-voimsusnuga-risti-risti-sepistatud-roostevabast-terasest\\\/\",\"name\":\"L\u00e4ti v\u00f5imsusnuga ''Risti risti'', sepistatud roostevabast terasest - AAKnives\",\"isPartOf\":{\"@id\":\"https:\\\/\\\/aaknives.eu\\\/et\\\/#website\"},\"primaryImageOfPage\":{\"@id\":\"https:\\\/\\\/aaknives.eu\\\/et\\\/product\\\/lati-voimsusnuga-risti-risti-sepistatud-roostevabast-terasest\\\/#primaryimage\"},\"image\":{\"@id\":\"https:\\\/\\\/aaknives.eu\\\/et\\\/product\\\/lati-voimsusnuga-risti-risti-sepistatud-roostevabast-terasest\\\/#primaryimage\"},\"thumbnailUrl\":\"https:\\\/\\\/aaknives.eu\\\/wp-content\\\/uploads\\\/2021\\\/09\\\/aaknives-hand-forged-dabascus-steel-blade-knife-handmade-custom-made-knife-handcrafted-knives-autinetools-northmen-28.2-3.jpg\",\"datePublished\":\"2021-09-20T20:39:18+00:00\",\"dateModified\":\"2025-02-05T13:33:05+00:00\",\"description\":\"L\u00e4ti v\u00f5imsusnuga ''Risti risti'', sepistatud roostevabast terasest\",\"breadcrumb\":{\"@id\":\"https:\\\/\\\/aaknives.eu\\\/et\\\/product\\\/lati-voimsusnuga-risti-risti-sepistatud-roostevabast-terasest\\\/#breadcrumb\"},\"inLanguage\":\"et\",\"potentialAction\":[{\"@type\":\"ReadAction\",\"target\":[\"https:\\\/\\\/aaknives.eu\\\/et\\\/product\\\/lati-voimsusnuga-risti-risti-sepistatud-roostevabast-terasest\\\/\"]}]},{\"@type\":\"ImageObject\",\"inLanguage\":\"et\",\"@id\":\"https:\\\/\\\/aaknives.eu\\\/et\\\/product\\\/lati-voimsusnuga-risti-risti-sepistatud-roostevabast-terasest\\\/#primaryimage\",\"url\":\"https:\\\/\\\/aaknives.eu\\\/wp-content\\\/uploads\\\/2021\\\/09\\\/aaknives-hand-forged-dabascus-steel-blade-knife-handmade-custom-made-knife-handcrafted-knives-autinetools-northmen-28.2-3.jpg\",\"contentUrl\":\"https:\\\/\\\/aaknives.eu\\\/wp-content\\\/uploads\\\/2021\\\/09\\\/aaknives-hand-forged-dabascus-steel-blade-knife-handmade-custom-made-knife-handcrafted-knives-autinetools-northmen-28.2-3.jpg\",\"width\":1020,\"height\":880},{\"@type\":\"BreadcrumbList\",\"@id\":\"https:\\\/\\\/aaknives.eu\\\/et\\\/product\\\/lati-voimsusnuga-risti-risti-sepistatud-roostevabast-terasest\\\/#breadcrumb\",\"itemListElement\":[{\"@type\":\"ListItem\",\"position\":1,\"name\":\"Home\",\"item\":\"https:\\\/\\\/aaknives.eu\\\/et\\\/kodu\\\/\"},{\"@type\":\"ListItem\",\"position\":2,\"name\":\"Kauplus\",\"item\":\"https:\\\/\\\/aaknives.eu\\\/et\\\/kauplus\\\/\"},{\"@type\":\"ListItem\",\"position\":3,\"name\":\"Private: L\u00e4ti v\u00f5imsusnuga &#8221;Risti risti&#8221;, sepistatud roostevabast terasest\"}]},{\"@type\":\"WebSite\",\"@id\":\"https:\\\/\\\/aaknives.eu\\\/et\\\/#website\",\"url\":\"https:\\\/\\\/aaknives.eu\\\/et\\\/\",\"name\":\"AAKnives\",\"description\":\"Handmade knives\",\"publisher\":{\"@id\":\"https:\\\/\\\/aaknives.eu\\\/et\\\/#organization\"},\"alternateName\":\"Anri Ananin Knives\",\"potentialAction\":[{\"@type\":\"SearchAction\",\"target\":{\"@type\":\"EntryPoint\",\"urlTemplate\":\"https:\\\/\\\/aaknives.eu\\\/et\\\/?s={search_term_string}\"},\"query-input\":{\"@type\":\"PropertyValueSpecification\",\"valueRequired\":true,\"valueName\":\"search_term_string\"}}],\"inLanguage\":\"et\"},{\"@type\":\"Organization\",\"@id\":\"https:\\\/\\\/aaknives.eu\\\/et\\\/#organization\",\"name\":\"AAKnives\",\"url\":\"https:\\\/\\\/aaknives.eu\\\/et\\\/\",\"logo\":{\"@type\":\"ImageObject\",\"inLanguage\":\"et\",\"@id\":\"https:\\\/\\\/aaknives.eu\\\/et\\\/#\\\/schema\\\/logo\\\/image\\\/\",\"url\":\"https:\\\/\\\/aaknives.eu\\\/wp-content\\\/uploads\\\/2021\\\/10\\\/AAknives_Logo_Green.png\",\"contentUrl\":\"https:\\\/\\\/aaknives.eu\\\/wp-content\\\/uploads\\\/2021\\\/10\\\/AAknives_Logo_Green.png\",\"width\":1768,\"height\":1768,\"caption\":\"AAKnives\"},\"image\":{\"@id\":\"https:\\\/\\\/aaknives.eu\\\/et\\\/#\\\/schema\\\/logo\\\/image\\\/\"},\"sameAs\":[\"https:\\\/\\\/www.facebook.com\\\/aaknives.eu\\\/\",\"https:\\\/\\\/www.instagram.com\\\/aaknives\\\/\",\"https:\\\/\\\/www.pinterest.com\\\/aa_knives\\\/\",\"https:\\\/\\\/www.youtube.com\\\/@aaknives9518\"]}]}<\/script>\n<!-- \/ Yoast SEO plugin. -->","yoast_head_json":{"title":"L\u00e4ti v\u00f5imsusnuga ''Risti risti'', sepistatud roostevabast terasest - AAKnives","description":"L\u00e4ti v\u00f5imsusnuga ''Risti risti'', sepistatud roostevabast terasest","robots":{"index":"index","follow":"follow","max-snippet":"max-snippet:-1","max-image-preview":"max-image-preview:large","max-video-preview":"max-video-preview:-1"},"canonical":"https:\/\/aaknives.eu\/et\/product\/lati-voimsusnuga-risti-risti-sepistatud-roostevabast-terasest\/","og_locale":"et_EE","og_type":"article","og_title":"L\u00e4ti v\u00f5imsusnuga ''Risti risti'', sepistatud roostevabast terasest - AAKnives","og_description":"L\u00e4ti v\u00f5imsusnuga ''Risti risti'', sepistatud roostevabast terasest","og_url":"https:\/\/aaknives.eu\/et\/product\/lati-voimsusnuga-risti-risti-sepistatud-roostevabast-terasest\/","og_site_name":"AAKnives","article_publisher":"https:\/\/www.facebook.com\/aaknives.eu\/","article_modified_time":"2025-02-05T13:33:05+00:00","og_image":[{"width":1020,"height":880,"url":"https:\/\/aaknives.eu\/wp-content\/uploads\/2021\/09\/aaknives-hand-forged-dabascus-steel-blade-knife-handmade-custom-made-knife-handcrafted-knives-autinetools-northmen-28.2-3.jpg","type":"image\/jpeg"}],"twitter_card":"summary_large_image","twitter_misc":{"Est. reading time":"1 minut"},"schema":{"@context":"https:\/\/schema.org","@graph":[{"@type":"WebPage","@id":"https:\/\/aaknives.eu\/et\/product\/lati-voimsusnuga-risti-risti-sepistatud-roostevabast-terasest\/","url":"https:\/\/aaknives.eu\/et\/product\/lati-voimsusnuga-risti-risti-sepistatud-roostevabast-terasest\/","name":"L\u00e4ti v\u00f5imsusnuga ''Risti risti'', sepistatud roostevabast terasest - AAKnives","isPartOf":{"@id":"https:\/\/aaknives.eu\/et\/#website"},"primaryImageOfPage":{"@id":"https:\/\/aaknives.eu\/et\/product\/lati-voimsusnuga-risti-risti-sepistatud-roostevabast-terasest\/#primaryimage"},"image":{"@id":"https:\/\/aaknives.eu\/et\/product\/lati-voimsusnuga-risti-risti-sepistatud-roostevabast-terasest\/#primaryimage"},"thumbnailUrl":"https:\/\/aaknives.eu\/wp-content\/uploads\/2021\/09\/aaknives-hand-forged-dabascus-steel-blade-knife-handmade-custom-made-knife-handcrafted-knives-autinetools-northmen-28.2-3.jpg","datePublished":"2021-09-20T20:39:18+00:00","dateModified":"2025-02-05T13:33:05+00:00","description":"L\u00e4ti v\u00f5imsusnuga ''Risti risti'', sepistatud roostevabast terasest","breadcrumb":{"@id":"https:\/\/aaknives.eu\/et\/product\/lati-voimsusnuga-risti-risti-sepistatud-roostevabast-terasest\/#breadcrumb"},"inLanguage":"et","potentialAction":[{"@type":"ReadAction","target":["https:\/\/aaknives.eu\/et\/product\/lati-voimsusnuga-risti-risti-sepistatud-roostevabast-terasest\/"]}]},{"@type":"ImageObject","inLanguage":"et","@id":"https:\/\/aaknives.eu\/et\/product\/lati-voimsusnuga-risti-risti-sepistatud-roostevabast-terasest\/#primaryimage","url":"https:\/\/aaknives.eu\/wp-content\/uploads\/2021\/09\/aaknives-hand-forged-dabascus-steel-blade-knife-handmade-custom-made-knife-handcrafted-knives-autinetools-northmen-28.2-3.jpg","contentUrl":"https:\/\/aaknives.eu\/wp-content\/uploads\/2021\/09\/aaknives-hand-forged-dabascus-steel-blade-knife-handmade-custom-made-knife-handcrafted-knives-autinetools-northmen-28.2-3.jpg","width":1020,"height":880},{"@type":"BreadcrumbList","@id":"https:\/\/aaknives.eu\/et\/product\/lati-voimsusnuga-risti-risti-sepistatud-roostevabast-terasest\/#breadcrumb","itemListElement":[{"@type":"ListItem","position":1,"name":"Home","item":"https:\/\/aaknives.eu\/et\/kodu\/"},{"@type":"ListItem","position":2,"name":"Kauplus","item":"https:\/\/aaknives.eu\/et\/kauplus\/"},{"@type":"ListItem","position":3,"name":"Private: L\u00e4ti v\u00f5imsusnuga &#8221;Risti risti&#8221;, sepistatud roostevabast terasest"}]},{"@type":"WebSite","@id":"https:\/\/aaknives.eu\/et\/#website","url":"https:\/\/aaknives.eu\/et\/","name":"AAKnives","description":"Handmade knives","publisher":{"@id":"https:\/\/aaknives.eu\/et\/#organization"},"alternateName":"Anri Ananin Knives","potentialAction":[{"@type":"SearchAction","target":{"@type":"EntryPoint","urlTemplate":"https:\/\/aaknives.eu\/et\/?s={search_term_string}"},"query-input":{"@type":"PropertyValueSpecification","valueRequired":true,"valueName":"search_term_string"}}],"inLanguage":"et"},{"@type":"Organization","@id":"https:\/\/aaknives.eu\/et\/#organization","name":"AAKnives","url":"https:\/\/aaknives.eu\/et\/","logo":{"@type":"ImageObject","inLanguage":"et","@id":"https:\/\/aaknives.eu\/et\/#\/schema\/logo\/image\/","url":"https:\/\/aaknives.eu\/wp-content\/uploads\/2021\/10\/AAknives_Logo_Green.png","contentUrl":"https:\/\/aaknives.eu\/wp-content\/uploads\/2021\/10\/AAknives_Logo_Green.png","width":1768,"height":1768,"caption":"AAKnives"},"image":{"@id":"https:\/\/aaknives.eu\/et\/#\/schema\/logo\/image\/"},"sameAs":["https:\/\/www.facebook.com\/aaknives.eu\/","https:\/\/www.instagram.com\/aaknives\/","https:\/\/www.pinterest.com\/aa_knives\/","https:\/\/www.youtube.com\/@aaknives9518"]}]}},"_links":{"self":[{"href":"https:\/\/aaknives.eu\/et\/wp-json\/wp\/v2\/product\/42715","targetHints":{"allow":["GET"]}}],"collection":[{"href":"https:\/\/aaknives.eu\/et\/wp-json\/wp\/v2\/product"}],"about":[{"href":"https:\/\/aaknives.eu\/et\/wp-json\/wp\/v2\/types\/product"}],"wp:featuredmedia":[{"embeddable":true,"href":"https:\/\/aaknives.eu\/et\/wp-json\/wp\/v2\/media\/95581"}],"wp:attachment":[{"href":"https:\/\/aaknives.eu\/et\/wp-json\/wp\/v2\/media?parent=42715"}],"wp:term":[{"taxonomy":"product_brand","embeddable":true,"href":"https:\/\/aaknives.eu\/et\/wp-json\/wp\/v2\/product_brand?post=42715"},{"taxonomy":"product_cat","embeddable":true,"href":"https:\/\/aaknives.eu\/et\/wp-json\/wp\/v2\/product_cat?post=42715"},{"taxonomy":"product_tag","embeddable":true,"href":"https:\/\/aaknives.eu\/et\/wp-json\/wp\/v2\/product_tag?post=42715"}],"curies":[{"name":"wp","href":"https:\/\/api.w.org\/{rel}","templated":true}]}}