{"id":42929,"date":"2021-09-20T20:36:18","date_gmt":"2021-09-20T20:36:18","guid":{"rendered":"https:\/\/aaknives.eu\/product\/nuga-fisherman-kasitsi-sepistatud-rootsi-terasest-uddeholm-elmax-superclean\/"},"modified":"2024-07-02T17:18:27","modified_gmt":"2024-07-02T17:18:27","slug":"nuga-fisherman-kasitsi-sepistatud-rootsi-terasest-uddeholm-elmax-superclean","status":"publish","type":"product","link":"https:\/\/aaknives.eu\/et\/product\/nuga-fisherman-kasitsi-sepistatud-rootsi-terasest-uddeholm-elmax-superclean\/","title":{"rendered":"Knife &#8221;POSEIDON&#8221; &#8211; hand forged Swedish Steel Uddeholm \u201dElmax\u201d SuperClean"},"content":{"rendered":"<p>Noa spetsifikatsioonid: POSEIDON<br \/>\nTeras: Rootsi teras Uddeholm &#8220;Elmax&#8221; SuperClean<br \/>\nK\u00f5vadus: 60 HRC<br \/>\nTera pikkus (mm): tera pikkus: 112 \/ 4,40 tolli<br \/>\nTera paksus (mm): 3<br \/>\nTera laius (mm): 31 \/ 1,22 tolli<br \/>\nK\u00e4epide: stabiliseeritud karjalane kask<br \/>\nKogupikkus (mm): 238 \/ 9,37 tolli<\/p>\n<p>ELMAXi roostevabast pulbrilisest t\u00f6\u00f6riistaterasest sulamterasest on valmistatud Rootsis. Tootja on UDDEHOLM .Elmax terasest noad on populaarsed kogu maailmas. Elmax teras on v\u00e4ga kulumiskindel, on korrosioonikindel t\u00e4nu k\u00f5rgele kroomi, vanaadiumi, mol\u00fcbdeeni sisaldusele. \u00fclimalt k\u00f5va l\u00f5iketera. K\u00f5vadus 62 \u00fchikut Rockwelli skaalal, Parem plastilisus (murdumiskindlus)ELMAX terasest valmistatud tera sobib h\u00e4sti poleerimiseks, mille tulemusena muutub pind peegliks.<\/p>\n","protected":false},"excerpt":{"rendered":"<p>Noa spetsifikatsioonid: POSEIDON Teras: Rootsi teras Uddeholm &#8220;Elmax&#8221; SuperClean K\u00f5vadus: 60 HRC Tera pikkus (mm): tera pikkus: 112 \/ 4,40 tolli Tera paksus (mm): 3 Tera laius (mm): 31 \/ 1,22 tolli K\u00e4epide: stabiliseeritud karjalane kask Kogupikkus (mm): 238 \/ 9,37 tolli ELMAXi roostevabast pulbrilisest t\u00f6\u00f6riistaterasest sulamterasest on valmistatud Rootsis. Tootja on UDDEHOLM .Elmax terasest noad on populaarsed kogu maailmas. Elmax teras on v\u00e4ga kulumiskindel, on korrosioonikindel t\u00e4nu k\u00f5rgele kroomi, vanaadiumi, mol\u00fcbdeeni sisaldusele. \u00fclimalt k\u00f5va l\u00f5iketera. K\u00f5vadus 62 \u00fchikut Rockwelli skaalal, Parem plastilisus (murdumiskindlus)ELMAX terasest valmistatud tera sobib h\u00e4sti poleerimiseks, mille tulemusena muutub pind peegliks.<\/p>\n","protected":false},"featured_media":104276,"template":"","meta":{"_themeisle_gutenberg_block_has_review":false},"product_brand":[],"product_cat":[343,346],"product_tag":[],"class_list":{"0":"post-42929","1":"product","2":"type-product","3":"status-publish","4":"has-post-thumbnail","6":"product_cat-kalapuugi-noad","7":"product_cat-matkanoad","9":"first","10":"instock","11":"shipping-taxable","12":"purchasable","13":"product-type-simple"},"yoast_head":"<!-- This site is optimized with the Yoast SEO plugin v27.3 - https:\/\/yoast.com\/product\/yoast-seo-wordpress\/ -->\n<title>Knife &#039;&#039;POSEIDON&#039;&#039; - hand forged Swedish Steel Uddeholm \u201dElmax\u201d SuperClean - AAKnives<\/title>\n<meta name=\"description\" content=\"Nuga FISHERMAN - k\u00e4sitsi sepistatud Rootsi terasest Uddeholm &quot;Elmax&quot; SuperClean, matkanuga, v\u00e4ljas nuga, k\u00e4sitsi valmistatud nuga, kalap\u00fc\u00fcginuga\" \/>\n<meta name=\"robots\" content=\"index, follow, max-snippet:-1, max-image-preview:large, max-video-preview:-1\" \/>\n<link rel=\"canonical\" href=\"https:\/\/aaknives.eu\/et\/product\/nuga-fisherman-kasitsi-sepistatud-rootsi-terasest-uddeholm-elmax-superclean\/\" \/>\n<meta property=\"og:locale\" content=\"et_EE\" \/>\n<meta property=\"og:type\" content=\"article\" \/>\n<meta property=\"og:title\" content=\"Knife &#039;&#039;POSEIDON&#039;&#039; - hand forged Swedish Steel Uddeholm \u201dElmax\u201d SuperClean - AAKnives\" \/>\n<meta property=\"og:description\" content=\"Nuga FISHERMAN - k\u00e4sitsi sepistatud Rootsi terasest Uddeholm &quot;Elmax&quot; SuperClean, matkanuga, v\u00e4ljas nuga, k\u00e4sitsi valmistatud nuga, kalap\u00fc\u00fcginuga\" \/>\n<meta property=\"og:url\" content=\"https:\/\/aaknives.eu\/et\/product\/nuga-fisherman-kasitsi-sepistatud-rootsi-terasest-uddeholm-elmax-superclean\/\" \/>\n<meta property=\"og:site_name\" content=\"AAKnives\" \/>\n<meta property=\"article:publisher\" content=\"https:\/\/www.facebook.com\/aaknives.eu\/\" \/>\n<meta property=\"article:modified_time\" content=\"2024-07-02T17:18:27+00:00\" \/>\n<meta property=\"og:image\" content=\"https:\/\/aaknives.eu\/wp-content\/uploads\/2021\/09\/aaknives-hand-forged-dabascus-steel-blade-knife-handmade-custom-made-knife-handcrafted-knives-autinetools-northmen-20.2-4.jpg\" \/>\n\t<meta property=\"og:image:width\" content=\"1020\" \/>\n\t<meta property=\"og:image:height\" content=\"880\" \/>\n\t<meta property=\"og:image:type\" content=\"image\/jpeg\" \/>\n<meta name=\"twitter:card\" content=\"summary_large_image\" \/>\n<script type=\"application\/ld+json\" class=\"yoast-schema-graph\">{\"@context\":\"https:\\\/\\\/schema.org\",\"@graph\":[{\"@type\":\"WebPage\",\"@id\":\"https:\\\/\\\/aaknives.eu\\\/et\\\/product\\\/nuga-fisherman-kasitsi-sepistatud-rootsi-terasest-uddeholm-elmax-superclean\\\/\",\"url\":\"https:\\\/\\\/aaknives.eu\\\/et\\\/product\\\/nuga-fisherman-kasitsi-sepistatud-rootsi-terasest-uddeholm-elmax-superclean\\\/\",\"name\":\"Knife ''POSEIDON'' - hand forged Swedish Steel Uddeholm \u201dElmax\u201d SuperClean - AAKnives\",\"isPartOf\":{\"@id\":\"https:\\\/\\\/aaknives.eu\\\/et\\\/#website\"},\"primaryImageOfPage\":{\"@id\":\"https:\\\/\\\/aaknives.eu\\\/et\\\/product\\\/nuga-fisherman-kasitsi-sepistatud-rootsi-terasest-uddeholm-elmax-superclean\\\/#primaryimage\"},\"image\":{\"@id\":\"https:\\\/\\\/aaknives.eu\\\/et\\\/product\\\/nuga-fisherman-kasitsi-sepistatud-rootsi-terasest-uddeholm-elmax-superclean\\\/#primaryimage\"},\"thumbnailUrl\":\"https:\\\/\\\/aaknives.eu\\\/wp-content\\\/uploads\\\/2021\\\/09\\\/aaknives-hand-forged-damascus-steel-blade-knife-handmade-custom-made-knife-handcrafted-knives-autinetools-northmen-1-92.jpg\",\"datePublished\":\"2021-09-20T20:36:18+00:00\",\"dateModified\":\"2024-07-02T17:18:27+00:00\",\"description\":\"Nuga FISHERMAN - k\u00e4sitsi sepistatud Rootsi terasest Uddeholm \\\"Elmax\\\" SuperClean, matkanuga, v\u00e4ljas nuga, k\u00e4sitsi valmistatud nuga, kalap\u00fc\u00fcginuga\",\"breadcrumb\":{\"@id\":\"https:\\\/\\\/aaknives.eu\\\/et\\\/product\\\/nuga-fisherman-kasitsi-sepistatud-rootsi-terasest-uddeholm-elmax-superclean\\\/#breadcrumb\"},\"inLanguage\":\"et\",\"potentialAction\":[{\"@type\":\"ReadAction\",\"target\":[\"https:\\\/\\\/aaknives.eu\\\/et\\\/product\\\/nuga-fisherman-kasitsi-sepistatud-rootsi-terasest-uddeholm-elmax-superclean\\\/\"]}]},{\"@type\":\"ImageObject\",\"inLanguage\":\"et\",\"@id\":\"https:\\\/\\\/aaknives.eu\\\/et\\\/product\\\/nuga-fisherman-kasitsi-sepistatud-rootsi-terasest-uddeholm-elmax-superclean\\\/#primaryimage\",\"url\":\"https:\\\/\\\/aaknives.eu\\\/wp-content\\\/uploads\\\/2021\\\/09\\\/aaknives-hand-forged-damascus-steel-blade-knife-handmade-custom-made-knife-handcrafted-knives-autinetools-northmen-1-92.jpg\",\"contentUrl\":\"https:\\\/\\\/aaknives.eu\\\/wp-content\\\/uploads\\\/2021\\\/09\\\/aaknives-hand-forged-damascus-steel-blade-knife-handmade-custom-made-knife-handcrafted-knives-autinetools-northmen-1-92.jpg\",\"width\":1020,\"height\":880},{\"@type\":\"BreadcrumbList\",\"@id\":\"https:\\\/\\\/aaknives.eu\\\/et\\\/product\\\/nuga-fisherman-kasitsi-sepistatud-rootsi-terasest-uddeholm-elmax-superclean\\\/#breadcrumb\",\"itemListElement\":[{\"@type\":\"ListItem\",\"position\":1,\"name\":\"Home\",\"item\":\"https:\\\/\\\/aaknives.eu\\\/et\\\/kodu\\\/\"},{\"@type\":\"ListItem\",\"position\":2,\"name\":\"Kauplus\",\"item\":\"https:\\\/\\\/aaknives.eu\\\/et\\\/kauplus\\\/\"},{\"@type\":\"ListItem\",\"position\":3,\"name\":\"Privaatpostitus: Knife &#8221;POSEIDON&#8221; &#8211; hand forged Swedish Steel Uddeholm \u201dElmax\u201d SuperClean\"}]},{\"@type\":\"WebSite\",\"@id\":\"https:\\\/\\\/aaknives.eu\\\/et\\\/#website\",\"url\":\"https:\\\/\\\/aaknives.eu\\\/et\\\/\",\"name\":\"AAKnives\",\"description\":\"Handmade knives\",\"publisher\":{\"@id\":\"https:\\\/\\\/aaknives.eu\\\/et\\\/#organization\"},\"potentialAction\":[{\"@type\":\"SearchAction\",\"target\":{\"@type\":\"EntryPoint\",\"urlTemplate\":\"https:\\\/\\\/aaknives.eu\\\/et\\\/?s={search_term_string}\"},\"query-input\":{\"@type\":\"PropertyValueSpecification\",\"valueRequired\":true,\"valueName\":\"search_term_string\"}}],\"inLanguage\":\"et\"},{\"@type\":\"Organization\",\"@id\":\"https:\\\/\\\/aaknives.eu\\\/et\\\/#organization\",\"name\":\"AAKnives\",\"url\":\"https:\\\/\\\/aaknives.eu\\\/et\\\/\",\"logo\":{\"@type\":\"ImageObject\",\"inLanguage\":\"et\",\"@id\":\"https:\\\/\\\/aaknives.eu\\\/et\\\/#\\\/schema\\\/logo\\\/image\\\/\",\"url\":\"https:\\\/\\\/aaknives.eu\\\/wp-content\\\/uploads\\\/2021\\\/10\\\/AAknives_Logo_Green.png\",\"contentUrl\":\"https:\\\/\\\/aaknives.eu\\\/wp-content\\\/uploads\\\/2021\\\/10\\\/AAknives_Logo_Green.png\",\"width\":1768,\"height\":1768,\"caption\":\"AAKnives\"},\"image\":{\"@id\":\"https:\\\/\\\/aaknives.eu\\\/et\\\/#\\\/schema\\\/logo\\\/image\\\/\"},\"sameAs\":[\"https:\\\/\\\/www.facebook.com\\\/aaknives.eu\\\/\",\"https:\\\/\\\/www.instagram.com\\\/aaknives\\\/\",\"https:\\\/\\\/www.pinterest.com\\\/aa_knives\\\/\",\"https:\\\/\\\/www.youtube.com\\\/channel\\\/UCHOQFjrOkgT6s4FIw9LDKyw\\\/featured\"]}]}<\/script>\n<!-- \/ Yoast SEO plugin. -->","yoast_head_json":{"title":"Knife ''POSEIDON'' - hand forged Swedish Steel Uddeholm \u201dElmax\u201d SuperClean - AAKnives","description":"Nuga FISHERMAN - k\u00e4sitsi sepistatud Rootsi terasest Uddeholm \"Elmax\" SuperClean, matkanuga, v\u00e4ljas nuga, k\u00e4sitsi valmistatud nuga, kalap\u00fc\u00fcginuga","robots":{"index":"index","follow":"follow","max-snippet":"max-snippet:-1","max-image-preview":"max-image-preview:large","max-video-preview":"max-video-preview:-1"},"canonical":"https:\/\/aaknives.eu\/et\/product\/nuga-fisherman-kasitsi-sepistatud-rootsi-terasest-uddeholm-elmax-superclean\/","og_locale":"et_EE","og_type":"article","og_title":"Knife ''POSEIDON'' - hand forged Swedish Steel Uddeholm \u201dElmax\u201d SuperClean - AAKnives","og_description":"Nuga FISHERMAN - k\u00e4sitsi sepistatud Rootsi terasest Uddeholm \"Elmax\" SuperClean, matkanuga, v\u00e4ljas nuga, k\u00e4sitsi valmistatud nuga, kalap\u00fc\u00fcginuga","og_url":"https:\/\/aaknives.eu\/et\/product\/nuga-fisherman-kasitsi-sepistatud-rootsi-terasest-uddeholm-elmax-superclean\/","og_site_name":"AAKnives","article_publisher":"https:\/\/www.facebook.com\/aaknives.eu\/","article_modified_time":"2024-07-02T17:18:27+00:00","og_image":[{"width":1020,"height":880,"url":"https:\/\/aaknives.eu\/wp-content\/uploads\/2021\/09\/aaknives-hand-forged-dabascus-steel-blade-knife-handmade-custom-made-knife-handcrafted-knives-autinetools-northmen-20.2-4.jpg","type":"image\/jpeg"}],"twitter_card":"summary_large_image","schema":{"@context":"https:\/\/schema.org","@graph":[{"@type":"WebPage","@id":"https:\/\/aaknives.eu\/et\/product\/nuga-fisherman-kasitsi-sepistatud-rootsi-terasest-uddeholm-elmax-superclean\/","url":"https:\/\/aaknives.eu\/et\/product\/nuga-fisherman-kasitsi-sepistatud-rootsi-terasest-uddeholm-elmax-superclean\/","name":"Knife ''POSEIDON'' - hand forged Swedish Steel Uddeholm \u201dElmax\u201d SuperClean - AAKnives","isPartOf":{"@id":"https:\/\/aaknives.eu\/et\/#website"},"primaryImageOfPage":{"@id":"https:\/\/aaknives.eu\/et\/product\/nuga-fisherman-kasitsi-sepistatud-rootsi-terasest-uddeholm-elmax-superclean\/#primaryimage"},"image":{"@id":"https:\/\/aaknives.eu\/et\/product\/nuga-fisherman-kasitsi-sepistatud-rootsi-terasest-uddeholm-elmax-superclean\/#primaryimage"},"thumbnailUrl":"https:\/\/aaknives.eu\/wp-content\/uploads\/2021\/09\/aaknives-hand-forged-damascus-steel-blade-knife-handmade-custom-made-knife-handcrafted-knives-autinetools-northmen-1-92.jpg","datePublished":"2021-09-20T20:36:18+00:00","dateModified":"2024-07-02T17:18:27+00:00","description":"Nuga FISHERMAN - k\u00e4sitsi sepistatud Rootsi terasest Uddeholm \"Elmax\" SuperClean, matkanuga, v\u00e4ljas nuga, k\u00e4sitsi valmistatud nuga, kalap\u00fc\u00fcginuga","breadcrumb":{"@id":"https:\/\/aaknives.eu\/et\/product\/nuga-fisherman-kasitsi-sepistatud-rootsi-terasest-uddeholm-elmax-superclean\/#breadcrumb"},"inLanguage":"et","potentialAction":[{"@type":"ReadAction","target":["https:\/\/aaknives.eu\/et\/product\/nuga-fisherman-kasitsi-sepistatud-rootsi-terasest-uddeholm-elmax-superclean\/"]}]},{"@type":"ImageObject","inLanguage":"et","@id":"https:\/\/aaknives.eu\/et\/product\/nuga-fisherman-kasitsi-sepistatud-rootsi-terasest-uddeholm-elmax-superclean\/#primaryimage","url":"https:\/\/aaknives.eu\/wp-content\/uploads\/2021\/09\/aaknives-hand-forged-damascus-steel-blade-knife-handmade-custom-made-knife-handcrafted-knives-autinetools-northmen-1-92.jpg","contentUrl":"https:\/\/aaknives.eu\/wp-content\/uploads\/2021\/09\/aaknives-hand-forged-damascus-steel-blade-knife-handmade-custom-made-knife-handcrafted-knives-autinetools-northmen-1-92.jpg","width":1020,"height":880},{"@type":"BreadcrumbList","@id":"https:\/\/aaknives.eu\/et\/product\/nuga-fisherman-kasitsi-sepistatud-rootsi-terasest-uddeholm-elmax-superclean\/#breadcrumb","itemListElement":[{"@type":"ListItem","position":1,"name":"Home","item":"https:\/\/aaknives.eu\/et\/kodu\/"},{"@type":"ListItem","position":2,"name":"Kauplus","item":"https:\/\/aaknives.eu\/et\/kauplus\/"},{"@type":"ListItem","position":3,"name":"Privaatpostitus: Knife &#8221;POSEIDON&#8221; &#8211; hand forged Swedish Steel Uddeholm \u201dElmax\u201d SuperClean"}]},{"@type":"WebSite","@id":"https:\/\/aaknives.eu\/et\/#website","url":"https:\/\/aaknives.eu\/et\/","name":"AAKnives","description":"Handmade knives","publisher":{"@id":"https:\/\/aaknives.eu\/et\/#organization"},"potentialAction":[{"@type":"SearchAction","target":{"@type":"EntryPoint","urlTemplate":"https:\/\/aaknives.eu\/et\/?s={search_term_string}"},"query-input":{"@type":"PropertyValueSpecification","valueRequired":true,"valueName":"search_term_string"}}],"inLanguage":"et"},{"@type":"Organization","@id":"https:\/\/aaknives.eu\/et\/#organization","name":"AAKnives","url":"https:\/\/aaknives.eu\/et\/","logo":{"@type":"ImageObject","inLanguage":"et","@id":"https:\/\/aaknives.eu\/et\/#\/schema\/logo\/image\/","url":"https:\/\/aaknives.eu\/wp-content\/uploads\/2021\/10\/AAknives_Logo_Green.png","contentUrl":"https:\/\/aaknives.eu\/wp-content\/uploads\/2021\/10\/AAknives_Logo_Green.png","width":1768,"height":1768,"caption":"AAKnives"},"image":{"@id":"https:\/\/aaknives.eu\/et\/#\/schema\/logo\/image\/"},"sameAs":["https:\/\/www.facebook.com\/aaknives.eu\/","https:\/\/www.instagram.com\/aaknives\/","https:\/\/www.pinterest.com\/aa_knives\/","https:\/\/www.youtube.com\/channel\/UCHOQFjrOkgT6s4FIw9LDKyw\/featured"]}]}},"_links":{"self":[{"href":"https:\/\/aaknives.eu\/et\/wp-json\/wp\/v2\/product\/42929","targetHints":{"allow":["GET"]}}],"collection":[{"href":"https:\/\/aaknives.eu\/et\/wp-json\/wp\/v2\/product"}],"about":[{"href":"https:\/\/aaknives.eu\/et\/wp-json\/wp\/v2\/types\/product"}],"wp:featuredmedia":[{"embeddable":true,"href":"https:\/\/aaknives.eu\/et\/wp-json\/wp\/v2\/media\/104276"}],"wp:attachment":[{"href":"https:\/\/aaknives.eu\/et\/wp-json\/wp\/v2\/media?parent=42929"}],"wp:term":[{"taxonomy":"product_brand","embeddable":true,"href":"https:\/\/aaknives.eu\/et\/wp-json\/wp\/v2\/product_brand?post=42929"},{"taxonomy":"product_cat","embeddable":true,"href":"https:\/\/aaknives.eu\/et\/wp-json\/wp\/v2\/product_cat?post=42929"},{"taxonomy":"product_tag","embeddable":true,"href":"https:\/\/aaknives.eu\/et\/wp-json\/wp\/v2\/product_tag?post=42929"}],"curies":[{"name":"wp","href":"https:\/\/api.w.org\/{rel}","templated":true}]}}