{"id":43001,"date":"2021-09-20T20:35:34","date_gmt":"2021-09-20T20:35:34","guid":{"rendered":"https:\/\/aaknives.eu\/product\/nuga-grizzly-bulat-wootz-teras-sarvepuust-kaepide\/"},"modified":"2021-09-20T20:35:34","modified_gmt":"2021-09-20T20:35:34","slug":"nuga-grizzly-bulat-wootz-teras-sarvepuust-kaepide","status":"publish","type":"product","link":"https:\/\/aaknives.eu\/et\/product\/nuga-grizzly-bulat-wootz-teras-sarvepuust-kaepide\/","title":{"rendered":"Nuga &#8220;GRIZZLY&#8221; (Bulat &#8211; Wootz teras), sarvepuust k\u00e4epide"},"content":{"rendered":"<p>Noa spetsifikatsioonid: &#8220;GRIZZLY&#8221;<br \/>\nTeras: Bulat (Wootz teras)<br \/>\nK\u00f5vadus: 62 HRC<br \/>\nTera pikkus (mm): 140 \/ 5,51 tolli<br \/>\nTera paksus (mm): 2 \/ 0,09 tolli<br \/>\nTera laius (mm): 37 \/ 1,45 tolli<br \/>\nK\u00e4epide: Stabiliseeritud karjalane kask<br \/>\nKogupikkus (mm): 265 \/ 10,43 tolli<br \/>\nNugade t\u00fc\u00fcp: jahindus, v\u00e4ljas<br \/>\nPakend: nuga, nahast \u00fcmbris<\/p>\n<p>&nbsp;<\/p>\n<p>Bulat &#8211; Wootz Steel &#8211; spetsiaalse tera struktuuriga, suure k\u00f5vadusega, suurema vastupidavuse ja elastsusega k\u00e4sitsi sepistatud terasest. Igal Bulat-terasest teral on eriline individuaalne muster. &#8221;AA noad toodab noad, mis on valmistatud legeeritud Bulat terasest, mis p\u00f5hineb metallil H12MF ja ShH15.<\/p>\n<p>Bulat terase eelised:<\/p>\n<p>Suur k\u00f5vadus<br \/>\nSuurem vastupidavus<br \/>\nElastsus<br \/>\nPikaajaline teravus<br \/>\nTera k\u00f5vadus 61-64 HRC<br \/>\nK\u00e4sitsi valmistatud<\/p>\n","protected":false},"excerpt":{"rendered":"<p>Noa spetsifikatsioonid: &#8220;GRIZZLY&#8221; Teras: Bulat (Wootz teras) K\u00f5vadus: 62 HRC Tera pikkus (mm): 140 \/ 5,51 tolli Tera paksus (mm): 2 \/ 0,09 tolli Tera laius (mm): 37 \/ 1,45 tolli K\u00e4epide: Stabiliseeritud karjalane kask Kogupikkus (mm): 265 \/ 10,43 tolli Nugade t\u00fc\u00fcp: jahindus, v\u00e4ljas Pakend: nuga, nahast \u00fcmbris &nbsp; Bulat &#8211; Wootz Steel &#8211; spetsiaalse tera struktuuriga, suure k\u00f5vadusega, suurema vastupidavuse ja elastsusega k\u00e4sitsi sepistatud terasest. Igal Bulat-terasest teral on eriline individuaalne muster. &#8221;AA noad toodab noad, mis on valmistatud legeeritud Bulat terasest, mis p\u00f5hineb metallil H12MF ja ShH15. Bulat terase eelised: Suur k\u00f5vadus Suurem vastupidavus Elastsus Pikaajaline teravus&hellip;<\/p>\n","protected":false},"featured_media":43002,"template":"","meta":{"_themeisle_gutenberg_block_has_review":false},"product_brand":[],"product_cat":[345,346],"product_tag":[],"class_list":{"0":"post-43001","1":"product","2":"type-product","3":"status-publish","4":"has-post-thumbnail","6":"product_cat-jahinoad","7":"product_cat-matkanoad","9":"first","10":"instock","11":"shipping-taxable","12":"purchasable","13":"product-type-simple"},"yoast_head":"<!-- This site is optimized with the Yoast SEO plugin v27.3 - https:\/\/yoast.com\/product\/yoast-seo-wordpress\/ -->\n<title>Nuga &quot;GRIZZLY&quot; (Bulat - Wootz teras), sarvepuust k\u00e4epide - AAKnives<\/title>\n<meta name=\"description\" content=\"Bulat - Wootz Steel - spetsiaalse tera struktuuriga, suure k\u00f5vadusega, suurema vastupidavuse ja elastsusega k\u00e4sitsi sepistatud terasest.\" \/>\n<meta name=\"robots\" content=\"index, follow, max-snippet:-1, max-image-preview:large, max-video-preview:-1\" \/>\n<link rel=\"canonical\" href=\"https:\/\/aaknives.eu\/et\/product\/nuga-grizzly-bulat-wootz-teras-sarvepuust-kaepide\/\" \/>\n<meta property=\"og:locale\" content=\"et_EE\" \/>\n<meta property=\"og:type\" content=\"article\" \/>\n<meta property=\"og:title\" content=\"Nuga &quot;GRIZZLY&quot; (Bulat - Wootz teras), sarvepuust k\u00e4epide - AAKnives\" \/>\n<meta property=\"og:description\" content=\"Bulat - Wootz Steel - spetsiaalse tera struktuuriga, suure k\u00f5vadusega, suurema vastupidavuse ja elastsusega k\u00e4sitsi sepistatud terasest.\" \/>\n<meta property=\"og:url\" content=\"https:\/\/aaknives.eu\/et\/product\/nuga-grizzly-bulat-wootz-teras-sarvepuust-kaepide\/\" \/>\n<meta property=\"og:site_name\" content=\"AAKnives\" \/>\n<meta property=\"article:publisher\" content=\"https:\/\/www.facebook.com\/aaknives.eu\/\" \/>\n<meta property=\"og:image\" content=\"https:\/\/aaknives.eu\/wp-content\/uploads\/2021\/09\/aaknives-hand-forged-dabascus-steel-blade-knife-handmade-custom-made-knife-handcrafted-knives-autinetools-northmen-21-2-20.jpg\" \/>\n\t<meta property=\"og:image:width\" content=\"1020\" \/>\n\t<meta property=\"og:image:height\" content=\"880\" \/>\n\t<meta property=\"og:image:type\" content=\"image\/jpeg\" \/>\n<meta name=\"twitter:card\" content=\"summary_large_image\" \/>\n<meta name=\"twitter:label1\" content=\"Est. reading time\" \/>\n\t<meta name=\"twitter:data1\" content=\"1 minut\" \/>\n<script type=\"application\/ld+json\" class=\"yoast-schema-graph\">{\"@context\":\"https:\\\/\\\/schema.org\",\"@graph\":[{\"@type\":\"WebPage\",\"@id\":\"https:\\\/\\\/aaknives.eu\\\/et\\\/product\\\/nuga-grizzly-bulat-wootz-teras-sarvepuust-kaepide\\\/\",\"url\":\"https:\\\/\\\/aaknives.eu\\\/et\\\/product\\\/nuga-grizzly-bulat-wootz-teras-sarvepuust-kaepide\\\/\",\"name\":\"Nuga \\\"GRIZZLY\\\" (Bulat - Wootz teras), sarvepuust k\u00e4epide - AAKnives\",\"isPartOf\":{\"@id\":\"https:\\\/\\\/aaknives.eu\\\/et\\\/#website\"},\"primaryImageOfPage\":{\"@id\":\"https:\\\/\\\/aaknives.eu\\\/et\\\/product\\\/nuga-grizzly-bulat-wootz-teras-sarvepuust-kaepide\\\/#primaryimage\"},\"image\":{\"@id\":\"https:\\\/\\\/aaknives.eu\\\/et\\\/product\\\/nuga-grizzly-bulat-wootz-teras-sarvepuust-kaepide\\\/#primaryimage\"},\"thumbnailUrl\":\"https:\\\/\\\/aaknives.eu\\\/wp-content\\\/uploads\\\/2021\\\/09\\\/aaknives-hand-forged-dabascus-steel-blade-knife-handmade-custom-made-knife-handcrafted-knives-autinetools-northmen-21-2-20.jpg\",\"datePublished\":\"2021-09-20T20:35:34+00:00\",\"description\":\"Bulat - Wootz Steel - spetsiaalse tera struktuuriga, suure k\u00f5vadusega, suurema vastupidavuse ja elastsusega k\u00e4sitsi sepistatud terasest.\",\"breadcrumb\":{\"@id\":\"https:\\\/\\\/aaknives.eu\\\/et\\\/product\\\/nuga-grizzly-bulat-wootz-teras-sarvepuust-kaepide\\\/#breadcrumb\"},\"inLanguage\":\"et\",\"potentialAction\":[{\"@type\":\"ReadAction\",\"target\":[\"https:\\\/\\\/aaknives.eu\\\/et\\\/product\\\/nuga-grizzly-bulat-wootz-teras-sarvepuust-kaepide\\\/\"]}]},{\"@type\":\"ImageObject\",\"inLanguage\":\"et\",\"@id\":\"https:\\\/\\\/aaknives.eu\\\/et\\\/product\\\/nuga-grizzly-bulat-wootz-teras-sarvepuust-kaepide\\\/#primaryimage\",\"url\":\"https:\\\/\\\/aaknives.eu\\\/wp-content\\\/uploads\\\/2021\\\/09\\\/aaknives-hand-forged-dabascus-steel-blade-knife-handmade-custom-made-knife-handcrafted-knives-autinetools-northmen-21-2-20.jpg\",\"contentUrl\":\"https:\\\/\\\/aaknives.eu\\\/wp-content\\\/uploads\\\/2021\\\/09\\\/aaknives-hand-forged-dabascus-steel-blade-knife-handmade-custom-made-knife-handcrafted-knives-autinetools-northmen-21-2-20.jpg\",\"width\":1020,\"height\":880,\"caption\":\"aaknives hand forged dabascus steel blade knife handmade custom made knife handcrafted knives autinetools northmen 21 2 20\"},{\"@type\":\"BreadcrumbList\",\"@id\":\"https:\\\/\\\/aaknives.eu\\\/et\\\/product\\\/nuga-grizzly-bulat-wootz-teras-sarvepuust-kaepide\\\/#breadcrumb\",\"itemListElement\":[{\"@type\":\"ListItem\",\"position\":1,\"name\":\"Home\",\"item\":\"https:\\\/\\\/aaknives.eu\\\/et\\\/kodu\\\/\"},{\"@type\":\"ListItem\",\"position\":2,\"name\":\"Kauplus\",\"item\":\"https:\\\/\\\/aaknives.eu\\\/et\\\/kauplus\\\/\"},{\"@type\":\"ListItem\",\"position\":3,\"name\":\"Nuga &#8220;GRIZZLY&#8221; (Bulat &#8211; Wootz teras), sarvepuust k\u00e4epide\"}]},{\"@type\":\"WebSite\",\"@id\":\"https:\\\/\\\/aaknives.eu\\\/et\\\/#website\",\"url\":\"https:\\\/\\\/aaknives.eu\\\/et\\\/\",\"name\":\"AAKnives\",\"description\":\"Handmade knives\",\"publisher\":{\"@id\":\"https:\\\/\\\/aaknives.eu\\\/et\\\/#organization\"},\"potentialAction\":[{\"@type\":\"SearchAction\",\"target\":{\"@type\":\"EntryPoint\",\"urlTemplate\":\"https:\\\/\\\/aaknives.eu\\\/et\\\/?s={search_term_string}\"},\"query-input\":{\"@type\":\"PropertyValueSpecification\",\"valueRequired\":true,\"valueName\":\"search_term_string\"}}],\"inLanguage\":\"et\"},{\"@type\":\"Organization\",\"@id\":\"https:\\\/\\\/aaknives.eu\\\/et\\\/#organization\",\"name\":\"AAKnives\",\"url\":\"https:\\\/\\\/aaknives.eu\\\/et\\\/\",\"logo\":{\"@type\":\"ImageObject\",\"inLanguage\":\"et\",\"@id\":\"https:\\\/\\\/aaknives.eu\\\/et\\\/#\\\/schema\\\/logo\\\/image\\\/\",\"url\":\"https:\\\/\\\/aaknives.eu\\\/wp-content\\\/uploads\\\/2021\\\/10\\\/AAknives_Logo_Green.png\",\"contentUrl\":\"https:\\\/\\\/aaknives.eu\\\/wp-content\\\/uploads\\\/2021\\\/10\\\/AAknives_Logo_Green.png\",\"width\":1768,\"height\":1768,\"caption\":\"AAKnives\"},\"image\":{\"@id\":\"https:\\\/\\\/aaknives.eu\\\/et\\\/#\\\/schema\\\/logo\\\/image\\\/\"},\"sameAs\":[\"https:\\\/\\\/www.facebook.com\\\/aaknives.eu\\\/\",\"https:\\\/\\\/www.instagram.com\\\/aaknives\\\/\",\"https:\\\/\\\/www.pinterest.com\\\/aa_knives\\\/\",\"https:\\\/\\\/www.youtube.com\\\/channel\\\/UCHOQFjrOkgT6s4FIw9LDKyw\\\/featured\"]}]}<\/script>\n<!-- \/ Yoast SEO plugin. -->","yoast_head_json":{"title":"Nuga \"GRIZZLY\" (Bulat - Wootz teras), sarvepuust k\u00e4epide - AAKnives","description":"Bulat - Wootz Steel - spetsiaalse tera struktuuriga, suure k\u00f5vadusega, suurema vastupidavuse ja elastsusega k\u00e4sitsi sepistatud terasest.","robots":{"index":"index","follow":"follow","max-snippet":"max-snippet:-1","max-image-preview":"max-image-preview:large","max-video-preview":"max-video-preview:-1"},"canonical":"https:\/\/aaknives.eu\/et\/product\/nuga-grizzly-bulat-wootz-teras-sarvepuust-kaepide\/","og_locale":"et_EE","og_type":"article","og_title":"Nuga \"GRIZZLY\" (Bulat - Wootz teras), sarvepuust k\u00e4epide - AAKnives","og_description":"Bulat - Wootz Steel - spetsiaalse tera struktuuriga, suure k\u00f5vadusega, suurema vastupidavuse ja elastsusega k\u00e4sitsi sepistatud terasest.","og_url":"https:\/\/aaknives.eu\/et\/product\/nuga-grizzly-bulat-wootz-teras-sarvepuust-kaepide\/","og_site_name":"AAKnives","article_publisher":"https:\/\/www.facebook.com\/aaknives.eu\/","og_image":[{"width":1020,"height":880,"url":"https:\/\/aaknives.eu\/wp-content\/uploads\/2021\/09\/aaknives-hand-forged-dabascus-steel-blade-knife-handmade-custom-made-knife-handcrafted-knives-autinetools-northmen-21-2-20.jpg","type":"image\/jpeg"}],"twitter_card":"summary_large_image","twitter_misc":{"Est. reading time":"1 minut"},"schema":{"@context":"https:\/\/schema.org","@graph":[{"@type":"WebPage","@id":"https:\/\/aaknives.eu\/et\/product\/nuga-grizzly-bulat-wootz-teras-sarvepuust-kaepide\/","url":"https:\/\/aaknives.eu\/et\/product\/nuga-grizzly-bulat-wootz-teras-sarvepuust-kaepide\/","name":"Nuga \"GRIZZLY\" (Bulat - Wootz teras), sarvepuust k\u00e4epide - AAKnives","isPartOf":{"@id":"https:\/\/aaknives.eu\/et\/#website"},"primaryImageOfPage":{"@id":"https:\/\/aaknives.eu\/et\/product\/nuga-grizzly-bulat-wootz-teras-sarvepuust-kaepide\/#primaryimage"},"image":{"@id":"https:\/\/aaknives.eu\/et\/product\/nuga-grizzly-bulat-wootz-teras-sarvepuust-kaepide\/#primaryimage"},"thumbnailUrl":"https:\/\/aaknives.eu\/wp-content\/uploads\/2021\/09\/aaknives-hand-forged-dabascus-steel-blade-knife-handmade-custom-made-knife-handcrafted-knives-autinetools-northmen-21-2-20.jpg","datePublished":"2021-09-20T20:35:34+00:00","description":"Bulat - Wootz Steel - spetsiaalse tera struktuuriga, suure k\u00f5vadusega, suurema vastupidavuse ja elastsusega k\u00e4sitsi sepistatud terasest.","breadcrumb":{"@id":"https:\/\/aaknives.eu\/et\/product\/nuga-grizzly-bulat-wootz-teras-sarvepuust-kaepide\/#breadcrumb"},"inLanguage":"et","potentialAction":[{"@type":"ReadAction","target":["https:\/\/aaknives.eu\/et\/product\/nuga-grizzly-bulat-wootz-teras-sarvepuust-kaepide\/"]}]},{"@type":"ImageObject","inLanguage":"et","@id":"https:\/\/aaknives.eu\/et\/product\/nuga-grizzly-bulat-wootz-teras-sarvepuust-kaepide\/#primaryimage","url":"https:\/\/aaknives.eu\/wp-content\/uploads\/2021\/09\/aaknives-hand-forged-dabascus-steel-blade-knife-handmade-custom-made-knife-handcrafted-knives-autinetools-northmen-21-2-20.jpg","contentUrl":"https:\/\/aaknives.eu\/wp-content\/uploads\/2021\/09\/aaknives-hand-forged-dabascus-steel-blade-knife-handmade-custom-made-knife-handcrafted-knives-autinetools-northmen-21-2-20.jpg","width":1020,"height":880,"caption":"aaknives hand forged dabascus steel blade knife handmade custom made knife handcrafted knives autinetools northmen 21 2 20"},{"@type":"BreadcrumbList","@id":"https:\/\/aaknives.eu\/et\/product\/nuga-grizzly-bulat-wootz-teras-sarvepuust-kaepide\/#breadcrumb","itemListElement":[{"@type":"ListItem","position":1,"name":"Home","item":"https:\/\/aaknives.eu\/et\/kodu\/"},{"@type":"ListItem","position":2,"name":"Kauplus","item":"https:\/\/aaknives.eu\/et\/kauplus\/"},{"@type":"ListItem","position":3,"name":"Nuga &#8220;GRIZZLY&#8221; (Bulat &#8211; Wootz teras), sarvepuust k\u00e4epide"}]},{"@type":"WebSite","@id":"https:\/\/aaknives.eu\/et\/#website","url":"https:\/\/aaknives.eu\/et\/","name":"AAKnives","description":"Handmade knives","publisher":{"@id":"https:\/\/aaknives.eu\/et\/#organization"},"potentialAction":[{"@type":"SearchAction","target":{"@type":"EntryPoint","urlTemplate":"https:\/\/aaknives.eu\/et\/?s={search_term_string}"},"query-input":{"@type":"PropertyValueSpecification","valueRequired":true,"valueName":"search_term_string"}}],"inLanguage":"et"},{"@type":"Organization","@id":"https:\/\/aaknives.eu\/et\/#organization","name":"AAKnives","url":"https:\/\/aaknives.eu\/et\/","logo":{"@type":"ImageObject","inLanguage":"et","@id":"https:\/\/aaknives.eu\/et\/#\/schema\/logo\/image\/","url":"https:\/\/aaknives.eu\/wp-content\/uploads\/2021\/10\/AAknives_Logo_Green.png","contentUrl":"https:\/\/aaknives.eu\/wp-content\/uploads\/2021\/10\/AAknives_Logo_Green.png","width":1768,"height":1768,"caption":"AAKnives"},"image":{"@id":"https:\/\/aaknives.eu\/et\/#\/schema\/logo\/image\/"},"sameAs":["https:\/\/www.facebook.com\/aaknives.eu\/","https:\/\/www.instagram.com\/aaknives\/","https:\/\/www.pinterest.com\/aa_knives\/","https:\/\/www.youtube.com\/channel\/UCHOQFjrOkgT6s4FIw9LDKyw\/featured"]}]}},"_links":{"self":[{"href":"https:\/\/aaknives.eu\/et\/wp-json\/wp\/v2\/product\/43001","targetHints":{"allow":["GET"]}}],"collection":[{"href":"https:\/\/aaknives.eu\/et\/wp-json\/wp\/v2\/product"}],"about":[{"href":"https:\/\/aaknives.eu\/et\/wp-json\/wp\/v2\/types\/product"}],"wp:featuredmedia":[{"embeddable":true,"href":"https:\/\/aaknives.eu\/et\/wp-json\/wp\/v2\/media\/43002"}],"wp:attachment":[{"href":"https:\/\/aaknives.eu\/et\/wp-json\/wp\/v2\/media?parent=43001"}],"wp:term":[{"taxonomy":"product_brand","embeddable":true,"href":"https:\/\/aaknives.eu\/et\/wp-json\/wp\/v2\/product_brand?post=43001"},{"taxonomy":"product_cat","embeddable":true,"href":"https:\/\/aaknives.eu\/et\/wp-json\/wp\/v2\/product_cat?post=43001"},{"taxonomy":"product_tag","embeddable":true,"href":"https:\/\/aaknives.eu\/et\/wp-json\/wp\/v2\/product_tag?post=43001"}],"curies":[{"name":"wp","href":"https:\/\/api.w.org\/{rel}","templated":true}]}}