{"id":43188,"date":"2021-09-20T20:32:58","date_gmt":"2021-09-20T20:32:58","guid":{"rendered":"https:\/\/aaknives.eu\/product\/jaapani-suur-kokanuga-kvaliteetne-sepistatud-roostevaba-teras\/"},"modified":"2025-07-02T15:31:21","modified_gmt":"2025-07-02T15:31:21","slug":"jaapani-suur-kokanuga-kvaliteetne-sepistatud-roostevaba-teras","status":"publish","type":"product","link":"https:\/\/aaknives.eu\/et\/product\/jaapani-suur-kokanuga-kvaliteetne-sepistatud-roostevaba-teras\/","title":{"rendered":"JAAPANI SUUR KOKANUGA \u2013 kvaliteetne sepistatud roostevaba teras"},"content":{"rendered":"<p>Noa spetsifikatsioonid: JAAPANI BIG CHEF KNIFE<br \/>\nTeras: Rootsi Bohler-Uddeholm N695 roostevaba noateras, v\u00e4ga k\u00f5va, mitte rabe ja v\u00e4ga terav<br \/>\nK\u00f5vadus: 59 HRC<br \/>\nTera pikkus (mm): 235 \/ 9,25 tolli<br \/>\nTera paksus (mm): 2 \/ 0,078 tolli<br \/>\nTera laius (mm): 47 \/ 1,87 tolli<br \/>\nK\u00e4epide: akr\u00fc\u00fcl+must puit<br \/>\nKogupikkus (mm): 382 \/ 15,03 tolli<br \/>\nPakend: nuga, nahast \u00fcmbris<\/p>\n<p>Bohler-Uddeholm N695 noateras<\/p>\n<p>Bohler N695 on Bohler Uddeholmi grupi kroomitud roostevabast terasest. Sellel on suur k\u00f5vadus, hea kulumiskindlus ja hea korrosioonikindlus. N695 terasest nuga on mittekorrodeeruv, terav pikka aega ja ei vaja erilist hooldust.<\/p>\n<p>Valtsitud p\u00f5iktehnoloogiaga, et tagada plaatide ja lehtmaterjali maksimaalne stabiilsus ja \u00fchtlus.<\/p>\n<p>BOHLER N695 muud kasutusviisid:<\/p>\n<p>Rullelementide laagrid, klapipesad, kvaliteetsed noaterad, kirurgilised instrumendid ja puul\u00f5ikek\u00e4\u00e4rid.<\/p>\n<p>BOHLER N695 Koostis: C &#8211; 1.030 \/ MN &#8211; 0.44 \/ SI &#8211; 0.48 \/ P &#8211; 0.018 \/ S &#8211; 0.0010 \/ CR &#8211; 16.46 \/ MO &#8211; 0.43<\/p>\n<p>K\u00e4sitsi valmistatud.<\/p>\n","protected":false},"excerpt":{"rendered":"<p>N695 terasest nuga on mittekorrodeeruv, terav pikka aega ja ei vaja erilist hooldust.<\/p>\n","protected":false},"featured_media":99901,"template":"","meta":{"_themeisle_gutenberg_block_has_review":false},"product_brand":[],"product_cat":[348],"product_tag":[],"class_list":{"0":"post-43188","1":"product","2":"type-product","3":"status-publish","4":"has-post-thumbnail","6":"product_cat-kooginoad","8":"first","9":"outofstock","10":"shipping-taxable","11":"purchasable","12":"product-type-simple"},"yoast_head":"<!-- This site is optimized with the Yoast SEO plugin v27.5 - https:\/\/yoast.com\/product\/yoast-seo-wordpress\/ -->\n<title>JAAPANI SUUR KOKANUGA \u2013 kvaliteetne sepistatud roostevaba teras - AAKnives<\/title>\n<meta name=\"description\" content=\"JAAPANI SUUR KOKANUGA - kvaliteetne sepistatud roostevaba teras, Rootsi Bohler-Uddeholm N695 roostevaba noateras, v\u00e4ga k\u00f5va\" \/>\n<meta name=\"robots\" content=\"index, follow, max-snippet:-1, max-image-preview:large, max-video-preview:-1\" \/>\n<link rel=\"canonical\" href=\"https:\/\/aaknives.eu\/et\/product\/jaapani-suur-kokanuga-kvaliteetne-sepistatud-roostevaba-teras\/\" \/>\n<meta property=\"og:locale\" content=\"et_EE\" \/>\n<meta property=\"og:type\" content=\"article\" \/>\n<meta property=\"og:title\" content=\"JAAPANI SUUR KOKANUGA \u2013 kvaliteetne sepistatud roostevaba teras - AAKnives\" \/>\n<meta property=\"og:description\" content=\"JAAPANI SUUR KOKANUGA - kvaliteetne sepistatud roostevaba teras, Rootsi Bohler-Uddeholm N695 roostevaba noateras, v\u00e4ga k\u00f5va\" \/>\n<meta property=\"og:url\" content=\"https:\/\/aaknives.eu\/et\/product\/jaapani-suur-kokanuga-kvaliteetne-sepistatud-roostevaba-teras\/\" \/>\n<meta property=\"og:site_name\" content=\"AAKnives\" \/>\n<meta property=\"article:publisher\" content=\"https:\/\/www.facebook.com\/aaknives.eu\/\" \/>\n<meta property=\"article:modified_time\" content=\"2025-07-02T15:31:21+00:00\" \/>\n<meta property=\"og:image\" content=\"https:\/\/aaknives.eu\/wp-content\/uploads\/2021\/09\/aaknives-hand-forged-damascus-steel-blade-knife-handmade-custom-made-knife-handcrafted-knives-autinetools-northmen-3.1.jpg\" \/>\n\t<meta property=\"og:image:width\" content=\"1020\" \/>\n\t<meta property=\"og:image:height\" content=\"880\" \/>\n\t<meta property=\"og:image:type\" content=\"image\/jpeg\" \/>\n<meta name=\"twitter:card\" content=\"summary_large_image\" \/>\n<meta name=\"twitter:label1\" content=\"Est. reading time\" \/>\n\t<meta name=\"twitter:data1\" content=\"1 minut\" \/>\n<script type=\"application\/ld+json\" class=\"yoast-schema-graph\">{\"@context\":\"https:\\\/\\\/schema.org\",\"@graph\":[{\"@type\":\"WebPage\",\"@id\":\"https:\\\/\\\/aaknives.eu\\\/et\\\/product\\\/jaapani-suur-kokanuga-kvaliteetne-sepistatud-roostevaba-teras\\\/\",\"url\":\"https:\\\/\\\/aaknives.eu\\\/et\\\/product\\\/jaapani-suur-kokanuga-kvaliteetne-sepistatud-roostevaba-teras\\\/\",\"name\":\"JAAPANI SUUR KOKANUGA \u2013 kvaliteetne sepistatud roostevaba teras - AAKnives\",\"isPartOf\":{\"@id\":\"https:\\\/\\\/aaknives.eu\\\/et\\\/#website\"},\"primaryImageOfPage\":{\"@id\":\"https:\\\/\\\/aaknives.eu\\\/et\\\/product\\\/jaapani-suur-kokanuga-kvaliteetne-sepistatud-roostevaba-teras\\\/#primaryimage\"},\"image\":{\"@id\":\"https:\\\/\\\/aaknives.eu\\\/et\\\/product\\\/jaapani-suur-kokanuga-kvaliteetne-sepistatud-roostevaba-teras\\\/#primaryimage\"},\"thumbnailUrl\":\"https:\\\/\\\/aaknives.eu\\\/wp-content\\\/uploads\\\/2021\\\/09\\\/aaknives-hand-forged-damascus-steel-blade-knife-handmade-custom-made-knife-handcrafted-knives-autinetools-northmen-3.1.jpg\",\"datePublished\":\"2021-09-20T20:32:58+00:00\",\"dateModified\":\"2025-07-02T15:31:21+00:00\",\"description\":\"JAAPANI SUUR KOKANUGA - kvaliteetne sepistatud roostevaba teras, Rootsi Bohler-Uddeholm N695 roostevaba noateras, v\u00e4ga k\u00f5va\",\"breadcrumb\":{\"@id\":\"https:\\\/\\\/aaknives.eu\\\/et\\\/product\\\/jaapani-suur-kokanuga-kvaliteetne-sepistatud-roostevaba-teras\\\/#breadcrumb\"},\"inLanguage\":\"et\",\"potentialAction\":[{\"@type\":\"ReadAction\",\"target\":[\"https:\\\/\\\/aaknives.eu\\\/et\\\/product\\\/jaapani-suur-kokanuga-kvaliteetne-sepistatud-roostevaba-teras\\\/\"]}]},{\"@type\":\"ImageObject\",\"inLanguage\":\"et\",\"@id\":\"https:\\\/\\\/aaknives.eu\\\/et\\\/product\\\/jaapani-suur-kokanuga-kvaliteetne-sepistatud-roostevaba-teras\\\/#primaryimage\",\"url\":\"https:\\\/\\\/aaknives.eu\\\/wp-content\\\/uploads\\\/2021\\\/09\\\/aaknives-hand-forged-damascus-steel-blade-knife-handmade-custom-made-knife-handcrafted-knives-autinetools-northmen-3.1.jpg\",\"contentUrl\":\"https:\\\/\\\/aaknives.eu\\\/wp-content\\\/uploads\\\/2021\\\/09\\\/aaknives-hand-forged-damascus-steel-blade-knife-handmade-custom-made-knife-handcrafted-knives-autinetools-northmen-3.1.jpg\",\"width\":1020,\"height\":880},{\"@type\":\"BreadcrumbList\",\"@id\":\"https:\\\/\\\/aaknives.eu\\\/et\\\/product\\\/jaapani-suur-kokanuga-kvaliteetne-sepistatud-roostevaba-teras\\\/#breadcrumb\",\"itemListElement\":[{\"@type\":\"ListItem\",\"position\":1,\"name\":\"Home\",\"item\":\"https:\\\/\\\/aaknives.eu\\\/et\\\/kodu\\\/\"},{\"@type\":\"ListItem\",\"position\":2,\"name\":\"Kauplus\",\"item\":\"https:\\\/\\\/aaknives.eu\\\/et\\\/kauplus\\\/\"},{\"@type\":\"ListItem\",\"position\":3,\"name\":\"Private: JAAPANI SUUR KOKANUGA \u2013 kvaliteetne sepistatud roostevaba teras\"}]},{\"@type\":\"WebSite\",\"@id\":\"https:\\\/\\\/aaknives.eu\\\/et\\\/#website\",\"url\":\"https:\\\/\\\/aaknives.eu\\\/et\\\/\",\"name\":\"AAKnives\",\"description\":\"Handmade knives\",\"publisher\":{\"@id\":\"https:\\\/\\\/aaknives.eu\\\/et\\\/#organization\"},\"potentialAction\":[{\"@type\":\"SearchAction\",\"target\":{\"@type\":\"EntryPoint\",\"urlTemplate\":\"https:\\\/\\\/aaknives.eu\\\/et\\\/?s={search_term_string}\"},\"query-input\":{\"@type\":\"PropertyValueSpecification\",\"valueRequired\":true,\"valueName\":\"search_term_string\"}}],\"inLanguage\":\"et\"},{\"@type\":\"Organization\",\"@id\":\"https:\\\/\\\/aaknives.eu\\\/et\\\/#organization\",\"name\":\"AAKnives\",\"url\":\"https:\\\/\\\/aaknives.eu\\\/et\\\/\",\"logo\":{\"@type\":\"ImageObject\",\"inLanguage\":\"et\",\"@id\":\"https:\\\/\\\/aaknives.eu\\\/et\\\/#\\\/schema\\\/logo\\\/image\\\/\",\"url\":\"https:\\\/\\\/aaknives.eu\\\/wp-content\\\/uploads\\\/2021\\\/10\\\/AAknives_Logo_Green.png\",\"contentUrl\":\"https:\\\/\\\/aaknives.eu\\\/wp-content\\\/uploads\\\/2021\\\/10\\\/AAknives_Logo_Green.png\",\"width\":1768,\"height\":1768,\"caption\":\"AAKnives\"},\"image\":{\"@id\":\"https:\\\/\\\/aaknives.eu\\\/et\\\/#\\\/schema\\\/logo\\\/image\\\/\"},\"sameAs\":[\"https:\\\/\\\/www.facebook.com\\\/aaknives.eu\\\/\",\"https:\\\/\\\/www.instagram.com\\\/aaknives\\\/\",\"https:\\\/\\\/www.pinterest.com\\\/aa_knives\\\/\",\"https:\\\/\\\/www.youtube.com\\\/channel\\\/UCHOQFjrOkgT6s4FIw9LDKyw\\\/featured\"]}]}<\/script>\n<!-- \/ Yoast SEO plugin. -->","yoast_head_json":{"title":"JAAPANI SUUR KOKANUGA \u2013 kvaliteetne sepistatud roostevaba teras - AAKnives","description":"JAAPANI SUUR KOKANUGA - kvaliteetne sepistatud roostevaba teras, Rootsi Bohler-Uddeholm N695 roostevaba noateras, v\u00e4ga k\u00f5va","robots":{"index":"index","follow":"follow","max-snippet":"max-snippet:-1","max-image-preview":"max-image-preview:large","max-video-preview":"max-video-preview:-1"},"canonical":"https:\/\/aaknives.eu\/et\/product\/jaapani-suur-kokanuga-kvaliteetne-sepistatud-roostevaba-teras\/","og_locale":"et_EE","og_type":"article","og_title":"JAAPANI SUUR KOKANUGA \u2013 kvaliteetne sepistatud roostevaba teras - AAKnives","og_description":"JAAPANI SUUR KOKANUGA - kvaliteetne sepistatud roostevaba teras, Rootsi Bohler-Uddeholm N695 roostevaba noateras, v\u00e4ga k\u00f5va","og_url":"https:\/\/aaknives.eu\/et\/product\/jaapani-suur-kokanuga-kvaliteetne-sepistatud-roostevaba-teras\/","og_site_name":"AAKnives","article_publisher":"https:\/\/www.facebook.com\/aaknives.eu\/","article_modified_time":"2025-07-02T15:31:21+00:00","og_image":[{"width":1020,"height":880,"url":"https:\/\/aaknives.eu\/wp-content\/uploads\/2021\/09\/aaknives-hand-forged-damascus-steel-blade-knife-handmade-custom-made-knife-handcrafted-knives-autinetools-northmen-3.1.jpg","type":"image\/jpeg"}],"twitter_card":"summary_large_image","twitter_misc":{"Est. reading time":"1 minut"},"schema":{"@context":"https:\/\/schema.org","@graph":[{"@type":"WebPage","@id":"https:\/\/aaknives.eu\/et\/product\/jaapani-suur-kokanuga-kvaliteetne-sepistatud-roostevaba-teras\/","url":"https:\/\/aaknives.eu\/et\/product\/jaapani-suur-kokanuga-kvaliteetne-sepistatud-roostevaba-teras\/","name":"JAAPANI SUUR KOKANUGA \u2013 kvaliteetne sepistatud roostevaba teras - AAKnives","isPartOf":{"@id":"https:\/\/aaknives.eu\/et\/#website"},"primaryImageOfPage":{"@id":"https:\/\/aaknives.eu\/et\/product\/jaapani-suur-kokanuga-kvaliteetne-sepistatud-roostevaba-teras\/#primaryimage"},"image":{"@id":"https:\/\/aaknives.eu\/et\/product\/jaapani-suur-kokanuga-kvaliteetne-sepistatud-roostevaba-teras\/#primaryimage"},"thumbnailUrl":"https:\/\/aaknives.eu\/wp-content\/uploads\/2021\/09\/aaknives-hand-forged-damascus-steel-blade-knife-handmade-custom-made-knife-handcrafted-knives-autinetools-northmen-3.1.jpg","datePublished":"2021-09-20T20:32:58+00:00","dateModified":"2025-07-02T15:31:21+00:00","description":"JAAPANI SUUR KOKANUGA - kvaliteetne sepistatud roostevaba teras, Rootsi Bohler-Uddeholm N695 roostevaba noateras, v\u00e4ga k\u00f5va","breadcrumb":{"@id":"https:\/\/aaknives.eu\/et\/product\/jaapani-suur-kokanuga-kvaliteetne-sepistatud-roostevaba-teras\/#breadcrumb"},"inLanguage":"et","potentialAction":[{"@type":"ReadAction","target":["https:\/\/aaknives.eu\/et\/product\/jaapani-suur-kokanuga-kvaliteetne-sepistatud-roostevaba-teras\/"]}]},{"@type":"ImageObject","inLanguage":"et","@id":"https:\/\/aaknives.eu\/et\/product\/jaapani-suur-kokanuga-kvaliteetne-sepistatud-roostevaba-teras\/#primaryimage","url":"https:\/\/aaknives.eu\/wp-content\/uploads\/2021\/09\/aaknives-hand-forged-damascus-steel-blade-knife-handmade-custom-made-knife-handcrafted-knives-autinetools-northmen-3.1.jpg","contentUrl":"https:\/\/aaknives.eu\/wp-content\/uploads\/2021\/09\/aaknives-hand-forged-damascus-steel-blade-knife-handmade-custom-made-knife-handcrafted-knives-autinetools-northmen-3.1.jpg","width":1020,"height":880},{"@type":"BreadcrumbList","@id":"https:\/\/aaknives.eu\/et\/product\/jaapani-suur-kokanuga-kvaliteetne-sepistatud-roostevaba-teras\/#breadcrumb","itemListElement":[{"@type":"ListItem","position":1,"name":"Home","item":"https:\/\/aaknives.eu\/et\/kodu\/"},{"@type":"ListItem","position":2,"name":"Kauplus","item":"https:\/\/aaknives.eu\/et\/kauplus\/"},{"@type":"ListItem","position":3,"name":"Private: JAAPANI SUUR KOKANUGA \u2013 kvaliteetne sepistatud roostevaba teras"}]},{"@type":"WebSite","@id":"https:\/\/aaknives.eu\/et\/#website","url":"https:\/\/aaknives.eu\/et\/","name":"AAKnives","description":"Handmade knives","publisher":{"@id":"https:\/\/aaknives.eu\/et\/#organization"},"potentialAction":[{"@type":"SearchAction","target":{"@type":"EntryPoint","urlTemplate":"https:\/\/aaknives.eu\/et\/?s={search_term_string}"},"query-input":{"@type":"PropertyValueSpecification","valueRequired":true,"valueName":"search_term_string"}}],"inLanguage":"et"},{"@type":"Organization","@id":"https:\/\/aaknives.eu\/et\/#organization","name":"AAKnives","url":"https:\/\/aaknives.eu\/et\/","logo":{"@type":"ImageObject","inLanguage":"et","@id":"https:\/\/aaknives.eu\/et\/#\/schema\/logo\/image\/","url":"https:\/\/aaknives.eu\/wp-content\/uploads\/2021\/10\/AAknives_Logo_Green.png","contentUrl":"https:\/\/aaknives.eu\/wp-content\/uploads\/2021\/10\/AAknives_Logo_Green.png","width":1768,"height":1768,"caption":"AAKnives"},"image":{"@id":"https:\/\/aaknives.eu\/et\/#\/schema\/logo\/image\/"},"sameAs":["https:\/\/www.facebook.com\/aaknives.eu\/","https:\/\/www.instagram.com\/aaknives\/","https:\/\/www.pinterest.com\/aa_knives\/","https:\/\/www.youtube.com\/channel\/UCHOQFjrOkgT6s4FIw9LDKyw\/featured"]}]}},"_links":{"self":[{"href":"https:\/\/aaknives.eu\/et\/wp-json\/wp\/v2\/product\/43188","targetHints":{"allow":["GET"]}}],"collection":[{"href":"https:\/\/aaknives.eu\/et\/wp-json\/wp\/v2\/product"}],"about":[{"href":"https:\/\/aaknives.eu\/et\/wp-json\/wp\/v2\/types\/product"}],"wp:featuredmedia":[{"embeddable":true,"href":"https:\/\/aaknives.eu\/et\/wp-json\/wp\/v2\/media\/99901"}],"wp:attachment":[{"href":"https:\/\/aaknives.eu\/et\/wp-json\/wp\/v2\/media?parent=43188"}],"wp:term":[{"taxonomy":"product_brand","embeddable":true,"href":"https:\/\/aaknives.eu\/et\/wp-json\/wp\/v2\/product_brand?post=43188"},{"taxonomy":"product_cat","embeddable":true,"href":"https:\/\/aaknives.eu\/et\/wp-json\/wp\/v2\/product_cat?post=43188"},{"taxonomy":"product_tag","embeddable":true,"href":"https:\/\/aaknives.eu\/et\/wp-json\/wp\/v2\/product_tag?post=43188"}],"curies":[{"name":"wp","href":"https:\/\/api.w.org\/{rel}","templated":true}]}}