{"id":43272,"date":"2021-09-20T20:31:43","date_gmt":"2021-09-20T20:31:43","guid":{"rendered":"https:\/\/aaknives.eu\/product\/tanto-damaskuse-terasest-nuga\/"},"modified":"2025-01-06T16:41:50","modified_gmt":"2025-01-06T16:41:50","slug":"tanto-damaskuse-terasest-nuga-3","status":"publish","type":"product","link":"https:\/\/aaknives.eu\/et\/product\/tanto-damaskuse-terasest-nuga-3\/","title":{"rendered":"&#8220;TANTO&#8221;, Damaskuse terasest nuga"},"content":{"rendered":"<p>Noa tehnilised andmed: &#8220;Tanto&#8221;<br \/>\nTeras: Damaskuse terasest nuga (HVG, U10, ShH15) 800 kihti<br \/>\nK\u00f5vadus: 61 HRC<br \/>\nTera pikkus (mm): 170<br \/>\nTera paksus (mm): 3<br \/>\nTera laius (mm): 27<br \/>\nK\u00e4epide: Aafrika puidust Wenge<br \/>\nKogupikkus (mm): 320<br \/>\nNoa t\u00fc\u00fcp: jahindus, \u00f5ues<br \/>\nPakend: nuga, puidust \u00fcmbris<\/p>\n<p>&nbsp;<\/p>\n<p>K\u00e4sitsi sepistatud Damaskuse teras, mis on loodud erineva k\u00f5vaduse ja viskoossusega terase paketist, mis on kokku pandud plaadiks kindlas j\u00e4rjekorras. Seej\u00e4rel sepistatakse plaat korduvalt uuesti, t\u00e4nu millele tekivad kihid ja ainulaadne muster.<br \/>\nKeeruline tehnoloogiline protsess toimub k\u00e4sitsi. Sel viisil saadud terasele on iseloomulikud suurenenud tugevus, suur k\u00f5vadus, suurep\u00e4rased l\u00f5ikamisomadused ja ilu.<br \/>\nDamaskus teras \u00fcle 700-1000 kihi.<br \/>\nPakett Damaskus teras ShH15 + HVG + U10A, termiline v\u00e4ljendus 860 \u00b0 C Damaskus terase eelised:<br \/>\nSuurenenud tugevus<br \/>\nSuur k\u00f5vadus<br \/>\nSuurep\u00e4rased l\u00f5ikamisomadused<br \/>\nIlus disain<br \/>\nPikaajaline teravus Tera k\u00f5vadus 60-62 HRC.<br \/>\nK\u00e4sitsi valmistatud. <\/p>\n<p>&nbsp;<\/p>\n","protected":false},"excerpt":{"rendered":"<p>Noa tehnilised andmed: &#8220;Tanto&#8221; Teras: Damaskuse terasest nuga (HVG, U10, ShH15) 800 kihti K\u00f5vadus: 61 HRC Tera pikkus (mm): 170 Tera paksus (mm): 3 Tera laius (mm): 27 K\u00e4epide: Aafrika puidust Wenge Kogupikkus (mm): 320 Noa t\u00fc\u00fcp: jahindus, \u00f5ues Pakend: nuga, puidust \u00fcmbris &nbsp; K\u00e4sitsi sepistatud Damaskuse teras, mis on loodud erineva k\u00f5vaduse ja viskoossusega terase paketist, mis on kokku pandud plaadiks kindlas j\u00e4rjekorras. Seej\u00e4rel sepistatakse plaat korduvalt uuesti, t\u00e4nu millele tekivad kihid ja ainulaadne muster. Keeruline tehnoloogiline protsess toimub k\u00e4sitsi. Sel viisil saadud terasele on iseloomulikud suurenenud tugevus, suur k\u00f5vadus, suurep\u00e4rased l\u00f5ikamisomadused ja ilu. Damaskus teras \u00fcle 700-1000 kihi.&hellip;<\/p>\n","protected":false},"featured_media":43273,"template":"","meta":{"_themeisle_gutenberg_block_has_review":false},"product_brand":[],"product_cat":[346,341],"product_tag":[],"class_list":{"0":"post-43272","1":"product","2":"type-product","3":"status-publish","4":"has-post-thumbnail","6":"product_cat-matkanoad","7":"product_cat-premium-ja-eksklusiivsed-noad","9":"first","10":"instock","11":"featured","12":"shipping-taxable","13":"purchasable","14":"product-type-simple"},"yoast_head":"<!-- This site is optimized with the Yoast SEO plugin v27.3 - https:\/\/yoast.com\/product\/yoast-seo-wordpress\/ -->\n<title>&quot;TANTO&quot;, Damaskuse terasest nuga - AAKnives<\/title>\n<meta name=\"description\" content=\"&quot;TANTO&quot;, Damaskuse terasest nuga, eksklusiivne nuga, kingitusnuga, damaskuse nuga, tanto nuga, damaskuse teras, aaknivesi nuga, k\u00e4sitsi valmistatud nuga\" \/>\n<meta name=\"robots\" content=\"index, follow, max-snippet:-1, max-image-preview:large, max-video-preview:-1\" \/>\n<link rel=\"canonical\" href=\"https:\/\/aaknives.eu\/et\/product\/tanto-damaskuse-terasest-nuga-3\/\" \/>\n<meta property=\"og:locale\" content=\"et_EE\" \/>\n<meta property=\"og:type\" content=\"article\" \/>\n<meta property=\"og:title\" content=\"&quot;TANTO&quot;, Damaskuse terasest nuga - AAKnives\" \/>\n<meta property=\"og:description\" content=\"&quot;TANTO&quot;, Damaskuse terasest nuga, eksklusiivne nuga, kingitusnuga, damaskuse nuga, tanto nuga, damaskuse teras, aaknivesi nuga, k\u00e4sitsi valmistatud nuga\" \/>\n<meta property=\"og:url\" content=\"https:\/\/aaknives.eu\/et\/product\/tanto-damaskuse-terasest-nuga-3\/\" \/>\n<meta property=\"og:site_name\" content=\"AAKnives\" \/>\n<meta property=\"article:publisher\" content=\"https:\/\/www.facebook.com\/aaknives.eu\/\" \/>\n<meta property=\"article:modified_time\" content=\"2025-01-06T16:41:50+00:00\" \/>\n<meta property=\"og:image\" content=\"https:\/\/aaknives.eu\/wp-content\/uploads\/2021\/09\/aaknives-hand-forged-damascus-steel-blade-knife-handmade-custom-made-knife-handcrafted-knives-autinetools-northmen-1-9-2.jpg\" \/>\n\t<meta property=\"og:image:width\" content=\"800\" \/>\n\t<meta property=\"og:image:height\" content=\"600\" \/>\n\t<meta property=\"og:image:type\" content=\"image\/jpeg\" \/>\n<meta name=\"twitter:card\" content=\"summary_large_image\" \/>\n<meta name=\"twitter:label1\" content=\"Est. reading time\" \/>\n\t<meta name=\"twitter:data1\" content=\"1 minut\" \/>\n<script type=\"application\/ld+json\" class=\"yoast-schema-graph\">{\"@context\":\"https:\\\/\\\/schema.org\",\"@graph\":[{\"@type\":\"WebPage\",\"@id\":\"https:\\\/\\\/aaknives.eu\\\/et\\\/product\\\/tanto-damaskuse-terasest-nuga-3\\\/\",\"url\":\"https:\\\/\\\/aaknives.eu\\\/et\\\/product\\\/tanto-damaskuse-terasest-nuga-3\\\/\",\"name\":\"\\\"TANTO\\\", Damaskuse terasest nuga - AAKnives\",\"isPartOf\":{\"@id\":\"https:\\\/\\\/aaknives.eu\\\/et\\\/#website\"},\"primaryImageOfPage\":{\"@id\":\"https:\\\/\\\/aaknives.eu\\\/et\\\/product\\\/tanto-damaskuse-terasest-nuga-3\\\/#primaryimage\"},\"image\":{\"@id\":\"https:\\\/\\\/aaknives.eu\\\/et\\\/product\\\/tanto-damaskuse-terasest-nuga-3\\\/#primaryimage\"},\"thumbnailUrl\":\"https:\\\/\\\/aaknives.eu\\\/wp-content\\\/uploads\\\/2021\\\/09\\\/aaknives-hand-forged-damascus-steel-blade-knife-handmade-custom-made-knife-handcrafted-knives-autinetools-northmen-1-9-2.jpg\",\"datePublished\":\"2021-09-20T20:31:43+00:00\",\"dateModified\":\"2025-01-06T16:41:50+00:00\",\"description\":\"\\\"TANTO\\\", Damaskuse terasest nuga, eksklusiivne nuga, kingitusnuga, damaskuse nuga, tanto nuga, damaskuse teras, aaknivesi nuga, k\u00e4sitsi valmistatud nuga\",\"breadcrumb\":{\"@id\":\"https:\\\/\\\/aaknives.eu\\\/et\\\/product\\\/tanto-damaskuse-terasest-nuga-3\\\/#breadcrumb\"},\"inLanguage\":\"et\",\"potentialAction\":[{\"@type\":\"ReadAction\",\"target\":[\"https:\\\/\\\/aaknives.eu\\\/et\\\/product\\\/tanto-damaskuse-terasest-nuga-3\\\/\"]}]},{\"@type\":\"ImageObject\",\"inLanguage\":\"et\",\"@id\":\"https:\\\/\\\/aaknives.eu\\\/et\\\/product\\\/tanto-damaskuse-terasest-nuga-3\\\/#primaryimage\",\"url\":\"https:\\\/\\\/aaknives.eu\\\/wp-content\\\/uploads\\\/2021\\\/09\\\/aaknives-hand-forged-damascus-steel-blade-knife-handmade-custom-made-knife-handcrafted-knives-autinetools-northmen-1-9-2.jpg\",\"contentUrl\":\"https:\\\/\\\/aaknives.eu\\\/wp-content\\\/uploads\\\/2021\\\/09\\\/aaknives-hand-forged-damascus-steel-blade-knife-handmade-custom-made-knife-handcrafted-knives-autinetools-northmen-1-9-2.jpg\",\"width\":800,\"height\":600,\"caption\":\"aaknoad-k\u00e4si-sepistatud-damaskuse-terasest-tera-nuga-k\u00e4sitsi-tellimusel valmistatud-nuga-k\u00e4sit\u00f6\u00f6-noad-autinetools-northmen-1-9-2\"},{\"@type\":\"BreadcrumbList\",\"@id\":\"https:\\\/\\\/aaknives.eu\\\/et\\\/product\\\/tanto-damaskuse-terasest-nuga-3\\\/#breadcrumb\",\"itemListElement\":[{\"@type\":\"ListItem\",\"position\":1,\"name\":\"Home\",\"item\":\"https:\\\/\\\/aaknives.eu\\\/et\\\/kodu\\\/\"},{\"@type\":\"ListItem\",\"position\":2,\"name\":\"Kauplus\",\"item\":\"https:\\\/\\\/aaknives.eu\\\/et\\\/kauplus\\\/\"},{\"@type\":\"ListItem\",\"position\":3,\"name\":\"&#8220;TANTO&#8221;, Damaskuse terasest nuga\"}]},{\"@type\":\"WebSite\",\"@id\":\"https:\\\/\\\/aaknives.eu\\\/et\\\/#website\",\"url\":\"https:\\\/\\\/aaknives.eu\\\/et\\\/\",\"name\":\"AAKnives\",\"description\":\"Handmade knives\",\"publisher\":{\"@id\":\"https:\\\/\\\/aaknives.eu\\\/et\\\/#organization\"},\"potentialAction\":[{\"@type\":\"SearchAction\",\"target\":{\"@type\":\"EntryPoint\",\"urlTemplate\":\"https:\\\/\\\/aaknives.eu\\\/et\\\/?s={search_term_string}\"},\"query-input\":{\"@type\":\"PropertyValueSpecification\",\"valueRequired\":true,\"valueName\":\"search_term_string\"}}],\"inLanguage\":\"et\"},{\"@type\":\"Organization\",\"@id\":\"https:\\\/\\\/aaknives.eu\\\/et\\\/#organization\",\"name\":\"AAKnives\",\"url\":\"https:\\\/\\\/aaknives.eu\\\/et\\\/\",\"logo\":{\"@type\":\"ImageObject\",\"inLanguage\":\"et\",\"@id\":\"https:\\\/\\\/aaknives.eu\\\/et\\\/#\\\/schema\\\/logo\\\/image\\\/\",\"url\":\"https:\\\/\\\/aaknives.eu\\\/wp-content\\\/uploads\\\/2021\\\/10\\\/AAknives_Logo_Green.png\",\"contentUrl\":\"https:\\\/\\\/aaknives.eu\\\/wp-content\\\/uploads\\\/2021\\\/10\\\/AAknives_Logo_Green.png\",\"width\":1768,\"height\":1768,\"caption\":\"AAKnives\"},\"image\":{\"@id\":\"https:\\\/\\\/aaknives.eu\\\/et\\\/#\\\/schema\\\/logo\\\/image\\\/\"},\"sameAs\":[\"https:\\\/\\\/www.facebook.com\\\/aaknives.eu\\\/\",\"https:\\\/\\\/www.instagram.com\\\/aaknives\\\/\",\"https:\\\/\\\/www.pinterest.com\\\/aa_knives\\\/\",\"https:\\\/\\\/www.youtube.com\\\/channel\\\/UCHOQFjrOkgT6s4FIw9LDKyw\\\/featured\"]}]}<\/script>\n<!-- \/ Yoast SEO plugin. -->","yoast_head_json":{"title":"\"TANTO\", Damaskuse terasest nuga - AAKnives","description":"\"TANTO\", Damaskuse terasest nuga, eksklusiivne nuga, kingitusnuga, damaskuse nuga, tanto nuga, damaskuse teras, aaknivesi nuga, k\u00e4sitsi valmistatud nuga","robots":{"index":"index","follow":"follow","max-snippet":"max-snippet:-1","max-image-preview":"max-image-preview:large","max-video-preview":"max-video-preview:-1"},"canonical":"https:\/\/aaknives.eu\/et\/product\/tanto-damaskuse-terasest-nuga-3\/","og_locale":"et_EE","og_type":"article","og_title":"\"TANTO\", Damaskuse terasest nuga - AAKnives","og_description":"\"TANTO\", Damaskuse terasest nuga, eksklusiivne nuga, kingitusnuga, damaskuse nuga, tanto nuga, damaskuse teras, aaknivesi nuga, k\u00e4sitsi valmistatud nuga","og_url":"https:\/\/aaknives.eu\/et\/product\/tanto-damaskuse-terasest-nuga-3\/","og_site_name":"AAKnives","article_publisher":"https:\/\/www.facebook.com\/aaknives.eu\/","article_modified_time":"2025-01-06T16:41:50+00:00","og_image":[{"width":800,"height":600,"url":"https:\/\/aaknives.eu\/wp-content\/uploads\/2021\/09\/aaknives-hand-forged-damascus-steel-blade-knife-handmade-custom-made-knife-handcrafted-knives-autinetools-northmen-1-9-2.jpg","type":"image\/jpeg"}],"twitter_card":"summary_large_image","twitter_misc":{"Est. reading time":"1 minut"},"schema":{"@context":"https:\/\/schema.org","@graph":[{"@type":"WebPage","@id":"https:\/\/aaknives.eu\/et\/product\/tanto-damaskuse-terasest-nuga-3\/","url":"https:\/\/aaknives.eu\/et\/product\/tanto-damaskuse-terasest-nuga-3\/","name":"\"TANTO\", Damaskuse terasest nuga - AAKnives","isPartOf":{"@id":"https:\/\/aaknives.eu\/et\/#website"},"primaryImageOfPage":{"@id":"https:\/\/aaknives.eu\/et\/product\/tanto-damaskuse-terasest-nuga-3\/#primaryimage"},"image":{"@id":"https:\/\/aaknives.eu\/et\/product\/tanto-damaskuse-terasest-nuga-3\/#primaryimage"},"thumbnailUrl":"https:\/\/aaknives.eu\/wp-content\/uploads\/2021\/09\/aaknives-hand-forged-damascus-steel-blade-knife-handmade-custom-made-knife-handcrafted-knives-autinetools-northmen-1-9-2.jpg","datePublished":"2021-09-20T20:31:43+00:00","dateModified":"2025-01-06T16:41:50+00:00","description":"\"TANTO\", Damaskuse terasest nuga, eksklusiivne nuga, kingitusnuga, damaskuse nuga, tanto nuga, damaskuse teras, aaknivesi nuga, k\u00e4sitsi valmistatud nuga","breadcrumb":{"@id":"https:\/\/aaknives.eu\/et\/product\/tanto-damaskuse-terasest-nuga-3\/#breadcrumb"},"inLanguage":"et","potentialAction":[{"@type":"ReadAction","target":["https:\/\/aaknives.eu\/et\/product\/tanto-damaskuse-terasest-nuga-3\/"]}]},{"@type":"ImageObject","inLanguage":"et","@id":"https:\/\/aaknives.eu\/et\/product\/tanto-damaskuse-terasest-nuga-3\/#primaryimage","url":"https:\/\/aaknives.eu\/wp-content\/uploads\/2021\/09\/aaknives-hand-forged-damascus-steel-blade-knife-handmade-custom-made-knife-handcrafted-knives-autinetools-northmen-1-9-2.jpg","contentUrl":"https:\/\/aaknives.eu\/wp-content\/uploads\/2021\/09\/aaknives-hand-forged-damascus-steel-blade-knife-handmade-custom-made-knife-handcrafted-knives-autinetools-northmen-1-9-2.jpg","width":800,"height":600,"caption":"aaknoad-k\u00e4si-sepistatud-damaskuse-terasest-tera-nuga-k\u00e4sitsi-tellimusel valmistatud-nuga-k\u00e4sit\u00f6\u00f6-noad-autinetools-northmen-1-9-2"},{"@type":"BreadcrumbList","@id":"https:\/\/aaknives.eu\/et\/product\/tanto-damaskuse-terasest-nuga-3\/#breadcrumb","itemListElement":[{"@type":"ListItem","position":1,"name":"Home","item":"https:\/\/aaknives.eu\/et\/kodu\/"},{"@type":"ListItem","position":2,"name":"Kauplus","item":"https:\/\/aaknives.eu\/et\/kauplus\/"},{"@type":"ListItem","position":3,"name":"&#8220;TANTO&#8221;, Damaskuse terasest nuga"}]},{"@type":"WebSite","@id":"https:\/\/aaknives.eu\/et\/#website","url":"https:\/\/aaknives.eu\/et\/","name":"AAKnives","description":"Handmade knives","publisher":{"@id":"https:\/\/aaknives.eu\/et\/#organization"},"potentialAction":[{"@type":"SearchAction","target":{"@type":"EntryPoint","urlTemplate":"https:\/\/aaknives.eu\/et\/?s={search_term_string}"},"query-input":{"@type":"PropertyValueSpecification","valueRequired":true,"valueName":"search_term_string"}}],"inLanguage":"et"},{"@type":"Organization","@id":"https:\/\/aaknives.eu\/et\/#organization","name":"AAKnives","url":"https:\/\/aaknives.eu\/et\/","logo":{"@type":"ImageObject","inLanguage":"et","@id":"https:\/\/aaknives.eu\/et\/#\/schema\/logo\/image\/","url":"https:\/\/aaknives.eu\/wp-content\/uploads\/2021\/10\/AAknives_Logo_Green.png","contentUrl":"https:\/\/aaknives.eu\/wp-content\/uploads\/2021\/10\/AAknives_Logo_Green.png","width":1768,"height":1768,"caption":"AAKnives"},"image":{"@id":"https:\/\/aaknives.eu\/et\/#\/schema\/logo\/image\/"},"sameAs":["https:\/\/www.facebook.com\/aaknives.eu\/","https:\/\/www.instagram.com\/aaknives\/","https:\/\/www.pinterest.com\/aa_knives\/","https:\/\/www.youtube.com\/channel\/UCHOQFjrOkgT6s4FIw9LDKyw\/featured"]}]}},"_links":{"self":[{"href":"https:\/\/aaknives.eu\/et\/wp-json\/wp\/v2\/product\/43272","targetHints":{"allow":["GET"]}}],"collection":[{"href":"https:\/\/aaknives.eu\/et\/wp-json\/wp\/v2\/product"}],"about":[{"href":"https:\/\/aaknives.eu\/et\/wp-json\/wp\/v2\/types\/product"}],"wp:featuredmedia":[{"embeddable":true,"href":"https:\/\/aaknives.eu\/et\/wp-json\/wp\/v2\/media\/43273"}],"wp:attachment":[{"href":"https:\/\/aaknives.eu\/et\/wp-json\/wp\/v2\/media?parent=43272"}],"wp:term":[{"taxonomy":"product_brand","embeddable":true,"href":"https:\/\/aaknives.eu\/et\/wp-json\/wp\/v2\/product_brand?post=43272"},{"taxonomy":"product_cat","embeddable":true,"href":"https:\/\/aaknives.eu\/et\/wp-json\/wp\/v2\/product_cat?post=43272"},{"taxonomy":"product_tag","embeddable":true,"href":"https:\/\/aaknives.eu\/et\/wp-json\/wp\/v2\/product_tag?post=43272"}],"curies":[{"name":"wp","href":"https:\/\/api.w.org\/{rel}","templated":true}]}}