{"id":43509,"date":"2021-09-20T20:29:37","date_gmt":"2021-09-20T20:29:37","guid":{"rendered":"https:\/\/aaknives.eu\/product\/nuga-wild-boar-terasest-elmax-superclean-stabiliseeritud-karjala-kasest-kaepide\/"},"modified":"2026-03-03T19:56:16","modified_gmt":"2026-03-03T19:56:16","slug":"nuga-wild-boar-terasest-elmax-superclean-stabiliseeritud-karjala-kasest-kaepide-2","status":"publish","type":"product","link":"https:\/\/aaknives.eu\/et\/product\/nuga-wild-boar-terasest-elmax-superclean-stabiliseeritud-karjala-kasest-kaepide-2\/","title":{"rendered":"Knife &#8221;ZEUS&#8221; (steel &#8221;Elmax&#8221; SuperClean), stabilized karelian birch handle"},"content":{"rendered":"<p>Noa spetsifikatsioonid: &#8221;ZEUS&#8221;<br \/>\nTeras: Swedish Steel Uddeholm &#8221;Elmax&#8221; SuperClean, liivapritsiga t\u00f6\u00f6deldud<br \/>\nK\u00f5vadus: 60 HRC<br \/>\nTera pikkus (mm): 123<br \/>\nTera paksus (mm): 3<br \/>\nTera laius (mm): 33 \/ 1,29 tolli<br \/>\nK\u00e4epide: stabiliseeritud karelian birche<br \/>\nKogupikkus (mm): 240 \/9,44 tolli<br \/>\nNugade t\u00fc\u00fcp: jahindus, v\u00e4ljas<br \/>\nPakend: nuga, nahast \u00fcmbris<\/p>\n<p>Elmax on \u00fcks levinumaid pulberteraseid. Seega, et m\u00f5ista, millisteks imedeks on &#8220;pulbrist&#8221; valmistatud nuga v\u00f5imeline, on vaja uurida Elmaxi terase omadusi. Peamine tegur, mis m\u00f5jutab iga terase omadusi, mis t\u00e4hendab ka sellest valmistatud noa ligatuur. Just need keemilised elemendid terase koostises annavad need omadused, korrosioonikindluse, l\u00f6\u00f6giviskoossuse, p\u00f6\u00f6rdemomendikindluse jne. Elmaxi iseloomustab j\u00e4rgmine koostis: See v\u00f5imaldab laiendada terast taimse s\u00fcsiniku klassi ja annab sellele suurema k\u00f5vaduse ja vastupidavuse. 18% kroomi, mis annab eksklusiivse korrosioonikindluse ja suurendab terase vastupidavust ning l\u00f6\u00f6giviskoossust koos paindlikkusega. 3% vanaadium, mis parandab terase struktuuri, muudab selle tihedamaks ning annab sellele sitkuse ja vastupidavuse. 1% mol\u00fcbdeen, mis ei aita oluliselt kaasa korrosioonikindlusele, samuti vastupidavusomadustele, sealhulgas paindlikkusele. 0,3% mangaani, millel on samuti positiivne m\u00f5ju terase tugevusele, selle kulumisele ja k\u00f5vadusele, ilma et see v\u00e4hendaks plastilisust. Elmaxi nugade eesm\u00e4rk ei ole korrosioon. Selle terase tera on v\u00e4ga vastupidav k\u00fclgkoormustele ja paindumistele. Pulberteras on praktiliselt t\u00e4iusliku sisemise struktuuriga. Absoluutne puhastamine kahjulikest lisanditest. Silmatorkav teravuse vastupidavus ja suhteline kergus, kui kasutatakse \u00f5igeid kivikesi. Teras on h\u00e4sti freesitud ja isegi lihvitud ilma joonistamata. Saavutatakse absoluutne peegelpind. Sellest tulenevalt v\u00f5ib j\u00e4reldada, et Elmaxi teras sobib \u00fcheks parimaks noateraseks t\u00e4nap\u00e4eval. Kui te olete juba ammu plaaninud sellest materjalist nuga v\u00f5tta, siis on aeg seda teha. See teenib teid kaua ja \u00f5igesti.<\/p>\n","protected":false},"excerpt":{"rendered":"<p>Elmax on \u00fcks levinumaid pulberteraseid. Elmaxi nugade eesm\u00e4rk ei ole korrosioon. Selle terase tera on v\u00e4ga vastupidav k\u00fclgkoormustele ja paindumistele. Silmatorkav teravuse vastupidavus ja suhteline kergus, kui kasutatakse \u00f5igeid kivikesi. Teras on h\u00e4sti freesitud ja isegi lihvitud ilma joonistamata.<\/p>\n","protected":false},"featured_media":108667,"template":"","meta":{"_themeisle_gutenberg_block_has_review":false},"product_brand":[],"product_cat":[345,346],"product_tag":[],"class_list":{"0":"post-43509","1":"product","2":"type-product","3":"status-publish","4":"has-post-thumbnail","6":"product_cat-jahinoad","7":"product_cat-matkanoad","9":"first","10":"instock","11":"shipping-taxable","12":"purchasable","13":"product-type-simple"},"yoast_head":"<!-- This site is optimized with the Yoast SEO plugin v27.3 - https:\/\/yoast.com\/product\/yoast-seo-wordpress\/ -->\n<title>Knife &#039;&#039;ZEUS&quot; (steel &#039;&#039;Elmax&#039;&#039; SuperClean), stabilized karelian birch handle - AAKnives<\/title>\n<meta name=\"description\" content=\"Knife &#039;&#039;ZEUS&quot; Swedish Steel Uddeholm &#039;&#039;Elmax&#039;&#039; SuperClean, sandblasted. Elmaxi nugade eesm\u00e4rk ei ole korrosioon. Vastupidav k\u00fclgkoormustele ja paindumistele\" \/>\n<meta name=\"robots\" content=\"index, follow, max-snippet:-1, max-image-preview:large, max-video-preview:-1\" \/>\n<link rel=\"canonical\" href=\"https:\/\/aaknives.eu\/et\/product\/nuga-wild-boar-terasest-elmax-superclean-stabiliseeritud-karjala-kasest-kaepide-2\/\" \/>\n<meta property=\"og:locale\" content=\"et_EE\" \/>\n<meta property=\"og:type\" content=\"article\" \/>\n<meta property=\"og:title\" content=\"Knife &#039;&#039;ZEUS&quot; (steel &#039;&#039;Elmax&#039;&#039; SuperClean), stabilized karelian birch handle - AAKnives\" \/>\n<meta property=\"og:description\" content=\"Knife &#039;&#039;ZEUS&quot; Swedish Steel Uddeholm &#039;&#039;Elmax&#039;&#039; SuperClean, sandblasted. Elmaxi nugade eesm\u00e4rk ei ole korrosioon. Vastupidav k\u00fclgkoormustele ja paindumistele\" \/>\n<meta property=\"og:url\" content=\"https:\/\/aaknives.eu\/et\/product\/nuga-wild-boar-terasest-elmax-superclean-stabiliseeritud-karjala-kasest-kaepide-2\/\" \/>\n<meta property=\"og:site_name\" content=\"AAKnives\" \/>\n<meta property=\"article:publisher\" content=\"https:\/\/www.facebook.com\/aaknives.eu\/\" \/>\n<meta property=\"article:modified_time\" content=\"2026-03-03T19:56:16+00:00\" \/>\n<meta property=\"og:image\" content=\"https:\/\/aaknives.eu\/wp-content\/uploads\/2021\/09\/aaknives-hand-forged-damascus-steel-blade-knife-handmade-custom-made-knife-handcrafted-knives-autinetools-northmen-29.jpg\" \/>\n\t<meta property=\"og:image:width\" content=\"1020\" \/>\n\t<meta property=\"og:image:height\" content=\"880\" \/>\n\t<meta property=\"og:image:type\" content=\"image\/jpeg\" \/>\n<meta name=\"twitter:card\" content=\"summary_large_image\" \/>\n<meta name=\"twitter:label1\" content=\"Est. reading time\" \/>\n\t<meta name=\"twitter:data1\" content=\"1 minut\" \/>\n<script type=\"application\/ld+json\" class=\"yoast-schema-graph\">{\"@context\":\"https:\\\/\\\/schema.org\",\"@graph\":[{\"@type\":\"WebPage\",\"@id\":\"https:\\\/\\\/aaknives.eu\\\/et\\\/product\\\/nuga-wild-boar-terasest-elmax-superclean-stabiliseeritud-karjala-kasest-kaepide-2\\\/\",\"url\":\"https:\\\/\\\/aaknives.eu\\\/et\\\/product\\\/nuga-wild-boar-terasest-elmax-superclean-stabiliseeritud-karjala-kasest-kaepide-2\\\/\",\"name\":\"Knife ''ZEUS\\\" (steel ''Elmax'' SuperClean), stabilized karelian birch handle - AAKnives\",\"isPartOf\":{\"@id\":\"https:\\\/\\\/aaknives.eu\\\/et\\\/#website\"},\"primaryImageOfPage\":{\"@id\":\"https:\\\/\\\/aaknives.eu\\\/et\\\/product\\\/nuga-wild-boar-terasest-elmax-superclean-stabiliseeritud-karjala-kasest-kaepide-2\\\/#primaryimage\"},\"image\":{\"@id\":\"https:\\\/\\\/aaknives.eu\\\/et\\\/product\\\/nuga-wild-boar-terasest-elmax-superclean-stabiliseeritud-karjala-kasest-kaepide-2\\\/#primaryimage\"},\"thumbnailUrl\":\"https:\\\/\\\/aaknives.eu\\\/wp-content\\\/uploads\\\/2021\\\/09\\\/aaknives-hand-forged-damascus-steel-blade-knife-handmade-custom-made-knife-handcrafted-knives-autinetools-northmen-29.jpg\",\"datePublished\":\"2021-09-20T20:29:37+00:00\",\"dateModified\":\"2026-03-03T19:56:16+00:00\",\"description\":\"Knife ''ZEUS\\\" Swedish Steel Uddeholm ''Elmax'' SuperClean, sandblasted. Elmaxi nugade eesm\u00e4rk ei ole korrosioon. Vastupidav k\u00fclgkoormustele ja paindumistele\",\"breadcrumb\":{\"@id\":\"https:\\\/\\\/aaknives.eu\\\/et\\\/product\\\/nuga-wild-boar-terasest-elmax-superclean-stabiliseeritud-karjala-kasest-kaepide-2\\\/#breadcrumb\"},\"inLanguage\":\"et\",\"potentialAction\":[{\"@type\":\"ReadAction\",\"target\":[\"https:\\\/\\\/aaknives.eu\\\/et\\\/product\\\/nuga-wild-boar-terasest-elmax-superclean-stabiliseeritud-karjala-kasest-kaepide-2\\\/\"]}]},{\"@type\":\"ImageObject\",\"inLanguage\":\"et\",\"@id\":\"https:\\\/\\\/aaknives.eu\\\/et\\\/product\\\/nuga-wild-boar-terasest-elmax-superclean-stabiliseeritud-karjala-kasest-kaepide-2\\\/#primaryimage\",\"url\":\"https:\\\/\\\/aaknives.eu\\\/wp-content\\\/uploads\\\/2021\\\/09\\\/aaknives-hand-forged-damascus-steel-blade-knife-handmade-custom-made-knife-handcrafted-knives-autinetools-northmen-29.jpg\",\"contentUrl\":\"https:\\\/\\\/aaknives.eu\\\/wp-content\\\/uploads\\\/2021\\\/09\\\/aaknives-hand-forged-damascus-steel-blade-knife-handmade-custom-made-knife-handcrafted-knives-autinetools-northmen-29.jpg\",\"width\":1020,\"height\":880},{\"@type\":\"BreadcrumbList\",\"@id\":\"https:\\\/\\\/aaknives.eu\\\/et\\\/product\\\/nuga-wild-boar-terasest-elmax-superclean-stabiliseeritud-karjala-kasest-kaepide-2\\\/#breadcrumb\",\"itemListElement\":[{\"@type\":\"ListItem\",\"position\":1,\"name\":\"Home\",\"item\":\"https:\\\/\\\/aaknives.eu\\\/et\\\/kodu\\\/\"},{\"@type\":\"ListItem\",\"position\":2,\"name\":\"Kauplus\",\"item\":\"https:\\\/\\\/aaknives.eu\\\/et\\\/kauplus\\\/\"},{\"@type\":\"ListItem\",\"position\":3,\"name\":\"Knife &#8221;ZEUS&#8221; (steel &#8221;Elmax&#8221; SuperClean), stabilized karelian birch handle\"}]},{\"@type\":\"WebSite\",\"@id\":\"https:\\\/\\\/aaknives.eu\\\/et\\\/#website\",\"url\":\"https:\\\/\\\/aaknives.eu\\\/et\\\/\",\"name\":\"AAKnives\",\"description\":\"Handmade knives\",\"publisher\":{\"@id\":\"https:\\\/\\\/aaknives.eu\\\/et\\\/#organization\"},\"potentialAction\":[{\"@type\":\"SearchAction\",\"target\":{\"@type\":\"EntryPoint\",\"urlTemplate\":\"https:\\\/\\\/aaknives.eu\\\/et\\\/?s={search_term_string}\"},\"query-input\":{\"@type\":\"PropertyValueSpecification\",\"valueRequired\":true,\"valueName\":\"search_term_string\"}}],\"inLanguage\":\"et\"},{\"@type\":\"Organization\",\"@id\":\"https:\\\/\\\/aaknives.eu\\\/et\\\/#organization\",\"name\":\"AAKnives\",\"url\":\"https:\\\/\\\/aaknives.eu\\\/et\\\/\",\"logo\":{\"@type\":\"ImageObject\",\"inLanguage\":\"et\",\"@id\":\"https:\\\/\\\/aaknives.eu\\\/et\\\/#\\\/schema\\\/logo\\\/image\\\/\",\"url\":\"https:\\\/\\\/aaknives.eu\\\/wp-content\\\/uploads\\\/2021\\\/10\\\/AAknives_Logo_Green.png\",\"contentUrl\":\"https:\\\/\\\/aaknives.eu\\\/wp-content\\\/uploads\\\/2021\\\/10\\\/AAknives_Logo_Green.png\",\"width\":1768,\"height\":1768,\"caption\":\"AAKnives\"},\"image\":{\"@id\":\"https:\\\/\\\/aaknives.eu\\\/et\\\/#\\\/schema\\\/logo\\\/image\\\/\"},\"sameAs\":[\"https:\\\/\\\/www.facebook.com\\\/aaknives.eu\\\/\",\"https:\\\/\\\/www.instagram.com\\\/aaknives\\\/\",\"https:\\\/\\\/www.pinterest.com\\\/aa_knives\\\/\",\"https:\\\/\\\/www.youtube.com\\\/channel\\\/UCHOQFjrOkgT6s4FIw9LDKyw\\\/featured\"]}]}<\/script>\n<!-- \/ Yoast SEO plugin. -->","yoast_head_json":{"title":"Knife ''ZEUS\" (steel ''Elmax'' SuperClean), stabilized karelian birch handle - AAKnives","description":"Knife ''ZEUS\" Swedish Steel Uddeholm ''Elmax'' SuperClean, sandblasted. Elmaxi nugade eesm\u00e4rk ei ole korrosioon. Vastupidav k\u00fclgkoormustele ja paindumistele","robots":{"index":"index","follow":"follow","max-snippet":"max-snippet:-1","max-image-preview":"max-image-preview:large","max-video-preview":"max-video-preview:-1"},"canonical":"https:\/\/aaknives.eu\/et\/product\/nuga-wild-boar-terasest-elmax-superclean-stabiliseeritud-karjala-kasest-kaepide-2\/","og_locale":"et_EE","og_type":"article","og_title":"Knife ''ZEUS\" (steel ''Elmax'' SuperClean), stabilized karelian birch handle - AAKnives","og_description":"Knife ''ZEUS\" Swedish Steel Uddeholm ''Elmax'' SuperClean, sandblasted. Elmaxi nugade eesm\u00e4rk ei ole korrosioon. Vastupidav k\u00fclgkoormustele ja paindumistele","og_url":"https:\/\/aaknives.eu\/et\/product\/nuga-wild-boar-terasest-elmax-superclean-stabiliseeritud-karjala-kasest-kaepide-2\/","og_site_name":"AAKnives","article_publisher":"https:\/\/www.facebook.com\/aaknives.eu\/","article_modified_time":"2026-03-03T19:56:16+00:00","og_image":[{"width":1020,"height":880,"url":"https:\/\/aaknives.eu\/wp-content\/uploads\/2021\/09\/aaknives-hand-forged-damascus-steel-blade-knife-handmade-custom-made-knife-handcrafted-knives-autinetools-northmen-29.jpg","type":"image\/jpeg"}],"twitter_card":"summary_large_image","twitter_misc":{"Est. reading time":"1 minut"},"schema":{"@context":"https:\/\/schema.org","@graph":[{"@type":"WebPage","@id":"https:\/\/aaknives.eu\/et\/product\/nuga-wild-boar-terasest-elmax-superclean-stabiliseeritud-karjala-kasest-kaepide-2\/","url":"https:\/\/aaknives.eu\/et\/product\/nuga-wild-boar-terasest-elmax-superclean-stabiliseeritud-karjala-kasest-kaepide-2\/","name":"Knife ''ZEUS\" (steel ''Elmax'' SuperClean), stabilized karelian birch handle - AAKnives","isPartOf":{"@id":"https:\/\/aaknives.eu\/et\/#website"},"primaryImageOfPage":{"@id":"https:\/\/aaknives.eu\/et\/product\/nuga-wild-boar-terasest-elmax-superclean-stabiliseeritud-karjala-kasest-kaepide-2\/#primaryimage"},"image":{"@id":"https:\/\/aaknives.eu\/et\/product\/nuga-wild-boar-terasest-elmax-superclean-stabiliseeritud-karjala-kasest-kaepide-2\/#primaryimage"},"thumbnailUrl":"https:\/\/aaknives.eu\/wp-content\/uploads\/2021\/09\/aaknives-hand-forged-damascus-steel-blade-knife-handmade-custom-made-knife-handcrafted-knives-autinetools-northmen-29.jpg","datePublished":"2021-09-20T20:29:37+00:00","dateModified":"2026-03-03T19:56:16+00:00","description":"Knife ''ZEUS\" Swedish Steel Uddeholm ''Elmax'' SuperClean, sandblasted. Elmaxi nugade eesm\u00e4rk ei ole korrosioon. Vastupidav k\u00fclgkoormustele ja paindumistele","breadcrumb":{"@id":"https:\/\/aaknives.eu\/et\/product\/nuga-wild-boar-terasest-elmax-superclean-stabiliseeritud-karjala-kasest-kaepide-2\/#breadcrumb"},"inLanguage":"et","potentialAction":[{"@type":"ReadAction","target":["https:\/\/aaknives.eu\/et\/product\/nuga-wild-boar-terasest-elmax-superclean-stabiliseeritud-karjala-kasest-kaepide-2\/"]}]},{"@type":"ImageObject","inLanguage":"et","@id":"https:\/\/aaknives.eu\/et\/product\/nuga-wild-boar-terasest-elmax-superclean-stabiliseeritud-karjala-kasest-kaepide-2\/#primaryimage","url":"https:\/\/aaknives.eu\/wp-content\/uploads\/2021\/09\/aaknives-hand-forged-damascus-steel-blade-knife-handmade-custom-made-knife-handcrafted-knives-autinetools-northmen-29.jpg","contentUrl":"https:\/\/aaknives.eu\/wp-content\/uploads\/2021\/09\/aaknives-hand-forged-damascus-steel-blade-knife-handmade-custom-made-knife-handcrafted-knives-autinetools-northmen-29.jpg","width":1020,"height":880},{"@type":"BreadcrumbList","@id":"https:\/\/aaknives.eu\/et\/product\/nuga-wild-boar-terasest-elmax-superclean-stabiliseeritud-karjala-kasest-kaepide-2\/#breadcrumb","itemListElement":[{"@type":"ListItem","position":1,"name":"Home","item":"https:\/\/aaknives.eu\/et\/kodu\/"},{"@type":"ListItem","position":2,"name":"Kauplus","item":"https:\/\/aaknives.eu\/et\/kauplus\/"},{"@type":"ListItem","position":3,"name":"Knife &#8221;ZEUS&#8221; (steel &#8221;Elmax&#8221; SuperClean), stabilized karelian birch handle"}]},{"@type":"WebSite","@id":"https:\/\/aaknives.eu\/et\/#website","url":"https:\/\/aaknives.eu\/et\/","name":"AAKnives","description":"Handmade knives","publisher":{"@id":"https:\/\/aaknives.eu\/et\/#organization"},"potentialAction":[{"@type":"SearchAction","target":{"@type":"EntryPoint","urlTemplate":"https:\/\/aaknives.eu\/et\/?s={search_term_string}"},"query-input":{"@type":"PropertyValueSpecification","valueRequired":true,"valueName":"search_term_string"}}],"inLanguage":"et"},{"@type":"Organization","@id":"https:\/\/aaknives.eu\/et\/#organization","name":"AAKnives","url":"https:\/\/aaknives.eu\/et\/","logo":{"@type":"ImageObject","inLanguage":"et","@id":"https:\/\/aaknives.eu\/et\/#\/schema\/logo\/image\/","url":"https:\/\/aaknives.eu\/wp-content\/uploads\/2021\/10\/AAknives_Logo_Green.png","contentUrl":"https:\/\/aaknives.eu\/wp-content\/uploads\/2021\/10\/AAknives_Logo_Green.png","width":1768,"height":1768,"caption":"AAKnives"},"image":{"@id":"https:\/\/aaknives.eu\/et\/#\/schema\/logo\/image\/"},"sameAs":["https:\/\/www.facebook.com\/aaknives.eu\/","https:\/\/www.instagram.com\/aaknives\/","https:\/\/www.pinterest.com\/aa_knives\/","https:\/\/www.youtube.com\/channel\/UCHOQFjrOkgT6s4FIw9LDKyw\/featured"]}]}},"_links":{"self":[{"href":"https:\/\/aaknives.eu\/et\/wp-json\/wp\/v2\/product\/43509","targetHints":{"allow":["GET"]}}],"collection":[{"href":"https:\/\/aaknives.eu\/et\/wp-json\/wp\/v2\/product"}],"about":[{"href":"https:\/\/aaknives.eu\/et\/wp-json\/wp\/v2\/types\/product"}],"wp:featuredmedia":[{"embeddable":true,"href":"https:\/\/aaknives.eu\/et\/wp-json\/wp\/v2\/media\/108667"}],"wp:attachment":[{"href":"https:\/\/aaknives.eu\/et\/wp-json\/wp\/v2\/media?parent=43509"}],"wp:term":[{"taxonomy":"product_brand","embeddable":true,"href":"https:\/\/aaknives.eu\/et\/wp-json\/wp\/v2\/product_brand?post=43509"},{"taxonomy":"product_cat","embeddable":true,"href":"https:\/\/aaknives.eu\/et\/wp-json\/wp\/v2\/product_cat?post=43509"},{"taxonomy":"product_tag","embeddable":true,"href":"https:\/\/aaknives.eu\/et\/wp-json\/wp\/v2\/product_tag?post=43509"}],"curies":[{"name":"wp","href":"https:\/\/api.w.org\/{rel}","templated":true}]}}