{"id":43602,"date":"2021-09-20T20:28:27","date_gmt":"2021-09-20T20:28:27","guid":{"rendered":"https:\/\/aaknives.eu\/product\/nuga-hunter-kasitsi-sepistatud-damaskuse-terasest-tera\/"},"modified":"2021-09-20T20:28:27","modified_gmt":"2021-09-20T20:28:27","slug":"nuga-hunter-kasitsi-sepistatud-damaskuse-terasest-tera","status":"publish","type":"product","link":"https:\/\/aaknives.eu\/et\/product\/nuga-hunter-kasitsi-sepistatud-damaskuse-terasest-tera\/","title":{"rendered":"Nuga &#8221;HUNTER&#8221; &#8211; k\u00e4sitsi sepistatud Damaskuse terasest tera"},"content":{"rendered":"<p>Noa spetsifikatsioonid: &#8221;HUNTER&#8221;<br \/>\nTeras: K\u00e4sitsi sepistatud Damaskuse terasest tera jahipidamisnuga, (HVG, U10, ShH15), 800 kihti.<br \/>\nK\u00f5vadus: 60-62 HRC<br \/>\nTera pikkus (mm): 120 \/ 4,72 tolli<br \/>\nTera paksus (mm): 3 \/ 0,11 tolli<br \/>\nTera laius (mm): 33 \/ 1,29 tolli<br \/>\nK\u00e4epide: stabiliseeritud karelian birche<br \/>\nKogupikkus (mm): (10,47 tolli): 266 \/ 10,47 tolli<\/p>\n<p>Tugev jahinuga, mis on kasulik nii eelt\u00f6\u00f6tluseks kui ka hilisemaks liha l\u00f5ikamiseks. Selle tera on k\u00e4sitsi sepistatud Damaskuse terasest, mis muudab selle v\u00e4ga k\u00f5vaks, kuid samas ka elastseks ja vastupidavaks.<br \/>\nNeed ainulaadsed materjaliomadused on saavutatud pehme ja k\u00f5va metallisulami moodustamise teel, mille tulemuseks on parim jahinuga, millel on tuntud Damaskuse terase joonistus, mis t\u00e4nu mikrosaha terale kestab kaua ja suudab s\u00e4ilitada oma teravuse ilma teritamata v\u00e4ga pikka aega.<br \/>\nTera m\u00e4rgatav laienemine teeb sellest suurep\u00e4rase n\u00fclgimisnoa, kuid kergesti kontrollitav noaots ja kitsam teraots hoiab \u00e4ra siseorganite vigastused \u00f5hutamisel v\u00f5i tarbetud l\u00f5iked hilisemal liha t\u00f6\u00f6tlemisel.<br \/>\nTeisest k\u00fcljest on meie k\u00e4sitsi sepistatud nugade k\u00e4epide puidust, mis erinevalt s\u00fcnteetilistest materjalidest on k\u00e4es palju meeldivam ja mugavam.<br \/>\nJahimehe enda ohutuse tagamiseks on k\u00e4epideme ja tera vahel stopper, mis hoiab \u00e4ra s\u00f5rmede juhusliku vigastuse uluki puhastamisel ja k\u00e4sitsemisel, isegi kui k\u00e4ed on libedad.<br \/>\nDamaskuse terasest jahinugade komplekti kuulub ka vastupidav tumedast nahast \u00fcmbris, millel on kindel neetidega kinnitus, mis kaitseb nuga halbade ilmastikuolude eest ja ei p\u00f5hjusta juhuslikku kaotust. Rahakotil on kaks riputit, mida saab kinnitada v\u00f6\u00f6 k\u00fclge, et sellele oleks igal ajal lihtne ligi p\u00e4\u00e4seda. \u00dcks neist on klassikaline fikseeritud ja teine on vaba riputus, mis v\u00f5imaldab noa vabalt v\u00f6\u00f6 \u00fcmber riputada ja samal ajal v\u00f5imaldab liikumist ning v\u00e4ldib ebamugavust istudes v\u00f5i autoga mastist masti liikudes, kus fikseeritud kallistus surub ebamugavalt jalale v\u00f5i v\u00f6\u00f6kohale.<br \/>\nSee elegantne k\u00e4sitsi sepistatud nuga kestab kaua ja on t\u00e4nu oma silmapaistvatele omadustele truu ja parim jahinuga. See on kerge ja mahub mugavalt peopessa, pakkudes kiiret, ohutut, t\u00f5husat ja kvaliteetset protsessi.<\/p>\n<p>K\u00e4sitsi sepistatud Damaskuse teras, mis on loodud erineva k\u00f5vaduse ja viskoossusega terase paketist, mis on kokku pandud plaadiks kindlas j\u00e4rjekorras. Seej\u00e4rel sepistatakse plaat korduvalt uuesti, t\u00e4nu millele tekivad kihid ja ainulaadne muster.<br \/>\nKeeruline tehnoloogiline protsess toimub k\u00e4sitsi. Sellisel viisil saadud terasele on iseloomulikud suurenenud tugevus, suur k\u00f5vadus, suurep\u00e4rased l\u00f5ikamisomadused ja ilu.<br \/>\nDamaskuse terasest \u00fcle 700-1000 kihi.<br \/>\nPakett damastterasest ShH15 + HVG + U10A, termiline v\u00e4ljendus 860 \u00b0 C<\/p>\n<p>Damaskuse terase eelised:<br \/>\nSuurenenud tugevus<br \/>\nSuur k\u00f5vadus<br \/>\nSuurep\u00e4rased l\u00f5ikamisomadused<br \/>\nIlus disain<br \/>\nPikaajaline teravus<\/p>\n<p>Tera k\u00f5vadus 60-62 HRC.<br \/>\nK\u00e4sitsi valmistatud<\/p>\n","protected":false},"excerpt":{"rendered":"<p>Noa spetsifikatsioonid: &#8221;HUNTER&#8221; Teras: K\u00e4sitsi sepistatud Damaskuse terasest tera jahipidamisnuga, (HVG, U10, ShH15), 800 kihti. K\u00f5vadus: 60-62 HRC Tera pikkus (mm): 120 \/ 4,72 tolli Tera paksus (mm): 3 \/ 0,11 tolli Tera laius (mm): 33 \/ 1,29 tolli K\u00e4epide: stabiliseeritud karelian birche Kogupikkus (mm): (10,47 tolli): 266 \/ 10,47 tolli Tugev jahinuga, mis on kasulik nii eelt\u00f6\u00f6tluseks kui ka hilisemaks liha l\u00f5ikamiseks. Selle tera on k\u00e4sitsi sepistatud Damaskuse terasest, mis muudab selle v\u00e4ga k\u00f5vaks, kuid samas ka elastseks ja vastupidavaks. Need ainulaadsed materjaliomadused on saavutatud pehme ja k\u00f5va metallisulami moodustamise teel, mille tulemuseks on parim jahinuga, millel on tuntud&hellip;<\/p>\n","protected":false},"featured_media":43603,"template":"","meta":{"_themeisle_gutenberg_block_has_review":false},"product_brand":[],"product_cat":[345,343,346,349],"product_tag":[],"class_list":{"0":"post-43602","1":"product","2":"type-product","3":"status-publish","4":"has-post-thumbnail","6":"product_cat-jahinoad","7":"product_cat-kalapuugi-noad","8":"product_cat-matkanoad","9":"product_cat-taismetallist-noad","11":"first","12":"instock","13":"shipping-taxable","14":"purchasable","15":"product-type-simple"},"yoast_head":"<!-- This site is optimized with the Yoast SEO plugin v27.3 - https:\/\/yoast.com\/product\/yoast-seo-wordpress\/ -->\n<title>Nuga &#039;&#039;HUNTER&#039;&#039; - k\u00e4sitsi sepistatud Damaskuse terasest tera - AAKnives<\/title>\n<meta name=\"description\" content=\"Nuga &#039;&#039;HUNTER&#039;&#039; - k\u00e4sitsi sepistatud Damaskuse terasest tera jahi-, matka- ja v\u00e4linuga\" \/>\n<meta name=\"robots\" content=\"index, follow, max-snippet:-1, max-image-preview:large, max-video-preview:-1\" \/>\n<link rel=\"canonical\" href=\"https:\/\/aaknives.eu\/et\/product\/nuga-hunter-kasitsi-sepistatud-damaskuse-terasest-tera\/\" \/>\n<meta property=\"og:locale\" content=\"et_EE\" \/>\n<meta property=\"og:type\" content=\"article\" \/>\n<meta property=\"og:title\" content=\"Nuga &#039;&#039;HUNTER&#039;&#039; - k\u00e4sitsi sepistatud Damaskuse terasest tera - AAKnives\" \/>\n<meta property=\"og:description\" content=\"Nuga &#039;&#039;HUNTER&#039;&#039; - k\u00e4sitsi sepistatud Damaskuse terasest tera jahi-, matka- ja v\u00e4linuga\" \/>\n<meta property=\"og:url\" content=\"https:\/\/aaknives.eu\/et\/product\/nuga-hunter-kasitsi-sepistatud-damaskuse-terasest-tera\/\" \/>\n<meta property=\"og:site_name\" content=\"AAKnives\" \/>\n<meta property=\"article:publisher\" content=\"https:\/\/www.facebook.com\/aaknives.eu\/\" \/>\n<meta property=\"og:image\" content=\"https:\/\/aaknives.eu\/wp-content\/uploads\/2021\/09\/aaknives-hand-forged-dabascus-steel-blade-knife-handmade-custom-made-knife-handcrafted-knives-autinetools-northmen-10-2-34.jpg\" \/>\n\t<meta property=\"og:image:width\" content=\"1020\" \/>\n\t<meta property=\"og:image:height\" content=\"880\" \/>\n\t<meta property=\"og:image:type\" content=\"image\/jpeg\" \/>\n<meta name=\"twitter:card\" content=\"summary_large_image\" \/>\n<meta name=\"twitter:label1\" content=\"Est. reading time\" \/>\n\t<meta name=\"twitter:data1\" content=\"2 minutit\" \/>\n<script type=\"application\/ld+json\" class=\"yoast-schema-graph\">{\"@context\":\"https:\\\/\\\/schema.org\",\"@graph\":[{\"@type\":\"WebPage\",\"@id\":\"https:\\\/\\\/aaknives.eu\\\/et\\\/product\\\/nuga-hunter-kasitsi-sepistatud-damaskuse-terasest-tera\\\/\",\"url\":\"https:\\\/\\\/aaknives.eu\\\/et\\\/product\\\/nuga-hunter-kasitsi-sepistatud-damaskuse-terasest-tera\\\/\",\"name\":\"Nuga ''HUNTER'' - k\u00e4sitsi sepistatud Damaskuse terasest tera - AAKnives\",\"isPartOf\":{\"@id\":\"https:\\\/\\\/aaknives.eu\\\/et\\\/#website\"},\"primaryImageOfPage\":{\"@id\":\"https:\\\/\\\/aaknives.eu\\\/et\\\/product\\\/nuga-hunter-kasitsi-sepistatud-damaskuse-terasest-tera\\\/#primaryimage\"},\"image\":{\"@id\":\"https:\\\/\\\/aaknives.eu\\\/et\\\/product\\\/nuga-hunter-kasitsi-sepistatud-damaskuse-terasest-tera\\\/#primaryimage\"},\"thumbnailUrl\":\"https:\\\/\\\/aaknives.eu\\\/wp-content\\\/uploads\\\/2021\\\/09\\\/aaknives-hand-forged-dabascus-steel-blade-knife-handmade-custom-made-knife-handcrafted-knives-autinetools-northmen-10-2-34.jpg\",\"datePublished\":\"2021-09-20T20:28:27+00:00\",\"description\":\"Nuga ''HUNTER'' - k\u00e4sitsi sepistatud Damaskuse terasest tera jahi-, matka- ja v\u00e4linuga\",\"breadcrumb\":{\"@id\":\"https:\\\/\\\/aaknives.eu\\\/et\\\/product\\\/nuga-hunter-kasitsi-sepistatud-damaskuse-terasest-tera\\\/#breadcrumb\"},\"inLanguage\":\"et\",\"potentialAction\":[{\"@type\":\"ReadAction\",\"target\":[\"https:\\\/\\\/aaknives.eu\\\/et\\\/product\\\/nuga-hunter-kasitsi-sepistatud-damaskuse-terasest-tera\\\/\"]}]},{\"@type\":\"ImageObject\",\"inLanguage\":\"et\",\"@id\":\"https:\\\/\\\/aaknives.eu\\\/et\\\/product\\\/nuga-hunter-kasitsi-sepistatud-damaskuse-terasest-tera\\\/#primaryimage\",\"url\":\"https:\\\/\\\/aaknives.eu\\\/wp-content\\\/uploads\\\/2021\\\/09\\\/aaknives-hand-forged-dabascus-steel-blade-knife-handmade-custom-made-knife-handcrafted-knives-autinetools-northmen-10-2-34.jpg\",\"contentUrl\":\"https:\\\/\\\/aaknives.eu\\\/wp-content\\\/uploads\\\/2021\\\/09\\\/aaknives-hand-forged-dabascus-steel-blade-knife-handmade-custom-made-knife-handcrafted-knives-autinetools-northmen-10-2-34.jpg\",\"width\":1020,\"height\":880,\"caption\":\"aaknives hand forged dabascus steel blade knife handmade custom made knife handcrafted knives autinetools northmen 10 2 34\"},{\"@type\":\"BreadcrumbList\",\"@id\":\"https:\\\/\\\/aaknives.eu\\\/et\\\/product\\\/nuga-hunter-kasitsi-sepistatud-damaskuse-terasest-tera\\\/#breadcrumb\",\"itemListElement\":[{\"@type\":\"ListItem\",\"position\":1,\"name\":\"Home\",\"item\":\"https:\\\/\\\/aaknives.eu\\\/et\\\/kodu\\\/\"},{\"@type\":\"ListItem\",\"position\":2,\"name\":\"Kauplus\",\"item\":\"https:\\\/\\\/aaknives.eu\\\/et\\\/kauplus\\\/\"},{\"@type\":\"ListItem\",\"position\":3,\"name\":\"Nuga &#8221;HUNTER&#8221; &#8211; k\u00e4sitsi sepistatud Damaskuse terasest tera\"}]},{\"@type\":\"WebSite\",\"@id\":\"https:\\\/\\\/aaknives.eu\\\/et\\\/#website\",\"url\":\"https:\\\/\\\/aaknives.eu\\\/et\\\/\",\"name\":\"AAKnives\",\"description\":\"Handmade knives\",\"publisher\":{\"@id\":\"https:\\\/\\\/aaknives.eu\\\/et\\\/#organization\"},\"potentialAction\":[{\"@type\":\"SearchAction\",\"target\":{\"@type\":\"EntryPoint\",\"urlTemplate\":\"https:\\\/\\\/aaknives.eu\\\/et\\\/?s={search_term_string}\"},\"query-input\":{\"@type\":\"PropertyValueSpecification\",\"valueRequired\":true,\"valueName\":\"search_term_string\"}}],\"inLanguage\":\"et\"},{\"@type\":\"Organization\",\"@id\":\"https:\\\/\\\/aaknives.eu\\\/et\\\/#organization\",\"name\":\"AAKnives\",\"url\":\"https:\\\/\\\/aaknives.eu\\\/et\\\/\",\"logo\":{\"@type\":\"ImageObject\",\"inLanguage\":\"et\",\"@id\":\"https:\\\/\\\/aaknives.eu\\\/et\\\/#\\\/schema\\\/logo\\\/image\\\/\",\"url\":\"https:\\\/\\\/aaknives.eu\\\/wp-content\\\/uploads\\\/2021\\\/10\\\/AAknives_Logo_Green.png\",\"contentUrl\":\"https:\\\/\\\/aaknives.eu\\\/wp-content\\\/uploads\\\/2021\\\/10\\\/AAknives_Logo_Green.png\",\"width\":1768,\"height\":1768,\"caption\":\"AAKnives\"},\"image\":{\"@id\":\"https:\\\/\\\/aaknives.eu\\\/et\\\/#\\\/schema\\\/logo\\\/image\\\/\"},\"sameAs\":[\"https:\\\/\\\/www.facebook.com\\\/aaknives.eu\\\/\",\"https:\\\/\\\/www.instagram.com\\\/aaknives\\\/\",\"https:\\\/\\\/www.pinterest.com\\\/aa_knives\\\/\",\"https:\\\/\\\/www.youtube.com\\\/channel\\\/UCHOQFjrOkgT6s4FIw9LDKyw\\\/featured\"]}]}<\/script>\n<!-- \/ Yoast SEO plugin. -->","yoast_head_json":{"title":"Nuga ''HUNTER'' - k\u00e4sitsi sepistatud Damaskuse terasest tera - AAKnives","description":"Nuga ''HUNTER'' - k\u00e4sitsi sepistatud Damaskuse terasest tera jahi-, matka- ja v\u00e4linuga","robots":{"index":"index","follow":"follow","max-snippet":"max-snippet:-1","max-image-preview":"max-image-preview:large","max-video-preview":"max-video-preview:-1"},"canonical":"https:\/\/aaknives.eu\/et\/product\/nuga-hunter-kasitsi-sepistatud-damaskuse-terasest-tera\/","og_locale":"et_EE","og_type":"article","og_title":"Nuga ''HUNTER'' - k\u00e4sitsi sepistatud Damaskuse terasest tera - AAKnives","og_description":"Nuga ''HUNTER'' - k\u00e4sitsi sepistatud Damaskuse terasest tera jahi-, matka- ja v\u00e4linuga","og_url":"https:\/\/aaknives.eu\/et\/product\/nuga-hunter-kasitsi-sepistatud-damaskuse-terasest-tera\/","og_site_name":"AAKnives","article_publisher":"https:\/\/www.facebook.com\/aaknives.eu\/","og_image":[{"width":1020,"height":880,"url":"https:\/\/aaknives.eu\/wp-content\/uploads\/2021\/09\/aaknives-hand-forged-dabascus-steel-blade-knife-handmade-custom-made-knife-handcrafted-knives-autinetools-northmen-10-2-34.jpg","type":"image\/jpeg"}],"twitter_card":"summary_large_image","twitter_misc":{"Est. reading time":"2 minutit"},"schema":{"@context":"https:\/\/schema.org","@graph":[{"@type":"WebPage","@id":"https:\/\/aaknives.eu\/et\/product\/nuga-hunter-kasitsi-sepistatud-damaskuse-terasest-tera\/","url":"https:\/\/aaknives.eu\/et\/product\/nuga-hunter-kasitsi-sepistatud-damaskuse-terasest-tera\/","name":"Nuga ''HUNTER'' - k\u00e4sitsi sepistatud Damaskuse terasest tera - AAKnives","isPartOf":{"@id":"https:\/\/aaknives.eu\/et\/#website"},"primaryImageOfPage":{"@id":"https:\/\/aaknives.eu\/et\/product\/nuga-hunter-kasitsi-sepistatud-damaskuse-terasest-tera\/#primaryimage"},"image":{"@id":"https:\/\/aaknives.eu\/et\/product\/nuga-hunter-kasitsi-sepistatud-damaskuse-terasest-tera\/#primaryimage"},"thumbnailUrl":"https:\/\/aaknives.eu\/wp-content\/uploads\/2021\/09\/aaknives-hand-forged-dabascus-steel-blade-knife-handmade-custom-made-knife-handcrafted-knives-autinetools-northmen-10-2-34.jpg","datePublished":"2021-09-20T20:28:27+00:00","description":"Nuga ''HUNTER'' - k\u00e4sitsi sepistatud Damaskuse terasest tera jahi-, matka- ja v\u00e4linuga","breadcrumb":{"@id":"https:\/\/aaknives.eu\/et\/product\/nuga-hunter-kasitsi-sepistatud-damaskuse-terasest-tera\/#breadcrumb"},"inLanguage":"et","potentialAction":[{"@type":"ReadAction","target":["https:\/\/aaknives.eu\/et\/product\/nuga-hunter-kasitsi-sepistatud-damaskuse-terasest-tera\/"]}]},{"@type":"ImageObject","inLanguage":"et","@id":"https:\/\/aaknives.eu\/et\/product\/nuga-hunter-kasitsi-sepistatud-damaskuse-terasest-tera\/#primaryimage","url":"https:\/\/aaknives.eu\/wp-content\/uploads\/2021\/09\/aaknives-hand-forged-dabascus-steel-blade-knife-handmade-custom-made-knife-handcrafted-knives-autinetools-northmen-10-2-34.jpg","contentUrl":"https:\/\/aaknives.eu\/wp-content\/uploads\/2021\/09\/aaknives-hand-forged-dabascus-steel-blade-knife-handmade-custom-made-knife-handcrafted-knives-autinetools-northmen-10-2-34.jpg","width":1020,"height":880,"caption":"aaknives hand forged dabascus steel blade knife handmade custom made knife handcrafted knives autinetools northmen 10 2 34"},{"@type":"BreadcrumbList","@id":"https:\/\/aaknives.eu\/et\/product\/nuga-hunter-kasitsi-sepistatud-damaskuse-terasest-tera\/#breadcrumb","itemListElement":[{"@type":"ListItem","position":1,"name":"Home","item":"https:\/\/aaknives.eu\/et\/kodu\/"},{"@type":"ListItem","position":2,"name":"Kauplus","item":"https:\/\/aaknives.eu\/et\/kauplus\/"},{"@type":"ListItem","position":3,"name":"Nuga &#8221;HUNTER&#8221; &#8211; k\u00e4sitsi sepistatud Damaskuse terasest tera"}]},{"@type":"WebSite","@id":"https:\/\/aaknives.eu\/et\/#website","url":"https:\/\/aaknives.eu\/et\/","name":"AAKnives","description":"Handmade knives","publisher":{"@id":"https:\/\/aaknives.eu\/et\/#organization"},"potentialAction":[{"@type":"SearchAction","target":{"@type":"EntryPoint","urlTemplate":"https:\/\/aaknives.eu\/et\/?s={search_term_string}"},"query-input":{"@type":"PropertyValueSpecification","valueRequired":true,"valueName":"search_term_string"}}],"inLanguage":"et"},{"@type":"Organization","@id":"https:\/\/aaknives.eu\/et\/#organization","name":"AAKnives","url":"https:\/\/aaknives.eu\/et\/","logo":{"@type":"ImageObject","inLanguage":"et","@id":"https:\/\/aaknives.eu\/et\/#\/schema\/logo\/image\/","url":"https:\/\/aaknives.eu\/wp-content\/uploads\/2021\/10\/AAknives_Logo_Green.png","contentUrl":"https:\/\/aaknives.eu\/wp-content\/uploads\/2021\/10\/AAknives_Logo_Green.png","width":1768,"height":1768,"caption":"AAKnives"},"image":{"@id":"https:\/\/aaknives.eu\/et\/#\/schema\/logo\/image\/"},"sameAs":["https:\/\/www.facebook.com\/aaknives.eu\/","https:\/\/www.instagram.com\/aaknives\/","https:\/\/www.pinterest.com\/aa_knives\/","https:\/\/www.youtube.com\/channel\/UCHOQFjrOkgT6s4FIw9LDKyw\/featured"]}]}},"_links":{"self":[{"href":"https:\/\/aaknives.eu\/et\/wp-json\/wp\/v2\/product\/43602","targetHints":{"allow":["GET"]}}],"collection":[{"href":"https:\/\/aaknives.eu\/et\/wp-json\/wp\/v2\/product"}],"about":[{"href":"https:\/\/aaknives.eu\/et\/wp-json\/wp\/v2\/types\/product"}],"wp:featuredmedia":[{"embeddable":true,"href":"https:\/\/aaknives.eu\/et\/wp-json\/wp\/v2\/media\/43603"}],"wp:attachment":[{"href":"https:\/\/aaknives.eu\/et\/wp-json\/wp\/v2\/media?parent=43602"}],"wp:term":[{"taxonomy":"product_brand","embeddable":true,"href":"https:\/\/aaknives.eu\/et\/wp-json\/wp\/v2\/product_brand?post=43602"},{"taxonomy":"product_cat","embeddable":true,"href":"https:\/\/aaknives.eu\/et\/wp-json\/wp\/v2\/product_cat?post=43602"},{"taxonomy":"product_tag","embeddable":true,"href":"https:\/\/aaknives.eu\/et\/wp-json\/wp\/v2\/product_tag?post=43602"}],"curies":[{"name":"wp","href":"https:\/\/api.w.org\/{rel}","templated":true}]}}