{"id":43897,"date":"2021-09-20T20:14:14","date_gmt":"2021-09-20T20:14:14","guid":{"rendered":"https:\/\/aaknives.eu\/product\/nuga-zeus-taistera-nuga-sepistatud-roostevaba-teras-sandvik-12c27\/"},"modified":"2021-09-20T20:14:14","modified_gmt":"2021-09-20T20:14:14","slug":"nuga-zeus-taistera-nuga-sepistatud-roostevaba-teras-sandvik-12c27","status":"publish","type":"product","link":"https:\/\/aaknives.eu\/et\/product\/nuga-zeus-taistera-nuga-sepistatud-roostevaba-teras-sandvik-12c27\/","title":{"rendered":"Nuga &#8220;ZEUS&#8221; &#8211; t\u00e4istera nuga, sepistatud roostevaba teras Sandvik 12c27"},"content":{"rendered":"<p>Noa spetsifikatsioonid: &#8221;ZEUS&#8221;<br \/>\nTeras: t\u00e4istera nuga, sepistatud roostevaba teras Sandvik 12c27<br \/>\nK\u00f5vadus: 57-58 HRC<br \/>\nTera pikkus (mm): 110 \/ 4,33 tolli<br \/>\nTera paksus (mm): 3 \/ 0,11 tolli<br \/>\nTera laius (mm): 33 \/ 1,29 tolli<br \/>\nK\u00e4epide: karjala kask<br \/>\nKogupikkus (mm): 222 \/ 8,74 tolli<\/p>\n<p>&nbsp;<\/p>\n<p>Universaalne<br \/>\nRoostevaba<br \/>\nHead l\u00f5ikamisomadused<br \/>\nEi vaja palju hooldust<br \/>\nMadal hind<\/p>\n<p>Tera k\u00f5vadus 57-58 HRC.<br \/>\nK\u00e4sitsi valmistatud<\/p>\n","protected":false},"excerpt":{"rendered":"<p>Noa spetsifikatsioonid: &#8221;ZEUS&#8221; Teras: t\u00e4istera nuga, sepistatud roostevaba teras Sandvik 12c27 K\u00f5vadus: 57-58 HRC Tera pikkus (mm): 110 \/ 4,33 tolli Tera paksus (mm): 3 \/ 0,11 tolli Tera laius (mm): 33 \/ 1,29 tolli K\u00e4epide: karjala kask Kogupikkus (mm): 222 \/ 8,74 tolli &nbsp; Universaalne Roostevaba Head l\u00f5ikamisomadused Ei vaja palju hooldust Madal hind Tera k\u00f5vadus 57-58 HRC. K\u00e4sitsi valmistatud<\/p>\n","protected":false},"featured_media":43898,"template":"","meta":{"_themeisle_gutenberg_block_has_review":false},"product_brand":[],"product_cat":[345,346,349],"product_tag":[],"class_list":{"0":"post-43897","1":"product","2":"type-product","3":"status-publish","4":"has-post-thumbnail","6":"product_cat-jahinoad","7":"product_cat-matkanoad","8":"product_cat-taismetallist-noad","10":"first","11":"outofstock","12":"shipping-taxable","13":"purchasable","14":"product-type-simple"},"yoast_head":"<!-- This site is optimized with the Yoast SEO plugin v27.5 - https:\/\/yoast.com\/product\/yoast-seo-wordpress\/ -->\n<title>Nuga &quot;ZEUS&quot; - t\u00e4istera nuga, sepistatud roostevaba teras Sandvik 12c27 - AAKnives<\/title>\n<meta name=\"description\" content=\"Nuga &quot;ZEUS&quot; - t\u00e4istera nuga, sepistatud roostevaba teras Sandvik 12c27\" \/>\n<meta name=\"robots\" content=\"index, follow, max-snippet:-1, max-image-preview:large, max-video-preview:-1\" \/>\n<link rel=\"canonical\" href=\"https:\/\/aaknives.eu\/et\/product\/nuga-zeus-taistera-nuga-sepistatud-roostevaba-teras-sandvik-12c27\/\" \/>\n<meta property=\"og:locale\" content=\"et_EE\" \/>\n<meta property=\"og:type\" content=\"article\" \/>\n<meta property=\"og:title\" content=\"Nuga &quot;ZEUS&quot; - t\u00e4istera nuga, sepistatud roostevaba teras Sandvik 12c27 - AAKnives\" \/>\n<meta property=\"og:description\" content=\"Nuga &quot;ZEUS&quot; - t\u00e4istera nuga, sepistatud roostevaba teras Sandvik 12c27\" \/>\n<meta property=\"og:url\" content=\"https:\/\/aaknives.eu\/et\/product\/nuga-zeus-taistera-nuga-sepistatud-roostevaba-teras-sandvik-12c27\/\" \/>\n<meta property=\"og:site_name\" content=\"AAKnives\" \/>\n<meta property=\"article:publisher\" content=\"https:\/\/www.facebook.com\/aaknives.eu\/\" \/>\n<meta property=\"og:image\" content=\"https:\/\/aaknives.eu\/wp-content\/uploads\/2021\/09\/aaknives-hand-forged-dabascus-steel-blade-knife-handmade-custom-made-knife-handcrafted-knives-autinetools-northmen-27-1-8.jpg\" \/>\n\t<meta property=\"og:image:width\" content=\"800\" \/>\n\t<meta property=\"og:image:height\" content=\"600\" \/>\n\t<meta property=\"og:image:type\" content=\"image\/jpeg\" \/>\n<meta name=\"twitter:card\" content=\"summary_large_image\" \/>\n<script type=\"application\/ld+json\" class=\"yoast-schema-graph\">{\"@context\":\"https:\\\/\\\/schema.org\",\"@graph\":[{\"@type\":\"WebPage\",\"@id\":\"https:\\\/\\\/aaknives.eu\\\/et\\\/product\\\/nuga-zeus-taistera-nuga-sepistatud-roostevaba-teras-sandvik-12c27\\\/\",\"url\":\"https:\\\/\\\/aaknives.eu\\\/et\\\/product\\\/nuga-zeus-taistera-nuga-sepistatud-roostevaba-teras-sandvik-12c27\\\/\",\"name\":\"Nuga \\\"ZEUS\\\" - t\u00e4istera nuga, sepistatud roostevaba teras Sandvik 12c27 - AAKnives\",\"isPartOf\":{\"@id\":\"https:\\\/\\\/aaknives.eu\\\/et\\\/#website\"},\"primaryImageOfPage\":{\"@id\":\"https:\\\/\\\/aaknives.eu\\\/et\\\/product\\\/nuga-zeus-taistera-nuga-sepistatud-roostevaba-teras-sandvik-12c27\\\/#primaryimage\"},\"image\":{\"@id\":\"https:\\\/\\\/aaknives.eu\\\/et\\\/product\\\/nuga-zeus-taistera-nuga-sepistatud-roostevaba-teras-sandvik-12c27\\\/#primaryimage\"},\"thumbnailUrl\":\"https:\\\/\\\/aaknives.eu\\\/wp-content\\\/uploads\\\/2021\\\/09\\\/aaknives-hand-forged-dabascus-steel-blade-knife-handmade-custom-made-knife-handcrafted-knives-autinetools-northmen-27-1-8.jpg\",\"datePublished\":\"2021-09-20T20:14:14+00:00\",\"description\":\"Nuga \\\"ZEUS\\\" - t\u00e4istera nuga, sepistatud roostevaba teras Sandvik 12c27\",\"breadcrumb\":{\"@id\":\"https:\\\/\\\/aaknives.eu\\\/et\\\/product\\\/nuga-zeus-taistera-nuga-sepistatud-roostevaba-teras-sandvik-12c27\\\/#breadcrumb\"},\"inLanguage\":\"et\",\"potentialAction\":[{\"@type\":\"ReadAction\",\"target\":[\"https:\\\/\\\/aaknives.eu\\\/et\\\/product\\\/nuga-zeus-taistera-nuga-sepistatud-roostevaba-teras-sandvik-12c27\\\/\"]}]},{\"@type\":\"ImageObject\",\"inLanguage\":\"et\",\"@id\":\"https:\\\/\\\/aaknives.eu\\\/et\\\/product\\\/nuga-zeus-taistera-nuga-sepistatud-roostevaba-teras-sandvik-12c27\\\/#primaryimage\",\"url\":\"https:\\\/\\\/aaknives.eu\\\/wp-content\\\/uploads\\\/2021\\\/09\\\/aaknives-hand-forged-dabascus-steel-blade-knife-handmade-custom-made-knife-handcrafted-knives-autinetools-northmen-27-1-8.jpg\",\"contentUrl\":\"https:\\\/\\\/aaknives.eu\\\/wp-content\\\/uploads\\\/2021\\\/09\\\/aaknives-hand-forged-dabascus-steel-blade-knife-handmade-custom-made-knife-handcrafted-knives-autinetools-northmen-27-1-8.jpg\",\"width\":800,\"height\":600,\"caption\":\"aaknives-hand-forged-dabascus-steel-blade-knife-handmade-custom-made-knife-handcrafted-knives-autinetools-northmen-27-1-8\"},{\"@type\":\"BreadcrumbList\",\"@id\":\"https:\\\/\\\/aaknives.eu\\\/et\\\/product\\\/nuga-zeus-taistera-nuga-sepistatud-roostevaba-teras-sandvik-12c27\\\/#breadcrumb\",\"itemListElement\":[{\"@type\":\"ListItem\",\"position\":1,\"name\":\"Home\",\"item\":\"https:\\\/\\\/aaknives.eu\\\/et\\\/kodu\\\/\"},{\"@type\":\"ListItem\",\"position\":2,\"name\":\"Kauplus\",\"item\":\"https:\\\/\\\/aaknives.eu\\\/et\\\/kauplus\\\/\"},{\"@type\":\"ListItem\",\"position\":3,\"name\":\"Nuga &#8220;ZEUS&#8221; &#8211; t\u00e4istera nuga, sepistatud roostevaba teras Sandvik 12c27\"}]},{\"@type\":\"WebSite\",\"@id\":\"https:\\\/\\\/aaknives.eu\\\/et\\\/#website\",\"url\":\"https:\\\/\\\/aaknives.eu\\\/et\\\/\",\"name\":\"AAKnives\",\"description\":\"Handmade knives\",\"publisher\":{\"@id\":\"https:\\\/\\\/aaknives.eu\\\/et\\\/#organization\"},\"potentialAction\":[{\"@type\":\"SearchAction\",\"target\":{\"@type\":\"EntryPoint\",\"urlTemplate\":\"https:\\\/\\\/aaknives.eu\\\/et\\\/?s={search_term_string}\"},\"query-input\":{\"@type\":\"PropertyValueSpecification\",\"valueRequired\":true,\"valueName\":\"search_term_string\"}}],\"inLanguage\":\"et\"},{\"@type\":\"Organization\",\"@id\":\"https:\\\/\\\/aaknives.eu\\\/et\\\/#organization\",\"name\":\"AAKnives\",\"url\":\"https:\\\/\\\/aaknives.eu\\\/et\\\/\",\"logo\":{\"@type\":\"ImageObject\",\"inLanguage\":\"et\",\"@id\":\"https:\\\/\\\/aaknives.eu\\\/et\\\/#\\\/schema\\\/logo\\\/image\\\/\",\"url\":\"https:\\\/\\\/aaknives.eu\\\/wp-content\\\/uploads\\\/2021\\\/10\\\/AAknives_Logo_Green.png\",\"contentUrl\":\"https:\\\/\\\/aaknives.eu\\\/wp-content\\\/uploads\\\/2021\\\/10\\\/AAknives_Logo_Green.png\",\"width\":1768,\"height\":1768,\"caption\":\"AAKnives\"},\"image\":{\"@id\":\"https:\\\/\\\/aaknives.eu\\\/et\\\/#\\\/schema\\\/logo\\\/image\\\/\"},\"sameAs\":[\"https:\\\/\\\/www.facebook.com\\\/aaknives.eu\\\/\",\"https:\\\/\\\/www.instagram.com\\\/aaknives\\\/\",\"https:\\\/\\\/www.pinterest.com\\\/aa_knives\\\/\",\"https:\\\/\\\/www.youtube.com\\\/channel\\\/UCHOQFjrOkgT6s4FIw9LDKyw\\\/featured\"]}]}<\/script>\n<!-- \/ Yoast SEO plugin. -->","yoast_head_json":{"title":"Nuga \"ZEUS\" - t\u00e4istera nuga, sepistatud roostevaba teras Sandvik 12c27 - AAKnives","description":"Nuga \"ZEUS\" - t\u00e4istera nuga, sepistatud roostevaba teras Sandvik 12c27","robots":{"index":"index","follow":"follow","max-snippet":"max-snippet:-1","max-image-preview":"max-image-preview:large","max-video-preview":"max-video-preview:-1"},"canonical":"https:\/\/aaknives.eu\/et\/product\/nuga-zeus-taistera-nuga-sepistatud-roostevaba-teras-sandvik-12c27\/","og_locale":"et_EE","og_type":"article","og_title":"Nuga \"ZEUS\" - t\u00e4istera nuga, sepistatud roostevaba teras Sandvik 12c27 - AAKnives","og_description":"Nuga \"ZEUS\" - t\u00e4istera nuga, sepistatud roostevaba teras Sandvik 12c27","og_url":"https:\/\/aaknives.eu\/et\/product\/nuga-zeus-taistera-nuga-sepistatud-roostevaba-teras-sandvik-12c27\/","og_site_name":"AAKnives","article_publisher":"https:\/\/www.facebook.com\/aaknives.eu\/","og_image":[{"width":800,"height":600,"url":"https:\/\/aaknives.eu\/wp-content\/uploads\/2021\/09\/aaknives-hand-forged-dabascus-steel-blade-knife-handmade-custom-made-knife-handcrafted-knives-autinetools-northmen-27-1-8.jpg","type":"image\/jpeg"}],"twitter_card":"summary_large_image","schema":{"@context":"https:\/\/schema.org","@graph":[{"@type":"WebPage","@id":"https:\/\/aaknives.eu\/et\/product\/nuga-zeus-taistera-nuga-sepistatud-roostevaba-teras-sandvik-12c27\/","url":"https:\/\/aaknives.eu\/et\/product\/nuga-zeus-taistera-nuga-sepistatud-roostevaba-teras-sandvik-12c27\/","name":"Nuga \"ZEUS\" - t\u00e4istera nuga, sepistatud roostevaba teras Sandvik 12c27 - AAKnives","isPartOf":{"@id":"https:\/\/aaknives.eu\/et\/#website"},"primaryImageOfPage":{"@id":"https:\/\/aaknives.eu\/et\/product\/nuga-zeus-taistera-nuga-sepistatud-roostevaba-teras-sandvik-12c27\/#primaryimage"},"image":{"@id":"https:\/\/aaknives.eu\/et\/product\/nuga-zeus-taistera-nuga-sepistatud-roostevaba-teras-sandvik-12c27\/#primaryimage"},"thumbnailUrl":"https:\/\/aaknives.eu\/wp-content\/uploads\/2021\/09\/aaknives-hand-forged-dabascus-steel-blade-knife-handmade-custom-made-knife-handcrafted-knives-autinetools-northmen-27-1-8.jpg","datePublished":"2021-09-20T20:14:14+00:00","description":"Nuga \"ZEUS\" - t\u00e4istera nuga, sepistatud roostevaba teras Sandvik 12c27","breadcrumb":{"@id":"https:\/\/aaknives.eu\/et\/product\/nuga-zeus-taistera-nuga-sepistatud-roostevaba-teras-sandvik-12c27\/#breadcrumb"},"inLanguage":"et","potentialAction":[{"@type":"ReadAction","target":["https:\/\/aaknives.eu\/et\/product\/nuga-zeus-taistera-nuga-sepistatud-roostevaba-teras-sandvik-12c27\/"]}]},{"@type":"ImageObject","inLanguage":"et","@id":"https:\/\/aaknives.eu\/et\/product\/nuga-zeus-taistera-nuga-sepistatud-roostevaba-teras-sandvik-12c27\/#primaryimage","url":"https:\/\/aaknives.eu\/wp-content\/uploads\/2021\/09\/aaknives-hand-forged-dabascus-steel-blade-knife-handmade-custom-made-knife-handcrafted-knives-autinetools-northmen-27-1-8.jpg","contentUrl":"https:\/\/aaknives.eu\/wp-content\/uploads\/2021\/09\/aaknives-hand-forged-dabascus-steel-blade-knife-handmade-custom-made-knife-handcrafted-knives-autinetools-northmen-27-1-8.jpg","width":800,"height":600,"caption":"aaknives-hand-forged-dabascus-steel-blade-knife-handmade-custom-made-knife-handcrafted-knives-autinetools-northmen-27-1-8"},{"@type":"BreadcrumbList","@id":"https:\/\/aaknives.eu\/et\/product\/nuga-zeus-taistera-nuga-sepistatud-roostevaba-teras-sandvik-12c27\/#breadcrumb","itemListElement":[{"@type":"ListItem","position":1,"name":"Home","item":"https:\/\/aaknives.eu\/et\/kodu\/"},{"@type":"ListItem","position":2,"name":"Kauplus","item":"https:\/\/aaknives.eu\/et\/kauplus\/"},{"@type":"ListItem","position":3,"name":"Nuga &#8220;ZEUS&#8221; &#8211; t\u00e4istera nuga, sepistatud roostevaba teras Sandvik 12c27"}]},{"@type":"WebSite","@id":"https:\/\/aaknives.eu\/et\/#website","url":"https:\/\/aaknives.eu\/et\/","name":"AAKnives","description":"Handmade knives","publisher":{"@id":"https:\/\/aaknives.eu\/et\/#organization"},"potentialAction":[{"@type":"SearchAction","target":{"@type":"EntryPoint","urlTemplate":"https:\/\/aaknives.eu\/et\/?s={search_term_string}"},"query-input":{"@type":"PropertyValueSpecification","valueRequired":true,"valueName":"search_term_string"}}],"inLanguage":"et"},{"@type":"Organization","@id":"https:\/\/aaknives.eu\/et\/#organization","name":"AAKnives","url":"https:\/\/aaknives.eu\/et\/","logo":{"@type":"ImageObject","inLanguage":"et","@id":"https:\/\/aaknives.eu\/et\/#\/schema\/logo\/image\/","url":"https:\/\/aaknives.eu\/wp-content\/uploads\/2021\/10\/AAknives_Logo_Green.png","contentUrl":"https:\/\/aaknives.eu\/wp-content\/uploads\/2021\/10\/AAknives_Logo_Green.png","width":1768,"height":1768,"caption":"AAKnives"},"image":{"@id":"https:\/\/aaknives.eu\/et\/#\/schema\/logo\/image\/"},"sameAs":["https:\/\/www.facebook.com\/aaknives.eu\/","https:\/\/www.instagram.com\/aaknives\/","https:\/\/www.pinterest.com\/aa_knives\/","https:\/\/www.youtube.com\/channel\/UCHOQFjrOkgT6s4FIw9LDKyw\/featured"]}]}},"_links":{"self":[{"href":"https:\/\/aaknives.eu\/et\/wp-json\/wp\/v2\/product\/43897","targetHints":{"allow":["GET"]}}],"collection":[{"href":"https:\/\/aaknives.eu\/et\/wp-json\/wp\/v2\/product"}],"about":[{"href":"https:\/\/aaknives.eu\/et\/wp-json\/wp\/v2\/types\/product"}],"wp:featuredmedia":[{"embeddable":true,"href":"https:\/\/aaknives.eu\/et\/wp-json\/wp\/v2\/media\/43898"}],"wp:attachment":[{"href":"https:\/\/aaknives.eu\/et\/wp-json\/wp\/v2\/media?parent=43897"}],"wp:term":[{"taxonomy":"product_brand","embeddable":true,"href":"https:\/\/aaknives.eu\/et\/wp-json\/wp\/v2\/product_brand?post=43897"},{"taxonomy":"product_cat","embeddable":true,"href":"https:\/\/aaknives.eu\/et\/wp-json\/wp\/v2\/product_cat?post=43897"},{"taxonomy":"product_tag","embeddable":true,"href":"https:\/\/aaknives.eu\/et\/wp-json\/wp\/v2\/product_tag?post=43897"}],"curies":[{"name":"wp","href":"https:\/\/api.w.org\/{rel}","templated":true}]}}