{"id":43901,"date":"2021-09-20T20:13:51","date_gmt":"2021-09-20T20:13:51","guid":{"rendered":"https:\/\/aaknives.eu\/product\/heast-sepistatud-roostevabast-terasest-nuga-scandinavian\/"},"modified":"2021-09-20T20:13:51","modified_gmt":"2021-09-20T20:13:51","slug":"heast-sepistatud-roostevabast-terasest-nuga-scandinavian","status":"publish","type":"product","link":"https:\/\/aaknives.eu\/et\/product\/heast-sepistatud-roostevabast-terasest-nuga-scandinavian\/","title":{"rendered":"Heast sepistatud roostevabast terasest nuga &#8221;SCANDINAVIAN&#8221;"},"content":{"rendered":"<p>Noa spetsifikatsioonid: &#8221;SKANDINAAVIA&#8221;<br \/>\nTeras: sepistatud roostevaba teras Sandvik 12C27<br \/>\nK\u00f5vadus: 56-58 HRC<br \/>\nTera pikkus (mm): 133 \/ 5,23 tolli<br \/>\nTera paksus (mm): 4 \/ 0,15 tolli<br \/>\nTera laius (mm): 28 \/ 1,10 tolli<br \/>\nK\u00e4epide: Venge puit: Aafrika Venge puit<br \/>\nKogupikkus (mm): Pikkus: 256 \/ 10,07 tolli<\/p>\n<p>65\u00d713 on kvaliteetne legeeritud roostevaba teras. Seda terast peetakse universaalseks teraseks, mida kasutatakse mitmesuguste nugade jaoks. Seda t\u00fc\u00fcpi teras on teistest kergem ja roostekindel, mis on v\u00e4ga oluline nugade puhul, mida kasutatakse erinevates ilmastikutingimustes. K\u00f5ige sagedamini kasutatakse seda terast v\u00e4iksemate ja keskmise suurusega nugade jaoks. Seda t\u00fc\u00fcpi terasest noad hoiavad v\u00e4ga h\u00e4sti tera teravust, on painduvad ja kulumiskindlad. Neid on lihtne teritada ja need ei vaja kauakestmiseks lisahooldust. 65\u00d713 teras sobib h\u00e4sti jahi-, kala- ja seenelk\u00e4imiseks.<\/p>\n","protected":false},"excerpt":{"rendered":"<p>Noa spetsifikatsioonid: &#8221;SKANDINAAVIA&#8221; Teras: sepistatud roostevaba teras Sandvik 12C27 K\u00f5vadus: 56-58 HRC Tera pikkus (mm): 133 \/ 5,23 tolli Tera paksus (mm): 4 \/ 0,15 tolli Tera laius (mm): 28 \/ 1,10 tolli K\u00e4epide: Venge puit: Aafrika Venge puit Kogupikkus (mm): Pikkus: 256 \/ 10,07 tolli 65\u00d713 on kvaliteetne legeeritud roostevaba teras. Seda terast peetakse universaalseks teraseks, mida kasutatakse mitmesuguste nugade jaoks. Seda t\u00fc\u00fcpi teras on teistest kergem ja roostekindel, mis on v\u00e4ga oluline nugade puhul, mida kasutatakse erinevates ilmastikutingimustes. K\u00f5ige sagedamini kasutatakse seda terast v\u00e4iksemate ja keskmise suurusega nugade jaoks. Seda t\u00fc\u00fcpi terasest noad hoiavad v\u00e4ga h\u00e4sti tera teravust,&hellip;<\/p>\n","protected":false},"featured_media":43902,"template":"","meta":{"_themeisle_gutenberg_block_has_review":false},"product_brand":[],"product_cat":[345,343,346],"product_tag":[],"class_list":{"0":"post-43901","1":"product","2":"type-product","3":"status-publish","4":"has-post-thumbnail","6":"product_cat-jahinoad","7":"product_cat-kalapuugi-noad","8":"product_cat-matkanoad","10":"first","11":"instock","12":"shipping-taxable","13":"purchasable","14":"product-type-simple"},"yoast_head":"<!-- This site is optimized with the Yoast SEO plugin v27.3 - https:\/\/yoast.com\/product\/yoast-seo-wordpress\/ -->\n<title>Heast sepistatud roostevabast terasest nuga &#039;&#039;SCANDINAVIAN&#039;&#039; - AAKnives<\/title>\n<meta name=\"description\" content=\"Heast sepistatud roostevabast terasest nuga &#039;&#039;SCANDINAVIAN&#039;&#039;\" \/>\n<meta name=\"robots\" content=\"index, follow, max-snippet:-1, max-image-preview:large, max-video-preview:-1\" \/>\n<link rel=\"canonical\" href=\"https:\/\/aaknives.eu\/et\/product\/heast-sepistatud-roostevabast-terasest-nuga-scandinavian\/\" \/>\n<meta property=\"og:locale\" content=\"et_EE\" \/>\n<meta property=\"og:type\" content=\"article\" \/>\n<meta property=\"og:title\" content=\"Heast sepistatud roostevabast terasest nuga &#039;&#039;SCANDINAVIAN&#039;&#039; - AAKnives\" \/>\n<meta property=\"og:description\" content=\"Heast sepistatud roostevabast terasest nuga &#039;&#039;SCANDINAVIAN&#039;&#039;\" \/>\n<meta property=\"og:url\" content=\"https:\/\/aaknives.eu\/et\/product\/heast-sepistatud-roostevabast-terasest-nuga-scandinavian\/\" \/>\n<meta property=\"og:site_name\" content=\"AAKnives\" \/>\n<meta property=\"article:publisher\" content=\"https:\/\/www.facebook.com\/aaknives.eu\/\" \/>\n<meta property=\"og:image\" content=\"https:\/\/aaknives.eu\/wp-content\/uploads\/2021\/09\/aaknives-hand-forged-dabascus-steel-blade-knife-handmade-custom-made-knife-handcrafted-knives-autinetools-northmen-9-2-18.jpg\" \/>\n\t<meta property=\"og:image:width\" content=\"1020\" \/>\n\t<meta property=\"og:image:height\" content=\"880\" \/>\n\t<meta property=\"og:image:type\" content=\"image\/jpeg\" \/>\n<meta name=\"twitter:card\" content=\"summary_large_image\" \/>\n<meta name=\"twitter:label1\" content=\"Est. reading time\" \/>\n\t<meta name=\"twitter:data1\" content=\"1 minut\" \/>\n<script type=\"application\/ld+json\" class=\"yoast-schema-graph\">{\"@context\":\"https:\\\/\\\/schema.org\",\"@graph\":[{\"@type\":\"WebPage\",\"@id\":\"https:\\\/\\\/aaknives.eu\\\/et\\\/product\\\/heast-sepistatud-roostevabast-terasest-nuga-scandinavian\\\/\",\"url\":\"https:\\\/\\\/aaknives.eu\\\/et\\\/product\\\/heast-sepistatud-roostevabast-terasest-nuga-scandinavian\\\/\",\"name\":\"Heast sepistatud roostevabast terasest nuga ''SCANDINAVIAN'' - AAKnives\",\"isPartOf\":{\"@id\":\"https:\\\/\\\/aaknives.eu\\\/et\\\/#website\"},\"primaryImageOfPage\":{\"@id\":\"https:\\\/\\\/aaknives.eu\\\/et\\\/product\\\/heast-sepistatud-roostevabast-terasest-nuga-scandinavian\\\/#primaryimage\"},\"image\":{\"@id\":\"https:\\\/\\\/aaknives.eu\\\/et\\\/product\\\/heast-sepistatud-roostevabast-terasest-nuga-scandinavian\\\/#primaryimage\"},\"thumbnailUrl\":\"https:\\\/\\\/aaknives.eu\\\/wp-content\\\/uploads\\\/2021\\\/09\\\/aaknives-hand-forged-dabascus-steel-blade-knife-handmade-custom-made-knife-handcrafted-knives-autinetools-northmen-9-2-18.jpg\",\"datePublished\":\"2021-09-20T20:13:51+00:00\",\"description\":\"Heast sepistatud roostevabast terasest nuga ''SCANDINAVIAN''\",\"breadcrumb\":{\"@id\":\"https:\\\/\\\/aaknives.eu\\\/et\\\/product\\\/heast-sepistatud-roostevabast-terasest-nuga-scandinavian\\\/#breadcrumb\"},\"inLanguage\":\"et\",\"potentialAction\":[{\"@type\":\"ReadAction\",\"target\":[\"https:\\\/\\\/aaknives.eu\\\/et\\\/product\\\/heast-sepistatud-roostevabast-terasest-nuga-scandinavian\\\/\"]}]},{\"@type\":\"ImageObject\",\"inLanguage\":\"et\",\"@id\":\"https:\\\/\\\/aaknives.eu\\\/et\\\/product\\\/heast-sepistatud-roostevabast-terasest-nuga-scandinavian\\\/#primaryimage\",\"url\":\"https:\\\/\\\/aaknives.eu\\\/wp-content\\\/uploads\\\/2021\\\/09\\\/aaknives-hand-forged-dabascus-steel-blade-knife-handmade-custom-made-knife-handcrafted-knives-autinetools-northmen-9-2-18.jpg\",\"contentUrl\":\"https:\\\/\\\/aaknives.eu\\\/wp-content\\\/uploads\\\/2021\\\/09\\\/aaknives-hand-forged-dabascus-steel-blade-knife-handmade-custom-made-knife-handcrafted-knives-autinetools-northmen-9-2-18.jpg\",\"width\":1020,\"height\":880,\"caption\":\"aaknives hand forged dabascus steel blade knife handmade custom made knife handcrafted knives autinetools northmen 9 2 18\"},{\"@type\":\"BreadcrumbList\",\"@id\":\"https:\\\/\\\/aaknives.eu\\\/et\\\/product\\\/heast-sepistatud-roostevabast-terasest-nuga-scandinavian\\\/#breadcrumb\",\"itemListElement\":[{\"@type\":\"ListItem\",\"position\":1,\"name\":\"Home\",\"item\":\"https:\\\/\\\/aaknives.eu\\\/et\\\/kodu\\\/\"},{\"@type\":\"ListItem\",\"position\":2,\"name\":\"Kauplus\",\"item\":\"https:\\\/\\\/aaknives.eu\\\/et\\\/kauplus\\\/\"},{\"@type\":\"ListItem\",\"position\":3,\"name\":\"Heast sepistatud roostevabast terasest nuga &#8221;SCANDINAVIAN&#8221;\"}]},{\"@type\":\"WebSite\",\"@id\":\"https:\\\/\\\/aaknives.eu\\\/et\\\/#website\",\"url\":\"https:\\\/\\\/aaknives.eu\\\/et\\\/\",\"name\":\"AAKnives\",\"description\":\"Handmade knives\",\"publisher\":{\"@id\":\"https:\\\/\\\/aaknives.eu\\\/et\\\/#organization\"},\"potentialAction\":[{\"@type\":\"SearchAction\",\"target\":{\"@type\":\"EntryPoint\",\"urlTemplate\":\"https:\\\/\\\/aaknives.eu\\\/et\\\/?s={search_term_string}\"},\"query-input\":{\"@type\":\"PropertyValueSpecification\",\"valueRequired\":true,\"valueName\":\"search_term_string\"}}],\"inLanguage\":\"et\"},{\"@type\":\"Organization\",\"@id\":\"https:\\\/\\\/aaknives.eu\\\/et\\\/#organization\",\"name\":\"AAKnives\",\"url\":\"https:\\\/\\\/aaknives.eu\\\/et\\\/\",\"logo\":{\"@type\":\"ImageObject\",\"inLanguage\":\"et\",\"@id\":\"https:\\\/\\\/aaknives.eu\\\/et\\\/#\\\/schema\\\/logo\\\/image\\\/\",\"url\":\"https:\\\/\\\/aaknives.eu\\\/wp-content\\\/uploads\\\/2021\\\/10\\\/AAknives_Logo_Green.png\",\"contentUrl\":\"https:\\\/\\\/aaknives.eu\\\/wp-content\\\/uploads\\\/2021\\\/10\\\/AAknives_Logo_Green.png\",\"width\":1768,\"height\":1768,\"caption\":\"AAKnives\"},\"image\":{\"@id\":\"https:\\\/\\\/aaknives.eu\\\/et\\\/#\\\/schema\\\/logo\\\/image\\\/\"},\"sameAs\":[\"https:\\\/\\\/www.facebook.com\\\/aaknives.eu\\\/\",\"https:\\\/\\\/www.instagram.com\\\/aaknives\\\/\",\"https:\\\/\\\/www.pinterest.com\\\/aa_knives\\\/\",\"https:\\\/\\\/www.youtube.com\\\/channel\\\/UCHOQFjrOkgT6s4FIw9LDKyw\\\/featured\"]}]}<\/script>\n<!-- \/ Yoast SEO plugin. -->","yoast_head_json":{"title":"Heast sepistatud roostevabast terasest nuga ''SCANDINAVIAN'' - AAKnives","description":"Heast sepistatud roostevabast terasest nuga ''SCANDINAVIAN''","robots":{"index":"index","follow":"follow","max-snippet":"max-snippet:-1","max-image-preview":"max-image-preview:large","max-video-preview":"max-video-preview:-1"},"canonical":"https:\/\/aaknives.eu\/et\/product\/heast-sepistatud-roostevabast-terasest-nuga-scandinavian\/","og_locale":"et_EE","og_type":"article","og_title":"Heast sepistatud roostevabast terasest nuga ''SCANDINAVIAN'' - AAKnives","og_description":"Heast sepistatud roostevabast terasest nuga ''SCANDINAVIAN''","og_url":"https:\/\/aaknives.eu\/et\/product\/heast-sepistatud-roostevabast-terasest-nuga-scandinavian\/","og_site_name":"AAKnives","article_publisher":"https:\/\/www.facebook.com\/aaknives.eu\/","og_image":[{"width":1020,"height":880,"url":"https:\/\/aaknives.eu\/wp-content\/uploads\/2021\/09\/aaknives-hand-forged-dabascus-steel-blade-knife-handmade-custom-made-knife-handcrafted-knives-autinetools-northmen-9-2-18.jpg","type":"image\/jpeg"}],"twitter_card":"summary_large_image","twitter_misc":{"Est. reading time":"1 minut"},"schema":{"@context":"https:\/\/schema.org","@graph":[{"@type":"WebPage","@id":"https:\/\/aaknives.eu\/et\/product\/heast-sepistatud-roostevabast-terasest-nuga-scandinavian\/","url":"https:\/\/aaknives.eu\/et\/product\/heast-sepistatud-roostevabast-terasest-nuga-scandinavian\/","name":"Heast sepistatud roostevabast terasest nuga ''SCANDINAVIAN'' - AAKnives","isPartOf":{"@id":"https:\/\/aaknives.eu\/et\/#website"},"primaryImageOfPage":{"@id":"https:\/\/aaknives.eu\/et\/product\/heast-sepistatud-roostevabast-terasest-nuga-scandinavian\/#primaryimage"},"image":{"@id":"https:\/\/aaknives.eu\/et\/product\/heast-sepistatud-roostevabast-terasest-nuga-scandinavian\/#primaryimage"},"thumbnailUrl":"https:\/\/aaknives.eu\/wp-content\/uploads\/2021\/09\/aaknives-hand-forged-dabascus-steel-blade-knife-handmade-custom-made-knife-handcrafted-knives-autinetools-northmen-9-2-18.jpg","datePublished":"2021-09-20T20:13:51+00:00","description":"Heast sepistatud roostevabast terasest nuga ''SCANDINAVIAN''","breadcrumb":{"@id":"https:\/\/aaknives.eu\/et\/product\/heast-sepistatud-roostevabast-terasest-nuga-scandinavian\/#breadcrumb"},"inLanguage":"et","potentialAction":[{"@type":"ReadAction","target":["https:\/\/aaknives.eu\/et\/product\/heast-sepistatud-roostevabast-terasest-nuga-scandinavian\/"]}]},{"@type":"ImageObject","inLanguage":"et","@id":"https:\/\/aaknives.eu\/et\/product\/heast-sepistatud-roostevabast-terasest-nuga-scandinavian\/#primaryimage","url":"https:\/\/aaknives.eu\/wp-content\/uploads\/2021\/09\/aaknives-hand-forged-dabascus-steel-blade-knife-handmade-custom-made-knife-handcrafted-knives-autinetools-northmen-9-2-18.jpg","contentUrl":"https:\/\/aaknives.eu\/wp-content\/uploads\/2021\/09\/aaknives-hand-forged-dabascus-steel-blade-knife-handmade-custom-made-knife-handcrafted-knives-autinetools-northmen-9-2-18.jpg","width":1020,"height":880,"caption":"aaknives hand forged dabascus steel blade knife handmade custom made knife handcrafted knives autinetools northmen 9 2 18"},{"@type":"BreadcrumbList","@id":"https:\/\/aaknives.eu\/et\/product\/heast-sepistatud-roostevabast-terasest-nuga-scandinavian\/#breadcrumb","itemListElement":[{"@type":"ListItem","position":1,"name":"Home","item":"https:\/\/aaknives.eu\/et\/kodu\/"},{"@type":"ListItem","position":2,"name":"Kauplus","item":"https:\/\/aaknives.eu\/et\/kauplus\/"},{"@type":"ListItem","position":3,"name":"Heast sepistatud roostevabast terasest nuga &#8221;SCANDINAVIAN&#8221;"}]},{"@type":"WebSite","@id":"https:\/\/aaknives.eu\/et\/#website","url":"https:\/\/aaknives.eu\/et\/","name":"AAKnives","description":"Handmade knives","publisher":{"@id":"https:\/\/aaknives.eu\/et\/#organization"},"potentialAction":[{"@type":"SearchAction","target":{"@type":"EntryPoint","urlTemplate":"https:\/\/aaknives.eu\/et\/?s={search_term_string}"},"query-input":{"@type":"PropertyValueSpecification","valueRequired":true,"valueName":"search_term_string"}}],"inLanguage":"et"},{"@type":"Organization","@id":"https:\/\/aaknives.eu\/et\/#organization","name":"AAKnives","url":"https:\/\/aaknives.eu\/et\/","logo":{"@type":"ImageObject","inLanguage":"et","@id":"https:\/\/aaknives.eu\/et\/#\/schema\/logo\/image\/","url":"https:\/\/aaknives.eu\/wp-content\/uploads\/2021\/10\/AAknives_Logo_Green.png","contentUrl":"https:\/\/aaknives.eu\/wp-content\/uploads\/2021\/10\/AAknives_Logo_Green.png","width":1768,"height":1768,"caption":"AAKnives"},"image":{"@id":"https:\/\/aaknives.eu\/et\/#\/schema\/logo\/image\/"},"sameAs":["https:\/\/www.facebook.com\/aaknives.eu\/","https:\/\/www.instagram.com\/aaknives\/","https:\/\/www.pinterest.com\/aa_knives\/","https:\/\/www.youtube.com\/channel\/UCHOQFjrOkgT6s4FIw9LDKyw\/featured"]}]}},"_links":{"self":[{"href":"https:\/\/aaknives.eu\/et\/wp-json\/wp\/v2\/product\/43901","targetHints":{"allow":["GET"]}}],"collection":[{"href":"https:\/\/aaknives.eu\/et\/wp-json\/wp\/v2\/product"}],"about":[{"href":"https:\/\/aaknives.eu\/et\/wp-json\/wp\/v2\/types\/product"}],"wp:featuredmedia":[{"embeddable":true,"href":"https:\/\/aaknives.eu\/et\/wp-json\/wp\/v2\/media\/43902"}],"wp:attachment":[{"href":"https:\/\/aaknives.eu\/et\/wp-json\/wp\/v2\/media?parent=43901"}],"wp:term":[{"taxonomy":"product_brand","embeddable":true,"href":"https:\/\/aaknives.eu\/et\/wp-json\/wp\/v2\/product_brand?post=43901"},{"taxonomy":"product_cat","embeddable":true,"href":"https:\/\/aaknives.eu\/et\/wp-json\/wp\/v2\/product_cat?post=43901"},{"taxonomy":"product_tag","embeddable":true,"href":"https:\/\/aaknives.eu\/et\/wp-json\/wp\/v2\/product_tag?post=43901"}],"curies":[{"name":"wp","href":"https:\/\/api.w.org\/{rel}","templated":true}]}}